{"id":1795,"date":"2016-03-11T13:07:50","date_gmt":"2016-03-11T18:07:50","guid":{"rendered":"http:\/\/www.zipwall.eu\/de\/?page_id=1795"},"modified":"2017-02-03T14:50:20","modified_gmt":"2017-02-03T19:50:20","slug":"36m-stangen","status":"publish","type":"page","link":"https:\/\/www.zipwall.eu\/de\/36m-stangen\/","title":{"rendered":"3,6m-Stangen"},"content":{"rendered":"<table class=\"prod\">\n<tbody>\n<tr>\n<td>&nbsp;<\/p>\n<figure id=\"attachment_2543\" aria-describedby=\"caption-attachment-2543\" style=\"width: 180px\" class=\"wp-caption alignnone\"><a href=\"https:\/\/www.zipwall.eu\/de\/product\/zipwall-12-doppelpack\/\"><img loading=\"lazy\" decoding=\"async\" class=\"wp-image-2543 size-thumbnail\" src=\"http:\/\/www.zipwall.eu\/wp-content\/uploads\/SLP2_RGB_Product-180x135.jpg\" width=\"180\" height=\"135\" \/><\/a><figcaption id=\"caption-attachment-2543\" class=\"wp-caption-text\"><span style=\"font-weight: normal; text-align: left;\">SLP2<\/span> <br \/> <a href=\"https:\/\/www.zipwall.eu\/de\/product\/zipwall-12-doppelpack\/\">ZipWall\u00ae 12, 2er-Pack<\/a><\/figcaption><\/figure>\n<p><p class=\"product woocommerce add_to_cart_inline \" style=\"border:4px solid #ccc; padding: 12px;\">\t<span id=\"woocommerce_loop_add_to_cart_link_describedby_51\" class=\"screen-reader-text\">\n\t\t\t<\/span>\n<\/p><\/td>\n<td>&nbsp;<\/p>\n<p>&nbsp;<\/p>\n<figure id=\"attachment_2624\" aria-describedby=\"caption-attachment-2624\" style=\"width: 180px\" class=\"wp-caption alignnone\"><a href=\"https:\/\/www.zipwall.eu\/de\/product\/zipwall-12-viererpack\/\"><img loading=\"lazy\" decoding=\"async\" class=\"wp-image-2624 size-thumbnail\" src=\"http:\/\/www.zipwall.eu\/wp-content\/uploads\/SLP4_RGB_Product-180x105.jpg\" alt=\"ZipWall 12 Viererpack\" width=\"180\" height=\"105\" \/><\/a><figcaption id=\"caption-attachment-2624\" class=\"wp-caption-text\"><span style=\"font-weight: normal; text-align: left;\">SLP4<\/span> <br \/> <a href=\"https:\/\/www.zipwall.eu\/de\/product\/zipwall-12-viererpack\/\">ZipWall\u00ae 12<\/a><a href=\"https:\/\/www.zipwall.eu\/de\/product\/zipwall-12-doppelpack\/\">, 4er-P<\/a><a href=\"https:\/\/www.zipwall.eu\/de\/product\/zipwall-12-viererpack\/\">ack<\/a><\/figcaption><\/figure>\n<p><p class=\"product woocommerce add_to_cart_inline \" style=\"border:4px solid #ccc; padding: 12px;\">\t<span id=\"woocommerce_loop_add_to_cart_link_describedby_53\" class=\"screen-reader-text\">\n\t\t\t<\/span>\n<\/p><\/td>\n<td>&nbsp;<\/p>\n<p>&nbsp;<\/p>\n<figure id=\"attachment_2627\" aria-describedby=\"caption-attachment-2627\" style=\"width: 180px\" class=\"wp-caption alignnone\"><a href=\"https:\/\/www.zipwall.eu\/de\/product\/zipwall-12-sechserpack\/\"><img loading=\"lazy\" decoding=\"async\" class=\"wp-image-2627 size-thumbnail\" src=\"http:\/\/www.zipwall.eu\/wp-content\/uploads\/SLP6_RGB_Product-180x78.jpg\" alt=\"ZipWall 12 Sechserpack\" width=\"180\" height=\"78\" \/><\/a><figcaption id=\"caption-attachment-2627\" class=\"wp-caption-text\"><span style=\"font-weight: normal; text-align: left;\">SLP6<\/span> <br \/> <a href=\"https:\/\/www.zipwall.eu\/de\/product\/zipwall-12-sechserpack\/\">ZipWall\u00ae 12<\/a><a href=\"https:\/\/www.zipwall.eu\/de\/product\/zipwall-12-doppelpack\/\">, 6er-P<\/a><a href=\"https:\/\/www.zipwall.eu\/de\/product\/zipwall-12-sechserpack\/\">ack<\/a><\/figcaption><\/figure>\n<p><p class=\"product woocommerce add_to_cart_inline \" style=\"border:4px solid #ccc; padding: 12px;\">\t<span id=\"woocommerce_loop_add_to_cart_link_describedby_54\" class=\"screen-reader-text\">\n\t\t\t<\/span>\n<\/p><\/td>\n<\/tr>\n<\/tbody>\n<\/table>\n<p><a href=\"https:\/\/www.zipwall.eu\/poles10\/\"><em>3m-Stangen<\/em><\/a> \u00a0\u00a0\u00a0 <a href=\"https:\/\/www.zipwall.eu\/poles20\/\"><em>6,1m-Stangen<\/em><\/a><\/p>\n<p>Diese Druckfederstangen, die durch Drehen fixiert werden, bestehen aus qualitativ hochwertigem, eloxiertem Aluminium. Sie sind stabiler und leichtg\u00e4ngiger als unsere 3m-Stangen. Diese Stangen sind perfekt geeignet f\u00fcr Bauunternehmer, die regelm\u00e4\u00dfig Staubschutzw\u00e4nde errichten. Hervorragend f\u00fcr den Bau und Umbau von Wohn- und Gesch\u00e4ftsr\u00e4umen geeignet.<\/p>\n<p><strong>Der ZipWall<sup>\u00ae<\/sup> 12, 2er-Pack<\/strong> enth\u00e4lt zwei 3,6m-Druckfederstangen\u00a0aus\u00a0Aluminium mit Zubeh\u00f6r (K\u00f6pfe, Platten und GripDisk\u2122 rutschfeste Unterlegscheiben). <em>Kunststoff-Folien sind nicht inbegriffen.<\/em><\/p>\n<p><strong>Der ZipWall<sup>\u00ae<\/sup> 12, 4er-Pack<\/strong>\u00a0enth\u00e4lt vier 3,6m-Druckfederstangen aus Aluminium mit Zubeh\u00f6r und eine ZipWall<sup>\u00ae<\/sup> Tragetasche. <em>Kunststoff-Folien sind nicht inbegriffen.<\/em><\/p>\n<p><strong>Der ZipWall<sup>\u00ae<\/sup> 12, 6er-Pack<\/strong>\u00a0enth\u00e4lt sechs 3,6m-Druckfederstangen\u00a0aus\u00a0Aluminium mit Zubeh\u00f6r. <em>Kunststoff-Folien sind nicht inbegriffen.<\/em><\/p>\n<ul class=\"specs\">\n<li>L\u00e4nge zwischen 1,39m und 3,6m einstellbar<\/li>\n<li>Jede Stange wiegt nur 0,9kg<\/li>\n<li>Stabile Aluminiumkonstruktion<\/li>\n<li>GripDisks\u2122 verhindern Verrutschen auf glatten Fu\u00dfb\u00f6den<\/li>\n<li>Funktioniert bei positivem und negativem Luftdruck<\/li>\n<li>Perfekt geeignet f\u00fcr die Renovierung\u00a0im Gewerbe- und Wohnbereich<\/li>\n<\/ul>\n","protected":false},"excerpt":{"rendered":"<p>&nbsp; &nbsp; &nbsp; &nbsp; &nbsp; 3m-Stangen \u00a0\u00a0\u00a0 6,1m-Stangen Diese Druckfederstangen, die durch Drehen fixiert werden, bestehen aus qualitativ hochwertigem, eloxiertem Aluminium. Sie sind stabiler und leichtg\u00e4ngiger als unsere 3m-Stangen. Diese Stangen sind perfekt geeignet f\u00fcr Bauunternehmer, die regelm\u00e4\u00dfig Staubschutzw\u00e4nde errichten. Hervorragend f\u00fcr den Bau und Umbau von Wohn- und Gesch\u00e4ftsr\u00e4umen geeignet. Der ZipWall\u00ae 12, 2er-Pack &hellip; <a href=\"https:\/\/www.zipwall.eu\/de\/36m-stangen\/\" class=\"more-link\"><span class=\"screen-reader-text\">3,6m-Stangen<\/span> weiterlesen <span class=\"meta-nav\">&rarr;<\/span><\/a><\/p>\n","protected":false},"author":2,"featured_media":0,"parent":0,"menu_order":0,"comment_status":"closed","ping_status":"closed","template":"","meta":{"footnotes":""},"class_list":["post-1795","page","type-page","status-publish","hentry"],"yoast_head":"<!-- This site is optimized with the Yoast SEO plugin v27.3 - https:\/\/yoast.com\/product\/yoast-seo-wordpress\/ -->\n<title>3,6m-Stangen - ZipWall<\/title>\n<meta name=\"robots\" content=\"index, follow, max-snippet:-1, max-image-preview:large, max-video-preview:-1\" \/>\n<link rel=\"canonical\" href=\"https:\/\/www.zipwall.eu\/de\/36m-stangen\/\" \/>\n<meta property=\"og:locale\" content=\"de_DE\" \/>\n<meta property=\"og:type\" content=\"article\" \/>\n<meta property=\"og:title\" content=\"3,6m-Stangen - ZipWall\" \/>\n<meta property=\"og:description\" content=\"&nbsp; &nbsp; &nbsp; &nbsp; &nbsp; 3m-Stangen \u00a0\u00a0\u00a0 6,1m-Stangen Diese Druckfederstangen, die durch Drehen fixiert werden, bestehen aus qualitativ hochwertigem, eloxiertem Aluminium. Sie sind stabiler und leichtg\u00e4ngiger als unsere 3m-Stangen. Diese Stangen sind perfekt geeignet f\u00fcr Bauunternehmer, die regelm\u00e4\u00dfig Staubschutzw\u00e4nde errichten. Hervorragend f\u00fcr den Bau und Umbau von Wohn- und Gesch\u00e4ftsr\u00e4umen geeignet. Der ZipWall\u00ae 12, 2er-Pack &hellip; 3,6m-Stangen weiterlesen &rarr;\" \/>\n<meta property=\"og:url\" content=\"https:\/\/www.zipwall.eu\/de\/36m-stangen\/\" \/>\n<meta property=\"og:site_name\" content=\"ZipWall\" \/>\n<meta property=\"article:publisher\" content=\"https:\/\/www.facebook.com\/ZipWall-121135931283666\/\" \/>\n<meta property=\"article:modified_time\" content=\"2017-02-03T19:50:20+00:00\" \/>\n<meta property=\"og:image\" content=\"http:\/\/www.zipwall.eu\/wp-content\/uploads\/SLP2_RGB_Product-180x135.jpg\" \/>\n<meta name=\"twitter:card\" content=\"summary_large_image\" \/>\n<meta name=\"twitter:site\" content=\"@ZipWall\" \/>\n<meta name=\"twitter:label1\" content=\"Gesch\u00e4tzte Lesezeit\" \/>\n\t<meta name=\"twitter:data1\" content=\"1 Minute\" \/>\n<script type=\"application\/ld+json\" class=\"yoast-schema-graph\">{\"@context\":\"https:\\\/\\\/schema.org\",\"@graph\":[{\"@type\":\"WebPage\",\"@id\":\"https:\\\/\\\/www.zipwall.eu\\\/de\\\/36m-stangen\\\/\",\"url\":\"https:\\\/\\\/www.zipwall.eu\\\/de\\\/36m-stangen\\\/\",\"name\":\"3,6m-Stangen - ZipWall\",\"isPartOf\":{\"@id\":\"https:\\\/\\\/www.zipwall.eu\\\/#website\"},\"primaryImageOfPage\":{\"@id\":\"https:\\\/\\\/www.zipwall.eu\\\/de\\\/36m-stangen\\\/#primaryimage\"},\"image\":{\"@id\":\"https:\\\/\\\/www.zipwall.eu\\\/de\\\/36m-stangen\\\/#primaryimage\"},\"thumbnailUrl\":\"http:\\\/\\\/www.zipwall.eu\\\/wp-content\\\/uploads\\\/SLP2_RGB_Product-180x135.jpg\",\"datePublished\":\"2016-03-11T18:07:50+00:00\",\"dateModified\":\"2017-02-03T19:50:20+00:00\",\"breadcrumb\":{\"@id\":\"https:\\\/\\\/www.zipwall.eu\\\/de\\\/36m-stangen\\\/#breadcrumb\"},\"inLanguage\":\"de-DE\",\"potentialAction\":[{\"@type\":\"ReadAction\",\"target\":[\"https:\\\/\\\/www.zipwall.eu\\\/de\\\/36m-stangen\\\/\"]}]},{\"@type\":\"ImageObject\",\"inLanguage\":\"de-DE\",\"@id\":\"https:\\\/\\\/www.zipwall.eu\\\/de\\\/36m-stangen\\\/#primaryimage\",\"url\":\"http:\\\/\\\/www.zipwall.eu\\\/wp-content\\\/uploads\\\/SLP2_RGB_Product-180x135.jpg\",\"contentUrl\":\"http:\\\/\\\/www.zipwall.eu\\\/wp-content\\\/uploads\\\/SLP2_RGB_Product-180x135.jpg\"},{\"@type\":\"BreadcrumbList\",\"@id\":\"https:\\\/\\\/www.zipwall.eu\\\/de\\\/36m-stangen\\\/#breadcrumb\",\"itemListElement\":[{\"@type\":\"ListItem\",\"position\":1,\"name\":\"Home\",\"item\":\"https:\\\/\\\/www.zipwall.eu\\\/de\\\/\"},{\"@type\":\"ListItem\",\"position\":2,\"name\":\"3,6m-Stangen\"}]},{\"@type\":\"WebSite\",\"@id\":\"https:\\\/\\\/www.zipwall.eu\\\/#website\",\"url\":\"https:\\\/\\\/www.zipwall.eu\\\/\",\"name\":\"ZipWall\",\"description\":\"Dust Barrier System\",\"potentialAction\":[{\"@type\":\"SearchAction\",\"target\":{\"@type\":\"EntryPoint\",\"urlTemplate\":\"https:\\\/\\\/www.zipwall.eu\\\/?s={search_term_string}\"},\"query-input\":{\"@type\":\"PropertyValueSpecification\",\"valueRequired\":true,\"valueName\":\"search_term_string\"}}],\"inLanguage\":\"de-DE\"}]}<\/script>\n<!-- \/ Yoast SEO plugin. -->","yoast_head_json":{"title":"3,6m-Stangen - ZipWall","robots":{"index":"index","follow":"follow","max-snippet":"max-snippet:-1","max-image-preview":"max-image-preview:large","max-video-preview":"max-video-preview:-1"},"canonical":"https:\/\/www.zipwall.eu\/de\/36m-stangen\/","og_locale":"de_DE","og_type":"article","og_title":"3,6m-Stangen - ZipWall","og_description":"&nbsp; &nbsp; &nbsp; &nbsp; &nbsp; 3m-Stangen \u00a0\u00a0\u00a0 6,1m-Stangen Diese Druckfederstangen, die durch Drehen fixiert werden, bestehen aus qualitativ hochwertigem, eloxiertem Aluminium. Sie sind stabiler und leichtg\u00e4ngiger als unsere 3m-Stangen. Diese Stangen sind perfekt geeignet f\u00fcr Bauunternehmer, die regelm\u00e4\u00dfig Staubschutzw\u00e4nde errichten. Hervorragend f\u00fcr den Bau und Umbau von Wohn- und Gesch\u00e4ftsr\u00e4umen geeignet. Der ZipWall\u00ae 12, 2er-Pack &hellip; 3,6m-Stangen weiterlesen &rarr;","og_url":"https:\/\/www.zipwall.eu\/de\/36m-stangen\/","og_site_name":"ZipWall","article_publisher":"https:\/\/www.facebook.com\/ZipWall-121135931283666\/","article_modified_time":"2017-02-03T19:50:20+00:00","og_image":[{"url":"http:\/\/www.zipwall.eu\/wp-content\/uploads\/SLP2_RGB_Product-180x135.jpg","type":"","width":"","height":""}],"twitter_card":"summary_large_image","twitter_site":"@ZipWall","twitter_misc":{"Gesch\u00e4tzte Lesezeit":"1 Minute"},"schema":{"@context":"https:\/\/schema.org","@graph":[{"@type":"WebPage","@id":"https:\/\/www.zipwall.eu\/de\/36m-stangen\/","url":"https:\/\/www.zipwall.eu\/de\/36m-stangen\/","name":"3,6m-Stangen - ZipWall","isPartOf":{"@id":"https:\/\/www.zipwall.eu\/#website"},"primaryImageOfPage":{"@id":"https:\/\/www.zipwall.eu\/de\/36m-stangen\/#primaryimage"},"image":{"@id":"https:\/\/www.zipwall.eu\/de\/36m-stangen\/#primaryimage"},"thumbnailUrl":"http:\/\/www.zipwall.eu\/wp-content\/uploads\/SLP2_RGB_Product-180x135.jpg","datePublished":"2016-03-11T18:07:50+00:00","dateModified":"2017-02-03T19:50:20+00:00","breadcrumb":{"@id":"https:\/\/www.zipwall.eu\/de\/36m-stangen\/#breadcrumb"},"inLanguage":"de-DE","potentialAction":[{"@type":"ReadAction","target":["https:\/\/www.zipwall.eu\/de\/36m-stangen\/"]}]},{"@type":"ImageObject","inLanguage":"de-DE","@id":"https:\/\/www.zipwall.eu\/de\/36m-stangen\/#primaryimage","url":"http:\/\/www.zipwall.eu\/wp-content\/uploads\/SLP2_RGB_Product-180x135.jpg","contentUrl":"http:\/\/www.zipwall.eu\/wp-content\/uploads\/SLP2_RGB_Product-180x135.jpg"},{"@type":"BreadcrumbList","@id":"https:\/\/www.zipwall.eu\/de\/36m-stangen\/#breadcrumb","itemListElement":[{"@type":"ListItem","position":1,"name":"Home","item":"https:\/\/www.zipwall.eu\/de\/"},{"@type":"ListItem","position":2,"name":"3,6m-Stangen"}]},{"@type":"WebSite","@id":"https:\/\/www.zipwall.eu\/#website","url":"https:\/\/www.zipwall.eu\/","name":"ZipWall","description":"Dust Barrier System","potentialAction":[{"@type":"SearchAction","target":{"@type":"EntryPoint","urlTemplate":"https:\/\/www.zipwall.eu\/?s={search_term_string}"},"query-input":{"@type":"PropertyValueSpecification","valueRequired":true,"valueName":"search_term_string"}}],"inLanguage":"de-DE"}]}},"_links":{"self":[{"href":"https:\/\/www.zipwall.eu\/de\/wp-json\/wp\/v2\/pages\/1795","targetHints":{"allow":["GET"]}}],"collection":[{"href":"https:\/\/www.zipwall.eu\/de\/wp-json\/wp\/v2\/pages"}],"about":[{"href":"https:\/\/www.zipwall.eu\/de\/wp-json\/wp\/v2\/types\/page"}],"author":[{"embeddable":true,"href":"https:\/\/www.zipwall.eu\/de\/wp-json\/wp\/v2\/users\/2"}],"replies":[{"embeddable":true,"href":"https:\/\/www.zipwall.eu\/de\/wp-json\/wp\/v2\/comments?post=1795"}],"version-history":[{"count":0,"href":"https:\/\/www.zipwall.eu\/de\/wp-json\/wp\/v2\/pages\/1795\/revisions"}],"wp:attachment":[{"href":"https:\/\/www.zipwall.eu\/de\/wp-json\/wp\/v2\/media?parent=1795"}],"curies":[{"name":"wp","href":"https:\/\/api.w.org\/{rel}","templated":true}]}}