{"id":1797,"date":"2016-03-11T13:09:16","date_gmt":"2016-03-11T18:09:16","guid":{"rendered":"http:\/\/www.zipwall.eu\/de\/?page_id=1797"},"modified":"2017-02-03T15:04:42","modified_gmt":"2017-02-03T20:04:42","slug":"30m-stangen","status":"publish","type":"page","link":"https:\/\/www.zipwall.eu\/de\/30m-stangen\/","title":{"rendered":"3m-Stangen"},"content":{"rendered":"<table class=\"prod\">\n<tbody>\n<tr>\n<td>\n<figure id=\"attachment_408\" aria-describedby=\"caption-attachment-408\" style=\"width: 180px\" class=\"wp-caption alignnone\"><a href=\"https:\/\/www.zipwall.eu\/de\/product\/zipwall-10-doppelpack\/\"><img loading=\"lazy\" decoding=\"async\" class=\"wp-image-408 size-thumbnail\" src=\"http:\/\/www.zipwall.eu\/wp-content\/uploads\/ZP2_RGB_Product-180x100.jpg\" alt=\"ZipWall 10 Doppelpack\" width=\"180\" height=\"100\" \/><\/a><figcaption id=\"caption-attachment-408\" class=\"wp-caption-text\"><span style=\"font-weight: normal; text-align: left;\">ZP2<\/span> <br \/> ZipWall\u00ae 10,\u00a02er-Pack<\/figcaption><\/figure>\n<p><p class=\"product woocommerce add_to_cart_inline \" style=\"border:4px solid #ccc; padding: 12px;\">\t<span id=\"woocommerce_loop_add_to_cart_link_describedby_49\" class=\"screen-reader-text\">\n\t\t\t<\/span>\n<\/p><\/td>\n<td>\n<figure id=\"attachment_85\" aria-describedby=\"caption-attachment-85\" style=\"width: 180px\" class=\"wp-caption alignnone\"><a href=\"https:\/\/www.zipwall.eu\/de\/product\/zipwall-10-doppelpack-2\/\"><img loading=\"lazy\" decoding=\"async\" class=\"wp-image-85 size-thumbnail\" src=\"http:\/\/www.zipwall.eu\/wp-content\/uploads\/ZP4_RGB_Product-180x108.jpg\" alt=\"ZipWall 10 Viererpack\" width=\"180\" height=\"108\" \/><\/a><figcaption id=\"caption-attachment-85\" class=\"wp-caption-text\"><span style=\"font-weight: normal; text-align: left;\">ZP4<\/span> <br \/> ZipWall\u00ae 10, 4er-Pack<\/figcaption><\/figure>\n<p><p class=\"product woocommerce add_to_cart_inline \" style=\"border:4px solid #ccc; padding: 12px;\">\t<span id=\"woocommerce_loop_add_to_cart_link_describedby_50\" class=\"screen-reader-text\">\n\t\t\t<\/span>\n<\/p><\/td>\n<\/tr>\n<\/tbody>\n<\/table>\n<p><a href=\"https:\/\/www.zipwall.eu\/poles12\/\"><em>3,6m-Stangen<\/em><\/a> \u00a0\u00a0\u00a0 <a href=\"https:\/\/www.zipwall.eu\/poles20\/\"><em>6,1m-Stangen<\/em><\/a><\/p>\n<p>Diese Druckfederstangen aus Edelstahl werden durch Drehen fixiert. Sie eignen sich hervorragend f\u00fcr Renovierungs- und Reparaturarbeiten in\u00a0Wohnh\u00e4usern. Sowohl Bauunternehmer als auch Hausbesitzer, die selbst Hand anlegen, werden dieses Produkt sehr n\u00fctzlich finden, da es den Rest des Hauses vor Staub sch\u00fctzt.<\/p>\n<p><strong>Der ZipWall<sup>\u00ae<\/sup> 10, 2er-Pack<\/strong>\u00a0enth\u00e4lt zwei 3m-Druckfederstangen aus Edelstahl mit Zubeh\u00f6r (K\u00f6pfe, Platten und GripDisk\u2122 rutschfeste Unterlegscheiben). <em>Kunststoff-Folien sind nicht\u00a0inbegriffen.<\/em><\/p>\n<p><strong>Der ZipWall<sup>\u00ae<\/sup> 10, 4er-Pack<\/strong> enth\u00e4lt vier 3m-Druckfederstangen aus Edelstahl mit Zubeh\u00f6r, zwei Standard-Rei\u00dfverschl\u00fcsse und eine ZipWall<sup>\u00ae<\/sup> 10 Tragetasche. <em>Kunststoff-Folien sind nicht inbegriffen.<\/em><\/p>\n<ul class=\"specs\">\n<li>L\u00e4nge zwischen 1,27m und 3,12m einstellbar<\/li>\n<li>Jede Stange wiegt nur 0,68kg<\/li>\n<li>Stabile Edelstahlkonstruktion<\/li>\n<li>GripDisks\u2122 verhindern Verrutschen auf glatten B\u00f6den<\/li>\n<li>Funktioniert bei positivem und negativem Luftdruck<\/li>\n<li>Perfekt geeignet f\u00fcr die Renovierung im Gewerbe- und Wohnbereich<\/li>\n<\/ul>\n","protected":false},"excerpt":{"rendered":"<p>3,6m-Stangen \u00a0\u00a0\u00a0 6,1m-Stangen Diese Druckfederstangen aus Edelstahl werden durch Drehen fixiert. Sie eignen sich hervorragend f\u00fcr Renovierungs- und Reparaturarbeiten in\u00a0Wohnh\u00e4usern. Sowohl Bauunternehmer als auch Hausbesitzer, die selbst Hand anlegen, werden dieses Produkt sehr n\u00fctzlich finden, da es den Rest des Hauses vor Staub sch\u00fctzt. Der ZipWall\u00ae 10, 2er-Pack\u00a0enth\u00e4lt zwei 3m-Druckfederstangen aus Edelstahl mit Zubeh\u00f6r (K\u00f6pfe, &hellip; <a href=\"https:\/\/www.zipwall.eu\/de\/30m-stangen\/\" class=\"more-link\"><span class=\"screen-reader-text\">3m-Stangen<\/span> weiterlesen <span class=\"meta-nav\">&rarr;<\/span><\/a><\/p>\n","protected":false},"author":2,"featured_media":0,"parent":0,"menu_order":0,"comment_status":"closed","ping_status":"closed","template":"","meta":{"footnotes":""},"class_list":["post-1797","page","type-page","status-publish","hentry"],"yoast_head":"<!-- This site is optimized with the Yoast SEO plugin v27.3 - https:\/\/yoast.com\/product\/yoast-seo-wordpress\/ -->\n<title>3m-Stangen - ZipWall<\/title>\n<meta name=\"robots\" content=\"index, follow, max-snippet:-1, max-image-preview:large, max-video-preview:-1\" \/>\n<link rel=\"canonical\" href=\"https:\/\/www.zipwall.eu\/de\/30m-stangen\/\" \/>\n<meta property=\"og:locale\" content=\"de_DE\" \/>\n<meta property=\"og:type\" content=\"article\" \/>\n<meta property=\"og:title\" content=\"3m-Stangen - ZipWall\" \/>\n<meta property=\"og:description\" content=\"3,6m-Stangen \u00a0\u00a0\u00a0 6,1m-Stangen Diese Druckfederstangen aus Edelstahl werden durch Drehen fixiert. Sie eignen sich hervorragend f\u00fcr Renovierungs- und Reparaturarbeiten in\u00a0Wohnh\u00e4usern. Sowohl Bauunternehmer als auch Hausbesitzer, die selbst Hand anlegen, werden dieses Produkt sehr n\u00fctzlich finden, da es den Rest des Hauses vor Staub sch\u00fctzt. Der ZipWall\u00ae 10, 2er-Pack\u00a0enth\u00e4lt zwei 3m-Druckfederstangen aus Edelstahl mit Zubeh\u00f6r (K\u00f6pfe, &hellip; 3m-Stangen weiterlesen &rarr;\" \/>\n<meta property=\"og:url\" content=\"https:\/\/www.zipwall.eu\/de\/30m-stangen\/\" \/>\n<meta property=\"og:site_name\" content=\"ZipWall\" \/>\n<meta property=\"article:publisher\" content=\"https:\/\/www.facebook.com\/ZipWall-121135931283666\/\" \/>\n<meta property=\"article:modified_time\" content=\"2017-02-03T20:04:42+00:00\" \/>\n<meta property=\"og:image\" content=\"http:\/\/www.zipwall.eu\/wp-content\/uploads\/ZP2_RGB_Product-180x100.jpg\" \/>\n<meta name=\"twitter:card\" content=\"summary_large_image\" \/>\n<meta name=\"twitter:site\" content=\"@ZipWall\" \/>\n<meta name=\"twitter:label1\" content=\"Gesch\u00e4tzte Lesezeit\" \/>\n\t<meta name=\"twitter:data1\" content=\"1 Minute\" \/>\n<script type=\"application\/ld+json\" class=\"yoast-schema-graph\">{\"@context\":\"https:\\\/\\\/schema.org\",\"@graph\":[{\"@type\":\"WebPage\",\"@id\":\"https:\\\/\\\/www.zipwall.eu\\\/de\\\/30m-stangen\\\/\",\"url\":\"https:\\\/\\\/www.zipwall.eu\\\/de\\\/30m-stangen\\\/\",\"name\":\"3m-Stangen - ZipWall\",\"isPartOf\":{\"@id\":\"https:\\\/\\\/www.zipwall.eu\\\/#website\"},\"primaryImageOfPage\":{\"@id\":\"https:\\\/\\\/www.zipwall.eu\\\/de\\\/30m-stangen\\\/#primaryimage\"},\"image\":{\"@id\":\"https:\\\/\\\/www.zipwall.eu\\\/de\\\/30m-stangen\\\/#primaryimage\"},\"thumbnailUrl\":\"http:\\\/\\\/www.zipwall.eu\\\/wp-content\\\/uploads\\\/ZP2_RGB_Product-180x100.jpg\",\"datePublished\":\"2016-03-11T18:09:16+00:00\",\"dateModified\":\"2017-02-03T20:04:42+00:00\",\"breadcrumb\":{\"@id\":\"https:\\\/\\\/www.zipwall.eu\\\/de\\\/30m-stangen\\\/#breadcrumb\"},\"inLanguage\":\"de-DE\",\"potentialAction\":[{\"@type\":\"ReadAction\",\"target\":[\"https:\\\/\\\/www.zipwall.eu\\\/de\\\/30m-stangen\\\/\"]}]},{\"@type\":\"ImageObject\",\"inLanguage\":\"de-DE\",\"@id\":\"https:\\\/\\\/www.zipwall.eu\\\/de\\\/30m-stangen\\\/#primaryimage\",\"url\":\"http:\\\/\\\/www.zipwall.eu\\\/wp-content\\\/uploads\\\/ZP2_RGB_Product-180x100.jpg\",\"contentUrl\":\"http:\\\/\\\/www.zipwall.eu\\\/wp-content\\\/uploads\\\/ZP2_RGB_Product-180x100.jpg\"},{\"@type\":\"BreadcrumbList\",\"@id\":\"https:\\\/\\\/www.zipwall.eu\\\/de\\\/30m-stangen\\\/#breadcrumb\",\"itemListElement\":[{\"@type\":\"ListItem\",\"position\":1,\"name\":\"Home\",\"item\":\"https:\\\/\\\/www.zipwall.eu\\\/de\\\/\"},{\"@type\":\"ListItem\",\"position\":2,\"name\":\"3m-Stangen\"}]},{\"@type\":\"WebSite\",\"@id\":\"https:\\\/\\\/www.zipwall.eu\\\/#website\",\"url\":\"https:\\\/\\\/www.zipwall.eu\\\/\",\"name\":\"ZipWall\",\"description\":\"Dust Barrier System\",\"potentialAction\":[{\"@type\":\"SearchAction\",\"target\":{\"@type\":\"EntryPoint\",\"urlTemplate\":\"https:\\\/\\\/www.zipwall.eu\\\/?s={search_term_string}\"},\"query-input\":{\"@type\":\"PropertyValueSpecification\",\"valueRequired\":true,\"valueName\":\"search_term_string\"}}],\"inLanguage\":\"de-DE\"}]}<\/script>\n<!-- \/ Yoast SEO plugin. -->","yoast_head_json":{"title":"3m-Stangen - ZipWall","robots":{"index":"index","follow":"follow","max-snippet":"max-snippet:-1","max-image-preview":"max-image-preview:large","max-video-preview":"max-video-preview:-1"},"canonical":"https:\/\/www.zipwall.eu\/de\/30m-stangen\/","og_locale":"de_DE","og_type":"article","og_title":"3m-Stangen - ZipWall","og_description":"3,6m-Stangen \u00a0\u00a0\u00a0 6,1m-Stangen Diese Druckfederstangen aus Edelstahl werden durch Drehen fixiert. Sie eignen sich hervorragend f\u00fcr Renovierungs- und Reparaturarbeiten in\u00a0Wohnh\u00e4usern. Sowohl Bauunternehmer als auch Hausbesitzer, die selbst Hand anlegen, werden dieses Produkt sehr n\u00fctzlich finden, da es den Rest des Hauses vor Staub sch\u00fctzt. Der ZipWall\u00ae 10, 2er-Pack\u00a0enth\u00e4lt zwei 3m-Druckfederstangen aus Edelstahl mit Zubeh\u00f6r (K\u00f6pfe, &hellip; 3m-Stangen weiterlesen &rarr;","og_url":"https:\/\/www.zipwall.eu\/de\/30m-stangen\/","og_site_name":"ZipWall","article_publisher":"https:\/\/www.facebook.com\/ZipWall-121135931283666\/","article_modified_time":"2017-02-03T20:04:42+00:00","og_image":[{"url":"http:\/\/www.zipwall.eu\/wp-content\/uploads\/ZP2_RGB_Product-180x100.jpg","type":"","width":"","height":""}],"twitter_card":"summary_large_image","twitter_site":"@ZipWall","twitter_misc":{"Gesch\u00e4tzte Lesezeit":"1 Minute"},"schema":{"@context":"https:\/\/schema.org","@graph":[{"@type":"WebPage","@id":"https:\/\/www.zipwall.eu\/de\/30m-stangen\/","url":"https:\/\/www.zipwall.eu\/de\/30m-stangen\/","name":"3m-Stangen - ZipWall","isPartOf":{"@id":"https:\/\/www.zipwall.eu\/#website"},"primaryImageOfPage":{"@id":"https:\/\/www.zipwall.eu\/de\/30m-stangen\/#primaryimage"},"image":{"@id":"https:\/\/www.zipwall.eu\/de\/30m-stangen\/#primaryimage"},"thumbnailUrl":"http:\/\/www.zipwall.eu\/wp-content\/uploads\/ZP2_RGB_Product-180x100.jpg","datePublished":"2016-03-11T18:09:16+00:00","dateModified":"2017-02-03T20:04:42+00:00","breadcrumb":{"@id":"https:\/\/www.zipwall.eu\/de\/30m-stangen\/#breadcrumb"},"inLanguage":"de-DE","potentialAction":[{"@type":"ReadAction","target":["https:\/\/www.zipwall.eu\/de\/30m-stangen\/"]}]},{"@type":"ImageObject","inLanguage":"de-DE","@id":"https:\/\/www.zipwall.eu\/de\/30m-stangen\/#primaryimage","url":"http:\/\/www.zipwall.eu\/wp-content\/uploads\/ZP2_RGB_Product-180x100.jpg","contentUrl":"http:\/\/www.zipwall.eu\/wp-content\/uploads\/ZP2_RGB_Product-180x100.jpg"},{"@type":"BreadcrumbList","@id":"https:\/\/www.zipwall.eu\/de\/30m-stangen\/#breadcrumb","itemListElement":[{"@type":"ListItem","position":1,"name":"Home","item":"https:\/\/www.zipwall.eu\/de\/"},{"@type":"ListItem","position":2,"name":"3m-Stangen"}]},{"@type":"WebSite","@id":"https:\/\/www.zipwall.eu\/#website","url":"https:\/\/www.zipwall.eu\/","name":"ZipWall","description":"Dust Barrier System","potentialAction":[{"@type":"SearchAction","target":{"@type":"EntryPoint","urlTemplate":"https:\/\/www.zipwall.eu\/?s={search_term_string}"},"query-input":{"@type":"PropertyValueSpecification","valueRequired":true,"valueName":"search_term_string"}}],"inLanguage":"de-DE"}]}},"_links":{"self":[{"href":"https:\/\/www.zipwall.eu\/de\/wp-json\/wp\/v2\/pages\/1797","targetHints":{"allow":["GET"]}}],"collection":[{"href":"https:\/\/www.zipwall.eu\/de\/wp-json\/wp\/v2\/pages"}],"about":[{"href":"https:\/\/www.zipwall.eu\/de\/wp-json\/wp\/v2\/types\/page"}],"author":[{"embeddable":true,"href":"https:\/\/www.zipwall.eu\/de\/wp-json\/wp\/v2\/users\/2"}],"replies":[{"embeddable":true,"href":"https:\/\/www.zipwall.eu\/de\/wp-json\/wp\/v2\/comments?post=1797"}],"version-history":[{"count":0,"href":"https:\/\/www.zipwall.eu\/de\/wp-json\/wp\/v2\/pages\/1797\/revisions"}],"wp:attachment":[{"href":"https:\/\/www.zipwall.eu\/de\/wp-json\/wp\/v2\/media?parent=1797"}],"curies":[{"name":"wp","href":"https:\/\/api.w.org\/{rel}","templated":true}]}}