{"id":1799,"date":"2016-03-11T13:10:34","date_gmt":"2016-03-11T18:10:34","guid":{"rendered":"http:\/\/www.zipwall.eu\/de\/?page_id=1799"},"modified":"2018-07-30T14:28:32","modified_gmt":"2018-07-30T18:28:32","slug":"61m-stangen","status":"publish","type":"page","link":"https:\/\/www.zipwall.eu\/de\/61m-stangen\/","title":{"rendered":"6,1m-Stangen"},"content":{"rendered":"<figure id=\"attachment_2634\" aria-describedby=\"caption-attachment-2634\" style=\"width: 180px\" class=\"wp-caption alignnone\"><a href=\"https:\/\/www.zipwall.eu\/de\/product\/zipwall-20-doppelpack\/\"><img loading=\"lazy\" decoding=\"async\" class=\"wp-image-2634 size-thumbnail\" src=\"http:\/\/www.zipwall.eu\/wp-content\/uploads\/KT20_RGB_Product-180x116.jpg\" alt=\"ZipWalll 20 Doppelpack\" width=\"180\" height=\"116\" \/><\/a><figcaption id=\"caption-attachment-2634\" class=\"wp-caption-text\"><span style=\"font-weight: normal; text-align: left;\">KT20<\/span> <br \/> <a href=\"https:\/\/www.zipwall.eu\/de\/product\/zipwall-20-doppelpack\/\">ZipWall\u00ae 20, 2er-Pack<\/a><\/figcaption><\/figure>\n<p class=\"product woocommerce add_to_cart_inline \" style=\"border:4px solid #ccc; padding: 12px;\">\t<span id=\"woocommerce_loop_add_to_cart_link_describedby_1787\" class=\"screen-reader-text\">\n\t\t\t<\/span>\n<\/p>\n<a href=\"https:\/\/www.youtube.com\/embed\/QgqRwGYUVRI?rel=0\" class=\"popup\" data-width=\"600\" data-height=\"400\" data-scrollbars=\"1\" alt=\"popup\"><img decoding=\"async\" src=\"\/wp-content\/uploads\/howdiw-de-video.png\" \/><\/a>\n<p style=\"margin-top: 12px;\"><a href=\"https:\/\/www.zipwall.eu\/poles10\/\"><em>3m-Stangen<\/em><\/a> \u00a0\u00a0\u00a0 <a href=\"https:\/\/www.zipwall.eu\/poles12\/\"><em>3,6m-Stangen<\/em><\/a><\/p>\n<p>Diese 6,1m langen Stangen bestehen aus qualitativ hochwertigem, eloxiertem Aluminium und bieten Ihnen maximale\u00a0Flexibilit\u00e4t. Sie sind hervorragend f\u00fcr hohe Decken geeignet, k\u00f6nnen aber bis auf 1,57m verk\u00fcrzt werden und sind somit auch f\u00fcr niedrigere Decken bestens geeignet.<\/p>\n<p><strong>Der ZipWall\u00ae 20, 2er-Pack<\/strong>\u00a0enth\u00e4lt zwei 6,1m-Druckfederstangen\u00a0aus\u00a0Aluminium mit Zubeh\u00f6r (K\u00f6pfe, Platten und GripDisk\u2122 rutschfeste Unterlegscheiben)<em>.\u00a0Kunststoff-Folien sind nicht inbegriffen<\/em>.<\/p>\n<ul class=\"specs\">\n<li>L\u00e4nge zwischen 1,57m und\u00a06,1m einstellbar<\/li>\n<li>Jede Stange wiegt nur 1,47kg<\/li>\n<li>Stabile Aluminiumkonstruktion<\/li>\n<li>GripDisks\u2122 verhindern Verrutschen auf glatten B\u00f6den<\/li>\n<li>Funktioniert bei positivem und negativem Luftdruck<\/li>\n<li>Perfekt geeignet f\u00fcr die Renovierung im Gewerbe- und Wohnbereich<\/li>\n<\/ul>\n","protected":false},"excerpt":{"rendered":"<p>3m-Stangen \u00a0\u00a0\u00a0 3,6m-Stangen Diese 6,1m langen Stangen bestehen aus qualitativ hochwertigem, eloxiertem Aluminium und bieten Ihnen maximale\u00a0Flexibilit\u00e4t. Sie sind hervorragend f\u00fcr hohe Decken geeignet, k\u00f6nnen aber bis auf 1,57m verk\u00fcrzt werden und sind somit auch f\u00fcr niedrigere Decken bestens geeignet. Der ZipWall\u00ae 20, 2er-Pack\u00a0enth\u00e4lt zwei 6,1m-Druckfederstangen\u00a0aus\u00a0Aluminium mit Zubeh\u00f6r (K\u00f6pfe, Platten und GripDisk\u2122 rutschfeste Unterlegscheiben).\u00a0Kunststoff-Folien sind &hellip; <a href=\"https:\/\/www.zipwall.eu\/de\/61m-stangen\/\" class=\"more-link\"><span class=\"screen-reader-text\">6,1m-Stangen<\/span> weiterlesen <span class=\"meta-nav\">&rarr;<\/span><\/a><\/p>\n","protected":false},"author":2,"featured_media":0,"parent":0,"menu_order":0,"comment_status":"closed","ping_status":"closed","template":"","meta":{"footnotes":""},"class_list":["post-1799","page","type-page","status-publish","hentry"],"yoast_head":"<!-- This site is optimized with the Yoast SEO plugin v27.4 - https:\/\/yoast.com\/product\/yoast-seo-wordpress\/ -->\n<title>6,1m-Stangen - ZipWall<\/title>\n<meta name=\"robots\" content=\"index, follow, max-snippet:-1, max-image-preview:large, max-video-preview:-1\" \/>\n<link rel=\"canonical\" href=\"https:\/\/www.zipwall.eu\/de\/61m-stangen\/\" \/>\n<meta property=\"og:locale\" content=\"de_DE\" \/>\n<meta property=\"og:type\" content=\"article\" \/>\n<meta property=\"og:title\" content=\"6,1m-Stangen - ZipWall\" \/>\n<meta property=\"og:description\" content=\"3m-Stangen \u00a0\u00a0\u00a0 3,6m-Stangen Diese 6,1m langen Stangen bestehen aus qualitativ hochwertigem, eloxiertem Aluminium und bieten Ihnen maximale\u00a0Flexibilit\u00e4t. Sie sind hervorragend f\u00fcr hohe Decken geeignet, k\u00f6nnen aber bis auf 1,57m verk\u00fcrzt werden und sind somit auch f\u00fcr niedrigere Decken bestens geeignet. Der ZipWall\u00ae 20, 2er-Pack\u00a0enth\u00e4lt zwei 6,1m-Druckfederstangen\u00a0aus\u00a0Aluminium mit Zubeh\u00f6r (K\u00f6pfe, Platten und GripDisk\u2122 rutschfeste Unterlegscheiben).\u00a0Kunststoff-Folien sind &hellip; 6,1m-Stangen weiterlesen &rarr;\" \/>\n<meta property=\"og:url\" content=\"https:\/\/www.zipwall.eu\/de\/61m-stangen\/\" \/>\n<meta property=\"og:site_name\" content=\"ZipWall\" \/>\n<meta property=\"article:publisher\" content=\"https:\/\/www.facebook.com\/ZipWall-121135931283666\/\" \/>\n<meta property=\"article:modified_time\" content=\"2018-07-30T18:28:32+00:00\" \/>\n<meta property=\"og:image\" content=\"http:\/\/www.zipwall.eu\/wp-content\/uploads\/KT20_RGB_Product-180x116.jpg\" \/>\n<meta name=\"twitter:card\" content=\"summary_large_image\" \/>\n<meta name=\"twitter:site\" content=\"@ZipWall\" \/>\n<meta name=\"twitter:label1\" content=\"Gesch\u00e4tzte Lesezeit\" \/>\n\t<meta name=\"twitter:data1\" content=\"1 Minute\" \/>\n<script type=\"application\/ld+json\" class=\"yoast-schema-graph\">{\"@context\":\"https:\\\/\\\/schema.org\",\"@graph\":[{\"@type\":\"WebPage\",\"@id\":\"https:\\\/\\\/www.zipwall.eu\\\/de\\\/61m-stangen\\\/\",\"url\":\"https:\\\/\\\/www.zipwall.eu\\\/de\\\/61m-stangen\\\/\",\"name\":\"6,1m-Stangen - ZipWall\",\"isPartOf\":{\"@id\":\"https:\\\/\\\/www.zipwall.eu\\\/#website\"},\"primaryImageOfPage\":{\"@id\":\"https:\\\/\\\/www.zipwall.eu\\\/de\\\/61m-stangen\\\/#primaryimage\"},\"image\":{\"@id\":\"https:\\\/\\\/www.zipwall.eu\\\/de\\\/61m-stangen\\\/#primaryimage\"},\"thumbnailUrl\":\"http:\\\/\\\/www.zipwall.eu\\\/wp-content\\\/uploads\\\/KT20_RGB_Product-180x116.jpg\",\"datePublished\":\"2016-03-11T18:10:34+00:00\",\"dateModified\":\"2018-07-30T18:28:32+00:00\",\"breadcrumb\":{\"@id\":\"https:\\\/\\\/www.zipwall.eu\\\/de\\\/61m-stangen\\\/#breadcrumb\"},\"inLanguage\":\"de-DE\",\"potentialAction\":[{\"@type\":\"ReadAction\",\"target\":[\"https:\\\/\\\/www.zipwall.eu\\\/de\\\/61m-stangen\\\/\"]}]},{\"@type\":\"ImageObject\",\"inLanguage\":\"de-DE\",\"@id\":\"https:\\\/\\\/www.zipwall.eu\\\/de\\\/61m-stangen\\\/#primaryimage\",\"url\":\"http:\\\/\\\/www.zipwall.eu\\\/wp-content\\\/uploads\\\/KT20_RGB_Product-180x116.jpg\",\"contentUrl\":\"http:\\\/\\\/www.zipwall.eu\\\/wp-content\\\/uploads\\\/KT20_RGB_Product-180x116.jpg\"},{\"@type\":\"BreadcrumbList\",\"@id\":\"https:\\\/\\\/www.zipwall.eu\\\/de\\\/61m-stangen\\\/#breadcrumb\",\"itemListElement\":[{\"@type\":\"ListItem\",\"position\":1,\"name\":\"Home\",\"item\":\"https:\\\/\\\/www.zipwall.eu\\\/de\\\/\"},{\"@type\":\"ListItem\",\"position\":2,\"name\":\"6,1m-Stangen\"}]},{\"@type\":\"WebSite\",\"@id\":\"https:\\\/\\\/www.zipwall.eu\\\/#website\",\"url\":\"https:\\\/\\\/www.zipwall.eu\\\/\",\"name\":\"ZipWall\",\"description\":\"Dust Barrier System\",\"potentialAction\":[{\"@type\":\"SearchAction\",\"target\":{\"@type\":\"EntryPoint\",\"urlTemplate\":\"https:\\\/\\\/www.zipwall.eu\\\/?s={search_term_string}\"},\"query-input\":{\"@type\":\"PropertyValueSpecification\",\"valueRequired\":true,\"valueName\":\"search_term_string\"}}],\"inLanguage\":\"de-DE\"}]}<\/script>\n<!-- \/ Yoast SEO plugin. -->","yoast_head_json":{"title":"6,1m-Stangen - ZipWall","robots":{"index":"index","follow":"follow","max-snippet":"max-snippet:-1","max-image-preview":"max-image-preview:large","max-video-preview":"max-video-preview:-1"},"canonical":"https:\/\/www.zipwall.eu\/de\/61m-stangen\/","og_locale":"de_DE","og_type":"article","og_title":"6,1m-Stangen - ZipWall","og_description":"3m-Stangen \u00a0\u00a0\u00a0 3,6m-Stangen Diese 6,1m langen Stangen bestehen aus qualitativ hochwertigem, eloxiertem Aluminium und bieten Ihnen maximale\u00a0Flexibilit\u00e4t. Sie sind hervorragend f\u00fcr hohe Decken geeignet, k\u00f6nnen aber bis auf 1,57m verk\u00fcrzt werden und sind somit auch f\u00fcr niedrigere Decken bestens geeignet. Der ZipWall\u00ae 20, 2er-Pack\u00a0enth\u00e4lt zwei 6,1m-Druckfederstangen\u00a0aus\u00a0Aluminium mit Zubeh\u00f6r (K\u00f6pfe, Platten und GripDisk\u2122 rutschfeste Unterlegscheiben).\u00a0Kunststoff-Folien sind &hellip; 6,1m-Stangen weiterlesen &rarr;","og_url":"https:\/\/www.zipwall.eu\/de\/61m-stangen\/","og_site_name":"ZipWall","article_publisher":"https:\/\/www.facebook.com\/ZipWall-121135931283666\/","article_modified_time":"2018-07-30T18:28:32+00:00","og_image":[{"url":"http:\/\/www.zipwall.eu\/wp-content\/uploads\/KT20_RGB_Product-180x116.jpg","type":"","width":"","height":""}],"twitter_card":"summary_large_image","twitter_site":"@ZipWall","twitter_misc":{"Gesch\u00e4tzte Lesezeit":"1 Minute"},"schema":{"@context":"https:\/\/schema.org","@graph":[{"@type":"WebPage","@id":"https:\/\/www.zipwall.eu\/de\/61m-stangen\/","url":"https:\/\/www.zipwall.eu\/de\/61m-stangen\/","name":"6,1m-Stangen - ZipWall","isPartOf":{"@id":"https:\/\/www.zipwall.eu\/#website"},"primaryImageOfPage":{"@id":"https:\/\/www.zipwall.eu\/de\/61m-stangen\/#primaryimage"},"image":{"@id":"https:\/\/www.zipwall.eu\/de\/61m-stangen\/#primaryimage"},"thumbnailUrl":"http:\/\/www.zipwall.eu\/wp-content\/uploads\/KT20_RGB_Product-180x116.jpg","datePublished":"2016-03-11T18:10:34+00:00","dateModified":"2018-07-30T18:28:32+00:00","breadcrumb":{"@id":"https:\/\/www.zipwall.eu\/de\/61m-stangen\/#breadcrumb"},"inLanguage":"de-DE","potentialAction":[{"@type":"ReadAction","target":["https:\/\/www.zipwall.eu\/de\/61m-stangen\/"]}]},{"@type":"ImageObject","inLanguage":"de-DE","@id":"https:\/\/www.zipwall.eu\/de\/61m-stangen\/#primaryimage","url":"http:\/\/www.zipwall.eu\/wp-content\/uploads\/KT20_RGB_Product-180x116.jpg","contentUrl":"http:\/\/www.zipwall.eu\/wp-content\/uploads\/KT20_RGB_Product-180x116.jpg"},{"@type":"BreadcrumbList","@id":"https:\/\/www.zipwall.eu\/de\/61m-stangen\/#breadcrumb","itemListElement":[{"@type":"ListItem","position":1,"name":"Home","item":"https:\/\/www.zipwall.eu\/de\/"},{"@type":"ListItem","position":2,"name":"6,1m-Stangen"}]},{"@type":"WebSite","@id":"https:\/\/www.zipwall.eu\/#website","url":"https:\/\/www.zipwall.eu\/","name":"ZipWall","description":"Dust Barrier System","potentialAction":[{"@type":"SearchAction","target":{"@type":"EntryPoint","urlTemplate":"https:\/\/www.zipwall.eu\/?s={search_term_string}"},"query-input":{"@type":"PropertyValueSpecification","valueRequired":true,"valueName":"search_term_string"}}],"inLanguage":"de-DE"}]}},"_links":{"self":[{"href":"https:\/\/www.zipwall.eu\/de\/wp-json\/wp\/v2\/pages\/1799","targetHints":{"allow":["GET"]}}],"collection":[{"href":"https:\/\/www.zipwall.eu\/de\/wp-json\/wp\/v2\/pages"}],"about":[{"href":"https:\/\/www.zipwall.eu\/de\/wp-json\/wp\/v2\/types\/page"}],"author":[{"embeddable":true,"href":"https:\/\/www.zipwall.eu\/de\/wp-json\/wp\/v2\/users\/2"}],"replies":[{"embeddable":true,"href":"https:\/\/www.zipwall.eu\/de\/wp-json\/wp\/v2\/comments?post=1799"}],"version-history":[{"count":0,"href":"https:\/\/www.zipwall.eu\/de\/wp-json\/wp\/v2\/pages\/1799\/revisions"}],"wp:attachment":[{"href":"https:\/\/www.zipwall.eu\/de\/wp-json\/wp\/v2\/media?parent=1799"}],"curies":[{"name":"wp","href":"https:\/\/api.w.org\/{rel}","templated":true}]}}