{"id":1801,"date":"2016-03-11T13:17:22","date_gmt":"2016-03-11T18:17:22","guid":{"rendered":"http:\/\/www.zipwall.eu\/de\/?page_id=1801"},"modified":"2017-02-08T09:59:08","modified_gmt":"2017-02-08T14:59:08","slug":"tragetaschen","status":"publish","type":"page","link":"https:\/\/www.zipwall.eu\/de\/tragetaschen\/","title":{"rendered":"Tragetaschen"},"content":{"rendered":"<table class=\"prod\">\n<tbody>\n<tr>\n<td valign=\"top\"><a href=\"https:\/\/www.zipwall.eu\/de\/product\/zipwall-tragetasche-2\/\"><img loading=\"lazy\" decoding=\"async\" class=\"size-thumbnail wp-image-119\" src=\"\/wp-content\/uploads\/CB1_Web-180x135.jpg\" alt=\"ZipWall Carry Bag\" width=\"180\" height=\"135\" \/><br \/>\n<span style=\"color: #000000;\">CB1<\/span><br \/>\nZipWall<sup>\u00ae<\/sup> Tragetasche<\/a><p class=\"product woocommerce add_to_cart_inline \" style=\"border:4px solid #ccc; padding: 12px;\">\t<span id=\"woocommerce_loop_add_to_cart_link_describedby_80\" class=\"screen-reader-text\">\n\t\t\t<\/span>\n<\/p><\/td>\n<td valign=\"top\"><a href=\"https:\/\/www.zipwall.eu\/de\/product\/zipwall-tragetasche\/\"><img loading=\"lazy\" decoding=\"async\" class=\"size-thumbnail wp-image-112\" src=\"\/wp-content\/uploads\/ZPCB1-180x135.jpg\" alt=\"ZipPole Carry Bag\" width=\"180\" height=\"135\" \/><br \/>\n<span style=\"color: #000000;\">ZPCB1<\/span><br \/>\n<strong>ZipWall<sup>\u00ae<\/sup> 10 Tragetasche<\/strong><\/a><p class=\"product woocommerce add_to_cart_inline \" style=\"border:4px solid #ccc; padding: 12px;\">\t<span id=\"woocommerce_loop_add_to_cart_link_describedby_81\" class=\"screen-reader-text\">\n\t\t\t<\/span>\n<\/p><\/td>\n<\/tr>\n<\/tbody>\n<\/table>\n<p>Mit diesen strapazierf\u00e4higen Tragetaschen sind Ihre ZipWall<sup>\u00ae<\/sup> Stangen und ihr Zubeh\u00f6r immer gut organisiert und einfach zu transportieren.<\/p>\n<p>Die ZipWall<sup>\u00ae<\/sup> Tragetasche ist 1,5m lang und schwarz mit roten R\u00e4ndern und roten Trageschlaufen. Ideal\u00a0f\u00fcr zw\u00f6lf ZipWall<sup>\u00ae<\/sup> 12 3,6m-Stangen oder zw\u00f6lf ZipWall<sup>\u00ae<\/sup> 20 6,1m-Stangen.<\/p>\n<p>Die ZipWall<sup>\u00ae<\/sup> 10 Tragetasche ist 1,2m lang und schwarz mit blauen R\u00e4ndern und blauen Trageschlaufen. Ideal f\u00fcr zw\u00f6lf ZipWall<sup>\u00ae<\/sup> 10 3m-Stangen.<\/p>\n<p><strong>Die ZipWall<sup>\u00ae<\/sup> Tragetasche Packung<\/strong> enth\u00e4lt eine Tragetasche.<\/p>\n<p><strong>Die ZipWall<sup>\u00ae<\/sup> 10 Tragetasche Packung<\/strong> enth\u00e4lt eine Tragetasche.<\/p>\n<ul class=\"specs\">\n<li>Aus strapazierf\u00e4higem Polyester<\/li>\n<li>Zur Aufbewahrung von\u00a0Stangen, Teilen\u00a0und Zubeh\u00f6r<\/li>\n<\/ul>\n","protected":false},"excerpt":{"rendered":"<p>CB1 ZipWall\u00ae Tragetasche ZPCB1 ZipWall\u00ae 10 Tragetasche Mit diesen strapazierf\u00e4higen Tragetaschen sind Ihre ZipWall\u00ae Stangen und ihr Zubeh\u00f6r immer gut organisiert und einfach zu transportieren. Die ZipWall\u00ae Tragetasche ist 1,5m lang und schwarz mit roten R\u00e4ndern und roten Trageschlaufen. Ideal\u00a0f\u00fcr zw\u00f6lf ZipWall\u00ae 12 3,6m-Stangen oder zw\u00f6lf ZipWall\u00ae 20 6,1m-Stangen. Die ZipWall\u00ae 10 Tragetasche ist 1,2m &hellip; <a href=\"https:\/\/www.zipwall.eu\/de\/tragetaschen\/\" class=\"more-link\"><span class=\"screen-reader-text\">Tragetaschen<\/span> weiterlesen <span class=\"meta-nav\">&rarr;<\/span><\/a><\/p>\n","protected":false},"author":2,"featured_media":0,"parent":0,"menu_order":0,"comment_status":"closed","ping_status":"closed","template":"","meta":{"footnotes":""},"class_list":["post-1801","page","type-page","status-publish","hentry"],"yoast_head":"<!-- This site is optimized with the Yoast SEO plugin v27.5 - https:\/\/yoast.com\/product\/yoast-seo-wordpress\/ -->\n<title>Tragetaschen - ZipWall<\/title>\n<meta name=\"robots\" content=\"index, follow, max-snippet:-1, max-image-preview:large, max-video-preview:-1\" \/>\n<link rel=\"canonical\" href=\"https:\/\/www.zipwall.eu\/de\/tragetaschen\/\" \/>\n<meta property=\"og:locale\" content=\"de_DE\" \/>\n<meta property=\"og:type\" content=\"article\" \/>\n<meta property=\"og:title\" content=\"Tragetaschen - ZipWall\" \/>\n<meta property=\"og:description\" content=\"CB1 ZipWall\u00ae Tragetasche ZPCB1 ZipWall\u00ae 10 Tragetasche Mit diesen strapazierf\u00e4higen Tragetaschen sind Ihre ZipWall\u00ae Stangen und ihr Zubeh\u00f6r immer gut organisiert und einfach zu transportieren. Die ZipWall\u00ae Tragetasche ist 1,5m lang und schwarz mit roten R\u00e4ndern und roten Trageschlaufen. Ideal\u00a0f\u00fcr zw\u00f6lf ZipWall\u00ae 12 3,6m-Stangen oder zw\u00f6lf ZipWall\u00ae 20 6,1m-Stangen. Die ZipWall\u00ae 10 Tragetasche ist 1,2m &hellip; Tragetaschen weiterlesen &rarr;\" \/>\n<meta property=\"og:url\" content=\"https:\/\/www.zipwall.eu\/de\/tragetaschen\/\" \/>\n<meta property=\"og:site_name\" content=\"ZipWall\" \/>\n<meta property=\"article:publisher\" content=\"https:\/\/www.facebook.com\/ZipWall-121135931283666\/\" \/>\n<meta property=\"article:modified_time\" content=\"2017-02-08T14:59:08+00:00\" \/>\n<meta property=\"og:image\" content=\"https:\/\/www.zipwall.eu\/wp-content\/uploads\/CB1_Web-180x135.jpg\" \/>\n<meta name=\"twitter:card\" content=\"summary_large_image\" \/>\n<meta name=\"twitter:site\" content=\"@ZipWall\" \/>\n<meta name=\"twitter:label1\" content=\"Gesch\u00e4tzte Lesezeit\" \/>\n\t<meta name=\"twitter:data1\" content=\"1 Minute\" \/>\n<script type=\"application\/ld+json\" class=\"yoast-schema-graph\">{\"@context\":\"https:\\\/\\\/schema.org\",\"@graph\":[{\"@type\":\"WebPage\",\"@id\":\"https:\\\/\\\/www.zipwall.eu\\\/de\\\/tragetaschen\\\/\",\"url\":\"https:\\\/\\\/www.zipwall.eu\\\/de\\\/tragetaschen\\\/\",\"name\":\"Tragetaschen - ZipWall\",\"isPartOf\":{\"@id\":\"https:\\\/\\\/www.zipwall.eu\\\/#website\"},\"datePublished\":\"2016-03-11T18:17:22+00:00\",\"dateModified\":\"2017-02-08T14:59:08+00:00\",\"breadcrumb\":{\"@id\":\"https:\\\/\\\/www.zipwall.eu\\\/de\\\/tragetaschen\\\/#breadcrumb\"},\"inLanguage\":\"de-DE\",\"potentialAction\":[{\"@type\":\"ReadAction\",\"target\":[\"https:\\\/\\\/www.zipwall.eu\\\/de\\\/tragetaschen\\\/\"]}]},{\"@type\":\"BreadcrumbList\",\"@id\":\"https:\\\/\\\/www.zipwall.eu\\\/de\\\/tragetaschen\\\/#breadcrumb\",\"itemListElement\":[{\"@type\":\"ListItem\",\"position\":1,\"name\":\"Home\",\"item\":\"https:\\\/\\\/www.zipwall.eu\\\/de\\\/\"},{\"@type\":\"ListItem\",\"position\":2,\"name\":\"Tragetaschen\"}]},{\"@type\":\"WebSite\",\"@id\":\"https:\\\/\\\/www.zipwall.eu\\\/#website\",\"url\":\"https:\\\/\\\/www.zipwall.eu\\\/\",\"name\":\"ZipWall\",\"description\":\"Dust Barrier System\",\"potentialAction\":[{\"@type\":\"SearchAction\",\"target\":{\"@type\":\"EntryPoint\",\"urlTemplate\":\"https:\\\/\\\/www.zipwall.eu\\\/?s={search_term_string}\"},\"query-input\":{\"@type\":\"PropertyValueSpecification\",\"valueRequired\":true,\"valueName\":\"search_term_string\"}}],\"inLanguage\":\"de-DE\"}]}<\/script>\n<!-- \/ Yoast SEO plugin. -->","yoast_head_json":{"title":"Tragetaschen - ZipWall","robots":{"index":"index","follow":"follow","max-snippet":"max-snippet:-1","max-image-preview":"max-image-preview:large","max-video-preview":"max-video-preview:-1"},"canonical":"https:\/\/www.zipwall.eu\/de\/tragetaschen\/","og_locale":"de_DE","og_type":"article","og_title":"Tragetaschen - ZipWall","og_description":"CB1 ZipWall\u00ae Tragetasche ZPCB1 ZipWall\u00ae 10 Tragetasche Mit diesen strapazierf\u00e4higen Tragetaschen sind Ihre ZipWall\u00ae Stangen und ihr Zubeh\u00f6r immer gut organisiert und einfach zu transportieren. Die ZipWall\u00ae Tragetasche ist 1,5m lang und schwarz mit roten R\u00e4ndern und roten Trageschlaufen. Ideal\u00a0f\u00fcr zw\u00f6lf ZipWall\u00ae 12 3,6m-Stangen oder zw\u00f6lf ZipWall\u00ae 20 6,1m-Stangen. Die ZipWall\u00ae 10 Tragetasche ist 1,2m &hellip; Tragetaschen weiterlesen &rarr;","og_url":"https:\/\/www.zipwall.eu\/de\/tragetaschen\/","og_site_name":"ZipWall","article_publisher":"https:\/\/www.facebook.com\/ZipWall-121135931283666\/","article_modified_time":"2017-02-08T14:59:08+00:00","og_image":[{"url":"https:\/\/www.zipwall.eu\/wp-content\/uploads\/CB1_Web-180x135.jpg","type":"","width":"","height":""}],"twitter_card":"summary_large_image","twitter_site":"@ZipWall","twitter_misc":{"Gesch\u00e4tzte Lesezeit":"1 Minute"},"schema":{"@context":"https:\/\/schema.org","@graph":[{"@type":"WebPage","@id":"https:\/\/www.zipwall.eu\/de\/tragetaschen\/","url":"https:\/\/www.zipwall.eu\/de\/tragetaschen\/","name":"Tragetaschen - ZipWall","isPartOf":{"@id":"https:\/\/www.zipwall.eu\/#website"},"datePublished":"2016-03-11T18:17:22+00:00","dateModified":"2017-02-08T14:59:08+00:00","breadcrumb":{"@id":"https:\/\/www.zipwall.eu\/de\/tragetaschen\/#breadcrumb"},"inLanguage":"de-DE","potentialAction":[{"@type":"ReadAction","target":["https:\/\/www.zipwall.eu\/de\/tragetaschen\/"]}]},{"@type":"BreadcrumbList","@id":"https:\/\/www.zipwall.eu\/de\/tragetaschen\/#breadcrumb","itemListElement":[{"@type":"ListItem","position":1,"name":"Home","item":"https:\/\/www.zipwall.eu\/de\/"},{"@type":"ListItem","position":2,"name":"Tragetaschen"}]},{"@type":"WebSite","@id":"https:\/\/www.zipwall.eu\/#website","url":"https:\/\/www.zipwall.eu\/","name":"ZipWall","description":"Dust Barrier System","potentialAction":[{"@type":"SearchAction","target":{"@type":"EntryPoint","urlTemplate":"https:\/\/www.zipwall.eu\/?s={search_term_string}"},"query-input":{"@type":"PropertyValueSpecification","valueRequired":true,"valueName":"search_term_string"}}],"inLanguage":"de-DE"}]}},"_links":{"self":[{"href":"https:\/\/www.zipwall.eu\/de\/wp-json\/wp\/v2\/pages\/1801","targetHints":{"allow":["GET"]}}],"collection":[{"href":"https:\/\/www.zipwall.eu\/de\/wp-json\/wp\/v2\/pages"}],"about":[{"href":"https:\/\/www.zipwall.eu\/de\/wp-json\/wp\/v2\/types\/page"}],"author":[{"embeddable":true,"href":"https:\/\/www.zipwall.eu\/de\/wp-json\/wp\/v2\/users\/2"}],"replies":[{"embeddable":true,"href":"https:\/\/www.zipwall.eu\/de\/wp-json\/wp\/v2\/comments?post=1801"}],"version-history":[{"count":0,"href":"https:\/\/www.zipwall.eu\/de\/wp-json\/wp\/v2\/pages\/1801\/revisions"}],"wp:attachment":[{"href":"https:\/\/www.zipwall.eu\/de\/wp-json\/wp\/v2\/media?parent=1801"}],"curies":[{"name":"wp","href":"https:\/\/api.w.org\/{rel}","templated":true}]}}