{"id":1804,"date":"2016-03-11T15:14:51","date_gmt":"2016-03-11T20:14:51","guid":{"rendered":"http:\/\/www.zipwall.eu\/de\/?page_id=1804"},"modified":"2018-07-30T14:38:59","modified_gmt":"2018-07-30T18:38:59","slug":"tueren","status":"publish","type":"page","link":"https:\/\/www.zipwall.eu\/de\/tueren\/","title":{"rendered":"ZipDoor\u00ae T\u00fcr-Kits"},"content":{"rendered":"<table class=\"prod\">\n<tbody>\n<tr>\n<td>\n<figure id=\"attachment_2733\" aria-describedby=\"caption-attachment-2733\" style=\"width: 119px\" class=\"wp-caption alignnone\"><a href=\"https:\/\/www.zipwall.eu\/de\/product\/zipdoor-industrieuer-kit\/\"><img loading=\"lazy\" decoding=\"async\" class=\"wp-image-2733 size-thumbnail\" src=\"http:\/\/www.zipwall.eu\/wp-content\/uploads\/ZDC_CMYK_Product_NOreuse-119x150.jpg\" alt=\" ZipDoor\u00ae Industrie\u00fcr-Kit\" width=\"119\" height=\"150\" \/><\/a><figcaption id=\"caption-attachment-2733\" class=\"wp-caption-text\">ZDC<br \/> <a href=\"https:\/\/www.zipwall.eu\/de\/product\/zipdoor-industrieuer-kit\/\">ZipDoor<sup>\u00ae<\/sup> Industrie-T\u00fcr-Kit<\/a><\/figcaption><\/figure>\n<p><p class=\"product woocommerce add_to_cart_inline \" style=\"border:4px solid #ccc; padding: 12px;\">\t<span id=\"woocommerce_loop_add_to_cart_link_describedby_1779\" class=\"screen-reader-text\">\n\t\t\t<\/span>\n<\/p><\/td>\n<td>\n<figure id=\"attachment_2736\" aria-describedby=\"caption-attachment-2736\" style=\"width: 103px\" class=\"wp-caption alignnone\"><a href=\"https:\/\/www.zipwall.eu\/de\/product\/zipdoor-standard-tuer-kit\/\"><img loading=\"lazy\" decoding=\"async\" class=\"wp-image-2736 size-thumbnail\" src=\"http:\/\/www.zipwall.eu\/wp-content\/uploads\/ZDS_RGB_Product_NOreuse-103x150.jpg\" alt=\" ZipDoor\u00ae Standard-T\u00fcr- Kit\" width=\"103\" height=\"150\" \/><\/a><figcaption id=\"caption-attachment-2736\" class=\"wp-caption-text\">ZDS<br \/> <a href=\"https:\/\/www.zipwall.eu\/de\/product\/zipdoor-standard-tuer-kit\/\">ZipDoor<sup>\u00ae<\/sup> Standard-T\u00fcr-Kit<\/a><\/figcaption><\/figure>\n<p><p class=\"product woocommerce add_to_cart_inline \" style=\"border:4px solid #ccc; padding: 12px;\">\t<span id=\"woocommerce_loop_add_to_cart_link_describedby_1780\" class=\"screen-reader-text\">\n\t\t\t<\/span>\n<\/p><\/td>\n<\/tr>\n<\/tbody>\n<\/table>\n<a href=\"https:\/\/www.youtube.com\/embed\/eIGGI2ssMrY?rel=0\" class=\"popup\" data-width=\"600\" data-height=\"400\" data-scrollbars=\"1\" alt=\"popup\"><img decoding=\"async\" src=\"\/wp-content\/uploads\/howdiw-de-video.png\" alt=\"\" \/><\/a>\n<div class=\"term-description\">\n<p>Decken Sie einen Eingang mit bereits installierten Rei\u00dfverschl\u00fcssen in weniger als einer Minute sicher ab. Bei der Installation mehrerer T\u00fcren ist dies eine enorme Zeitersparnis. Das ZipWall<sup>\u00ae<\/sup> doppelseitige Klebeband fixiert die T\u00fcr und sch\u00fctzt dabei die Oberfl\u00e4che des T\u00fcrrahmens. Kann innerhalb\u00a0einer Stunde neu positioniert werden.<\/p>\n<p>Der ZipDoor<sup>\u00ae<\/sup> Standard-T\u00fcr-Kit dichtet Eing\u00e4nge\u00a0bis zu 0,9m x 2,1m ab. Der ZipDoor\u2122 Industrie-T\u00fcr-Kit\u00a0dichtet Eing\u00e4nge bis zu 1,2m x 2,4m ab und besteht aus <span style=\"color: #ff6600;\">flammhemmender<\/span> Kunststoff-Folie.<\/p>\n<p><strong>Der ZipDoor<sup>\u00ae<\/sup> Standard-T\u00fcr-Kit<\/strong> enth\u00e4lt eine wiederverwendbare ZipDoor<sup>\u00ae<\/sup> T\u00fcr,\u00a0zwei Klappenhalter und eine Rolle 24m x 7,3m\u00a0ZipWall<sup>\u00ae<\/sup> Klebeband.<\/p>\n<p><strong>Der ZipDoor<sup>\u00ae<\/sup><\/strong>\u00a0<strong>Industrie-T\u00fcr-Kit<\/strong>\u00a0enth\u00e4lt eine wiederverwendbare ZipDoor<sup>\u00ae<\/sup> T\u00fcr,\u00a0zwei Klappenhalter und eine Rolle 24m x 7,3m ZipWall<sup>\u00ae<\/sup> Klebeband. <span style=\"color: #ff6600;\">Flammhemmende<\/span> Kunststoff-Folie.<\/p>\n<ul class=\"specs\">\n<li>Enth\u00e4lt zwei bereits installierte Rei\u00dfverschl\u00fcsse<\/li>\n<li>Besteht aus qualitativ hochwertiger 0,1mm-Kunststoff-Folie<\/li>\n<li>Klappenhalter halten die T\u00fcr offen f\u00fcr einfaches Betreten und Verlassen\u00a0des Arbeitsbereichs auch mit vollen H\u00e4nden<\/li>\n<li>Rei\u00dfverschl\u00fcsse sind aufgeklebt statt aufgen\u00e4ht f\u00fcr maximale Strapazierf\u00e4higkeit<\/li>\n<\/ul>\n<\/div>\n","protected":false},"excerpt":{"rendered":"<p>Decken Sie einen Eingang mit bereits installierten Rei\u00dfverschl\u00fcssen in weniger als einer Minute sicher ab. Bei der Installation mehrerer T\u00fcren ist dies eine enorme Zeitersparnis. Das ZipWall\u00ae doppelseitige Klebeband fixiert die T\u00fcr und sch\u00fctzt dabei die Oberfl\u00e4che des T\u00fcrrahmens. Kann innerhalb\u00a0einer Stunde neu positioniert werden. Der ZipDoor\u00ae Standard-T\u00fcr-Kit dichtet Eing\u00e4nge\u00a0bis zu 0,9m x 2,1m ab. &hellip; <a href=\"https:\/\/www.zipwall.eu\/de\/tueren\/\" class=\"more-link\"><span class=\"screen-reader-text\">ZipDoor\u00ae T\u00fcr-Kits<\/span> weiterlesen <span class=\"meta-nav\">&rarr;<\/span><\/a><\/p>\n","protected":false},"author":2,"featured_media":0,"parent":0,"menu_order":0,"comment_status":"closed","ping_status":"closed","template":"","meta":{"footnotes":""},"class_list":["post-1804","page","type-page","status-publish","hentry"],"yoast_head":"<!-- This site is optimized with the Yoast SEO plugin v27.5 - https:\/\/yoast.com\/product\/yoast-seo-wordpress\/ -->\n<title>ZipDoor\u00ae T\u00fcr-Kits - ZipWall<\/title>\n<meta name=\"robots\" content=\"index, follow, max-snippet:-1, max-image-preview:large, max-video-preview:-1\" \/>\n<link rel=\"canonical\" href=\"https:\/\/www.zipwall.eu\/de\/tueren\/\" \/>\n<meta property=\"og:locale\" content=\"de_DE\" \/>\n<meta property=\"og:type\" content=\"article\" \/>\n<meta property=\"og:title\" content=\"ZipDoor\u00ae T\u00fcr-Kits - ZipWall\" \/>\n<meta property=\"og:description\" content=\"Decken Sie einen Eingang mit bereits installierten Rei\u00dfverschl\u00fcssen in weniger als einer Minute sicher ab. Bei der Installation mehrerer T\u00fcren ist dies eine enorme Zeitersparnis. Das ZipWall\u00ae doppelseitige Klebeband fixiert die T\u00fcr und sch\u00fctzt dabei die Oberfl\u00e4che des T\u00fcrrahmens. Kann innerhalb\u00a0einer Stunde neu positioniert werden. Der ZipDoor\u00ae Standard-T\u00fcr-Kit dichtet Eing\u00e4nge\u00a0bis zu 0,9m x 2,1m ab. &hellip; ZipDoor\u00ae T\u00fcr-Kits weiterlesen &rarr;\" \/>\n<meta property=\"og:url\" content=\"https:\/\/www.zipwall.eu\/de\/tueren\/\" \/>\n<meta property=\"og:site_name\" content=\"ZipWall\" \/>\n<meta property=\"article:publisher\" content=\"https:\/\/www.facebook.com\/ZipWall-121135931283666\/\" \/>\n<meta property=\"article:modified_time\" content=\"2018-07-30T18:38:59+00:00\" \/>\n<meta property=\"og:image\" content=\"http:\/\/www.zipwall.eu\/wp-content\/uploads\/ZDC_CMYK_Product_NOreuse-119x150.jpg\" \/>\n<meta name=\"twitter:card\" content=\"summary_large_image\" \/>\n<meta name=\"twitter:site\" content=\"@ZipWall\" \/>\n<meta name=\"twitter:label1\" content=\"Gesch\u00e4tzte Lesezeit\" \/>\n\t<meta name=\"twitter:data1\" content=\"1 Minute\" \/>\n<script type=\"application\/ld+json\" class=\"yoast-schema-graph\">{\"@context\":\"https:\\\/\\\/schema.org\",\"@graph\":[{\"@type\":\"WebPage\",\"@id\":\"https:\\\/\\\/www.zipwall.eu\\\/de\\\/tueren\\\/\",\"url\":\"https:\\\/\\\/www.zipwall.eu\\\/de\\\/tueren\\\/\",\"name\":\"ZipDoor\u00ae T\u00fcr-Kits - ZipWall\",\"isPartOf\":{\"@id\":\"https:\\\/\\\/www.zipwall.eu\\\/#website\"},\"primaryImageOfPage\":{\"@id\":\"https:\\\/\\\/www.zipwall.eu\\\/de\\\/tueren\\\/#primaryimage\"},\"image\":{\"@id\":\"https:\\\/\\\/www.zipwall.eu\\\/de\\\/tueren\\\/#primaryimage\"},\"thumbnailUrl\":\"http:\\\/\\\/www.zipwall.eu\\\/wp-content\\\/uploads\\\/ZDC_CMYK_Product_NOreuse-119x150.jpg\",\"datePublished\":\"2016-03-11T20:14:51+00:00\",\"dateModified\":\"2018-07-30T18:38:59+00:00\",\"breadcrumb\":{\"@id\":\"https:\\\/\\\/www.zipwall.eu\\\/de\\\/tueren\\\/#breadcrumb\"},\"inLanguage\":\"de-DE\",\"potentialAction\":[{\"@type\":\"ReadAction\",\"target\":[\"https:\\\/\\\/www.zipwall.eu\\\/de\\\/tueren\\\/\"]}]},{\"@type\":\"ImageObject\",\"inLanguage\":\"de-DE\",\"@id\":\"https:\\\/\\\/www.zipwall.eu\\\/de\\\/tueren\\\/#primaryimage\",\"url\":\"http:\\\/\\\/www.zipwall.eu\\\/wp-content\\\/uploads\\\/ZDC_CMYK_Product_NOreuse-119x150.jpg\",\"contentUrl\":\"http:\\\/\\\/www.zipwall.eu\\\/wp-content\\\/uploads\\\/ZDC_CMYK_Product_NOreuse-119x150.jpg\"},{\"@type\":\"BreadcrumbList\",\"@id\":\"https:\\\/\\\/www.zipwall.eu\\\/de\\\/tueren\\\/#breadcrumb\",\"itemListElement\":[{\"@type\":\"ListItem\",\"position\":1,\"name\":\"Home\",\"item\":\"https:\\\/\\\/www.zipwall.eu\\\/de\\\/\"},{\"@type\":\"ListItem\",\"position\":2,\"name\":\"ZipDoor\u00ae T\u00fcr-Kits\"}]},{\"@type\":\"WebSite\",\"@id\":\"https:\\\/\\\/www.zipwall.eu\\\/#website\",\"url\":\"https:\\\/\\\/www.zipwall.eu\\\/\",\"name\":\"ZipWall\",\"description\":\"Dust Barrier System\",\"potentialAction\":[{\"@type\":\"SearchAction\",\"target\":{\"@type\":\"EntryPoint\",\"urlTemplate\":\"https:\\\/\\\/www.zipwall.eu\\\/?s={search_term_string}\"},\"query-input\":{\"@type\":\"PropertyValueSpecification\",\"valueRequired\":true,\"valueName\":\"search_term_string\"}}],\"inLanguage\":\"de-DE\"}]}<\/script>\n<!-- \/ Yoast SEO plugin. -->","yoast_head_json":{"title":"ZipDoor\u00ae T\u00fcr-Kits - ZipWall","robots":{"index":"index","follow":"follow","max-snippet":"max-snippet:-1","max-image-preview":"max-image-preview:large","max-video-preview":"max-video-preview:-1"},"canonical":"https:\/\/www.zipwall.eu\/de\/tueren\/","og_locale":"de_DE","og_type":"article","og_title":"ZipDoor\u00ae T\u00fcr-Kits - ZipWall","og_description":"Decken Sie einen Eingang mit bereits installierten Rei\u00dfverschl\u00fcssen in weniger als einer Minute sicher ab. Bei der Installation mehrerer T\u00fcren ist dies eine enorme Zeitersparnis. Das ZipWall\u00ae doppelseitige Klebeband fixiert die T\u00fcr und sch\u00fctzt dabei die Oberfl\u00e4che des T\u00fcrrahmens. Kann innerhalb\u00a0einer Stunde neu positioniert werden. Der ZipDoor\u00ae Standard-T\u00fcr-Kit dichtet Eing\u00e4nge\u00a0bis zu 0,9m x 2,1m ab. &hellip; ZipDoor\u00ae T\u00fcr-Kits weiterlesen &rarr;","og_url":"https:\/\/www.zipwall.eu\/de\/tueren\/","og_site_name":"ZipWall","article_publisher":"https:\/\/www.facebook.com\/ZipWall-121135931283666\/","article_modified_time":"2018-07-30T18:38:59+00:00","og_image":[{"url":"http:\/\/www.zipwall.eu\/wp-content\/uploads\/ZDC_CMYK_Product_NOreuse-119x150.jpg","type":"","width":"","height":""}],"twitter_card":"summary_large_image","twitter_site":"@ZipWall","twitter_misc":{"Gesch\u00e4tzte Lesezeit":"1 Minute"},"schema":{"@context":"https:\/\/schema.org","@graph":[{"@type":"WebPage","@id":"https:\/\/www.zipwall.eu\/de\/tueren\/","url":"https:\/\/www.zipwall.eu\/de\/tueren\/","name":"ZipDoor\u00ae T\u00fcr-Kits - ZipWall","isPartOf":{"@id":"https:\/\/www.zipwall.eu\/#website"},"primaryImageOfPage":{"@id":"https:\/\/www.zipwall.eu\/de\/tueren\/#primaryimage"},"image":{"@id":"https:\/\/www.zipwall.eu\/de\/tueren\/#primaryimage"},"thumbnailUrl":"http:\/\/www.zipwall.eu\/wp-content\/uploads\/ZDC_CMYK_Product_NOreuse-119x150.jpg","datePublished":"2016-03-11T20:14:51+00:00","dateModified":"2018-07-30T18:38:59+00:00","breadcrumb":{"@id":"https:\/\/www.zipwall.eu\/de\/tueren\/#breadcrumb"},"inLanguage":"de-DE","potentialAction":[{"@type":"ReadAction","target":["https:\/\/www.zipwall.eu\/de\/tueren\/"]}]},{"@type":"ImageObject","inLanguage":"de-DE","@id":"https:\/\/www.zipwall.eu\/de\/tueren\/#primaryimage","url":"http:\/\/www.zipwall.eu\/wp-content\/uploads\/ZDC_CMYK_Product_NOreuse-119x150.jpg","contentUrl":"http:\/\/www.zipwall.eu\/wp-content\/uploads\/ZDC_CMYK_Product_NOreuse-119x150.jpg"},{"@type":"BreadcrumbList","@id":"https:\/\/www.zipwall.eu\/de\/tueren\/#breadcrumb","itemListElement":[{"@type":"ListItem","position":1,"name":"Home","item":"https:\/\/www.zipwall.eu\/de\/"},{"@type":"ListItem","position":2,"name":"ZipDoor\u00ae T\u00fcr-Kits"}]},{"@type":"WebSite","@id":"https:\/\/www.zipwall.eu\/#website","url":"https:\/\/www.zipwall.eu\/","name":"ZipWall","description":"Dust Barrier System","potentialAction":[{"@type":"SearchAction","target":{"@type":"EntryPoint","urlTemplate":"https:\/\/www.zipwall.eu\/?s={search_term_string}"},"query-input":{"@type":"PropertyValueSpecification","valueRequired":true,"valueName":"search_term_string"}}],"inLanguage":"de-DE"}]}},"_links":{"self":[{"href":"https:\/\/www.zipwall.eu\/de\/wp-json\/wp\/v2\/pages\/1804","targetHints":{"allow":["GET"]}}],"collection":[{"href":"https:\/\/www.zipwall.eu\/de\/wp-json\/wp\/v2\/pages"}],"about":[{"href":"https:\/\/www.zipwall.eu\/de\/wp-json\/wp\/v2\/types\/page"}],"author":[{"embeddable":true,"href":"https:\/\/www.zipwall.eu\/de\/wp-json\/wp\/v2\/users\/2"}],"replies":[{"embeddable":true,"href":"https:\/\/www.zipwall.eu\/de\/wp-json\/wp\/v2\/comments?post=1804"}],"version-history":[{"count":0,"href":"https:\/\/www.zipwall.eu\/de\/wp-json\/wp\/v2\/pages\/1804\/revisions"}],"wp:attachment":[{"href":"https:\/\/www.zipwall.eu\/de\/wp-json\/wp\/v2\/media?parent=1804"}],"curies":[{"name":"wp","href":"https:\/\/api.w.org\/{rel}","templated":true}]}}