{"id":1883,"date":"2015-11-26T12:01:32","date_gmt":"2015-11-26T17:01:32","guid":{"rendered":"http:\/\/www.zipwall.eu\/de\/accessoires\/"},"modified":"2019-03-20T12:06:35","modified_gmt":"2019-03-20T16:06:35","slug":"accessoires","status":"publish","type":"page","link":"https:\/\/www.zipwall.eu\/de\/accessoires\/","title":{"rendered":"Sonderteile und Zubeh\u00f6r"},"content":{"rendered":"<table>\n<tbody>\n<tr>\n<td><a href=\"https:\/\/www.zipwall.eu\/zipwall-mat\/\"><img loading=\"lazy\" decoding=\"async\" class=\"aligncenter size-medium wp-image-4214\" src=\"\/wp-content\/uploads\/ZWTM_mat_RGB_Product_web-135x200.jpg\" alt=\"Zipwall mat\" width=\"135\" height=\"200\" srcset=\"https:\/\/www.zipwall.eu\/wp-content\/uploads\/ZWTM_mat_RGB_Product_web-135x200.jpg 135w, https:\/\/www.zipwall.eu\/wp-content\/uploads\/ZWTM_mat_RGB_Product_web-101x150.jpg 101w, https:\/\/www.zipwall.eu\/wp-content\/uploads\/ZWTM_mat_RGB_Product_web-304x450.jpg 304w, https:\/\/www.zipwall.eu\/wp-content\/uploads\/ZWTM_mat_RGB_Product_web-200x296.jpg 200w, https:\/\/www.zipwall.eu\/wp-content\/uploads\/ZWTM_mat_RGB_Product_web-300x444.jpg 300w, https:\/\/www.zipwall.eu\/wp-content\/uploads\/ZWTM_mat_RGB_Product_web.jpg 1013w\" sizes=\"auto, (max-width: 135px) 100vw, 135px\" \/>ZipWall\u00ae Staubfangmatte<\/a><\/td>\n<td><a href=\"https:\/\/www.zipwall.eu\/product\/magstrip-dust-barrier-fastener\/\"><img loading=\"lazy\" decoding=\"async\" class=\"aligncenter size-thumbnail wp-image-4370\" src=\"https:\/\/www.zipwall.eu\/wp-content\/uploads\/\/MS4_strip_rgb_4appl_product-150x42.jpg\" alt=\"\" width=\"150\" height=\"42\" srcset=\"https:\/\/www.zipwall.eu\/wp-content\/uploads\/MS4_strip_rgb_4appl_product-150x42.jpg 150w, https:\/\/www.zipwall.eu\/wp-content\/uploads\/MS4_strip_rgb_4appl_product-300x84.jpg 300w, https:\/\/www.zipwall.eu\/wp-content\/uploads\/MS4_strip_rgb_4appl_product-450x127.jpg 450w, https:\/\/www.zipwall.eu\/wp-content\/uploads\/MS4_strip_rgb_4appl_product-200x56.jpg 200w\" sizes=\"auto, (max-width: 150px) 100vw, 150px\" \/><br \/>\nMagStrip\u2122 Staubschutzwand-Befestigung<\/a><\/td>\n<td><a href=\"https:\/\/www.zipwall.eu\/edge-head-plate\/\"><img loading=\"lazy\" decoding=\"async\" src=\"http:\/\/www.zipwall.eu\/wp-content\/uploads\/EPH1_RGB_Product-1-150x96.jpg\" alt=\"\" width=\"150\" height=\"96\" class=\"alignnone size-thumbnail wp-image-3518\" srcset=\"https:\/\/www.zipwall.eu\/wp-content\/uploads\/EPH1_RGB_Product-1-150x96.jpg 150w, https:\/\/www.zipwall.eu\/wp-content\/uploads\/EPH1_RGB_Product-1-200x128.jpg 200w, https:\/\/www.zipwall.eu\/wp-content\/uploads\/EPH1_RGB_Product-1-300x192.jpg 300w, https:\/\/www.zipwall.eu\/wp-content\/uploads\/EPH1_RGB_Product-1-450x288.jpg 450w, https:\/\/www.zipwall.eu\/wp-content\/uploads\/EPH1_RGB_Product-1.jpg 1200w\" sizes=\"auto, (max-width: 150px) 100vw, 150px\" \/><\/p>\n<p><\/a><a href=\"https:\/\/www.zipwall.eu\/edge-head-plate\/\"><\/a><a href=\"https:\/\/www.zipwall.eu\/edge-head-plate\/\"><\/a><a href=\"https:\/\/www.zipwall.eu\/edge-head-plate\/\"><\/a><a href=\"https:\/\/www.zipwall.eu\/edge-head-plate\/\"><\/a><a href=\"https:\/\/www.zipwall.eu\/edge-head-plate\/\">Edge\u2122 Kopf und rutschfeste Platte<\/a><\/td>\n<td><a href=\"https:\/\/www.zipwall.eu\/de\/tragetaschen\/\"><img loading=\"lazy\" decoding=\"async\" class=\"alignnone wp-image-119 size-thumbnail\" src=\"\/wp-content\/uploads\/CB1_Web-180x135.jpg\" alt=\"ZipWall Carry Bags\" width=\"180\" height=\"135\"><\/p>\n<p><\/a><a href=\"https:\/\/www.zipwall.eu\/de\/tragetaschen\/\"><\/a><a href=\"https:\/\/www.zipwall.eu\/de\/tragetaschen\/\"><\/a><a href=\"https:\/\/www.zipwall.eu\/de\/tragetaschen\/\"><\/a><a href=\"https:\/\/www.zipwall.eu\/de\/tragetaschen\/\"><\/a><a href=\"https:\/\/www.zipwall.eu\/de\/tragetaschen\/\">Tragetaschen<\/a><\/td>\n<\/tr>\n<\/tbody>\n<\/table>\n<p>Diese n\u00fctzlichen Produkte helfen Ihnen, einen undurchl\u00e4\u00dfigen&nbsp;Staubschutz aufzubauen und das Beste aus Ihrem ZipWall<sup>\u00ae<\/sup> System herauszuholen.<\/p>\n","protected":false},"excerpt":{"rendered":"<p>ZipWall\u00ae Staubfangmatte MagStrip\u2122 Staubschutzwand-Befestigung Edge\u2122 Kopf und rutschfeste Platte Tragetaschen Diese n\u00fctzlichen Produkte helfen Ihnen, einen undurchl\u00e4\u00dfigen&nbsp;Staubschutz aufzubauen und das Beste aus Ihrem ZipWall\u00ae System herauszuholen.<\/p>\n","protected":false},"author":1,"featured_media":0,"parent":0,"menu_order":0,"comment_status":"closed","ping_status":"closed","template":"","meta":{"footnotes":""},"class_list":["post-1883","page","type-page","status-publish","hentry"],"yoast_head":"<!-- This site is optimized with the Yoast SEO plugin v27.4 - https:\/\/yoast.com\/product\/yoast-seo-wordpress\/ -->\n<title>Sonderteile und Zubeh\u00f6r - ZipWall<\/title>\n<meta name=\"robots\" content=\"index, follow, max-snippet:-1, max-image-preview:large, max-video-preview:-1\" \/>\n<link rel=\"canonical\" href=\"https:\/\/www.zipwall.eu\/de\/accessoires\/\" \/>\n<meta property=\"og:locale\" content=\"de_DE\" \/>\n<meta property=\"og:type\" content=\"article\" \/>\n<meta property=\"og:title\" content=\"Sonderteile und Zubeh\u00f6r - ZipWall\" \/>\n<meta property=\"og:description\" content=\"ZipWall\u00ae Staubfangmatte MagStrip\u2122 Staubschutzwand-Befestigung Edge\u2122 Kopf und rutschfeste Platte Tragetaschen Diese n\u00fctzlichen Produkte helfen Ihnen, einen undurchl\u00e4\u00dfigen&nbsp;Staubschutz aufzubauen und das Beste aus Ihrem ZipWall\u00ae System herauszuholen.\" \/>\n<meta property=\"og:url\" content=\"https:\/\/www.zipwall.eu\/de\/accessoires\/\" \/>\n<meta property=\"og:site_name\" content=\"ZipWall\" \/>\n<meta property=\"article:publisher\" content=\"https:\/\/www.facebook.com\/ZipWall-121135931283666\/\" \/>\n<meta property=\"article:modified_time\" content=\"2019-03-20T16:06:35+00:00\" \/>\n<meta property=\"og:image\" content=\"https:\/\/www.zipwall.eu\/wp-content\/uploads\/ZWTM_mat_RGB_Product_web-135x200.jpg\" \/>\n<meta name=\"twitter:card\" content=\"summary_large_image\" \/>\n<meta name=\"twitter:site\" content=\"@ZipWall\" \/>\n<script type=\"application\/ld+json\" class=\"yoast-schema-graph\">{\"@context\":\"https:\\\/\\\/schema.org\",\"@graph\":[{\"@type\":\"WebPage\",\"@id\":\"https:\\\/\\\/www.zipwall.eu\\\/de\\\/accessoires\\\/\",\"url\":\"https:\\\/\\\/www.zipwall.eu\\\/de\\\/accessoires\\\/\",\"name\":\"Sonderteile und Zubeh\u00f6r - ZipWall\",\"isPartOf\":{\"@id\":\"https:\\\/\\\/www.zipwall.eu\\\/#website\"},\"primaryImageOfPage\":{\"@id\":\"https:\\\/\\\/www.zipwall.eu\\\/de\\\/accessoires\\\/#primaryimage\"},\"image\":{\"@id\":\"https:\\\/\\\/www.zipwall.eu\\\/de\\\/accessoires\\\/#primaryimage\"},\"thumbnailUrl\":\"https:\\\/\\\/www.zipwall.eu\\\/wp-content\\\/uploads\\\/\\\/MS4_strip_rgb_4appl_product-150x42.jpg\",\"datePublished\":\"2015-11-26T17:01:32+00:00\",\"dateModified\":\"2019-03-20T16:06:35+00:00\",\"breadcrumb\":{\"@id\":\"https:\\\/\\\/www.zipwall.eu\\\/de\\\/accessoires\\\/#breadcrumb\"},\"inLanguage\":\"de-DE\",\"potentialAction\":[{\"@type\":\"ReadAction\",\"target\":[\"https:\\\/\\\/www.zipwall.eu\\\/de\\\/accessoires\\\/\"]}]},{\"@type\":\"ImageObject\",\"inLanguage\":\"de-DE\",\"@id\":\"https:\\\/\\\/www.zipwall.eu\\\/de\\\/accessoires\\\/#primaryimage\",\"url\":\"https:\\\/\\\/www.zipwall.eu\\\/wp-content\\\/uploads\\\/\\\/MS4_strip_rgb_4appl_product-150x42.jpg\",\"contentUrl\":\"https:\\\/\\\/www.zipwall.eu\\\/wp-content\\\/uploads\\\/\\\/MS4_strip_rgb_4appl_product-150x42.jpg\"},{\"@type\":\"BreadcrumbList\",\"@id\":\"https:\\\/\\\/www.zipwall.eu\\\/de\\\/accessoires\\\/#breadcrumb\",\"itemListElement\":[{\"@type\":\"ListItem\",\"position\":1,\"name\":\"Home\",\"item\":\"https:\\\/\\\/www.zipwall.eu\\\/de\\\/\"},{\"@type\":\"ListItem\",\"position\":2,\"name\":\"Sonderteile und Zubeh\u00f6r\"}]},{\"@type\":\"WebSite\",\"@id\":\"https:\\\/\\\/www.zipwall.eu\\\/#website\",\"url\":\"https:\\\/\\\/www.zipwall.eu\\\/\",\"name\":\"ZipWall\",\"description\":\"Dust Barrier System\",\"potentialAction\":[{\"@type\":\"SearchAction\",\"target\":{\"@type\":\"EntryPoint\",\"urlTemplate\":\"https:\\\/\\\/www.zipwall.eu\\\/?s={search_term_string}\"},\"query-input\":{\"@type\":\"PropertyValueSpecification\",\"valueRequired\":true,\"valueName\":\"search_term_string\"}}],\"inLanguage\":\"de-DE\"}]}<\/script>\n<!-- \/ Yoast SEO plugin. -->","yoast_head_json":{"title":"Sonderteile und Zubeh\u00f6r - ZipWall","robots":{"index":"index","follow":"follow","max-snippet":"max-snippet:-1","max-image-preview":"max-image-preview:large","max-video-preview":"max-video-preview:-1"},"canonical":"https:\/\/www.zipwall.eu\/de\/accessoires\/","og_locale":"de_DE","og_type":"article","og_title":"Sonderteile und Zubeh\u00f6r - ZipWall","og_description":"ZipWall\u00ae Staubfangmatte MagStrip\u2122 Staubschutzwand-Befestigung Edge\u2122 Kopf und rutschfeste Platte Tragetaschen Diese n\u00fctzlichen Produkte helfen Ihnen, einen undurchl\u00e4\u00dfigen&nbsp;Staubschutz aufzubauen und das Beste aus Ihrem ZipWall\u00ae System herauszuholen.","og_url":"https:\/\/www.zipwall.eu\/de\/accessoires\/","og_site_name":"ZipWall","article_publisher":"https:\/\/www.facebook.com\/ZipWall-121135931283666\/","article_modified_time":"2019-03-20T16:06:35+00:00","og_image":[{"url":"https:\/\/www.zipwall.eu\/wp-content\/uploads\/ZWTM_mat_RGB_Product_web-135x200.jpg","type":"","width":"","height":""}],"twitter_card":"summary_large_image","twitter_site":"@ZipWall","schema":{"@context":"https:\/\/schema.org","@graph":[{"@type":"WebPage","@id":"https:\/\/www.zipwall.eu\/de\/accessoires\/","url":"https:\/\/www.zipwall.eu\/de\/accessoires\/","name":"Sonderteile und Zubeh\u00f6r - ZipWall","isPartOf":{"@id":"https:\/\/www.zipwall.eu\/#website"},"primaryImageOfPage":{"@id":"https:\/\/www.zipwall.eu\/de\/accessoires\/#primaryimage"},"image":{"@id":"https:\/\/www.zipwall.eu\/de\/accessoires\/#primaryimage"},"thumbnailUrl":"https:\/\/www.zipwall.eu\/wp-content\/uploads\/\/MS4_strip_rgb_4appl_product-150x42.jpg","datePublished":"2015-11-26T17:01:32+00:00","dateModified":"2019-03-20T16:06:35+00:00","breadcrumb":{"@id":"https:\/\/www.zipwall.eu\/de\/accessoires\/#breadcrumb"},"inLanguage":"de-DE","potentialAction":[{"@type":"ReadAction","target":["https:\/\/www.zipwall.eu\/de\/accessoires\/"]}]},{"@type":"ImageObject","inLanguage":"de-DE","@id":"https:\/\/www.zipwall.eu\/de\/accessoires\/#primaryimage","url":"https:\/\/www.zipwall.eu\/wp-content\/uploads\/\/MS4_strip_rgb_4appl_product-150x42.jpg","contentUrl":"https:\/\/www.zipwall.eu\/wp-content\/uploads\/\/MS4_strip_rgb_4appl_product-150x42.jpg"},{"@type":"BreadcrumbList","@id":"https:\/\/www.zipwall.eu\/de\/accessoires\/#breadcrumb","itemListElement":[{"@type":"ListItem","position":1,"name":"Home","item":"https:\/\/www.zipwall.eu\/de\/"},{"@type":"ListItem","position":2,"name":"Sonderteile und Zubeh\u00f6r"}]},{"@type":"WebSite","@id":"https:\/\/www.zipwall.eu\/#website","url":"https:\/\/www.zipwall.eu\/","name":"ZipWall","description":"Dust Barrier System","potentialAction":[{"@type":"SearchAction","target":{"@type":"EntryPoint","urlTemplate":"https:\/\/www.zipwall.eu\/?s={search_term_string}"},"query-input":{"@type":"PropertyValueSpecification","valueRequired":true,"valueName":"search_term_string"}}],"inLanguage":"de-DE"}]}},"_links":{"self":[{"href":"https:\/\/www.zipwall.eu\/de\/wp-json\/wp\/v2\/pages\/1883","targetHints":{"allow":["GET"]}}],"collection":[{"href":"https:\/\/www.zipwall.eu\/de\/wp-json\/wp\/v2\/pages"}],"about":[{"href":"https:\/\/www.zipwall.eu\/de\/wp-json\/wp\/v2\/types\/page"}],"author":[{"embeddable":true,"href":"https:\/\/www.zipwall.eu\/de\/wp-json\/wp\/v2\/users\/1"}],"replies":[{"embeddable":true,"href":"https:\/\/www.zipwall.eu\/de\/wp-json\/wp\/v2\/comments?post=1883"}],"version-history":[{"count":0,"href":"https:\/\/www.zipwall.eu\/de\/wp-json\/wp\/v2\/pages\/1883\/revisions"}],"wp:attachment":[{"href":"https:\/\/www.zipwall.eu\/de\/wp-json\/wp\/v2\/media?parent=1883"}],"curies":[{"name":"wp","href":"https:\/\/api.w.org\/{rel}","templated":true}]}}