{"id":1895,"date":"2015-11-25T09:50:17","date_gmt":"2015-11-25T14:50:17","guid":{"rendered":"http:\/\/www.zipwall.eu\/de\/sideclamp-mounts\/"},"modified":"2019-03-20T11:30:06","modified_gmt":"2019-03-20T15:30:06","slug":"sideclamp-mounts","status":"publish","type":"page","link":"https:\/\/www.zipwall.eu\/de\/sideclamp-mounts\/","title":{"rendered":"Wandbefestigungen"},"content":{"rendered":"<table class=\"prod\">\n<tbody>\n<tr>\n<td width=\"33%\"><a href=\"https:\/\/www.zipwall.eu\/product\/sidebridge-wall-mount-4-pack\/\"><img decoding=\"async\" src=\"http:\/\/www.zipwall.eu\/wp-content\/uploads\/SBR4_rgb_product_fullsize-292x200.jpg\" alt=\"SideBridge\" width=\"200\"><br \/>\nSBR4<br \/>\nSideBridge\u2122 klebebandfreie Wandabdichtung<\/a><\/td>\n<td>\n<figure id=\"attachment_95\" aria-describedby=\"caption-attachment-95\" style=\"width: 180px\" class=\"wp-caption alignnone\"><a href=\"https:\/\/www.zipwall.eu\/product\/sideclamp-wall-mount-2-pack\/\"><img loading=\"lazy\" decoding=\"async\" class=\"wp-image-95 size-thumbnail\" src=\"\/wp-content\/uploads\/SC2-180x135.jpg\" alt=\"SideClamp\u2122 Tapeless Seal Clamp 2-Pack\" width=\"180\" height=\"135\"><\/a><figcaption id=\"caption-attachment-95\" class=\"wp-caption-text\">SC2<br \/> <a href=\"https:\/\/www.zipwall.eu\/product\/sideclamp-wall-mount-2-pack\/\">SideClamp\u2122 klebebandfreie Abdichtungsklemme, 2er-Pack<\/a><\/figcaption><\/figure>\n<p><p class=\"product woocommerce add_to_cart_inline \" style=\"border:4px solid #ccc; padding: 12px;\">\t<span id=\"woocommerce_loop_add_to_cart_link_describedby_60\" class=\"screen-reader-text\">\n\t\t\t<\/span>\n<\/p><\/td>\n<td>\n<figure id=\"attachment_2860\" aria-describedby=\"caption-attachment-2860\" style=\"width: 150px\" class=\"wp-caption alignnone\"><a href=\"https:\/\/www.zipwall.eu\/de\/product\/sidepack-bandloses-versiegelungskit\/\"><img loading=\"lazy\" decoding=\"async\" class=\"wp-image-2860 size-thumbnail\" src=\"https:\/\/www.zipwall.eu\/wp-content\/uploads\/\/SDPK_RGB_Product-150x116.jpg\" alt=\"SidePack\u2122 Bandloses Versiegelungskit\" width=\"150\" height=\"116\" srcset=\"https:\/\/www.zipwall.eu\/wp-content\/uploads\/SDPK_RGB_Product-150x116.jpg 150w, https:\/\/www.zipwall.eu\/wp-content\/uploads\/SDPK_RGB_Product-200x154.jpg 200w, https:\/\/www.zipwall.eu\/wp-content\/uploads\/SDPK_RGB_Product-300x232.jpg 300w, https:\/\/www.zipwall.eu\/wp-content\/uploads\/SDPK_RGB_Product-259x200.jpg 259w, https:\/\/www.zipwall.eu\/wp-content\/uploads\/SDPK_RGB_Product-450x347.jpg 450w\" sizes=\"auto, (max-width: 150px) 100vw, 150px\" \/><\/a><figcaption id=\"caption-attachment-2860\" class=\"wp-caption-text\">SDPK<br \/> <a href=\"https:\/\/www.zipwall.eu\/product\/sidepack-wall-mount-kit\/\"> SidePack\u2122 Wandbefestigungskit<\/a><\/figcaption><\/figure>\n<p><p class=\"product woocommerce add_to_cart_inline \" style=\"border:4px solid #ccc; padding: 12px;\">\t<span id=\"woocommerce_loop_add_to_cart_link_describedby_61\" class=\"screen-reader-text\">\n\t\t\t<\/span>\n<\/p><\/td>\n<\/tr>\n<\/tbody>\n<\/table>\n<a href=\"https:\/\/www.youtube.com\/embed\/B8vYRhLfhyc?autoplay=1&#038;rel=0\" class=\"popup\" data-width=\"600\" data-height=\"400\" data-scrollbars=\"1\" alt=\"popup\"><img decoding=\"async\" src=\"\/wp-content\/uploads\/howdiw-de-video.png\"><\/a>\n<div class=\"term-description\">\n<p>Wird die ZipWall<sup>\u00ae<\/sup> Stange direkt an der Wand verwendet, dichten die SideClamp\u2122 klebebandfreien Abdichtungsklemmen die&nbsp;Schutzwand mittels der&nbsp;FoamRail\u2122 klebebandfreien Abdichtungen entlang der Wand ab. Die FoamRail\u2122 klebebandfreien Abdichtungen&nbsp;k\u00f6nnen einfach an die SideClamp\u2122 klebebandfreien Abdichtungsklemmen angedr\u00fcckt werden. Zur Verwendung mit herk\u00f6mmlicher Kunststoff-Folie oder mit ZipFast\u2122 wiederverwendbaren Schutzwandsegmenten.<\/p>\n<p><strong>Der&nbsp;2er-Pack<\/strong> enth\u00e4lt zwei SideClamp\u2122 klebebandfreie Abdichtungsklemmen&nbsp;zur Verwendung mit FoamRail\u2122 klebebandfreien Abdichtungen. <em>FoamRail\u2122 klebebandfreie Abdichtungen sind nicht inbegriffen.<\/em><\/p>\n<p><strong>Der SidePack\u2122 Wandbefestigungskit<\/strong>&nbsp;enth\u00e4lt sechs SideClamp\u2122 klebebandfreie Abdichtungsklemmen, sechs 0,9m lange FoamRail\u2122 klebebandfreie Abdichtungen, und eine ZipWall<sup>\u00ae<\/sup> Tragetasche. Dichtet zwei jeweils 2,74m hohe W\u00e4nde auf beiden Seiten der&nbsp; ZipWall<sup>\u00ae<\/sup> Schutzwand ab.<\/p>\n<ul class=\"specs\">\n<li>Staubundurchl\u00e4\u00dfige Abdichtung entlang der Wand<\/li>\n<li>Perfekt f\u00fcr Arbeiten in Wohn- oder Gesch\u00e4ftsr\u00e4umen<\/li>\n<li>Ideal f\u00fcr Arbeiten in Gesundheitseinrichtungen<\/li>\n<li>Keine Leitern und&nbsp;kein&nbsp;Klebeband erforderlich<\/li>\n<li>Stabile Polykarbonat-Konstruktion<\/li>\n<\/ul>\n<\/div>\n","protected":false},"excerpt":{"rendered":"<p>SBR4 SideBridge\u2122 klebebandfreie Wandabdichtung Wird die ZipWall\u00ae Stange direkt an der Wand verwendet, dichten die SideClamp\u2122 klebebandfreien Abdichtungsklemmen die&nbsp;Schutzwand mittels der&nbsp;FoamRail\u2122 klebebandfreien Abdichtungen entlang der Wand ab. Die FoamRail\u2122 klebebandfreien Abdichtungen&nbsp;k\u00f6nnen einfach an die SideClamp\u2122 klebebandfreien Abdichtungsklemmen angedr\u00fcckt werden. Zur Verwendung mit herk\u00f6mmlicher Kunststoff-Folie oder mit ZipFast\u2122 wiederverwendbaren Schutzwandsegmenten. Der&nbsp;2er-Pack enth\u00e4lt zwei SideClamp\u2122 klebebandfreie Abdichtungsklemmen&nbsp;zur &hellip; <a href=\"https:\/\/www.zipwall.eu\/de\/sideclamp-mounts\/\" class=\"more-link\"><span class=\"screen-reader-text\">Wandbefestigungen<\/span> weiterlesen <span class=\"meta-nav\">&rarr;<\/span><\/a><\/p>\n","protected":false},"author":1,"featured_media":0,"parent":0,"menu_order":0,"comment_status":"closed","ping_status":"closed","template":"","meta":{"footnotes":""},"class_list":["post-1895","page","type-page","status-publish","hentry"],"yoast_head":"<!-- This site is optimized with the Yoast SEO plugin v27.5 - https:\/\/yoast.com\/product\/yoast-seo-wordpress\/ -->\n<title>Wandbefestigungen - ZipWall<\/title>\n<meta name=\"robots\" content=\"index, follow, max-snippet:-1, max-image-preview:large, max-video-preview:-1\" \/>\n<link rel=\"canonical\" href=\"https:\/\/www.zipwall.eu\/de\/sideclamp-mounts\/\" \/>\n<meta property=\"og:locale\" content=\"de_DE\" \/>\n<meta property=\"og:type\" content=\"article\" \/>\n<meta property=\"og:title\" content=\"Wandbefestigungen - ZipWall\" \/>\n<meta property=\"og:description\" content=\"SBR4 SideBridge\u2122 klebebandfreie Wandabdichtung Wird die ZipWall\u00ae Stange direkt an der Wand verwendet, dichten die SideClamp\u2122 klebebandfreien Abdichtungsklemmen die&nbsp;Schutzwand mittels der&nbsp;FoamRail\u2122 klebebandfreien Abdichtungen entlang der Wand ab. Die FoamRail\u2122 klebebandfreien Abdichtungen&nbsp;k\u00f6nnen einfach an die SideClamp\u2122 klebebandfreien Abdichtungsklemmen angedr\u00fcckt werden. Zur Verwendung mit herk\u00f6mmlicher Kunststoff-Folie oder mit ZipFast\u2122 wiederverwendbaren Schutzwandsegmenten. Der&nbsp;2er-Pack enth\u00e4lt zwei SideClamp\u2122 klebebandfreie Abdichtungsklemmen&nbsp;zur &hellip; Wandbefestigungen weiterlesen &rarr;\" \/>\n<meta property=\"og:url\" content=\"https:\/\/www.zipwall.eu\/de\/sideclamp-mounts\/\" \/>\n<meta property=\"og:site_name\" content=\"ZipWall\" \/>\n<meta property=\"article:publisher\" content=\"https:\/\/www.facebook.com\/ZipWall-121135931283666\/\" \/>\n<meta property=\"article:modified_time\" content=\"2019-03-20T15:30:06+00:00\" \/>\n<meta property=\"og:image\" content=\"http:\/\/www.zipwall.eu\/wp-content\/uploads\/SBR4_rgb_product_fullsize-292x200.jpg\" \/>\n<meta name=\"twitter:card\" content=\"summary_large_image\" \/>\n<meta name=\"twitter:site\" content=\"@ZipWall\" \/>\n<meta name=\"twitter:label1\" content=\"Gesch\u00e4tzte Lesezeit\" \/>\n\t<meta name=\"twitter:data1\" content=\"1 Minute\" \/>\n<script type=\"application\/ld+json\" class=\"yoast-schema-graph\">{\"@context\":\"https:\\\/\\\/schema.org\",\"@graph\":[{\"@type\":\"WebPage\",\"@id\":\"https:\\\/\\\/www.zipwall.eu\\\/de\\\/sideclamp-mounts\\\/\",\"url\":\"https:\\\/\\\/www.zipwall.eu\\\/de\\\/sideclamp-mounts\\\/\",\"name\":\"Wandbefestigungen - ZipWall\",\"isPartOf\":{\"@id\":\"https:\\\/\\\/www.zipwall.eu\\\/#website\"},\"primaryImageOfPage\":{\"@id\":\"https:\\\/\\\/www.zipwall.eu\\\/de\\\/sideclamp-mounts\\\/#primaryimage\"},\"image\":{\"@id\":\"https:\\\/\\\/www.zipwall.eu\\\/de\\\/sideclamp-mounts\\\/#primaryimage\"},\"thumbnailUrl\":\"http:\\\/\\\/www.zipwall.eu\\\/wp-content\\\/uploads\\\/SBR4_rgb_product_fullsize-292x200.jpg\",\"datePublished\":\"2015-11-25T14:50:17+00:00\",\"dateModified\":\"2019-03-20T15:30:06+00:00\",\"breadcrumb\":{\"@id\":\"https:\\\/\\\/www.zipwall.eu\\\/de\\\/sideclamp-mounts\\\/#breadcrumb\"},\"inLanguage\":\"de-DE\",\"potentialAction\":[{\"@type\":\"ReadAction\",\"target\":[\"https:\\\/\\\/www.zipwall.eu\\\/de\\\/sideclamp-mounts\\\/\"]}]},{\"@type\":\"ImageObject\",\"inLanguage\":\"de-DE\",\"@id\":\"https:\\\/\\\/www.zipwall.eu\\\/de\\\/sideclamp-mounts\\\/#primaryimage\",\"url\":\"http:\\\/\\\/www.zipwall.eu\\\/wp-content\\\/uploads\\\/SBR4_rgb_product_fullsize-292x200.jpg\",\"contentUrl\":\"http:\\\/\\\/www.zipwall.eu\\\/wp-content\\\/uploads\\\/SBR4_rgb_product_fullsize-292x200.jpg\"},{\"@type\":\"BreadcrumbList\",\"@id\":\"https:\\\/\\\/www.zipwall.eu\\\/de\\\/sideclamp-mounts\\\/#breadcrumb\",\"itemListElement\":[{\"@type\":\"ListItem\",\"position\":1,\"name\":\"Home\",\"item\":\"https:\\\/\\\/www.zipwall.eu\\\/de\\\/\"},{\"@type\":\"ListItem\",\"position\":2,\"name\":\"Wandbefestigungen\"}]},{\"@type\":\"WebSite\",\"@id\":\"https:\\\/\\\/www.zipwall.eu\\\/#website\",\"url\":\"https:\\\/\\\/www.zipwall.eu\\\/\",\"name\":\"ZipWall\",\"description\":\"Dust Barrier System\",\"potentialAction\":[{\"@type\":\"SearchAction\",\"target\":{\"@type\":\"EntryPoint\",\"urlTemplate\":\"https:\\\/\\\/www.zipwall.eu\\\/?s={search_term_string}\"},\"query-input\":{\"@type\":\"PropertyValueSpecification\",\"valueRequired\":true,\"valueName\":\"search_term_string\"}}],\"inLanguage\":\"de-DE\"}]}<\/script>\n<!-- \/ Yoast SEO plugin. -->","yoast_head_json":{"title":"Wandbefestigungen - ZipWall","robots":{"index":"index","follow":"follow","max-snippet":"max-snippet:-1","max-image-preview":"max-image-preview:large","max-video-preview":"max-video-preview:-1"},"canonical":"https:\/\/www.zipwall.eu\/de\/sideclamp-mounts\/","og_locale":"de_DE","og_type":"article","og_title":"Wandbefestigungen - ZipWall","og_description":"SBR4 SideBridge\u2122 klebebandfreie Wandabdichtung Wird die ZipWall\u00ae Stange direkt an der Wand verwendet, dichten die SideClamp\u2122 klebebandfreien Abdichtungsklemmen die&nbsp;Schutzwand mittels der&nbsp;FoamRail\u2122 klebebandfreien Abdichtungen entlang der Wand ab. Die FoamRail\u2122 klebebandfreien Abdichtungen&nbsp;k\u00f6nnen einfach an die SideClamp\u2122 klebebandfreien Abdichtungsklemmen angedr\u00fcckt werden. Zur Verwendung mit herk\u00f6mmlicher Kunststoff-Folie oder mit ZipFast\u2122 wiederverwendbaren Schutzwandsegmenten. Der&nbsp;2er-Pack enth\u00e4lt zwei SideClamp\u2122 klebebandfreie Abdichtungsklemmen&nbsp;zur &hellip; Wandbefestigungen weiterlesen &rarr;","og_url":"https:\/\/www.zipwall.eu\/de\/sideclamp-mounts\/","og_site_name":"ZipWall","article_publisher":"https:\/\/www.facebook.com\/ZipWall-121135931283666\/","article_modified_time":"2019-03-20T15:30:06+00:00","og_image":[{"url":"http:\/\/www.zipwall.eu\/wp-content\/uploads\/SBR4_rgb_product_fullsize-292x200.jpg","type":"","width":"","height":""}],"twitter_card":"summary_large_image","twitter_site":"@ZipWall","twitter_misc":{"Gesch\u00e4tzte Lesezeit":"1 Minute"},"schema":{"@context":"https:\/\/schema.org","@graph":[{"@type":"WebPage","@id":"https:\/\/www.zipwall.eu\/de\/sideclamp-mounts\/","url":"https:\/\/www.zipwall.eu\/de\/sideclamp-mounts\/","name":"Wandbefestigungen - ZipWall","isPartOf":{"@id":"https:\/\/www.zipwall.eu\/#website"},"primaryImageOfPage":{"@id":"https:\/\/www.zipwall.eu\/de\/sideclamp-mounts\/#primaryimage"},"image":{"@id":"https:\/\/www.zipwall.eu\/de\/sideclamp-mounts\/#primaryimage"},"thumbnailUrl":"http:\/\/www.zipwall.eu\/wp-content\/uploads\/SBR4_rgb_product_fullsize-292x200.jpg","datePublished":"2015-11-25T14:50:17+00:00","dateModified":"2019-03-20T15:30:06+00:00","breadcrumb":{"@id":"https:\/\/www.zipwall.eu\/de\/sideclamp-mounts\/#breadcrumb"},"inLanguage":"de-DE","potentialAction":[{"@type":"ReadAction","target":["https:\/\/www.zipwall.eu\/de\/sideclamp-mounts\/"]}]},{"@type":"ImageObject","inLanguage":"de-DE","@id":"https:\/\/www.zipwall.eu\/de\/sideclamp-mounts\/#primaryimage","url":"http:\/\/www.zipwall.eu\/wp-content\/uploads\/SBR4_rgb_product_fullsize-292x200.jpg","contentUrl":"http:\/\/www.zipwall.eu\/wp-content\/uploads\/SBR4_rgb_product_fullsize-292x200.jpg"},{"@type":"BreadcrumbList","@id":"https:\/\/www.zipwall.eu\/de\/sideclamp-mounts\/#breadcrumb","itemListElement":[{"@type":"ListItem","position":1,"name":"Home","item":"https:\/\/www.zipwall.eu\/de\/"},{"@type":"ListItem","position":2,"name":"Wandbefestigungen"}]},{"@type":"WebSite","@id":"https:\/\/www.zipwall.eu\/#website","url":"https:\/\/www.zipwall.eu\/","name":"ZipWall","description":"Dust Barrier System","potentialAction":[{"@type":"SearchAction","target":{"@type":"EntryPoint","urlTemplate":"https:\/\/www.zipwall.eu\/?s={search_term_string}"},"query-input":{"@type":"PropertyValueSpecification","valueRequired":true,"valueName":"search_term_string"}}],"inLanguage":"de-DE"}]}},"_links":{"self":[{"href":"https:\/\/www.zipwall.eu\/de\/wp-json\/wp\/v2\/pages\/1895","targetHints":{"allow":["GET"]}}],"collection":[{"href":"https:\/\/www.zipwall.eu\/de\/wp-json\/wp\/v2\/pages"}],"about":[{"href":"https:\/\/www.zipwall.eu\/de\/wp-json\/wp\/v2\/types\/page"}],"author":[{"embeddable":true,"href":"https:\/\/www.zipwall.eu\/de\/wp-json\/wp\/v2\/users\/1"}],"replies":[{"embeddable":true,"href":"https:\/\/www.zipwall.eu\/de\/wp-json\/wp\/v2\/comments?post=1895"}],"version-history":[{"count":0,"href":"https:\/\/www.zipwall.eu\/de\/wp-json\/wp\/v2\/pages\/1895\/revisions"}],"wp:attachment":[{"href":"https:\/\/www.zipwall.eu\/de\/wp-json\/wp\/v2\/media?parent=1895"}],"curies":[{"name":"wp","href":"https:\/\/api.w.org\/{rel}","templated":true}]}}