{"id":1897,"date":"2015-11-25T10:10:32","date_gmt":"2015-11-25T15:10:32","guid":{"rendered":"http:\/\/www.zipwall.eu\/de\/zipfast-barrier-panels\/"},"modified":"2019-01-02T14:25:30","modified_gmt":"2019-01-02T19:25:30","slug":"zipfast-barrier-panels","status":"publish","type":"page","link":"https:\/\/www.zipwall.eu\/de\/zipfast-barrier-panels\/","title":{"rendered":"ZipFast\u2122 wiederverwendbare Wandsegmente"},"content":{"rendered":"<table class=\"prod\">\n<tbody>\n<tr>\n<td>\n<figure id=\"attachment_2720\" aria-describedby=\"caption-attachment-2720\" style=\"width: 150px\" class=\"wp-caption alignnone\"><a href=\"https:\/\/www.zipwall.eu\/de\/product\/multi-pack\/\"><img loading=\"lazy\" decoding=\"async\" class=\"wp-image-2720 size-thumbnail\" src=\"http:\/\/www.zipwall.eu\/wp-content\/uploads\/ZFMP_RGB_Product_3D-150x113.jpg\" alt=\"ZipFast\u2122 Multi-Pack\" width=\"150\" height=\"113\" \/><\/a><figcaption id=\"caption-attachment-2720\" class=\"wp-caption-text\">ZFMP<br \/> <a href=\"https:\/\/www.zipwall.eu\/product\/zipfastmulti-pack\/\">ZipFast\u2122 Multi-Pack<\/a><\/figcaption><\/figure>\n<p><p class=\"product woocommerce add_to_cart_inline \" style=\"border:4px solid #ccc; padding: 12px;\">\t<span id=\"woocommerce_loop_add_to_cart_link_describedby_67\" class=\"screen-reader-text\">\n\t\t\t<\/span>\n<\/p><\/td>\n<td>&nbsp;<\/p>\n<figure id=\"attachment_2717\" aria-describedby=\"caption-attachment-2717\" style=\"width: 116px\" class=\"wp-caption alignnone\"><a href=\"https:\/\/www.zipwall.eu\/de\/product\/103m-trennpaneel\/\"><img loading=\"lazy\" decoding=\"async\" class=\"wp-image-2717 size-thumbnail\" src=\"https:\/\/www.zipwall.eu\/wp-content\/uploads\/\/ZF10_RGB_Product-116x150.jpg\" alt=\"ZipFast\u2122 10'|3m Trendwand\" width=\"116\" height=\"150\" srcset=\"https:\/\/www.zipwall.eu\/wp-content\/uploads\/ZF10_RGB_Product-116x150.jpg 116w, https:\/\/www.zipwall.eu\/wp-content\/uploads\/ZF10_RGB_Product-200x259.jpg 200w, https:\/\/www.zipwall.eu\/wp-content\/uploads\/ZF10_RGB_Product-300x389.jpg 300w, https:\/\/www.zipwall.eu\/wp-content\/uploads\/ZF10_RGB_Product-154x200.jpg 154w, https:\/\/www.zipwall.eu\/wp-content\/uploads\/ZF10_RGB_Product-347x450.jpg 347w, https:\/\/www.zipwall.eu\/wp-content\/uploads\/ZF10_RGB_Product.jpg 1389w\" sizes=\"auto, (max-width: 116px) 100vw, 116px\" \/><\/a><figcaption id=\"caption-attachment-2717\" class=\"wp-caption-text\">ZF10<br \/> <a href=\"https:\/\/www.zipwall.eu\/product\/zipfast10-panel\/\">ZipFast\u2122 10 3m-Segment<\/a><\/figcaption><\/figure>\n<p><p class=\"product woocommerce add_to_cart_inline \" style=\"border:4px solid #ccc; padding: 12px;\">\t<span id=\"woocommerce_loop_add_to_cart_link_describedby_68\" class=\"screen-reader-text\">\n\t\t\t<\/span>\n<\/p><\/td>\n<td>\n<figure id=\"attachment_2714\" aria-describedby=\"caption-attachment-2714\" style=\"width: 116px\" class=\"wp-caption alignnone\"><a href=\"https:\/\/www.zipwall.eu\/de\/product\/515m-trennpaneel\/\"><img loading=\"lazy\" decoding=\"async\" class=\"wp-image-2714 size-thumbnail\" src=\"https:\/\/www.zipwall.eu\/wp-content\/uploads\/\/ZF5_RGB_Product-e1460730584598-116x150.jpg\" alt=\"ZipFast\u2122 5'|1,5m Trendwand\" width=\"116\" height=\"150\" srcset=\"https:\/\/www.zipwall.eu\/wp-content\/uploads\/ZF5_RGB_Product-e1460730584598-116x150.jpg 116w, https:\/\/www.zipwall.eu\/wp-content\/uploads\/ZF5_RGB_Product-e1460730584598-154x200.jpg 154w, https:\/\/www.zipwall.eu\/wp-content\/uploads\/ZF5_RGB_Product-e1460730584598-348x450.jpg 348w\" sizes=\"auto, (max-width: 116px) 100vw, 116px\" \/><\/a><figcaption id=\"caption-attachment-2714\" class=\"wp-caption-text\">ZF5<br \/><a href=\"https:\/\/www.zipwall.eu\/product\/zipfast-2-5-panel\/\">ZipFast\u2122 5 1,5m-Segment<\/a><\/figcaption><\/figure>\n<p><p class=\"product woocommerce add_to_cart_inline \" style=\"border:4px solid #ccc; padding: 12px;\">\t<span id=\"woocommerce_loop_add_to_cart_link_describedby_69\" class=\"screen-reader-text\">\n\t\t\t<\/span>\n<\/p><\/td>\n<td>\n<figure id=\"attachment_2723\" aria-describedby=\"caption-attachment-2723\" style=\"width: 116px\" class=\"wp-caption alignnone\"><a href=\"https:\/\/www.zipwall.eu\/de\/product\/2-576cm-trennpaneel\/\"><img loading=\"lazy\" decoding=\"async\" class=\"wp-image-2723 size-thumbnail\" src=\"http:\/\/www.zipwall.eu\/wp-content\/uploads\/ZF2_RGB_Product-116x150.jpg\" alt=\"ZipFast\u2122 2.5'|76 cm Trendwand\" width=\"116\" height=\"150\" \/><\/a><figcaption id=\"caption-attachment-2723\" class=\"wp-caption-text\">ZF2<br \/> <a href=\"https:\/\/www.zipwall.eu\/product\/zipfast-2-5-panel\/\">ZipFast\u2122 2.5 76cm-Segment<\/a><\/figcaption><\/figure>\n<p><p class=\"product woocommerce add_to_cart_inline \" style=\"border:4px solid #ccc; padding: 12px;\">\t<span id=\"woocommerce_loop_add_to_cart_link_describedby_70\" class=\"screen-reader-text\">\n\t\t\t<\/span>\n<\/p><\/td>\n<\/tr>\n<\/tbody>\n<\/table>\n<p><a href=\"https:\/\/www.youtube.com\/embed\/nDwVQ_T2qbw?rel=0\" class=\"popup\" data-width=\"600\" data-height=\"400\" data-scrollbars=\"1\" alt=\"popup\"><img decoding=\"async\" src=\"\/wp-content\/uploads\/howdiw-de-video.png\" \/><\/a><br \/>\n&nbsp;<\/p>\n<div class=\"term-description\">\nDank der ZipFast\u2122 wiederverwendbaren Schutzwandsegmente m\u00fcssen Sie nie wieder Kunststoff-Folie kaufen.\u00a0Sie sind jederzeit einsetzbar. Die Segmente k\u00f6nnen schnell und einfach mit Rei\u00dfverschl\u00fcssen zu einer beliebig breiten Staubschutzwand zusammengef\u00fcgt werden. Ein\u00a0Rei\u00dfverschluss-Eingang ist bereits installiert. Das 76cm-Segment l\u00e4sst Sie die T\u00fcr genau dort platzieren, wo sie ben\u00f6tigt wird. Einfacher in der Anwendung, kosteng\u00fcnstiger und umweltfreundlicher als Kunststoff-Folie. Als Multi-Pack oder einzeln erh\u00e4ltlich. <em>Stangen sind nicht inbegriffen.<\/em><\/p>\n<p><strong>Der Multi-Pack<\/strong> enth\u00e4lt drei 1,5m x 3,6m Segmente, ein 76cm x 3,6m Segment und eine ZipFast\u2122 Tragetasche.<\/p>\n<p><strong>Die ZipFast\u2122 10 Packung<\/strong>\u00a0enth\u00e4lt ein 3m x 3,6m Segment.<\/p>\n<p><strong>Die ZipFast\u2122 5<\/strong>\u00a0<strong>Packung\u00a0<\/strong>enth\u00e4lt ein 1,5m x 3,6m Segment.<\/p>\n<p><strong>Die ZipFast\u2122 2.5 Packung\u00a0<\/strong>enth\u00e4lt ein 76cm x 3,6m Segment.<\/p>\n<ul class=\"specs\">\n<li>Rechnet\u00a0sich in weniger als 7 Anwendungen<\/li>\n<li>Einfach in der Anwendung \u2013 kein Messen oder Zuschneiden<\/li>\n<li>Luftdichte Segmente aus starkem Nylongewebe<\/li>\n<li>Maschinenwaschbar mit eingen\u00e4hten Heavy-Duty-Rei\u00dfverschl\u00fcssen<\/li>\n<li>Schafft Privatsph\u00e4re und verbirgt Unordnung<\/li>\n<li>Zur Verwendung mit ZipWall<sup>\u00ae<\/sup> Stangen und Zubeh\u00f6r<strong>\u00a0<\/strong><\/li>\n<\/ul>\n<p><a class=\"redbtn\" href=\"https:\/\/www.zipwall.eu\/de\/springloaded-poles\/\">Brauchen Sie Stangen?<\/a><\/p>\n<\/div>\n","protected":false},"excerpt":{"rendered":"<p>&nbsp; &nbsp; Dank der ZipFast\u2122 wiederverwendbaren Schutzwandsegmente m\u00fcssen Sie nie wieder Kunststoff-Folie kaufen.\u00a0Sie sind jederzeit einsetzbar. Die Segmente k\u00f6nnen schnell und einfach mit Rei\u00dfverschl\u00fcssen zu einer beliebig breiten Staubschutzwand zusammengef\u00fcgt werden. Ein\u00a0Rei\u00dfverschluss-Eingang ist bereits installiert. Das 76cm-Segment l\u00e4sst Sie die T\u00fcr genau dort platzieren, wo sie ben\u00f6tigt wird. Einfacher in der Anwendung, kosteng\u00fcnstiger und umweltfreundlicher &hellip; <a href=\"https:\/\/www.zipwall.eu\/de\/zipfast-barrier-panels\/\" class=\"more-link\"><span class=\"screen-reader-text\">ZipFast\u2122 wiederverwendbare Wandsegmente<\/span> weiterlesen <span class=\"meta-nav\">&rarr;<\/span><\/a><\/p>\n","protected":false},"author":1,"featured_media":0,"parent":0,"menu_order":0,"comment_status":"closed","ping_status":"closed","template":"","meta":{"footnotes":""},"class_list":["post-1897","page","type-page","status-publish","hentry"],"yoast_head":"<!-- This site is optimized with the Yoast SEO plugin v27.4 - https:\/\/yoast.com\/product\/yoast-seo-wordpress\/ -->\n<title>ZipFast\u2122 wiederverwendbare Wandsegmente - ZipWall<\/title>\n<meta name=\"robots\" content=\"index, follow, max-snippet:-1, max-image-preview:large, max-video-preview:-1\" \/>\n<link rel=\"canonical\" href=\"https:\/\/www.zipwall.eu\/de\/zipfast-barrier-panels\/\" \/>\n<meta property=\"og:locale\" content=\"de_DE\" \/>\n<meta property=\"og:type\" content=\"article\" \/>\n<meta property=\"og:title\" content=\"ZipFast\u2122 wiederverwendbare Wandsegmente - ZipWall\" \/>\n<meta property=\"og:description\" content=\"&nbsp; &nbsp; Dank der ZipFast\u2122 wiederverwendbaren Schutzwandsegmente m\u00fcssen Sie nie wieder Kunststoff-Folie kaufen.\u00a0Sie sind jederzeit einsetzbar. Die Segmente k\u00f6nnen schnell und einfach mit Rei\u00dfverschl\u00fcssen zu einer beliebig breiten Staubschutzwand zusammengef\u00fcgt werden. Ein\u00a0Rei\u00dfverschluss-Eingang ist bereits installiert. Das 76cm-Segment l\u00e4sst Sie die T\u00fcr genau dort platzieren, wo sie ben\u00f6tigt wird. Einfacher in der Anwendung, kosteng\u00fcnstiger und umweltfreundlicher &hellip; ZipFast\u2122 wiederverwendbare Wandsegmente weiterlesen &rarr;\" \/>\n<meta property=\"og:url\" content=\"https:\/\/www.zipwall.eu\/de\/zipfast-barrier-panels\/\" \/>\n<meta property=\"og:site_name\" content=\"ZipWall\" \/>\n<meta property=\"article:publisher\" content=\"https:\/\/www.facebook.com\/ZipWall-121135931283666\/\" \/>\n<meta property=\"article:modified_time\" content=\"2019-01-02T19:25:30+00:00\" \/>\n<meta property=\"og:image\" content=\"http:\/\/www.zipwall.eu\/wp-content\/uploads\/ZFMP_RGB_Product_3D-150x113.jpg\" \/>\n<meta name=\"twitter:card\" content=\"summary_large_image\" \/>\n<meta name=\"twitter:site\" content=\"@ZipWall\" \/>\n<meta name=\"twitter:label1\" content=\"Gesch\u00e4tzte Lesezeit\" \/>\n\t<meta name=\"twitter:data1\" content=\"1 Minute\" \/>\n<script type=\"application\/ld+json\" class=\"yoast-schema-graph\">{\"@context\":\"https:\\\/\\\/schema.org\",\"@graph\":[{\"@type\":\"WebPage\",\"@id\":\"https:\\\/\\\/www.zipwall.eu\\\/de\\\/zipfast-barrier-panels\\\/\",\"url\":\"https:\\\/\\\/www.zipwall.eu\\\/de\\\/zipfast-barrier-panels\\\/\",\"name\":\"ZipFast\u2122 wiederverwendbare Wandsegmente - ZipWall\",\"isPartOf\":{\"@id\":\"https:\\\/\\\/www.zipwall.eu\\\/#website\"},\"primaryImageOfPage\":{\"@id\":\"https:\\\/\\\/www.zipwall.eu\\\/de\\\/zipfast-barrier-panels\\\/#primaryimage\"},\"image\":{\"@id\":\"https:\\\/\\\/www.zipwall.eu\\\/de\\\/zipfast-barrier-panels\\\/#primaryimage\"},\"thumbnailUrl\":\"http:\\\/\\\/www.zipwall.eu\\\/wp-content\\\/uploads\\\/ZFMP_RGB_Product_3D-150x113.jpg\",\"datePublished\":\"2015-11-25T15:10:32+00:00\",\"dateModified\":\"2019-01-02T19:25:30+00:00\",\"breadcrumb\":{\"@id\":\"https:\\\/\\\/www.zipwall.eu\\\/de\\\/zipfast-barrier-panels\\\/#breadcrumb\"},\"inLanguage\":\"de-DE\",\"potentialAction\":[{\"@type\":\"ReadAction\",\"target\":[\"https:\\\/\\\/www.zipwall.eu\\\/de\\\/zipfast-barrier-panels\\\/\"]}]},{\"@type\":\"ImageObject\",\"inLanguage\":\"de-DE\",\"@id\":\"https:\\\/\\\/www.zipwall.eu\\\/de\\\/zipfast-barrier-panels\\\/#primaryimage\",\"url\":\"http:\\\/\\\/www.zipwall.eu\\\/wp-content\\\/uploads\\\/ZFMP_RGB_Product_3D-150x113.jpg\",\"contentUrl\":\"http:\\\/\\\/www.zipwall.eu\\\/wp-content\\\/uploads\\\/ZFMP_RGB_Product_3D-150x113.jpg\"},{\"@type\":\"BreadcrumbList\",\"@id\":\"https:\\\/\\\/www.zipwall.eu\\\/de\\\/zipfast-barrier-panels\\\/#breadcrumb\",\"itemListElement\":[{\"@type\":\"ListItem\",\"position\":1,\"name\":\"Home\",\"item\":\"https:\\\/\\\/www.zipwall.eu\\\/de\\\/\"},{\"@type\":\"ListItem\",\"position\":2,\"name\":\"ZipFast\u2122 wiederverwendbare Wandsegmente\"}]},{\"@type\":\"WebSite\",\"@id\":\"https:\\\/\\\/www.zipwall.eu\\\/#website\",\"url\":\"https:\\\/\\\/www.zipwall.eu\\\/\",\"name\":\"ZipWall\",\"description\":\"Dust Barrier System\",\"potentialAction\":[{\"@type\":\"SearchAction\",\"target\":{\"@type\":\"EntryPoint\",\"urlTemplate\":\"https:\\\/\\\/www.zipwall.eu\\\/?s={search_term_string}\"},\"query-input\":{\"@type\":\"PropertyValueSpecification\",\"valueRequired\":true,\"valueName\":\"search_term_string\"}}],\"inLanguage\":\"de-DE\"}]}<\/script>\n<!-- \/ Yoast SEO plugin. -->","yoast_head_json":{"title":"ZipFast\u2122 wiederverwendbare Wandsegmente - ZipWall","robots":{"index":"index","follow":"follow","max-snippet":"max-snippet:-1","max-image-preview":"max-image-preview:large","max-video-preview":"max-video-preview:-1"},"canonical":"https:\/\/www.zipwall.eu\/de\/zipfast-barrier-panels\/","og_locale":"de_DE","og_type":"article","og_title":"ZipFast\u2122 wiederverwendbare Wandsegmente - ZipWall","og_description":"&nbsp; &nbsp; Dank der ZipFast\u2122 wiederverwendbaren Schutzwandsegmente m\u00fcssen Sie nie wieder Kunststoff-Folie kaufen.\u00a0Sie sind jederzeit einsetzbar. Die Segmente k\u00f6nnen schnell und einfach mit Rei\u00dfverschl\u00fcssen zu einer beliebig breiten Staubschutzwand zusammengef\u00fcgt werden. Ein\u00a0Rei\u00dfverschluss-Eingang ist bereits installiert. Das 76cm-Segment l\u00e4sst Sie die T\u00fcr genau dort platzieren, wo sie ben\u00f6tigt wird. Einfacher in der Anwendung, kosteng\u00fcnstiger und umweltfreundlicher &hellip; ZipFast\u2122 wiederverwendbare Wandsegmente weiterlesen &rarr;","og_url":"https:\/\/www.zipwall.eu\/de\/zipfast-barrier-panels\/","og_site_name":"ZipWall","article_publisher":"https:\/\/www.facebook.com\/ZipWall-121135931283666\/","article_modified_time":"2019-01-02T19:25:30+00:00","og_image":[{"url":"http:\/\/www.zipwall.eu\/wp-content\/uploads\/ZFMP_RGB_Product_3D-150x113.jpg","type":"","width":"","height":""}],"twitter_card":"summary_large_image","twitter_site":"@ZipWall","twitter_misc":{"Gesch\u00e4tzte Lesezeit":"1 Minute"},"schema":{"@context":"https:\/\/schema.org","@graph":[{"@type":"WebPage","@id":"https:\/\/www.zipwall.eu\/de\/zipfast-barrier-panels\/","url":"https:\/\/www.zipwall.eu\/de\/zipfast-barrier-panels\/","name":"ZipFast\u2122 wiederverwendbare Wandsegmente - ZipWall","isPartOf":{"@id":"https:\/\/www.zipwall.eu\/#website"},"primaryImageOfPage":{"@id":"https:\/\/www.zipwall.eu\/de\/zipfast-barrier-panels\/#primaryimage"},"image":{"@id":"https:\/\/www.zipwall.eu\/de\/zipfast-barrier-panels\/#primaryimage"},"thumbnailUrl":"http:\/\/www.zipwall.eu\/wp-content\/uploads\/ZFMP_RGB_Product_3D-150x113.jpg","datePublished":"2015-11-25T15:10:32+00:00","dateModified":"2019-01-02T19:25:30+00:00","breadcrumb":{"@id":"https:\/\/www.zipwall.eu\/de\/zipfast-barrier-panels\/#breadcrumb"},"inLanguage":"de-DE","potentialAction":[{"@type":"ReadAction","target":["https:\/\/www.zipwall.eu\/de\/zipfast-barrier-panels\/"]}]},{"@type":"ImageObject","inLanguage":"de-DE","@id":"https:\/\/www.zipwall.eu\/de\/zipfast-barrier-panels\/#primaryimage","url":"http:\/\/www.zipwall.eu\/wp-content\/uploads\/ZFMP_RGB_Product_3D-150x113.jpg","contentUrl":"http:\/\/www.zipwall.eu\/wp-content\/uploads\/ZFMP_RGB_Product_3D-150x113.jpg"},{"@type":"BreadcrumbList","@id":"https:\/\/www.zipwall.eu\/de\/zipfast-barrier-panels\/#breadcrumb","itemListElement":[{"@type":"ListItem","position":1,"name":"Home","item":"https:\/\/www.zipwall.eu\/de\/"},{"@type":"ListItem","position":2,"name":"ZipFast\u2122 wiederverwendbare Wandsegmente"}]},{"@type":"WebSite","@id":"https:\/\/www.zipwall.eu\/#website","url":"https:\/\/www.zipwall.eu\/","name":"ZipWall","description":"Dust Barrier System","potentialAction":[{"@type":"SearchAction","target":{"@type":"EntryPoint","urlTemplate":"https:\/\/www.zipwall.eu\/?s={search_term_string}"},"query-input":{"@type":"PropertyValueSpecification","valueRequired":true,"valueName":"search_term_string"}}],"inLanguage":"de-DE"}]}},"_links":{"self":[{"href":"https:\/\/www.zipwall.eu\/de\/wp-json\/wp\/v2\/pages\/1897","targetHints":{"allow":["GET"]}}],"collection":[{"href":"https:\/\/www.zipwall.eu\/de\/wp-json\/wp\/v2\/pages"}],"about":[{"href":"https:\/\/www.zipwall.eu\/de\/wp-json\/wp\/v2\/types\/page"}],"author":[{"embeddable":true,"href":"https:\/\/www.zipwall.eu\/de\/wp-json\/wp\/v2\/users\/1"}],"replies":[{"embeddable":true,"href":"https:\/\/www.zipwall.eu\/de\/wp-json\/wp\/v2\/comments?post=1897"}],"version-history":[{"count":0,"href":"https:\/\/www.zipwall.eu\/de\/wp-json\/wp\/v2\/pages\/1897\/revisions"}],"wp:attachment":[{"href":"https:\/\/www.zipwall.eu\/de\/wp-json\/wp\/v2\/media?parent=1897"}],"curies":[{"name":"wp","href":"https:\/\/api.w.org\/{rel}","templated":true}]}}