{"id":1898,"date":"2015-11-25T10:15:03","date_gmt":"2015-11-25T15:15:03","guid":{"rendered":"http:\/\/www.zipwall.eu\/de\/zipfast-panels-flame-retardant\/"},"modified":"2018-07-30T14:42:49","modified_gmt":"2018-07-30T18:42:49","slug":"zipfast-panels-flame-retardant","status":"publish","type":"page","link":"https:\/\/www.zipwall.eu\/de\/zipfast-panels-flame-retardant\/","title":{"rendered":"ZipFast\u2122 wiederverwendbare Segmente, flammhemmend"},"content":{"rendered":"<table class=\"prod\" style=\"height: 374px;\" width=\"624\">\n<tbody>\n<tr>\n<td>\n<figure id=\"attachment_2790\" aria-describedby=\"caption-attachment-2790\" style=\"width: 150px\" class=\"wp-caption alignnone\"><a href=\"https:\/\/www.zipwall.eu\/de\/?post_type=product&#038;p=1774\"><img loading=\"lazy\" decoding=\"async\" class=\"wp-image-2790 size-thumbnail\" src=\"http:\/\/www.zipwall.eu\/wp-content\/uploads\/ZFMPR_RGB_Product_3D-150x113.jpg\" alt=\"ZipFast\u2122 Multi-Pack \u2013 Flammhemmend\" width=\"150\" height=\"113\" \/><\/a><figcaption id=\"caption-attachment-2790\" class=\"wp-caption-text\">ZFMPR<br \/> <a href=\"https:\/\/www.zipwall.eu\/?post_type=product&#038;p=71\">ZipFast\u2122 Multi-Pack,\u00a0<span style=\"color: #ff6600;\">flammhemmend<\/span><\/a><\/figcaption><\/figure>\n<p><p class=\"product woocommerce add_to_cart_inline \" style=\"border:4px solid #ccc; padding: 12px;\">\t<span id=\"woocommerce_loop_add_to_cart_link_describedby_71\" class=\"screen-reader-text\">\n\t\t\t<\/span>\n<\/p><\/td>\n<td>\n<figure id=\"attachment_2801\" aria-describedby=\"caption-attachment-2801\" style=\"width: 116px\" class=\"wp-caption alignnone\"><a href=\"https:\/\/www.zipwall.eu\/de\/?post_type=product&#038;p=1773\"><img loading=\"lazy\" decoding=\"async\" class=\"wp-image-2801 size-thumbnail\" src=\"http:\/\/www.zipwall.eu\/wp-content\/uploads\/ZF10R_RGB_Product-116x150.jpg\" alt=\"ZipFast\u2122 10'|3m Trendwand - Flammhemmend\" width=\"116\" height=\"150\" \/><\/a><figcaption id=\"caption-attachment-2801\" class=\"wp-caption-text\">ZF10R<br \/> <a href=\"https:\/\/www.zipwall.eu\/?post_type=product&#038;p=72\">ZipFast\u2122 10 3m-Segment, <\/a><a href=\"https:\/\/www.zipwall.eu\/?post_type=product&#038;p=71\"><span style=\"color: #ff6600;\">flammhemmend<\/span><\/a><\/figcaption><\/figure>\n<p><p class=\"product woocommerce add_to_cart_inline \" style=\"border:4px solid #ccc; padding: 12px;\">\t<span id=\"woocommerce_loop_add_to_cart_link_describedby_72\" class=\"screen-reader-text\">\n\t\t\t<\/span>\n<\/p><\/td>\n<td>\n<figure id=\"attachment_2798\" aria-describedby=\"caption-attachment-2798\" style=\"width: 116px\" class=\"wp-caption alignnone\"><a href=\"https:\/\/www.zipwall.eu\/de\/?post_type=product&#038;p=1772\"><img loading=\"lazy\" decoding=\"async\" class=\"wp-image-2798 size-thumbnail\" src=\"http:\/\/www.zipwall.eu\/wp-content\/uploads\/ZF5R_RGB_Product-116x150.jpg\" alt=\"ZipFast\u2122 5' |1,5m Trendwand - Flammhemmend\" width=\"116\" height=\"150\" \/><\/a><figcaption id=\"caption-attachment-2798\" class=\"wp-caption-text\">ZF5R<br \/> <a href=\"https:\/\/www.zipwall.eu\/?post_type=product&#038;p=73\">ZipFast\u2122 5 1,5m-Segment, <\/a><a href=\"https:\/\/www.zipwall.eu\/?post_type=product&#038;p=71\"><span style=\"color: #ff6600;\">flammhemmend<\/span><\/a><\/figcaption><\/figure>\n<p><p class=\"product woocommerce add_to_cart_inline \" style=\"border:4px solid #ccc; padding: 12px;\">\t<span id=\"woocommerce_loop_add_to_cart_link_describedby_73\" class=\"screen-reader-text\">\n\t\t\t<\/span>\n<\/p><\/td>\n<td>&nbsp;<\/p>\n<figure id=\"attachment_2795\" aria-describedby=\"caption-attachment-2795\" style=\"width: 116px\" class=\"wp-caption alignnone\"><a href=\"https:\/\/www.zipwall.eu\/de\/?post_type=product&#038;p=1771\"><img loading=\"lazy\" decoding=\"async\" class=\"wp-image-2795 size-thumbnail\" src=\"http:\/\/www.zipwall.eu\/wp-content\/uploads\/ZF2R_RGB_Product-116x150.jpg\" alt=\"ZipFast\u2122 2.5' |76cm Trendwand - Flammhemmend\" width=\"116\" height=\"150\" \/><\/a><figcaption id=\"caption-attachment-2795\" class=\"wp-caption-text\">ZF2R<br \/> <a href=\"https:\/\/www.zipwall.eu\/?post_type=product&#038;p=74\">ZipFast\u2122 2.5 76cm-Segment, <\/a><a href=\"https:\/\/www.zipwall.eu\/?post_type=product&#038;p=71\"><span style=\"color: #ff6600;\">flammhemmend<\/span><\/a><\/figcaption><\/figure>\n<p><p class=\"product woocommerce add_to_cart_inline \" style=\"border:4px solid #ccc; padding: 12px;\">\t<span id=\"woocommerce_loop_add_to_cart_link_describedby_74\" class=\"screen-reader-text\">\n\t\t\t<\/span>\n<\/p><\/td>\n<\/tr>\n<\/tbody>\n<\/table>\n<a href=\"https:\/\/www.youtube.com\/embed\/nDwVQ_T2qbw?rel=0\" class=\"popup\" data-width=\"600\" data-height=\"400\" data-scrollbars=\"1\" alt=\"popup\"><img decoding=\"async\" src=\"\/wp-content\/uploads\/howdiw-de-video.png\" \/><\/a>\n<div class=\"term-description\">\n<p>&nbsp;<\/p>\n<p><a href=\"https:\/\/www.zipwall.eu\/zipfast-barrier-panels\/\">Nicht flammhemmende Segmente <\/a><a href=\"https:\/\/www.zipwall.eu\/zipfast-panels-flame-retardant\/\">sind ebenfalls\u00a0erh\u00e4ltlich<\/a><a href=\"https:\/\/www.zipwall.eu\/zipfast-barrier-panels\/\">.<\/a><\/p>\n<p>Mit diesem Produkt k\u00f6nnen Sie Ihre Baustelle professionell vor Staub und neugierigen Blicken sch\u00fctzen\u00a0und dabei gleichzeitig die Brandschutzauflagen erf\u00fcllen. Die Segmente k\u00f6nnen schnell und einfach mit Rei\u00dfverschl\u00fcssen zu einer beliebig breiten Schutzwand zusammengef\u00fcgt werden. Ein Rei\u00dfverschluss-Eingang ist bereits installiert. Einfacher in der Anwendung, kosteng\u00fcnstiger und umweltfreundlicher als Kunststoff-Folie. Diese Segmente\u00a0sind Klasse A flammhemmend gem\u00e4\u00df Kapitel 8 des International Building Code. Als Multi-Pack oder einzeln erh\u00e4ltlich. Das 76cm-Segment ist\u00a0ideal als Schutzwand-Eingang geeignet. Flammhemmende Segmente sind nicht waschbar. <em>Stangen sind nicht inbegriffen<\/em><em>.<\/em><\/p>\n<p><strong>Multi-Pack,\u00a0<span style=\"color: #ff6600;\">flammhemmend <\/span><\/strong>enth\u00e4lt drei 1,5m x 3,6m Segmente, ein 76cm x 3,6m Segment und eine ZipFast\u2122 Tragetasche.<\/p>\n<p><strong>Die ZipFast\u2122 10 Packung,\u00a0<span style=\"color: #ff6600;\">flammhemmend<\/span><\/strong> enth\u00e4lt ein 3m x 3,6m Segment.<\/p>\n<p><strong>Die ZipFast\u2122 5\u00a0Packung,\u00a0<span style=\"color: #ff6600;\">flammhemmend<\/span><\/strong> enth\u00e4lt ein 1,5m x 3,6m Segment.<\/p>\n<p><strong>Die ZipFast\u2122 2.5 Packung,<span style=\"color: #ff6600;\">\u00a0flammhemmend <\/span><\/strong>enth\u00e4lt ein 76cm x 3,6m Segment.<\/p>\n<ul class=\"specs\">\n<li>Macht sich in weniger als 7 Anwendungen bezahlt<\/li>\n<li>Einfach in der Anwendung \u2013 kein Messen oder Zuschneiden<\/li>\n<li>Luftdichte Segmente aus starkem Nylongewebe \u2013\u00a0mit eingen\u00e4hten Heavy-Duty-Rei\u00dfverschl\u00fcssen<\/li>\n<li>Schafft Privatsph\u00e4re und verbirgt Unordnung<\/li>\n<li>Zur Verwendung mit ZipWall<sup>\u00ae<\/sup> Stangen und Zubeh\u00f6r<\/li>\n<\/ul>\n<p><a class=\"redbtn\" href=\"https:\/\/www.zipwall.eu\/de\/springloaded-poles\/\">Brauchen Sie Stangen?<\/a><\/p>\n<\/div>\n","protected":false},"excerpt":{"rendered":"<p>&nbsp; &nbsp; Nicht flammhemmende Segmente sind ebenfalls\u00a0erh\u00e4ltlich. Mit diesem Produkt k\u00f6nnen Sie Ihre Baustelle professionell vor Staub und neugierigen Blicken sch\u00fctzen\u00a0und dabei gleichzeitig die Brandschutzauflagen erf\u00fcllen. Die Segmente k\u00f6nnen schnell und einfach mit Rei\u00dfverschl\u00fcssen zu einer beliebig breiten Schutzwand zusammengef\u00fcgt werden. Ein Rei\u00dfverschluss-Eingang ist bereits installiert. Einfacher in der Anwendung, kosteng\u00fcnstiger und umweltfreundlicher als Kunststoff-Folie. &hellip; <a href=\"https:\/\/www.zipwall.eu\/de\/zipfast-panels-flame-retardant\/\" class=\"more-link\"><span class=\"screen-reader-text\">ZipFast\u2122 wiederverwendbare Segmente, flammhemmend<\/span> weiterlesen <span class=\"meta-nav\">&rarr;<\/span><\/a><\/p>\n","protected":false},"author":1,"featured_media":0,"parent":0,"menu_order":0,"comment_status":"closed","ping_status":"closed","template":"","meta":{"footnotes":""},"class_list":["post-1898","page","type-page","status-publish","hentry"],"yoast_head":"<!-- This site is optimized with the Yoast SEO plugin v27.4 - https:\/\/yoast.com\/product\/yoast-seo-wordpress\/ -->\n<title>ZipFast\u2122 wiederverwendbare Segmente, flammhemmend - ZipWall<\/title>\n<meta name=\"robots\" content=\"index, follow, max-snippet:-1, max-image-preview:large, max-video-preview:-1\" \/>\n<link rel=\"canonical\" href=\"https:\/\/www.zipwall.eu\/de\/zipfast-panels-flame-retardant\/\" \/>\n<meta property=\"og:locale\" content=\"de_DE\" \/>\n<meta property=\"og:type\" content=\"article\" \/>\n<meta property=\"og:title\" content=\"ZipFast\u2122 wiederverwendbare Segmente, flammhemmend - ZipWall\" \/>\n<meta property=\"og:description\" content=\"&nbsp; &nbsp; Nicht flammhemmende Segmente sind ebenfalls\u00a0erh\u00e4ltlich. Mit diesem Produkt k\u00f6nnen Sie Ihre Baustelle professionell vor Staub und neugierigen Blicken sch\u00fctzen\u00a0und dabei gleichzeitig die Brandschutzauflagen erf\u00fcllen. Die Segmente k\u00f6nnen schnell und einfach mit Rei\u00dfverschl\u00fcssen zu einer beliebig breiten Schutzwand zusammengef\u00fcgt werden. Ein Rei\u00dfverschluss-Eingang ist bereits installiert. Einfacher in der Anwendung, kosteng\u00fcnstiger und umweltfreundlicher als Kunststoff-Folie. &hellip; ZipFast\u2122 wiederverwendbare Segmente, flammhemmend weiterlesen &rarr;\" \/>\n<meta property=\"og:url\" content=\"https:\/\/www.zipwall.eu\/de\/zipfast-panels-flame-retardant\/\" \/>\n<meta property=\"og:site_name\" content=\"ZipWall\" \/>\n<meta property=\"article:publisher\" content=\"https:\/\/www.facebook.com\/ZipWall-121135931283666\/\" \/>\n<meta property=\"article:modified_time\" content=\"2018-07-30T18:42:49+00:00\" \/>\n<meta property=\"og:image\" content=\"http:\/\/www.zipwall.eu\/wp-content\/uploads\/ZFMPR_RGB_Product_3D-150x113.jpg\" \/>\n<meta name=\"twitter:card\" content=\"summary_large_image\" \/>\n<meta name=\"twitter:site\" content=\"@ZipWall\" \/>\n<meta name=\"twitter:label1\" content=\"Gesch\u00e4tzte Lesezeit\" \/>\n\t<meta name=\"twitter:data1\" content=\"1 Minute\" \/>\n<script type=\"application\/ld+json\" class=\"yoast-schema-graph\">{\"@context\":\"https:\\\/\\\/schema.org\",\"@graph\":[{\"@type\":\"WebPage\",\"@id\":\"https:\\\/\\\/www.zipwall.eu\\\/de\\\/zipfast-panels-flame-retardant\\\/\",\"url\":\"https:\\\/\\\/www.zipwall.eu\\\/de\\\/zipfast-panels-flame-retardant\\\/\",\"name\":\"ZipFast\u2122 wiederverwendbare Segmente, flammhemmend - ZipWall\",\"isPartOf\":{\"@id\":\"https:\\\/\\\/www.zipwall.eu\\\/#website\"},\"primaryImageOfPage\":{\"@id\":\"https:\\\/\\\/www.zipwall.eu\\\/de\\\/zipfast-panels-flame-retardant\\\/#primaryimage\"},\"image\":{\"@id\":\"https:\\\/\\\/www.zipwall.eu\\\/de\\\/zipfast-panels-flame-retardant\\\/#primaryimage\"},\"thumbnailUrl\":\"http:\\\/\\\/www.zipwall.eu\\\/wp-content\\\/uploads\\\/ZFMPR_RGB_Product_3D-150x113.jpg\",\"datePublished\":\"2015-11-25T15:15:03+00:00\",\"dateModified\":\"2018-07-30T18:42:49+00:00\",\"breadcrumb\":{\"@id\":\"https:\\\/\\\/www.zipwall.eu\\\/de\\\/zipfast-panels-flame-retardant\\\/#breadcrumb\"},\"inLanguage\":\"de-DE\",\"potentialAction\":[{\"@type\":\"ReadAction\",\"target\":[\"https:\\\/\\\/www.zipwall.eu\\\/de\\\/zipfast-panels-flame-retardant\\\/\"]}]},{\"@type\":\"ImageObject\",\"inLanguage\":\"de-DE\",\"@id\":\"https:\\\/\\\/www.zipwall.eu\\\/de\\\/zipfast-panels-flame-retardant\\\/#primaryimage\",\"url\":\"http:\\\/\\\/www.zipwall.eu\\\/wp-content\\\/uploads\\\/ZFMPR_RGB_Product_3D-150x113.jpg\",\"contentUrl\":\"http:\\\/\\\/www.zipwall.eu\\\/wp-content\\\/uploads\\\/ZFMPR_RGB_Product_3D-150x113.jpg\"},{\"@type\":\"BreadcrumbList\",\"@id\":\"https:\\\/\\\/www.zipwall.eu\\\/de\\\/zipfast-panels-flame-retardant\\\/#breadcrumb\",\"itemListElement\":[{\"@type\":\"ListItem\",\"position\":1,\"name\":\"Home\",\"item\":\"https:\\\/\\\/www.zipwall.eu\\\/de\\\/\"},{\"@type\":\"ListItem\",\"position\":2,\"name\":\"ZipFast\u2122 wiederverwendbare Segmente, flammhemmend\"}]},{\"@type\":\"WebSite\",\"@id\":\"https:\\\/\\\/www.zipwall.eu\\\/#website\",\"url\":\"https:\\\/\\\/www.zipwall.eu\\\/\",\"name\":\"ZipWall\",\"description\":\"Dust Barrier System\",\"potentialAction\":[{\"@type\":\"SearchAction\",\"target\":{\"@type\":\"EntryPoint\",\"urlTemplate\":\"https:\\\/\\\/www.zipwall.eu\\\/?s={search_term_string}\"},\"query-input\":{\"@type\":\"PropertyValueSpecification\",\"valueRequired\":true,\"valueName\":\"search_term_string\"}}],\"inLanguage\":\"de-DE\"}]}<\/script>\n<!-- \/ Yoast SEO plugin. -->","yoast_head_json":{"title":"ZipFast\u2122 wiederverwendbare Segmente, flammhemmend - ZipWall","robots":{"index":"index","follow":"follow","max-snippet":"max-snippet:-1","max-image-preview":"max-image-preview:large","max-video-preview":"max-video-preview:-1"},"canonical":"https:\/\/www.zipwall.eu\/de\/zipfast-panels-flame-retardant\/","og_locale":"de_DE","og_type":"article","og_title":"ZipFast\u2122 wiederverwendbare Segmente, flammhemmend - ZipWall","og_description":"&nbsp; &nbsp; Nicht flammhemmende Segmente sind ebenfalls\u00a0erh\u00e4ltlich. Mit diesem Produkt k\u00f6nnen Sie Ihre Baustelle professionell vor Staub und neugierigen Blicken sch\u00fctzen\u00a0und dabei gleichzeitig die Brandschutzauflagen erf\u00fcllen. Die Segmente k\u00f6nnen schnell und einfach mit Rei\u00dfverschl\u00fcssen zu einer beliebig breiten Schutzwand zusammengef\u00fcgt werden. Ein Rei\u00dfverschluss-Eingang ist bereits installiert. Einfacher in der Anwendung, kosteng\u00fcnstiger und umweltfreundlicher als Kunststoff-Folie. &hellip; ZipFast\u2122 wiederverwendbare Segmente, flammhemmend weiterlesen &rarr;","og_url":"https:\/\/www.zipwall.eu\/de\/zipfast-panels-flame-retardant\/","og_site_name":"ZipWall","article_publisher":"https:\/\/www.facebook.com\/ZipWall-121135931283666\/","article_modified_time":"2018-07-30T18:42:49+00:00","og_image":[{"url":"http:\/\/www.zipwall.eu\/wp-content\/uploads\/ZFMPR_RGB_Product_3D-150x113.jpg","type":"","width":"","height":""}],"twitter_card":"summary_large_image","twitter_site":"@ZipWall","twitter_misc":{"Gesch\u00e4tzte Lesezeit":"1 Minute"},"schema":{"@context":"https:\/\/schema.org","@graph":[{"@type":"WebPage","@id":"https:\/\/www.zipwall.eu\/de\/zipfast-panels-flame-retardant\/","url":"https:\/\/www.zipwall.eu\/de\/zipfast-panels-flame-retardant\/","name":"ZipFast\u2122 wiederverwendbare Segmente, flammhemmend - ZipWall","isPartOf":{"@id":"https:\/\/www.zipwall.eu\/#website"},"primaryImageOfPage":{"@id":"https:\/\/www.zipwall.eu\/de\/zipfast-panels-flame-retardant\/#primaryimage"},"image":{"@id":"https:\/\/www.zipwall.eu\/de\/zipfast-panels-flame-retardant\/#primaryimage"},"thumbnailUrl":"http:\/\/www.zipwall.eu\/wp-content\/uploads\/ZFMPR_RGB_Product_3D-150x113.jpg","datePublished":"2015-11-25T15:15:03+00:00","dateModified":"2018-07-30T18:42:49+00:00","breadcrumb":{"@id":"https:\/\/www.zipwall.eu\/de\/zipfast-panels-flame-retardant\/#breadcrumb"},"inLanguage":"de-DE","potentialAction":[{"@type":"ReadAction","target":["https:\/\/www.zipwall.eu\/de\/zipfast-panels-flame-retardant\/"]}]},{"@type":"ImageObject","inLanguage":"de-DE","@id":"https:\/\/www.zipwall.eu\/de\/zipfast-panels-flame-retardant\/#primaryimage","url":"http:\/\/www.zipwall.eu\/wp-content\/uploads\/ZFMPR_RGB_Product_3D-150x113.jpg","contentUrl":"http:\/\/www.zipwall.eu\/wp-content\/uploads\/ZFMPR_RGB_Product_3D-150x113.jpg"},{"@type":"BreadcrumbList","@id":"https:\/\/www.zipwall.eu\/de\/zipfast-panels-flame-retardant\/#breadcrumb","itemListElement":[{"@type":"ListItem","position":1,"name":"Home","item":"https:\/\/www.zipwall.eu\/de\/"},{"@type":"ListItem","position":2,"name":"ZipFast\u2122 wiederverwendbare Segmente, flammhemmend"}]},{"@type":"WebSite","@id":"https:\/\/www.zipwall.eu\/#website","url":"https:\/\/www.zipwall.eu\/","name":"ZipWall","description":"Dust Barrier System","potentialAction":[{"@type":"SearchAction","target":{"@type":"EntryPoint","urlTemplate":"https:\/\/www.zipwall.eu\/?s={search_term_string}"},"query-input":{"@type":"PropertyValueSpecification","valueRequired":true,"valueName":"search_term_string"}}],"inLanguage":"de-DE"}]}},"_links":{"self":[{"href":"https:\/\/www.zipwall.eu\/de\/wp-json\/wp\/v2\/pages\/1898","targetHints":{"allow":["GET"]}}],"collection":[{"href":"https:\/\/www.zipwall.eu\/de\/wp-json\/wp\/v2\/pages"}],"about":[{"href":"https:\/\/www.zipwall.eu\/de\/wp-json\/wp\/v2\/types\/page"}],"author":[{"embeddable":true,"href":"https:\/\/www.zipwall.eu\/de\/wp-json\/wp\/v2\/users\/1"}],"replies":[{"embeddable":true,"href":"https:\/\/www.zipwall.eu\/de\/wp-json\/wp\/v2\/comments?post=1898"}],"version-history":[{"count":0,"href":"https:\/\/www.zipwall.eu\/de\/wp-json\/wp\/v2\/pages\/1898\/revisions"}],"wp:attachment":[{"href":"https:\/\/www.zipwall.eu\/de\/wp-json\/wp\/v2\/media?parent=1898"}],"curies":[{"name":"wp","href":"https:\/\/api.w.org\/{rel}","templated":true}]}}