{"id":1900,"date":"2015-11-25T10:03:33","date_gmt":"2015-11-25T15:03:33","guid":{"rendered":"http:\/\/www.zipwall.eu\/de\/zipwall-zippers\/"},"modified":"2018-07-30T14:37:04","modified_gmt":"2018-07-30T18:37:04","slug":"zipwall-zippers","status":"publish","type":"page","link":"https:\/\/www.zipwall.eu\/de\/zipwall-zippers\/","title":{"rendered":"ZipWall\u00ae selbstklebende Rei\u00dfverschl\u00fcsse"},"content":{"rendered":"<table class=\"prod\">\n<tbody>\n<tr>\n<td>\n<figure id=\"attachment_2698\" aria-describedby=\"caption-attachment-2698\" style=\"width: 150px\" class=\"wp-caption alignnone\"><a href=\"https:\/\/www.zipwall.eu\/de\/product\/zipwall-heavy-duty-reissverschluss-zwoelferpack\/\"><img loading=\"lazy\" decoding=\"async\" class=\"wp-image-2698 size-thumbnail\" src=\"http:\/\/www.zipwall.eu\/wp-content\/uploads\/HDAZ12_RGB_Product-150x99.jpg\" alt=\" Der ZipWall\u00ae Heavy-Duty-Rei\u00dfverschluss Zw\u00f6lferpack\" width=\"150\" height=\"99\" \/><\/a><figcaption id=\"caption-attachment-2698\" class=\"wp-caption-text\">HD12<br \/><a href=\"https:\/\/www.zipwall.eu\/product\/zipwall-heavy-duty-zipper-12-pack\/\">ZipWall\u00ae Heavy-Duty-Rei\u00dfverschluss, 12er-Pack<\/a><\/figcaption><\/figure>\n<p><p class=\"product woocommerce add_to_cart_inline \" style=\"border:4px solid #ccc; padding: 12px;\">\t<span id=\"woocommerce_loop_add_to_cart_link_describedby_63\" class=\"screen-reader-text\">\n\t\t\t<\/span>\n<\/p><\/td>\n<td>\n<figure id=\"attachment_2695\" aria-describedby=\"caption-attachment-2695\" style=\"width: 143px\" class=\"wp-caption alignnone\"><a href=\"https:\/\/www.zipwall.eu\/de\/product\/zipwall-heavy-duty-reissverschluss-doppelpack\/\"><img loading=\"lazy\" decoding=\"async\" class=\"wp-image-2695 size-thumbnail\" src=\"http:\/\/www.zipwall.eu\/wp-content\/uploads\/HDAZ2_RGB_Product-143x150.jpg\" alt=\"Der ZipWall\u00ae Heavy-Duty-Rei\u00dfverschlusspakete Doppelpack\" width=\"143\" height=\"150\" \/><\/a><figcaption id=\"caption-attachment-2695\" class=\"wp-caption-text\">HDAZ2<br \/><a href=\"https:\/\/www.zipwall.eu\/product\/zipwall-heavy-duty-zipper-2-pack\/\">ZipWall\u00ae Heavy-Duty-Rei\u00dfverschluss, 2er-Pack<\/a><\/figcaption><\/figure>\n<p><p class=\"product woocommerce add_to_cart_inline \" style=\"border:4px solid #ccc; padding: 12px;\">\t<span id=\"woocommerce_loop_add_to_cart_link_describedby_62\" class=\"screen-reader-text\">\n\t\t\t<\/span>\n<\/p><\/td>\n<td>\n<figure id=\"attachment_2692\" aria-describedby=\"caption-attachment-2692\" style=\"width: 150px\" class=\"wp-caption alignnone\"><a href=\"https:\/\/www.zipwall.eu\/de\/product\/zipwall-standard-reissverschluss-doppelpack\/\"><img loading=\"lazy\" decoding=\"async\" class=\"wp-image-2692 size-thumbnail\" src=\"http:\/\/www.zipwall.eu\/wp-content\/uploads\/AZ2_RGB_Product-150x132.jpg\" alt=\"ZipWall\u00ae Standard-Rei\u00dfverschluss Doppelpack\" width=\"150\" height=\"132\" \/><\/a><figcaption id=\"caption-attachment-2692\" class=\"wp-caption-text\">AZ2<br \/> <a href=\"https:\/\/www.zipwall.eu\/product\/zipwall-standard-zipper-2-pack\/\">ZipWall\u00ae Standard-Rei\u00dfverschluss, 2er-Pack<\/a><\/figcaption><\/figure>\n<p><p class=\"product woocommerce add_to_cart_inline \" style=\"border:4px solid #ccc; padding: 12px;\">\t<span id=\"woocommerce_loop_add_to_cart_link_describedby_64\" class=\"screen-reader-text\">\n\t\t\t<\/span>\n<\/p><\/td>\n<\/tr>\n<\/tbody>\n<\/table>\n<a href=\"https:\/\/www.youtube.com\/embed\/Rfk193EkYsU?autoplay=1&#038;rel=0\" class=\"popup\" data-width=\"600\" data-height=\"400\" data-scrollbars=\"1\" alt=\"popup\"><img decoding=\"async\" src=\"\/wp-content\/uploads\/howdiw-de-video.png\" \/><\/a>\n<div class=\"term-description\">\n<p>Mit ZipWall\u00ae selbstklebenden Rei\u00dfverschl\u00fcssen k\u00f6nnen Sie schnell einen Eingang in einer Staubschutzwand schaffen, durch den Sie den Arbeitsbereich einfach betreten und verlassen k\u00f6nnen. Entfernen Sie einfach die Schutzfolie und kleben Sie den Rei\u00dfverschluss auf die Staubschutzwand. Danach \u00f6ffnen Sie den Rei\u00dfverschluss und schneiden die Kunststoff-Folie ein, um einen Eingang herzustellen.<\/p>\n<p>Heavy-Duty-Rei\u00dfverschl\u00fcsse haben eine gr\u00f6\u00dfere Klebefl\u00e4che und haften daher besser. Die 7,6cm breiten Heavy-Duty-Rei\u00dfverschl\u00fcsse halten starkem Verkehr stand und sind daher ideal geeignet f\u00fcr Bereiche mit starkem Durchgangsverkehr. Beide Heavy-Duty-Rei\u00dfverschlusspakete enthalten den speziellen ZipperKnife\u2122 Folienschneider, der eine breite \u00d6ffnung schneidet, so dass der Rei\u00dfverschluss nie klemmt. Alle ZipWall<sup>\u00ae<\/sup> Rei\u00dfverschl\u00fcsse haben Klappenhalter, mit denen die T\u00fcrklappe einfach aufgehalten werden kann.<\/p>\n<p><strong>Der ZipWall<sup>\u00ae<\/sup> Standard-Rei\u00dfverschluss, 2er-Pack<\/strong>\u00a0enth\u00e4lt zwei Rei\u00dfverschl\u00fcsse und zwei Klappenhalter. Ein Universalmesser wird ben\u00f6tigt, um die \u00d6ffnung zu schneiden. <em>ZipperKnife\u2122 Folienschneider ist nicht inkludiert\u00a0und funktioniert mit diesem Rei\u00dfverschluss nicht.<\/em><\/p>\n<p><strong>Der ZipWall\u00ae\u00a0 Heavy-Duty-Rei\u00dfverschluss, 2er-Pack<\/strong>\u00a0enth\u00e4lt zwei Rei\u00dfverschl\u00fcsse, zwei Klappenhalter und einen ZipperKnife\u2122 Folienschneider. Dieses patentierte Messer verhindert das Einklemmen der Kunststoff-Folie im Rei\u00dfverschluss.<\/p>\n<p><strong>Der ZipWall\u00ae Heavy-Duty-Rei\u00dfverschluss, 12er-Pack<\/strong> enth\u00e4lt 12 Rei\u00dfverschl\u00fcsse, 12 Klappenhalter und einen ZipperKnife\u2122 Folienschneider. Dieses patentierte Messer verhindert das Einklemmen der Kunststoff-Folie im Rei\u00dfverschluss.<\/p>\n<ul class=\"specs\">\n<li>Selbstklebend, 2,13m lang<\/li>\n<li>Gleitet reibungslos dank gro\u00dfer, stabiler Z\u00e4hne<\/li>\n<li>Beidseitiges \u00d6ffnen\u00a0f\u00fcr einfaches Betreten und Verlassen des Arbeitsbereichs<\/li>\n<li>Klappenhalter halten die T\u00fcr offen f\u00fcr einfaches Betreten und Verlassen des Arbeitsbereichs auch\u00a0mit vollen\u00a0H\u00e4nden<\/li>\n<\/ul>\n<p>&nbsp;<\/p>\n<\/div>\n","protected":false},"excerpt":{"rendered":"<p>Mit ZipWall\u00ae selbstklebenden Rei\u00dfverschl\u00fcssen k\u00f6nnen Sie schnell einen Eingang in einer Staubschutzwand schaffen, durch den Sie den Arbeitsbereich einfach betreten und verlassen k\u00f6nnen. Entfernen Sie einfach die Schutzfolie und kleben Sie den Rei\u00dfverschluss auf die Staubschutzwand. Danach \u00f6ffnen Sie den Rei\u00dfverschluss und schneiden die Kunststoff-Folie ein, um einen Eingang herzustellen. Heavy-Duty-Rei\u00dfverschl\u00fcsse haben eine gr\u00f6\u00dfere Klebefl\u00e4che &hellip; <a href=\"https:\/\/www.zipwall.eu\/de\/zipwall-zippers\/\" class=\"more-link\"><span class=\"screen-reader-text\">ZipWall\u00ae selbstklebende Rei\u00dfverschl\u00fcsse<\/span> weiterlesen <span class=\"meta-nav\">&rarr;<\/span><\/a><\/p>\n","protected":false},"author":1,"featured_media":0,"parent":0,"menu_order":0,"comment_status":"closed","ping_status":"closed","template":"","meta":{"footnotes":""},"class_list":["post-1900","page","type-page","status-publish","hentry"],"yoast_head":"<!-- This site is optimized with the Yoast SEO plugin v27.2 - https:\/\/yoast.com\/product\/yoast-seo-wordpress\/ -->\n<title>ZipWall\u00ae selbstklebende Rei\u00dfverschl\u00fcsse - ZipWall<\/title>\n<meta name=\"robots\" content=\"index, follow, max-snippet:-1, max-image-preview:large, max-video-preview:-1\" \/>\n<link rel=\"canonical\" href=\"https:\/\/www.zipwall.eu\/de\/zipwall-zippers\/\" \/>\n<meta property=\"og:locale\" content=\"de_DE\" \/>\n<meta property=\"og:type\" content=\"article\" \/>\n<meta property=\"og:title\" content=\"ZipWall\u00ae selbstklebende Rei\u00dfverschl\u00fcsse - ZipWall\" \/>\n<meta property=\"og:description\" content=\"Mit ZipWall\u00ae selbstklebenden Rei\u00dfverschl\u00fcssen k\u00f6nnen Sie schnell einen Eingang in einer Staubschutzwand schaffen, durch den Sie den Arbeitsbereich einfach betreten und verlassen k\u00f6nnen. Entfernen Sie einfach die Schutzfolie und kleben Sie den Rei\u00dfverschluss auf die Staubschutzwand. Danach \u00f6ffnen Sie den Rei\u00dfverschluss und schneiden die Kunststoff-Folie ein, um einen Eingang herzustellen. Heavy-Duty-Rei\u00dfverschl\u00fcsse haben eine gr\u00f6\u00dfere Klebefl\u00e4che &hellip; ZipWall\u00ae selbstklebende Rei\u00dfverschl\u00fcsse weiterlesen &rarr;\" \/>\n<meta property=\"og:url\" content=\"https:\/\/www.zipwall.eu\/de\/zipwall-zippers\/\" \/>\n<meta property=\"og:site_name\" content=\"ZipWall\" \/>\n<meta property=\"article:publisher\" content=\"https:\/\/www.facebook.com\/ZipWall-121135931283666\/\" \/>\n<meta property=\"article:modified_time\" content=\"2018-07-30T18:37:04+00:00\" \/>\n<meta property=\"og:image\" content=\"http:\/\/www.zipwall.eu\/wp-content\/uploads\/HDAZ12_RGB_Product-150x99.jpg\" \/>\n<meta name=\"twitter:card\" content=\"summary_large_image\" \/>\n<meta name=\"twitter:site\" content=\"@ZipWall\" \/>\n<meta name=\"twitter:label1\" content=\"Gesch\u00e4tzte Lesezeit\" \/>\n\t<meta name=\"twitter:data1\" content=\"2 Minuten\" \/>\n<script type=\"application\/ld+json\" class=\"yoast-schema-graph\">{\"@context\":\"https:\/\/schema.org\",\"@graph\":[{\"@type\":\"WebPage\",\"@id\":\"https:\/\/www.zipwall.eu\/de\/zipwall-zippers\/\",\"url\":\"https:\/\/www.zipwall.eu\/de\/zipwall-zippers\/\",\"name\":\"ZipWall\u00ae selbstklebende Rei\u00dfverschl\u00fcsse - ZipWall\",\"isPartOf\":{\"@id\":\"https:\/\/www.zipwall.eu\/#website\"},\"primaryImageOfPage\":{\"@id\":\"https:\/\/www.zipwall.eu\/de\/zipwall-zippers\/#primaryimage\"},\"image\":{\"@id\":\"https:\/\/www.zipwall.eu\/de\/zipwall-zippers\/#primaryimage\"},\"thumbnailUrl\":\"http:\/\/www.zipwall.eu\/wp-content\/uploads\/HDAZ12_RGB_Product-150x99.jpg\",\"datePublished\":\"2015-11-25T15:03:33+00:00\",\"dateModified\":\"2018-07-30T18:37:04+00:00\",\"breadcrumb\":{\"@id\":\"https:\/\/www.zipwall.eu\/de\/zipwall-zippers\/#breadcrumb\"},\"inLanguage\":\"de-DE\",\"potentialAction\":[{\"@type\":\"ReadAction\",\"target\":[\"https:\/\/www.zipwall.eu\/de\/zipwall-zippers\/\"]}]},{\"@type\":\"ImageObject\",\"inLanguage\":\"de-DE\",\"@id\":\"https:\/\/www.zipwall.eu\/de\/zipwall-zippers\/#primaryimage\",\"url\":\"http:\/\/www.zipwall.eu\/wp-content\/uploads\/HDAZ12_RGB_Product-150x99.jpg\",\"contentUrl\":\"http:\/\/www.zipwall.eu\/wp-content\/uploads\/HDAZ12_RGB_Product-150x99.jpg\"},{\"@type\":\"BreadcrumbList\",\"@id\":\"https:\/\/www.zipwall.eu\/de\/zipwall-zippers\/#breadcrumb\",\"itemListElement\":[{\"@type\":\"ListItem\",\"position\":1,\"name\":\"Home\",\"item\":\"https:\/\/www.zipwall.eu\/de\/\"},{\"@type\":\"ListItem\",\"position\":2,\"name\":\"ZipWall\u00ae selbstklebende Rei\u00dfverschl\u00fcsse\"}]},{\"@type\":\"WebSite\",\"@id\":\"https:\/\/www.zipwall.eu\/#website\",\"url\":\"https:\/\/www.zipwall.eu\/\",\"name\":\"ZipWall\",\"description\":\"Dust Barrier System\",\"potentialAction\":[{\"@type\":\"SearchAction\",\"target\":{\"@type\":\"EntryPoint\",\"urlTemplate\":\"https:\/\/www.zipwall.eu\/?s={search_term_string}\"},\"query-input\":{\"@type\":\"PropertyValueSpecification\",\"valueRequired\":true,\"valueName\":\"search_term_string\"}}],\"inLanguage\":\"de-DE\"}]}<\/script>\n<!-- \/ Yoast SEO plugin. -->","yoast_head_json":{"title":"ZipWall\u00ae selbstklebende Rei\u00dfverschl\u00fcsse - ZipWall","robots":{"index":"index","follow":"follow","max-snippet":"max-snippet:-1","max-image-preview":"max-image-preview:large","max-video-preview":"max-video-preview:-1"},"canonical":"https:\/\/www.zipwall.eu\/de\/zipwall-zippers\/","og_locale":"de_DE","og_type":"article","og_title":"ZipWall\u00ae selbstklebende Rei\u00dfverschl\u00fcsse - ZipWall","og_description":"Mit ZipWall\u00ae selbstklebenden Rei\u00dfverschl\u00fcssen k\u00f6nnen Sie schnell einen Eingang in einer Staubschutzwand schaffen, durch den Sie den Arbeitsbereich einfach betreten und verlassen k\u00f6nnen. Entfernen Sie einfach die Schutzfolie und kleben Sie den Rei\u00dfverschluss auf die Staubschutzwand. Danach \u00f6ffnen Sie den Rei\u00dfverschluss und schneiden die Kunststoff-Folie ein, um einen Eingang herzustellen. Heavy-Duty-Rei\u00dfverschl\u00fcsse haben eine gr\u00f6\u00dfere Klebefl\u00e4che &hellip; ZipWall\u00ae selbstklebende Rei\u00dfverschl\u00fcsse weiterlesen &rarr;","og_url":"https:\/\/www.zipwall.eu\/de\/zipwall-zippers\/","og_site_name":"ZipWall","article_publisher":"https:\/\/www.facebook.com\/ZipWall-121135931283666\/","article_modified_time":"2018-07-30T18:37:04+00:00","og_image":[{"url":"http:\/\/www.zipwall.eu\/wp-content\/uploads\/HDAZ12_RGB_Product-150x99.jpg","type":"","width":"","height":""}],"twitter_card":"summary_large_image","twitter_site":"@ZipWall","twitter_misc":{"Gesch\u00e4tzte Lesezeit":"2 Minuten"},"schema":{"@context":"https:\/\/schema.org","@graph":[{"@type":"WebPage","@id":"https:\/\/www.zipwall.eu\/de\/zipwall-zippers\/","url":"https:\/\/www.zipwall.eu\/de\/zipwall-zippers\/","name":"ZipWall\u00ae selbstklebende Rei\u00dfverschl\u00fcsse - ZipWall","isPartOf":{"@id":"https:\/\/www.zipwall.eu\/#website"},"primaryImageOfPage":{"@id":"https:\/\/www.zipwall.eu\/de\/zipwall-zippers\/#primaryimage"},"image":{"@id":"https:\/\/www.zipwall.eu\/de\/zipwall-zippers\/#primaryimage"},"thumbnailUrl":"http:\/\/www.zipwall.eu\/wp-content\/uploads\/HDAZ12_RGB_Product-150x99.jpg","datePublished":"2015-11-25T15:03:33+00:00","dateModified":"2018-07-30T18:37:04+00:00","breadcrumb":{"@id":"https:\/\/www.zipwall.eu\/de\/zipwall-zippers\/#breadcrumb"},"inLanguage":"de-DE","potentialAction":[{"@type":"ReadAction","target":["https:\/\/www.zipwall.eu\/de\/zipwall-zippers\/"]}]},{"@type":"ImageObject","inLanguage":"de-DE","@id":"https:\/\/www.zipwall.eu\/de\/zipwall-zippers\/#primaryimage","url":"http:\/\/www.zipwall.eu\/wp-content\/uploads\/HDAZ12_RGB_Product-150x99.jpg","contentUrl":"http:\/\/www.zipwall.eu\/wp-content\/uploads\/HDAZ12_RGB_Product-150x99.jpg"},{"@type":"BreadcrumbList","@id":"https:\/\/www.zipwall.eu\/de\/zipwall-zippers\/#breadcrumb","itemListElement":[{"@type":"ListItem","position":1,"name":"Home","item":"https:\/\/www.zipwall.eu\/de\/"},{"@type":"ListItem","position":2,"name":"ZipWall\u00ae selbstklebende Rei\u00dfverschl\u00fcsse"}]},{"@type":"WebSite","@id":"https:\/\/www.zipwall.eu\/#website","url":"https:\/\/www.zipwall.eu\/","name":"ZipWall","description":"Dust Barrier System","potentialAction":[{"@type":"SearchAction","target":{"@type":"EntryPoint","urlTemplate":"https:\/\/www.zipwall.eu\/?s={search_term_string}"},"query-input":{"@type":"PropertyValueSpecification","valueRequired":true,"valueName":"search_term_string"}}],"inLanguage":"de-DE"}]}},"_links":{"self":[{"href":"https:\/\/www.zipwall.eu\/de\/wp-json\/wp\/v2\/pages\/1900","targetHints":{"allow":["GET"]}}],"collection":[{"href":"https:\/\/www.zipwall.eu\/de\/wp-json\/wp\/v2\/pages"}],"about":[{"href":"https:\/\/www.zipwall.eu\/de\/wp-json\/wp\/v2\/types\/page"}],"author":[{"embeddable":true,"href":"https:\/\/www.zipwall.eu\/de\/wp-json\/wp\/v2\/users\/1"}],"replies":[{"embeddable":true,"href":"https:\/\/www.zipwall.eu\/de\/wp-json\/wp\/v2\/comments?post=1900"}],"version-history":[{"count":0,"href":"https:\/\/www.zipwall.eu\/de\/wp-json\/wp\/v2\/pages\/1900\/revisions"}],"wp:attachment":[{"href":"https:\/\/www.zipwall.eu\/de\/wp-json\/wp\/v2\/media?parent=1900"}],"curies":[{"name":"wp","href":"https:\/\/api.w.org\/{rel}","templated":true}]}}