{"id":2093,"date":"2016-03-23T11:59:42","date_gmt":"2016-03-23T15:59:42","guid":{"rendered":"http:\/\/www.zipwall.eu\/de\/?page_id=2093"},"modified":"2017-02-06T16:54:59","modified_gmt":"2017-02-06T21:54:59","slug":"faqs","status":"publish","type":"page","link":"https:\/\/www.zipwall.eu\/de\/faqs\/","title":{"rendered":"H\u00e4ufig gestellte Fragen (FAQs)"},"content":{"rendered":"<p><strong><u>Allgemeine Fragen<\/u><\/strong><\/p>\n<p><strong>Was ist der empfohlene Abstand zwischen den Stangen?<br \/>\n<\/strong>Der Abstand zwischen den Stangen sollte\u00a03m\u00a0bis\u00a03,7m\u00a0betragen. Bei starkem Luftzug sollten Sie\u00a0die Stangen\u00a0n\u00e4her\u00a0zu\u00a0einander\u00a0aufstellen.<\/p>\n<p><strong>Was sind\u00a0die H\u00f6henbereiche der ZipWall\u2122 Stangen?<br \/>\n<\/strong>Der\u00a0H\u00f6henbereich\u00a0der 3m-Stange ist 1,27m bis 3,12m. F\u00fcr die 3,6m-Stange ist er\u00a01,39m bis 3,6m. F\u00fcr die 6,1m-Stange ist er 1,57m bis 6,1m.<\/p>\n<p><strong>Funktioniert das ZipWall<sup>\u00ae<\/sup> Staubschutzsystem mit negativem\u00a0Luftdruck?<br \/>\n<\/strong>Ja, das ZipWall<sup>\u00ae<\/sup> System wurde f\u00fcr Anwendungen entwickelt, die negativen\u00a0Luftdruck verwenden. Durch negativen Luftdruck werden die Stangen einem\u00a0einseitigen Zug ausgesetzt. Bei moderatem Druck sollten Sie also die Stangen 1,8m bis 2,4m entfernt aufstellen, bei sehr hohem Druck m\u00fcssen Sie die Stangen unter Umst\u00e4nden bis auf 1,2m zusammenr\u00fccken. Verwenden Sie stets\u00a0GripDisks\u2122 unter den Stangen, damit das Fu\u00dfende nicht verrutscht.<\/p>\n<p><strong>F\u00fcr welche Arten von Decken sind die ZipWall<sup>\u00ae<\/sup> Stangen geeignet?<br \/>\n<\/strong>Die Stangen sind f\u00fcr alle Arten von Decken geeignet\u00a0\u2013\u00a0Gipsdecken, Trockenbaudecken, texturierte Decken, Stuckdecken und abgeh\u00e4ngte Decken. Bei abgeh\u00e4ngten Decken ist es wichtig, dass die Unterlegscheibe am oberen Ende der Stange auf dem Deckenraster oder der T-Stange platziert wird, die die Deckenplatten festh\u00e4lt. Wo eine abgeh\u00e4ngte Decke auf die Wand trifft, kann der spezielle Edge\u2122 Kopf und rutschfeste Platte\u00a0verwendet werden, da dieser speziell daf\u00fcr entwickelt wurde, das Deckenraster in dieser Position nicht anzuheben.<\/p>\n<p><strong>K\u00f6nnen ZipWall<sup>\u00ae<\/sup> Stangen mit Deckenschr\u00e4gen verwendet werden?<br \/>\n<\/strong>Ja, der Kopf und die rutschfesten Platten haben ein Kugelgelenk und passen sich von selbst der Deckenschr\u00e4ge an.<\/p>\n<p><strong>K\u00f6nnen ZipWall<sup>\u00ae<\/sup> Stangen im Freien verwendet werden?<br \/>\n<\/strong>Ja, wenn sich die Decke auf einem Balkon oder einer Veranda befindet. Verwenden Sie das ZipWall<sup>TM<\/sup> System jedoch nicht, wenn es sehr windig ist; dies kann zu Sch\u00e4den oder Verletzungen f\u00fchren.<\/p>\n<p><strong>Wie viel Gewicht k\u00f6nnen die\u00a0 ZipWall\u2122 Stangen tragen?<br \/>\n<\/strong>Das Gewicht, das eine ZipWall\u2122 Stange tragen kann, h\u00e4ngt von der Kraft der Person ab, die die Stange befestigt. Eine Person mit durchschnittlicher Kraft zieht\u00a0die Stange so fest an, dass sie zwischen 27 und 36kg tragen kann. Wird die Stange noch st\u00e4rker angezogen,\u00a0kann jedoch eine Tragkraft von etwa 49kg erzielt werden. (Achtung: Benutzen Sie die Stange nicht, um etwas zu halten, dass herunterfallen und Schaden oder Verletzungen verursachen k\u00f6nnte.)<\/p>\n<p><strong>Wie kann ich die rutschfeste Platte reinigen?<br \/>\n<\/strong>Halten Sie die rutschfeste, markierungsfreie\u00a0Oberfl\u00e4che sauber, indem Sie Seife und Wasser mit einem Scheuerschwamm verwenden. Sie k\u00f6nnen die Platte auch im Geschirrsp\u00fcler reinigen.<\/p>\n<p><strong>Gibt es eine Garantie auf die ZipWall<sup>\u00ae<\/sup> Produkte?<br \/>\n<\/strong>Ja, alle ZipWall<sup>\u00ae<\/sup> Produkte verf\u00fcgen \u00fcber eine Zweijahresgarantie.<\/p>\n<p><strong><u><br \/>\nKunststoff-Folie<\/u><\/strong><\/p>\n<p><strong>Enthalten die ZipWall<sup>\u00ae<\/sup> Produkte Kunststoff-Folien?<br \/>\n<\/strong>Nein, Kunststoff-Folie ist nicht inbegriffen. ZipWall<sup>\u00ae<\/sup> hat jedoch eine einfacher zu verwendende, sparsamere Alternative zu Kunststoff-Folie im Angebot, die <a href=\"http:\/\/client4.bostonwebco.com\/xcart\/Zippers-Panels.html\">ZipFast\u2122 wiederverwendbare Wandsegmente<\/a>.<\/p>\n<p><strong>Welche Kunststoff-Foliengr\u00f6\u00dfe sollte ich kaufen?<br \/>\n<\/strong>Kaufen Sie Kunststoff-Folie auf einer fortlaufenden Rolle, die lange\u00a0genug ist, dass sie vom Anfang der Wand, die Sie erstellen, bis zum Ende reicht. Die Kunststoff-Folie sollte mindestens 30cm breiter\u00a0sein als die H\u00f6he der Decke, an der die Wand installiert wird. Wenn Ihre Decke zum Beispiel 2,5m hoch ist, kaufen Sie am besten eine Kunststoff-Folie, die mindestens 2,8m breit ist.<\/p>\n<p><strong>Wie dick sollte die Kunststoff-Folie sein?<br \/>\n<\/strong>Wir empfehlen, dass sie die leichteste Kunststoff-Folie verwenden, die f\u00fcr Ihre Anwendung empfohlen wird. Je leichter die Kunststoff-Folie, desto einfacher die Handhabung\u00a0und desto g\u00fcnstiger der Preis. Sehr leichte Kunststoff-Folien (unter 0,03mm) k\u00f6nnen jedoch schwierig zu verwenden und zu kontrollieren sein.<\/p>\n<p><strong><u><br \/>\nFoamRail<sup>\u00ae<\/sup> klebebandfreie Abdichtungen und SideClamp\u2122 klebebandfreie Abdichtungsklemmen<\/u><\/strong><\/p>\n<p><strong>Wie werden FoamRail<sup>\u00ae<\/sup> klebebandfreie Abdichtungen an den Druckfederstangen befestigt?<br \/>\n<\/strong>T-Clips\u2122 werden verwendet, um die FoamRail\u2122 klebebandfreien Abdichtungen an den Stangen zu befestigen. Eine Seite des T-Clip\u2122 wird an der Kugel am Ende einer ZipWall<sup>\u00ae<\/sup> Stange eingerastet. Die andere Seite des T-Clip\u2122 wird an der FoamRail\u2122 klebebandfreien\u00a0Abdichtung eingerastet. An der FoamRail Span\u2122 rastet die Stange am Slide\u2122 Mechanismus ein.<\/p>\n<p><strong>K\u00f6nnen FoamRail\u2122 klebebandfreie Abdichtungen\u00a0eine komplette Abdichtung schaffen?<br \/>\n<\/strong>Ja, FoamRail\u2122 klebebandfreie Abdichtungen\u00a0k\u00f6nnen \u00fcberlappen, womit Sie eine beliebig lange Abdichtung am Boden, der Decke oder der Wand schaffen k\u00f6nnen. Die FoamRail Span\u2122 verstellbare,\u00a0klebebandfreie\u00a0Abdichtung kann bis auf\u00a02,44m verl\u00e4ngert werden.<\/p>\n<p><strong>K\u00f6nnen FoamRail\u2122 klebebandfreie Abdichtungen verwendet werden, um Kunststoff-Folien oder ZipFast\u2122 wiederverwendbare Segmente\u00a0zu befestigen?<br \/>\n<\/strong>Nein, sie sind nicht f\u00fcr diesen Zweck gedacht. Die Staubschutzwand sollte zuerst erstellt werden, wobei das Wandmaterial an der Decke verankert wird, dann wird die FoamRail\u2122 klebebandfreie\u00a0Abdichtung installiert, um die Versiegelung zu erstellen.<\/p>\n<p><strong>Wie werden SideClamp\u2122 klebebandfreie Abdichtungsklemmen an Stange und FoamRail\u2122 klebebandfreier Abdichtung befestigt?<br \/>\n<\/strong>Eine Druckfederklammer h\u00e4lt die SideClamp\u2122 klebebandfreie Abdichtungsklemme an jeder ZipWall<sup>\u00ae<\/sup> Stange sicher fest. Die FoamRail\u2122 klebebandfreie Abdichtung wird direkt an die SideClamp\u2122 angebracht. Kein Werkzeug erforderlich.<\/p>\n<p><strong>K\u00f6nnen SideClamp\u2122 klebebandfreie\u00a0Abdichtungsklemmen verwendet werden, wenn es an der Wand Vorspr\u00fcnge gibt?<br \/>\n<\/strong>Ja, die \u00e4u\u00dferste Position der SideClamp\u2122 klebebandfreien Abdichtungsklemme kann einfach mit Zierleisten und\/oder Heizk\u00f6rpern verwendet werden.<\/p>\n<p>&nbsp;<\/p>\n<p>&nbsp;<\/p>\n<p>&nbsp;<\/p>\n<p>&nbsp;<\/p>\n<p>&nbsp;<\/p>\n<p>&nbsp;<\/p>\n<p>&nbsp;<\/p>\n<p>&nbsp;<\/p>\n<p>&nbsp;<\/p>\n<p>&nbsp;<\/p>\n<p>&nbsp;<\/p>\n<p>&nbsp;<\/p>\n<p>&nbsp;<\/p>\n<p>&nbsp;<\/p>\n<p>&nbsp;<\/p>\n<p>&nbsp;<\/p>\n<p>&nbsp;<\/p>\n<p>&nbsp;<\/p>\n<p>&nbsp;<\/p>\n<h1><\/h1>\n<p>&nbsp;<\/p>\n<p>&nbsp;<\/p>\n<p>&nbsp;<\/p>\n<p>&nbsp;<\/p>\n<p>&nbsp;<\/p>\n<p>&nbsp;<\/p>\n<p>&nbsp;<\/p>\n<p>&nbsp;<\/p>\n<p>&nbsp;<\/p>\n<p>&nbsp;<\/p>\n<p>&nbsp;<\/p>\n<p>&nbsp;<\/p>\n<p>&nbsp;<\/p>\n<p>&nbsp;<\/p>\n<p>&nbsp;<\/p>\n<p>&nbsp;<\/p>\n","protected":false},"excerpt":{"rendered":"<p>Allgemeine Fragen Was ist der empfohlene Abstand zwischen den Stangen? Der Abstand zwischen den Stangen sollte\u00a03m\u00a0bis\u00a03,7m\u00a0betragen. Bei starkem Luftzug sollten Sie\u00a0die Stangen\u00a0n\u00e4her\u00a0zu\u00a0einander\u00a0aufstellen. Was sind\u00a0die H\u00f6henbereiche der ZipWall\u2122 Stangen? Der\u00a0H\u00f6henbereich\u00a0der 3m-Stange ist 1,27m bis 3,12m. F\u00fcr die 3,6m-Stange ist er\u00a01,39m bis 3,6m. F\u00fcr die 6,1m-Stange ist er 1,57m bis 6,1m. Funktioniert das ZipWall\u00ae Staubschutzsystem mit negativem\u00a0Luftdruck? &hellip; <a href=\"https:\/\/www.zipwall.eu\/de\/faqs\/\" class=\"more-link\"><span class=\"screen-reader-text\">H\u00e4ufig gestellte Fragen (FAQs)<\/span> weiterlesen <span class=\"meta-nav\">&rarr;<\/span><\/a><\/p>\n","protected":false},"author":2,"featured_media":0,"parent":0,"menu_order":0,"comment_status":"closed","ping_status":"closed","template":"","meta":{"footnotes":""},"class_list":["post-2093","page","type-page","status-publish","hentry"],"yoast_head":"<!-- This site is optimized with the Yoast SEO plugin v27.5 - https:\/\/yoast.com\/product\/yoast-seo-wordpress\/ -->\n<title>H\u00e4ufig gestellte Fragen (FAQs) - ZipWall<\/title>\n<meta name=\"robots\" content=\"index, follow, max-snippet:-1, max-image-preview:large, max-video-preview:-1\" \/>\n<link rel=\"canonical\" href=\"https:\/\/www.zipwall.eu\/de\/faqs\/\" \/>\n<meta property=\"og:locale\" content=\"de_DE\" \/>\n<meta property=\"og:type\" content=\"article\" \/>\n<meta property=\"og:title\" content=\"H\u00e4ufig gestellte Fragen (FAQs) - ZipWall\" \/>\n<meta property=\"og:description\" content=\"Allgemeine Fragen Was ist der empfohlene Abstand zwischen den Stangen? Der Abstand zwischen den Stangen sollte\u00a03m\u00a0bis\u00a03,7m\u00a0betragen. Bei starkem Luftzug sollten Sie\u00a0die Stangen\u00a0n\u00e4her\u00a0zu\u00a0einander\u00a0aufstellen. Was sind\u00a0die H\u00f6henbereiche der ZipWall\u2122 Stangen? Der\u00a0H\u00f6henbereich\u00a0der 3m-Stange ist 1,27m bis 3,12m. F\u00fcr die 3,6m-Stange ist er\u00a01,39m bis 3,6m. F\u00fcr die 6,1m-Stange ist er 1,57m bis 6,1m. Funktioniert das ZipWall\u00ae Staubschutzsystem mit negativem\u00a0Luftdruck? &hellip; H\u00e4ufig gestellte Fragen (FAQs) weiterlesen &rarr;\" \/>\n<meta property=\"og:url\" content=\"https:\/\/www.zipwall.eu\/de\/faqs\/\" \/>\n<meta property=\"og:site_name\" content=\"ZipWall\" \/>\n<meta property=\"article:publisher\" content=\"https:\/\/www.facebook.com\/ZipWall-121135931283666\/\" \/>\n<meta property=\"article:modified_time\" content=\"2017-02-06T21:54:59+00:00\" \/>\n<meta name=\"twitter:card\" content=\"summary_large_image\" \/>\n<meta name=\"twitter:site\" content=\"@ZipWall\" \/>\n<meta name=\"twitter:label1\" content=\"Gesch\u00e4tzte Lesezeit\" \/>\n\t<meta name=\"twitter:data1\" content=\"4 Minuten\" \/>\n<script type=\"application\/ld+json\" class=\"yoast-schema-graph\">{\"@context\":\"https:\\\/\\\/schema.org\",\"@graph\":[{\"@type\":\"WebPage\",\"@id\":\"https:\\\/\\\/www.zipwall.eu\\\/de\\\/faqs\\\/\",\"url\":\"https:\\\/\\\/www.zipwall.eu\\\/de\\\/faqs\\\/\",\"name\":\"H\u00e4ufig gestellte Fragen (FAQs) - ZipWall\",\"isPartOf\":{\"@id\":\"https:\\\/\\\/www.zipwall.eu\\\/#website\"},\"datePublished\":\"2016-03-23T15:59:42+00:00\",\"dateModified\":\"2017-02-06T21:54:59+00:00\",\"breadcrumb\":{\"@id\":\"https:\\\/\\\/www.zipwall.eu\\\/de\\\/faqs\\\/#breadcrumb\"},\"inLanguage\":\"de-DE\",\"potentialAction\":[{\"@type\":\"ReadAction\",\"target\":[\"https:\\\/\\\/www.zipwall.eu\\\/de\\\/faqs\\\/\"]}]},{\"@type\":\"BreadcrumbList\",\"@id\":\"https:\\\/\\\/www.zipwall.eu\\\/de\\\/faqs\\\/#breadcrumb\",\"itemListElement\":[{\"@type\":\"ListItem\",\"position\":1,\"name\":\"Home\",\"item\":\"https:\\\/\\\/www.zipwall.eu\\\/de\\\/\"},{\"@type\":\"ListItem\",\"position\":2,\"name\":\"H\u00e4ufig gestellte Fragen (FAQs)\"}]},{\"@type\":\"WebSite\",\"@id\":\"https:\\\/\\\/www.zipwall.eu\\\/#website\",\"url\":\"https:\\\/\\\/www.zipwall.eu\\\/\",\"name\":\"ZipWall\",\"description\":\"Dust Barrier System\",\"potentialAction\":[{\"@type\":\"SearchAction\",\"target\":{\"@type\":\"EntryPoint\",\"urlTemplate\":\"https:\\\/\\\/www.zipwall.eu\\\/?s={search_term_string}\"},\"query-input\":{\"@type\":\"PropertyValueSpecification\",\"valueRequired\":true,\"valueName\":\"search_term_string\"}}],\"inLanguage\":\"de-DE\"}]}<\/script>\n<!-- \/ Yoast SEO plugin. -->","yoast_head_json":{"title":"H\u00e4ufig gestellte Fragen (FAQs) - ZipWall","robots":{"index":"index","follow":"follow","max-snippet":"max-snippet:-1","max-image-preview":"max-image-preview:large","max-video-preview":"max-video-preview:-1"},"canonical":"https:\/\/www.zipwall.eu\/de\/faqs\/","og_locale":"de_DE","og_type":"article","og_title":"H\u00e4ufig gestellte Fragen (FAQs) - ZipWall","og_description":"Allgemeine Fragen Was ist der empfohlene Abstand zwischen den Stangen? Der Abstand zwischen den Stangen sollte\u00a03m\u00a0bis\u00a03,7m\u00a0betragen. Bei starkem Luftzug sollten Sie\u00a0die Stangen\u00a0n\u00e4her\u00a0zu\u00a0einander\u00a0aufstellen. Was sind\u00a0die H\u00f6henbereiche der ZipWall\u2122 Stangen? Der\u00a0H\u00f6henbereich\u00a0der 3m-Stange ist 1,27m bis 3,12m. F\u00fcr die 3,6m-Stange ist er\u00a01,39m bis 3,6m. F\u00fcr die 6,1m-Stange ist er 1,57m bis 6,1m. Funktioniert das ZipWall\u00ae Staubschutzsystem mit negativem\u00a0Luftdruck? &hellip; H\u00e4ufig gestellte Fragen (FAQs) weiterlesen &rarr;","og_url":"https:\/\/www.zipwall.eu\/de\/faqs\/","og_site_name":"ZipWall","article_publisher":"https:\/\/www.facebook.com\/ZipWall-121135931283666\/","article_modified_time":"2017-02-06T21:54:59+00:00","twitter_card":"summary_large_image","twitter_site":"@ZipWall","twitter_misc":{"Gesch\u00e4tzte Lesezeit":"4 Minuten"},"schema":{"@context":"https:\/\/schema.org","@graph":[{"@type":"WebPage","@id":"https:\/\/www.zipwall.eu\/de\/faqs\/","url":"https:\/\/www.zipwall.eu\/de\/faqs\/","name":"H\u00e4ufig gestellte Fragen (FAQs) - ZipWall","isPartOf":{"@id":"https:\/\/www.zipwall.eu\/#website"},"datePublished":"2016-03-23T15:59:42+00:00","dateModified":"2017-02-06T21:54:59+00:00","breadcrumb":{"@id":"https:\/\/www.zipwall.eu\/de\/faqs\/#breadcrumb"},"inLanguage":"de-DE","potentialAction":[{"@type":"ReadAction","target":["https:\/\/www.zipwall.eu\/de\/faqs\/"]}]},{"@type":"BreadcrumbList","@id":"https:\/\/www.zipwall.eu\/de\/faqs\/#breadcrumb","itemListElement":[{"@type":"ListItem","position":1,"name":"Home","item":"https:\/\/www.zipwall.eu\/de\/"},{"@type":"ListItem","position":2,"name":"H\u00e4ufig gestellte Fragen (FAQs)"}]},{"@type":"WebSite","@id":"https:\/\/www.zipwall.eu\/#website","url":"https:\/\/www.zipwall.eu\/","name":"ZipWall","description":"Dust Barrier System","potentialAction":[{"@type":"SearchAction","target":{"@type":"EntryPoint","urlTemplate":"https:\/\/www.zipwall.eu\/?s={search_term_string}"},"query-input":{"@type":"PropertyValueSpecification","valueRequired":true,"valueName":"search_term_string"}}],"inLanguage":"de-DE"}]}},"_links":{"self":[{"href":"https:\/\/www.zipwall.eu\/de\/wp-json\/wp\/v2\/pages\/2093","targetHints":{"allow":["GET"]}}],"collection":[{"href":"https:\/\/www.zipwall.eu\/de\/wp-json\/wp\/v2\/pages"}],"about":[{"href":"https:\/\/www.zipwall.eu\/de\/wp-json\/wp\/v2\/types\/page"}],"author":[{"embeddable":true,"href":"https:\/\/www.zipwall.eu\/de\/wp-json\/wp\/v2\/users\/2"}],"replies":[{"embeddable":true,"href":"https:\/\/www.zipwall.eu\/de\/wp-json\/wp\/v2\/comments?post=2093"}],"version-history":[{"count":0,"href":"https:\/\/www.zipwall.eu\/de\/wp-json\/wp\/v2\/pages\/2093\/revisions"}],"wp:attachment":[{"href":"https:\/\/www.zipwall.eu\/de\/wp-json\/wp\/v2\/media?parent=2093"}],"curies":[{"name":"wp","href":"https:\/\/api.w.org\/{rel}","templated":true}]}}