{"id":2219,"date":"2016-03-28T11:26:40","date_gmt":"2016-03-28T15:26:40","guid":{"rendered":"http:\/\/www.zipwall.eu\/de\/?page_id=2219"},"modified":"2016-06-10T11:46:35","modified_gmt":"2016-06-10T15:46:35","slug":"datenschutzbestimmungen","status":"publish","type":"page","link":"https:\/\/www.zipwall.eu\/de\/datenschutzbestimmungen\/","title":{"rendered":"Datenschutzbestimmungen"},"content":{"rendered":"<p><strong>Kurzerkl\u00e4rung:\u00a0<\/strong><\/p>\n<p>Die ZipWall<sup>\u00ae<\/sup>\u00a0LLC Internetseite bietet eine Reihe von Materialien, Informationen und Online-Diensten, die unseren Kunden bei der Auswahl und Verwendung unserer Produkte und Dienstleistungen behilflich sein sollen. ZipWall<sup>\u00ae<\/sup>\u00a0LLC sch\u00e4tzt Ihre Privatsph\u00e4re und wird diese Informationen ausschlie\u00dflich daf\u00fcr verwenden, die Qualit\u00e4t dieser Internetseite, unserer Produkte und unserer Dienstleistungen zu verbessern, oder um mit Ihnen zu kommunizieren. ZipWall<sup>\u00ae<\/sup>\u00a0 LLC verkauft oder vermietet Ihre Informationen nicht und gibt diese nicht au\u00dferhalb von ZipWall<sup>\u00ae<\/sup>\u00a0LLC oder deren Bevollm\u00e4chtigten weiter. Nur ZipWall<sup>\u00ae <\/sup>LLC oder ein Bevollm\u00e4chtigter von ZipWall<sup>\u00ae<\/sup>\u00a0LLC haben Zugriff auf die Informationen, die auf dieser Internetseite gesammelt werden. Ihre Informationen k\u00f6nnen zum Beispiel zum Erstellen von Verteilerlisten verwendet werden.<\/p>\n<p><strong>Volltextversion:\u00a0<\/strong><br \/>\nZipWall<sup>\u00ae<\/sup>\u00a0LLC versteht, dass es wichtig ist, alle Informationen vertraulich zu behandeln, die uns von Benutzern unserer Internetseite, Empf\u00e4ngern unseres Newsletters, registrierten Teilnehmern unserer Events, Empf\u00e4ngern unserer Emails und allen unseren Kunden anvertraut werden. ZipWall<sup>\u00ae<\/sup>\u00a0LLC hat diese Datenschutzbestimmungen erstellt, um unsere Verpflichtung zum Schutz der Informationen zu verdeutlichen, die wir gelegentlich von Ihnen erfassen k\u00f6nnen. Nachfolgend finden Sie eine Beschreibung unserer Vorgehensweise hinsichtlich der Sammlung und Weitergabe von Informationen.<\/p>\n<p><strong>Sammlung und Verwendung von Informationen:\u00a0<\/strong><br \/>\nZipWall<sup>\u00ae<\/sup>\u00a0LLC ist der alleinige Eigent\u00fcmer von Informationen, die auf dieser Internetseite gesammelt werden. Wir verkaufen oder vermieten Ihre Informationen nicht und geben diese nicht au\u00dferhalb von ZipWall<sup>\u00ae<\/sup>\u00a0LLC oder deren Bevollm\u00e4chtigten weiter, au\u00dfer wie in dieser Datenschutzerkl\u00e4rung beschrieben. Wir sammeln Informationen zu unseren Kunden an verschiedenen Stellen unserer Internetseite sowie bei bestimmten Industrieveranstaltungen. Die Informationen, die \u00fcber diese Internetseite gesammelt werden, werden verwendet, um Dienstleistungen zu erbringen, die in diesem Bereich der Internetseite angeboten oder beschrieben werden. Informationen, die von anderen Quellen gesammelt werden, werden verwendet, um die Bed\u00fcrfnisse von Ihnen, unserem Kunden, besser erf\u00fcllen zu k\u00f6nnen.<\/p>\n<p><strong>Sicherheit:\u00a0<\/strong><br \/>\nIn einigen Bereichen unserer Internetseite, in denen vertrauliche Informationen \u00fcbertragen werden k\u00f6nnen, werden alle \u00dcbertragungen zwischen Ihnen und dem Server \u00fcber das Industriestandardprotokoll SSL verschl\u00fcsselt. Wir beschr\u00e4nken au\u00dferdem den Zugriff unserer Mitarbeiter auf Benutzerinformationen abh\u00e4ngig von deren Zust\u00e4ndigkeiten und verpflichten diese auf das h\u00f6chste Ma\u00df an Vertraulichkeit.<\/p>\n<p><strong>Verwendung von Cookies:\u00a0<\/strong><br \/>\nEin Cookie ist ein Datenbestandteil, der auf der Festplatte des Benutzers gespeichert wird und Informationen \u00fcber den Benutzer enth\u00e4lt. ZipWall<sup>\u00ae<\/sup>\u00a0LLC benutzt Cookies zu Sicherheitszwecken, f\u00fcr Sitzungskontinuit\u00e4t und zur Individualisierung. Wenn ein Benutzer einen Cookie ablehnt, kann er\/sie immer noch den Gro\u00dfteil der Internetseite nutzen, hat aber unter Umst\u00e4nden keinen Zugriff auf einige Funktionen der Seite.<\/p>\n<p><strong>Links zu anderen Seiten:\u00a0<\/strong><br \/>\nDiese Seite enth\u00e4lt Links zu anderen Seiten; ZipWall<sup>\u00ae<\/sup>\u00a0LLC ist nicht verantwortlich f\u00fcr die Datenschutzverfahren oder Inhalte solcher Internetseiten.<\/p>\n<p><strong>Wahl-\/Ablehnungsverfahren:\u00a0<\/strong><br \/>\nZipWall<sup>\u00ae<\/sup>\u00a0LLC stellt auf seiner Internetseite Bereiche zur Verf\u00fcgung, in denen Benutzer verschiedene Materialien abonnieren k\u00f6nnen. Falls Sie ungew\u00fcnscht von ZipWall<sup>\u00ae<\/sup>\u00a0LLC kontaktiert werden, k\u00f6nnen Sie um die Einstellung solcher Kontaktaufnahme bitten, indem Sie auf den Link &#8222;Bitte abbestellen&#8220; am Ende der Nachricht klicken.<\/p>\n<p>&nbsp;<\/p>\n","protected":false},"excerpt":{"rendered":"<p>Kurzerkl\u00e4rung:\u00a0 Die ZipWall\u00ae\u00a0LLC Internetseite bietet eine Reihe von Materialien, Informationen und Online-Diensten, die unseren Kunden bei der Auswahl und Verwendung unserer Produkte und Dienstleistungen behilflich sein sollen. ZipWall\u00ae\u00a0LLC sch\u00e4tzt Ihre Privatsph\u00e4re und wird diese Informationen ausschlie\u00dflich daf\u00fcr verwenden, die Qualit\u00e4t dieser Internetseite, unserer Produkte und unserer Dienstleistungen zu verbessern, oder um mit Ihnen zu kommunizieren. &hellip; <a href=\"https:\/\/www.zipwall.eu\/de\/datenschutzbestimmungen\/\" class=\"more-link\"><span class=\"screen-reader-text\">Datenschutzbestimmungen<\/span> weiterlesen <span class=\"meta-nav\">&rarr;<\/span><\/a><\/p>\n","protected":false},"author":2,"featured_media":0,"parent":0,"menu_order":0,"comment_status":"closed","ping_status":"closed","template":"","meta":{"footnotes":""},"class_list":["post-2219","page","type-page","status-publish","hentry"],"yoast_head":"<!-- This site is optimized with the Yoast SEO plugin v27.4 - https:\/\/yoast.com\/product\/yoast-seo-wordpress\/ -->\n<title>Datenschutzbestimmungen - ZipWall<\/title>\n<meta name=\"robots\" content=\"index, follow, max-snippet:-1, max-image-preview:large, max-video-preview:-1\" \/>\n<link rel=\"canonical\" href=\"https:\/\/www.zipwall.eu\/de\/datenschutzbestimmungen\/\" \/>\n<meta property=\"og:locale\" content=\"de_DE\" \/>\n<meta property=\"og:type\" content=\"article\" \/>\n<meta property=\"og:title\" content=\"Datenschutzbestimmungen - ZipWall\" \/>\n<meta property=\"og:description\" content=\"Kurzerkl\u00e4rung:\u00a0 Die ZipWall\u00ae\u00a0LLC Internetseite bietet eine Reihe von Materialien, Informationen und Online-Diensten, die unseren Kunden bei der Auswahl und Verwendung unserer Produkte und Dienstleistungen behilflich sein sollen. ZipWall\u00ae\u00a0LLC sch\u00e4tzt Ihre Privatsph\u00e4re und wird diese Informationen ausschlie\u00dflich daf\u00fcr verwenden, die Qualit\u00e4t dieser Internetseite, unserer Produkte und unserer Dienstleistungen zu verbessern, oder um mit Ihnen zu kommunizieren. &hellip; Datenschutzbestimmungen weiterlesen &rarr;\" \/>\n<meta property=\"og:url\" content=\"https:\/\/www.zipwall.eu\/de\/datenschutzbestimmungen\/\" \/>\n<meta property=\"og:site_name\" content=\"ZipWall\" \/>\n<meta property=\"article:publisher\" content=\"https:\/\/www.facebook.com\/ZipWall-121135931283666\/\" \/>\n<meta property=\"article:modified_time\" content=\"2016-06-10T15:46:35+00:00\" \/>\n<meta name=\"twitter:card\" content=\"summary_large_image\" \/>\n<meta name=\"twitter:site\" content=\"@ZipWall\" \/>\n<meta name=\"twitter:label1\" content=\"Gesch\u00e4tzte Lesezeit\" \/>\n\t<meta name=\"twitter:data1\" content=\"2 Minuten\" \/>\n<script type=\"application\/ld+json\" class=\"yoast-schema-graph\">{\"@context\":\"https:\\\/\\\/schema.org\",\"@graph\":[{\"@type\":\"WebPage\",\"@id\":\"https:\\\/\\\/www.zipwall.eu\\\/de\\\/datenschutzbestimmungen\\\/\",\"url\":\"https:\\\/\\\/www.zipwall.eu\\\/de\\\/datenschutzbestimmungen\\\/\",\"name\":\"Datenschutzbestimmungen - ZipWall\",\"isPartOf\":{\"@id\":\"https:\\\/\\\/www.zipwall.eu\\\/#website\"},\"datePublished\":\"2016-03-28T15:26:40+00:00\",\"dateModified\":\"2016-06-10T15:46:35+00:00\",\"breadcrumb\":{\"@id\":\"https:\\\/\\\/www.zipwall.eu\\\/de\\\/datenschutzbestimmungen\\\/#breadcrumb\"},\"inLanguage\":\"de-DE\",\"potentialAction\":[{\"@type\":\"ReadAction\",\"target\":[\"https:\\\/\\\/www.zipwall.eu\\\/de\\\/datenschutzbestimmungen\\\/\"]}]},{\"@type\":\"BreadcrumbList\",\"@id\":\"https:\\\/\\\/www.zipwall.eu\\\/de\\\/datenschutzbestimmungen\\\/#breadcrumb\",\"itemListElement\":[{\"@type\":\"ListItem\",\"position\":1,\"name\":\"Home\",\"item\":\"https:\\\/\\\/www.zipwall.eu\\\/de\\\/\"},{\"@type\":\"ListItem\",\"position\":2,\"name\":\"Datenschutzbestimmungen\"}]},{\"@type\":\"WebSite\",\"@id\":\"https:\\\/\\\/www.zipwall.eu\\\/#website\",\"url\":\"https:\\\/\\\/www.zipwall.eu\\\/\",\"name\":\"ZipWall\",\"description\":\"Dust Barrier System\",\"potentialAction\":[{\"@type\":\"SearchAction\",\"target\":{\"@type\":\"EntryPoint\",\"urlTemplate\":\"https:\\\/\\\/www.zipwall.eu\\\/?s={search_term_string}\"},\"query-input\":{\"@type\":\"PropertyValueSpecification\",\"valueRequired\":true,\"valueName\":\"search_term_string\"}}],\"inLanguage\":\"de-DE\"}]}<\/script>\n<!-- \/ Yoast SEO plugin. -->","yoast_head_json":{"title":"Datenschutzbestimmungen - ZipWall","robots":{"index":"index","follow":"follow","max-snippet":"max-snippet:-1","max-image-preview":"max-image-preview:large","max-video-preview":"max-video-preview:-1"},"canonical":"https:\/\/www.zipwall.eu\/de\/datenschutzbestimmungen\/","og_locale":"de_DE","og_type":"article","og_title":"Datenschutzbestimmungen - ZipWall","og_description":"Kurzerkl\u00e4rung:\u00a0 Die ZipWall\u00ae\u00a0LLC Internetseite bietet eine Reihe von Materialien, Informationen und Online-Diensten, die unseren Kunden bei der Auswahl und Verwendung unserer Produkte und Dienstleistungen behilflich sein sollen. ZipWall\u00ae\u00a0LLC sch\u00e4tzt Ihre Privatsph\u00e4re und wird diese Informationen ausschlie\u00dflich daf\u00fcr verwenden, die Qualit\u00e4t dieser Internetseite, unserer Produkte und unserer Dienstleistungen zu verbessern, oder um mit Ihnen zu kommunizieren. &hellip; Datenschutzbestimmungen weiterlesen &rarr;","og_url":"https:\/\/www.zipwall.eu\/de\/datenschutzbestimmungen\/","og_site_name":"ZipWall","article_publisher":"https:\/\/www.facebook.com\/ZipWall-121135931283666\/","article_modified_time":"2016-06-10T15:46:35+00:00","twitter_card":"summary_large_image","twitter_site":"@ZipWall","twitter_misc":{"Gesch\u00e4tzte Lesezeit":"2 Minuten"},"schema":{"@context":"https:\/\/schema.org","@graph":[{"@type":"WebPage","@id":"https:\/\/www.zipwall.eu\/de\/datenschutzbestimmungen\/","url":"https:\/\/www.zipwall.eu\/de\/datenschutzbestimmungen\/","name":"Datenschutzbestimmungen - ZipWall","isPartOf":{"@id":"https:\/\/www.zipwall.eu\/#website"},"datePublished":"2016-03-28T15:26:40+00:00","dateModified":"2016-06-10T15:46:35+00:00","breadcrumb":{"@id":"https:\/\/www.zipwall.eu\/de\/datenschutzbestimmungen\/#breadcrumb"},"inLanguage":"de-DE","potentialAction":[{"@type":"ReadAction","target":["https:\/\/www.zipwall.eu\/de\/datenschutzbestimmungen\/"]}]},{"@type":"BreadcrumbList","@id":"https:\/\/www.zipwall.eu\/de\/datenschutzbestimmungen\/#breadcrumb","itemListElement":[{"@type":"ListItem","position":1,"name":"Home","item":"https:\/\/www.zipwall.eu\/de\/"},{"@type":"ListItem","position":2,"name":"Datenschutzbestimmungen"}]},{"@type":"WebSite","@id":"https:\/\/www.zipwall.eu\/#website","url":"https:\/\/www.zipwall.eu\/","name":"ZipWall","description":"Dust Barrier System","potentialAction":[{"@type":"SearchAction","target":{"@type":"EntryPoint","urlTemplate":"https:\/\/www.zipwall.eu\/?s={search_term_string}"},"query-input":{"@type":"PropertyValueSpecification","valueRequired":true,"valueName":"search_term_string"}}],"inLanguage":"de-DE"}]}},"_links":{"self":[{"href":"https:\/\/www.zipwall.eu\/de\/wp-json\/wp\/v2\/pages\/2219","targetHints":{"allow":["GET"]}}],"collection":[{"href":"https:\/\/www.zipwall.eu\/de\/wp-json\/wp\/v2\/pages"}],"about":[{"href":"https:\/\/www.zipwall.eu\/de\/wp-json\/wp\/v2\/types\/page"}],"author":[{"embeddable":true,"href":"https:\/\/www.zipwall.eu\/de\/wp-json\/wp\/v2\/users\/2"}],"replies":[{"embeddable":true,"href":"https:\/\/www.zipwall.eu\/de\/wp-json\/wp\/v2\/comments?post=2219"}],"version-history":[{"count":0,"href":"https:\/\/www.zipwall.eu\/de\/wp-json\/wp\/v2\/pages\/2219\/revisions"}],"wp:attachment":[{"href":"https:\/\/www.zipwall.eu\/de\/wp-json\/wp\/v2\/media?parent=2219"}],"curies":[{"name":"wp","href":"https:\/\/api.w.org\/{rel}","templated":true}]}}