{"id":2764,"date":"2016-04-15T16:15:58","date_gmt":"2016-04-15T20:15:58","guid":{"rendered":"http:\/\/www.zipwall.eu\/de\/sitemap\/"},"modified":"2017-02-03T16:28:17","modified_gmt":"2017-02-03T21:28:17","slug":"sitemap","status":"publish","type":"page","link":"https:\/\/www.zipwall.eu\/de\/sitemap\/","title":{"rendered":"&Uuml;bersichtsseite"},"content":{"rendered":"<div id=\"wpseo_sitemap\" class=\"columns_3\">\n<div id=\"sitemap_pages\">\n<h4>Inhalt<\/h4>\n<ul>\n<li class=\"page_item page-item-2764 current_page_item\"><a href=\"https:\/\/www.zipwall.eu\/sitemap\/\">\u00dcbersichtsseite<\/a><\/li>\n<li class=\"page_item page-item-1797\"><a href=\"https:\/\/www.zipwall.eu\/de\/30m-stangen\/\">3,0m-Stangen<\/a><\/li>\n<li class=\"page_item page-item-1795\"><a href=\"https:\/\/www.zipwall.eu\/de\/36m-stangen\/\">3,6m-Stangen<\/a><\/li>\n<li class=\"page_item page-item-1799\"><a href=\"https:\/\/www.zipwall.eu\/de\/61m-stangen\/\">6,1m-Stangen<\/a><\/li>\n<li class=\"page_item page-item-1876\"><a href=\"https:\/\/www.zipwall.eu\/all-products\/\">Alle Produkte<\/a><\/li>\n<li class=\"page_item page-item-1850\"><a href=\"https:\/\/www.zipwall.eu\/de\/auftragsplaner\/\">Auftragsplaner<\/a><\/li>\n<li class=\"page_item page-item-1880\">K<a href=\"https:\/\/www.zipwall.eu\/contact\/\">ontakt<\/a><\/li>\n<li class=\"page_item page-item-2219\"><a href=\"https:\/\/www.zipwall.eu\/de\/datenschutzbestimmungen\/\">Datenschutzbestimmungen<\/a><\/li>\n<li class=\"page_item page-item-1886\"><a href=\"https:\/\/www.zipwall.eu\/springloaded-poles\/\">Druckfederstangen<\/a><\/li>\n<li class=\"page_item page-item-2410\"><a href=\"https:\/\/www.zipwall.eu\/edge-head-plate\/\">Edge\u2122 Kopf und rutschfeste Platte<\/a><\/li>\n<li class=\"page_item page-item-563\"><a href=\"https:\/\/www.zipwall.eu\/de\/einkaufswagen\/\">Einkaufswagen<\/a><\/li>\n<li class=\"page_item page-item-1993\"><a href=\"https:\/\/www.zipwall.eu\/de\/foamrail-bandlose-versiegelung\/\">FoamRail\u2122\u00a0k<\/a>lebebandfreie Abdichtungen<\/li>\n<li class=\"page_item page-item-2193\"><a href=\"https:\/\/www.zipwall.eu\/floor-adapters\/\">Fu\u00dfbodenadapter<\/a><\/li>\n<li class=\"page_item page-item-2093\"><a href=\"https:\/\/www.zipwall.eu\/faqs\/\">H\u00e4ufig gestellte Fragen (FAQs)<\/a><\/li>\n<li class=\"page_item page-item-1830\"><a href=\"http:\/\/www.zipwall.eu\/de\/\">Home<\/a><\/li>\n<li class=\"page_item page-item-565\"><a href=\"https:\/\/www.zipwall.eu\/de\/mein-account\/\">Ihr Konto<\/a><\/li>\n<li class=\"page_item page-item-1874\"><a href=\"https:\/\/www.zipwall.eu\/de\/patente\/\">Patente<\/a><\/li>\n<li class=\"page_item page-item-1899\"><a href=\"https:\/\/www.zipwall.eu\/zippers-panels\/\">Rei\u00dfverschl\u00fcsse &amp; Platten<\/a><\/li>\n<li class=\"page_item page-item-1890\"><a href=\"https:\/\/www.zipwall.eu\/rails-mounts\/\">Schienen und Befestigungen f\u00fcr klebebandfreies Abdichten<\/a><\/li>\n<li class=\"page_item page-item-562\"><a href=\"https:\/\/www.zipwall.eu\/shop\/\">Shop<\/a><\/li>\n<li class=\"page_item page-item-1895\"><a href=\"https:\/\/www.zipwall.eu\/sideclamp-mounts\/\">SideClamp\u2122 klebebandfreie Wandefestigungen<\/a><\/li>\n<li class=\"page_item page-item-1883\"><a href=\"https:\/\/www.zipwall.eu\/accessoires\/\">Sonderteile und Zubeh\u00f6r<\/a><\/li>\n<li class=\"page_item page-item-1882\"><a href=\"https:\/\/www.zipwall.eu\/parts\/\">Teile<\/a><\/li>\n<li class=\"page_item page-item-1801\"><a href=\"https:\/\/www.zipwall.eu\/de\/tragetaschen\/\">Tragetaschen<\/a><\/li>\n<li class=\"page_item page-item-1861\"><a href=\"https:\/\/www.zipwall.eu\/de\/verkaufsstellen\/\">Verkaufsstellen<\/a><\/li>\n<li class=\"page_item page-item-1857\"><a href=\"https:\/\/www.zipwall.eu\/videos\/\">Videos<\/a><\/li>\n<li class=\"page_item page-item-1804\"><a href=\"https:\/\/www.zipwall.eu\/de\/tueren\/\">ZipDoor<sup>\u00ae<\/sup> Kits<\/a><\/li>\n<li class=\"page_item page-item-1897\"><a href=\"https:\/\/www.zipwall.eu\/zipfast-barrier-panels\/\">ZipFast\u2122 wiederverwendbare Trennpaneel<\/a><\/li>\n<li class=\"page_item page-item-1898\"><a href=\"https:\/\/www.zipwall.eu\/zipfast-panels-flame-retardant\/\">ZipFast\u2122 wiederverwendbare Trennpaneel \u2013 flammhemmend<\/a><\/li>\n<li class=\"page_item page-item-2226\"><a href=\"https:\/\/www.zipwall.eu\/fr\/zipwall-hall-kit\/\">ZipWall<sup>\u00ae<\/sup> Flur-Kit<\/a><\/li>\n<li class=\"page_item page-item-1900\"><a href=\"https:\/\/www.zipwall.eu\/zipwall-zippers\/\">ZipWall<sup>\u00ae<\/sup> selbstklebende Rei\u00dfverschl\u00fcsse<\/a><\/li>\n<li class=\"page_item page-item-564\"><a href=\"https:\/\/www.zipwall.eu\/de\/zur-kasse\/\">Zur Kasse<\/a><\/li>\n<\/ul>\n<\/div>\n<div id=\"sitemap_produkte\">\n<h3><a href=\"https:\/\/www.zipwall.eu\/shop\/\">Produkte<\/a><\/h3>\n<ul>\n<li><a href=\"https:\/\/www.zipwall.eu\/de\/product\/edge-kopf-und-rutschfeste-unterlegscheibe-fuer-abgehaengte-decken\/\">Edge\u2122 Kopf und rutschfeste Platte<\/a><\/li>\n<li><a href=\"https:\/\/www.zipwall.eu\/de\/product\/foamrail-span-anpassbare-bandlose-versiegelung\/\">FoamRail Span\u2122\u00a0v<\/a>erstellbare, klebebandfreie Abdichtung<\/li>\n<li><a href=\"https:\/\/www.zipwall.eu\/de\/product\/foamrail-bandlose-versiegelung-doppelpack\/\">FoamRail\u2122 <\/a><a href=\"https:\/\/www.zipwall.eu\/de\/foamrail-bandlose-versiegelung\/\">k<\/a><a href=\"https:\/\/www.zipwall.eu\/de\/product\/foamrail-bandlose-versiegelung-doppelpack\/\">lebebandfreie Abdichtungen,\u00a0Doppelpack<\/a><\/li>\n<li><a href=\"https:\/\/www.zipwall.eu\/de\/product\/fuss-fuer-3m-zipwall-10-stange\/\">Fu\u00df f\u00fcr 3m ZipWall<sup>\u00ae<\/sup> 10 Stange<\/a><\/li>\n<li><a href=\"https:\/\/www.zipwall.eu\/de\/product\/fussbodenadapter-fuer-36m-zipwall-12-stange-doppelpack\/\">Fu\u00dfbodenadapter f\u00fcr 3,6m ZipWall<sup>\u00ae<\/sup> 12 Stange, Doppelpack<\/a><\/li>\n<li><a href=\"https:\/\/www.zipwall.eu\/de\/product\/fussbodenadapter-fuer-3m-zipwall-10-doppelpack\/\">Fu\u00dfbodenadapter f\u00fcr 3m ZipWall<sup>\u00ae<\/sup> 10, Doppelpack<\/a><\/li>\n<li><a href=\"https:\/\/www.zipwall.eu\/de\/product\/fussbodenadapter-fuer-61m-zipwall-20-stange-doppelpack\/\">Fu\u00dfbodenadapter f\u00fcr 6,1m ZipWall<sup>\u00ae<\/sup> 20 Stange, Doppelpack<\/a><\/li>\n<li><a href=\"https:\/\/www.zipwall.eu\/de\/product\/fussende-fuer-36m-zipwall-12-stange\/\">Fu\u00dfende f\u00fcr 3,6m ZipWall<sup>\u00ae<\/sup> 12 Stange<\/a><\/li>\n<li><a href=\"https:\/\/www.zipwall.eu\/de\/product\/fussende-fuer-61m-zipwall-20-stange\/\">Fu\u00dfende f\u00fcr 6,1m ZipWall<sup>\u00ae<\/sup> 20 Stange<\/a><\/li>\n<li><a href=\"https:\/\/www.zipwall.eu\/de\/product\/gripdisk-doppelpack\/\">GripDisk\u2122 Doppelpack<\/a><\/li>\n<li><a href=\"https:\/\/www.zipwall.eu\/de\/product\/kopf\/\">Kopf<\/a><\/li>\n<li><a href=\"https:\/\/www.zipwall.eu\/de\/product\/kopf-und-rutschfeste-platte\/\">Kopf und rutschfeste Platte<\/a><\/li>\n<li><a href=\"https:\/\/www.zipwall.eu\/de\/product\/rutschfeste-platten-doppelpack\/\">Rutschfeste Platten, Doppelpack<\/a><\/li>\n<li><a href=\"https:\/\/www.zipwall.eu\/de\/product\/sideclamp-bandlose-versiegelungsklemme-doppelpack\/\">SideClamp\u2122 klebebandfreie Wandefestigungen, Doppelpack<\/a><\/li>\n<li><a href=\"https:\/\/www.zipwall.eu\/de\/product\/sidepack-bandloses-versiegelungskit\/\">SidePack\u2122 Wandbefestigungskit<\/a><\/li>\n<li><a href=\"https:\/\/www.zipwall.eu\/de\/product\/t-clip-fuer-foamrail-bandlose-versiegelung-2\/\">T-Clip\u2122 f\u00fcr FoamRail\u2122 klebebandfreie Abdichtung<\/a><\/li>\n<li><a href=\"https:\/\/www.zipwall.eu\/de\/product\/t-clip-fuer-foamrail-bandlose-versiegelung-2\/\">T-Clip\u2122 f\u00fcr FoamRail\u2122 klebebandfreie Abdichtung<\/a><\/li>\n<li><a href=\"https:\/\/www.zipwall.eu\/de\/product\/zipdoor-industrieuer-kit\/\">ZipDoor<sup>\u00ae<\/sup> Industrie-T\u00fcr-Kit<\/a><\/li>\n<li><a href=\"https:\/\/www.zipwall.eu\/de\/product\/zipdoor-standard-tuer-kit\/\">ZipDoor<sup>\u00ae<\/sup> Standard-T\u00fcr-Kit<\/a><\/li>\n<li><a href=\"https:\/\/www.zipwall.eu\/de\/?post_type=product&#038;p=2216\">ZipFast Hatch\u2122 Trennpaneel<\/a><\/li>\n<li><a href=\"https:\/\/www.zipwall.eu\/de\/product\/103m-trennpaneel\/\">ZipFast\u2122 10\u2018|3m Trennpaneel<\/a><\/li>\n<li><a href=\"https:\/\/www.zipwall.eu\/de\/?post_type=product&#038;p=1773\">ZipFast\u2122 10\u2018|3m Trennpaneel \u2013 flammhemmend<\/a><\/li>\n<li><a href=\"https:\/\/www.zipwall.eu\/de\/product\/2-576cm-trennpaneel\/\">ZipFast\u2122 2.5\u2018|76cm Trennpaneel<\/a><\/li>\n<li><a href=\"https:\/\/www.zipwall.eu\/de\/?post_type=product&#038;p=1771\">ZipFast\u2122 2.5\u2018|76cm Trennpaneel \u2013 flammhemmend<\/a><\/li>\n<li><a href=\"https:\/\/www.zipwall.eu\/de\/?post_type=product&#038;p=1772\">ZipFast\u2122 5\u2018|1,5,m Trennpaneel \u2013 flammhemmend<\/a><\/li>\n<li><a href=\"https:\/\/www.zipwall.eu\/de\/product\/515m-trennpaneel\/\">ZipFast\u2122 5\u2018|1,5m Trennpaneel<\/a><\/li>\n<li><a href=\"https:\/\/www.zipwall.eu\/de\/product\/multi-pack\/\">ZipFast\u2122 Multi-Pack<\/a><\/li>\n<li><a href=\"https:\/\/www.zipwall.eu\/de\/?post_type=product&#038;p=1774\">ZipFast\u2122 Multi-Pack \u2013 flammhemmend<\/a><\/li>\n<li><a href=\"https:\/\/www.zipwall.eu\/de\/product\/ziphook\/\">ZipHook\u2122<\/a><\/li>\n<li><a href=\"https:\/\/www.zipwall.eu\/de\/product\/zipperknife\/\">ZipperKnife\u2122<\/a><\/li>\n<li><a href=\"\/?p=2590\">ZipRail\u2122 Dual Seal Single<\/a><\/li>\n<li><a href=\"https:\/\/www.zipwall.eu\/de\/product\/zipwall-10-doppelpack\/\">ZipWall<sup>\u00ae<\/sup> 10 Doppelpack<\/a><\/li>\n<li><a href=\"https:\/\/www.zipwall.eu\/de\/product\/zipwall-tragetasche\/\">ZipWall<sup>\u00ae<\/sup> 10 Tragetasche<\/a><\/li>\n<li><a href=\"https:\/\/www.zipwall.eu\/de\/product\/zipwall-10-doppelpack-2\/\">ZipWall<sup>\u00ae<\/sup> 10 Viererpack<\/a><\/li>\n<li><a href=\"https:\/\/www.zipwall.eu\/de\/product\/zipwall-12-doppelpack\/\">ZipWall<sup>\u00ae<\/sup> 12 Doppelpack<\/a><\/li>\n<li><a href=\"https:\/\/www.zipwall.eu\/de\/product\/zipwall-12-sechserpack\/\">ZipWall<sup>\u00ae<\/sup> 12 Sechserpack<\/a><\/li>\n<li><a href=\"https:\/\/www.zipwall.eu\/de\/product\/zipwall-12-viererpack\/\">ZipWall<sup>\u00ae<\/sup> 12 Viererpack<\/a><\/li>\n<li><a href=\"https:\/\/www.zipwall.eu\/de\/product\/zipwall-20-doppelpack\/\">ZipWall<sup>\u00ae<\/sup> 20 Doppelpack<\/a><\/li>\n<li><a href=\"https:\/\/www.zipwall.eu\/de\/?post_type=product&#038;p=2210\">ZipWall<sup>\u00ae<\/sup> Flur-Kit<\/a><\/li>\n<li><a href=\"https:\/\/www.zipwall.eu\/de\/product\/zipwall-heavy-duty-reissverschluss-doppelpack\/\">ZipWall<sup>\u00ae<\/sup> Heavy-Duty-Rei\u00dfverschluss Doppelpack<\/a><\/li>\n<li><a href=\"https:\/\/www.zipwall.eu\/de\/product\/zipwall-heavy-duty-reissverschluss-zwoelferpack\/\">ZipWall<sup>\u00ae<\/sup> Heavy-Duty-Rei\u00dfverschluss Zw\u00f6lferpack<\/a><\/li>\n<li><a href=\"https:\/\/www.zipwall.eu\/de\/product\/zipwall-standard-reissverschluss-doppelpack\/\">ZipWall<sup>\u00ae<\/sup> Standard-Rei\u00dfverschluss Doppelpack<\/a><\/li>\n<li><a href=\"https:\/\/www.zipwall.eu\/de\/product\/zipwall-tragetasche-2\/\">ZipWall<sup>\u00ae<\/sup> Tragetasche<\/a><\/li>\n<\/ul>\n<\/div>\n<\/div>\n","protected":false},"excerpt":{"rendered":"<p>Inhalt \u00dcbersichtsseite 3,0m-Stangen 3,6m-Stangen 6,1m-Stangen Alle Produkte Auftragsplaner Kontakt Datenschutzbestimmungen Druckfederstangen Edge\u2122 Kopf und rutschfeste Platte Einkaufswagen FoamRail\u2122\u00a0klebebandfreie Abdichtungen Fu\u00dfbodenadapter H\u00e4ufig gestellte Fragen (FAQs) Home Ihr Konto Patente Rei\u00dfverschl\u00fcsse &amp; Platten Schienen und Befestigungen f\u00fcr klebebandfreies Abdichten Shop SideClamp\u2122 klebebandfreie Wandefestigungen Sonderteile und Zubeh\u00f6r Teile Tragetaschen Verkaufsstellen Videos ZipDoor\u00ae Kits ZipFast\u2122 wiederverwendbare Trennpaneel ZipFast\u2122 wiederverwendbare &hellip; <a href=\"https:\/\/www.zipwall.eu\/de\/sitemap\/\" class=\"more-link\"><span class=\"screen-reader-text\">&Uuml;bersichtsseite<\/span> weiterlesen <span class=\"meta-nav\">&rarr;<\/span><\/a><\/p>\n","protected":false},"author":1,"featured_media":0,"parent":0,"menu_order":0,"comment_status":"closed","ping_status":"closed","template":"","meta":{"footnotes":""},"class_list":["post-2764","page","type-page","status-publish","hentry"],"yoast_head":"<!-- This site is optimized with the Yoast SEO plugin v27.4 - https:\/\/yoast.com\/product\/yoast-seo-wordpress\/ -->\n<title>&Uuml;bersichtsseite - ZipWall<\/title>\n<meta name=\"robots\" content=\"index, follow, max-snippet:-1, max-image-preview:large, max-video-preview:-1\" \/>\n<link rel=\"canonical\" href=\"https:\/\/www.zipwall.eu\/de\/sitemap\/\" \/>\n<meta property=\"og:locale\" content=\"de_DE\" \/>\n<meta property=\"og:type\" content=\"article\" \/>\n<meta property=\"og:title\" content=\"&Uuml;bersichtsseite - ZipWall\" \/>\n<meta property=\"og:description\" content=\"Inhalt \u00dcbersichtsseite 3,0m-Stangen 3,6m-Stangen 6,1m-Stangen Alle Produkte Auftragsplaner Kontakt Datenschutzbestimmungen Druckfederstangen Edge\u2122 Kopf und rutschfeste Platte Einkaufswagen FoamRail\u2122\u00a0klebebandfreie Abdichtungen Fu\u00dfbodenadapter H\u00e4ufig gestellte Fragen (FAQs) Home Ihr Konto Patente Rei\u00dfverschl\u00fcsse &amp; Platten Schienen und Befestigungen f\u00fcr klebebandfreies Abdichten Shop SideClamp\u2122 klebebandfreie Wandefestigungen Sonderteile und Zubeh\u00f6r Teile Tragetaschen Verkaufsstellen Videos ZipDoor\u00ae Kits ZipFast\u2122 wiederverwendbare Trennpaneel ZipFast\u2122 wiederverwendbare &hellip; &Uuml;bersichtsseite weiterlesen &rarr;\" \/>\n<meta property=\"og:url\" content=\"https:\/\/www.zipwall.eu\/de\/sitemap\/\" \/>\n<meta property=\"og:site_name\" content=\"ZipWall\" \/>\n<meta property=\"article:publisher\" content=\"https:\/\/www.facebook.com\/ZipWall-121135931283666\/\" \/>\n<meta property=\"article:modified_time\" content=\"2017-02-03T21:28:17+00:00\" \/>\n<meta name=\"twitter:card\" content=\"summary_large_image\" \/>\n<meta name=\"twitter:site\" content=\"@ZipWall\" \/>\n<meta name=\"twitter:label1\" content=\"Gesch\u00e4tzte Lesezeit\" \/>\n\t<meta name=\"twitter:data1\" content=\"1 Minute\" \/>\n<script type=\"application\/ld+json\" class=\"yoast-schema-graph\">{\"@context\":\"https:\\\/\\\/schema.org\",\"@graph\":[{\"@type\":\"WebPage\",\"@id\":\"https:\\\/\\\/www.zipwall.eu\\\/de\\\/sitemap\\\/\",\"url\":\"https:\\\/\\\/www.zipwall.eu\\\/de\\\/sitemap\\\/\",\"name\":\"&Uuml;bersichtsseite - ZipWall\",\"isPartOf\":{\"@id\":\"https:\\\/\\\/www.zipwall.eu\\\/#website\"},\"datePublished\":\"2016-04-15T20:15:58+00:00\",\"dateModified\":\"2017-02-03T21:28:17+00:00\",\"breadcrumb\":{\"@id\":\"https:\\\/\\\/www.zipwall.eu\\\/de\\\/sitemap\\\/#breadcrumb\"},\"inLanguage\":\"de-DE\",\"potentialAction\":[{\"@type\":\"ReadAction\",\"target\":[\"https:\\\/\\\/www.zipwall.eu\\\/de\\\/sitemap\\\/\"]}]},{\"@type\":\"BreadcrumbList\",\"@id\":\"https:\\\/\\\/www.zipwall.eu\\\/de\\\/sitemap\\\/#breadcrumb\",\"itemListElement\":[{\"@type\":\"ListItem\",\"position\":1,\"name\":\"Home\",\"item\":\"https:\\\/\\\/www.zipwall.eu\\\/de\\\/\"},{\"@type\":\"ListItem\",\"position\":2,\"name\":\"&Uuml;bersichtsseite\"}]},{\"@type\":\"WebSite\",\"@id\":\"https:\\\/\\\/www.zipwall.eu\\\/#website\",\"url\":\"https:\\\/\\\/www.zipwall.eu\\\/\",\"name\":\"ZipWall\",\"description\":\"Dust Barrier System\",\"potentialAction\":[{\"@type\":\"SearchAction\",\"target\":{\"@type\":\"EntryPoint\",\"urlTemplate\":\"https:\\\/\\\/www.zipwall.eu\\\/?s={search_term_string}\"},\"query-input\":{\"@type\":\"PropertyValueSpecification\",\"valueRequired\":true,\"valueName\":\"search_term_string\"}}],\"inLanguage\":\"de-DE\"}]}<\/script>\n<!-- \/ Yoast SEO plugin. -->","yoast_head_json":{"title":"&Uuml;bersichtsseite - ZipWall","robots":{"index":"index","follow":"follow","max-snippet":"max-snippet:-1","max-image-preview":"max-image-preview:large","max-video-preview":"max-video-preview:-1"},"canonical":"https:\/\/www.zipwall.eu\/de\/sitemap\/","og_locale":"de_DE","og_type":"article","og_title":"&Uuml;bersichtsseite - ZipWall","og_description":"Inhalt \u00dcbersichtsseite 3,0m-Stangen 3,6m-Stangen 6,1m-Stangen Alle Produkte Auftragsplaner Kontakt Datenschutzbestimmungen Druckfederstangen Edge\u2122 Kopf und rutschfeste Platte Einkaufswagen FoamRail\u2122\u00a0klebebandfreie Abdichtungen Fu\u00dfbodenadapter H\u00e4ufig gestellte Fragen (FAQs) Home Ihr Konto Patente Rei\u00dfverschl\u00fcsse &amp; Platten Schienen und Befestigungen f\u00fcr klebebandfreies Abdichten Shop SideClamp\u2122 klebebandfreie Wandefestigungen Sonderteile und Zubeh\u00f6r Teile Tragetaschen Verkaufsstellen Videos ZipDoor\u00ae Kits ZipFast\u2122 wiederverwendbare Trennpaneel ZipFast\u2122 wiederverwendbare &hellip; &Uuml;bersichtsseite weiterlesen &rarr;","og_url":"https:\/\/www.zipwall.eu\/de\/sitemap\/","og_site_name":"ZipWall","article_publisher":"https:\/\/www.facebook.com\/ZipWall-121135931283666\/","article_modified_time":"2017-02-03T21:28:17+00:00","twitter_card":"summary_large_image","twitter_site":"@ZipWall","twitter_misc":{"Gesch\u00e4tzte Lesezeit":"1 Minute"},"schema":{"@context":"https:\/\/schema.org","@graph":[{"@type":"WebPage","@id":"https:\/\/www.zipwall.eu\/de\/sitemap\/","url":"https:\/\/www.zipwall.eu\/de\/sitemap\/","name":"&Uuml;bersichtsseite - ZipWall","isPartOf":{"@id":"https:\/\/www.zipwall.eu\/#website"},"datePublished":"2016-04-15T20:15:58+00:00","dateModified":"2017-02-03T21:28:17+00:00","breadcrumb":{"@id":"https:\/\/www.zipwall.eu\/de\/sitemap\/#breadcrumb"},"inLanguage":"de-DE","potentialAction":[{"@type":"ReadAction","target":["https:\/\/www.zipwall.eu\/de\/sitemap\/"]}]},{"@type":"BreadcrumbList","@id":"https:\/\/www.zipwall.eu\/de\/sitemap\/#breadcrumb","itemListElement":[{"@type":"ListItem","position":1,"name":"Home","item":"https:\/\/www.zipwall.eu\/de\/"},{"@type":"ListItem","position":2,"name":"&Uuml;bersichtsseite"}]},{"@type":"WebSite","@id":"https:\/\/www.zipwall.eu\/#website","url":"https:\/\/www.zipwall.eu\/","name":"ZipWall","description":"Dust Barrier System","potentialAction":[{"@type":"SearchAction","target":{"@type":"EntryPoint","urlTemplate":"https:\/\/www.zipwall.eu\/?s={search_term_string}"},"query-input":{"@type":"PropertyValueSpecification","valueRequired":true,"valueName":"search_term_string"}}],"inLanguage":"de-DE"}]}},"_links":{"self":[{"href":"https:\/\/www.zipwall.eu\/de\/wp-json\/wp\/v2\/pages\/2764","targetHints":{"allow":["GET"]}}],"collection":[{"href":"https:\/\/www.zipwall.eu\/de\/wp-json\/wp\/v2\/pages"}],"about":[{"href":"https:\/\/www.zipwall.eu\/de\/wp-json\/wp\/v2\/types\/page"}],"author":[{"embeddable":true,"href":"https:\/\/www.zipwall.eu\/de\/wp-json\/wp\/v2\/users\/1"}],"replies":[{"embeddable":true,"href":"https:\/\/www.zipwall.eu\/de\/wp-json\/wp\/v2\/comments?post=2764"}],"version-history":[{"count":0,"href":"https:\/\/www.zipwall.eu\/de\/wp-json\/wp\/v2\/pages\/2764\/revisions"}],"wp:attachment":[{"href":"https:\/\/www.zipwall.eu\/de\/wp-json\/wp\/v2\/media?parent=2764"}],"curies":[{"name":"wp","href":"https:\/\/api.w.org\/{rel}","templated":true}]}}