{"id":2887,"date":"2016-05-04T10:47:34","date_gmt":"2016-05-04T14:47:34","guid":{"rendered":"http:\/\/www.zipwall.eu\/de\/data-protection\/"},"modified":"2017-02-17T15:27:38","modified_gmt":"2017-02-17T20:27:38","slug":"data-protection","status":"publish","type":"page","link":"https:\/\/www.zipwall.eu\/de\/data-protection\/","title":{"rendered":"ZipWall\u00ae Staubschutzsystem Datenschutzerkl\u00e4rung"},"content":{"rendered":"<p><strong>Datenschutz<\/strong><\/p>\n<ol>\n<li><strong> Umgang mit personenbezogenen Daten<\/strong><\/li>\n<\/ol>\n<p>Die Internetseite www.zipwall.eu sowie alle zu dieser Domain geh\u00f6renden Subdomains sind ein Angebot der ZipWall GmbH, D\u00fcsseldorf, Deutschland (\u201e<strong>Zipwall<\/strong>\u201c). ZipWall betreibt diese Internetseiten zur Information \u00fcber das Unternehmen ZipWall, die von ZipWall vertriebenen Produkte sowie einen Online-Shop f\u00fcr Staubschutzsysteme und hierf\u00fcr verwendete Produkte.<\/p>\n<p>Der Schutz Ihrer personenbezogenen Daten, die wir durch Erhebung, Verarbeitung und Nutzung w\u00e4hrend Ihres Besuchs auf den Internetseiten der ZipWall sammeln, ist uns ein wichtiges Anliegen. Nachfolgend werden wir Ihnen erl\u00e4utern, welche Informationen ZipWall w\u00e4hrend Ihres Besuchs auf den Internetseiten erfasst und wie diese durch die ZipWall weiterverwendet werden.<\/p>\n<ol start=\"2\">\n<li><strong> Datenverarbeitung bei Besuch der Internetseiten<\/strong><\/li>\n<\/ol>\n<p>ZipWall ist bem\u00fcht, ihr Angebot auf den Internetseiten von ZipWall f\u00fcr Kunden und Interessenten zu verbessern und zu aktualisieren, um somit die Attraktivit\u00e4t des Angebots zu erh\u00f6hen. Zu diesem Zweck werden bei jedem Zugriff auf die Internetseiten von ZipWall \u00fcber den Abruf der Internetseiten Daten gespeichert, die keiner nat\u00fcrlichen Person zugeordnet werden und ausschlie\u00dflich internen, statistischen und technischen Zwecken von ZipWall dienen. Namen, Anschriften, Telefonnummern, E-Mail-Adressen oder andere Kontaktdaten werden nicht erfasst, es sei denn, Sie machen diese Angaben freiwillig, wie z. B. im Rahmen einer von Ihnen get\u00e4tigten Bestellung. ZipWall erstellt hierbei keine Nutzerprofile von Besuchsdaten der Internetseiten.<\/p>\n<p>Im Einzelnen werden bei Abruf der Seiten die folgenden Daten gespeichert:<\/p>\n<ul>\n<li>Namen und Bezeichnungen der Dateien, die von dem jeweiligen Nutzer von den Internetseiten von ZipWall abgerufen wurden<\/li>\n<li>die IP-Adresse, von der die Dateien abgerufen wurden<\/li>\n<li>das Datum und die Uhrzeit des Abrufs der jeweiligen Internetseite<\/li>\n<li>die \u00fcbertragene Datenmenge<\/li>\n<li>den Zeitpunkt des jeweiligen ersten Aufrufs einer der Internetseiten der ZipWall sowie den Zeitpunkt der jeweiligen letzten Aktivit\u00e4t auf einer dieser Seiten<\/li>\n<li>Statusabfragen \u00fcber den erfolgreichen Abruf der Dateien<\/li>\n<li>Typ des verwendeten Webbrowsers und die Herkunftsadresse (sog. Referrer)<\/li>\n<\/ul>\n<ol start=\"3\">\n<li><strong> Personenbezogene Daten<\/strong><\/li>\n<\/ol>\n<p>Sofern Sie sich entscheiden, Waren im Online-Shop zu bestellen, einen Vertrag mit ZipWall zu schlie\u00dfen, ein Kundenkonto zu er\u00f6ffnen oder Kontakt aufzunehmen, teilen Sie ZipWall freiwillig personenbezogene Daten mit. Ohne Ihre ausdr\u00fcckliche Einwilligung nutzt ZipWall diese Daten ausschlie\u00dflich im Rahmen der Vertrags- und Kaufabwicklung und zur Bearbeitung Ihrer Anfragen. Nachdem der Vertrag zwischen Ihnen und ZipWall vollst\u00e4ndig abgewickelt ist, muss ZipWall aufgrund handels- und steuerrechtlicher Aufbewahrungspflichten Ihre Daten f\u00fcr unterschiedliche Zeitr\u00e4ume speichern, nachdem diese Aufbewahrungszeitr\u00e4ume abgelaufen sind, werden Ihre Daten jedoch automatisch von ZipWall gel\u00f6scht.<\/p>\n<p>F\u00fcr eine ordnungsgem\u00e4\u00dfe Vertragsabwicklung muss ZipWall Ihre personenbezogenen Daten an von uns beauftragte Liefer- und Transportunternehmen weitergeben. Zur Abwicklung von Zahlungen wird ZipWall Ihre personenbezogenen Zahlungsdaten an das jeweilige Kreditinstitut weitergeben.<\/p>\n<ol start=\"4\">\n<li><strong> Zahlung \u00fcber Multisafepay<\/strong><\/li>\n<\/ol>\n<p>ZipWall bietet Ihnen als Zahlungsdienstleister \u201eMultisafepay\u201c, einen Dienst der Multisafepay bv, Kraanspoor 39, 1033 SC Amsterdam, Niederlande (nachfolgend \u201e<strong>Multisafepay<\/strong>\u201c) an. Mit Multisafepay k\u00f6nnen Sie ganz einfach und sicher bezahlen insbesondere mit Kreditkarte (VISA, MasterCard, Maestro), Bank\/Giro \u00dcberweisung, und Sofort\u00fcberweisung (Ideal, Bancontact Mister Cash, inCasso, giro pay, Direct ebanking.com, overBoeking). Die betreffende Zahlungsart k\u00f6nnen Sie w\u00e4hrend des Bestellvorgangs ausw\u00e4hlen. Bei der Zahlung mit Multisafepay werden von Ihnen personenbezogene Daten, insbesondere Rechnungsdaten (wie z. B. Ihr Name, Ihre E-Mail-Adresse) und Ihre Versandadresse sowie die von Ihnen gew\u00e4hlten Waren an Multisafepay \u00fcbermittelt.<\/p>\n<p>Multisafepay erhebt zur Abwicklung der Zahlung sodann die von Ihnen eingegebenen Zahlungsinformationen. Weiterhin leitet Multisafepay gegebenenfalls Daten an Dritte, auch an Dritte in Nicht-EWR-Mitgliedsstaaten weiter. Darunter sind auch Bonit\u00e4ts- und Auskunfteien.<\/p>\n<p>Unter folgendem Link finden Sie weitere Informationen von Multisafepay:<\/p>\n<p>https:\/\/www.multisafepay.com\/<\/p>\n<ol start=\"5\">\n<li><strong> Cookies<\/strong><\/li>\n<\/ol>\n<p>Wenn Sie die Internetseiten von ZipWall besuchen, werden gelegentlich Informationen in Form von Cookies (kleine Textdateien) auf Ihrem Computer abgelegt und gespeichert. Dies dient dem Zweck, das Angebot auf den Internetseiten von ZipWall benutzerfreundlich, flexibel und effektiv f\u00fcr Sie als Nutzer zu gestalten. Cookies k\u00f6nnen von ZipWall auch dazu verwendet werden, um Kennw\u00f6rter zu speichern. Hierdurch wird dem Nutzer technisch die M\u00f6glichkeit einer automatischen Anmeldung bei erneutem Aufruf der Seite gew\u00e4hrt. Sie haben die M\u00f6glichkeit, Ihren Internetbrowser so einzustellen, dass dieser Cookies gleich oder in regelm\u00e4\u00dfigen Abst\u00e4nden von Ihrem Datenspeicher l\u00f6scht, alle Cookies blockiert oder Sie warnt, bevor ein Cookie gespeichert wird. Bei der Eingabe von Passw\u00f6rtern im Rahmen der Anmeldung haben Sie zudem die M\u00f6glichkeit, die automatische Anmeldung nicht zu aktivieren und so die Speicherung von Kennw\u00f6rtern zu verhindern.<\/p>\n<p>Sollten Sie \u00fcber eine Verlinkung die Internetseiten von ZipWall verlassen und auf fremde Internetseiten gelangen, ist es m\u00f6glich, dass von Anbietern der verlinkten Internetseiten Cookies gesetzt werden. F\u00fcr diese Cookies ist ZipWall rechtlich nicht verantwortlich.<\/p>\n<p>&nbsp;<\/p>\n<ol start=\"6\">\n<li><strong> Google Analytics<\/strong><\/li>\n<\/ol>\n<p>Die Webseite von ZipWall benutzt Google Analytics, einen Webanalysedienst der Google Inc. (\u201eGoogle\u201c). Google Analytics verwendet sog. \u201eCookies\u201c, Textdateien, die auf Computer der Nutzer gespeichert werden und die eine Analyse der Benutzung der Website durch sie erm\u00f6glichen. Die durch den Cookie erzeugten Informationen \u00fcber Benutzung dieser Website durch die Nutzer werden in der Regel an einen Server von Google in den USA \u00fcbertragen und dort gespeichert. <strong>Auf dieser Webseite wurde die IP-Anonymisierung aktiviert, so dass die IP-Adresse der Nutzer von Google innerhalb von Mitgliedstaaten der Europ\u00e4ischen Union oder in anderen Vertragsstaaten des Abkommens \u00fcber den Europ\u00e4ischen Wirtschaftsraum zuvor gek\u00fcrzt wird.<\/strong> Nur in Ausnahmef\u00e4llen wird die volle IP-Adresse an einen Server von Google in den USA \u00fcbertragen und dort gek\u00fcrzt. Im Auftrag des Betreibers dieser Website wird Google diese Informationen benutzen, um die Nutzung der Website durch die Nutzer auszuwerten, um Reports \u00fcber die Websiteaktivit\u00e4ten zusammenzustellen und um weitere mit der Websitenutzung und der Internetnutzung verbundene Dienstleistungen gegen\u00fcber dem Websitebetreiber zu erbringen. Die im Rahmen von Google Analytics von Ihrem Browser \u00fcbermittelte IP-Adresse wird nicht mit anderen Daten von Google zusammengef\u00fchrt. Sie k\u00f6nnen die Speicherung der Cookies durch eine entsprechende Einstellung Ihrer Browser-Software verhindern; Dieses Angebot weist die Nutzer jedoch darauf hin, dass Sie in diesem Fall gegebenenfalls nicht s\u00e4mtliche Funktionen dieser Website vollumf\u00e4nglich werden nutzen k\u00f6nnen. Die Nutzer k\u00f6nnen dar\u00fcber hinaus die Erfassung der durch das Cookie erzeugten und auf ihre Nutzung der Website bezogenen Daten (inkl. Ihrer IP-Adresse) an Google sowie die Verarbeitung dieser Daten durch Google verhindern, indem sie das unter dem folgenden Link verf\u00fcgbare Browser-Plugin herunterladen und installieren. Der aktuelle Link ist:<em><br \/>\n<em>&#8222;<\/em><\/em><a href=\"http:\/\/tools.google.com\/dlpage\/gaoptout?hl=de\"><em>http:\/\/tools.google.com\/dlpage\/gaoptout?hl=de<\/em><\/a><em>.\u201c<\/em><\/p>\n<ol start=\"7\">\n<li><strong> Recht auf Auskunft, Widerruf und L\u00f6schung<\/strong><\/li>\n<\/ol>\n<p>Sie haben das Recht, die Einwilligung zur Verwendung Ihrer personenbezogenen Daten mit Wirkung f\u00fcr die Zukunft jederzeit zu widerrufen. Die L\u00f6schung der personenbezogenen Daten erfolgt, wenn Sie Ihre Einwilligung zur Speicherung gegen\u00fcber ZipWall widerrufen haben, wenn Ihre Kenntnis zur Erf\u00fcllung des mit der Speicherung verfolgten Zwecks nicht mehr erforderlich ist oder ihre Speicherung aus sonstigen gesetzlichen Gr\u00fcnden unzul\u00e4ssig ist. Auf schriftliche Anfrage hin wird ZipWall Sie gerne dar\u00fcber informieren, welche Daten wir \u00fcber Ihre Person (z. B. Name, Adresse, Telefonnummer) gespeichert haben. Bitte verwenden Sie hierzu die auf der Impressums- (<a href=\"http:\/\/www.zipwall.eu\/impressum\/\">www.zipwall.eu\/impressum\/<\/a>) oder Kontaktseite (<a href=\"http:\/\/www.zipwall.eu\/kontakt\/\">www.zipwall.eu\/kontakt\/<\/a>) hinterlegten Kontaktdaten von ZipWall.<\/p>\n<ol start=\"8\">\n<li><strong> Sicherheitshinweis<\/strong><\/li>\n<\/ol>\n<p>Die ZipWall bem\u00fcht sich darum, alle notwendigen technischen und organisatorischen Sicherheitsma\u00dfnahmen zu ergreifen, um Ihre personenbezogenen Daten so zu speichern, dass diese weder Dritten noch der \u00d6ffentlichkeit zug\u00e4nglich sind. Sollten Sie mit uns per E-Mail in Kontakt treten wollen, ist die Vertraulichkeit der \u00fcbermittelten Informationen technisch bedingt im \u00fcblichen Ma\u00dfe eingeschr\u00e4nkt, da der Inhalt von E-Mails von Dritten eingesehen werden kann.<\/p>\n<p>Das Online-Angebot der ZipWall enth\u00e4lt Links zu anderen Internetseiten. Wir haben keinen Einfluss darauf, dass deren Betreiber die Datenschutzbestimmungen einhalten.<\/p>\n<ol start=\"13\">\n<li><strong> Kontaktaufnahme<\/strong><\/li>\n<\/ol>\n<p>Sollten Sie Anregungen und Fragen hinsichtlich der Verarbeitung Ihrer pers\u00f6nlichen Daten haben, z\u00f6gern Sie nicht, uns unter der folgenden Adresse zu kontaktieren:<\/p>\n<p><strong>ZipWall GmbH, Gr\u00fcnstra\u00dfe 5, D-40212 D\u00fcsseldorf, Deutschland<\/strong><\/p>\n<p>&nbsp;<\/p>\n","protected":false},"excerpt":{"rendered":"<p>Datenschutz Umgang mit personenbezogenen Daten Die Internetseite www.zipwall.eu sowie alle zu dieser Domain geh\u00f6renden Subdomains sind ein Angebot der ZipWall GmbH, D\u00fcsseldorf, Deutschland (\u201eZipwall\u201c). ZipWall betreibt diese Internetseiten zur Information \u00fcber das Unternehmen ZipWall, die von ZipWall vertriebenen Produkte sowie einen Online-Shop f\u00fcr Staubschutzsysteme und hierf\u00fcr verwendete Produkte. Der Schutz Ihrer personenbezogenen Daten, die wir &hellip; <a href=\"https:\/\/www.zipwall.eu\/de\/data-protection\/\" class=\"more-link\"><span class=\"screen-reader-text\">ZipWall\u00ae Staubschutzsystem Datenschutzerkl\u00e4rung<\/span> weiterlesen <span class=\"meta-nav\">&rarr;<\/span><\/a><\/p>\n","protected":false},"author":1,"featured_media":0,"parent":0,"menu_order":0,"comment_status":"closed","ping_status":"closed","template":"","meta":{"footnotes":""},"class_list":["post-2887","page","type-page","status-publish","hentry"],"yoast_head":"<!-- This site is optimized with the Yoast SEO plugin v27.2 - https:\/\/yoast.com\/product\/yoast-seo-wordpress\/ -->\n<title>ZipWall\u00ae Staubschutzsystem Datenschutzerkl\u00e4rung - ZipWall<\/title>\n<meta name=\"robots\" content=\"index, follow, max-snippet:-1, max-image-preview:large, max-video-preview:-1\" \/>\n<link rel=\"canonical\" href=\"https:\/\/www.zipwall.eu\/de\/data-protection\/\" \/>\n<meta property=\"og:locale\" content=\"de_DE\" \/>\n<meta property=\"og:type\" content=\"article\" \/>\n<meta property=\"og:title\" content=\"ZipWall\u00ae Staubschutzsystem Datenschutzerkl\u00e4rung - ZipWall\" \/>\n<meta property=\"og:description\" content=\"Datenschutz Umgang mit personenbezogenen Daten Die Internetseite www.zipwall.eu sowie alle zu dieser Domain geh\u00f6renden Subdomains sind ein Angebot der ZipWall GmbH, D\u00fcsseldorf, Deutschland (\u201eZipwall\u201c). ZipWall betreibt diese Internetseiten zur Information \u00fcber das Unternehmen ZipWall, die von ZipWall vertriebenen Produkte sowie einen Online-Shop f\u00fcr Staubschutzsysteme und hierf\u00fcr verwendete Produkte. Der Schutz Ihrer personenbezogenen Daten, die wir &hellip; ZipWall\u00ae Staubschutzsystem Datenschutzerkl\u00e4rung weiterlesen &rarr;\" \/>\n<meta property=\"og:url\" content=\"https:\/\/www.zipwall.eu\/de\/data-protection\/\" \/>\n<meta property=\"og:site_name\" content=\"ZipWall\" \/>\n<meta property=\"article:publisher\" content=\"https:\/\/www.facebook.com\/ZipWall-121135931283666\/\" \/>\n<meta property=\"article:modified_time\" content=\"2017-02-17T20:27:38+00:00\" \/>\n<meta name=\"twitter:card\" content=\"summary_large_image\" \/>\n<meta name=\"twitter:site\" content=\"@ZipWall\" \/>\n<meta name=\"twitter:label1\" content=\"Gesch\u00e4tzte Lesezeit\" \/>\n\t<meta name=\"twitter:data1\" content=\"6 Minuten\" \/>\n<script type=\"application\/ld+json\" class=\"yoast-schema-graph\">{\"@context\":\"https:\/\/schema.org\",\"@graph\":[{\"@type\":\"WebPage\",\"@id\":\"https:\/\/www.zipwall.eu\/de\/data-protection\/\",\"url\":\"https:\/\/www.zipwall.eu\/de\/data-protection\/\",\"name\":\"ZipWall\u00ae Staubschutzsystem Datenschutzerkl\u00e4rung - ZipWall\",\"isPartOf\":{\"@id\":\"https:\/\/www.zipwall.eu\/#website\"},\"datePublished\":\"2016-05-04T14:47:34+00:00\",\"dateModified\":\"2017-02-17T20:27:38+00:00\",\"breadcrumb\":{\"@id\":\"https:\/\/www.zipwall.eu\/de\/data-protection\/#breadcrumb\"},\"inLanguage\":\"de-DE\",\"potentialAction\":[{\"@type\":\"ReadAction\",\"target\":[\"https:\/\/www.zipwall.eu\/de\/data-protection\/\"]}]},{\"@type\":\"BreadcrumbList\",\"@id\":\"https:\/\/www.zipwall.eu\/de\/data-protection\/#breadcrumb\",\"itemListElement\":[{\"@type\":\"ListItem\",\"position\":1,\"name\":\"Home\",\"item\":\"https:\/\/www.zipwall.eu\/de\/\"},{\"@type\":\"ListItem\",\"position\":2,\"name\":\"ZipWall\u00ae Staubschutzsystem Datenschutzerkl\u00e4rung\"}]},{\"@type\":\"WebSite\",\"@id\":\"https:\/\/www.zipwall.eu\/#website\",\"url\":\"https:\/\/www.zipwall.eu\/\",\"name\":\"ZipWall\",\"description\":\"Dust Barrier System\",\"potentialAction\":[{\"@type\":\"SearchAction\",\"target\":{\"@type\":\"EntryPoint\",\"urlTemplate\":\"https:\/\/www.zipwall.eu\/?s={search_term_string}\"},\"query-input\":{\"@type\":\"PropertyValueSpecification\",\"valueRequired\":true,\"valueName\":\"search_term_string\"}}],\"inLanguage\":\"de-DE\"}]}<\/script>\n<!-- \/ Yoast SEO plugin. -->","yoast_head_json":{"title":"ZipWall\u00ae Staubschutzsystem Datenschutzerkl\u00e4rung - ZipWall","robots":{"index":"index","follow":"follow","max-snippet":"max-snippet:-1","max-image-preview":"max-image-preview:large","max-video-preview":"max-video-preview:-1"},"canonical":"https:\/\/www.zipwall.eu\/de\/data-protection\/","og_locale":"de_DE","og_type":"article","og_title":"ZipWall\u00ae Staubschutzsystem Datenschutzerkl\u00e4rung - ZipWall","og_description":"Datenschutz Umgang mit personenbezogenen Daten Die Internetseite www.zipwall.eu sowie alle zu dieser Domain geh\u00f6renden Subdomains sind ein Angebot der ZipWall GmbH, D\u00fcsseldorf, Deutschland (\u201eZipwall\u201c). ZipWall betreibt diese Internetseiten zur Information \u00fcber das Unternehmen ZipWall, die von ZipWall vertriebenen Produkte sowie einen Online-Shop f\u00fcr Staubschutzsysteme und hierf\u00fcr verwendete Produkte. Der Schutz Ihrer personenbezogenen Daten, die wir &hellip; ZipWall\u00ae Staubschutzsystem Datenschutzerkl\u00e4rung weiterlesen &rarr;","og_url":"https:\/\/www.zipwall.eu\/de\/data-protection\/","og_site_name":"ZipWall","article_publisher":"https:\/\/www.facebook.com\/ZipWall-121135931283666\/","article_modified_time":"2017-02-17T20:27:38+00:00","twitter_card":"summary_large_image","twitter_site":"@ZipWall","twitter_misc":{"Gesch\u00e4tzte Lesezeit":"6 Minuten"},"schema":{"@context":"https:\/\/schema.org","@graph":[{"@type":"WebPage","@id":"https:\/\/www.zipwall.eu\/de\/data-protection\/","url":"https:\/\/www.zipwall.eu\/de\/data-protection\/","name":"ZipWall\u00ae Staubschutzsystem Datenschutzerkl\u00e4rung - ZipWall","isPartOf":{"@id":"https:\/\/www.zipwall.eu\/#website"},"datePublished":"2016-05-04T14:47:34+00:00","dateModified":"2017-02-17T20:27:38+00:00","breadcrumb":{"@id":"https:\/\/www.zipwall.eu\/de\/data-protection\/#breadcrumb"},"inLanguage":"de-DE","potentialAction":[{"@type":"ReadAction","target":["https:\/\/www.zipwall.eu\/de\/data-protection\/"]}]},{"@type":"BreadcrumbList","@id":"https:\/\/www.zipwall.eu\/de\/data-protection\/#breadcrumb","itemListElement":[{"@type":"ListItem","position":1,"name":"Home","item":"https:\/\/www.zipwall.eu\/de\/"},{"@type":"ListItem","position":2,"name":"ZipWall\u00ae Staubschutzsystem Datenschutzerkl\u00e4rung"}]},{"@type":"WebSite","@id":"https:\/\/www.zipwall.eu\/#website","url":"https:\/\/www.zipwall.eu\/","name":"ZipWall","description":"Dust Barrier System","potentialAction":[{"@type":"SearchAction","target":{"@type":"EntryPoint","urlTemplate":"https:\/\/www.zipwall.eu\/?s={search_term_string}"},"query-input":{"@type":"PropertyValueSpecification","valueRequired":true,"valueName":"search_term_string"}}],"inLanguage":"de-DE"}]}},"_links":{"self":[{"href":"https:\/\/www.zipwall.eu\/de\/wp-json\/wp\/v2\/pages\/2887","targetHints":{"allow":["GET"]}}],"collection":[{"href":"https:\/\/www.zipwall.eu\/de\/wp-json\/wp\/v2\/pages"}],"about":[{"href":"https:\/\/www.zipwall.eu\/de\/wp-json\/wp\/v2\/types\/page"}],"author":[{"embeddable":true,"href":"https:\/\/www.zipwall.eu\/de\/wp-json\/wp\/v2\/users\/1"}],"replies":[{"embeddable":true,"href":"https:\/\/www.zipwall.eu\/de\/wp-json\/wp\/v2\/comments?post=2887"}],"version-history":[{"count":0,"href":"https:\/\/www.zipwall.eu\/de\/wp-json\/wp\/v2\/pages\/2887\/revisions"}],"wp:attachment":[{"href":"https:\/\/www.zipwall.eu\/de\/wp-json\/wp\/v2\/media?parent=2887"}],"curies":[{"name":"wp","href":"https:\/\/api.w.org\/{rel}","templated":true}]}}