{"id":2959,"date":"2016-05-17T09:17:44","date_gmt":"2016-05-17T13:17:44","guid":{"rendered":"http:\/\/www.zipwall.eu\/de\/recession-information\/"},"modified":"2017-02-17T15:33:00","modified_gmt":"2017-02-17T20:33:00","slug":"rescission-information","status":"publish","type":"page","link":"https:\/\/www.zipwall.eu\/de\/rescission-information\/","title":{"rendered":"ZipWall\u00ae Staubschutzsystem Widerrufsbelehrung"},"content":{"rendered":"<p><strong>Widerrufsrecht<\/strong><\/p>\n<p><strong>Sie haben das Recht, binnen vierzehn Tagen ohne Angabe von Gr\u00fcnden diesen Vertrag zu widerrufen.<\/strong><\/p>\n<p><strong>Die Widerrufsfrist betr\u00e4gt vierzehn Tage ab dem Tag, an dem Sie oder ein von Ihnen benannter Dritter, der nicht der Bef\u00f6rderer ist, die Waren in Besitz genommen haben bzw. hat.<\/strong><\/p>\n<p><strong>Um Ihr Widerrufsrecht auszu\u00fcben, m\u00fcssen Sie uns, ZipWall GmbH, Gr\u00fcnstra\u00dfe 5, 40212 D\u00fcsseldorf Deutschland, +49 (0) 211 737 14699, <a href=\"http:\/\/export@zipwall.com\">export@zipwall.com<\/a><\/strong><strong>\u00a0mittels einer eindeutigen Erkl\u00e4rung (z.B. ein mit der Post versandter Brief oder E-Mail) \u00fcber Ihren Entschluss, diesen Vertrag zu widerrufen, informieren. Sie k\u00f6nnen daf\u00fcr das beigef\u00fcgte Muster-Widerrufsformular verwenden, das jedoch nicht vorgeschrieben ist. Sie k\u00f6nnen das Muster- Widerrufsformular oder eine andere eindeutige Erkl\u00e4rung auch auf unserer Webseite <\/strong><a href=\"http:\/\/www.zipwall.eu\"><strong>www.zipwall.eu<\/strong><\/a><strong> elektronisch ausf\u00fcllen und \u00fcbermitteln. Machen Sie von dieser M\u00f6glichkeit Gebrauch, so werden wir Ihnen unverz\u00fcglich (z.B. per E-Mail) eine Best\u00e4tigung \u00fcber den Eingang eines solchen Widerrufs \u00fcbermitteln.<\/strong><\/p>\n<p><strong>Zur Wahrung der Widerrufsfrist reicht es aus, dass Sie die Mitteilung \u00fcber die Aus\u00fcbung des Widerrufsrechts vor Ablauf der Widerrufsfrist absenden.<\/strong><\/p>\n<p><strong>Folgen des Widerrufs<\/strong><\/p>\n<p><strong>Wenn Sie diesen Vertrag widerrufen, haben wir Ihnen alle Zahlungen, die wir von Ihnen erhalten haben, einschlie\u00dflich der Lieferkosten (mit Ausnahme der zus\u00e4tzlichen Kosten, die sich daraus ergeben, dass Sie eine andere Art der Lieferung als die von uns angebotene, g\u00fcnstigste Standardlieferung gew\u00e4hlt haben), unverz\u00fcglich und sp\u00e4testens binnen vierzehn Tagen ab dem Tag zur\u00fcckzuzahlen, an dem die Mitteilung \u00fcber Ihren Widerruf dieses Vertrags bei uns eingegangen ist. F\u00fcr diese R\u00fcckzahlung verwenden wir dasselbe Zahlungsmittel, das Sie bei der urspr\u00fcnglichen Transaktion eingesetzt haben, es sei denn, mit Ihnen wurde ausdr\u00fccklich etwas anderes vereinbart; in keinem Fall werden Ihnen wegen dieser R\u00fcckzahlung Entgelte berechnet. Wir k\u00f6nnen die R\u00fcckzahlung verweigern, bis wir die Waren wieder zur\u00fcckerhalten haben oder bis Sie den Nachweis erbracht haben, dass Sie die Waren zur\u00fcckgesandt haben, je nachdem, welches der fr\u00fchere Zeitpunkt ist.<\/strong><\/p>\n<p><strong>Sie haben die Waren unverz\u00fcglich und in jedem Fall sp\u00e4testens binnen vierzehn Tagen ab dem Tag, an dem Sie uns \u00fcber den Widerruf dieses Vertrages unterrichten, an <\/strong><\/p>\n<p><strong>Misi Fulfilment<br \/>\nBetreff: ZipWall GmbH Returns<br \/>\nHeliumstraat 230<br \/>\n2718 RS Zoetermeer<br \/>\nNiederlande<br \/>\nTelefon: +31 79 343 16 24<br \/>\nE-Mail: <\/strong><a href=\"mailto:zipwall@webshopfulfilment.nl\"><strong>zipwall@webshopfulfilment.nl<\/strong><\/a><\/p>\n<p><strong>zur\u00fcckzusenden oder zu \u00fcbergeben. Die Frist ist gewahrt, wenn Sie die Waren vor Ablauf der Frist von vierzehn Tagen absenden.<\/strong><\/p>\n<p><strong>Sie tragen die unmittelbaren Kosten der R\u00fccksendung der Waren.<\/strong><\/p>\n<p><strong>Sie m\u00fcssen f\u00fcr einen etwaigen Wertverlust der Waren nur aufkommen, wenn dieser Wertverlust auf einen zur Pr\u00fcfung der Beschaffenheit, Eigenschaften und Funktionsweise der Waren nicht notwendigen Umgang mit ihnen zur\u00fcckzuf\u00fchren ist.<\/strong><\/p>\n<p><strong>&#8211; Ende der Widerrufsbelehrung-<\/strong><\/p>\n<p style=\"text-align: left;\"><strong>Muster-Widerrufsformular<\/strong><\/p>\n<p style=\"text-align: left;\">(Wenn Sie den Vertrag widerrufen wollen, dann f\u00fcllen Sie bitte dieses Formular aus und senden Sie es zur\u00fcck.) \u2013<\/p>\n<p style=\"text-align: left;\">ZipWall GmbH, Gr\u00fcnstra\u00dfe 5, 40212 D\u00fcsseldorf, Deutschland, Email: export@zipwall.com<br \/>\nWir zur\u00fcckzutreten hiermit den Vertrag in Bezug auf den Kauf der folgenden Waren eingetragen:<\/p>\n<p style=\"text-align: left;\">&#8211; Bestellt am<br \/>\n&#8211; Name<br \/>\n&#8211; Anschrift<br \/>\n&#8211; Unterschrift<br \/>\n&#8211; Datum<br \/>\n_______________<\/p>\n<p style=\"text-align: left;\">\n","protected":false},"excerpt":{"rendered":"<p>Widerrufsrecht Sie haben das Recht, binnen vierzehn Tagen ohne Angabe von Gr\u00fcnden diesen Vertrag zu widerrufen. Die Widerrufsfrist betr\u00e4gt vierzehn Tage ab dem Tag, an dem Sie oder ein von Ihnen benannter Dritter, der nicht der Bef\u00f6rderer ist, die Waren in Besitz genommen haben bzw. hat. Um Ihr Widerrufsrecht auszu\u00fcben, m\u00fcssen Sie uns, ZipWall GmbH, &hellip; <a href=\"https:\/\/www.zipwall.eu\/de\/rescission-information\/\" class=\"more-link\"><span class=\"screen-reader-text\">ZipWall\u00ae Staubschutzsystem Widerrufsbelehrung<\/span> weiterlesen <span class=\"meta-nav\">&rarr;<\/span><\/a><\/p>\n","protected":false},"author":1,"featured_media":0,"parent":0,"menu_order":0,"comment_status":"closed","ping_status":"closed","template":"","meta":{"footnotes":""},"class_list":["post-2959","page","type-page","status-publish","hentry"],"yoast_head":"<!-- This site is optimized with the Yoast SEO plugin v27.4 - https:\/\/yoast.com\/product\/yoast-seo-wordpress\/ -->\n<title>ZipWall\u00ae Staubschutzsystem Widerrufsbelehrung - ZipWall<\/title>\n<meta name=\"robots\" content=\"index, follow, max-snippet:-1, max-image-preview:large, max-video-preview:-1\" \/>\n<link rel=\"canonical\" href=\"https:\/\/www.zipwall.eu\/de\/rescission-information\/\" \/>\n<meta property=\"og:locale\" content=\"de_DE\" \/>\n<meta property=\"og:type\" content=\"article\" \/>\n<meta property=\"og:title\" content=\"ZipWall\u00ae Staubschutzsystem Widerrufsbelehrung - ZipWall\" \/>\n<meta property=\"og:description\" content=\"Widerrufsrecht Sie haben das Recht, binnen vierzehn Tagen ohne Angabe von Gr\u00fcnden diesen Vertrag zu widerrufen. Die Widerrufsfrist betr\u00e4gt vierzehn Tage ab dem Tag, an dem Sie oder ein von Ihnen benannter Dritter, der nicht der Bef\u00f6rderer ist, die Waren in Besitz genommen haben bzw. hat. Um Ihr Widerrufsrecht auszu\u00fcben, m\u00fcssen Sie uns, ZipWall GmbH, &hellip; ZipWall\u00ae Staubschutzsystem Widerrufsbelehrung weiterlesen &rarr;\" \/>\n<meta property=\"og:url\" content=\"https:\/\/www.zipwall.eu\/de\/rescission-information\/\" \/>\n<meta property=\"og:site_name\" content=\"ZipWall\" \/>\n<meta property=\"article:publisher\" content=\"https:\/\/www.facebook.com\/ZipWall-121135931283666\/\" \/>\n<meta property=\"article:modified_time\" content=\"2017-02-17T20:33:00+00:00\" \/>\n<meta name=\"twitter:card\" content=\"summary_large_image\" \/>\n<meta name=\"twitter:site\" content=\"@ZipWall\" \/>\n<meta name=\"twitter:label1\" content=\"Gesch\u00e4tzte Lesezeit\" \/>\n\t<meta name=\"twitter:data1\" content=\"3 Minuten\" \/>\n<script type=\"application\/ld+json\" class=\"yoast-schema-graph\">{\"@context\":\"https:\\\/\\\/schema.org\",\"@graph\":[{\"@type\":\"WebPage\",\"@id\":\"https:\\\/\\\/www.zipwall.eu\\\/de\\\/rescission-information\\\/\",\"url\":\"https:\\\/\\\/www.zipwall.eu\\\/de\\\/rescission-information\\\/\",\"name\":\"ZipWall\u00ae Staubschutzsystem Widerrufsbelehrung - ZipWall\",\"isPartOf\":{\"@id\":\"https:\\\/\\\/www.zipwall.eu\\\/#website\"},\"datePublished\":\"2016-05-17T13:17:44+00:00\",\"dateModified\":\"2017-02-17T20:33:00+00:00\",\"breadcrumb\":{\"@id\":\"https:\\\/\\\/www.zipwall.eu\\\/de\\\/rescission-information\\\/#breadcrumb\"},\"inLanguage\":\"de-DE\",\"potentialAction\":[{\"@type\":\"ReadAction\",\"target\":[\"https:\\\/\\\/www.zipwall.eu\\\/de\\\/rescission-information\\\/\"]}]},{\"@type\":\"BreadcrumbList\",\"@id\":\"https:\\\/\\\/www.zipwall.eu\\\/de\\\/rescission-information\\\/#breadcrumb\",\"itemListElement\":[{\"@type\":\"ListItem\",\"position\":1,\"name\":\"Home\",\"item\":\"https:\\\/\\\/www.zipwall.eu\\\/de\\\/\"},{\"@type\":\"ListItem\",\"position\":2,\"name\":\"ZipWall\u00ae Staubschutzsystem Widerrufsbelehrung\"}]},{\"@type\":\"WebSite\",\"@id\":\"https:\\\/\\\/www.zipwall.eu\\\/#website\",\"url\":\"https:\\\/\\\/www.zipwall.eu\\\/\",\"name\":\"ZipWall\",\"description\":\"Dust Barrier System\",\"potentialAction\":[{\"@type\":\"SearchAction\",\"target\":{\"@type\":\"EntryPoint\",\"urlTemplate\":\"https:\\\/\\\/www.zipwall.eu\\\/?s={search_term_string}\"},\"query-input\":{\"@type\":\"PropertyValueSpecification\",\"valueRequired\":true,\"valueName\":\"search_term_string\"}}],\"inLanguage\":\"de-DE\"}]}<\/script>\n<!-- \/ Yoast SEO plugin. -->","yoast_head_json":{"title":"ZipWall\u00ae Staubschutzsystem Widerrufsbelehrung - ZipWall","robots":{"index":"index","follow":"follow","max-snippet":"max-snippet:-1","max-image-preview":"max-image-preview:large","max-video-preview":"max-video-preview:-1"},"canonical":"https:\/\/www.zipwall.eu\/de\/rescission-information\/","og_locale":"de_DE","og_type":"article","og_title":"ZipWall\u00ae Staubschutzsystem Widerrufsbelehrung - ZipWall","og_description":"Widerrufsrecht Sie haben das Recht, binnen vierzehn Tagen ohne Angabe von Gr\u00fcnden diesen Vertrag zu widerrufen. Die Widerrufsfrist betr\u00e4gt vierzehn Tage ab dem Tag, an dem Sie oder ein von Ihnen benannter Dritter, der nicht der Bef\u00f6rderer ist, die Waren in Besitz genommen haben bzw. hat. Um Ihr Widerrufsrecht auszu\u00fcben, m\u00fcssen Sie uns, ZipWall GmbH, &hellip; ZipWall\u00ae Staubschutzsystem Widerrufsbelehrung weiterlesen &rarr;","og_url":"https:\/\/www.zipwall.eu\/de\/rescission-information\/","og_site_name":"ZipWall","article_publisher":"https:\/\/www.facebook.com\/ZipWall-121135931283666\/","article_modified_time":"2017-02-17T20:33:00+00:00","twitter_card":"summary_large_image","twitter_site":"@ZipWall","twitter_misc":{"Gesch\u00e4tzte Lesezeit":"3 Minuten"},"schema":{"@context":"https:\/\/schema.org","@graph":[{"@type":"WebPage","@id":"https:\/\/www.zipwall.eu\/de\/rescission-information\/","url":"https:\/\/www.zipwall.eu\/de\/rescission-information\/","name":"ZipWall\u00ae Staubschutzsystem Widerrufsbelehrung - ZipWall","isPartOf":{"@id":"https:\/\/www.zipwall.eu\/#website"},"datePublished":"2016-05-17T13:17:44+00:00","dateModified":"2017-02-17T20:33:00+00:00","breadcrumb":{"@id":"https:\/\/www.zipwall.eu\/de\/rescission-information\/#breadcrumb"},"inLanguage":"de-DE","potentialAction":[{"@type":"ReadAction","target":["https:\/\/www.zipwall.eu\/de\/rescission-information\/"]}]},{"@type":"BreadcrumbList","@id":"https:\/\/www.zipwall.eu\/de\/rescission-information\/#breadcrumb","itemListElement":[{"@type":"ListItem","position":1,"name":"Home","item":"https:\/\/www.zipwall.eu\/de\/"},{"@type":"ListItem","position":2,"name":"ZipWall\u00ae Staubschutzsystem Widerrufsbelehrung"}]},{"@type":"WebSite","@id":"https:\/\/www.zipwall.eu\/#website","url":"https:\/\/www.zipwall.eu\/","name":"ZipWall","description":"Dust Barrier System","potentialAction":[{"@type":"SearchAction","target":{"@type":"EntryPoint","urlTemplate":"https:\/\/www.zipwall.eu\/?s={search_term_string}"},"query-input":{"@type":"PropertyValueSpecification","valueRequired":true,"valueName":"search_term_string"}}],"inLanguage":"de-DE"}]}},"_links":{"self":[{"href":"https:\/\/www.zipwall.eu\/de\/wp-json\/wp\/v2\/pages\/2959","targetHints":{"allow":["GET"]}}],"collection":[{"href":"https:\/\/www.zipwall.eu\/de\/wp-json\/wp\/v2\/pages"}],"about":[{"href":"https:\/\/www.zipwall.eu\/de\/wp-json\/wp\/v2\/types\/page"}],"author":[{"embeddable":true,"href":"https:\/\/www.zipwall.eu\/de\/wp-json\/wp\/v2\/users\/1"}],"replies":[{"embeddable":true,"href":"https:\/\/www.zipwall.eu\/de\/wp-json\/wp\/v2\/comments?post=2959"}],"version-history":[{"count":0,"href":"https:\/\/www.zipwall.eu\/de\/wp-json\/wp\/v2\/pages\/2959\/revisions"}],"wp:attachment":[{"href":"https:\/\/www.zipwall.eu\/de\/wp-json\/wp\/v2\/media?parent=2959"}],"curies":[{"name":"wp","href":"https:\/\/api.w.org\/{rel}","templated":true}]}}