{"id":1779,"date":"2015-11-23T14:20:09","date_gmt":"2016-03-11T15:42:55","guid":{"rendered":"http:\/\/www.zipwall.eu\/de\/?post_type=product&#038;p=1779"},"modified":"2016-12-20T13:34:56","modified_gmt":"2016-12-20T18:34:56","slug":"zipdoor-industrieuer-kit","status":"publish","type":"product","link":"https:\/\/www.zipwall.eu\/de\/product\/zipdoor-industrieuer-kit\/","title":{"rendered":"ZipDoor\u00ae Industrie-T\u00fcr-Kit"},"content":{"rendered":"<p>Dichtet Eing\u00e4nge bis zu 1,2m x 2,4m ab. Besteht aus 4 mil (0,1mm) <span style=\"color: #ff6600;\">flammhemmender<\/span> Kunststoff-Folie. Enth\u00e4lt zwei vorinstallierte Rei\u00dfverschl\u00fcsse.<\/p>\n<p>Das ZipDoor\u00ae Industrie-T\u00fcr-Kit\u00a0enth\u00e4lt eine ZipDoor\u2122 T\u00fcr, zwei Klappenhalter und eine Rolle 24m x 7,3m\u00a0ZipWall\u00ae Klebeband.<\/p>\n<p>Gewicht: 0,77kg<br \/>\nMa\u00dfe: 35cm x 27cm x 4cm<\/p>\n","protected":false},"excerpt":{"rendered":"<p>Dichtet Eing\u00e4nge bis zu 1,2m x 2,4m ab. Besteht aus 4 mil (0,1mm) flammhemmender Kunststoff-Folie. Enth\u00e4lt zwei vorinstallierte Rei\u00dfverschl\u00fcsse. Das ZipDoor\u00ae Industrie-T\u00fcr-Kit\u00a0enth\u00e4lt eine ZipDoor\u2122 T\u00fcr, zwei Klappenhalter und eine Rolle 24m x 7,3m\u00a0ZipWall\u00ae Klebeband. Gewicht: 0,77kg Ma\u00dfe: 35cm x 27cm x 4cm<\/p>\n","protected":false},"featured_media":2733,"template":"","meta":[],"product_brand":[],"product_cat":[57,58],"product_tag":[],"class_list":{"0":"post-1779","1":"product","2":"type-product","3":"status-publish","4":"has-post-thumbnail","6":"product_cat-reissverschluesse-platten","7":"product_cat-zipdoor-kits","9":"first","10":"instock","11":"taxable","12":"shipping-taxable","13":"purchasable","14":"product-type-simple"},"yoast_head":"<!-- This site is optimized with the Yoast SEO plugin v27.3 - https:\/\/yoast.com\/product\/yoast-seo-wordpress\/ -->\n<title>ZipDoor\u00ae Industrie-T\u00fcr-Kit - ZipWall<\/title>\n<meta name=\"robots\" content=\"index, follow, max-snippet:-1, max-image-preview:large, max-video-preview:-1\" \/>\n<link rel=\"canonical\" href=\"https:\/\/www.zipwall.eu\/de\/product\/zipdoor-industrieuer-kit\/\" \/>\n<meta property=\"og:locale\" content=\"de_DE\" \/>\n<meta property=\"og:type\" content=\"article\" \/>\n<meta property=\"og:title\" content=\"ZipDoor\u00ae Industrie-T\u00fcr-Kit - ZipWall\" \/>\n<meta property=\"og:description\" content=\"Dichtet Eing\u00e4nge bis zu 1,2m x 2,4m ab. Besteht aus 4 mil (0,1mm) flammhemmender Kunststoff-Folie. Enth\u00e4lt zwei vorinstallierte Rei\u00dfverschl\u00fcsse. Das ZipDoor\u00ae Industrie-T\u00fcr-Kit\u00a0enth\u00e4lt eine ZipDoor\u2122 T\u00fcr, zwei Klappenhalter und eine Rolle 24m x 7,3m\u00a0ZipWall\u00ae Klebeband. Gewicht: 0,77kg Ma\u00dfe: 35cm x 27cm x 4cm\" \/>\n<meta property=\"og:url\" content=\"https:\/\/www.zipwall.eu\/de\/product\/zipdoor-industrieuer-kit\/\" \/>\n<meta property=\"og:site_name\" content=\"ZipWall\" \/>\n<meta property=\"article:publisher\" content=\"https:\/\/www.facebook.com\/ZipWall-121135931283666\/\" \/>\n<meta property=\"article:modified_time\" content=\"2016-12-20T18:34:56+00:00\" \/>\n<meta property=\"og:image\" content=\"https:\/\/www.zipwall.eu\/wp-content\/uploads\/ZDC_CMYK_Product_NOreuse.jpg\" \/>\n\t<meta property=\"og:image:width\" content=\"1300\" \/>\n\t<meta property=\"og:image:height\" content=\"1642\" \/>\n\t<meta property=\"og:image:type\" content=\"image\/jpeg\" \/>\n<meta name=\"twitter:card\" content=\"summary_large_image\" \/>\n<meta name=\"twitter:site\" content=\"@ZipWall\" \/>\n<script type=\"application\/ld+json\" class=\"yoast-schema-graph\">{\"@context\":\"https:\\\/\\\/schema.org\",\"@graph\":[{\"@type\":\"WebPage\",\"@id\":\"https:\\\/\\\/www.zipwall.eu\\\/de\\\/product\\\/zipdoor-industrieuer-kit\\\/\",\"url\":\"https:\\\/\\\/www.zipwall.eu\\\/de\\\/product\\\/zipdoor-industrieuer-kit\\\/\",\"name\":\"ZipDoor\u00ae Industrie-T\u00fcr-Kit - ZipWall\",\"isPartOf\":{\"@id\":\"https:\\\/\\\/www.zipwall.eu\\\/#website\"},\"primaryImageOfPage\":{\"@id\":\"https:\\\/\\\/www.zipwall.eu\\\/de\\\/product\\\/zipdoor-industrieuer-kit\\\/#primaryimage\"},\"image\":{\"@id\":\"https:\\\/\\\/www.zipwall.eu\\\/de\\\/product\\\/zipdoor-industrieuer-kit\\\/#primaryimage\"},\"thumbnailUrl\":\"https:\\\/\\\/www.zipwall.eu\\\/wp-content\\\/uploads\\\/ZDC_CMYK_Product_NOreuse.jpg\",\"datePublished\":\"2016-03-11T15:42:55+00:00\",\"dateModified\":\"2016-12-20T18:34:56+00:00\",\"breadcrumb\":{\"@id\":\"https:\\\/\\\/www.zipwall.eu\\\/de\\\/product\\\/zipdoor-industrieuer-kit\\\/#breadcrumb\"},\"inLanguage\":\"de-DE\",\"potentialAction\":[{\"@type\":\"ReadAction\",\"target\":[\"https:\\\/\\\/www.zipwall.eu\\\/de\\\/product\\\/zipdoor-industrieuer-kit\\\/\"]}]},{\"@type\":\"ImageObject\",\"inLanguage\":\"de-DE\",\"@id\":\"https:\\\/\\\/www.zipwall.eu\\\/de\\\/product\\\/zipdoor-industrieuer-kit\\\/#primaryimage\",\"url\":\"https:\\\/\\\/www.zipwall.eu\\\/wp-content\\\/uploads\\\/ZDC_CMYK_Product_NOreuse.jpg\",\"contentUrl\":\"https:\\\/\\\/www.zipwall.eu\\\/wp-content\\\/uploads\\\/ZDC_CMYK_Product_NOreuse.jpg\",\"width\":1300,\"height\":1642},{\"@type\":\"BreadcrumbList\",\"@id\":\"https:\\\/\\\/www.zipwall.eu\\\/de\\\/product\\\/zipdoor-industrieuer-kit\\\/#breadcrumb\",\"itemListElement\":[{\"@type\":\"ListItem\",\"position\":1,\"name\":\"Home\",\"item\":\"https:\\\/\\\/www.zipwall.eu\\\/de\\\/\"},{\"@type\":\"ListItem\",\"position\":2,\"name\":\"Shop\",\"item\":\"https:\\\/\\\/www.zipwall.eu\\\/de\\\/shop\\\/\"},{\"@type\":\"ListItem\",\"position\":3,\"name\":\"ZipDoor\u00ae Industrie-T\u00fcr-Kit\"}]},{\"@type\":\"WebSite\",\"@id\":\"https:\\\/\\\/www.zipwall.eu\\\/#website\",\"url\":\"https:\\\/\\\/www.zipwall.eu\\\/\",\"name\":\"ZipWall\",\"description\":\"Dust Barrier System\",\"potentialAction\":[{\"@type\":\"SearchAction\",\"target\":{\"@type\":\"EntryPoint\",\"urlTemplate\":\"https:\\\/\\\/www.zipwall.eu\\\/?s={search_term_string}\"},\"query-input\":{\"@type\":\"PropertyValueSpecification\",\"valueRequired\":true,\"valueName\":\"search_term_string\"}}],\"inLanguage\":\"de-DE\"}]}<\/script>\n<!-- \/ Yoast SEO plugin. -->","yoast_head_json":{"title":"ZipDoor\u00ae Industrie-T\u00fcr-Kit - ZipWall","robots":{"index":"index","follow":"follow","max-snippet":"max-snippet:-1","max-image-preview":"max-image-preview:large","max-video-preview":"max-video-preview:-1"},"canonical":"https:\/\/www.zipwall.eu\/de\/product\/zipdoor-industrieuer-kit\/","og_locale":"de_DE","og_type":"article","og_title":"ZipDoor\u00ae Industrie-T\u00fcr-Kit - ZipWall","og_description":"Dichtet Eing\u00e4nge bis zu 1,2m x 2,4m ab. Besteht aus 4 mil (0,1mm) flammhemmender Kunststoff-Folie. Enth\u00e4lt zwei vorinstallierte Rei\u00dfverschl\u00fcsse. Das ZipDoor\u00ae Industrie-T\u00fcr-Kit\u00a0enth\u00e4lt eine ZipDoor\u2122 T\u00fcr, zwei Klappenhalter und eine Rolle 24m x 7,3m\u00a0ZipWall\u00ae Klebeband. Gewicht: 0,77kg Ma\u00dfe: 35cm x 27cm x 4cm","og_url":"https:\/\/www.zipwall.eu\/de\/product\/zipdoor-industrieuer-kit\/","og_site_name":"ZipWall","article_publisher":"https:\/\/www.facebook.com\/ZipWall-121135931283666\/","article_modified_time":"2016-12-20T18:34:56+00:00","og_image":[{"width":1300,"height":1642,"url":"https:\/\/www.zipwall.eu\/wp-content\/uploads\/ZDC_CMYK_Product_NOreuse.jpg","type":"image\/jpeg"}],"twitter_card":"summary_large_image","twitter_site":"@ZipWall","schema":{"@context":"https:\/\/schema.org","@graph":[{"@type":"WebPage","@id":"https:\/\/www.zipwall.eu\/de\/product\/zipdoor-industrieuer-kit\/","url":"https:\/\/www.zipwall.eu\/de\/product\/zipdoor-industrieuer-kit\/","name":"ZipDoor\u00ae Industrie-T\u00fcr-Kit - ZipWall","isPartOf":{"@id":"https:\/\/www.zipwall.eu\/#website"},"primaryImageOfPage":{"@id":"https:\/\/www.zipwall.eu\/de\/product\/zipdoor-industrieuer-kit\/#primaryimage"},"image":{"@id":"https:\/\/www.zipwall.eu\/de\/product\/zipdoor-industrieuer-kit\/#primaryimage"},"thumbnailUrl":"https:\/\/www.zipwall.eu\/wp-content\/uploads\/ZDC_CMYK_Product_NOreuse.jpg","datePublished":"2016-03-11T15:42:55+00:00","dateModified":"2016-12-20T18:34:56+00:00","breadcrumb":{"@id":"https:\/\/www.zipwall.eu\/de\/product\/zipdoor-industrieuer-kit\/#breadcrumb"},"inLanguage":"de-DE","potentialAction":[{"@type":"ReadAction","target":["https:\/\/www.zipwall.eu\/de\/product\/zipdoor-industrieuer-kit\/"]}]},{"@type":"ImageObject","inLanguage":"de-DE","@id":"https:\/\/www.zipwall.eu\/de\/product\/zipdoor-industrieuer-kit\/#primaryimage","url":"https:\/\/www.zipwall.eu\/wp-content\/uploads\/ZDC_CMYK_Product_NOreuse.jpg","contentUrl":"https:\/\/www.zipwall.eu\/wp-content\/uploads\/ZDC_CMYK_Product_NOreuse.jpg","width":1300,"height":1642},{"@type":"BreadcrumbList","@id":"https:\/\/www.zipwall.eu\/de\/product\/zipdoor-industrieuer-kit\/#breadcrumb","itemListElement":[{"@type":"ListItem","position":1,"name":"Home","item":"https:\/\/www.zipwall.eu\/de\/"},{"@type":"ListItem","position":2,"name":"Shop","item":"https:\/\/www.zipwall.eu\/de\/shop\/"},{"@type":"ListItem","position":3,"name":"ZipDoor\u00ae Industrie-T\u00fcr-Kit"}]},{"@type":"WebSite","@id":"https:\/\/www.zipwall.eu\/#website","url":"https:\/\/www.zipwall.eu\/","name":"ZipWall","description":"Dust Barrier System","potentialAction":[{"@type":"SearchAction","target":{"@type":"EntryPoint","urlTemplate":"https:\/\/www.zipwall.eu\/?s={search_term_string}"},"query-input":{"@type":"PropertyValueSpecification","valueRequired":true,"valueName":"search_term_string"}}],"inLanguage":"de-DE"}]}},"_links":{"self":[{"href":"https:\/\/www.zipwall.eu\/de\/wp-json\/wp\/v2\/product\/1779","targetHints":{"allow":["GET"]}}],"collection":[{"href":"https:\/\/www.zipwall.eu\/de\/wp-json\/wp\/v2\/product"}],"about":[{"href":"https:\/\/www.zipwall.eu\/de\/wp-json\/wp\/v2\/types\/product"}],"wp:featuredmedia":[{"embeddable":true,"href":"https:\/\/www.zipwall.eu\/de\/wp-json\/wp\/v2\/media\/2733"}],"wp:attachment":[{"href":"https:\/\/www.zipwall.eu\/de\/wp-json\/wp\/v2\/media?parent=1779"}],"wp:term":[{"taxonomy":"product_brand","embeddable":true,"href":"https:\/\/www.zipwall.eu\/de\/wp-json\/wp\/v2\/product_brand?post=1779"},{"taxonomy":"product_cat","embeddable":true,"href":"https:\/\/www.zipwall.eu\/de\/wp-json\/wp\/v2\/product_cat?post=1779"},{"taxonomy":"product_tag","embeddable":true,"href":"https:\/\/www.zipwall.eu\/de\/wp-json\/wp\/v2\/product_tag?post=1779"}],"curies":[{"name":"wp","href":"https:\/\/api.w.org\/{rel}","templated":true}]}}