{"id":1782,"date":"2016-03-11T10:46:13","date_gmt":"2016-03-11T15:46:13","guid":{"rendered":"http:\/\/www.zipwall.eu\/de\/?post_type=product&#038;p=1782"},"modified":"2018-09-13T07:41:10","modified_gmt":"2018-09-13T11:41:10","slug":"zipwall-heavy-duty-reissverschluss-zwoelferpack","status":"publish","type":"product","link":"https:\/\/www.zipwall.eu\/de\/product\/zipwall-heavy-duty-reissverschluss-zwoelferpack\/","title":{"rendered":"ZipWall\u00ae Heavy-Duty-Rei\u00dfverschluss, 12er-Pack"},"content":{"rendered":"<p>Kaufen Sie unsere besten Rei\u00dfverschl\u00fcsse zum Tiefstpreis auf Vorrat. Heavy-Duty-Rei\u00dfverschl\u00fcsse funktionieren bei Temperaturen unter 12,8\u2070 C, haben eine gr\u00f6\u00dfere Klebefl\u00e4che als Standard-Rei\u00dfverschl\u00fcsse und haften daher besser. Ihre 7,62cm breite Konstruktion aus Stoff bietet maximale Strapazierf\u00e4higkeit und ist daher ideal f\u00fcr Bereiche mit starkem Durchgangsverkehr. Der patentierte ZipperKnife\u2122 Folienschneider verhindert das Einklemmen der Kunststoff-Folie im Rei\u00dfverschluss.<\/p>\n<p>Der Heavy-Duty-Rei\u00dfverschluss, 12er-Pack enth\u00e4lt 12 Rei\u00dfverschl\u00fcsse, 12 Klappenhalter und einen ZipperKnife\u2122 Folienschneider.<\/p>\n<p>Gewicht: 1,59kg<br \/>\nMa\u00dfe: 28cm x 18cm x 17cm<\/p>\n","protected":false},"excerpt":{"rendered":"<p>Kaufen Sie unsere besten Rei\u00dfverschl\u00fcsse zum Tiefstpreis auf Vorrat. Heavy-Duty-Rei\u00dfverschl\u00fcsse funktionieren bei Temperaturen unter 12,8\u2070 C, haben eine gr\u00f6\u00dfere Klebefl\u00e4che als Standard-Rei\u00dfverschl\u00fcsse und haften daher besser. Ihre 7,62cm breite Konstruktion aus Stoff bietet maximale Strapazierf\u00e4higkeit und ist daher ideal f\u00fcr Bereiche mit starkem Durchgangsverkehr. Der patentierte ZipperKnife\u2122 Folienschneider verhindert das Einklemmen der Kunststoff-Folie im Rei\u00dfverschluss. &hellip; <a href=\"https:\/\/www.zipwall.eu\/de\/product\/zipwall-heavy-duty-reissverschluss-zwoelferpack\/\" class=\"more-link\"><span class=\"screen-reader-text\">ZipWall\u00ae Heavy-Duty-Rei\u00dfverschluss, 12er-Pack<\/span> weiterlesen <span class=\"meta-nav\">&rarr;<\/span><\/a><\/p>\n","protected":false},"featured_media":2698,"template":"","meta":[],"product_brand":[],"product_cat":[57],"product_tag":[],"class_list":{"0":"post-1782","1":"product","2":"type-product","3":"status-publish","4":"has-post-thumbnail","6":"product_cat-reissverschluesse-platten","8":"first","9":"instock","10":"taxable","11":"shipping-taxable","12":"purchasable","13":"product-type-simple"},"yoast_head":"<!-- This site is optimized with the Yoast SEO plugin v27.3 - https:\/\/yoast.com\/product\/yoast-seo-wordpress\/ -->\n<title>ZipWall\u00ae Heavy-Duty-Rei\u00dfverschluss, 12er-Pack - ZipWall<\/title>\n<meta name=\"robots\" content=\"index, follow, max-snippet:-1, max-image-preview:large, max-video-preview:-1\" \/>\n<link rel=\"canonical\" href=\"https:\/\/www.zipwall.eu\/de\/product\/zipwall-heavy-duty-reissverschluss-zwoelferpack\/\" \/>\n<meta property=\"og:locale\" content=\"de_DE\" \/>\n<meta property=\"og:type\" content=\"article\" \/>\n<meta property=\"og:title\" content=\"ZipWall\u00ae Heavy-Duty-Rei\u00dfverschluss, 12er-Pack - ZipWall\" \/>\n<meta property=\"og:description\" content=\"Kaufen Sie unsere besten Rei\u00dfverschl\u00fcsse zum Tiefstpreis auf Vorrat. Heavy-Duty-Rei\u00dfverschl\u00fcsse funktionieren bei Temperaturen unter 12,8\u2070 C, haben eine gr\u00f6\u00dfere Klebefl\u00e4che als Standard-Rei\u00dfverschl\u00fcsse und haften daher besser. Ihre 7,62cm breite Konstruktion aus Stoff bietet maximale Strapazierf\u00e4higkeit und ist daher ideal f\u00fcr Bereiche mit starkem Durchgangsverkehr. Der patentierte ZipperKnife\u2122 Folienschneider verhindert das Einklemmen der Kunststoff-Folie im Rei\u00dfverschluss. &hellip; ZipWall\u00ae Heavy-Duty-Rei\u00dfverschluss, 12er-Pack weiterlesen &rarr;\" \/>\n<meta property=\"og:url\" content=\"https:\/\/www.zipwall.eu\/de\/product\/zipwall-heavy-duty-reissverschluss-zwoelferpack\/\" \/>\n<meta property=\"og:site_name\" content=\"ZipWall\" \/>\n<meta property=\"article:publisher\" content=\"https:\/\/www.facebook.com\/ZipWall-121135931283666\/\" \/>\n<meta property=\"article:modified_time\" content=\"2018-09-13T11:41:10+00:00\" \/>\n<meta property=\"og:image\" content=\"https:\/\/www.zipwall.eu\/wp-content\/uploads\/HDAZ12_RGB_Product.jpg\" \/>\n\t<meta property=\"og:image:width\" content=\"2400\" \/>\n\t<meta property=\"og:image:height\" content=\"1582\" \/>\n\t<meta property=\"og:image:type\" content=\"image\/jpeg\" \/>\n<meta name=\"twitter:card\" content=\"summary_large_image\" \/>\n<meta name=\"twitter:site\" content=\"@ZipWall\" \/>\n<script type=\"application\/ld+json\" class=\"yoast-schema-graph\">{\"@context\":\"https:\\\/\\\/schema.org\",\"@graph\":[{\"@type\":\"WebPage\",\"@id\":\"https:\\\/\\\/www.zipwall.eu\\\/de\\\/product\\\/zipwall-heavy-duty-reissverschluss-zwoelferpack\\\/\",\"url\":\"https:\\\/\\\/www.zipwall.eu\\\/de\\\/product\\\/zipwall-heavy-duty-reissverschluss-zwoelferpack\\\/\",\"name\":\"ZipWall\u00ae Heavy-Duty-Rei\u00dfverschluss, 12er-Pack - ZipWall\",\"isPartOf\":{\"@id\":\"https:\\\/\\\/www.zipwall.eu\\\/#website\"},\"primaryImageOfPage\":{\"@id\":\"https:\\\/\\\/www.zipwall.eu\\\/de\\\/product\\\/zipwall-heavy-duty-reissverschluss-zwoelferpack\\\/#primaryimage\"},\"image\":{\"@id\":\"https:\\\/\\\/www.zipwall.eu\\\/de\\\/product\\\/zipwall-heavy-duty-reissverschluss-zwoelferpack\\\/#primaryimage\"},\"thumbnailUrl\":\"https:\\\/\\\/www.zipwall.eu\\\/wp-content\\\/uploads\\\/HDAZ12_RGB_Product.jpg\",\"datePublished\":\"2016-03-11T15:46:13+00:00\",\"dateModified\":\"2018-09-13T11:41:10+00:00\",\"breadcrumb\":{\"@id\":\"https:\\\/\\\/www.zipwall.eu\\\/de\\\/product\\\/zipwall-heavy-duty-reissverschluss-zwoelferpack\\\/#breadcrumb\"},\"inLanguage\":\"de-DE\",\"potentialAction\":[{\"@type\":\"ReadAction\",\"target\":[\"https:\\\/\\\/www.zipwall.eu\\\/de\\\/product\\\/zipwall-heavy-duty-reissverschluss-zwoelferpack\\\/\"]}]},{\"@type\":\"ImageObject\",\"inLanguage\":\"de-DE\",\"@id\":\"https:\\\/\\\/www.zipwall.eu\\\/de\\\/product\\\/zipwall-heavy-duty-reissverschluss-zwoelferpack\\\/#primaryimage\",\"url\":\"https:\\\/\\\/www.zipwall.eu\\\/wp-content\\\/uploads\\\/HDAZ12_RGB_Product.jpg\",\"contentUrl\":\"https:\\\/\\\/www.zipwall.eu\\\/wp-content\\\/uploads\\\/HDAZ12_RGB_Product.jpg\",\"width\":2400,\"height\":1582},{\"@type\":\"BreadcrumbList\",\"@id\":\"https:\\\/\\\/www.zipwall.eu\\\/de\\\/product\\\/zipwall-heavy-duty-reissverschluss-zwoelferpack\\\/#breadcrumb\",\"itemListElement\":[{\"@type\":\"ListItem\",\"position\":1,\"name\":\"Home\",\"item\":\"https:\\\/\\\/www.zipwall.eu\\\/de\\\/\"},{\"@type\":\"ListItem\",\"position\":2,\"name\":\"Shop\",\"item\":\"https:\\\/\\\/www.zipwall.eu\\\/de\\\/shop\\\/\"},{\"@type\":\"ListItem\",\"position\":3,\"name\":\"ZipWall\u00ae Heavy-Duty-Rei\u00dfverschluss, 12er-Pack\"}]},{\"@type\":\"WebSite\",\"@id\":\"https:\\\/\\\/www.zipwall.eu\\\/#website\",\"url\":\"https:\\\/\\\/www.zipwall.eu\\\/\",\"name\":\"ZipWall\",\"description\":\"Dust Barrier System\",\"potentialAction\":[{\"@type\":\"SearchAction\",\"target\":{\"@type\":\"EntryPoint\",\"urlTemplate\":\"https:\\\/\\\/www.zipwall.eu\\\/?s={search_term_string}\"},\"query-input\":{\"@type\":\"PropertyValueSpecification\",\"valueRequired\":true,\"valueName\":\"search_term_string\"}}],\"inLanguage\":\"de-DE\"}]}<\/script>\n<!-- \/ Yoast SEO plugin. -->","yoast_head_json":{"title":"ZipWall\u00ae Heavy-Duty-Rei\u00dfverschluss, 12er-Pack - ZipWall","robots":{"index":"index","follow":"follow","max-snippet":"max-snippet:-1","max-image-preview":"max-image-preview:large","max-video-preview":"max-video-preview:-1"},"canonical":"https:\/\/www.zipwall.eu\/de\/product\/zipwall-heavy-duty-reissverschluss-zwoelferpack\/","og_locale":"de_DE","og_type":"article","og_title":"ZipWall\u00ae Heavy-Duty-Rei\u00dfverschluss, 12er-Pack - ZipWall","og_description":"Kaufen Sie unsere besten Rei\u00dfverschl\u00fcsse zum Tiefstpreis auf Vorrat. Heavy-Duty-Rei\u00dfverschl\u00fcsse funktionieren bei Temperaturen unter 12,8\u2070 C, haben eine gr\u00f6\u00dfere Klebefl\u00e4che als Standard-Rei\u00dfverschl\u00fcsse und haften daher besser. Ihre 7,62cm breite Konstruktion aus Stoff bietet maximale Strapazierf\u00e4higkeit und ist daher ideal f\u00fcr Bereiche mit starkem Durchgangsverkehr. Der patentierte ZipperKnife\u2122 Folienschneider verhindert das Einklemmen der Kunststoff-Folie im Rei\u00dfverschluss. &hellip; ZipWall\u00ae Heavy-Duty-Rei\u00dfverschluss, 12er-Pack weiterlesen &rarr;","og_url":"https:\/\/www.zipwall.eu\/de\/product\/zipwall-heavy-duty-reissverschluss-zwoelferpack\/","og_site_name":"ZipWall","article_publisher":"https:\/\/www.facebook.com\/ZipWall-121135931283666\/","article_modified_time":"2018-09-13T11:41:10+00:00","og_image":[{"width":2400,"height":1582,"url":"https:\/\/www.zipwall.eu\/wp-content\/uploads\/HDAZ12_RGB_Product.jpg","type":"image\/jpeg"}],"twitter_card":"summary_large_image","twitter_site":"@ZipWall","schema":{"@context":"https:\/\/schema.org","@graph":[{"@type":"WebPage","@id":"https:\/\/www.zipwall.eu\/de\/product\/zipwall-heavy-duty-reissverschluss-zwoelferpack\/","url":"https:\/\/www.zipwall.eu\/de\/product\/zipwall-heavy-duty-reissverschluss-zwoelferpack\/","name":"ZipWall\u00ae Heavy-Duty-Rei\u00dfverschluss, 12er-Pack - ZipWall","isPartOf":{"@id":"https:\/\/www.zipwall.eu\/#website"},"primaryImageOfPage":{"@id":"https:\/\/www.zipwall.eu\/de\/product\/zipwall-heavy-duty-reissverschluss-zwoelferpack\/#primaryimage"},"image":{"@id":"https:\/\/www.zipwall.eu\/de\/product\/zipwall-heavy-duty-reissverschluss-zwoelferpack\/#primaryimage"},"thumbnailUrl":"https:\/\/www.zipwall.eu\/wp-content\/uploads\/HDAZ12_RGB_Product.jpg","datePublished":"2016-03-11T15:46:13+00:00","dateModified":"2018-09-13T11:41:10+00:00","breadcrumb":{"@id":"https:\/\/www.zipwall.eu\/de\/product\/zipwall-heavy-duty-reissverschluss-zwoelferpack\/#breadcrumb"},"inLanguage":"de-DE","potentialAction":[{"@type":"ReadAction","target":["https:\/\/www.zipwall.eu\/de\/product\/zipwall-heavy-duty-reissverschluss-zwoelferpack\/"]}]},{"@type":"ImageObject","inLanguage":"de-DE","@id":"https:\/\/www.zipwall.eu\/de\/product\/zipwall-heavy-duty-reissverschluss-zwoelferpack\/#primaryimage","url":"https:\/\/www.zipwall.eu\/wp-content\/uploads\/HDAZ12_RGB_Product.jpg","contentUrl":"https:\/\/www.zipwall.eu\/wp-content\/uploads\/HDAZ12_RGB_Product.jpg","width":2400,"height":1582},{"@type":"BreadcrumbList","@id":"https:\/\/www.zipwall.eu\/de\/product\/zipwall-heavy-duty-reissverschluss-zwoelferpack\/#breadcrumb","itemListElement":[{"@type":"ListItem","position":1,"name":"Home","item":"https:\/\/www.zipwall.eu\/de\/"},{"@type":"ListItem","position":2,"name":"Shop","item":"https:\/\/www.zipwall.eu\/de\/shop\/"},{"@type":"ListItem","position":3,"name":"ZipWall\u00ae Heavy-Duty-Rei\u00dfverschluss, 12er-Pack"}]},{"@type":"WebSite","@id":"https:\/\/www.zipwall.eu\/#website","url":"https:\/\/www.zipwall.eu\/","name":"ZipWall","description":"Dust Barrier System","potentialAction":[{"@type":"SearchAction","target":{"@type":"EntryPoint","urlTemplate":"https:\/\/www.zipwall.eu\/?s={search_term_string}"},"query-input":{"@type":"PropertyValueSpecification","valueRequired":true,"valueName":"search_term_string"}}],"inLanguage":"de-DE"}]}},"_links":{"self":[{"href":"https:\/\/www.zipwall.eu\/de\/wp-json\/wp\/v2\/product\/1782","targetHints":{"allow":["GET"]}}],"collection":[{"href":"https:\/\/www.zipwall.eu\/de\/wp-json\/wp\/v2\/product"}],"about":[{"href":"https:\/\/www.zipwall.eu\/de\/wp-json\/wp\/v2\/types\/product"}],"wp:featuredmedia":[{"embeddable":true,"href":"https:\/\/www.zipwall.eu\/de\/wp-json\/wp\/v2\/media\/2698"}],"wp:attachment":[{"href":"https:\/\/www.zipwall.eu\/de\/wp-json\/wp\/v2\/media?parent=1782"}],"wp:term":[{"taxonomy":"product_brand","embeddable":true,"href":"https:\/\/www.zipwall.eu\/de\/wp-json\/wp\/v2\/product_brand?post=1782"},{"taxonomy":"product_cat","embeddable":true,"href":"https:\/\/www.zipwall.eu\/de\/wp-json\/wp\/v2\/product_cat?post=1782"},{"taxonomy":"product_tag","embeddable":true,"href":"https:\/\/www.zipwall.eu\/de\/wp-json\/wp\/v2\/product_tag?post=1782"}],"curies":[{"name":"wp","href":"https:\/\/api.w.org\/{rel}","templated":true}]}}