{"id":1783,"date":"2016-03-11T10:47:57","date_gmt":"2016-03-11T15:47:57","guid":{"rendered":"http:\/\/www.zipwall.eu\/de\/?post_type=product&#038;p=1783"},"modified":"2018-06-03T12:42:25","modified_gmt":"2018-06-03T16:42:25","slug":"zipwall-heavy-duty-reissverschluss-doppelpack","status":"publish","type":"product","link":"https:\/\/www.zipwall.eu\/de\/product\/zipwall-heavy-duty-reissverschluss-doppelpack\/","title":{"rendered":"ZipWall\u00ae Heavy-Duty-Rei\u00dfverschluss, 2er-Pack"},"content":{"rendered":"<p>Heavy-Duty-Rei\u00dfverschl\u00fcsse funtktionieren bei Temperaturen unter 12,8\u2070 C, haben eine gr\u00f6\u00dfere Klebefl\u00e4che als Standard-Rei\u00dfverschl\u00fcsse und halten daher besser. Ihre 7,62cm breite Konstruktion aus Stoff bietet maximale Strapazierf\u00e4higkeit und ist daher ideal f\u00fcr Bereiche mit starkem Durchgangsverkehr. Der patentierte ZipperKnife\u2122 Folienschneider verhindert das Einklemmen der Kunststoff-Folie im Rei\u00dfverschluss.<\/p>\n<p>Der ZipWall\u00ae Heavy-Duty-Rei\u00dfverschluss, 2er-Pack enth\u00e4lt zwei Rei\u00dfverschl\u00fcsse, zwei Klappenhalter und einen ZipperKnife\u2122 Folienschneider.<\/p>\n<p>Gewicht: 0,31kg<br \/>\nMa\u00dfe: 28cm x 89cm x 89cm<\/p>\n","protected":false},"excerpt":{"rendered":"<p>Heavy-Duty-Rei\u00dfverschl\u00fcsse funtktionieren bei Temperaturen unter 12,8\u2070 C, haben eine gr\u00f6\u00dfere Klebefl\u00e4che als Standard-Rei\u00dfverschl\u00fcsse und halten daher besser. Ihre 7,62cm breite Konstruktion aus Stoff bietet maximale Strapazierf\u00e4higkeit und ist daher ideal f\u00fcr Bereiche mit starkem Durchgangsverkehr. Der patentierte ZipperKnife\u2122 Folienschneider verhindert das Einklemmen der Kunststoff-Folie im Rei\u00dfverschluss. Der ZipWall\u00ae Heavy-Duty-Rei\u00dfverschluss, 2er-Pack enth\u00e4lt zwei Rei\u00dfverschl\u00fcsse, zwei Klappenhalter &hellip; <a href=\"https:\/\/www.zipwall.eu\/de\/product\/zipwall-heavy-duty-reissverschluss-doppelpack\/\" class=\"more-link\"><span class=\"screen-reader-text\">ZipWall\u00ae Heavy-Duty-Rei\u00dfverschluss, 2er-Pack<\/span> weiterlesen <span class=\"meta-nav\">&rarr;<\/span><\/a><\/p>\n","protected":false},"featured_media":2695,"template":"","meta":[],"product_brand":[],"product_cat":[57],"product_tag":[],"class_list":{"0":"post-1783","1":"product","2":"type-product","3":"status-publish","4":"has-post-thumbnail","6":"product_cat-reissverschluesse-platten","8":"first","9":"instock","10":"taxable","11":"shipping-taxable","12":"purchasable","13":"product-type-simple"},"yoast_head":"<!-- This site is optimized with the Yoast SEO plugin v27.3 - https:\/\/yoast.com\/product\/yoast-seo-wordpress\/ -->\n<title>ZipWall\u00ae Heavy-Duty-Rei\u00dfverschluss, 2er-Pack - ZipWall<\/title>\n<meta name=\"robots\" content=\"index, follow, max-snippet:-1, max-image-preview:large, max-video-preview:-1\" \/>\n<link rel=\"canonical\" href=\"https:\/\/www.zipwall.eu\/de\/product\/zipwall-heavy-duty-reissverschluss-doppelpack\/\" \/>\n<meta property=\"og:locale\" content=\"de_DE\" \/>\n<meta property=\"og:type\" content=\"article\" \/>\n<meta property=\"og:title\" content=\"ZipWall\u00ae Heavy-Duty-Rei\u00dfverschluss, 2er-Pack - ZipWall\" \/>\n<meta property=\"og:description\" content=\"Heavy-Duty-Rei\u00dfverschl\u00fcsse funtktionieren bei Temperaturen unter 12,8\u2070 C, haben eine gr\u00f6\u00dfere Klebefl\u00e4che als Standard-Rei\u00dfverschl\u00fcsse und halten daher besser. Ihre 7,62cm breite Konstruktion aus Stoff bietet maximale Strapazierf\u00e4higkeit und ist daher ideal f\u00fcr Bereiche mit starkem Durchgangsverkehr. Der patentierte ZipperKnife\u2122 Folienschneider verhindert das Einklemmen der Kunststoff-Folie im Rei\u00dfverschluss. Der ZipWall\u00ae Heavy-Duty-Rei\u00dfverschluss, 2er-Pack enth\u00e4lt zwei Rei\u00dfverschl\u00fcsse, zwei Klappenhalter &hellip; ZipWall\u00ae Heavy-Duty-Rei\u00dfverschluss, 2er-Pack weiterlesen &rarr;\" \/>\n<meta property=\"og:url\" content=\"https:\/\/www.zipwall.eu\/de\/product\/zipwall-heavy-duty-reissverschluss-doppelpack\/\" \/>\n<meta property=\"og:site_name\" content=\"ZipWall\" \/>\n<meta property=\"article:publisher\" content=\"https:\/\/www.facebook.com\/ZipWall-121135931283666\/\" \/>\n<meta property=\"article:modified_time\" content=\"2018-06-03T16:42:25+00:00\" \/>\n<meta property=\"og:image\" content=\"https:\/\/www.zipwall.eu\/wp-content\/uploads\/HDAZ2_RGB_Product.jpg\" \/>\n\t<meta property=\"og:image:width\" content=\"1716\" \/>\n\t<meta property=\"og:image:height\" content=\"1800\" \/>\n\t<meta property=\"og:image:type\" content=\"image\/jpeg\" \/>\n<meta name=\"twitter:card\" content=\"summary_large_image\" \/>\n<meta name=\"twitter:site\" content=\"@ZipWall\" \/>\n<script type=\"application\/ld+json\" class=\"yoast-schema-graph\">{\"@context\":\"https:\\\/\\\/schema.org\",\"@graph\":[{\"@type\":\"WebPage\",\"@id\":\"https:\\\/\\\/www.zipwall.eu\\\/de\\\/product\\\/zipwall-heavy-duty-reissverschluss-doppelpack\\\/\",\"url\":\"https:\\\/\\\/www.zipwall.eu\\\/de\\\/product\\\/zipwall-heavy-duty-reissverschluss-doppelpack\\\/\",\"name\":\"ZipWall\u00ae Heavy-Duty-Rei\u00dfverschluss, 2er-Pack - ZipWall\",\"isPartOf\":{\"@id\":\"https:\\\/\\\/www.zipwall.eu\\\/#website\"},\"primaryImageOfPage\":{\"@id\":\"https:\\\/\\\/www.zipwall.eu\\\/de\\\/product\\\/zipwall-heavy-duty-reissverschluss-doppelpack\\\/#primaryimage\"},\"image\":{\"@id\":\"https:\\\/\\\/www.zipwall.eu\\\/de\\\/product\\\/zipwall-heavy-duty-reissverschluss-doppelpack\\\/#primaryimage\"},\"thumbnailUrl\":\"https:\\\/\\\/www.zipwall.eu\\\/wp-content\\\/uploads\\\/HDAZ2_RGB_Product.jpg\",\"datePublished\":\"2016-03-11T15:47:57+00:00\",\"dateModified\":\"2018-06-03T16:42:25+00:00\",\"breadcrumb\":{\"@id\":\"https:\\\/\\\/www.zipwall.eu\\\/de\\\/product\\\/zipwall-heavy-duty-reissverschluss-doppelpack\\\/#breadcrumb\"},\"inLanguage\":\"de-DE\",\"potentialAction\":[{\"@type\":\"ReadAction\",\"target\":[\"https:\\\/\\\/www.zipwall.eu\\\/de\\\/product\\\/zipwall-heavy-duty-reissverschluss-doppelpack\\\/\"]}]},{\"@type\":\"ImageObject\",\"inLanguage\":\"de-DE\",\"@id\":\"https:\\\/\\\/www.zipwall.eu\\\/de\\\/product\\\/zipwall-heavy-duty-reissverschluss-doppelpack\\\/#primaryimage\",\"url\":\"https:\\\/\\\/www.zipwall.eu\\\/wp-content\\\/uploads\\\/HDAZ2_RGB_Product.jpg\",\"contentUrl\":\"https:\\\/\\\/www.zipwall.eu\\\/wp-content\\\/uploads\\\/HDAZ2_RGB_Product.jpg\",\"width\":1716,\"height\":1800},{\"@type\":\"BreadcrumbList\",\"@id\":\"https:\\\/\\\/www.zipwall.eu\\\/de\\\/product\\\/zipwall-heavy-duty-reissverschluss-doppelpack\\\/#breadcrumb\",\"itemListElement\":[{\"@type\":\"ListItem\",\"position\":1,\"name\":\"Home\",\"item\":\"https:\\\/\\\/www.zipwall.eu\\\/de\\\/\"},{\"@type\":\"ListItem\",\"position\":2,\"name\":\"Shop\",\"item\":\"https:\\\/\\\/www.zipwall.eu\\\/de\\\/shop\\\/\"},{\"@type\":\"ListItem\",\"position\":3,\"name\":\"ZipWall\u00ae Heavy-Duty-Rei\u00dfverschluss, 2er-Pack\"}]},{\"@type\":\"WebSite\",\"@id\":\"https:\\\/\\\/www.zipwall.eu\\\/#website\",\"url\":\"https:\\\/\\\/www.zipwall.eu\\\/\",\"name\":\"ZipWall\",\"description\":\"Dust Barrier System\",\"potentialAction\":[{\"@type\":\"SearchAction\",\"target\":{\"@type\":\"EntryPoint\",\"urlTemplate\":\"https:\\\/\\\/www.zipwall.eu\\\/?s={search_term_string}\"},\"query-input\":{\"@type\":\"PropertyValueSpecification\",\"valueRequired\":true,\"valueName\":\"search_term_string\"}}],\"inLanguage\":\"de-DE\"}]}<\/script>\n<!-- \/ Yoast SEO plugin. -->","yoast_head_json":{"title":"ZipWall\u00ae Heavy-Duty-Rei\u00dfverschluss, 2er-Pack - ZipWall","robots":{"index":"index","follow":"follow","max-snippet":"max-snippet:-1","max-image-preview":"max-image-preview:large","max-video-preview":"max-video-preview:-1"},"canonical":"https:\/\/www.zipwall.eu\/de\/product\/zipwall-heavy-duty-reissverschluss-doppelpack\/","og_locale":"de_DE","og_type":"article","og_title":"ZipWall\u00ae Heavy-Duty-Rei\u00dfverschluss, 2er-Pack - ZipWall","og_description":"Heavy-Duty-Rei\u00dfverschl\u00fcsse funtktionieren bei Temperaturen unter 12,8\u2070 C, haben eine gr\u00f6\u00dfere Klebefl\u00e4che als Standard-Rei\u00dfverschl\u00fcsse und halten daher besser. Ihre 7,62cm breite Konstruktion aus Stoff bietet maximale Strapazierf\u00e4higkeit und ist daher ideal f\u00fcr Bereiche mit starkem Durchgangsverkehr. Der patentierte ZipperKnife\u2122 Folienschneider verhindert das Einklemmen der Kunststoff-Folie im Rei\u00dfverschluss. Der ZipWall\u00ae Heavy-Duty-Rei\u00dfverschluss, 2er-Pack enth\u00e4lt zwei Rei\u00dfverschl\u00fcsse, zwei Klappenhalter &hellip; ZipWall\u00ae Heavy-Duty-Rei\u00dfverschluss, 2er-Pack weiterlesen &rarr;","og_url":"https:\/\/www.zipwall.eu\/de\/product\/zipwall-heavy-duty-reissverschluss-doppelpack\/","og_site_name":"ZipWall","article_publisher":"https:\/\/www.facebook.com\/ZipWall-121135931283666\/","article_modified_time":"2018-06-03T16:42:25+00:00","og_image":[{"width":1716,"height":1800,"url":"https:\/\/www.zipwall.eu\/wp-content\/uploads\/HDAZ2_RGB_Product.jpg","type":"image\/jpeg"}],"twitter_card":"summary_large_image","twitter_site":"@ZipWall","schema":{"@context":"https:\/\/schema.org","@graph":[{"@type":"WebPage","@id":"https:\/\/www.zipwall.eu\/de\/product\/zipwall-heavy-duty-reissverschluss-doppelpack\/","url":"https:\/\/www.zipwall.eu\/de\/product\/zipwall-heavy-duty-reissverschluss-doppelpack\/","name":"ZipWall\u00ae Heavy-Duty-Rei\u00dfverschluss, 2er-Pack - ZipWall","isPartOf":{"@id":"https:\/\/www.zipwall.eu\/#website"},"primaryImageOfPage":{"@id":"https:\/\/www.zipwall.eu\/de\/product\/zipwall-heavy-duty-reissverschluss-doppelpack\/#primaryimage"},"image":{"@id":"https:\/\/www.zipwall.eu\/de\/product\/zipwall-heavy-duty-reissverschluss-doppelpack\/#primaryimage"},"thumbnailUrl":"https:\/\/www.zipwall.eu\/wp-content\/uploads\/HDAZ2_RGB_Product.jpg","datePublished":"2016-03-11T15:47:57+00:00","dateModified":"2018-06-03T16:42:25+00:00","breadcrumb":{"@id":"https:\/\/www.zipwall.eu\/de\/product\/zipwall-heavy-duty-reissverschluss-doppelpack\/#breadcrumb"},"inLanguage":"de-DE","potentialAction":[{"@type":"ReadAction","target":["https:\/\/www.zipwall.eu\/de\/product\/zipwall-heavy-duty-reissverschluss-doppelpack\/"]}]},{"@type":"ImageObject","inLanguage":"de-DE","@id":"https:\/\/www.zipwall.eu\/de\/product\/zipwall-heavy-duty-reissverschluss-doppelpack\/#primaryimage","url":"https:\/\/www.zipwall.eu\/wp-content\/uploads\/HDAZ2_RGB_Product.jpg","contentUrl":"https:\/\/www.zipwall.eu\/wp-content\/uploads\/HDAZ2_RGB_Product.jpg","width":1716,"height":1800},{"@type":"BreadcrumbList","@id":"https:\/\/www.zipwall.eu\/de\/product\/zipwall-heavy-duty-reissverschluss-doppelpack\/#breadcrumb","itemListElement":[{"@type":"ListItem","position":1,"name":"Home","item":"https:\/\/www.zipwall.eu\/de\/"},{"@type":"ListItem","position":2,"name":"Shop","item":"https:\/\/www.zipwall.eu\/de\/shop\/"},{"@type":"ListItem","position":3,"name":"ZipWall\u00ae Heavy-Duty-Rei\u00dfverschluss, 2er-Pack"}]},{"@type":"WebSite","@id":"https:\/\/www.zipwall.eu\/#website","url":"https:\/\/www.zipwall.eu\/","name":"ZipWall","description":"Dust Barrier System","potentialAction":[{"@type":"SearchAction","target":{"@type":"EntryPoint","urlTemplate":"https:\/\/www.zipwall.eu\/?s={search_term_string}"},"query-input":{"@type":"PropertyValueSpecification","valueRequired":true,"valueName":"search_term_string"}}],"inLanguage":"de-DE"}]}},"_links":{"self":[{"href":"https:\/\/www.zipwall.eu\/de\/wp-json\/wp\/v2\/product\/1783","targetHints":{"allow":["GET"]}}],"collection":[{"href":"https:\/\/www.zipwall.eu\/de\/wp-json\/wp\/v2\/product"}],"about":[{"href":"https:\/\/www.zipwall.eu\/de\/wp-json\/wp\/v2\/types\/product"}],"wp:featuredmedia":[{"embeddable":true,"href":"https:\/\/www.zipwall.eu\/de\/wp-json\/wp\/v2\/media\/2695"}],"wp:attachment":[{"href":"https:\/\/www.zipwall.eu\/de\/wp-json\/wp\/v2\/media?parent=1783"}],"wp:term":[{"taxonomy":"product_brand","embeddable":true,"href":"https:\/\/www.zipwall.eu\/de\/wp-json\/wp\/v2\/product_brand?post=1783"},{"taxonomy":"product_cat","embeddable":true,"href":"https:\/\/www.zipwall.eu\/de\/wp-json\/wp\/v2\/product_cat?post=1783"},{"taxonomy":"product_tag","embeddable":true,"href":"https:\/\/www.zipwall.eu\/de\/wp-json\/wp\/v2\/product_tag?post=1783"}],"curies":[{"name":"wp","href":"https:\/\/api.w.org\/{rel}","templated":true}]}}