{"id":1790,"date":"2015-11-23T12:32:38","date_gmt":"2016-03-11T16:30:01","guid":{"rendered":"http:\/\/www.zipwall.eu\/de\/?post_type=product&#038;p=1790"},"modified":"2017-02-03T14:47:18","modified_gmt":"2017-02-03T19:47:18","slug":"zipwall-12-doppelpack","status":"publish","type":"product","link":"https:\/\/www.zipwall.eu\/de\/product\/zipwall-12-doppelpack\/","title":{"rendered":"ZipWall\u00ae 12, 2er-Pack"},"content":{"rendered":"<p>Der 2er-Pack ist ideal f\u00fcr die Erweiterung Ihres ZipWall\u00ae Staubwandsystems. Die beiden Stangen k\u00f6nnen auch zur Abdichtung eines Flures oder eines biz zu 3m breiten Raumes verwendet werden.<\/p>\n<p>Der ZipWall\u00ae 12, 2er-Pack enth\u00e4lt zwei 3,6m-Druckfederstangen aus Aluminum mit Zubeh\u00f6r (K\u00f6pfe, Platten und GripDisk\u2122 rutschfeste Unterlegscheiben). <em>Kunststoff-Folie ist nicht inkludiert.<\/em><\/p>\n<p>Gewicht: 2,27kg<br \/>\nMa\u00dfe: 149cm x 9cm x 6cm<\/p>\n","protected":false},"excerpt":{"rendered":"<p>Der 2er-Pack ist ideal f\u00fcr die Erweiterung Ihres ZipWall\u00ae Staubwandsystems. Die beiden Stangen k\u00f6nnen auch zur Abdichtung eines Flures oder eines biz zu 3m breiten Raumes verwendet werden. Der ZipWall\u00ae 12, 2er-Pack enth\u00e4lt zwei 3,6m-Druckfederstangen aus Aluminum mit Zubeh\u00f6r (K\u00f6pfe, Platten und GripDisk\u2122 rutschfeste Unterlegscheiben). Kunststoff-Folie ist nicht inkludiert. Gewicht: 2,27kg Ma\u00dfe: 149cm x 9cm &hellip; <a href=\"https:\/\/www.zipwall.eu\/de\/product\/zipwall-12-doppelpack\/\" class=\"more-link\"><span class=\"screen-reader-text\">ZipWall\u00ae 12, 2er-Pack<\/span> weiterlesen <span class=\"meta-nav\">&rarr;<\/span><\/a><\/p>\n","protected":false},"featured_media":2543,"template":"","meta":[],"product_brand":[],"product_cat":[50,48],"product_tag":[],"class_list":{"0":"post-1790","1":"product","2":"type-product","3":"status-publish","4":"has-post-thumbnail","6":"product_cat-36m-stangen","7":"product_cat-druckfederstangen","9":"first","10":"instock","11":"taxable","12":"shipping-taxable","13":"purchasable","14":"product-type-simple"},"yoast_head":"<!-- This site is optimized with the Yoast SEO plugin v27.4 - https:\/\/yoast.com\/product\/yoast-seo-wordpress\/ -->\n<title>ZipWall\u00ae 12, 2er-Pack - ZipWall<\/title>\n<meta name=\"robots\" content=\"index, follow, max-snippet:-1, max-image-preview:large, max-video-preview:-1\" \/>\n<link rel=\"canonical\" href=\"https:\/\/www.zipwall.eu\/de\/product\/zipwall-12-doppelpack\/\" \/>\n<meta property=\"og:locale\" content=\"de_DE\" \/>\n<meta property=\"og:type\" content=\"article\" \/>\n<meta property=\"og:title\" content=\"ZipWall\u00ae 12, 2er-Pack - ZipWall\" \/>\n<meta property=\"og:description\" content=\"Der 2er-Pack ist ideal f\u00fcr die Erweiterung Ihres ZipWall\u00ae Staubwandsystems. Die beiden Stangen k\u00f6nnen auch zur Abdichtung eines Flures oder eines biz zu 3m breiten Raumes verwendet werden. Der ZipWall\u00ae 12, 2er-Pack enth\u00e4lt zwei 3,6m-Druckfederstangen aus Aluminum mit Zubeh\u00f6r (K\u00f6pfe, Platten und GripDisk\u2122 rutschfeste Unterlegscheiben). Kunststoff-Folie ist nicht inkludiert. Gewicht: 2,27kg Ma\u00dfe: 149cm x 9cm &hellip; ZipWall\u00ae 12, 2er-Pack weiterlesen &rarr;\" \/>\n<meta property=\"og:url\" content=\"https:\/\/www.zipwall.eu\/de\/product\/zipwall-12-doppelpack\/\" \/>\n<meta property=\"og:site_name\" content=\"ZipWall\" \/>\n<meta property=\"article:publisher\" content=\"https:\/\/www.facebook.com\/ZipWall-121135931283666\/\" \/>\n<meta property=\"article:modified_time\" content=\"2017-02-03T19:47:18+00:00\" \/>\n<meta property=\"og:image\" content=\"https:\/\/www.zipwall.eu\/wp-content\/uploads\/SLP2_RGB_Product.jpg\" \/>\n\t<meta property=\"og:image:width\" content=\"2400\" \/>\n\t<meta property=\"og:image:height\" content=\"1798\" \/>\n\t<meta property=\"og:image:type\" content=\"image\/jpeg\" \/>\n<meta name=\"twitter:card\" content=\"summary_large_image\" \/>\n<meta name=\"twitter:site\" content=\"@ZipWall\" \/>\n<script type=\"application\/ld+json\" class=\"yoast-schema-graph\">{\"@context\":\"https:\\\/\\\/schema.org\",\"@graph\":[{\"@type\":\"WebPage\",\"@id\":\"https:\\\/\\\/www.zipwall.eu\\\/de\\\/product\\\/zipwall-12-doppelpack\\\/\",\"url\":\"https:\\\/\\\/www.zipwall.eu\\\/de\\\/product\\\/zipwall-12-doppelpack\\\/\",\"name\":\"ZipWall\u00ae 12, 2er-Pack - ZipWall\",\"isPartOf\":{\"@id\":\"https:\\\/\\\/www.zipwall.eu\\\/#website\"},\"primaryImageOfPage\":{\"@id\":\"https:\\\/\\\/www.zipwall.eu\\\/de\\\/product\\\/zipwall-12-doppelpack\\\/#primaryimage\"},\"image\":{\"@id\":\"https:\\\/\\\/www.zipwall.eu\\\/de\\\/product\\\/zipwall-12-doppelpack\\\/#primaryimage\"},\"thumbnailUrl\":\"https:\\\/\\\/www.zipwall.eu\\\/wp-content\\\/uploads\\\/SLP2_RGB_Product.jpg\",\"datePublished\":\"2016-03-11T16:30:01+00:00\",\"dateModified\":\"2017-02-03T19:47:18+00:00\",\"breadcrumb\":{\"@id\":\"https:\\\/\\\/www.zipwall.eu\\\/de\\\/product\\\/zipwall-12-doppelpack\\\/#breadcrumb\"},\"inLanguage\":\"de-DE\",\"potentialAction\":[{\"@type\":\"ReadAction\",\"target\":[\"https:\\\/\\\/www.zipwall.eu\\\/de\\\/product\\\/zipwall-12-doppelpack\\\/\"]}]},{\"@type\":\"ImageObject\",\"inLanguage\":\"de-DE\",\"@id\":\"https:\\\/\\\/www.zipwall.eu\\\/de\\\/product\\\/zipwall-12-doppelpack\\\/#primaryimage\",\"url\":\"https:\\\/\\\/www.zipwall.eu\\\/wp-content\\\/uploads\\\/SLP2_RGB_Product.jpg\",\"contentUrl\":\"https:\\\/\\\/www.zipwall.eu\\\/wp-content\\\/uploads\\\/SLP2_RGB_Product.jpg\",\"width\":2400,\"height\":1798},{\"@type\":\"BreadcrumbList\",\"@id\":\"https:\\\/\\\/www.zipwall.eu\\\/de\\\/product\\\/zipwall-12-doppelpack\\\/#breadcrumb\",\"itemListElement\":[{\"@type\":\"ListItem\",\"position\":1,\"name\":\"Home\",\"item\":\"https:\\\/\\\/www.zipwall.eu\\\/de\\\/\"},{\"@type\":\"ListItem\",\"position\":2,\"name\":\"Shop\",\"item\":\"https:\\\/\\\/www.zipwall.eu\\\/de\\\/shop\\\/\"},{\"@type\":\"ListItem\",\"position\":3,\"name\":\"ZipWall\u00ae 12, 2er-Pack\"}]},{\"@type\":\"WebSite\",\"@id\":\"https:\\\/\\\/www.zipwall.eu\\\/#website\",\"url\":\"https:\\\/\\\/www.zipwall.eu\\\/\",\"name\":\"ZipWall\",\"description\":\"Dust Barrier System\",\"potentialAction\":[{\"@type\":\"SearchAction\",\"target\":{\"@type\":\"EntryPoint\",\"urlTemplate\":\"https:\\\/\\\/www.zipwall.eu\\\/?s={search_term_string}\"},\"query-input\":{\"@type\":\"PropertyValueSpecification\",\"valueRequired\":true,\"valueName\":\"search_term_string\"}}],\"inLanguage\":\"de-DE\"}]}<\/script>\n<!-- \/ Yoast SEO plugin. -->","yoast_head_json":{"title":"ZipWall\u00ae 12, 2er-Pack - ZipWall","robots":{"index":"index","follow":"follow","max-snippet":"max-snippet:-1","max-image-preview":"max-image-preview:large","max-video-preview":"max-video-preview:-1"},"canonical":"https:\/\/www.zipwall.eu\/de\/product\/zipwall-12-doppelpack\/","og_locale":"de_DE","og_type":"article","og_title":"ZipWall\u00ae 12, 2er-Pack - ZipWall","og_description":"Der 2er-Pack ist ideal f\u00fcr die Erweiterung Ihres ZipWall\u00ae Staubwandsystems. Die beiden Stangen k\u00f6nnen auch zur Abdichtung eines Flures oder eines biz zu 3m breiten Raumes verwendet werden. Der ZipWall\u00ae 12, 2er-Pack enth\u00e4lt zwei 3,6m-Druckfederstangen aus Aluminum mit Zubeh\u00f6r (K\u00f6pfe, Platten und GripDisk\u2122 rutschfeste Unterlegscheiben). Kunststoff-Folie ist nicht inkludiert. Gewicht: 2,27kg Ma\u00dfe: 149cm x 9cm &hellip; ZipWall\u00ae 12, 2er-Pack weiterlesen &rarr;","og_url":"https:\/\/www.zipwall.eu\/de\/product\/zipwall-12-doppelpack\/","og_site_name":"ZipWall","article_publisher":"https:\/\/www.facebook.com\/ZipWall-121135931283666\/","article_modified_time":"2017-02-03T19:47:18+00:00","og_image":[{"width":2400,"height":1798,"url":"https:\/\/www.zipwall.eu\/wp-content\/uploads\/SLP2_RGB_Product.jpg","type":"image\/jpeg"}],"twitter_card":"summary_large_image","twitter_site":"@ZipWall","schema":{"@context":"https:\/\/schema.org","@graph":[{"@type":"WebPage","@id":"https:\/\/www.zipwall.eu\/de\/product\/zipwall-12-doppelpack\/","url":"https:\/\/www.zipwall.eu\/de\/product\/zipwall-12-doppelpack\/","name":"ZipWall\u00ae 12, 2er-Pack - ZipWall","isPartOf":{"@id":"https:\/\/www.zipwall.eu\/#website"},"primaryImageOfPage":{"@id":"https:\/\/www.zipwall.eu\/de\/product\/zipwall-12-doppelpack\/#primaryimage"},"image":{"@id":"https:\/\/www.zipwall.eu\/de\/product\/zipwall-12-doppelpack\/#primaryimage"},"thumbnailUrl":"https:\/\/www.zipwall.eu\/wp-content\/uploads\/SLP2_RGB_Product.jpg","datePublished":"2016-03-11T16:30:01+00:00","dateModified":"2017-02-03T19:47:18+00:00","breadcrumb":{"@id":"https:\/\/www.zipwall.eu\/de\/product\/zipwall-12-doppelpack\/#breadcrumb"},"inLanguage":"de-DE","potentialAction":[{"@type":"ReadAction","target":["https:\/\/www.zipwall.eu\/de\/product\/zipwall-12-doppelpack\/"]}]},{"@type":"ImageObject","inLanguage":"de-DE","@id":"https:\/\/www.zipwall.eu\/de\/product\/zipwall-12-doppelpack\/#primaryimage","url":"https:\/\/www.zipwall.eu\/wp-content\/uploads\/SLP2_RGB_Product.jpg","contentUrl":"https:\/\/www.zipwall.eu\/wp-content\/uploads\/SLP2_RGB_Product.jpg","width":2400,"height":1798},{"@type":"BreadcrumbList","@id":"https:\/\/www.zipwall.eu\/de\/product\/zipwall-12-doppelpack\/#breadcrumb","itemListElement":[{"@type":"ListItem","position":1,"name":"Home","item":"https:\/\/www.zipwall.eu\/de\/"},{"@type":"ListItem","position":2,"name":"Shop","item":"https:\/\/www.zipwall.eu\/de\/shop\/"},{"@type":"ListItem","position":3,"name":"ZipWall\u00ae 12, 2er-Pack"}]},{"@type":"WebSite","@id":"https:\/\/www.zipwall.eu\/#website","url":"https:\/\/www.zipwall.eu\/","name":"ZipWall","description":"Dust Barrier System","potentialAction":[{"@type":"SearchAction","target":{"@type":"EntryPoint","urlTemplate":"https:\/\/www.zipwall.eu\/?s={search_term_string}"},"query-input":{"@type":"PropertyValueSpecification","valueRequired":true,"valueName":"search_term_string"}}],"inLanguage":"de-DE"}]}},"_links":{"self":[{"href":"https:\/\/www.zipwall.eu\/de\/wp-json\/wp\/v2\/product\/1790","targetHints":{"allow":["GET"]}}],"collection":[{"href":"https:\/\/www.zipwall.eu\/de\/wp-json\/wp\/v2\/product"}],"about":[{"href":"https:\/\/www.zipwall.eu\/de\/wp-json\/wp\/v2\/types\/product"}],"wp:featuredmedia":[{"embeddable":true,"href":"https:\/\/www.zipwall.eu\/de\/wp-json\/wp\/v2\/media\/2543"}],"wp:attachment":[{"href":"https:\/\/www.zipwall.eu\/de\/wp-json\/wp\/v2\/media?parent=1790"}],"wp:term":[{"taxonomy":"product_brand","embeddable":true,"href":"https:\/\/www.zipwall.eu\/de\/wp-json\/wp\/v2\/product_brand?post=1790"},{"taxonomy":"product_cat","embeddable":true,"href":"https:\/\/www.zipwall.eu\/de\/wp-json\/wp\/v2\/product_cat?post=1790"},{"taxonomy":"product_tag","embeddable":true,"href":"https:\/\/www.zipwall.eu\/de\/wp-json\/wp\/v2\/product_tag?post=1790"}],"curies":[{"name":"wp","href":"https:\/\/api.w.org\/{rel}","templated":true}]}}