{"id":4610,"date":"2018-04-06T11:30:02","date_gmt":"2018-04-06T15:30:02","guid":{"rendered":"https:\/\/www.zipwall.eu\/product\/zipwall-mat-starter-kit\/"},"modified":"2019-03-19T14:57:38","modified_gmt":"2019-03-19T18:57:38","slug":"zipwall-staubfangmatte","status":"publish","type":"product","link":"https:\/\/www.zipwall.eu\/de\/product\/zipwall-staubfangmatte\/","title":{"rendered":"ZipWall\u00ae Staubfangmatte"},"content":{"rendered":"<p>NEU! ZipWall\u00ae Staubfangmatte<\/p>\n<p>Verhindert Einschleppen von Baustellenstaub!<\/p>\n<p>ZipWall\u00ae Staubfangmatte: Eine Unterlage mit Block zu 30 Folien.<\/p>\n<p>Unterlage: 63,5cm\u00d794cm. Block: 61cm\u00d791,4cm.<\/p>\n<p>Gewicht: 2,5 kg<br \/>\nMa\u00dfe: 64cm x 95cm x 1cm<\/p>\n","protected":false},"excerpt":{"rendered":"<p>NEU! ZipWall\u00ae Staubfangmatte Verhindert Einschleppen von Baustellenstaub! ZipWall\u00ae Staubfangmatte: Eine Unterlage mit Block zu 30 Folien. Unterlage: 63,5cm\u00d794cm. Block: 61cm\u00d791,4cm. Gewicht: 2,5 kg Ma\u00dfe: 64cm x 95cm x 1cm<\/p>\n","protected":false},"featured_media":4216,"template":"","meta":[],"product_brand":[],"product_cat":[90],"product_tag":[],"class_list":{"0":"post-4610","1":"product","2":"type-product","3":"status-publish","4":"has-post-thumbnail","6":"product_cat-zipwall-mat-de","8":"first","9":"instock","10":"taxable","11":"shipping-taxable","12":"purchasable","13":"product-type-simple"},"yoast_head":"<!-- This site is optimized with the Yoast SEO plugin v27.3 - https:\/\/yoast.com\/product\/yoast-seo-wordpress\/ -->\n<title>ZipWall\u00ae Staubfangmatte - ZipWall<\/title>\n<meta name=\"robots\" content=\"index, follow, max-snippet:-1, max-image-preview:large, max-video-preview:-1\" \/>\n<link rel=\"canonical\" href=\"https:\/\/www.zipwall.eu\/de\/product\/zipwall-staubfangmatte\/\" \/>\n<meta property=\"og:locale\" content=\"de_DE\" \/>\n<meta property=\"og:type\" content=\"article\" \/>\n<meta property=\"og:title\" content=\"ZipWall\u00ae Staubfangmatte - ZipWall\" \/>\n<meta property=\"og:description\" content=\"NEU! ZipWall\u00ae Staubfangmatte Verhindert Einschleppen von Baustellenstaub! ZipWall\u00ae Staubfangmatte: Eine Unterlage mit Block zu 30 Folien. Unterlage: 63,5cm\u00d794cm. Block: 61cm\u00d791,4cm. Gewicht: 2,5 kg Ma\u00dfe: 64cm x 95cm x 1cm\" \/>\n<meta property=\"og:url\" content=\"https:\/\/www.zipwall.eu\/de\/product\/zipwall-staubfangmatte\/\" \/>\n<meta property=\"og:site_name\" content=\"ZipWall\" \/>\n<meta property=\"article:publisher\" content=\"https:\/\/www.facebook.com\/ZipWall-121135931283666\/\" \/>\n<meta property=\"article:modified_time\" content=\"2019-03-19T18:57:38+00:00\" \/>\n<meta property=\"og:image\" content=\"https:\/\/www.zipwall.eu\/wp-content\/uploads\/ZWTM_mat_RGB_Product_web.jpg\" \/>\n\t<meta property=\"og:image:width\" content=\"1013\" \/>\n\t<meta property=\"og:image:height\" content=\"1500\" \/>\n\t<meta property=\"og:image:type\" content=\"image\/jpeg\" \/>\n<meta name=\"twitter:card\" content=\"summary_large_image\" \/>\n<meta name=\"twitter:site\" content=\"@ZipWall\" \/>\n<script type=\"application\/ld+json\" class=\"yoast-schema-graph\">{\"@context\":\"https:\\\/\\\/schema.org\",\"@graph\":[{\"@type\":\"WebPage\",\"@id\":\"https:\\\/\\\/www.zipwall.eu\\\/de\\\/product\\\/zipwall-staubfangmatte\\\/\",\"url\":\"https:\\\/\\\/www.zipwall.eu\\\/de\\\/product\\\/zipwall-staubfangmatte\\\/\",\"name\":\"ZipWall\u00ae Staubfangmatte - ZipWall\",\"isPartOf\":{\"@id\":\"https:\\\/\\\/www.zipwall.eu\\\/#website\"},\"primaryImageOfPage\":{\"@id\":\"https:\\\/\\\/www.zipwall.eu\\\/de\\\/product\\\/zipwall-staubfangmatte\\\/#primaryimage\"},\"image\":{\"@id\":\"https:\\\/\\\/www.zipwall.eu\\\/de\\\/product\\\/zipwall-staubfangmatte\\\/#primaryimage\"},\"thumbnailUrl\":\"https:\\\/\\\/www.zipwall.eu\\\/wp-content\\\/uploads\\\/ZWTM_mat_RGB_Product_web.jpg\",\"datePublished\":\"2018-04-06T15:30:02+00:00\",\"dateModified\":\"2019-03-19T18:57:38+00:00\",\"breadcrumb\":{\"@id\":\"https:\\\/\\\/www.zipwall.eu\\\/de\\\/product\\\/zipwall-staubfangmatte\\\/#breadcrumb\"},\"inLanguage\":\"de-DE\",\"potentialAction\":[{\"@type\":\"ReadAction\",\"target\":[\"https:\\\/\\\/www.zipwall.eu\\\/de\\\/product\\\/zipwall-staubfangmatte\\\/\"]}]},{\"@type\":\"ImageObject\",\"inLanguage\":\"de-DE\",\"@id\":\"https:\\\/\\\/www.zipwall.eu\\\/de\\\/product\\\/zipwall-staubfangmatte\\\/#primaryimage\",\"url\":\"https:\\\/\\\/www.zipwall.eu\\\/wp-content\\\/uploads\\\/ZWTM_mat_RGB_Product_web.jpg\",\"contentUrl\":\"https:\\\/\\\/www.zipwall.eu\\\/wp-content\\\/uploads\\\/ZWTM_mat_RGB_Product_web.jpg\",\"width\":1013,\"height\":1500,\"caption\":\"Zipwall mat\"},{\"@type\":\"BreadcrumbList\",\"@id\":\"https:\\\/\\\/www.zipwall.eu\\\/de\\\/product\\\/zipwall-staubfangmatte\\\/#breadcrumb\",\"itemListElement\":[{\"@type\":\"ListItem\",\"position\":1,\"name\":\"Home\",\"item\":\"https:\\\/\\\/www.zipwall.eu\\\/de\\\/\"},{\"@type\":\"ListItem\",\"position\":2,\"name\":\"Shop\",\"item\":\"https:\\\/\\\/www.zipwall.eu\\\/de\\\/shop\\\/\"},{\"@type\":\"ListItem\",\"position\":3,\"name\":\"ZipWall\u00ae Staubfangmatte\"}]},{\"@type\":\"WebSite\",\"@id\":\"https:\\\/\\\/www.zipwall.eu\\\/#website\",\"url\":\"https:\\\/\\\/www.zipwall.eu\\\/\",\"name\":\"ZipWall\",\"description\":\"Dust Barrier System\",\"potentialAction\":[{\"@type\":\"SearchAction\",\"target\":{\"@type\":\"EntryPoint\",\"urlTemplate\":\"https:\\\/\\\/www.zipwall.eu\\\/?s={search_term_string}\"},\"query-input\":{\"@type\":\"PropertyValueSpecification\",\"valueRequired\":true,\"valueName\":\"search_term_string\"}}],\"inLanguage\":\"de-DE\"}]}<\/script>\n<!-- \/ Yoast SEO plugin. -->","yoast_head_json":{"title":"ZipWall\u00ae Staubfangmatte - ZipWall","robots":{"index":"index","follow":"follow","max-snippet":"max-snippet:-1","max-image-preview":"max-image-preview:large","max-video-preview":"max-video-preview:-1"},"canonical":"https:\/\/www.zipwall.eu\/de\/product\/zipwall-staubfangmatte\/","og_locale":"de_DE","og_type":"article","og_title":"ZipWall\u00ae Staubfangmatte - ZipWall","og_description":"NEU! ZipWall\u00ae Staubfangmatte Verhindert Einschleppen von Baustellenstaub! ZipWall\u00ae Staubfangmatte: Eine Unterlage mit Block zu 30 Folien. Unterlage: 63,5cm\u00d794cm. Block: 61cm\u00d791,4cm. Gewicht: 2,5 kg Ma\u00dfe: 64cm x 95cm x 1cm","og_url":"https:\/\/www.zipwall.eu\/de\/product\/zipwall-staubfangmatte\/","og_site_name":"ZipWall","article_publisher":"https:\/\/www.facebook.com\/ZipWall-121135931283666\/","article_modified_time":"2019-03-19T18:57:38+00:00","og_image":[{"width":1013,"height":1500,"url":"https:\/\/www.zipwall.eu\/wp-content\/uploads\/ZWTM_mat_RGB_Product_web.jpg","type":"image\/jpeg"}],"twitter_card":"summary_large_image","twitter_site":"@ZipWall","schema":{"@context":"https:\/\/schema.org","@graph":[{"@type":"WebPage","@id":"https:\/\/www.zipwall.eu\/de\/product\/zipwall-staubfangmatte\/","url":"https:\/\/www.zipwall.eu\/de\/product\/zipwall-staubfangmatte\/","name":"ZipWall\u00ae Staubfangmatte - ZipWall","isPartOf":{"@id":"https:\/\/www.zipwall.eu\/#website"},"primaryImageOfPage":{"@id":"https:\/\/www.zipwall.eu\/de\/product\/zipwall-staubfangmatte\/#primaryimage"},"image":{"@id":"https:\/\/www.zipwall.eu\/de\/product\/zipwall-staubfangmatte\/#primaryimage"},"thumbnailUrl":"https:\/\/www.zipwall.eu\/wp-content\/uploads\/ZWTM_mat_RGB_Product_web.jpg","datePublished":"2018-04-06T15:30:02+00:00","dateModified":"2019-03-19T18:57:38+00:00","breadcrumb":{"@id":"https:\/\/www.zipwall.eu\/de\/product\/zipwall-staubfangmatte\/#breadcrumb"},"inLanguage":"de-DE","potentialAction":[{"@type":"ReadAction","target":["https:\/\/www.zipwall.eu\/de\/product\/zipwall-staubfangmatte\/"]}]},{"@type":"ImageObject","inLanguage":"de-DE","@id":"https:\/\/www.zipwall.eu\/de\/product\/zipwall-staubfangmatte\/#primaryimage","url":"https:\/\/www.zipwall.eu\/wp-content\/uploads\/ZWTM_mat_RGB_Product_web.jpg","contentUrl":"https:\/\/www.zipwall.eu\/wp-content\/uploads\/ZWTM_mat_RGB_Product_web.jpg","width":1013,"height":1500,"caption":"Zipwall mat"},{"@type":"BreadcrumbList","@id":"https:\/\/www.zipwall.eu\/de\/product\/zipwall-staubfangmatte\/#breadcrumb","itemListElement":[{"@type":"ListItem","position":1,"name":"Home","item":"https:\/\/www.zipwall.eu\/de\/"},{"@type":"ListItem","position":2,"name":"Shop","item":"https:\/\/www.zipwall.eu\/de\/shop\/"},{"@type":"ListItem","position":3,"name":"ZipWall\u00ae Staubfangmatte"}]},{"@type":"WebSite","@id":"https:\/\/www.zipwall.eu\/#website","url":"https:\/\/www.zipwall.eu\/","name":"ZipWall","description":"Dust Barrier System","potentialAction":[{"@type":"SearchAction","target":{"@type":"EntryPoint","urlTemplate":"https:\/\/www.zipwall.eu\/?s={search_term_string}"},"query-input":{"@type":"PropertyValueSpecification","valueRequired":true,"valueName":"search_term_string"}}],"inLanguage":"de-DE"}]}},"_links":{"self":[{"href":"https:\/\/www.zipwall.eu\/de\/wp-json\/wp\/v2\/product\/4610","targetHints":{"allow":["GET"]}}],"collection":[{"href":"https:\/\/www.zipwall.eu\/de\/wp-json\/wp\/v2\/product"}],"about":[{"href":"https:\/\/www.zipwall.eu\/de\/wp-json\/wp\/v2\/types\/product"}],"wp:featuredmedia":[{"embeddable":true,"href":"https:\/\/www.zipwall.eu\/de\/wp-json\/wp\/v2\/media\/4216"}],"wp:attachment":[{"href":"https:\/\/www.zipwall.eu\/de\/wp-json\/wp\/v2\/media?parent=4610"}],"wp:term":[{"taxonomy":"product_brand","embeddable":true,"href":"https:\/\/www.zipwall.eu\/de\/wp-json\/wp\/v2\/product_brand?post=4610"},{"taxonomy":"product_cat","embeddable":true,"href":"https:\/\/www.zipwall.eu\/de\/wp-json\/wp\/v2\/product_cat?post=4610"},{"taxonomy":"product_tag","embeddable":true,"href":"https:\/\/www.zipwall.eu\/de\/wp-json\/wp\/v2\/product_tag?post=4610"}],"curies":[{"name":"wp","href":"https:\/\/api.w.org\/{rel}","templated":true}]}}