{"id":1872,"date":"2016-03-15T14:59:01","date_gmt":"2016-03-15T18:59:01","guid":{"rendered":"http:\/\/www.zipwall.eu\/fr\/?page_id=1872"},"modified":"2016-06-24T10:39:01","modified_gmt":"2016-06-24T14:39:01","slug":"copyright","status":"publish","type":"page","link":"https:\/\/www.zipwall.eu\/fr\/copyright\/","title":{"rendered":"Droits d&rsquo;auteur syst\u00e8me de barri\u00e8re anti-poussi\u00e8re ZipWall\u00ae"},"content":{"rendered":"<p><strong>Droit moral et patrimoniaux de l\u2019auteur<\/strong><\/p>\n<p>Toutes les illustrations, photographies, films, textes, graphiques qui sont publi\u00e9s dans la boutique en ligne de la soci\u00e9t\u00e9 ZipWall sont prot\u00e9g\u00e9s par un copyright. Une utilisation des illustrations, films et textes n\u2019est pas autoris\u00e9e sans l\u2019accord explicite de chaque titulaire de droit.<\/p>\n","protected":false},"excerpt":{"rendered":"<p>Droit moral et patrimoniaux de l\u2019auteur Toutes les illustrations, photographies, films, textes, graphiques qui sont publi\u00e9s dans la boutique en ligne de la soci\u00e9t\u00e9 ZipWall sont prot\u00e9g\u00e9s par un copyright. Une utilisation des illustrations, films et textes n\u2019est pas autoris\u00e9e sans l\u2019accord explicite de chaque titulaire de droit.<\/p>\n","protected":false},"author":2,"featured_media":0,"parent":0,"menu_order":0,"comment_status":"closed","ping_status":"closed","template":"","meta":{"footnotes":""},"class_list":["post-1872","page","type-page","status-publish","hentry"],"yoast_head":"<!-- This site is optimized with the Yoast SEO plugin v27.4 - https:\/\/yoast.com\/product\/yoast-seo-wordpress\/ -->\n<title>Droits d&#039;auteur syst\u00e8me de barri\u00e8re anti-poussi\u00e8re ZipWall\u00ae - ZipWall<\/title>\n<meta name=\"robots\" content=\"index, follow, max-snippet:-1, max-image-preview:large, max-video-preview:-1\" \/>\n<link rel=\"canonical\" href=\"https:\/\/www.zipwall.eu\/fr\/copyright\/\" \/>\n<meta property=\"og:locale\" content=\"fr_FR\" \/>\n<meta property=\"og:type\" content=\"article\" \/>\n<meta property=\"og:title\" content=\"Droits d&#039;auteur syst\u00e8me de barri\u00e8re anti-poussi\u00e8re ZipWall\u00ae - ZipWall\" \/>\n<meta property=\"og:description\" content=\"Droit moral et patrimoniaux de l\u2019auteur Toutes les illustrations, photographies, films, textes, graphiques qui sont publi\u00e9s dans la boutique en ligne de la soci\u00e9t\u00e9 ZipWall sont prot\u00e9g\u00e9s par un copyright. Une utilisation des illustrations, films et textes n\u2019est pas autoris\u00e9e sans l\u2019accord explicite de chaque titulaire de droit.\" \/>\n<meta property=\"og:url\" content=\"https:\/\/www.zipwall.eu\/fr\/copyright\/\" \/>\n<meta property=\"og:site_name\" content=\"ZipWall\" \/>\n<meta property=\"article:publisher\" content=\"https:\/\/www.facebook.com\/ZipWall-121135931283666\/\" \/>\n<meta property=\"article:modified_time\" content=\"2016-06-24T14:39:01+00:00\" \/>\n<meta name=\"twitter:card\" content=\"summary_large_image\" \/>\n<meta name=\"twitter:site\" content=\"@ZipWall\" \/>\n<script type=\"application\/ld+json\" class=\"yoast-schema-graph\">{\"@context\":\"https:\\\/\\\/schema.org\",\"@graph\":[{\"@type\":\"WebPage\",\"@id\":\"https:\\\/\\\/www.zipwall.eu\\\/fr\\\/copyright\\\/\",\"url\":\"https:\\\/\\\/www.zipwall.eu\\\/fr\\\/copyright\\\/\",\"name\":\"Droits d'auteur syst\u00e8me de barri\u00e8re anti-poussi\u00e8re ZipWall\u00ae - ZipWall\",\"isPartOf\":{\"@id\":\"https:\\\/\\\/www.zipwall.eu\\\/#website\"},\"datePublished\":\"2016-03-15T18:59:01+00:00\",\"dateModified\":\"2016-06-24T14:39:01+00:00\",\"breadcrumb\":{\"@id\":\"https:\\\/\\\/www.zipwall.eu\\\/fr\\\/copyright\\\/#breadcrumb\"},\"inLanguage\":\"fr-FR\",\"potentialAction\":[{\"@type\":\"ReadAction\",\"target\":[\"https:\\\/\\\/www.zipwall.eu\\\/fr\\\/copyright\\\/\"]}]},{\"@type\":\"BreadcrumbList\",\"@id\":\"https:\\\/\\\/www.zipwall.eu\\\/fr\\\/copyright\\\/#breadcrumb\",\"itemListElement\":[{\"@type\":\"ListItem\",\"position\":1,\"name\":\"Home\",\"item\":\"https:\\\/\\\/www.zipwall.eu\\\/fr\\\/\"},{\"@type\":\"ListItem\",\"position\":2,\"name\":\"Droits d&rsquo;auteur syst\u00e8me de barri\u00e8re anti-poussi\u00e8re ZipWall\u00ae\"}]},{\"@type\":\"WebSite\",\"@id\":\"https:\\\/\\\/www.zipwall.eu\\\/#website\",\"url\":\"https:\\\/\\\/www.zipwall.eu\\\/\",\"name\":\"ZipWall\",\"description\":\"Dust Barrier System\",\"potentialAction\":[{\"@type\":\"SearchAction\",\"target\":{\"@type\":\"EntryPoint\",\"urlTemplate\":\"https:\\\/\\\/www.zipwall.eu\\\/?s={search_term_string}\"},\"query-input\":{\"@type\":\"PropertyValueSpecification\",\"valueRequired\":true,\"valueName\":\"search_term_string\"}}],\"inLanguage\":\"fr-FR\"}]}<\/script>\n<!-- \/ Yoast SEO plugin. -->","yoast_head_json":{"title":"Droits d'auteur syst\u00e8me de barri\u00e8re anti-poussi\u00e8re ZipWall\u00ae - ZipWall","robots":{"index":"index","follow":"follow","max-snippet":"max-snippet:-1","max-image-preview":"max-image-preview:large","max-video-preview":"max-video-preview:-1"},"canonical":"https:\/\/www.zipwall.eu\/fr\/copyright\/","og_locale":"fr_FR","og_type":"article","og_title":"Droits d'auteur syst\u00e8me de barri\u00e8re anti-poussi\u00e8re ZipWall\u00ae - ZipWall","og_description":"Droit moral et patrimoniaux de l\u2019auteur Toutes les illustrations, photographies, films, textes, graphiques qui sont publi\u00e9s dans la boutique en ligne de la soci\u00e9t\u00e9 ZipWall sont prot\u00e9g\u00e9s par un copyright. Une utilisation des illustrations, films et textes n\u2019est pas autoris\u00e9e sans l\u2019accord explicite de chaque titulaire de droit.","og_url":"https:\/\/www.zipwall.eu\/fr\/copyright\/","og_site_name":"ZipWall","article_publisher":"https:\/\/www.facebook.com\/ZipWall-121135931283666\/","article_modified_time":"2016-06-24T14:39:01+00:00","twitter_card":"summary_large_image","twitter_site":"@ZipWall","schema":{"@context":"https:\/\/schema.org","@graph":[{"@type":"WebPage","@id":"https:\/\/www.zipwall.eu\/fr\/copyright\/","url":"https:\/\/www.zipwall.eu\/fr\/copyright\/","name":"Droits d'auteur syst\u00e8me de barri\u00e8re anti-poussi\u00e8re ZipWall\u00ae - ZipWall","isPartOf":{"@id":"https:\/\/www.zipwall.eu\/#website"},"datePublished":"2016-03-15T18:59:01+00:00","dateModified":"2016-06-24T14:39:01+00:00","breadcrumb":{"@id":"https:\/\/www.zipwall.eu\/fr\/copyright\/#breadcrumb"},"inLanguage":"fr-FR","potentialAction":[{"@type":"ReadAction","target":["https:\/\/www.zipwall.eu\/fr\/copyright\/"]}]},{"@type":"BreadcrumbList","@id":"https:\/\/www.zipwall.eu\/fr\/copyright\/#breadcrumb","itemListElement":[{"@type":"ListItem","position":1,"name":"Home","item":"https:\/\/www.zipwall.eu\/fr\/"},{"@type":"ListItem","position":2,"name":"Droits d&rsquo;auteur syst\u00e8me de barri\u00e8re anti-poussi\u00e8re ZipWall\u00ae"}]},{"@type":"WebSite","@id":"https:\/\/www.zipwall.eu\/#website","url":"https:\/\/www.zipwall.eu\/","name":"ZipWall","description":"Dust Barrier System","potentialAction":[{"@type":"SearchAction","target":{"@type":"EntryPoint","urlTemplate":"https:\/\/www.zipwall.eu\/?s={search_term_string}"},"query-input":{"@type":"PropertyValueSpecification","valueRequired":true,"valueName":"search_term_string"}}],"inLanguage":"fr-FR"}]}},"_links":{"self":[{"href":"https:\/\/www.zipwall.eu\/fr\/wp-json\/wp\/v2\/pages\/1872","targetHints":{"allow":["GET"]}}],"collection":[{"href":"https:\/\/www.zipwall.eu\/fr\/wp-json\/wp\/v2\/pages"}],"about":[{"href":"https:\/\/www.zipwall.eu\/fr\/wp-json\/wp\/v2\/types\/page"}],"author":[{"embeddable":true,"href":"https:\/\/www.zipwall.eu\/fr\/wp-json\/wp\/v2\/users\/2"}],"replies":[{"embeddable":true,"href":"https:\/\/www.zipwall.eu\/fr\/wp-json\/wp\/v2\/comments?post=1872"}],"version-history":[{"count":0,"href":"https:\/\/www.zipwall.eu\/fr\/wp-json\/wp\/v2\/pages\/1872\/revisions"}],"wp:attachment":[{"href":"https:\/\/www.zipwall.eu\/fr\/wp-json\/wp\/v2\/media?parent=1872"}],"curies":[{"name":"wp","href":"https:\/\/api.w.org\/{rel}","templated":true}]}}