{"id":2091,"date":"2016-03-23T11:58:53","date_gmt":"2016-03-23T15:58:53","guid":{"rendered":"http:\/\/www.zipwall.eu\/fr\/?page_id=2091"},"modified":"2016-06-02T15:44:29","modified_gmt":"2016-06-02T19:44:29","slug":"faq","status":"publish","type":"page","link":"https:\/\/www.zipwall.eu\/fr\/faq\/","title":{"rendered":"FAQ syst\u00e8me de barri\u00e8re anti-poussi\u00e8re ZipWall\u00ae"},"content":{"rendered":"<p>&nbsp;<\/p>\n<p><strong><u>Questions g\u00e9n\u00e9rales<\/u><\/strong><\/p>\n<p><strong>Quel est l&rsquo;espacement recommand\u00e9 entre les perches\u00a0?<\/strong><\/p>\n<p>Les perches devraient \u00eatre espac\u00e9es de 3\u00a0m \u00e0 3,7\u00a0m. En cas de d\u00e9placement d&rsquo;air notable, vous pourrez avoir \u00e0 les rapprocher.<\/p>\n<p><strong>Quelle est la plage de hauteur de travail des perches ZipWall\u2122\u00a0?<\/strong><\/p>\n<p>La plage de hauteur de travail de la perche de 3\u00a0m est de 1,27\u00a0m \u00e0 3,12\u00a0m. La perche de 3,6\u00a0m va de 1,39\u00a0m \u00e0 3,6\u00a0m. La perche de 6,1\u00a0m va de 1,57\u00a0m \u00e0 6,1\u00a0m.<\/p>\n<p><strong>Le syst\u00e8me de barri\u00e8re antipoussi\u00e8re ZipWall\u00ae fonctionne-t-il en pression n\u00e9gative\u00a0?<\/strong><\/p>\n<p>Oui, le syst\u00e8me ZipWall\u00ae a \u00e9t\u00e9 con\u00e7u pour les applications utilisant une pression n\u00e9gative. Du fait que la pression n\u00e9gative s&rsquo;exerce sur le plastique, celui-ci se tend sur les perches. Avec une pression mod\u00e9r\u00e9e, vous devez donc espacer les perches de 1,5 \u00e0 2\u00a0m, et pour les pressions tr\u00e8s \u00e9lev\u00e9es vous devrez peut-\u00eatre les rapprocher jusqu&rsquo;\u00e0 1,21\u00a0m. Utilisez toujours des GripDisks\u2122 sous les perches pour maintenir leurs pieds en position.<\/p>\n<p><strong>Quels sont les types de plafond adapt\u00e9s aux perches ZipWall\u00ae\u00a0?<\/strong><\/p>\n<p>Elles fonctionnent sur tous les types de plafond, notamment pl\u00e2tre, plaque de pl\u00e2tre cartonn\u00e9, textur\u00e9, \u00e0 enduit projet\u00e9 et faux plafond. Pour les faux plafonds, il est essentiel de positionner la plaque au sommet de la perche sur la grille ou la traverse qui maintient les dalles. \u00c0 la rencontre d&rsquo;un faux plafond avec un mur, la plaque et t\u00eate sp\u00e9ciale Edge\u2122 peut \u00eatre utilis\u00e9e du fait de sa conception sp\u00e9ciale qui \u00e9vite de soulever la grille dans cette position.<\/p>\n<p><strong>Les perches ZipWall\u00ae peuvent-elles s&rsquo;utiliser sur des plafonds rampants\u00a0? \u00a0<\/strong><\/p>\n<p>Oui, la t\u00eate et la plaque pivotent pour s&rsquo;adapter \u00e0 un plafond rampant.<\/p>\n<p><strong>Les perches ZipWall\u00ae peuvent-elles s&rsquo;utiliser en ext\u00e9rieur\u00a0?<\/strong><\/p>\n<p>Oui, s&rsquo;il y a un plafond, par exemple sous des porches ou des balcons. Mais n&rsquo;utilisez pas le syst\u00e8me ZipWall par vent violent. Ceci pourrait conduire \u00e0 des blessures ou des d\u00e9g\u00e2ts.<\/p>\n<p><strong>Quel poids peuvent supporter les perches ZipWall\u2122\u00a0?<\/strong><\/p>\n<p>Le poids que peut supporter une perche ZipWall\u2122 d\u00e9pend de la force de la personne qui fixe la perche. Une personne moyenne serre la perche suffisamment pour lui permettre de supporter 27\u00a0kg \u00e0 36\u00a0kg. Mais avec plus de force de serrage, une autre personne pourra atteindre environ 49\u00a0kg. (Attention\u00a0: Ne pas utiliser pour maintenir quoi que ce soit qui risque de tomber et pourrait causer des blessures ou des d\u00e9g\u00e2ts).<\/p>\n<p><strong>Comment nettoyer la plaque de la t\u00eate antid\u00e9rapante\u00a0?<\/strong><\/p>\n<p>Maintenez la surface antid\u00e9rapante et non marquante propre \u00e0 l&rsquo;aide d&rsquo;eau et de savon, avec un tampon \u00e0 r\u00e9curer ou en la passant au lave-vaisselle.<\/p>\n<p><strong>Les produits ZipWall\u00ae sont-ils garantis\u00a0?<\/strong><\/p>\n<p>Oui, tous les produits ZipWall\u00ae sont garantis deux ans.<\/p>\n<p><strong><u>Film plastique<\/u><\/strong><\/p>\n<p><strong>Les produits ZipWall\u00ae sont-ils livr\u00e9s avec du film plastique\u00a0?<\/strong><\/p>\n<p>Non, le film plastique n&rsquo;est pas inclus. ZipWall\u00ae vend un produit de remplacement plus \u00e9conomique et plus facile \u00e0 utiliser que le film plastique, les <a href=\"http:\/\/client4.bostonwebco.com\/xcart\/Zippers-Panels.html\">panneaux de barri\u00e8re r\u00e9utilisables ZipFast\u2122<\/a>.<\/p>\n<p><strong>Quelle dimension de rouleau de film plastique dois-je acheter\u00a0?<\/strong><\/p>\n<p>Achetez du plastique en rouleau continu suffisamment long pour aller d&rsquo;un bout \u00e0 l&rsquo;autre du mur que vous souhaitez cr\u00e9er. La largeur du plastique devrait \u00eatre sup\u00e9rieure d&rsquo;au moins 30\u00a0cm \u00e0 la hauteur du plafond o\u00f9 sera install\u00e9 le mur. Si par exemple le plafond est \u00e0 2,43\u00a0m, achetez du plastique d&rsquo;au moins 2,74\u00a0m de large.<\/p>\n<p><strong>Quelle est l&rsquo;\u00e9paisseur recommand\u00e9e pour le film plastique\u00a0?<\/strong><\/p>\n<p>Nous sugg\u00e9rons d&rsquo;utiliser le plastique le plus mince n\u00e9cessaire pour votre application. Plus le plastique est mince, plus il est facile \u00e0 manipuler et moins il est co\u00fbteux. Le plastique tr\u00e8s mince (moins de 1\u00a0mm) peut cependant \u00eatre difficile \u00e0 manipuler et \u00e0 contr\u00f4ler.<\/p>\n<p><strong><u>Rails d&rsquo;\u00e9tanch\u00e9it\u00e9 sans adh\u00e9sif FoamRail\u00ae et pinces murales lat\u00e9rales d&rsquo;\u00e9tanch\u00e9it\u00e9 sans adh\u00e9sif SideClamp\u2122<\/u><\/strong><\/p>\n<p><strong>Comment fixer les rails d&rsquo;\u00e9tanch\u00e9it\u00e9 sans adh\u00e9sif FoamRail\u00ae aux perches \u00e0 ressort\u00a0?<\/strong><\/p>\n<p>Les agrafes T-Clips\u2122 permettent de raccorder les rails d&rsquo;\u00e9tanch\u00e9it\u00e9 FoamRail\u2122 et les perches. Un c\u00f4t\u00e9 du T-Clip\u2122 s&#8217;embo\u00eete sur la rotule \u00e0 l&rsquo;extr\u00e9mit\u00e9 d&rsquo;une perche ZipWall\u00ae. L&rsquo;autre c\u00f4t\u00e9 du T-Clip\u2122 s&#8217;embo\u00eete sur le rail d&rsquo;\u00e9tanch\u00e9it\u00e9 sans adh\u00e9sif FoamRail\u2122. Sur le mod\u00e8le FoamRail Span\u2122, la perche s&#8217;embo\u00eete dans le m\u00e9canisme Slide\u2122.<\/p>\n<p><strong>Les rails d&rsquo;\u00e9tanch\u00e9it\u00e9 sans adh\u00e9sif FoamRail\u2122 peuvent-ils assurer une \u00e9tanch\u00e9it\u00e9 compl\u00e8te\u00a0?<\/strong><\/p>\n<p>Oui, les rails d&rsquo;\u00e9tanch\u00e9it\u00e9 sans adh\u00e9sif FoamRail\u2122 peuvent se recouvrir pour assurer l&rsquo;\u00e9tanch\u00e9it\u00e9 sur n&rsquo;importe quelle longueur de plafond ou de plancher, ou toute hauteur de mur. La barre d&rsquo;intervalle r\u00e9glable sans adh\u00e9sif FoamRail Span\u2122 permet d&rsquo;\u00e9tendre la barri\u00e8re \u00e9tanche jusqu&rsquo;\u00e0 2,43\u00a0m.<\/p>\n<p><strong>Les rails d&rsquo;\u00e9tanch\u00e9it\u00e9 sans adh\u00e9sif FoamRail\u2122 peuvent-ils \u00eatre utilis\u00e9s pour maintenir du film plastique ou des panneaux de barri\u00e8re r\u00e9utilisables ZipFast\u2122\u00a0?<\/strong><\/p>\n<p>Non, ils ne sont pas con\u00e7us pour cela. La barri\u00e8re anti-poussi\u00e8re doit \u00eatre install\u00e9e d&rsquo;abord, pour maintenir en place le mat\u00e9riau de la barri\u00e8re sur le plafond, avant d&rsquo;installer le rail d&rsquo;\u00e9tanch\u00e9it\u00e9 sans adh\u00e9sif FoamRail\u2122 pour assurer l&rsquo;\u00e9tanch\u00e9it\u00e9.<\/p>\n<p><strong>Comment se fixent les pinces murales lat\u00e9rales d&rsquo;\u00e9tanch\u00e9it\u00e9 sans adh\u00e9sif SideClamp\u2122 sur les perches et les rails d&rsquo;\u00e9tanch\u00e9it\u00e9 sans adh\u00e9sif FoamRail\u2122\u00a0?<\/strong><\/p>\n<p>Une pince \u00e0 ressort maintient facilement le support mural SideClamp\u2122 sur toute perche ZipWall\u00ae. Le rail d&rsquo;\u00e9tanch\u00e9it\u00e9 sans adh\u00e9sif FoamRail\u2122 se fixe directement sur la pince SideClamp\u2122. Aucun outil n&rsquo;est n\u00e9cessaire.<\/p>\n<p><strong>Les pinces murales lat\u00e9rales d&rsquo;\u00e9tanch\u00e9it\u00e9 sans adh\u00e9sif SideClamp\u2122 peuvent-elles s&rsquo;utiliser quand des saillies d\u00e9passent du mur\u00a0?<\/strong><\/p>\n<p>Oui, la position de montage la plus ext\u00e9rieure de la pince murale lat\u00e9ral d&rsquo;\u00e9tanch\u00e9it\u00e9 sans adh\u00e9sif SideClamp\u2122 d\u2019adapte facilement aux moulures de plafond ou aux plinthes, m\u00eame sur le m\u00eame mur.<\/p>\n<p>&nbsp;<\/p>\n<h1><\/h1>\n<h1><\/h1>\n<h1><strong>\u00a0<\/strong><\/h1>\n<h1><strong>\u00a0<\/strong><\/h1>\n<h1><\/h1>\n<p>&nbsp;<\/p>\n<p>&nbsp;<\/p>\n<p>&nbsp;<\/p>\n<p>&nbsp;<\/p>\n<p>&nbsp;<\/p>\n<p>&nbsp;<\/p>\n<p>&nbsp;<\/p>\n<p>&nbsp;<\/p>\n<p>&nbsp;<\/p>\n<p>&nbsp;<\/p>\n<p>&nbsp;<\/p>\n<p>&nbsp;<\/p>\n<p>&nbsp;<\/p>\n<p>&nbsp;<\/p>\n<p>&nbsp;<\/p>\n<p>&nbsp;<\/p>\n","protected":false},"excerpt":{"rendered":"<p>&nbsp; Questions g\u00e9n\u00e9rales Quel est l&rsquo;espacement recommand\u00e9 entre les perches\u00a0? Les perches devraient \u00eatre espac\u00e9es de 3\u00a0m \u00e0 3,7\u00a0m. En cas de d\u00e9placement d&rsquo;air notable, vous pourrez avoir \u00e0 les rapprocher. Quelle est la plage de hauteur de travail des perches ZipWall\u2122\u00a0? La plage de hauteur de travail de la perche de 3\u00a0m est de &hellip; <a href=\"https:\/\/www.zipwall.eu\/fr\/faq\/\" class=\"more-link\">Continuer la lecture de <span class=\"screen-reader-text\">FAQ syst\u00e8me de barri\u00e8re anti-poussi\u00e8re ZipWall\u00ae<\/span> <span class=\"meta-nav\">&rarr;<\/span><\/a><\/p>\n","protected":false},"author":2,"featured_media":0,"parent":0,"menu_order":0,"comment_status":"closed","ping_status":"closed","template":"","meta":{"footnotes":""},"class_list":["post-2091","page","type-page","status-publish","hentry"],"yoast_head":"<!-- This site is optimized with the Yoast SEO plugin v27.3 - https:\/\/yoast.com\/product\/yoast-seo-wordpress\/ -->\n<title>FAQ syst\u00e8me de barri\u00e8re anti-poussi\u00e8re ZipWall\u00ae - ZipWall<\/title>\n<meta name=\"robots\" content=\"index, follow, max-snippet:-1, max-image-preview:large, max-video-preview:-1\" \/>\n<link rel=\"canonical\" href=\"https:\/\/www.zipwall.eu\/fr\/faq\/\" \/>\n<meta property=\"og:locale\" content=\"fr_FR\" \/>\n<meta property=\"og:type\" content=\"article\" \/>\n<meta property=\"og:title\" content=\"FAQ syst\u00e8me de barri\u00e8re anti-poussi\u00e8re ZipWall\u00ae - ZipWall\" \/>\n<meta property=\"og:description\" content=\"&nbsp; Questions g\u00e9n\u00e9rales Quel est l&rsquo;espacement recommand\u00e9 entre les perches\u00a0? Les perches devraient \u00eatre espac\u00e9es de 3\u00a0m \u00e0 3,7\u00a0m. En cas de d\u00e9placement d&rsquo;air notable, vous pourrez avoir \u00e0 les rapprocher. Quelle est la plage de hauteur de travail des perches ZipWall\u2122\u00a0? La plage de hauteur de travail de la perche de 3\u00a0m est de &hellip; Continuer la lecture de FAQ syst\u00e8me de barri\u00e8re anti-poussi\u00e8re ZipWall\u00ae &rarr;\" \/>\n<meta property=\"og:url\" content=\"https:\/\/www.zipwall.eu\/fr\/faq\/\" \/>\n<meta property=\"og:site_name\" content=\"ZipWall\" \/>\n<meta property=\"article:publisher\" content=\"https:\/\/www.facebook.com\/ZipWall-121135931283666\/\" \/>\n<meta property=\"article:modified_time\" content=\"2016-06-02T19:44:29+00:00\" \/>\n<meta name=\"twitter:card\" content=\"summary_large_image\" \/>\n<meta name=\"twitter:site\" content=\"@ZipWall\" \/>\n<meta name=\"twitter:label1\" content=\"Dur\u00e9e de lecture estim\u00e9e\" \/>\n\t<meta name=\"twitter:data1\" content=\"5 minutes\" \/>\n<script type=\"application\/ld+json\" class=\"yoast-schema-graph\">{\"@context\":\"https:\\\/\\\/schema.org\",\"@graph\":[{\"@type\":\"WebPage\",\"@id\":\"https:\\\/\\\/www.zipwall.eu\\\/fr\\\/faq\\\/\",\"url\":\"https:\\\/\\\/www.zipwall.eu\\\/fr\\\/faq\\\/\",\"name\":\"FAQ syst\u00e8me de barri\u00e8re anti-poussi\u00e8re ZipWall\u00ae - ZipWall\",\"isPartOf\":{\"@id\":\"https:\\\/\\\/www.zipwall.eu\\\/#website\"},\"datePublished\":\"2016-03-23T15:58:53+00:00\",\"dateModified\":\"2016-06-02T19:44:29+00:00\",\"breadcrumb\":{\"@id\":\"https:\\\/\\\/www.zipwall.eu\\\/fr\\\/faq\\\/#breadcrumb\"},\"inLanguage\":\"fr-FR\",\"potentialAction\":[{\"@type\":\"ReadAction\",\"target\":[\"https:\\\/\\\/www.zipwall.eu\\\/fr\\\/faq\\\/\"]}]},{\"@type\":\"BreadcrumbList\",\"@id\":\"https:\\\/\\\/www.zipwall.eu\\\/fr\\\/faq\\\/#breadcrumb\",\"itemListElement\":[{\"@type\":\"ListItem\",\"position\":1,\"name\":\"Home\",\"item\":\"https:\\\/\\\/www.zipwall.eu\\\/fr\\\/\"},{\"@type\":\"ListItem\",\"position\":2,\"name\":\"FAQ syst\u00e8me de barri\u00e8re anti-poussi\u00e8re ZipWall\u00ae\"}]},{\"@type\":\"WebSite\",\"@id\":\"https:\\\/\\\/www.zipwall.eu\\\/#website\",\"url\":\"https:\\\/\\\/www.zipwall.eu\\\/\",\"name\":\"ZipWall\",\"description\":\"Dust Barrier System\",\"potentialAction\":[{\"@type\":\"SearchAction\",\"target\":{\"@type\":\"EntryPoint\",\"urlTemplate\":\"https:\\\/\\\/www.zipwall.eu\\\/?s={search_term_string}\"},\"query-input\":{\"@type\":\"PropertyValueSpecification\",\"valueRequired\":true,\"valueName\":\"search_term_string\"}}],\"inLanguage\":\"fr-FR\"}]}<\/script>\n<!-- \/ Yoast SEO plugin. -->","yoast_head_json":{"title":"FAQ syst\u00e8me de barri\u00e8re anti-poussi\u00e8re ZipWall\u00ae - ZipWall","robots":{"index":"index","follow":"follow","max-snippet":"max-snippet:-1","max-image-preview":"max-image-preview:large","max-video-preview":"max-video-preview:-1"},"canonical":"https:\/\/www.zipwall.eu\/fr\/faq\/","og_locale":"fr_FR","og_type":"article","og_title":"FAQ syst\u00e8me de barri\u00e8re anti-poussi\u00e8re ZipWall\u00ae - ZipWall","og_description":"&nbsp; Questions g\u00e9n\u00e9rales Quel est l&rsquo;espacement recommand\u00e9 entre les perches\u00a0? Les perches devraient \u00eatre espac\u00e9es de 3\u00a0m \u00e0 3,7\u00a0m. En cas de d\u00e9placement d&rsquo;air notable, vous pourrez avoir \u00e0 les rapprocher. Quelle est la plage de hauteur de travail des perches ZipWall\u2122\u00a0? La plage de hauteur de travail de la perche de 3\u00a0m est de &hellip; Continuer la lecture de FAQ syst\u00e8me de barri\u00e8re anti-poussi\u00e8re ZipWall\u00ae &rarr;","og_url":"https:\/\/www.zipwall.eu\/fr\/faq\/","og_site_name":"ZipWall","article_publisher":"https:\/\/www.facebook.com\/ZipWall-121135931283666\/","article_modified_time":"2016-06-02T19:44:29+00:00","twitter_card":"summary_large_image","twitter_site":"@ZipWall","twitter_misc":{"Dur\u00e9e de lecture estim\u00e9e":"5 minutes"},"schema":{"@context":"https:\/\/schema.org","@graph":[{"@type":"WebPage","@id":"https:\/\/www.zipwall.eu\/fr\/faq\/","url":"https:\/\/www.zipwall.eu\/fr\/faq\/","name":"FAQ syst\u00e8me de barri\u00e8re anti-poussi\u00e8re ZipWall\u00ae - ZipWall","isPartOf":{"@id":"https:\/\/www.zipwall.eu\/#website"},"datePublished":"2016-03-23T15:58:53+00:00","dateModified":"2016-06-02T19:44:29+00:00","breadcrumb":{"@id":"https:\/\/www.zipwall.eu\/fr\/faq\/#breadcrumb"},"inLanguage":"fr-FR","potentialAction":[{"@type":"ReadAction","target":["https:\/\/www.zipwall.eu\/fr\/faq\/"]}]},{"@type":"BreadcrumbList","@id":"https:\/\/www.zipwall.eu\/fr\/faq\/#breadcrumb","itemListElement":[{"@type":"ListItem","position":1,"name":"Home","item":"https:\/\/www.zipwall.eu\/fr\/"},{"@type":"ListItem","position":2,"name":"FAQ syst\u00e8me de barri\u00e8re anti-poussi\u00e8re ZipWall\u00ae"}]},{"@type":"WebSite","@id":"https:\/\/www.zipwall.eu\/#website","url":"https:\/\/www.zipwall.eu\/","name":"ZipWall","description":"Dust Barrier System","potentialAction":[{"@type":"SearchAction","target":{"@type":"EntryPoint","urlTemplate":"https:\/\/www.zipwall.eu\/?s={search_term_string}"},"query-input":{"@type":"PropertyValueSpecification","valueRequired":true,"valueName":"search_term_string"}}],"inLanguage":"fr-FR"}]}},"_links":{"self":[{"href":"https:\/\/www.zipwall.eu\/fr\/wp-json\/wp\/v2\/pages\/2091","targetHints":{"allow":["GET"]}}],"collection":[{"href":"https:\/\/www.zipwall.eu\/fr\/wp-json\/wp\/v2\/pages"}],"about":[{"href":"https:\/\/www.zipwall.eu\/fr\/wp-json\/wp\/v2\/types\/page"}],"author":[{"embeddable":true,"href":"https:\/\/www.zipwall.eu\/fr\/wp-json\/wp\/v2\/users\/2"}],"replies":[{"embeddable":true,"href":"https:\/\/www.zipwall.eu\/fr\/wp-json\/wp\/v2\/comments?post=2091"}],"version-history":[{"count":0,"href":"https:\/\/www.zipwall.eu\/fr\/wp-json\/wp\/v2\/pages\/2091\/revisions"}],"wp:attachment":[{"href":"https:\/\/www.zipwall.eu\/fr\/wp-json\/wp\/v2\/media?parent=2091"}],"curies":[{"name":"wp","href":"https:\/\/api.w.org\/{rel}","templated":true}]}}