{"id":2409,"date":"2016-04-01T09:10:42","date_gmt":"2016-04-01T13:10:42","guid":{"rendered":"http:\/\/www.zipwall.eu\/fr\/edge-head-plate\/"},"modified":"2016-10-19T14:01:18","modified_gmt":"2016-10-19T18:01:18","slug":"edge-head-plate","status":"publish","type":"page","link":"https:\/\/www.zipwall.eu\/fr\/edge-head-plate\/","title":{"rendered":"T\u00eate et plaque antid\u00e9rapante Edge\u2122"},"content":{"rendered":"<table class=\"prod\">\n<tbody>\n<tr>\n<td valign=\"top\"><img loading=\"lazy\" decoding=\"async\" class=\"alignnone wp-image-3519 size-medium\" src=\"http:\/\/www.zipwall.eu\/wp-content\/uploads\/EPH1_RGB_Product-1-300x192.jpg\" width=\"300\" height=\"192\" srcset=\"https:\/\/www.zipwall.eu\/wp-content\/uploads\/EPH1_RGB_Product-1-300x192.jpg 300w, https:\/\/www.zipwall.eu\/wp-content\/uploads\/EPH1_RGB_Product-1-200x128.jpg 200w, https:\/\/www.zipwall.eu\/wp-content\/uploads\/EPH1_RGB_Product-1.jpg 1200w\" sizes=\"auto, (max-width: 300px) 100vw, 300px\" \/><br \/>\nEPH1<br \/>\n<a href=\"https:\/\/www.zipwall.eu\/fr\/product\/tete-de-plafond-suspendu-et-plaque-anti-derapante-edge\/\"> T\u00eate et plaque antid\u00e9rapante Edge\u2122<\/a><p class=\"product woocommerce add_to_cart_inline \" style=\"border:4px solid #ccc; padding: 12px;\">\t<span id=\"woocommerce_loop_add_to_cart_link_describedby_2036\" class=\"screen-reader-text\">\n\t\t\t<\/span>\n<\/p><\/td>\n<td valign=\"top\"><\/td>\n<\/tr>\n<\/tbody>\n<\/table>\n<div>\n<div class=\"subcategory-descr\">\n<p>La\u00a0T\u00eate et plaque antid\u00e9rapante Edge\u2122<strong>\u00a0<\/strong>est con\u00e7ue pour maintenir une barri\u00e8re \u2014 sans soulever la grille \u2014 \u00e0 la rencontre d&rsquo;un faux plafond avec un mur.<\/p>\n<p><strong>T\u00eate et plaque antid\u00e9rapante Edge\u2122<\/strong>\u00a0<em>contient une t\u00eate Edge\u2122 et une plaque antid\u00e9rapante \u00e0 utiliser avec des perches \u00e0 ressort ZipWall\u00ae.<\/em><\/p>\n<ul>\n<li>Con\u00e7ue sp\u00e9cifiquement pour la rive des faux plafonds<\/li>\n<li>Ne soul\u00e8ve pas la grille du plafond<\/li>\n<li>Utilisable avec toute perche \u00e0 ressort ZipWall\u00ae<\/li>\n<\/ul>\n<\/div>\n<\/div>\n","protected":false},"excerpt":{"rendered":"<p>EPH1 T\u00eate et plaque antid\u00e9rapante Edge\u2122 La\u00a0T\u00eate et plaque antid\u00e9rapante Edge\u2122\u00a0est con\u00e7ue pour maintenir une barri\u00e8re \u2014 sans soulever la grille \u2014 \u00e0 la rencontre d&rsquo;un faux plafond avec un mur. T\u00eate et plaque antid\u00e9rapante Edge\u2122\u00a0contient une t\u00eate Edge\u2122 et une plaque antid\u00e9rapante \u00e0 utiliser avec des perches \u00e0 ressort ZipWall\u00ae. Con\u00e7ue sp\u00e9cifiquement pour la &hellip; <a href=\"https:\/\/www.zipwall.eu\/fr\/edge-head-plate\/\" class=\"more-link\">Continuer la lecture de <span class=\"screen-reader-text\">T\u00eate et plaque antid\u00e9rapante Edge\u2122<\/span> <span class=\"meta-nav\">&rarr;<\/span><\/a><\/p>\n","protected":false},"author":1,"featured_media":0,"parent":0,"menu_order":0,"comment_status":"closed","ping_status":"closed","template":"","meta":{"footnotes":""},"class_list":["post-2409","page","type-page","status-publish","hentry"],"yoast_head":"<!-- This site is optimized with the Yoast SEO plugin v27.3 - https:\/\/yoast.com\/product\/yoast-seo-wordpress\/ -->\n<title>T\u00eate et plaque antid\u00e9rapante Edge\u2122 - ZipWall<\/title>\n<meta name=\"robots\" content=\"index, follow, max-snippet:-1, max-image-preview:large, max-video-preview:-1\" \/>\n<link rel=\"canonical\" href=\"https:\/\/www.zipwall.eu\/fr\/edge-head-plate\/\" \/>\n<meta property=\"og:locale\" content=\"fr_FR\" \/>\n<meta property=\"og:type\" content=\"article\" \/>\n<meta property=\"og:title\" content=\"T\u00eate et plaque antid\u00e9rapante Edge\u2122 - ZipWall\" \/>\n<meta property=\"og:description\" content=\"EPH1 T\u00eate et plaque antid\u00e9rapante Edge\u2122 La\u00a0T\u00eate et plaque antid\u00e9rapante Edge\u2122\u00a0est con\u00e7ue pour maintenir une barri\u00e8re \u2014 sans soulever la grille \u2014 \u00e0 la rencontre d&rsquo;un faux plafond avec un mur. T\u00eate et plaque antid\u00e9rapante Edge\u2122\u00a0contient une t\u00eate Edge\u2122 et une plaque antid\u00e9rapante \u00e0 utiliser avec des perches \u00e0 ressort ZipWall\u00ae. Con\u00e7ue sp\u00e9cifiquement pour la &hellip; Continuer la lecture de T\u00eate et plaque antid\u00e9rapante Edge\u2122 &rarr;\" \/>\n<meta property=\"og:url\" content=\"https:\/\/www.zipwall.eu\/fr\/edge-head-plate\/\" \/>\n<meta property=\"og:site_name\" content=\"ZipWall\" \/>\n<meta property=\"article:publisher\" content=\"https:\/\/www.facebook.com\/ZipWall-121135931283666\/\" \/>\n<meta property=\"article:modified_time\" content=\"2016-10-19T18:01:18+00:00\" \/>\n<meta property=\"og:image\" content=\"http:\/\/www.zipwall.eu\/wp-content\/uploads\/EPH1_RGB_Product-1-300x192.jpg\" \/>\n<meta name=\"twitter:card\" content=\"summary_large_image\" \/>\n<meta name=\"twitter:site\" content=\"@ZipWall\" \/>\n<script type=\"application\/ld+json\" class=\"yoast-schema-graph\">{\"@context\":\"https:\\\/\\\/schema.org\",\"@graph\":[{\"@type\":\"WebPage\",\"@id\":\"https:\\\/\\\/www.zipwall.eu\\\/fr\\\/edge-head-plate\\\/\",\"url\":\"https:\\\/\\\/www.zipwall.eu\\\/fr\\\/edge-head-plate\\\/\",\"name\":\"T\u00eate et plaque antid\u00e9rapante Edge\u2122 - ZipWall\",\"isPartOf\":{\"@id\":\"https:\\\/\\\/www.zipwall.eu\\\/#website\"},\"primaryImageOfPage\":{\"@id\":\"https:\\\/\\\/www.zipwall.eu\\\/fr\\\/edge-head-plate\\\/#primaryimage\"},\"image\":{\"@id\":\"https:\\\/\\\/www.zipwall.eu\\\/fr\\\/edge-head-plate\\\/#primaryimage\"},\"thumbnailUrl\":\"http:\\\/\\\/www.zipwall.eu\\\/wp-content\\\/uploads\\\/EPH1_RGB_Product-1-300x192.jpg\",\"datePublished\":\"2016-04-01T13:10:42+00:00\",\"dateModified\":\"2016-10-19T18:01:18+00:00\",\"breadcrumb\":{\"@id\":\"https:\\\/\\\/www.zipwall.eu\\\/fr\\\/edge-head-plate\\\/#breadcrumb\"},\"inLanguage\":\"fr-FR\",\"potentialAction\":[{\"@type\":\"ReadAction\",\"target\":[\"https:\\\/\\\/www.zipwall.eu\\\/fr\\\/edge-head-plate\\\/\"]}]},{\"@type\":\"ImageObject\",\"inLanguage\":\"fr-FR\",\"@id\":\"https:\\\/\\\/www.zipwall.eu\\\/fr\\\/edge-head-plate\\\/#primaryimage\",\"url\":\"http:\\\/\\\/www.zipwall.eu\\\/wp-content\\\/uploads\\\/EPH1_RGB_Product-1-300x192.jpg\",\"contentUrl\":\"http:\\\/\\\/www.zipwall.eu\\\/wp-content\\\/uploads\\\/EPH1_RGB_Product-1-300x192.jpg\"},{\"@type\":\"BreadcrumbList\",\"@id\":\"https:\\\/\\\/www.zipwall.eu\\\/fr\\\/edge-head-plate\\\/#breadcrumb\",\"itemListElement\":[{\"@type\":\"ListItem\",\"position\":1,\"name\":\"Home\",\"item\":\"https:\\\/\\\/www.zipwall.eu\\\/fr\\\/\"},{\"@type\":\"ListItem\",\"position\":2,\"name\":\"T\u00eate et plaque antid\u00e9rapante Edge\u2122\"}]},{\"@type\":\"WebSite\",\"@id\":\"https:\\\/\\\/www.zipwall.eu\\\/#website\",\"url\":\"https:\\\/\\\/www.zipwall.eu\\\/\",\"name\":\"ZipWall\",\"description\":\"Dust Barrier System\",\"potentialAction\":[{\"@type\":\"SearchAction\",\"target\":{\"@type\":\"EntryPoint\",\"urlTemplate\":\"https:\\\/\\\/www.zipwall.eu\\\/?s={search_term_string}\"},\"query-input\":{\"@type\":\"PropertyValueSpecification\",\"valueRequired\":true,\"valueName\":\"search_term_string\"}}],\"inLanguage\":\"fr-FR\"}]}<\/script>\n<!-- \/ Yoast SEO plugin. -->","yoast_head_json":{"title":"T\u00eate et plaque antid\u00e9rapante Edge\u2122 - ZipWall","robots":{"index":"index","follow":"follow","max-snippet":"max-snippet:-1","max-image-preview":"max-image-preview:large","max-video-preview":"max-video-preview:-1"},"canonical":"https:\/\/www.zipwall.eu\/fr\/edge-head-plate\/","og_locale":"fr_FR","og_type":"article","og_title":"T\u00eate et plaque antid\u00e9rapante Edge\u2122 - ZipWall","og_description":"EPH1 T\u00eate et plaque antid\u00e9rapante Edge\u2122 La\u00a0T\u00eate et plaque antid\u00e9rapante Edge\u2122\u00a0est con\u00e7ue pour maintenir une barri\u00e8re \u2014 sans soulever la grille \u2014 \u00e0 la rencontre d&rsquo;un faux plafond avec un mur. T\u00eate et plaque antid\u00e9rapante Edge\u2122\u00a0contient une t\u00eate Edge\u2122 et une plaque antid\u00e9rapante \u00e0 utiliser avec des perches \u00e0 ressort ZipWall\u00ae. Con\u00e7ue sp\u00e9cifiquement pour la &hellip; Continuer la lecture de T\u00eate et plaque antid\u00e9rapante Edge\u2122 &rarr;","og_url":"https:\/\/www.zipwall.eu\/fr\/edge-head-plate\/","og_site_name":"ZipWall","article_publisher":"https:\/\/www.facebook.com\/ZipWall-121135931283666\/","article_modified_time":"2016-10-19T18:01:18+00:00","og_image":[{"url":"http:\/\/www.zipwall.eu\/wp-content\/uploads\/EPH1_RGB_Product-1-300x192.jpg","type":"","width":"","height":""}],"twitter_card":"summary_large_image","twitter_site":"@ZipWall","schema":{"@context":"https:\/\/schema.org","@graph":[{"@type":"WebPage","@id":"https:\/\/www.zipwall.eu\/fr\/edge-head-plate\/","url":"https:\/\/www.zipwall.eu\/fr\/edge-head-plate\/","name":"T\u00eate et plaque antid\u00e9rapante Edge\u2122 - ZipWall","isPartOf":{"@id":"https:\/\/www.zipwall.eu\/#website"},"primaryImageOfPage":{"@id":"https:\/\/www.zipwall.eu\/fr\/edge-head-plate\/#primaryimage"},"image":{"@id":"https:\/\/www.zipwall.eu\/fr\/edge-head-plate\/#primaryimage"},"thumbnailUrl":"http:\/\/www.zipwall.eu\/wp-content\/uploads\/EPH1_RGB_Product-1-300x192.jpg","datePublished":"2016-04-01T13:10:42+00:00","dateModified":"2016-10-19T18:01:18+00:00","breadcrumb":{"@id":"https:\/\/www.zipwall.eu\/fr\/edge-head-plate\/#breadcrumb"},"inLanguage":"fr-FR","potentialAction":[{"@type":"ReadAction","target":["https:\/\/www.zipwall.eu\/fr\/edge-head-plate\/"]}]},{"@type":"ImageObject","inLanguage":"fr-FR","@id":"https:\/\/www.zipwall.eu\/fr\/edge-head-plate\/#primaryimage","url":"http:\/\/www.zipwall.eu\/wp-content\/uploads\/EPH1_RGB_Product-1-300x192.jpg","contentUrl":"http:\/\/www.zipwall.eu\/wp-content\/uploads\/EPH1_RGB_Product-1-300x192.jpg"},{"@type":"BreadcrumbList","@id":"https:\/\/www.zipwall.eu\/fr\/edge-head-plate\/#breadcrumb","itemListElement":[{"@type":"ListItem","position":1,"name":"Home","item":"https:\/\/www.zipwall.eu\/fr\/"},{"@type":"ListItem","position":2,"name":"T\u00eate et plaque antid\u00e9rapante Edge\u2122"}]},{"@type":"WebSite","@id":"https:\/\/www.zipwall.eu\/#website","url":"https:\/\/www.zipwall.eu\/","name":"ZipWall","description":"Dust Barrier System","potentialAction":[{"@type":"SearchAction","target":{"@type":"EntryPoint","urlTemplate":"https:\/\/www.zipwall.eu\/?s={search_term_string}"},"query-input":{"@type":"PropertyValueSpecification","valueRequired":true,"valueName":"search_term_string"}}],"inLanguage":"fr-FR"}]}},"_links":{"self":[{"href":"https:\/\/www.zipwall.eu\/fr\/wp-json\/wp\/v2\/pages\/2409","targetHints":{"allow":["GET"]}}],"collection":[{"href":"https:\/\/www.zipwall.eu\/fr\/wp-json\/wp\/v2\/pages"}],"about":[{"href":"https:\/\/www.zipwall.eu\/fr\/wp-json\/wp\/v2\/types\/page"}],"author":[{"embeddable":true,"href":"https:\/\/www.zipwall.eu\/fr\/wp-json\/wp\/v2\/users\/1"}],"replies":[{"embeddable":true,"href":"https:\/\/www.zipwall.eu\/fr\/wp-json\/wp\/v2\/comments?post=2409"}],"version-history":[{"count":0,"href":"https:\/\/www.zipwall.eu\/fr\/wp-json\/wp\/v2\/pages\/2409\/revisions"}],"wp:attachment":[{"href":"https:\/\/www.zipwall.eu\/fr\/wp-json\/wp\/v2\/media?parent=2409"}],"curies":[{"name":"wp","href":"https:\/\/api.w.org\/{rel}","templated":true}]}}