{"id":2763,"date":"2016-04-15T16:15:58","date_gmt":"2016-04-15T20:15:58","guid":{"rendered":"http:\/\/www.zipwall.eu\/fr\/sitemap\/"},"modified":"2016-07-26T15:28:01","modified_gmt":"2016-07-26T19:28:01","slug":"sitemap","status":"publish","type":"page","link":"https:\/\/www.zipwall.eu\/fr\/sitemap\/","title":{"rendered":"Plan du Site"},"content":{"rendered":"<div id=\"wpseo_sitemap\" class=\"columns_3\">\n<div id=\"sitemap_pages\">\n<h4>Pages<\/h4>\n<ul>\n<li class=\"page_item page-item-355\"><a href=\"https:\/\/www.zipwall.eu\/shop\/\">Achetez en ligne<\/a><\/li>\n<li class=\"page_item page-item-2192\"><a href=\"https:\/\/www.zipwall.eu\/floor-adapters\/\">Adaptateurs de plancher<\/a><\/li>\n<li class=\"page_item page-item-311\"><a href=\"https:\/\/www.zipwall.eu\/job-planner\/\">Aide \u00e0 l\u2019installation<\/a><\/li>\n<li class=\"page_item page-item-1872\"><a href=\"https:\/\/www.zipwall.eu\/fr\/copyright\/\">Brevets<\/a><\/li>\n<li class=\"page_item page-item-316\"><a href=\"https:\/\/www.zipwall.eu\/checkout\/\">Checkout<\/a><\/li>\n<li class=\"page_item page-item-319\"><a href=\"https:\/\/www.zipwall.eu\/contact\/\">Contact<\/a><\/li>\n<li class=\"page_item page-item-2091\"><a href=\"https:\/\/www.zipwall.eu\/fr\/faq\/\">FAQ<\/a><\/li>\n<li class=\"page_item page-item-321\"><a href=\"https:\/\/www.zipwall.eu\/zippers-panels\/\">Fermetures \u00e0 glissi\u00e8re et panneaux<\/a><\/li>\n<li class=\"page_item page-item-323\"><a href=\"https:\/\/www.zipwall.eu\/zipwall-zippers\/\">Fermetures \u00e0 glissi\u00e8res autocollantes ZipWall\u00ae<\/a><\/li>\n<li class=\"page_item page-item-326\"><a href=\"http:\/\/www.zipwall.eu\/fr\/\">Home<\/a><\/li>\n<li class=\"page_item page-item-2221\"><a href=\"https:\/\/www.zipwall.eu\/fr\/zipwall-hall-kit\/\">Kit vestibule ZipWall\u00ae<\/a><\/li>\n<li class=\"page_item page-item-328\"><a href=\"https:\/\/www.zipwall.eu\/zipdoor\/\">Kits ZipDoor\u00ae<\/a><\/li>\n<li class=\"page_item page-item-345\"><a href=\"https:\/\/www.zipwall.eu\/parts\/\">Les pieces d\u00e9tach\u00e9es<\/a><\/li>\n<li class=\"page_item page-item-333\"><a href=\"https:\/\/www.zipwall.eu\/zipfast-barrier-panels\/\">Panneaux de barri\u00e8re r\u00e9utilisables ZipFast\u2122<\/a><\/li>\n<li class=\"page_item page-item-335\"><a href=\"https:\/\/www.zipwall.eu\/zipfast-panels-flame-retardant\/\">Panneaux de barri\u00e8re r\u00e9utilisables ZipFast\u2122 \u2013 Ignifug\u00e9<\/a><\/li>\n<li class=\"page_item page-item-337\"><a href=\"https:\/\/www.zipwall.eu\/springloaded-poles\/\">Perches \u00e0 ressort<\/a><\/li>\n<li class=\"page_item page-item-339\"><a href=\"https:\/\/www.zipwall.eu\/poles10\/\">Perches de 3,0m<\/a><\/li>\n<li class=\"page_item page-item-341\"><a href=\"https:\/\/www.zipwall.eu\/poles12\/\">Perches de 3,6 m<\/a><\/li>\n<li class=\"page_item page-item-343\"><a href=\"https:\/\/www.zipwall.eu\/poles20\/\">Perches de 6,1 m<\/a><\/li>\n<li class=\"page_item page-item-310\"><a href=\"https:\/\/www.zipwall.eu\/accessoires\/\">Pi\u00e8ces sp\u00e9cialis\u00e9es et accessoires<\/a><\/li>\n<li class=\"page_item page-item-2763 current_page_item\"><a href=\"https:\/\/www.zipwall.eu\/sitemap\/\">plan-du-site<\/a><\/li>\n<li class=\"page_item page-item-364\"><a href=\"https:\/\/www.zipwall.eu\/fr\/find-a-dealer-2\/\">Points de vente<\/a><\/li>\n<li class=\"page_item page-item-2217\"><a href=\"https:\/\/www.zipwall.eu\/fr\/politique-de-confidentialite\/\">Politique de confidentialit\u00e9<\/a><\/li>\n<li class=\"page_item page-item-347\"><a href=\"https:\/\/www.zipwall.eu\/rails-mounts\/\">Rails d\u2019\u00e9tanch\u00e9it\u00e9 et supports muraux sans ruban adh\u00e9sif<\/a><\/li>\n<li class=\"page_item page-item-362\"><a href=\"https:\/\/www.zipwall.eu\/foamrail-seals\/\">Rails d\u2019\u00e9tanch\u00e9it\u00e9 sans adh\u00e9sif FoamRail\u2122<\/a><\/li>\n<li class=\"page_item page-item-349\"><a href=\"https:\/\/www.zipwall.eu\/fr\/ruban-adhesif-double-face-zipwall\/\">Ruban adh\u00e9sif double face ZipWall\u00ae<\/a><\/li>\n<li class=\"page_item page-item-351\"><a href=\"https:\/\/www.zipwall.eu\/fr\/sacstransport\/\">Sacs de transport<\/a><\/li>\n<li class=\"page_item page-item-353\"><a href=\"https:\/\/www.zipwall.eu\/carry-bags\/\">Sacs de transport<\/a><\/li>\n<li class=\"page_item page-item-358\"><a href=\"https:\/\/www.zipwall.eu\/sideclamp-mounts\/\">Supports muraux<\/a><\/li>\n<li class=\"page_item page-item-2409\"><a href=\"https:\/\/www.zipwall.eu\/edge-head-plate\/\">T\u00eate et plaque antid\u00e9rapante Edge\u2122<\/a><\/li>\n<li class=\"page_item page-item-360\"><a href=\"https:\/\/www.zipwall.eu\/all-products\/\">Tous les produits<\/a><\/li>\n<li class=\"page_item page-item-367\"><a href=\"https:\/\/www.zipwall.eu\/videos\/\">Vid\u00e9os<\/a><\/li>\n<li class=\"page_item page-item-313\"><a href=\"https:\/\/www.zipwall.eu\/cart\/\">Voir panier<\/a><\/li>\n<li class=\"page_item page-item-330\"><a href=\"https:\/\/www.zipwall.eu\/my-account\/\">Votre compte<\/a><\/li>\n<\/ul>\n<\/div>\n<div id=\"sitemap_produits\">\n<h3><a href=\"https:\/\/www.zipwall.eu\/shop\/\">Produits<\/a><\/h3>\n<ul>\n<li><a href=\"https:\/\/www.zipwall.eu\/fr\/product\/adaptateur-a-extension-foamrail-slide\/\">Adaptateur a extension FoamRail Slide\u2122<\/a><\/li>\n<li><a href=\"https:\/\/www.zipwall.eu\/fr\/product\/adaptateurs-de-plancher-pour-perche-zipwall-10-de-3m-lot-de-2\/\">Adaptateurs de plancher pour perche ZipWall\u00ae 10 de 3m, lot de 2<\/a><\/li>\n<li><a href=\"https:\/\/www.zipwall.eu\/fr\/product\/adaptateurs-de-plancher-pour-perche-zipwall-12-de-36m-lot-de-2\/\">Adaptateurs de plancher pour perche ZipWall\u00ae 12 de 3,6m, lot de 2<\/a><\/li>\n<li><a href=\"https:\/\/www.zipwall.eu\/fr\/product\/adaptateurs-de-plancher-pour-perche-zipwall-20-de-61m-lot-de-2\/\">Adaptateurs de plancher pour perche ZipWall\u00ae 20 de 6,1m, lot de 2<\/a><\/li>\n<li><a href=\"https:\/\/www.zipwall.eu\/fr\/product\/attache-t-clip-pour-detancheite-sans-adhesif-foamrail\/\">Attache T-Clip\u2122 pour rail d\u2019\u00e9tanch\u00e9it\u00e9 sans adh\u00e9sif FoamRail\u2122<\/a><\/li>\n<li><a href=\"https:\/\/www.zipwall.eu\/fr\/product\/barre-dintervalle-reglable-sans-adhesif-foamrail-span\/\">Barre d\u2019intervalle r\u00e9glable sans adh\u00e9sif FoamRail Span\u2122<\/a><\/li>\n<li><a href=\"https:\/\/www.zipwall.eu\/fr\/product\/bouchon-de-pied-pour-perche-zipwall-12-de-36m\/\">Bouchon de pied pour perche ZipWall\u00ae 12 de 3,6m<\/a><\/li>\n<li><a href=\"https:\/\/www.zipwall.eu\/fr\/product\/bouchon-de-pied-pour-perche-zipwall20-de-61m\/\">Bouchon de pied pour perche ZipWall\u00ae20 de 6,1m<\/a><\/li>\n<li><a href=\"https:\/\/www.zipwall.eu\/fr\/product\/sidepack-wall-mount-kit\/\">Kit de supports muraux SidePack\u2122<\/a><\/li>\n<li><a href=\"https:\/\/www.zipwall.eu\/fr\/product\/commercial-zipdoor-kit\/\">Kit porte commerciale ZipDoor\u00ae<\/a><\/li>\n<li><a href=\"https:\/\/www.zipwall.eu\/fr\/product\/zipdoor-kit\/\">Kit porte standard ZipDoor\u00ae<\/a><\/li>\n<li><a href=\"https:\/\/www.zipwall.eu\/fr\/?post_type=product&#038;p=2209\">Kit vestibule ZipWall\u00ae<\/a><\/li>\n<li><a href=\"https:\/\/www.zipwall.eu\/fr\/product\/zipwall-heavy-duty-zipper-12-pack\/\">Lot de 12 fermetures \u00e0 glissi\u00e8re robuste ZipWall\u00ae<\/a><\/li>\n<li><a href=\"https:\/\/www.zipwall.eu\/fr\/product\/zipwall-heavy-duty-zipper-2-pack\/\">Lot de 2 fermetures \u00e0 glissi\u00e8re robuste ZipWall\u00ae<\/a><\/li>\n<li><a href=\"https:\/\/www.zipwall.eu\/fr\/product\/zipwall-standard-zipper-2-pack\/\">Lot de 2 fermetures \u00e0 glissi\u00e8re standard ZipWall\u00ae<\/a><\/li>\n<li><a href=\"https:\/\/www.zipwall.eu\/fr\/product\/lot-de-2-gripdisk\/\">Lot de 2 GripDisk\u2122<\/a><\/li>\n<li><a href=\"https:\/\/www.zipwall.eu\/fr\/product\/sideclamp-wall-mount-2-pack\/\">Lot de 2 Pince murale lat\u00e9rale d\u2019\u00e9tanch\u00e9it\u00e9 sans adh\u00e9sif SideClamp\u2122<\/a><\/li>\n<li><a href=\"https:\/\/www.zipwall.eu\/fr\/product\/lot-de-2-plaques-antiderapantes\/\">Lot de 2 plaques antid\u00e9rapantes<\/a><\/li>\n<li><a href=\"https:\/\/www.zipwall.eu\/fr\/product\/foamrail-cross-bars-2-pack\/\">Lot de 2 rails d\u2019\u00e9ntach\u00e9it\u00e9 sans adh\u00e9sif FoamRail\u2122<\/a><\/li>\n<li><a href=\"https:\/\/www.zipwall.eu\/fr\/product\/zippole-2-pack\/\">Lot de 2 ZipWall\u00ae 10<\/a><\/li>\n<li><a href=\"https:\/\/www.zipwall.eu\/fr\/product\/slp-2-pack\/\">Lot de 2 ZipWall\u00ae 12<\/a><\/li>\n<li><a href=\"https:\/\/www.zipwall.eu\/fr\/product\/zip20-2-pack\/\">Lot de 2 ZipWall\u00ae 20<\/a><\/li>\n<li><a href=\"https:\/\/www.zipwall.eu\/fr\/product\/zippole-4-pack\/\">Lot de 4 ZipWall\u00ae 10<\/a><\/li>\n<li><a href=\"https:\/\/www.zipwall.eu\/fr\/product\/slp-4-pack\/\">Lot de 4 ZipWall\u00ae 12<\/a><\/li>\n<li><a href=\"https:\/\/www.zipwall.eu\/fr\/product\/slp-6-pack\/\">Lot de 6 ZipWall\u00ae 12<\/a><\/li>\n<li><a href=\"https:\/\/www.zipwall.eu\/fr\/product\/zipfastmulti-pack\/\">Multi-Pack ZipFast\u2122<\/a><\/li>\n<li><a href=\"https:\/\/www.zipwall.eu\/fr\/?post_type=product&#038;p=543\">Multi-Pack ZipFast\u2122 \u2013 Ignifug\u00e9<\/a><\/li>\n<li><a href=\"https:\/\/www.zipwall.eu\/fr\/product\/zipfast10-panel\/\">Panneau 10\u2019|3 m ZipFast\u2122<\/a><\/li>\n<li><a href=\"https:\/\/www.zipwall.eu\/fr\/?post_type=product&#038;p=542\">Panneau 10\u2019|3 m ZipFast\u2122 \u2013 Ignifug\u00e9<\/a><\/li>\n<li><a href=\"https:\/\/www.zipwall.eu\/fr\/?post_type=product&#038;p=539\">Panneau 2.5\u2019|76 cm ZipFast\u2122 \u2013 Ignifug\u00e9<\/a><\/li>\n<li><a href=\"https:\/\/www.zipwall.eu\/fr\/product\/zipfast-2-5-panel\/\">Panneau 2.5\u2019|76 cm ZipFast\u2122<\/a><\/li>\n<li><a href=\"https:\/\/www.zipwall.eu\/fr\/product\/zipfast-5-panel\/\">Panneau 5\u2019|1,5 m ZipFast\u2122<\/a><\/li>\n<li><a href=\"https:\/\/www.zipwall.eu\/fr\/?post_type=product&#038;p=541\">Panneau 5\u2019|1,5 m ZipFast\u2122 \u2013 Ignifug\u00e9<\/a><\/li>\n<li><a href=\"https:\/\/www.zipwall.eu\/fr\/?post_type=product&#038;p=2215\">Panneau barri\u00e8re ZipFast Hatch\u2122<\/a><\/li>\n<li><a href=\"https:\/\/www.zipwall.eu\/fr\/product\/pied-pour-perche-zipwall10-de-3m\/\">Pied pour perche ZipWall\u00ae10 de 3m<\/a><\/li>\n<li><a href=\"https:\/\/www.zipwall.eu\/fr\/product\/zipwallcb\/\">Sac de transport ZipWall\u00ae<\/a><\/li>\n<li><a href=\"https:\/\/www.zipwall.eu\/fr\/product\/zippolecb\/\">Sac de transport ZipWall\u00ae 10<\/a><\/li>\n<li><a href=\"https:\/\/www.zipwall.eu\/fr\/product\/tete\/\">T\u00eate<\/a><\/li>\n<li><a href=\"https:\/\/www.zipwall.eu\/fr\/product\/tete-et-contre-plaque-antiderapante\/\">T\u00eate et contre-plaque antid\u00e9rapante<\/a><\/li>\n<li><a href=\"https:\/\/www.zipwall.eu\/fr\/product\/tete-de-plafond-suspendu-et-plaque-anti-derapante-edge\/\">T\u00eate et plaque antid\u00e9rapante Edge\u2122<\/a><\/li>\n<li><a href=\"https:\/\/www.zipwall.eu\/fr\/product\/ziphook\/\">ZipHook\u2122<\/a><\/li>\n<li><a href=\"https:\/\/www.zipwall.eu\/fr\/product\/zipperknife\/\">ZipperKnife\u2122<\/a><\/li>\n<li><a href=\"\/?p=2589\">ZipRail\u2122 Dual Seal Single<\/a><\/li>\n<\/ul>\n<\/div>\n<\/div>\n","protected":false},"excerpt":{"rendered":"<p>Pages Achetez en ligne Adaptateurs de plancher Aide \u00e0 l\u2019installation Brevets Checkout Contact FAQ Fermetures \u00e0 glissi\u00e8re et panneaux Fermetures \u00e0 glissi\u00e8res autocollantes ZipWall\u00ae Home Kit vestibule ZipWall\u00ae Kits ZipDoor\u00ae Les pieces d\u00e9tach\u00e9es Panneaux de barri\u00e8re r\u00e9utilisables ZipFast\u2122 Panneaux de barri\u00e8re r\u00e9utilisables ZipFast\u2122 \u2013 Ignifug\u00e9 Perches \u00e0 ressort Perches de 3,0m Perches de 3,6 m &hellip; <a href=\"https:\/\/www.zipwall.eu\/fr\/sitemap\/\" class=\"more-link\">Continuer la lecture de <span class=\"screen-reader-text\">Plan du Site<\/span> <span class=\"meta-nav\">&rarr;<\/span><\/a><\/p>\n","protected":false},"author":1,"featured_media":0,"parent":0,"menu_order":0,"comment_status":"closed","ping_status":"closed","template":"","meta":{"footnotes":""},"class_list":["post-2763","page","type-page","status-publish","hentry"],"yoast_head":"<!-- This site is optimized with the Yoast SEO plugin v27.4 - https:\/\/yoast.com\/product\/yoast-seo-wordpress\/ -->\n<title>Plan du Site - ZipWall<\/title>\n<meta name=\"robots\" content=\"index, follow, max-snippet:-1, max-image-preview:large, max-video-preview:-1\" \/>\n<link rel=\"canonical\" href=\"https:\/\/www.zipwall.eu\/fr\/sitemap\/\" \/>\n<meta property=\"og:locale\" content=\"fr_FR\" \/>\n<meta property=\"og:type\" content=\"article\" \/>\n<meta property=\"og:title\" content=\"Plan du Site - ZipWall\" \/>\n<meta property=\"og:description\" content=\"Pages Achetez en ligne Adaptateurs de plancher Aide \u00e0 l\u2019installation Brevets Checkout Contact FAQ Fermetures \u00e0 glissi\u00e8re et panneaux Fermetures \u00e0 glissi\u00e8res autocollantes ZipWall\u00ae Home Kit vestibule ZipWall\u00ae Kits ZipDoor\u00ae Les pieces d\u00e9tach\u00e9es Panneaux de barri\u00e8re r\u00e9utilisables ZipFast\u2122 Panneaux de barri\u00e8re r\u00e9utilisables ZipFast\u2122 \u2013 Ignifug\u00e9 Perches \u00e0 ressort Perches de 3,0m Perches de 3,6 m &hellip; Continuer la lecture de Plan du Site &rarr;\" \/>\n<meta property=\"og:url\" content=\"https:\/\/www.zipwall.eu\/fr\/sitemap\/\" \/>\n<meta property=\"og:site_name\" content=\"ZipWall\" \/>\n<meta property=\"article:publisher\" content=\"https:\/\/www.facebook.com\/ZipWall-121135931283666\/\" \/>\n<meta property=\"article:modified_time\" content=\"2016-07-26T19:28:01+00:00\" \/>\n<meta name=\"twitter:card\" content=\"summary_large_image\" \/>\n<meta name=\"twitter:site\" content=\"@ZipWall\" \/>\n<meta name=\"twitter:label1\" content=\"Dur\u00e9e de lecture estim\u00e9e\" \/>\n\t<meta name=\"twitter:data1\" content=\"2 minutes\" \/>\n<script type=\"application\/ld+json\" class=\"yoast-schema-graph\">{\"@context\":\"https:\\\/\\\/schema.org\",\"@graph\":[{\"@type\":\"WebPage\",\"@id\":\"https:\\\/\\\/www.zipwall.eu\\\/fr\\\/sitemap\\\/\",\"url\":\"https:\\\/\\\/www.zipwall.eu\\\/fr\\\/sitemap\\\/\",\"name\":\"Plan du Site - ZipWall\",\"isPartOf\":{\"@id\":\"https:\\\/\\\/www.zipwall.eu\\\/#website\"},\"datePublished\":\"2016-04-15T20:15:58+00:00\",\"dateModified\":\"2016-07-26T19:28:01+00:00\",\"breadcrumb\":{\"@id\":\"https:\\\/\\\/www.zipwall.eu\\\/fr\\\/sitemap\\\/#breadcrumb\"},\"inLanguage\":\"fr-FR\",\"potentialAction\":[{\"@type\":\"ReadAction\",\"target\":[\"https:\\\/\\\/www.zipwall.eu\\\/fr\\\/sitemap\\\/\"]}]},{\"@type\":\"BreadcrumbList\",\"@id\":\"https:\\\/\\\/www.zipwall.eu\\\/fr\\\/sitemap\\\/#breadcrumb\",\"itemListElement\":[{\"@type\":\"ListItem\",\"position\":1,\"name\":\"Home\",\"item\":\"https:\\\/\\\/www.zipwall.eu\\\/fr\\\/\"},{\"@type\":\"ListItem\",\"position\":2,\"name\":\"Plan du Site\"}]},{\"@type\":\"WebSite\",\"@id\":\"https:\\\/\\\/www.zipwall.eu\\\/#website\",\"url\":\"https:\\\/\\\/www.zipwall.eu\\\/\",\"name\":\"ZipWall\",\"description\":\"Dust Barrier System\",\"potentialAction\":[{\"@type\":\"SearchAction\",\"target\":{\"@type\":\"EntryPoint\",\"urlTemplate\":\"https:\\\/\\\/www.zipwall.eu\\\/?s={search_term_string}\"},\"query-input\":{\"@type\":\"PropertyValueSpecification\",\"valueRequired\":true,\"valueName\":\"search_term_string\"}}],\"inLanguage\":\"fr-FR\"}]}<\/script>\n<!-- \/ Yoast SEO plugin. -->","yoast_head_json":{"title":"Plan du Site - ZipWall","robots":{"index":"index","follow":"follow","max-snippet":"max-snippet:-1","max-image-preview":"max-image-preview:large","max-video-preview":"max-video-preview:-1"},"canonical":"https:\/\/www.zipwall.eu\/fr\/sitemap\/","og_locale":"fr_FR","og_type":"article","og_title":"Plan du Site - ZipWall","og_description":"Pages Achetez en ligne Adaptateurs de plancher Aide \u00e0 l\u2019installation Brevets Checkout Contact FAQ Fermetures \u00e0 glissi\u00e8re et panneaux Fermetures \u00e0 glissi\u00e8res autocollantes ZipWall\u00ae Home Kit vestibule ZipWall\u00ae Kits ZipDoor\u00ae Les pieces d\u00e9tach\u00e9es Panneaux de barri\u00e8re r\u00e9utilisables ZipFast\u2122 Panneaux de barri\u00e8re r\u00e9utilisables ZipFast\u2122 \u2013 Ignifug\u00e9 Perches \u00e0 ressort Perches de 3,0m Perches de 3,6 m &hellip; Continuer la lecture de Plan du Site &rarr;","og_url":"https:\/\/www.zipwall.eu\/fr\/sitemap\/","og_site_name":"ZipWall","article_publisher":"https:\/\/www.facebook.com\/ZipWall-121135931283666\/","article_modified_time":"2016-07-26T19:28:01+00:00","twitter_card":"summary_large_image","twitter_site":"@ZipWall","twitter_misc":{"Dur\u00e9e de lecture estim\u00e9e":"2 minutes"},"schema":{"@context":"https:\/\/schema.org","@graph":[{"@type":"WebPage","@id":"https:\/\/www.zipwall.eu\/fr\/sitemap\/","url":"https:\/\/www.zipwall.eu\/fr\/sitemap\/","name":"Plan du Site - ZipWall","isPartOf":{"@id":"https:\/\/www.zipwall.eu\/#website"},"datePublished":"2016-04-15T20:15:58+00:00","dateModified":"2016-07-26T19:28:01+00:00","breadcrumb":{"@id":"https:\/\/www.zipwall.eu\/fr\/sitemap\/#breadcrumb"},"inLanguage":"fr-FR","potentialAction":[{"@type":"ReadAction","target":["https:\/\/www.zipwall.eu\/fr\/sitemap\/"]}]},{"@type":"BreadcrumbList","@id":"https:\/\/www.zipwall.eu\/fr\/sitemap\/#breadcrumb","itemListElement":[{"@type":"ListItem","position":1,"name":"Home","item":"https:\/\/www.zipwall.eu\/fr\/"},{"@type":"ListItem","position":2,"name":"Plan du Site"}]},{"@type":"WebSite","@id":"https:\/\/www.zipwall.eu\/#website","url":"https:\/\/www.zipwall.eu\/","name":"ZipWall","description":"Dust Barrier System","potentialAction":[{"@type":"SearchAction","target":{"@type":"EntryPoint","urlTemplate":"https:\/\/www.zipwall.eu\/?s={search_term_string}"},"query-input":{"@type":"PropertyValueSpecification","valueRequired":true,"valueName":"search_term_string"}}],"inLanguage":"fr-FR"}]}},"_links":{"self":[{"href":"https:\/\/www.zipwall.eu\/fr\/wp-json\/wp\/v2\/pages\/2763","targetHints":{"allow":["GET"]}}],"collection":[{"href":"https:\/\/www.zipwall.eu\/fr\/wp-json\/wp\/v2\/pages"}],"about":[{"href":"https:\/\/www.zipwall.eu\/fr\/wp-json\/wp\/v2\/types\/page"}],"author":[{"embeddable":true,"href":"https:\/\/www.zipwall.eu\/fr\/wp-json\/wp\/v2\/users\/1"}],"replies":[{"embeddable":true,"href":"https:\/\/www.zipwall.eu\/fr\/wp-json\/wp\/v2\/comments?post=2763"}],"version-history":[{"count":0,"href":"https:\/\/www.zipwall.eu\/fr\/wp-json\/wp\/v2\/pages\/2763\/revisions"}],"wp:attachment":[{"href":"https:\/\/www.zipwall.eu\/fr\/wp-json\/wp\/v2\/media?parent=2763"}],"curies":[{"name":"wp","href":"https:\/\/api.w.org\/{rel}","templated":true}]}}