{"id":2886,"date":"2016-05-04T10:47:34","date_gmt":"2016-05-04T14:47:34","guid":{"rendered":"http:\/\/www.zipwall.eu\/fr\/data-protection\/"},"modified":"2016-06-24T11:04:45","modified_gmt":"2016-06-24T15:04:45","slug":"data-protection","status":"publish","type":"page","link":"https:\/\/www.zipwall.eu\/fr\/data-protection\/","title":{"rendered":"Protection des donn\u00e9es syst\u00e8me de barri\u00e8re anti-poussi\u00e8re ZipWall\u00ae"},"content":{"rendered":"<p><strong>Protection de la vie priv\u00e9e<\/strong><\/p>\n<ol>\n<li><strong> Utilisation des donn\u00e9es nominatives<\/strong><\/li>\n<\/ol>\n<p>La page Internet <a href=\"http:\/\/www.zipwall.eu\">www.zipwall.eu<\/a> ainsi que tous les domaines subordonn\u00e9s \u00e0 ce domaine font partie de l\u2019offre de la soci\u00e9t\u00e9 ZipWall GmbH, D\u00dcSSELDORF, Allemagne (\u00ab\u00a0<strong>Zipwall<\/strong>\u00a0\u00bb). La soci\u00e9t\u00e9 ZipWall exploite ces pages Internet pour renseigner en ce qui concerne l&rsquo;entreprise ZipWall, les produits distribu\u00e9s ainsi que la boutique en ligne proposant des syst\u00e8mes de protection de la poussi\u00e8re et les produits utilis\u00e9s \u00e0 cet effet.<\/p>\n<p>La protection de vos donn\u00e9es nominatives lors du pr\u00e9l\u00e8vement, du traitement et l\u2019utilisation dans le cadre de votre visite sur les pages Internet de la soci\u00e9t\u00e9 ZipWall est essentielle pour nous. Nous vous expliquerons en suivant quelles sont les informations qui sont r\u00e9colt\u00e9es par la soci\u00e9t\u00e9 ZipWall lors de votre visite sur les pages Internet et de quelle mani\u00e8re celles-ci sont utilis\u00e9es par la soci\u00e9t\u00e9 ZipWall.<\/p>\n<ol start=\"2\">\n<li><strong> Traitement de donn\u00e9es lors de la visite des pages Internet.<\/strong><\/li>\n<\/ol>\n<p>La soci\u00e9t\u00e9 ZipWall s\u2019efforce d\u2019am\u00e9liorer son offre pour ses clients et int\u00e9ress\u00e9s sur les pages Internet de la soci\u00e9t\u00e9 ZipWall et de l\u2019actualiser afin d\u2019augmenter l&rsquo;attractivit\u00e9 de l\u2019offre. \u00c0 cet effet, lors d\u2019un acc\u00e8s aux pages Internet de la soci\u00e9t\u00e9 ZipWall des donn\u00e9es sont m\u00e9moris\u00e9es qui ne sont pas attribuables \u00e0 une personne physique et qui ne servent exclusivement qu\u2019aux besoins internes et poursuivent des objectifs statistiques et techniques de la soci\u00e9t\u00e9 ZipWall. Les noms, adresses, n\u00b0 de t\u00e9l\u00e9phone, adresses de messagerie et autres donn\u00e9es de contact ne sont pas enregistr\u00e9es, \u00e0 moins que vous fassiez ces d\u00e9clarations volontairement, par exemple dans le cadre d\u2019une passation de commande. La soci\u00e9t\u00e9 ZipWall ne g\u00e9n\u00e8re pas de profil d\u2019utilisateur \u00e0 partir des donn\u00e9es des visiteurs sur les pages Internet.<\/p>\n<p>Lors de l\u2019acc\u00e8s aux pages Internet, les donn\u00e9es suivantes sont m\u00e9moris\u00e9es\u00a0:<\/p>\n<ul>\n<li>Noms et descriptions des fichiers qui auront \u00e9t\u00e9 visit\u00e9s par chaque utilisateur des pages Internet de la soci\u00e9t\u00e9 ZipWall<\/li>\n<li>l&rsquo;adresse IP \u00e0 partir de laquelle les fichiers sont s\u00e9lectionn\u00e9s<\/li>\n<li>la date et l\u2019heure de la visite sur chaque page Internet<\/li>\n<li>la quantit\u00e9 de donn\u00e9es transmises<\/li>\n<li>l&rsquo;heure de chaque premier acc\u00e8s sur une page Internet de la soci\u00e9t\u00e9 ZipWall ainsi que l\u2019heure de la derni\u00e8re activit\u00e9 sur une de ces pages<\/li>\n<li>demande du statut relatif \u00e0 une consultation \u00e0 succ\u00e8s des fichiers<\/li>\n<li>type du navigateur utilis\u00e9 et adresse d\u2019origine (ce qu\u2019on appelle un r\u00e9f\u00e9rant)<\/li>\n<\/ul>\n<ol start=\"3\">\n<li><strong> Donn\u00e9es personnelles<\/strong><\/li>\n<\/ol>\n<p>Dans la mesure o\u00f9 vous d\u00e9cideriez de commander des marchandises dans la boutique en ligne, de conclure un contrat avec la soci\u00e9t\u00e9 ZipWall, d\u2019ouvrir un compte client ou de prendre contact, vous communiqueriez volontairement des donn\u00e9es personnelles \u00e0 la soci\u00e9t\u00e9 ZipWall. La soci\u00e9t\u00e9 ZipWall n\u2019utilise ces donn\u00e9es qu\u2019exclusivement dans le cadre du traitement du contrat et de la vente et pour le traitement de votre demande sans que vous ayez donn\u00e9 votre accord explicite. Apr\u00e8s que le contrat entre vous et la soci\u00e9t\u00e9 ZipWall ait \u00e9t\u00e9 trait\u00e9 et finalis\u00e9, la soci\u00e9t\u00e9 ZipWall est tenue de m\u00e9moriser vos donn\u00e9es pour des laps de temps diff\u00e9rents en raison d\u2019obligations de conservation commerciales et fiscales\u00a0; apr\u00e8s l\u2019\u00e9coulement de ces d\u00e9lais de conservation, vos donn\u00e9es sont cependant effac\u00e9es automatiquement par la soci\u00e9t\u00e9 ZipWall.<\/p>\n<p>Afin de permettre un traitement contractuel en bonne et due forme, la soci\u00e9t\u00e9 ZipWall doit transmettre les donn\u00e9es personnelles aux entreprises de livraison et transport mandat\u00e9es par nos soins. La soci\u00e9t\u00e9 ZipWall transmet vos coordonn\u00e9es de paiement personnelles \u00e0 chaque \u00e9tablissement bancaire aux fins de traiter les paiements.<\/p>\n<ol start=\"4\">\n<li><strong> Paiements par le biais de Multisafepay<\/strong><\/li>\n<\/ol>\n<p>La soci\u00e9t\u00e9 ZipWall vous propose \u00ab\u00a0Multisafepay\u00a0\u00bb en tant que prestataire de paiement qui est un service de la soci\u00e9t\u00e9 Multisafepay bv, Kraanspoor 39, 1033 SC Amsterdam, Pays-Bas (appel\u00e9e ci-apr\u00e8s \u00ab\u00a0Multisafepay\u00a0\u00bb). Gr\u00e2ce \u00e0 Multisafepay, vous pouvez honorer votre note facilement et en toute s\u00e9curit\u00e9, plus particuli\u00e8rement avec les cartes de cr\u00e9dit (VISA, MasterCard, Maestro), par virement bancaire \u00e0 partir du compte courant et par virement imm\u00e9diat (Ideal, Bancontact Mister Cash, inCasso, giro pay, Direct ebanking.com, overBoeking). Vous pouvez choisir le mode de paiement pendant la proc\u00e9dure de commande. Durant le paiement par le biais de Multisafepay, des donn\u00e9es personnelles, plus particuli\u00e8rement les donn\u00e9es relatives \u00e0 la facture (par exemple votre nom, votre adresse de messagerie) et votre adresse d\u2019envoi ainsi que les marchandises que vous avez s\u00e9lectionn\u00e9es sont transmises \u00e0 Multisafepay.<\/p>\n<p>Multisafepay collecte vos informations de paiement saisies afin de traiter votre paiement. De plus, Multisafepay transfert le cas \u00e9ch\u00e9ant des donn\u00e9es \u00e0 des tiers, \u00e9galement \u00e0 des tiers ne faisant pas partie des pays membres EEE. Il peut \u00e9galement s\u2019agir de certifications et de renseignements de solvabilit\u00e9.<\/p>\n<p>En suivant ce lien, vous trouverez de plus amples informations relatives \u00e0 Multisafepay :<\/p>\n<p>https:\/\/www.multisafepay.com\/<\/p>\n<ol start=\"5\">\n<li><strong> Cookies<\/strong><\/li>\n<\/ol>\n<p>Lorsque vous visitez les pages Internet de la soci\u00e9t\u00e9 ZipWall, des informations sous forme de cookies (petits fichiers textes) sont occasionnellement m\u00e9moris\u00e9s sur votre ordinateur. Cela sert \u00e0 rendre l\u2019offre des pages Internet de la soci\u00e9t\u00e9 ZipWall conviviale, flexible et effective pour vous en tant qu\u2019utilisateur. Les cookies peuvent \u00e9galement \u00eatre utilis\u00e9s par la soci\u00e9t\u00e9 ZipWall afin de m\u00e9moriser des mots de passe. C\u2019est ainsi qu\u2019il est donn\u00e9 l\u2019opportunit\u00e9 \u00e0 l\u2019utilisateur de pouvoir se connecter automatiquement lors d\u2019une nouvelle visite. Vous avez la possibilit\u00e9 de r\u00e9gler votre navigateur Internet de telle sorte que celui-ci efface tout de suite les cookies ou r\u00e9guli\u00e8rement de votre support de donn\u00e9es, de bloquer tous les cookies ou que vous soyez pr\u00e9venu avant qu&rsquo;un cookie soit m\u00e9moris\u00e9. De plus, lors de la saisie du mot de passe au moment de la connexion, vous avez la possibilit\u00e9 de ne pas activer la connexion automatique et ainsi d\u2019emp\u00eacher la m\u00e9morisation automatique de mots de passe.<\/p>\n<p>Si vous quittez les pages Internet de la soci\u00e9t\u00e9 ZipWall par un lien, il est possible qu\u2019arriv\u00e9 sur de nouvelles pages Internet, le fournisseur des pages Internet d\u00e9pose des cookies. D\u2019un point de vue l\u00e9gal, la soci\u00e9t\u00e9 ZipWall n\u2019est pas responsable de ces cookies.<\/p>\n<p>&nbsp;<\/p>\n<ol start=\"6\">\n<li><strong> Google Analytics<\/strong><\/li>\n<\/ol>\n<p>La page Internet de la soci\u00e9t\u00e9 ZipWall utilise Google Analytics, un service d\u2019analyse Internet de la soci\u00e9t\u00e9 Google Inc. (\u00ab\u00a0Google\u00a0\u00bb). La soci\u00e9t\u00e9 Google Analytics utilise ce qu\u2019on appelle des \u00ab\u00a0cookies\u00a0\u00bb, des fichiers textes qui sont m\u00e9moris\u00e9s sur l\u2019ordinateur de l\u2019utilisateur et qui permet par leurs biais une analyse de l\u2019utilisation de la page Internet. Les informations relatives \u00e0 l\u2019utilisation de la page Internet par l\u2019utilisateur g\u00e9n\u00e9r\u00e9es par les cookies sont g\u00e9n\u00e9ralement transmises \u00e0 un serveur de Google aux Etats-Unis et y sont m\u00e9moris\u00e9es. <strong>Sur cette page Internet, l\u2019anonymat de l\u2019IP a \u00e9t\u00e9 activ\u00e9, de telle sorte que l&rsquo;adresse IP de l\u2019utilisateur de Google dans les pays membres de l\u2019Union europ\u00e9enne ou d\u2019autres \u00e9tats contractuels de la convention relative \u00e0 l\u2019espace \u00e9conomique europ\u00e9en soit pr\u00e9alablement abr\u00e9g\u00e9e.<\/strong> Ce n\u2019est que dans les cas exceptionnels que l\u2019adresse IP compl\u00e8te est transmise au serveur de Google aux Etats-Unis et que c\u2019est l\u00e0 qu\u2019elle est alors abr\u00e9g\u00e9e. Google, qui est mandat\u00e9 par l\u2019exploitant de la page Internet, utilise ces informations afin d\u2019\u00e9valuer l\u2019utilisation du site Internet par les utilisateurs, afin de r\u00e9aliser des rapports concernant les activit\u00e9s du site Internet et d\u2019effectuer des prestations suppl\u00e9mentaires \u00e9tant li\u00e9es \u00e0 l\u2019utilisation du site Internet pour l\u2019exploitant du site Internet. L\u2019adresse IP transmise par votre navigateur dans le cadre de Google Analytics n\u2019est pas jointe aux autres donn\u00e9es de Google. Vous pouvez rem\u00e9dier \u00e0 la m\u00e9morisation des cookies en r\u00e9alisant un r\u00e9glage de votre logiciel navigateur\u00a0; cette offre informe cependant les utilisateurs qu\u2019en cas de suppression vous ne pourrez \u00e9ventuellement pas utiliser toutes les fonctionnalit\u00e9s du site Internet dans toute sa circonf\u00e9rence. De plus, les utilisateurs peuvent emp\u00eacher la saisie g\u00e9n\u00e9r\u00e9e par les cookies et l\u2019utilisation des donn\u00e9es se rapportant au site Internet (leur adresse IP incluse) par Google ainsi que le traitement de ces donn\u00e9es en t\u00e9l\u00e9chargeant le Plugin de navigateur \u00e0 disposition au lien suivant et en l\u2019installant. Le lien actuel\u00a0: \u00ab\u00a0<a href=\"http:\/\/tools.google.com\/dlpage\/gaoptout?hl=de\">http:\/\/tools.google.com\/dlpage\/gaoptout?hl=de<\/a>.\u201c<\/p>\n<ol start=\"7\">\n<li><strong> Droit d\u2019\u00eatre renseign\u00e9, de r\u00e9voquer et d\u2019effacer<\/strong><\/li>\n<\/ol>\n<p>Vous avez le droit de r\u00e9voquer en tout temps l\u2019autorisation d\u2019utilisation des donn\u00e9es personnelles pour toutes utilisations futures. Les donn\u00e9es personnelles sont effac\u00e9es au moment o\u00f9 vous aurez transmis \u00e0 la soci\u00e9t\u00e9 ZipWall votre r\u00e9vocation d\u2019utilisation de vos donn\u00e9es dans la mesure o\u00f9 leur connaissance pour l\u2019accomplissement de l\u2019objectif poursuivi par leur m\u00e9morisation n\u2019est plus n\u00e9cessaire ou leur m\u00e9morisation est irr\u00e9guli\u00e8re pour d\u2019autres raisons d\u2019ordre l\u00e9gal. La soci\u00e9t\u00e9 ZipWall vous informera volontiers en ce qui concerne les donn\u00e9es m\u00e9moris\u00e9es relatives \u00e0 votre personne (par exemple le nom, l\u2019adresse, le num\u00e9ro de t\u00e9l\u00e9phone) sur demande \u00e9crite de votre part. \u00c0 cet effet, veuillez utiliser les coordonn\u00e9es indiqu\u00e9es sur\u00a0 <a href=\"http:\/\/www.zipwall.eu\/impressum\/\">www.zipwall.eu\/impressum\/<\/a> ou sur la page de contact (<a href=\"http:\/\/www.zipwall.eu\/kontakt\/\">www.zipwall.eu\/kontakt\/<\/a>) de la soci\u00e9t\u00e9 ZipWall.<\/p>\n<ol start=\"8\">\n<li><strong> Remarques relatives \u00e0 la s\u00e9curit\u00e9<\/strong><\/li>\n<\/ol>\n<p>La soci\u00e9t\u00e9 ZipWall s\u2019efforce de prendre toutes les mesures de s\u00e9curit\u00e9 n\u00e9cessaires du point vue technique et organisationnelle pour la m\u00e9morisation de vos donn\u00e9es personnelles afin que celles-ci ne puissent pas \u00eatre accessibles \u00e0 de tierces personnes ou au public. Dans le cas o\u00f9 vous prenez contact avec nous par messagerie \u00e9lectronique, la confidentialit\u00e9 des informations transmises est limit\u00e9e de mani\u00e8re habituelle d\u2019un point de vue technique, \u00e9tant donn\u00e9 que le contenu des messages \u00e9lectroniques peut \u00eatre lu par des tiers.<\/p>\n<p>L\u2019offre en ligne de la soci\u00e9t\u00e9 ZipWall comprend des liens vers d\u2019autres pages Internet. Nous n\u2019avons aucune influence sur le fait que leurs exploitants respectent les directives de protection des donn\u00e9es personnelles.<\/p>\n<ol start=\"13\">\n<li><strong> Prise de contact<\/strong><\/li>\n<\/ol>\n<p>Si vous avez des propositions ou des questions en ce qui concerne le traitement de vos donn\u00e9es personnelles n\u2019h\u00e9sitez pas \u00e0 nous contacter \u00e0 l\u2019adresse suivante\u00a0:<\/p>\n<p>Soci\u00e9t\u00e9<strong> ZipWall GmbH<\/strong><em> (soci\u00e9t\u00e9 \u00e0 responsabilit\u00e9 limit\u00e9e de droit allemand)<\/em><strong>, Gr\u00fcnstrasse 5, D-40212 D\u00dcSSELDORF, Allemagne<\/strong><\/p>\n","protected":false},"excerpt":{"rendered":"<p>Protection de la vie priv\u00e9e Utilisation des donn\u00e9es nominatives La page Internet www.zipwall.eu ainsi que tous les domaines subordonn\u00e9s \u00e0 ce domaine font partie de l\u2019offre de la soci\u00e9t\u00e9 ZipWall GmbH, D\u00dcSSELDORF, Allemagne (\u00ab\u00a0Zipwall\u00a0\u00bb). La soci\u00e9t\u00e9 ZipWall exploite ces pages Internet pour renseigner en ce qui concerne l&rsquo;entreprise ZipWall, les produits distribu\u00e9s ainsi que la &hellip; <a href=\"https:\/\/www.zipwall.eu\/fr\/data-protection\/\" class=\"more-link\">Continuer la lecture de <span class=\"screen-reader-text\">Protection des donn\u00e9es syst\u00e8me de barri\u00e8re anti-poussi\u00e8re ZipWall\u00ae<\/span> <span class=\"meta-nav\">&rarr;<\/span><\/a><\/p>\n","protected":false},"author":1,"featured_media":0,"parent":0,"menu_order":0,"comment_status":"closed","ping_status":"closed","template":"","meta":{"footnotes":""},"class_list":["post-2886","page","type-page","status-publish","hentry"],"yoast_head":"<!-- This site is optimized with the Yoast SEO plugin v27.4 - https:\/\/yoast.com\/product\/yoast-seo-wordpress\/ -->\n<title>Protection des donn\u00e9es syst\u00e8me de barri\u00e8re anti-poussi\u00e8re ZipWall\u00ae - ZipWall<\/title>\n<meta name=\"robots\" content=\"index, follow, max-snippet:-1, max-image-preview:large, max-video-preview:-1\" \/>\n<link rel=\"canonical\" href=\"https:\/\/www.zipwall.eu\/fr\/data-protection\/\" \/>\n<meta property=\"og:locale\" content=\"fr_FR\" \/>\n<meta property=\"og:type\" content=\"article\" \/>\n<meta property=\"og:title\" content=\"Protection des donn\u00e9es syst\u00e8me de barri\u00e8re anti-poussi\u00e8re ZipWall\u00ae - ZipWall\" \/>\n<meta property=\"og:description\" content=\"Protection de la vie priv\u00e9e Utilisation des donn\u00e9es nominatives La page Internet www.zipwall.eu ainsi que tous les domaines subordonn\u00e9s \u00e0 ce domaine font partie de l\u2019offre de la soci\u00e9t\u00e9 ZipWall GmbH, D\u00dcSSELDORF, Allemagne (\u00ab\u00a0Zipwall\u00a0\u00bb). La soci\u00e9t\u00e9 ZipWall exploite ces pages Internet pour renseigner en ce qui concerne l&rsquo;entreprise ZipWall, les produits distribu\u00e9s ainsi que la &hellip; Continuer la lecture de Protection des donn\u00e9es syst\u00e8me de barri\u00e8re anti-poussi\u00e8re ZipWall\u00ae &rarr;\" \/>\n<meta property=\"og:url\" content=\"https:\/\/www.zipwall.eu\/fr\/data-protection\/\" \/>\n<meta property=\"og:site_name\" content=\"ZipWall\" \/>\n<meta property=\"article:publisher\" content=\"https:\/\/www.facebook.com\/ZipWall-121135931283666\/\" \/>\n<meta property=\"article:modified_time\" content=\"2016-06-24T15:04:45+00:00\" \/>\n<meta name=\"twitter:card\" content=\"summary_large_image\" \/>\n<meta name=\"twitter:site\" content=\"@ZipWall\" \/>\n<meta name=\"twitter:label1\" content=\"Dur\u00e9e de lecture estim\u00e9e\" \/>\n\t<meta name=\"twitter:data1\" content=\"9 minutes\" \/>\n<script type=\"application\/ld+json\" class=\"yoast-schema-graph\">{\"@context\":\"https:\\\/\\\/schema.org\",\"@graph\":[{\"@type\":\"WebPage\",\"@id\":\"https:\\\/\\\/www.zipwall.eu\\\/fr\\\/data-protection\\\/\",\"url\":\"https:\\\/\\\/www.zipwall.eu\\\/fr\\\/data-protection\\\/\",\"name\":\"Protection des donn\u00e9es syst\u00e8me de barri\u00e8re anti-poussi\u00e8re ZipWall\u00ae - ZipWall\",\"isPartOf\":{\"@id\":\"https:\\\/\\\/www.zipwall.eu\\\/#website\"},\"datePublished\":\"2016-05-04T14:47:34+00:00\",\"dateModified\":\"2016-06-24T15:04:45+00:00\",\"breadcrumb\":{\"@id\":\"https:\\\/\\\/www.zipwall.eu\\\/fr\\\/data-protection\\\/#breadcrumb\"},\"inLanguage\":\"fr-FR\",\"potentialAction\":[{\"@type\":\"ReadAction\",\"target\":[\"https:\\\/\\\/www.zipwall.eu\\\/fr\\\/data-protection\\\/\"]}]},{\"@type\":\"BreadcrumbList\",\"@id\":\"https:\\\/\\\/www.zipwall.eu\\\/fr\\\/data-protection\\\/#breadcrumb\",\"itemListElement\":[{\"@type\":\"ListItem\",\"position\":1,\"name\":\"Home\",\"item\":\"https:\\\/\\\/www.zipwall.eu\\\/fr\\\/\"},{\"@type\":\"ListItem\",\"position\":2,\"name\":\"Protection des donn\u00e9es syst\u00e8me de barri\u00e8re anti-poussi\u00e8re ZipWall\u00ae\"}]},{\"@type\":\"WebSite\",\"@id\":\"https:\\\/\\\/www.zipwall.eu\\\/#website\",\"url\":\"https:\\\/\\\/www.zipwall.eu\\\/\",\"name\":\"ZipWall\",\"description\":\"Dust Barrier System\",\"potentialAction\":[{\"@type\":\"SearchAction\",\"target\":{\"@type\":\"EntryPoint\",\"urlTemplate\":\"https:\\\/\\\/www.zipwall.eu\\\/?s={search_term_string}\"},\"query-input\":{\"@type\":\"PropertyValueSpecification\",\"valueRequired\":true,\"valueName\":\"search_term_string\"}}],\"inLanguage\":\"fr-FR\"}]}<\/script>\n<!-- \/ Yoast SEO plugin. -->","yoast_head_json":{"title":"Protection des donn\u00e9es syst\u00e8me de barri\u00e8re anti-poussi\u00e8re ZipWall\u00ae - ZipWall","robots":{"index":"index","follow":"follow","max-snippet":"max-snippet:-1","max-image-preview":"max-image-preview:large","max-video-preview":"max-video-preview:-1"},"canonical":"https:\/\/www.zipwall.eu\/fr\/data-protection\/","og_locale":"fr_FR","og_type":"article","og_title":"Protection des donn\u00e9es syst\u00e8me de barri\u00e8re anti-poussi\u00e8re ZipWall\u00ae - ZipWall","og_description":"Protection de la vie priv\u00e9e Utilisation des donn\u00e9es nominatives La page Internet www.zipwall.eu ainsi que tous les domaines subordonn\u00e9s \u00e0 ce domaine font partie de l\u2019offre de la soci\u00e9t\u00e9 ZipWall GmbH, D\u00dcSSELDORF, Allemagne (\u00ab\u00a0Zipwall\u00a0\u00bb). La soci\u00e9t\u00e9 ZipWall exploite ces pages Internet pour renseigner en ce qui concerne l&rsquo;entreprise ZipWall, les produits distribu\u00e9s ainsi que la &hellip; Continuer la lecture de Protection des donn\u00e9es syst\u00e8me de barri\u00e8re anti-poussi\u00e8re ZipWall\u00ae &rarr;","og_url":"https:\/\/www.zipwall.eu\/fr\/data-protection\/","og_site_name":"ZipWall","article_publisher":"https:\/\/www.facebook.com\/ZipWall-121135931283666\/","article_modified_time":"2016-06-24T15:04:45+00:00","twitter_card":"summary_large_image","twitter_site":"@ZipWall","twitter_misc":{"Dur\u00e9e de lecture estim\u00e9e":"9 minutes"},"schema":{"@context":"https:\/\/schema.org","@graph":[{"@type":"WebPage","@id":"https:\/\/www.zipwall.eu\/fr\/data-protection\/","url":"https:\/\/www.zipwall.eu\/fr\/data-protection\/","name":"Protection des donn\u00e9es syst\u00e8me de barri\u00e8re anti-poussi\u00e8re ZipWall\u00ae - ZipWall","isPartOf":{"@id":"https:\/\/www.zipwall.eu\/#website"},"datePublished":"2016-05-04T14:47:34+00:00","dateModified":"2016-06-24T15:04:45+00:00","breadcrumb":{"@id":"https:\/\/www.zipwall.eu\/fr\/data-protection\/#breadcrumb"},"inLanguage":"fr-FR","potentialAction":[{"@type":"ReadAction","target":["https:\/\/www.zipwall.eu\/fr\/data-protection\/"]}]},{"@type":"BreadcrumbList","@id":"https:\/\/www.zipwall.eu\/fr\/data-protection\/#breadcrumb","itemListElement":[{"@type":"ListItem","position":1,"name":"Home","item":"https:\/\/www.zipwall.eu\/fr\/"},{"@type":"ListItem","position":2,"name":"Protection des donn\u00e9es syst\u00e8me de barri\u00e8re anti-poussi\u00e8re ZipWall\u00ae"}]},{"@type":"WebSite","@id":"https:\/\/www.zipwall.eu\/#website","url":"https:\/\/www.zipwall.eu\/","name":"ZipWall","description":"Dust Barrier System","potentialAction":[{"@type":"SearchAction","target":{"@type":"EntryPoint","urlTemplate":"https:\/\/www.zipwall.eu\/?s={search_term_string}"},"query-input":{"@type":"PropertyValueSpecification","valueRequired":true,"valueName":"search_term_string"}}],"inLanguage":"fr-FR"}]}},"_links":{"self":[{"href":"https:\/\/www.zipwall.eu\/fr\/wp-json\/wp\/v2\/pages\/2886","targetHints":{"allow":["GET"]}}],"collection":[{"href":"https:\/\/www.zipwall.eu\/fr\/wp-json\/wp\/v2\/pages"}],"about":[{"href":"https:\/\/www.zipwall.eu\/fr\/wp-json\/wp\/v2\/types\/page"}],"author":[{"embeddable":true,"href":"https:\/\/www.zipwall.eu\/fr\/wp-json\/wp\/v2\/users\/1"}],"replies":[{"embeddable":true,"href":"https:\/\/www.zipwall.eu\/fr\/wp-json\/wp\/v2\/comments?post=2886"}],"version-history":[{"count":0,"href":"https:\/\/www.zipwall.eu\/fr\/wp-json\/wp\/v2\/pages\/2886\/revisions"}],"wp:attachment":[{"href":"https:\/\/www.zipwall.eu\/fr\/wp-json\/wp\/v2\/media?parent=2886"}],"curies":[{"name":"wp","href":"https:\/\/api.w.org\/{rel}","templated":true}]}}