{"id":2958,"date":"2016-05-17T09:17:44","date_gmt":"2016-05-17T13:17:44","guid":{"rendered":"http:\/\/www.zipwall.eu\/fr\/recession-information\/"},"modified":"2016-07-21T10:42:38","modified_gmt":"2016-07-21T14:42:38","slug":"rescission-information","status":"publish","type":"page","link":"https:\/\/www.zipwall.eu\/fr\/rescission-information\/","title":{"rendered":"Informations de la recession syst\u00e8me de barri\u00e8re anti-poussi\u00e8re ZipWall\u00ae"},"content":{"rendered":"<p><strong>Droit de r\u00e9tractation<\/strong><\/p>\n<p><strong>Vous avez le droit de r\u00e9voquer ce contrat dans le d\u00e9lai de quinze jours sans donner de raisons.<\/strong><\/p>\n<p><strong>Le d\u00e9lai de r\u00e9vocation est de quinze jours \u00e0 partir du jour duquel vous ou un tiers que vous avez nomm\u00e9, et qui n\u2019est pas le transporteur, a\/ont pris en charge les marchandises.<\/strong><\/p>\n<p><strong>Afin de faire valoir votre droit de r\u00e9tractation, vous devez nous informer, c\u2019est-\u00e0-dire la soci\u00e9t\u00e9 ZipWall GmbH <\/strong><em>(soci\u00e9t\u00e9 \u00e0 responsabilit\u00e9 limit\u00e9e de droit allemand)<\/em><strong>, Gr\u00fcnstrasse 5, 40212 D\u00dcSSELDORF en Allemagne, t\u00e9l. +49 (0)(0) 211 737 14699, <a href=\"http:\/\/export@zipwall.com\">export@zipwall.com<\/a><\/strong><strong>, par une d\u00e9claration explicite (par exemple par courrier postal ou par messagerie \u00e9lectronique) de votre d\u00e9cision de vous r\u00e9tracter du contrat.<\/strong> <strong>\u00c0 cet effet, vous pouvez utiliser le formulaire de r\u00e9tractation type ci-joint qui n\u2019est cependant pas obligatoire.<\/strong> <strong>Vous pouvez ou utiliser le formulaire de r\u00e9tractation type ou une autre d\u00e9claration explicite que vous pouvez \u00e9galement remplir sur notre site Internet www.zipwall.eu et transmettre par voie \u00e9lectronique.<\/strong> <strong>Si vous utilisez cette opportunit\u00e9, nous vous transmettrons sans d\u00e9lai (par exemple par messagerie \u00e9lectronique) une confirmation concernant la r\u00e9ception d\u2019une telle r\u00e9vocation.<\/strong><\/p>\n<p><strong>Afin de respecter le d\u00e9lai de r\u00e9tractation, il suffit que vous envoyiez la communication relative \u00e0 la mise \u00e0 ex\u00e9cution du droit de r\u00e9vocation avant l\u2019\u00e9coulement du d\u00e9lai de r\u00e9tractation.<\/strong><\/p>\n<p><strong>Cons\u00e9quences de la r\u00e9tractation<\/strong><\/p>\n<p><strong>Si vous r\u00e9voquez ce contrat, nous sommes tenus de vous rembourser tous les paiements que nous avons r\u00e9ceptionn\u00e9s de votre part ainsi que les frais de livraison (\u00e0 l\u2019exception des frais suppl\u00e9mentaires qui r\u00e9sulteraient d\u2019un autre mode de livraison que celui que nous vous avons propos\u00e9 &#8211; une livraison standard avantageuse), ce sans d\u00e9lai et au plus tard dans les quinze jours \u00e0 partir du jour de la r\u00e9ception par nos soins de la communication de votre r\u00e9vocation de contrat.<\/strong> <strong>Afin de r\u00e9aliser ce remboursement, nous utilisons le m\u00eame moyen de paiement que vous aviez utilis\u00e9 pour la transaction d\u2019origine, \u00e0 moins qu\u2019un autre moyen de paiement ait \u00e9t\u00e9 convenu explicitement avec vous\u00a0; des frais relatifs \u00e0 ce remboursement ne vous seront en aucun cas factur\u00e9s.<\/strong> <strong>Nous pouvons refuser le remboursement jusqu\u2019\u00e0 ce que nous ayons de nouveau r\u00e9ceptionn\u00e9 la marchandise ou jusqu\u2019\u00e0 ce que vous ayez apport\u00e9 la preuve que vous avez renvoy\u00e9 la marchandise, selon le moment le plus pr\u00e9coce en r\u00e9sultant.<\/strong><\/p>\n<p><strong>Vous \u00eates tenu de renvoyer ou de remettre les marchandises sans d\u00e9lai et en tous les cas au plus tard dans le d\u00e9lai de quinze jours \u00e0 partir du jour duquel vous nous avez inform\u00e9s de la r\u00e9vocation de ce contrat, \u00e0<\/strong><\/p>\n<p><strong>Misi Fulfilment<br \/>\nObjet\u00a0:<\/strong> <strong>\u00ab\u00a0ZipWall GmbH Returns\u00a0\u00bb<br \/>\nHeliumstraat 230<br \/>\n2718 RS Zoetermeer<br \/>\nPays-Bas<br \/>\nT\u00e9l\u00e9phone\u00a0:<\/strong> <strong>+31 79 343 16 24<br \/>\nAdresse de messagerie\u00a0:<\/strong> <a href=\"mailto:zipwall@webshopfulfilment.nl\"><strong>zipwall@webshopfulfilment.nl<\/strong><\/a><\/p>\n<p><strong>.<\/strong> <strong>Le d\u00e9lai est respect\u00e9 si vous renvoyez la marchandise avant l\u2019\u00e9coulement du d\u00e9lai de quinze jours.<\/strong><\/p>\n<p><strong>Vous supportez les frais directs du retour des marchandises.<\/strong><\/p>\n<p><strong>Vous ne devrez supporter une \u00e9ventuelle perte de valeur des marchandises que si la perte de valeur de la marchandise est due \u00e0 un examen de la texture, de la qualit\u00e9 et de la fonctionnalit\u00e9 des marchandises r\u00e9sultant d\u2019une manipulation qui n\u2019est pas n\u00e9cessaire.<\/strong><\/p>\n<p><strong>&#8211; <\/strong><strong>Fin des informations relatives \u00e0 la r\u00e9vocation &#8211;<\/strong><\/p>\n<p>&nbsp;<\/p>\n<p style=\"text-align: left;\"><strong>Formulaire de r\u00e9tractation type<\/strong><\/p>\n<p style=\"text-align: left;\">(Si vous d\u00e9sirez r\u00e9voquer le contrat, veuillez remplir ce formulaire et le renvoyer.) \u2013<\/p>\n<p style=\"text-align: left;\">ZipWall GmbH <em>(soci\u00e9t\u00e9 \u00e0 responsabilit\u00e9 limit\u00e9e de droit allemand)<\/em>, Gr\u00fcnstrasse 5, 40212 D\u00dcSSELDORF, Allemagne, adresse de messagerie\u00a0: export@zipwall.com<br \/>\n&#8211; Nous ANNULE le contrat conclu concernant l&rsquo;achat des produits suivants:<\/p>\n<p style=\"text-align: left;\">&#8211; Command\u00e9 sur\u00a0:<br \/>\n&#8211; Nom<br \/>\n&#8211; Adresse<br \/>\n&#8211; Signature<br \/>\n&#8211; Date<\/p>\n<p style=\"text-align: left;\">_________________<\/p>\n<p>&nbsp;<\/p>\n","protected":false},"excerpt":{"rendered":"<p>Droit de r\u00e9tractation Vous avez le droit de r\u00e9voquer ce contrat dans le d\u00e9lai de quinze jours sans donner de raisons. Le d\u00e9lai de r\u00e9vocation est de quinze jours \u00e0 partir du jour duquel vous ou un tiers que vous avez nomm\u00e9, et qui n\u2019est pas le transporteur, a\/ont pris en charge les marchandises. Afin &hellip; <a href=\"https:\/\/www.zipwall.eu\/fr\/rescission-information\/\" class=\"more-link\">Continuer la lecture de <span class=\"screen-reader-text\">Informations de la recession syst\u00e8me de barri\u00e8re anti-poussi\u00e8re ZipWall\u00ae<\/span> <span class=\"meta-nav\">&rarr;<\/span><\/a><\/p>\n","protected":false},"author":1,"featured_media":0,"parent":0,"menu_order":0,"comment_status":"closed","ping_status":"closed","template":"","meta":{"footnotes":""},"class_list":["post-2958","page","type-page","status-publish","hentry"],"yoast_head":"<!-- This site is optimized with the Yoast SEO plugin v27.4 - https:\/\/yoast.com\/product\/yoast-seo-wordpress\/ -->\n<title>Informations de la recession syst\u00e8me de barri\u00e8re anti-poussi\u00e8re ZipWall\u00ae - ZipWall<\/title>\n<meta name=\"robots\" content=\"index, follow, max-snippet:-1, max-image-preview:large, max-video-preview:-1\" \/>\n<link rel=\"canonical\" href=\"https:\/\/www.zipwall.eu\/fr\/rescission-information\/\" \/>\n<meta property=\"og:locale\" content=\"fr_FR\" \/>\n<meta property=\"og:type\" content=\"article\" \/>\n<meta property=\"og:title\" content=\"Informations de la recession syst\u00e8me de barri\u00e8re anti-poussi\u00e8re ZipWall\u00ae - ZipWall\" \/>\n<meta property=\"og:description\" content=\"Droit de r\u00e9tractation Vous avez le droit de r\u00e9voquer ce contrat dans le d\u00e9lai de quinze jours sans donner de raisons. Le d\u00e9lai de r\u00e9vocation est de quinze jours \u00e0 partir du jour duquel vous ou un tiers que vous avez nomm\u00e9, et qui n\u2019est pas le transporteur, a\/ont pris en charge les marchandises. Afin &hellip; Continuer la lecture de Informations de la recession syst\u00e8me de barri\u00e8re anti-poussi\u00e8re ZipWall\u00ae &rarr;\" \/>\n<meta property=\"og:url\" content=\"https:\/\/www.zipwall.eu\/fr\/rescission-information\/\" \/>\n<meta property=\"og:site_name\" content=\"ZipWall\" \/>\n<meta property=\"article:publisher\" content=\"https:\/\/www.facebook.com\/ZipWall-121135931283666\/\" \/>\n<meta property=\"article:modified_time\" content=\"2016-07-21T14:42:38+00:00\" \/>\n<meta name=\"twitter:card\" content=\"summary_large_image\" \/>\n<meta name=\"twitter:site\" content=\"@ZipWall\" \/>\n<meta name=\"twitter:label1\" content=\"Dur\u00e9e de lecture estim\u00e9e\" \/>\n\t<meta name=\"twitter:data1\" content=\"3 minutes\" \/>\n<script type=\"application\/ld+json\" class=\"yoast-schema-graph\">{\"@context\":\"https:\\\/\\\/schema.org\",\"@graph\":[{\"@type\":\"WebPage\",\"@id\":\"https:\\\/\\\/www.zipwall.eu\\\/fr\\\/rescission-information\\\/\",\"url\":\"https:\\\/\\\/www.zipwall.eu\\\/fr\\\/rescission-information\\\/\",\"name\":\"Informations de la recession syst\u00e8me de barri\u00e8re anti-poussi\u00e8re ZipWall\u00ae - ZipWall\",\"isPartOf\":{\"@id\":\"https:\\\/\\\/www.zipwall.eu\\\/#website\"},\"datePublished\":\"2016-05-17T13:17:44+00:00\",\"dateModified\":\"2016-07-21T14:42:38+00:00\",\"breadcrumb\":{\"@id\":\"https:\\\/\\\/www.zipwall.eu\\\/fr\\\/rescission-information\\\/#breadcrumb\"},\"inLanguage\":\"fr-FR\",\"potentialAction\":[{\"@type\":\"ReadAction\",\"target\":[\"https:\\\/\\\/www.zipwall.eu\\\/fr\\\/rescission-information\\\/\"]}]},{\"@type\":\"BreadcrumbList\",\"@id\":\"https:\\\/\\\/www.zipwall.eu\\\/fr\\\/rescission-information\\\/#breadcrumb\",\"itemListElement\":[{\"@type\":\"ListItem\",\"position\":1,\"name\":\"Home\",\"item\":\"https:\\\/\\\/www.zipwall.eu\\\/fr\\\/\"},{\"@type\":\"ListItem\",\"position\":2,\"name\":\"Informations de la recession syst\u00e8me de barri\u00e8re anti-poussi\u00e8re ZipWall\u00ae\"}]},{\"@type\":\"WebSite\",\"@id\":\"https:\\\/\\\/www.zipwall.eu\\\/#website\",\"url\":\"https:\\\/\\\/www.zipwall.eu\\\/\",\"name\":\"ZipWall\",\"description\":\"Dust Barrier System\",\"potentialAction\":[{\"@type\":\"SearchAction\",\"target\":{\"@type\":\"EntryPoint\",\"urlTemplate\":\"https:\\\/\\\/www.zipwall.eu\\\/?s={search_term_string}\"},\"query-input\":{\"@type\":\"PropertyValueSpecification\",\"valueRequired\":true,\"valueName\":\"search_term_string\"}}],\"inLanguage\":\"fr-FR\"}]}<\/script>\n<!-- \/ Yoast SEO plugin. -->","yoast_head_json":{"title":"Informations de la recession syst\u00e8me de barri\u00e8re anti-poussi\u00e8re ZipWall\u00ae - ZipWall","robots":{"index":"index","follow":"follow","max-snippet":"max-snippet:-1","max-image-preview":"max-image-preview:large","max-video-preview":"max-video-preview:-1"},"canonical":"https:\/\/www.zipwall.eu\/fr\/rescission-information\/","og_locale":"fr_FR","og_type":"article","og_title":"Informations de la recession syst\u00e8me de barri\u00e8re anti-poussi\u00e8re ZipWall\u00ae - ZipWall","og_description":"Droit de r\u00e9tractation Vous avez le droit de r\u00e9voquer ce contrat dans le d\u00e9lai de quinze jours sans donner de raisons. Le d\u00e9lai de r\u00e9vocation est de quinze jours \u00e0 partir du jour duquel vous ou un tiers que vous avez nomm\u00e9, et qui n\u2019est pas le transporteur, a\/ont pris en charge les marchandises. Afin &hellip; Continuer la lecture de Informations de la recession syst\u00e8me de barri\u00e8re anti-poussi\u00e8re ZipWall\u00ae &rarr;","og_url":"https:\/\/www.zipwall.eu\/fr\/rescission-information\/","og_site_name":"ZipWall","article_publisher":"https:\/\/www.facebook.com\/ZipWall-121135931283666\/","article_modified_time":"2016-07-21T14:42:38+00:00","twitter_card":"summary_large_image","twitter_site":"@ZipWall","twitter_misc":{"Dur\u00e9e de lecture estim\u00e9e":"3 minutes"},"schema":{"@context":"https:\/\/schema.org","@graph":[{"@type":"WebPage","@id":"https:\/\/www.zipwall.eu\/fr\/rescission-information\/","url":"https:\/\/www.zipwall.eu\/fr\/rescission-information\/","name":"Informations de la recession syst\u00e8me de barri\u00e8re anti-poussi\u00e8re ZipWall\u00ae - ZipWall","isPartOf":{"@id":"https:\/\/www.zipwall.eu\/#website"},"datePublished":"2016-05-17T13:17:44+00:00","dateModified":"2016-07-21T14:42:38+00:00","breadcrumb":{"@id":"https:\/\/www.zipwall.eu\/fr\/rescission-information\/#breadcrumb"},"inLanguage":"fr-FR","potentialAction":[{"@type":"ReadAction","target":["https:\/\/www.zipwall.eu\/fr\/rescission-information\/"]}]},{"@type":"BreadcrumbList","@id":"https:\/\/www.zipwall.eu\/fr\/rescission-information\/#breadcrumb","itemListElement":[{"@type":"ListItem","position":1,"name":"Home","item":"https:\/\/www.zipwall.eu\/fr\/"},{"@type":"ListItem","position":2,"name":"Informations de la recession syst\u00e8me de barri\u00e8re anti-poussi\u00e8re ZipWall\u00ae"}]},{"@type":"WebSite","@id":"https:\/\/www.zipwall.eu\/#website","url":"https:\/\/www.zipwall.eu\/","name":"ZipWall","description":"Dust Barrier System","potentialAction":[{"@type":"SearchAction","target":{"@type":"EntryPoint","urlTemplate":"https:\/\/www.zipwall.eu\/?s={search_term_string}"},"query-input":{"@type":"PropertyValueSpecification","valueRequired":true,"valueName":"search_term_string"}}],"inLanguage":"fr-FR"}]}},"_links":{"self":[{"href":"https:\/\/www.zipwall.eu\/fr\/wp-json\/wp\/v2\/pages\/2958","targetHints":{"allow":["GET"]}}],"collection":[{"href":"https:\/\/www.zipwall.eu\/fr\/wp-json\/wp\/v2\/pages"}],"about":[{"href":"https:\/\/www.zipwall.eu\/fr\/wp-json\/wp\/v2\/types\/page"}],"author":[{"embeddable":true,"href":"https:\/\/www.zipwall.eu\/fr\/wp-json\/wp\/v2\/users\/1"}],"replies":[{"embeddable":true,"href":"https:\/\/www.zipwall.eu\/fr\/wp-json\/wp\/v2\/comments?post=2958"}],"version-history":[{"count":0,"href":"https:\/\/www.zipwall.eu\/fr\/wp-json\/wp\/v2\/pages\/2958\/revisions"}],"wp:attachment":[{"href":"https:\/\/www.zipwall.eu\/fr\/wp-json\/wp\/v2\/media?parent=2958"}],"curies":[{"name":"wp","href":"https:\/\/api.w.org\/{rel}","templated":true}]}}