{"id":328,"date":"2015-11-25T10:06:21","date_gmt":"2015-11-25T15:06:21","guid":{"rendered":"http:\/\/www.zipwall.eu\/kits-zipdoor\/?lang=fr"},"modified":"2018-07-30T14:38:32","modified_gmt":"2018-07-30T18:38:32","slug":"zipdoor","status":"publish","type":"page","link":"https:\/\/www.zipwall.eu\/fr\/zipdoor\/","title":{"rendered":"Kits ZipDoor\u00ae"},"content":{"rendered":"<table class=\"prod\">\n<tbody>\n<tr>\n<td>\n<figure id=\"attachment_2732\" aria-describedby=\"caption-attachment-2732\" style=\"width: 119px\" class=\"wp-caption alignnone\"><a href=\"https:\/\/www.zipwall.eu\/fr\/product\/commercial-zipdoor-kit\/\"><img loading=\"lazy\" decoding=\"async\" class=\"wp-image-2732 size-thumbnail\" src=\"http:\/\/www.zipwall.eu\/wp-content\/uploads\/ZDC_CMYK_Product_NOreuse-119x150.jpg\" alt=\"Kit port commerciale ZipDoor\" width=\"119\" height=\"150\" \/><\/a><figcaption id=\"caption-attachment-2732\" class=\"wp-caption-text\">ZDC<br \/> <a href=\"https:\/\/www.zipwall.eu\/fr\/product\/commercial-zipdoor-kit\/\">Kit port commerciale ZipDoor\u00ae<\/a><\/figcaption><\/figure>\n<p><p class=\"product woocommerce add_to_cart_inline \" style=\"border:4px solid #ccc; padding: 12px;\">\t<span id=\"woocommerce_loop_add_to_cart_link_describedby_66\" class=\"screen-reader-text\">\n\t\t\t<\/span>\n<\/p><\/td>\n<td>\n<figure id=\"attachment_2735\" aria-describedby=\"caption-attachment-2735\" style=\"width: 103px\" class=\"wp-caption alignnone\"><a href=\"https:\/\/www.zipwall.eu\/fr\/product\/zipdoor-kit\/\"><img loading=\"lazy\" decoding=\"async\" class=\"wp-image-2735 size-thumbnail\" src=\"http:\/\/www.zipwall.eu\/wp-content\/uploads\/ZDS_RGB_Product_NOreuse-103x150.jpg\" alt=\"Kit porte standard ZipDoor\" width=\"103\" height=\"150\" \/><\/a><figcaption id=\"caption-attachment-2735\" class=\"wp-caption-text\">ZDS<br \/> <a href=\"https:\/\/www.zipwall.eu\/fr\/product\/zipdoor-kit\/\">Kit porte standard ZipDoor\u00ae<\/a><\/figcaption><\/figure>\n<p><p class=\"product woocommerce add_to_cart_inline \" style=\"border:4px solid #ccc; padding: 12px;\">\t<span id=\"woocommerce_loop_add_to_cart_link_describedby_65\" class=\"screen-reader-text\">\n\t\t\t<\/span>\n<\/p><\/td>\n<\/tr>\n<\/tbody>\n<\/table>\n<a href=\"https:\/\/www.youtube.com\/embed\/eIGGI2ssMrY?rel=0\" class=\"popup\" data-width=\"600\" data-height=\"400\" data-scrollbars=\"1\" alt=\"popup\"><img decoding=\"async\" src=\"\/wp-content\/uploads\/howdiw-fr-video.png\" alt=\"\" \/><\/a>\n<div class=\"term-description\">\n<p>Couvrez en toute s\u00e9curit\u00e9 un passage de porte avec des fermetures \u00e0 glissi\u00e8re d\u00e9j\u00e0 install\u00e9es en moins d\u2019une minute. Plusieurs portes peuvent vous faire gagner des heures. Se fixent sur les encadrements de porte avec du ruban adh\u00e9sif double face ZipWall\u00ae \u2013 maintient fermement le plastique d\u2019un c\u00f4t\u00e9, sans agressivit\u00e9 sur les surfaces de l\u2019autre. Repositionnement possible jusqu\u2019\u00e0 une heure.<\/p>\n<p>Le kit porte standard ZipDoor\u00ae assure l\u2019\u00e9tanch\u00e9it\u00e9 des passages de porte jusqu\u2019\u00e0 0,9 m x 2,1 m. Le kit port commerciale ZipDoor\u00ae assure l\u2019\u00e9tanch\u00e9it\u00e9 des passages de porte jusqu\u2019\u00e0 1,2 m x 2,4 m, il est fabriqu\u00e9 en <span style=\"color: #ff0000;\"><span style=\"color: #000000;\">plastique<\/span>\u00a0i<\/span><span style=\"color: #ff6600;\">gnifug\u00e9<span style=\"color: #000000;\">.<\/span><\/span><\/p>\n<p><strong>Le kit porte standard ZipDoor\u00ae<\/strong> contient un ZipDoor\u00ae r\u00e9utilisable, deux crochets pour rabat et un rouleau de ruban adh\u00e9sif ZipWall\u00ae de 24m x 7,3m.<\/p>\n<p><strong>Le kit porte commerciale ZipDoor\u00ae<\/strong> contient un ZipDoor\u00ae r\u00e9utilisable, deux crochets pour rabat et un rouleau de ruban adh\u00e9sif ZipWall\u00ae de 24m x 7,3m.<span style=\"color: #ff0000;\"><span style=\"color: #000000;\"> Plastique <span style=\"color: #ff6600;\">i<\/span><\/span><\/span><span style=\"color: #ff6600;\">gnifug\u00e9<\/span>.<\/p>\n<p><span style=\"color: #ff0000;\"><span style=\"color: #ff6600;\">.<\/span><\/span><\/p>\n<ul class=\"specs\">\n<li>Inclut deux fermetures \u00e0 glissi\u00e8re pr\u00e9install\u00e9es<\/li>\n<li>Fabriqu\u00e9 en plastique de haute qualit\u00e9 de 4 mil (0,10 mm)<\/li>\n<li>Les crochets pour rabat maintiennent la porte pour faciliter l\u2019entr\u00e9e et la sortie avec les bras charg\u00e9s<\/li>\n<li>Les fermetures \u00e0 glissi\u00e8re sont coll\u00e9es plut\u00f4t que cousues pour une durabilit\u00e9 maximale<\/li>\n<\/ul>\n<\/div>\n","protected":false},"excerpt":{"rendered":"<p>Couvrez en toute s\u00e9curit\u00e9 un passage de porte avec des fermetures \u00e0 glissi\u00e8re d\u00e9j\u00e0 install\u00e9es en moins d\u2019une minute. Plusieurs portes peuvent vous faire gagner des heures. Se fixent sur les encadrements de porte avec du ruban adh\u00e9sif double face ZipWall\u00ae \u2013 maintient fermement le plastique d\u2019un c\u00f4t\u00e9, sans agressivit\u00e9 sur les surfaces de l\u2019autre. &hellip; <a href=\"https:\/\/www.zipwall.eu\/fr\/zipdoor\/\" class=\"more-link\">Continuer la lecture de <span class=\"screen-reader-text\">Kits ZipDoor\u00ae<\/span> <span class=\"meta-nav\">&rarr;<\/span><\/a><\/p>\n","protected":false},"author":1,"featured_media":0,"parent":0,"menu_order":0,"comment_status":"closed","ping_status":"closed","template":"","meta":{"footnotes":""},"class_list":["post-328","page","type-page","status-publish","hentry"],"yoast_head":"<!-- This site is optimized with the Yoast SEO plugin v27.3 - https:\/\/yoast.com\/product\/yoast-seo-wordpress\/ -->\n<title>Kits ZipDoor\u00ae - ZipWall<\/title>\n<meta name=\"robots\" content=\"index, follow, max-snippet:-1, max-image-preview:large, max-video-preview:-1\" \/>\n<link rel=\"canonical\" href=\"https:\/\/www.zipwall.eu\/fr\/zipdoor\/\" \/>\n<meta property=\"og:locale\" content=\"fr_FR\" \/>\n<meta property=\"og:type\" content=\"article\" \/>\n<meta property=\"og:title\" content=\"Kits ZipDoor\u00ae - ZipWall\" \/>\n<meta property=\"og:description\" content=\"Couvrez en toute s\u00e9curit\u00e9 un passage de porte avec des fermetures \u00e0 glissi\u00e8re d\u00e9j\u00e0 install\u00e9es en moins d\u2019une minute. Plusieurs portes peuvent vous faire gagner des heures. Se fixent sur les encadrements de porte avec du ruban adh\u00e9sif double face ZipWall\u00ae \u2013 maintient fermement le plastique d\u2019un c\u00f4t\u00e9, sans agressivit\u00e9 sur les surfaces de l\u2019autre. &hellip; Continuer la lecture de Kits ZipDoor\u00ae &rarr;\" \/>\n<meta property=\"og:url\" content=\"https:\/\/www.zipwall.eu\/fr\/zipdoor\/\" \/>\n<meta property=\"og:site_name\" content=\"ZipWall\" \/>\n<meta property=\"article:publisher\" content=\"https:\/\/www.facebook.com\/ZipWall-121135931283666\/\" \/>\n<meta property=\"article:modified_time\" content=\"2018-07-30T18:38:32+00:00\" \/>\n<meta property=\"og:image\" content=\"http:\/\/www.zipwall.eu\/wp-content\/uploads\/ZDC_CMYK_Product_NOreuse-119x150.jpg\" \/>\n<meta name=\"twitter:card\" content=\"summary_large_image\" \/>\n<meta name=\"twitter:site\" content=\"@ZipWall\" \/>\n<meta name=\"twitter:label1\" content=\"Dur\u00e9e de lecture estim\u00e9e\" \/>\n\t<meta name=\"twitter:data1\" content=\"1 minute\" \/>\n<script type=\"application\/ld+json\" class=\"yoast-schema-graph\">{\"@context\":\"https:\\\/\\\/schema.org\",\"@graph\":[{\"@type\":\"WebPage\",\"@id\":\"https:\\\/\\\/www.zipwall.eu\\\/fr\\\/zipdoor\\\/\",\"url\":\"https:\\\/\\\/www.zipwall.eu\\\/fr\\\/zipdoor\\\/\",\"name\":\"Kits ZipDoor\u00ae - ZipWall\",\"isPartOf\":{\"@id\":\"https:\\\/\\\/www.zipwall.eu\\\/#website\"},\"primaryImageOfPage\":{\"@id\":\"https:\\\/\\\/www.zipwall.eu\\\/fr\\\/zipdoor\\\/#primaryimage\"},\"image\":{\"@id\":\"https:\\\/\\\/www.zipwall.eu\\\/fr\\\/zipdoor\\\/#primaryimage\"},\"thumbnailUrl\":\"http:\\\/\\\/www.zipwall.eu\\\/wp-content\\\/uploads\\\/ZDC_CMYK_Product_NOreuse-119x150.jpg\",\"datePublished\":\"2015-11-25T15:06:21+00:00\",\"dateModified\":\"2018-07-30T18:38:32+00:00\",\"breadcrumb\":{\"@id\":\"https:\\\/\\\/www.zipwall.eu\\\/fr\\\/zipdoor\\\/#breadcrumb\"},\"inLanguage\":\"fr-FR\",\"potentialAction\":[{\"@type\":\"ReadAction\",\"target\":[\"https:\\\/\\\/www.zipwall.eu\\\/fr\\\/zipdoor\\\/\"]}]},{\"@type\":\"ImageObject\",\"inLanguage\":\"fr-FR\",\"@id\":\"https:\\\/\\\/www.zipwall.eu\\\/fr\\\/zipdoor\\\/#primaryimage\",\"url\":\"http:\\\/\\\/www.zipwall.eu\\\/wp-content\\\/uploads\\\/ZDC_CMYK_Product_NOreuse-119x150.jpg\",\"contentUrl\":\"http:\\\/\\\/www.zipwall.eu\\\/wp-content\\\/uploads\\\/ZDC_CMYK_Product_NOreuse-119x150.jpg\"},{\"@type\":\"BreadcrumbList\",\"@id\":\"https:\\\/\\\/www.zipwall.eu\\\/fr\\\/zipdoor\\\/#breadcrumb\",\"itemListElement\":[{\"@type\":\"ListItem\",\"position\":1,\"name\":\"Home\",\"item\":\"https:\\\/\\\/www.zipwall.eu\\\/fr\\\/\"},{\"@type\":\"ListItem\",\"position\":2,\"name\":\"Kits ZipDoor\u00ae\"}]},{\"@type\":\"WebSite\",\"@id\":\"https:\\\/\\\/www.zipwall.eu\\\/#website\",\"url\":\"https:\\\/\\\/www.zipwall.eu\\\/\",\"name\":\"ZipWall\",\"description\":\"Dust Barrier System\",\"potentialAction\":[{\"@type\":\"SearchAction\",\"target\":{\"@type\":\"EntryPoint\",\"urlTemplate\":\"https:\\\/\\\/www.zipwall.eu\\\/?s={search_term_string}\"},\"query-input\":{\"@type\":\"PropertyValueSpecification\",\"valueRequired\":true,\"valueName\":\"search_term_string\"}}],\"inLanguage\":\"fr-FR\"}]}<\/script>\n<!-- \/ Yoast SEO plugin. -->","yoast_head_json":{"title":"Kits ZipDoor\u00ae - ZipWall","robots":{"index":"index","follow":"follow","max-snippet":"max-snippet:-1","max-image-preview":"max-image-preview:large","max-video-preview":"max-video-preview:-1"},"canonical":"https:\/\/www.zipwall.eu\/fr\/zipdoor\/","og_locale":"fr_FR","og_type":"article","og_title":"Kits ZipDoor\u00ae - ZipWall","og_description":"Couvrez en toute s\u00e9curit\u00e9 un passage de porte avec des fermetures \u00e0 glissi\u00e8re d\u00e9j\u00e0 install\u00e9es en moins d\u2019une minute. Plusieurs portes peuvent vous faire gagner des heures. Se fixent sur les encadrements de porte avec du ruban adh\u00e9sif double face ZipWall\u00ae \u2013 maintient fermement le plastique d\u2019un c\u00f4t\u00e9, sans agressivit\u00e9 sur les surfaces de l\u2019autre. &hellip; Continuer la lecture de Kits ZipDoor\u00ae &rarr;","og_url":"https:\/\/www.zipwall.eu\/fr\/zipdoor\/","og_site_name":"ZipWall","article_publisher":"https:\/\/www.facebook.com\/ZipWall-121135931283666\/","article_modified_time":"2018-07-30T18:38:32+00:00","og_image":[{"url":"http:\/\/www.zipwall.eu\/wp-content\/uploads\/ZDC_CMYK_Product_NOreuse-119x150.jpg","type":"","width":"","height":""}],"twitter_card":"summary_large_image","twitter_site":"@ZipWall","twitter_misc":{"Dur\u00e9e de lecture estim\u00e9e":"1 minute"},"schema":{"@context":"https:\/\/schema.org","@graph":[{"@type":"WebPage","@id":"https:\/\/www.zipwall.eu\/fr\/zipdoor\/","url":"https:\/\/www.zipwall.eu\/fr\/zipdoor\/","name":"Kits ZipDoor\u00ae - ZipWall","isPartOf":{"@id":"https:\/\/www.zipwall.eu\/#website"},"primaryImageOfPage":{"@id":"https:\/\/www.zipwall.eu\/fr\/zipdoor\/#primaryimage"},"image":{"@id":"https:\/\/www.zipwall.eu\/fr\/zipdoor\/#primaryimage"},"thumbnailUrl":"http:\/\/www.zipwall.eu\/wp-content\/uploads\/ZDC_CMYK_Product_NOreuse-119x150.jpg","datePublished":"2015-11-25T15:06:21+00:00","dateModified":"2018-07-30T18:38:32+00:00","breadcrumb":{"@id":"https:\/\/www.zipwall.eu\/fr\/zipdoor\/#breadcrumb"},"inLanguage":"fr-FR","potentialAction":[{"@type":"ReadAction","target":["https:\/\/www.zipwall.eu\/fr\/zipdoor\/"]}]},{"@type":"ImageObject","inLanguage":"fr-FR","@id":"https:\/\/www.zipwall.eu\/fr\/zipdoor\/#primaryimage","url":"http:\/\/www.zipwall.eu\/wp-content\/uploads\/ZDC_CMYK_Product_NOreuse-119x150.jpg","contentUrl":"http:\/\/www.zipwall.eu\/wp-content\/uploads\/ZDC_CMYK_Product_NOreuse-119x150.jpg"},{"@type":"BreadcrumbList","@id":"https:\/\/www.zipwall.eu\/fr\/zipdoor\/#breadcrumb","itemListElement":[{"@type":"ListItem","position":1,"name":"Home","item":"https:\/\/www.zipwall.eu\/fr\/"},{"@type":"ListItem","position":2,"name":"Kits ZipDoor\u00ae"}]},{"@type":"WebSite","@id":"https:\/\/www.zipwall.eu\/#website","url":"https:\/\/www.zipwall.eu\/","name":"ZipWall","description":"Dust Barrier System","potentialAction":[{"@type":"SearchAction","target":{"@type":"EntryPoint","urlTemplate":"https:\/\/www.zipwall.eu\/?s={search_term_string}"},"query-input":{"@type":"PropertyValueSpecification","valueRequired":true,"valueName":"search_term_string"}}],"inLanguage":"fr-FR"}]}},"_links":{"self":[{"href":"https:\/\/www.zipwall.eu\/fr\/wp-json\/wp\/v2\/pages\/328","targetHints":{"allow":["GET"]}}],"collection":[{"href":"https:\/\/www.zipwall.eu\/fr\/wp-json\/wp\/v2\/pages"}],"about":[{"href":"https:\/\/www.zipwall.eu\/fr\/wp-json\/wp\/v2\/types\/page"}],"author":[{"embeddable":true,"href":"https:\/\/www.zipwall.eu\/fr\/wp-json\/wp\/v2\/users\/1"}],"replies":[{"embeddable":true,"href":"https:\/\/www.zipwall.eu\/fr\/wp-json\/wp\/v2\/comments?post=328"}],"version-history":[{"count":0,"href":"https:\/\/www.zipwall.eu\/fr\/wp-json\/wp\/v2\/pages\/328\/revisions"}],"wp:attachment":[{"href":"https:\/\/www.zipwall.eu\/fr\/wp-json\/wp\/v2\/media?parent=328"}],"curies":[{"name":"wp","href":"https:\/\/api.w.org\/{rel}","templated":true}]}}