{"id":335,"date":"2015-11-25T10:15:03","date_gmt":"2015-11-25T15:15:03","guid":{"rendered":"http:\/\/www.zipwall.eu\/panneaux-de-barriere-reutilisables-zipfast-retardateur-de-flammes\/?lang=fr"},"modified":"2018-07-30T14:42:25","modified_gmt":"2018-07-30T18:42:25","slug":"zipfast-panels-flame-retardant","status":"publish","type":"page","link":"https:\/\/www.zipwall.eu\/fr\/zipfast-panels-flame-retardant\/","title":{"rendered":"Panneaux de barri\u00e8re r\u00e9utilisables ZipFast\u2122 \u2013 Ignifug\u00e9"},"content":{"rendered":"<table class=\"prod\">\n<tbody>\n<tr>\n<td>\n<figure id=\"attachment_2789\" aria-describedby=\"caption-attachment-2789\" style=\"width: 150px\" class=\"wp-caption alignnone\"><a href=\"https:\/\/www.zipwall.eu\/fr\/?post_type=product&#038;p=543\"><img loading=\"lazy\" decoding=\"async\" class=\"wp-image-2789 size-thumbnail\" src=\"http:\/\/www.zipwall.eu\/wp-content\/uploads\/ZFMPR_RGB_Product_3D-150x113.jpg\" alt=\"Multi-Pack ZipFast\u2122 \u2013 Ignifug\u00e9\" width=\"150\" height=\"113\" \/><\/a><figcaption id=\"caption-attachment-2789\" class=\"wp-caption-text\">ZFMPR<br \/> <a href=\"https:\/\/www.zipwall.eu\/fr\/?post_type=product&#038;p=543\">Multi-Pack ZipFast\u2122 \u2013 <span style=\"color: #ff6600;\">Ignifug\u00e9<\/span><\/a><\/figcaption><\/figure>\n<p><p class=\"product woocommerce add_to_cart_inline \" style=\"border:4px solid #ccc; padding: 12px;\">\t<span id=\"woocommerce_loop_add_to_cart_link_describedby_71\" class=\"screen-reader-text\">\n\t\t\t<\/span>\n<\/p><\/td>\n<td>\n<figure id=\"attachment_2800\" aria-describedby=\"caption-attachment-2800\" style=\"width: 116px\" class=\"wp-caption alignnone\"><a href=\"https:\/\/www.zipwall.eu\/fr\/?post_type=product&#038;p=542\"><img loading=\"lazy\" decoding=\"async\" class=\"wp-image-2800 size-thumbnail\" src=\"http:\/\/www.zipwall.eu\/wp-content\/uploads\/ZF10R_RGB_Product-116x150.jpg\" alt=\"Panneau 10\u2019|3m ZipFast\u2122 \u2013 Ignifug\u00e9\" width=\"116\" height=\"150\" \/><\/a><figcaption id=\"caption-attachment-2800\" class=\"wp-caption-text\">ZF10R<br \/> <a href=\"https:\/\/www.zipwall.eu\/fr\/?post_type=product&#038;p=542\">Panneau 10\u2019|3m ZipFast\u2122 \u2013 <span style=\"color: #ff6600;\">Ignifug\u00e9<\/span><\/a><\/figcaption><\/figure>\n<p><p class=\"product woocommerce add_to_cart_inline \" style=\"border:4px solid #ccc; padding: 12px;\">\t<span id=\"woocommerce_loop_add_to_cart_link_describedby_72\" class=\"screen-reader-text\">\n\t\t\t<\/span>\n<\/p><\/td>\n<td>\n<figure id=\"attachment_2797\" aria-describedby=\"caption-attachment-2797\" style=\"width: 116px\" class=\"wp-caption alignnone\"><a href=\"https:\/\/www.zipwall.eu\/fr\/?post_type=product&#038;p=541\"><img loading=\"lazy\" decoding=\"async\" class=\"wp-image-2797 size-thumbnail\" src=\"http:\/\/www.zipwall.eu\/wp-content\/uploads\/ZF5R_RGB_Product-116x150.jpg\" alt=\"Panneau 5\u2019|1,5m ZipFast\u2122 \u2013 Ignifug\u00e9\" width=\"116\" height=\"150\" \/><\/a><figcaption id=\"caption-attachment-2797\" class=\"wp-caption-text\">ZF5R<br \/> <a href=\"https:\/\/www.zipwall.eu\/fr\/?post_type=product&#038;p=541\">Panneau 5\u2019|1,5m ZipFast\u2122 \u2013 <span style=\"color: #ff6600;\"> Ignifug\u00e9<\/span><\/a><\/figcaption><\/figure>\n<p><p class=\"product woocommerce add_to_cart_inline \" style=\"border:4px solid #ccc; padding: 12px;\">\t<span id=\"woocommerce_loop_add_to_cart_link_describedby_73\" class=\"screen-reader-text\">\n\t\t\t<\/span>\n<\/p><\/td>\n<td>&nbsp;<\/p>\n<figure id=\"attachment_2794\" aria-describedby=\"caption-attachment-2794\" style=\"width: 116px\" class=\"wp-caption alignnone\"><a href=\"https:\/\/www.zipwall.eu\/fr\/?post_type=product&#038;p=539\"><img loading=\"lazy\" decoding=\"async\" class=\"wp-image-2794 size-thumbnail\" src=\"http:\/\/www.zipwall.eu\/wp-content\/uploads\/ZF2R_RGB_Product-116x150.jpg\" alt=\"Panneau 2,5\u2019|76cm ZipFast\u2122 \u2013 Ignifug\u00e9\" width=\"116\" height=\"150\" \/><\/a><figcaption id=\"caption-attachment-2794\" class=\"wp-caption-text\">ZF2R<br \/> <a href=\"https:\/\/www.zipwall.eu\/fr\/?post_type=product&#038;p=539\">Panneau 2,5\u2019|76cm ZipFast\u2122 \u2013 <span style=\"color: #ff6600;\">Ignifug\u00e9<\/span><\/a><\/figcaption><\/figure>\n<p><p class=\"product woocommerce add_to_cart_inline \" style=\"border:4px solid #ccc; padding: 12px;\">\t<span id=\"woocommerce_loop_add_to_cart_link_describedby_74\" class=\"screen-reader-text\">\n\t\t\t<\/span>\n<\/p><\/td>\n<\/tr>\n<\/tbody>\n<\/table>\n<a href=\"https:\/\/www.youtube.com\/embed\/nDwVQ_T2qbw?rel=0\" class=\"popup\" data-width=\"600\" data-height=\"400\" data-scrollbars=\"1\" alt=\"popup\"><img decoding=\"async\" src=\"\/wp-content\/uploads\/howdiw-fr-video.png\" alt=\"\" \/><\/a>\n<div class=\"term-description\">\n<p>&nbsp;<\/p>\n<p><a href=\"https:\/\/www.zipwall.eu\/zipfast-barrier-panels\/\">Panneaux non-ignifuges \u00e9galement disponibles.<\/a><\/p>\n<p>Ce produit permet d\u2019isoler de fa\u00e7on professionnelle votre chantier pour contr\u00f4ler les poussi\u00e8res et l\u2019isoler des regards indiscrets tout en assurant la conformit\u00e9 aux r\u00e9glementations de retard de flammes. Ils s\u2019assemblent facilement et rapidement par fermeture \u00e0 glissi\u00e8re pour cr\u00e9er une barri\u00e8re large que n\u00e9cessaire, avec acc\u00e8s par fermeture \u00e0 glissi\u00e8re int\u00e9gr\u00e9e. Ils sont plus faciles \u00e0 utiliser, plus \u00e9conomiques et plus \u00e9cologiques que les feuilles plastique. Ces panneaux sont ignifug\u00e9\u00a0Classe A selon le Chapitre 8 du Code de construction international. Propos\u00e9s en Multi-Pack ainsi qu\u2019en panneaux unitaires. Le panneau de 2,5|76cm est id\u00e9al comme porte dans la barri\u00e8re. Perches non incluses.<\/p>\n<p><strong>Le Multi-Pack<\/strong> \u2014<span style=\"color: #ff6600;\">\u00a0Ignifug\u00e9<\/span>: contient trois panneaux de 1,5 m x 3,6 m, un panneau de 76 cm x 3,6 m et un sac de transport ZipFast\u2122.<\/p>\n<p><strong>Panneau de 10\u2019|3 m<\/strong> \u2013\u00a0<span style=\"color: #ff6600;\">Ignifug\u00e9<\/span>\u00a0contient un panneau 3 m x 3,6 m<\/p>\n<p><strong>Panneau de 5\u2019|1,5 m<\/strong> \u2013\u00a0<span style=\"color: #ff6600;\">Ignifug\u00e9\u00a0<\/span>contient un panneau 1,5 m x 3,6 m<\/p>\n<p><strong>Panneau de 2,5\u2019|76 cm<\/strong> \u2013<span style=\"color: #ff6600;\">\u00a0Ignifug\u00e9<\/span>\u00a0contient un panneau 76 cm x 3,6 m<\/p>\n<ul class=\"specs\">\n<li>Rentabilis\u00e9 en moins de 7 utilisations<\/li>\n<li>Utilisation facile \u2013 plus besoin de mesurer ni de d\u00e9couper<\/li>\n<li>Panneaux en tissu nylon \u00e9tanche \u00e0 l\u2019air \u2014 avec fermetures \u00e0 glissi\u00e8re renforc\u00e9es cousues<\/li>\n<li>Intimit\u00e9 pour masquer les travaux<\/li>\n<li>\u00c0 utiliser avec les perches et accessoires ZipWall\u00ae<\/li>\n<\/ul>\n<p><a class=\"redbtn\" href=\"https:\/\/www.zipwall.eu\/fr\/springloaded-poles\/\">Besoin de perches?<\/a><\/p>\n<\/div>\n","protected":false},"excerpt":{"rendered":"<p>&nbsp; &nbsp; Panneaux non-ignifuges \u00e9galement disponibles. Ce produit permet d\u2019isoler de fa\u00e7on professionnelle votre chantier pour contr\u00f4ler les poussi\u00e8res et l\u2019isoler des regards indiscrets tout en assurant la conformit\u00e9 aux r\u00e9glementations de retard de flammes. Ils s\u2019assemblent facilement et rapidement par fermeture \u00e0 glissi\u00e8re pour cr\u00e9er une barri\u00e8re large que n\u00e9cessaire, avec acc\u00e8s par fermeture &hellip; <a href=\"https:\/\/www.zipwall.eu\/fr\/zipfast-panels-flame-retardant\/\" class=\"more-link\">Continuer la lecture de <span class=\"screen-reader-text\">Panneaux de barri\u00e8re r\u00e9utilisables ZipFast\u2122 \u2013 Ignifug\u00e9<\/span> <span class=\"meta-nav\">&rarr;<\/span><\/a><\/p>\n","protected":false},"author":1,"featured_media":0,"parent":0,"menu_order":0,"comment_status":"closed","ping_status":"closed","template":"","meta":{"footnotes":""},"class_list":["post-335","page","type-page","status-publish","hentry"],"yoast_head":"<!-- This site is optimized with the Yoast SEO plugin v27.4 - https:\/\/yoast.com\/product\/yoast-seo-wordpress\/ -->\n<title>Panneaux de barri\u00e8re r\u00e9utilisables ZipFast\u2122 \u2013 Ignifug\u00e9 - ZipWall<\/title>\n<meta name=\"robots\" content=\"index, follow, max-snippet:-1, max-image-preview:large, max-video-preview:-1\" \/>\n<link rel=\"canonical\" href=\"https:\/\/www.zipwall.eu\/fr\/zipfast-panels-flame-retardant\/\" \/>\n<meta property=\"og:locale\" content=\"fr_FR\" \/>\n<meta property=\"og:type\" content=\"article\" \/>\n<meta property=\"og:title\" content=\"Panneaux de barri\u00e8re r\u00e9utilisables ZipFast\u2122 \u2013 Ignifug\u00e9 - ZipWall\" \/>\n<meta property=\"og:description\" content=\"&nbsp; &nbsp; Panneaux non-ignifuges \u00e9galement disponibles. Ce produit permet d\u2019isoler de fa\u00e7on professionnelle votre chantier pour contr\u00f4ler les poussi\u00e8res et l\u2019isoler des regards indiscrets tout en assurant la conformit\u00e9 aux r\u00e9glementations de retard de flammes. Ils s\u2019assemblent facilement et rapidement par fermeture \u00e0 glissi\u00e8re pour cr\u00e9er une barri\u00e8re large que n\u00e9cessaire, avec acc\u00e8s par fermeture &hellip; Continuer la lecture de Panneaux de barri\u00e8re r\u00e9utilisables ZipFast\u2122 \u2013 Ignifug\u00e9 &rarr;\" \/>\n<meta property=\"og:url\" content=\"https:\/\/www.zipwall.eu\/fr\/zipfast-panels-flame-retardant\/\" \/>\n<meta property=\"og:site_name\" content=\"ZipWall\" \/>\n<meta property=\"article:publisher\" content=\"https:\/\/www.facebook.com\/ZipWall-121135931283666\/\" \/>\n<meta property=\"article:modified_time\" content=\"2018-07-30T18:42:25+00:00\" \/>\n<meta property=\"og:image\" content=\"http:\/\/www.zipwall.eu\/wp-content\/uploads\/ZFMPR_RGB_Product_3D-150x113.jpg\" \/>\n<meta name=\"twitter:card\" content=\"summary_large_image\" \/>\n<meta name=\"twitter:site\" content=\"@ZipWall\" \/>\n<meta name=\"twitter:label1\" content=\"Dur\u00e9e de lecture estim\u00e9e\" \/>\n\t<meta name=\"twitter:data1\" content=\"2 minutes\" \/>\n<script type=\"application\/ld+json\" class=\"yoast-schema-graph\">{\"@context\":\"https:\\\/\\\/schema.org\",\"@graph\":[{\"@type\":\"WebPage\",\"@id\":\"https:\\\/\\\/www.zipwall.eu\\\/fr\\\/zipfast-panels-flame-retardant\\\/\",\"url\":\"https:\\\/\\\/www.zipwall.eu\\\/fr\\\/zipfast-panels-flame-retardant\\\/\",\"name\":\"Panneaux de barri\u00e8re r\u00e9utilisables ZipFast\u2122 \u2013 Ignifug\u00e9 - ZipWall\",\"isPartOf\":{\"@id\":\"https:\\\/\\\/www.zipwall.eu\\\/#website\"},\"primaryImageOfPage\":{\"@id\":\"https:\\\/\\\/www.zipwall.eu\\\/fr\\\/zipfast-panels-flame-retardant\\\/#primaryimage\"},\"image\":{\"@id\":\"https:\\\/\\\/www.zipwall.eu\\\/fr\\\/zipfast-panels-flame-retardant\\\/#primaryimage\"},\"thumbnailUrl\":\"http:\\\/\\\/www.zipwall.eu\\\/wp-content\\\/uploads\\\/ZFMPR_RGB_Product_3D-150x113.jpg\",\"datePublished\":\"2015-11-25T15:15:03+00:00\",\"dateModified\":\"2018-07-30T18:42:25+00:00\",\"breadcrumb\":{\"@id\":\"https:\\\/\\\/www.zipwall.eu\\\/fr\\\/zipfast-panels-flame-retardant\\\/#breadcrumb\"},\"inLanguage\":\"fr-FR\",\"potentialAction\":[{\"@type\":\"ReadAction\",\"target\":[\"https:\\\/\\\/www.zipwall.eu\\\/fr\\\/zipfast-panels-flame-retardant\\\/\"]}]},{\"@type\":\"ImageObject\",\"inLanguage\":\"fr-FR\",\"@id\":\"https:\\\/\\\/www.zipwall.eu\\\/fr\\\/zipfast-panels-flame-retardant\\\/#primaryimage\",\"url\":\"http:\\\/\\\/www.zipwall.eu\\\/wp-content\\\/uploads\\\/ZFMPR_RGB_Product_3D-150x113.jpg\",\"contentUrl\":\"http:\\\/\\\/www.zipwall.eu\\\/wp-content\\\/uploads\\\/ZFMPR_RGB_Product_3D-150x113.jpg\"},{\"@type\":\"BreadcrumbList\",\"@id\":\"https:\\\/\\\/www.zipwall.eu\\\/fr\\\/zipfast-panels-flame-retardant\\\/#breadcrumb\",\"itemListElement\":[{\"@type\":\"ListItem\",\"position\":1,\"name\":\"Home\",\"item\":\"https:\\\/\\\/www.zipwall.eu\\\/fr\\\/\"},{\"@type\":\"ListItem\",\"position\":2,\"name\":\"Panneaux de barri\u00e8re r\u00e9utilisables ZipFast\u2122 \u2013 Ignifug\u00e9\"}]},{\"@type\":\"WebSite\",\"@id\":\"https:\\\/\\\/www.zipwall.eu\\\/#website\",\"url\":\"https:\\\/\\\/www.zipwall.eu\\\/\",\"name\":\"ZipWall\",\"description\":\"Dust Barrier System\",\"potentialAction\":[{\"@type\":\"SearchAction\",\"target\":{\"@type\":\"EntryPoint\",\"urlTemplate\":\"https:\\\/\\\/www.zipwall.eu\\\/?s={search_term_string}\"},\"query-input\":{\"@type\":\"PropertyValueSpecification\",\"valueRequired\":true,\"valueName\":\"search_term_string\"}}],\"inLanguage\":\"fr-FR\"}]}<\/script>\n<!-- \/ Yoast SEO plugin. -->","yoast_head_json":{"title":"Panneaux de barri\u00e8re r\u00e9utilisables ZipFast\u2122 \u2013 Ignifug\u00e9 - ZipWall","robots":{"index":"index","follow":"follow","max-snippet":"max-snippet:-1","max-image-preview":"max-image-preview:large","max-video-preview":"max-video-preview:-1"},"canonical":"https:\/\/www.zipwall.eu\/fr\/zipfast-panels-flame-retardant\/","og_locale":"fr_FR","og_type":"article","og_title":"Panneaux de barri\u00e8re r\u00e9utilisables ZipFast\u2122 \u2013 Ignifug\u00e9 - ZipWall","og_description":"&nbsp; &nbsp; Panneaux non-ignifuges \u00e9galement disponibles. Ce produit permet d\u2019isoler de fa\u00e7on professionnelle votre chantier pour contr\u00f4ler les poussi\u00e8res et l\u2019isoler des regards indiscrets tout en assurant la conformit\u00e9 aux r\u00e9glementations de retard de flammes. Ils s\u2019assemblent facilement et rapidement par fermeture \u00e0 glissi\u00e8re pour cr\u00e9er une barri\u00e8re large que n\u00e9cessaire, avec acc\u00e8s par fermeture &hellip; Continuer la lecture de Panneaux de barri\u00e8re r\u00e9utilisables ZipFast\u2122 \u2013 Ignifug\u00e9 &rarr;","og_url":"https:\/\/www.zipwall.eu\/fr\/zipfast-panels-flame-retardant\/","og_site_name":"ZipWall","article_publisher":"https:\/\/www.facebook.com\/ZipWall-121135931283666\/","article_modified_time":"2018-07-30T18:42:25+00:00","og_image":[{"url":"http:\/\/www.zipwall.eu\/wp-content\/uploads\/ZFMPR_RGB_Product_3D-150x113.jpg","type":"","width":"","height":""}],"twitter_card":"summary_large_image","twitter_site":"@ZipWall","twitter_misc":{"Dur\u00e9e de lecture estim\u00e9e":"2 minutes"},"schema":{"@context":"https:\/\/schema.org","@graph":[{"@type":"WebPage","@id":"https:\/\/www.zipwall.eu\/fr\/zipfast-panels-flame-retardant\/","url":"https:\/\/www.zipwall.eu\/fr\/zipfast-panels-flame-retardant\/","name":"Panneaux de barri\u00e8re r\u00e9utilisables ZipFast\u2122 \u2013 Ignifug\u00e9 - ZipWall","isPartOf":{"@id":"https:\/\/www.zipwall.eu\/#website"},"primaryImageOfPage":{"@id":"https:\/\/www.zipwall.eu\/fr\/zipfast-panels-flame-retardant\/#primaryimage"},"image":{"@id":"https:\/\/www.zipwall.eu\/fr\/zipfast-panels-flame-retardant\/#primaryimage"},"thumbnailUrl":"http:\/\/www.zipwall.eu\/wp-content\/uploads\/ZFMPR_RGB_Product_3D-150x113.jpg","datePublished":"2015-11-25T15:15:03+00:00","dateModified":"2018-07-30T18:42:25+00:00","breadcrumb":{"@id":"https:\/\/www.zipwall.eu\/fr\/zipfast-panels-flame-retardant\/#breadcrumb"},"inLanguage":"fr-FR","potentialAction":[{"@type":"ReadAction","target":["https:\/\/www.zipwall.eu\/fr\/zipfast-panels-flame-retardant\/"]}]},{"@type":"ImageObject","inLanguage":"fr-FR","@id":"https:\/\/www.zipwall.eu\/fr\/zipfast-panels-flame-retardant\/#primaryimage","url":"http:\/\/www.zipwall.eu\/wp-content\/uploads\/ZFMPR_RGB_Product_3D-150x113.jpg","contentUrl":"http:\/\/www.zipwall.eu\/wp-content\/uploads\/ZFMPR_RGB_Product_3D-150x113.jpg"},{"@type":"BreadcrumbList","@id":"https:\/\/www.zipwall.eu\/fr\/zipfast-panels-flame-retardant\/#breadcrumb","itemListElement":[{"@type":"ListItem","position":1,"name":"Home","item":"https:\/\/www.zipwall.eu\/fr\/"},{"@type":"ListItem","position":2,"name":"Panneaux de barri\u00e8re r\u00e9utilisables ZipFast\u2122 \u2013 Ignifug\u00e9"}]},{"@type":"WebSite","@id":"https:\/\/www.zipwall.eu\/#website","url":"https:\/\/www.zipwall.eu\/","name":"ZipWall","description":"Dust Barrier System","potentialAction":[{"@type":"SearchAction","target":{"@type":"EntryPoint","urlTemplate":"https:\/\/www.zipwall.eu\/?s={search_term_string}"},"query-input":{"@type":"PropertyValueSpecification","valueRequired":true,"valueName":"search_term_string"}}],"inLanguage":"fr-FR"}]}},"_links":{"self":[{"href":"https:\/\/www.zipwall.eu\/fr\/wp-json\/wp\/v2\/pages\/335","targetHints":{"allow":["GET"]}}],"collection":[{"href":"https:\/\/www.zipwall.eu\/fr\/wp-json\/wp\/v2\/pages"}],"about":[{"href":"https:\/\/www.zipwall.eu\/fr\/wp-json\/wp\/v2\/types\/page"}],"author":[{"embeddable":true,"href":"https:\/\/www.zipwall.eu\/fr\/wp-json\/wp\/v2\/users\/1"}],"replies":[{"embeddable":true,"href":"https:\/\/www.zipwall.eu\/fr\/wp-json\/wp\/v2\/comments?post=335"}],"version-history":[{"count":0,"href":"https:\/\/www.zipwall.eu\/fr\/wp-json\/wp\/v2\/pages\/335\/revisions"}],"wp:attachment":[{"href":"https:\/\/www.zipwall.eu\/fr\/wp-json\/wp\/v2\/media?parent=335"}],"curies":[{"name":"wp","href":"https:\/\/api.w.org\/{rel}","templated":true}]}}