{"id":339,"date":"2015-11-24T17:17:44","date_gmt":"2015-11-24T22:17:44","guid":{"rendered":"http:\/\/www.zipwall.eu\/perches-de-30-m\/?lang=fr"},"modified":"2016-06-14T14:57:20","modified_gmt":"2016-06-14T18:57:20","slug":"poles10","status":"publish","type":"page","link":"https:\/\/www.zipwall.eu\/fr\/poles10\/","title":{"rendered":"Perches de 3,0m"},"content":{"rendered":"<table class=\"prod\">\n<tbody>\n<tr>\n<td>\n<figure id=\"attachment_407\" aria-describedby=\"caption-attachment-407\" style=\"width: 180px\" class=\"wp-caption alignnone\"><a href=\"https:\/\/www.zipwall.eu\/fr\/product\/zippole-2-pack\/\"><img loading=\"lazy\" decoding=\"async\" class=\"wp-image-407 size-thumbnail\" src=\"http:\/\/www.zipwall.eu\/wp-content\/uploads\/ZP2_RGB_Product-180x100.jpg\" alt=\"Lot de 2 ZipWall 10\" width=\"180\" height=\"100\" \/><\/a><figcaption id=\"caption-attachment-407\" class=\"wp-caption-text\"><span style=\"font-weight: normal; text-align: left;\">ZP2<\/span> <br \/> <a href=\"https:\/\/www.zipwall.eu\/fr\/product\/zippole-2-pack\/\">Lot de 2 ZipWall\u00ae 10<\/a><\/figcaption><\/figure>\n<p><p class=\"product woocommerce add_to_cart_inline \" style=\"border:4px solid #ccc; padding: 12px;\">\t<span id=\"woocommerce_loop_add_to_cart_link_describedby_49\" class=\"screen-reader-text\">\n\t\t\t<\/span>\n<\/p><\/td>\n<td>\n<figure id=\"attachment_85\" aria-describedby=\"caption-attachment-85\" style=\"width: 180px\" class=\"wp-caption alignnone\"><a href=\"https:\/\/www.zipwall.eu\/fr\/product\/zippole-4-pack\/\"><img loading=\"lazy\" decoding=\"async\" class=\"wp-image-85 size-thumbnail\" src=\"http:\/\/www.zipwall.eu\/wp-content\/uploads\/ZP4_RGB_Product-180x108.jpg\" alt=\"Lot de 4 ZipWall 10\" width=\"180\" height=\"108\" \/><\/a><figcaption id=\"caption-attachment-85\" class=\"wp-caption-text\"><span style=\"font-weight: normal; text-align: left;\">ZP4<\/span> <br \/> <a href=\"https:\/\/www.zipwall.eu\/fr\/product\/zippole-4-pack\/\">Lot de 4 ZipWall\u00ae 10<\/a><\/figcaption><\/figure>\n<p><p class=\"product woocommerce add_to_cart_inline \" style=\"border:4px solid #ccc; padding: 12px;\">\t<span id=\"woocommerce_loop_add_to_cart_link_describedby_50\" class=\"screen-reader-text\">\n\t\t\t<\/span>\n<\/p><\/td>\n<\/tr>\n<\/tbody>\n<\/table>\n<p><a href=\"https:\/\/www.zipwall.eu\/poles12\/\"><em>Perches de 3,6m<\/em><\/a>  &nbsp;&nbsp;&nbsp;   <a href=\"https:\/\/www.zipwall.eu\/poles20\/\"><em>Perches de 6,1m<\/em><\/a><\/p>\n<p>Ces perches \u00e0 ressort \u00e0 verrouillage par rotation sont en acier inoxydable. Elles sont parfaites pour les travaux de r\u00e9novation et r\u00e9paration en zone r\u00e9sidentielle. L\u2019entrepreneur comme le bricoleur appr\u00e9cieront leur incroyable c\u00f4t\u00e9 pratique et utile pour prot\u00e9ger le reste de la maison de la poussi\u00e8re.<\/p>\n<p><strong>Le lot de 2 ZipWall\u00ae 10<\/strong>\u00a0 contient deux perches en acier inoxydable de 3,0 m avec les pi\u00e8ces accessoires (t\u00eates, contre-plaques et antid\u00e9rapants GripDisk\u2122). La feuille plastique n\u2019est pas incluse.<\/p>\n<p><strong>Le lot de 4 ZipWall\u00ae 10<\/strong> contient quatre perches \u00e0 ressort en acier inoxydable de 3,0 m avec pi\u00e8ces accessoires, deux fermetures \u00e0 glissi\u00e8re standard et un sac de transport ZipPole\u2122. La feuille plastique n\u2019est pas incluse.<\/p>\n<ul class=\"specs\">\n<li>Extensible de 1,27 m \u00e0 3,12 m<\/li>\n<li>Chaque perche ne p\u00e8se que 0,68 kg<\/li>\n<li>Fabrication robuste en acier inoxydable<\/li>\n<li>Les antid\u00e9rapants GripDisks\u2122 \u00e9vitent le glissement sur le sol lisse<\/li>\n<li>Utilisables avec pression positive ou n\u00e9gative<\/li>\n<li>Id\u00e9al pour les chantiers r\u00e9sidentiels<\/li>\n<\/ul>\n","protected":false},"excerpt":{"rendered":"<p>Perches de 3,6m &nbsp;&nbsp;&nbsp; Perches de 6,1m Ces perches \u00e0 ressort \u00e0 verrouillage par rotation sont en acier inoxydable. Elles sont parfaites pour les travaux de r\u00e9novation et r\u00e9paration en zone r\u00e9sidentielle. L\u2019entrepreneur comme le bricoleur appr\u00e9cieront leur incroyable c\u00f4t\u00e9 pratique et utile pour prot\u00e9ger le reste de la maison de la poussi\u00e8re. Le lot &hellip; <a href=\"https:\/\/www.zipwall.eu\/fr\/poles10\/\" class=\"more-link\">Continuer la lecture de <span class=\"screen-reader-text\">Perches de 3,0m<\/span> <span class=\"meta-nav\">&rarr;<\/span><\/a><\/p>\n","protected":false},"author":1,"featured_media":0,"parent":0,"menu_order":0,"comment_status":"closed","ping_status":"closed","template":"","meta":{"footnotes":""},"class_list":["post-339","page","type-page","status-publish","hentry"],"yoast_head":"<!-- This site is optimized with the Yoast SEO plugin v27.5 - https:\/\/yoast.com\/product\/yoast-seo-wordpress\/ -->\n<title>Perches de 3,0m - ZipWall<\/title>\n<meta name=\"robots\" content=\"index, follow, max-snippet:-1, max-image-preview:large, max-video-preview:-1\" \/>\n<link rel=\"canonical\" href=\"https:\/\/www.zipwall.eu\/fr\/poles10\/\" \/>\n<meta property=\"og:locale\" content=\"fr_FR\" \/>\n<meta property=\"og:type\" content=\"article\" \/>\n<meta property=\"og:title\" content=\"Perches de 3,0m - ZipWall\" \/>\n<meta property=\"og:description\" content=\"Perches de 3,6m &nbsp;&nbsp;&nbsp; Perches de 6,1m Ces perches \u00e0 ressort \u00e0 verrouillage par rotation sont en acier inoxydable. Elles sont parfaites pour les travaux de r\u00e9novation et r\u00e9paration en zone r\u00e9sidentielle. L\u2019entrepreneur comme le bricoleur appr\u00e9cieront leur incroyable c\u00f4t\u00e9 pratique et utile pour prot\u00e9ger le reste de la maison de la poussi\u00e8re. Le lot &hellip; Continuer la lecture de Perches de 3,0m &rarr;\" \/>\n<meta property=\"og:url\" content=\"https:\/\/www.zipwall.eu\/fr\/poles10\/\" \/>\n<meta property=\"og:site_name\" content=\"ZipWall\" \/>\n<meta property=\"article:publisher\" content=\"https:\/\/www.facebook.com\/ZipWall-121135931283666\/\" \/>\n<meta property=\"article:modified_time\" content=\"2016-06-14T18:57:20+00:00\" \/>\n<meta property=\"og:image\" content=\"http:\/\/www.zipwall.eu\/wp-content\/uploads\/ZP2_RGB_Product-180x100.jpg\" \/>\n<meta name=\"twitter:card\" content=\"summary_large_image\" \/>\n<meta name=\"twitter:site\" content=\"@ZipWall\" \/>\n<meta name=\"twitter:label1\" content=\"Dur\u00e9e de lecture estim\u00e9e\" \/>\n\t<meta name=\"twitter:data1\" content=\"1 minute\" \/>\n<script type=\"application\/ld+json\" class=\"yoast-schema-graph\">{\"@context\":\"https:\\\/\\\/schema.org\",\"@graph\":[{\"@type\":\"WebPage\",\"@id\":\"https:\\\/\\\/www.zipwall.eu\\\/fr\\\/poles10\\\/\",\"url\":\"https:\\\/\\\/www.zipwall.eu\\\/fr\\\/poles10\\\/\",\"name\":\"Perches de 3,0m - ZipWall\",\"isPartOf\":{\"@id\":\"https:\\\/\\\/www.zipwall.eu\\\/#website\"},\"primaryImageOfPage\":{\"@id\":\"https:\\\/\\\/www.zipwall.eu\\\/fr\\\/poles10\\\/#primaryimage\"},\"image\":{\"@id\":\"https:\\\/\\\/www.zipwall.eu\\\/fr\\\/poles10\\\/#primaryimage\"},\"thumbnailUrl\":\"http:\\\/\\\/www.zipwall.eu\\\/wp-content\\\/uploads\\\/ZP2_RGB_Product-180x100.jpg\",\"datePublished\":\"2015-11-24T22:17:44+00:00\",\"dateModified\":\"2016-06-14T18:57:20+00:00\",\"breadcrumb\":{\"@id\":\"https:\\\/\\\/www.zipwall.eu\\\/fr\\\/poles10\\\/#breadcrumb\"},\"inLanguage\":\"fr-FR\",\"potentialAction\":[{\"@type\":\"ReadAction\",\"target\":[\"https:\\\/\\\/www.zipwall.eu\\\/fr\\\/poles10\\\/\"]}]},{\"@type\":\"ImageObject\",\"inLanguage\":\"fr-FR\",\"@id\":\"https:\\\/\\\/www.zipwall.eu\\\/fr\\\/poles10\\\/#primaryimage\",\"url\":\"http:\\\/\\\/www.zipwall.eu\\\/wp-content\\\/uploads\\\/ZP2_RGB_Product-180x100.jpg\",\"contentUrl\":\"http:\\\/\\\/www.zipwall.eu\\\/wp-content\\\/uploads\\\/ZP2_RGB_Product-180x100.jpg\"},{\"@type\":\"BreadcrumbList\",\"@id\":\"https:\\\/\\\/www.zipwall.eu\\\/fr\\\/poles10\\\/#breadcrumb\",\"itemListElement\":[{\"@type\":\"ListItem\",\"position\":1,\"name\":\"Home\",\"item\":\"https:\\\/\\\/www.zipwall.eu\\\/fr\\\/\"},{\"@type\":\"ListItem\",\"position\":2,\"name\":\"Perches de 3,0m\"}]},{\"@type\":\"WebSite\",\"@id\":\"https:\\\/\\\/www.zipwall.eu\\\/#website\",\"url\":\"https:\\\/\\\/www.zipwall.eu\\\/\",\"name\":\"ZipWall\",\"description\":\"Dust Barrier System\",\"potentialAction\":[{\"@type\":\"SearchAction\",\"target\":{\"@type\":\"EntryPoint\",\"urlTemplate\":\"https:\\\/\\\/www.zipwall.eu\\\/?s={search_term_string}\"},\"query-input\":{\"@type\":\"PropertyValueSpecification\",\"valueRequired\":true,\"valueName\":\"search_term_string\"}}],\"inLanguage\":\"fr-FR\"}]}<\/script>\n<!-- \/ Yoast SEO plugin. -->","yoast_head_json":{"title":"Perches de 3,0m - ZipWall","robots":{"index":"index","follow":"follow","max-snippet":"max-snippet:-1","max-image-preview":"max-image-preview:large","max-video-preview":"max-video-preview:-1"},"canonical":"https:\/\/www.zipwall.eu\/fr\/poles10\/","og_locale":"fr_FR","og_type":"article","og_title":"Perches de 3,0m - ZipWall","og_description":"Perches de 3,6m &nbsp;&nbsp;&nbsp; Perches de 6,1m Ces perches \u00e0 ressort \u00e0 verrouillage par rotation sont en acier inoxydable. Elles sont parfaites pour les travaux de r\u00e9novation et r\u00e9paration en zone r\u00e9sidentielle. L\u2019entrepreneur comme le bricoleur appr\u00e9cieront leur incroyable c\u00f4t\u00e9 pratique et utile pour prot\u00e9ger le reste de la maison de la poussi\u00e8re. Le lot &hellip; Continuer la lecture de Perches de 3,0m &rarr;","og_url":"https:\/\/www.zipwall.eu\/fr\/poles10\/","og_site_name":"ZipWall","article_publisher":"https:\/\/www.facebook.com\/ZipWall-121135931283666\/","article_modified_time":"2016-06-14T18:57:20+00:00","og_image":[{"url":"http:\/\/www.zipwall.eu\/wp-content\/uploads\/ZP2_RGB_Product-180x100.jpg","type":"","width":"","height":""}],"twitter_card":"summary_large_image","twitter_site":"@ZipWall","twitter_misc":{"Dur\u00e9e de lecture estim\u00e9e":"1 minute"},"schema":{"@context":"https:\/\/schema.org","@graph":[{"@type":"WebPage","@id":"https:\/\/www.zipwall.eu\/fr\/poles10\/","url":"https:\/\/www.zipwall.eu\/fr\/poles10\/","name":"Perches de 3,0m - ZipWall","isPartOf":{"@id":"https:\/\/www.zipwall.eu\/#website"},"primaryImageOfPage":{"@id":"https:\/\/www.zipwall.eu\/fr\/poles10\/#primaryimage"},"image":{"@id":"https:\/\/www.zipwall.eu\/fr\/poles10\/#primaryimage"},"thumbnailUrl":"http:\/\/www.zipwall.eu\/wp-content\/uploads\/ZP2_RGB_Product-180x100.jpg","datePublished":"2015-11-24T22:17:44+00:00","dateModified":"2016-06-14T18:57:20+00:00","breadcrumb":{"@id":"https:\/\/www.zipwall.eu\/fr\/poles10\/#breadcrumb"},"inLanguage":"fr-FR","potentialAction":[{"@type":"ReadAction","target":["https:\/\/www.zipwall.eu\/fr\/poles10\/"]}]},{"@type":"ImageObject","inLanguage":"fr-FR","@id":"https:\/\/www.zipwall.eu\/fr\/poles10\/#primaryimage","url":"http:\/\/www.zipwall.eu\/wp-content\/uploads\/ZP2_RGB_Product-180x100.jpg","contentUrl":"http:\/\/www.zipwall.eu\/wp-content\/uploads\/ZP2_RGB_Product-180x100.jpg"},{"@type":"BreadcrumbList","@id":"https:\/\/www.zipwall.eu\/fr\/poles10\/#breadcrumb","itemListElement":[{"@type":"ListItem","position":1,"name":"Home","item":"https:\/\/www.zipwall.eu\/fr\/"},{"@type":"ListItem","position":2,"name":"Perches de 3,0m"}]},{"@type":"WebSite","@id":"https:\/\/www.zipwall.eu\/#website","url":"https:\/\/www.zipwall.eu\/","name":"ZipWall","description":"Dust Barrier System","potentialAction":[{"@type":"SearchAction","target":{"@type":"EntryPoint","urlTemplate":"https:\/\/www.zipwall.eu\/?s={search_term_string}"},"query-input":{"@type":"PropertyValueSpecification","valueRequired":true,"valueName":"search_term_string"}}],"inLanguage":"fr-FR"}]}},"_links":{"self":[{"href":"https:\/\/www.zipwall.eu\/fr\/wp-json\/wp\/v2\/pages\/339","targetHints":{"allow":["GET"]}}],"collection":[{"href":"https:\/\/www.zipwall.eu\/fr\/wp-json\/wp\/v2\/pages"}],"about":[{"href":"https:\/\/www.zipwall.eu\/fr\/wp-json\/wp\/v2\/types\/page"}],"author":[{"embeddable":true,"href":"https:\/\/www.zipwall.eu\/fr\/wp-json\/wp\/v2\/users\/1"}],"replies":[{"embeddable":true,"href":"https:\/\/www.zipwall.eu\/fr\/wp-json\/wp\/v2\/comments?post=339"}],"version-history":[{"count":0,"href":"https:\/\/www.zipwall.eu\/fr\/wp-json\/wp\/v2\/pages\/339\/revisions"}],"wp:attachment":[{"href":"https:\/\/www.zipwall.eu\/fr\/wp-json\/wp\/v2\/media?parent=339"}],"curies":[{"name":"wp","href":"https:\/\/api.w.org\/{rel}","templated":true}]}}