{"id":341,"date":"2015-11-24T17:20:44","date_gmt":"2015-11-24T22:20:44","guid":{"rendered":"http:\/\/www.zipwall.eu\/perches-de-36-m\/?lang=fr"},"modified":"2016-06-14T14:59:10","modified_gmt":"2016-06-14T18:59:10","slug":"poles12","status":"publish","type":"page","link":"https:\/\/www.zipwall.eu\/fr\/poles12\/","title":{"rendered":"Perches de 3,6 m"},"content":{"rendered":"<p>&nbsp;<\/p>\n<table class=\"prod\">\n<tbody>\n<tr>\n<td>&nbsp;<\/p>\n<figure id=\"attachment_2542\" aria-describedby=\"caption-attachment-2542\" style=\"width: 180px\" class=\"wp-caption alignnone\"><a href=\"https:\/\/www.zipwall.eu\/fr\/product\/slp-2-pack\/\"><img loading=\"lazy\" decoding=\"async\" class=\"wp-image-2542 size-thumbnail\" src=\"http:\/\/www.zipwall.eu\/wp-content\/uploads\/SLP2_RGB_Product-180x135.jpg\" alt=\"Lot de 2 ZipWall 12\" width=\"180\" height=\"135\" \/><\/a><figcaption id=\"caption-attachment-2542\" class=\"wp-caption-text\"><span style=\"font-weight: normal; text-align: left;\">SLP2<\/span> <br \/> <a href=\"https:\/\/www.zipwall.eu\/fr\/product\/slp-2-pack\/\">Lot de 2 ZipWall\u00ae 12<\/a><\/figcaption><\/figure>\n<p><p class=\"product woocommerce add_to_cart_inline \" style=\"border:4px solid #ccc; padding: 12px;\">\t<span id=\"woocommerce_loop_add_to_cart_link_describedby_51\" class=\"screen-reader-text\">\n\t\t\t<\/span>\n<\/p><\/td>\n<td>&nbsp;<\/p>\n<figure id=\"attachment_2623\" aria-describedby=\"caption-attachment-2623\" style=\"width: 180px\" class=\"wp-caption alignnone\"><a href=\"https:\/\/www.zipwall.eu\/fr\/product\/slp-4-pack\/\"><img loading=\"lazy\" decoding=\"async\" class=\"wp-image-2623 size-thumbnail\" src=\"http:\/\/www.zipwall.eu\/wp-content\/uploads\/SLP4_RGB_Product-180x105.jpg\" alt=\"Lot de 4 ZipWall 12\" width=\"180\" height=\"105\" \/><\/a><figcaption id=\"caption-attachment-2623\" class=\"wp-caption-text\"><span style=\"font-weight: normal; text-align: left;\">SLP4<\/span> <br \/> <a href=\"https:\/\/www.zipwall.eu\/fr\/product\/slp-4-pack\/\">Lot de 4 ZipWall\u00ae 12<\/a><\/figcaption><\/figure>\n<p><p class=\"product woocommerce add_to_cart_inline \" style=\"border:4px solid #ccc; padding: 12px;\">\t<span id=\"woocommerce_loop_add_to_cart_link_describedby_53\" class=\"screen-reader-text\">\n\t\t\t<\/span>\n<\/p><\/td>\n<td>&nbsp;<\/p>\n<figure id=\"attachment_2626\" aria-describedby=\"caption-attachment-2626\" style=\"width: 180px\" class=\"wp-caption alignnone\"><a href=\"https:\/\/www.zipwall.eu\/fr\/product\/slp-6-pack\/\"><img loading=\"lazy\" decoding=\"async\" class=\"wp-image-2626 size-thumbnail\" src=\"http:\/\/www.zipwall.eu\/wp-content\/uploads\/SLP6_RGB_Product-180x78.jpg\" alt=\"Lot de 6 ZipWall 12\" width=\"180\" height=\"78\" \/><\/a><figcaption id=\"caption-attachment-2626\" class=\"wp-caption-text\"><span style=\"font-weight: normal; text-align: left;\">SLP6<\/span> <br \/> <a href=\"https:\/\/www.zipwall.eu\/fr\/product\/slp-6-pack\/\">Lot de 6 ZipWall\u00ae 12<\/a><\/figcaption><\/figure>\n<p><p class=\"product woocommerce add_to_cart_inline \" style=\"border:4px solid #ccc; padding: 12px;\">\t<span id=\"woocommerce_loop_add_to_cart_link_describedby_54\" class=\"screen-reader-text\">\n\t\t\t<\/span>\n<\/p><\/td>\n<\/tr>\n<\/tbody>\n<\/table>\n<p><a href=\"https:\/\/www.zipwall.eu\/poles10\/\"><em>Perches de 3m<\/em><\/a>   &nbsp;&nbsp;&nbsp;  <a href=\"https:\/\/www.zipwall.eu\/poles20\/\"><em>Perches de 6,1m<\/em><\/a><\/p>\n<div class=\"term-description\">\n<p>Ces perches \u00e0 ressort \u00e0 verrouillage par rotation sont en aluminium anodis\u00e9 de haute qualit\u00e9. Elles sont plus robustes que nos perches de 3,0 m avec un glissement plus doux. Ces perches sont id\u00e9ales pour l\u2019entrepreneur qui met en place fr\u00e9quemment des barri\u00e8res antipoussi\u00e8res. Id\u00e9ales pour les projets de construction et de r\u00e9novation de b\u00e2timents commerciaux et r\u00e9sidentiels.<\/p>\n<p><strong>Le lot de 2 ZipWall\u00ae 12<\/strong> contient deux perches \u00e0 ressort en aluminium de 3,6 m avec les pi\u00e8ces accessoires (t\u00eates, contre-plaques et antid\u00e9rapants GripDisk\u2122). La feuille plastique n\u2019est pas incluse.<\/p>\n<p><strong>Le lot de 4 ZipWall\u00ae 12<\/strong> contient quatre perches \u00e0 ressort en aluminium de 3,6 m avec pi\u00e8ces accessoires et un sac de transport ZipWall\u00ae. La feuille plastique n\u2019est pas incluse.<\/p>\n<p><strong>Le lot de 6 ZipWall\u00ae 12<\/strong> contient six perches \u00e0 ressort en aluminium de 3,6 m avec pi\u00e8ces accessoires. La feuille plastique n\u2019est pas incluse.<\/p>\n<ul class=\"specs\">\n<li>Extensible de 1,39 m \u00e0 3,6 m<\/li>\n<li>Chaque perche ne p\u00e8se que 0,90 kg<\/li>\n<li>Fabrication en aluminium robuste<\/li>\n<li>Les antid\u00e9rapants GripDisks\u2122 \u00e9vitent le glissement sur le sol lisse<\/li>\n<li>Utilisables avec pression positive ou n\u00e9gative<\/li>\n<li>Pour travaux r\u00e9sidentiels et commerciaux<\/li>\n<li>Contribue \u00e0 assurer la conformit\u00e9 EPA RRP<\/li>\n<\/ul>\n<\/div>\n","protected":false},"excerpt":{"rendered":"<p>&nbsp; &nbsp; &nbsp; &nbsp; Perches de 3m &nbsp;&nbsp;&nbsp; Perches de 6,1m Ces perches \u00e0 ressort \u00e0 verrouillage par rotation sont en aluminium anodis\u00e9 de haute qualit\u00e9. Elles sont plus robustes que nos perches de 3,0 m avec un glissement plus doux. Ces perches sont id\u00e9ales pour l\u2019entrepreneur qui met en place fr\u00e9quemment des barri\u00e8res antipoussi\u00e8res. &hellip; <a href=\"https:\/\/www.zipwall.eu\/fr\/poles12\/\" class=\"more-link\">Continuer la lecture de <span class=\"screen-reader-text\">Perches de 3,6 m<\/span> <span class=\"meta-nav\">&rarr;<\/span><\/a><\/p>\n","protected":false},"author":1,"featured_media":0,"parent":0,"menu_order":0,"comment_status":"closed","ping_status":"closed","template":"","meta":{"footnotes":""},"class_list":["post-341","page","type-page","status-publish","hentry"],"yoast_head":"<!-- This site is optimized with the Yoast SEO plugin v27.4 - https:\/\/yoast.com\/product\/yoast-seo-wordpress\/ -->\n<title>Perches de 3,6 m - ZipWall<\/title>\n<meta name=\"robots\" content=\"index, follow, max-snippet:-1, max-image-preview:large, max-video-preview:-1\" \/>\n<link rel=\"canonical\" href=\"https:\/\/www.zipwall.eu\/fr\/poles12\/\" \/>\n<meta property=\"og:locale\" content=\"fr_FR\" \/>\n<meta property=\"og:type\" content=\"article\" \/>\n<meta property=\"og:title\" content=\"Perches de 3,6 m - ZipWall\" \/>\n<meta property=\"og:description\" content=\"&nbsp; &nbsp; &nbsp; &nbsp; Perches de 3m &nbsp;&nbsp;&nbsp; Perches de 6,1m Ces perches \u00e0 ressort \u00e0 verrouillage par rotation sont en aluminium anodis\u00e9 de haute qualit\u00e9. Elles sont plus robustes que nos perches de 3,0 m avec un glissement plus doux. Ces perches sont id\u00e9ales pour l\u2019entrepreneur qui met en place fr\u00e9quemment des barri\u00e8res antipoussi\u00e8res. &hellip; Continuer la lecture de Perches de 3,6 m &rarr;\" \/>\n<meta property=\"og:url\" content=\"https:\/\/www.zipwall.eu\/fr\/poles12\/\" \/>\n<meta property=\"og:site_name\" content=\"ZipWall\" \/>\n<meta property=\"article:publisher\" content=\"https:\/\/www.facebook.com\/ZipWall-121135931283666\/\" \/>\n<meta property=\"article:modified_time\" content=\"2016-06-14T18:59:10+00:00\" \/>\n<meta property=\"og:image\" content=\"http:\/\/www.zipwall.eu\/wp-content\/uploads\/SLP2_RGB_Product-180x135.jpg\" \/>\n<meta name=\"twitter:card\" content=\"summary_large_image\" \/>\n<meta name=\"twitter:site\" content=\"@ZipWall\" \/>\n<meta name=\"twitter:label1\" content=\"Dur\u00e9e de lecture estim\u00e9e\" \/>\n\t<meta name=\"twitter:data1\" content=\"1 minute\" \/>\n<script type=\"application\/ld+json\" class=\"yoast-schema-graph\">{\"@context\":\"https:\\\/\\\/schema.org\",\"@graph\":[{\"@type\":\"WebPage\",\"@id\":\"https:\\\/\\\/www.zipwall.eu\\\/fr\\\/poles12\\\/\",\"url\":\"https:\\\/\\\/www.zipwall.eu\\\/fr\\\/poles12\\\/\",\"name\":\"Perches de 3,6 m - ZipWall\",\"isPartOf\":{\"@id\":\"https:\\\/\\\/www.zipwall.eu\\\/#website\"},\"primaryImageOfPage\":{\"@id\":\"https:\\\/\\\/www.zipwall.eu\\\/fr\\\/poles12\\\/#primaryimage\"},\"image\":{\"@id\":\"https:\\\/\\\/www.zipwall.eu\\\/fr\\\/poles12\\\/#primaryimage\"},\"thumbnailUrl\":\"http:\\\/\\\/www.zipwall.eu\\\/wp-content\\\/uploads\\\/SLP2_RGB_Product-180x135.jpg\",\"datePublished\":\"2015-11-24T22:20:44+00:00\",\"dateModified\":\"2016-06-14T18:59:10+00:00\",\"breadcrumb\":{\"@id\":\"https:\\\/\\\/www.zipwall.eu\\\/fr\\\/poles12\\\/#breadcrumb\"},\"inLanguage\":\"fr-FR\",\"potentialAction\":[{\"@type\":\"ReadAction\",\"target\":[\"https:\\\/\\\/www.zipwall.eu\\\/fr\\\/poles12\\\/\"]}]},{\"@type\":\"ImageObject\",\"inLanguage\":\"fr-FR\",\"@id\":\"https:\\\/\\\/www.zipwall.eu\\\/fr\\\/poles12\\\/#primaryimage\",\"url\":\"http:\\\/\\\/www.zipwall.eu\\\/wp-content\\\/uploads\\\/SLP2_RGB_Product-180x135.jpg\",\"contentUrl\":\"http:\\\/\\\/www.zipwall.eu\\\/wp-content\\\/uploads\\\/SLP2_RGB_Product-180x135.jpg\"},{\"@type\":\"BreadcrumbList\",\"@id\":\"https:\\\/\\\/www.zipwall.eu\\\/fr\\\/poles12\\\/#breadcrumb\",\"itemListElement\":[{\"@type\":\"ListItem\",\"position\":1,\"name\":\"Home\",\"item\":\"https:\\\/\\\/www.zipwall.eu\\\/fr\\\/\"},{\"@type\":\"ListItem\",\"position\":2,\"name\":\"Perches de 3,6 m\"}]},{\"@type\":\"WebSite\",\"@id\":\"https:\\\/\\\/www.zipwall.eu\\\/#website\",\"url\":\"https:\\\/\\\/www.zipwall.eu\\\/\",\"name\":\"ZipWall\",\"description\":\"Dust Barrier System\",\"potentialAction\":[{\"@type\":\"SearchAction\",\"target\":{\"@type\":\"EntryPoint\",\"urlTemplate\":\"https:\\\/\\\/www.zipwall.eu\\\/?s={search_term_string}\"},\"query-input\":{\"@type\":\"PropertyValueSpecification\",\"valueRequired\":true,\"valueName\":\"search_term_string\"}}],\"inLanguage\":\"fr-FR\"}]}<\/script>\n<!-- \/ Yoast SEO plugin. -->","yoast_head_json":{"title":"Perches de 3,6 m - ZipWall","robots":{"index":"index","follow":"follow","max-snippet":"max-snippet:-1","max-image-preview":"max-image-preview:large","max-video-preview":"max-video-preview:-1"},"canonical":"https:\/\/www.zipwall.eu\/fr\/poles12\/","og_locale":"fr_FR","og_type":"article","og_title":"Perches de 3,6 m - ZipWall","og_description":"&nbsp; &nbsp; &nbsp; &nbsp; Perches de 3m &nbsp;&nbsp;&nbsp; Perches de 6,1m Ces perches \u00e0 ressort \u00e0 verrouillage par rotation sont en aluminium anodis\u00e9 de haute qualit\u00e9. Elles sont plus robustes que nos perches de 3,0 m avec un glissement plus doux. Ces perches sont id\u00e9ales pour l\u2019entrepreneur qui met en place fr\u00e9quemment des barri\u00e8res antipoussi\u00e8res. &hellip; Continuer la lecture de Perches de 3,6 m &rarr;","og_url":"https:\/\/www.zipwall.eu\/fr\/poles12\/","og_site_name":"ZipWall","article_publisher":"https:\/\/www.facebook.com\/ZipWall-121135931283666\/","article_modified_time":"2016-06-14T18:59:10+00:00","og_image":[{"url":"http:\/\/www.zipwall.eu\/wp-content\/uploads\/SLP2_RGB_Product-180x135.jpg","type":"","width":"","height":""}],"twitter_card":"summary_large_image","twitter_site":"@ZipWall","twitter_misc":{"Dur\u00e9e de lecture estim\u00e9e":"1 minute"},"schema":{"@context":"https:\/\/schema.org","@graph":[{"@type":"WebPage","@id":"https:\/\/www.zipwall.eu\/fr\/poles12\/","url":"https:\/\/www.zipwall.eu\/fr\/poles12\/","name":"Perches de 3,6 m - ZipWall","isPartOf":{"@id":"https:\/\/www.zipwall.eu\/#website"},"primaryImageOfPage":{"@id":"https:\/\/www.zipwall.eu\/fr\/poles12\/#primaryimage"},"image":{"@id":"https:\/\/www.zipwall.eu\/fr\/poles12\/#primaryimage"},"thumbnailUrl":"http:\/\/www.zipwall.eu\/wp-content\/uploads\/SLP2_RGB_Product-180x135.jpg","datePublished":"2015-11-24T22:20:44+00:00","dateModified":"2016-06-14T18:59:10+00:00","breadcrumb":{"@id":"https:\/\/www.zipwall.eu\/fr\/poles12\/#breadcrumb"},"inLanguage":"fr-FR","potentialAction":[{"@type":"ReadAction","target":["https:\/\/www.zipwall.eu\/fr\/poles12\/"]}]},{"@type":"ImageObject","inLanguage":"fr-FR","@id":"https:\/\/www.zipwall.eu\/fr\/poles12\/#primaryimage","url":"http:\/\/www.zipwall.eu\/wp-content\/uploads\/SLP2_RGB_Product-180x135.jpg","contentUrl":"http:\/\/www.zipwall.eu\/wp-content\/uploads\/SLP2_RGB_Product-180x135.jpg"},{"@type":"BreadcrumbList","@id":"https:\/\/www.zipwall.eu\/fr\/poles12\/#breadcrumb","itemListElement":[{"@type":"ListItem","position":1,"name":"Home","item":"https:\/\/www.zipwall.eu\/fr\/"},{"@type":"ListItem","position":2,"name":"Perches de 3,6 m"}]},{"@type":"WebSite","@id":"https:\/\/www.zipwall.eu\/#website","url":"https:\/\/www.zipwall.eu\/","name":"ZipWall","description":"Dust Barrier System","potentialAction":[{"@type":"SearchAction","target":{"@type":"EntryPoint","urlTemplate":"https:\/\/www.zipwall.eu\/?s={search_term_string}"},"query-input":{"@type":"PropertyValueSpecification","valueRequired":true,"valueName":"search_term_string"}}],"inLanguage":"fr-FR"}]}},"_links":{"self":[{"href":"https:\/\/www.zipwall.eu\/fr\/wp-json\/wp\/v2\/pages\/341","targetHints":{"allow":["GET"]}}],"collection":[{"href":"https:\/\/www.zipwall.eu\/fr\/wp-json\/wp\/v2\/pages"}],"about":[{"href":"https:\/\/www.zipwall.eu\/fr\/wp-json\/wp\/v2\/types\/page"}],"author":[{"embeddable":true,"href":"https:\/\/www.zipwall.eu\/fr\/wp-json\/wp\/v2\/users\/1"}],"replies":[{"embeddable":true,"href":"https:\/\/www.zipwall.eu\/fr\/wp-json\/wp\/v2\/comments?post=341"}],"version-history":[{"count":0,"href":"https:\/\/www.zipwall.eu\/fr\/wp-json\/wp\/v2\/pages\/341\/revisions"}],"wp:attachment":[{"href":"https:\/\/www.zipwall.eu\/fr\/wp-json\/wp\/v2\/media?parent=341"}],"curies":[{"name":"wp","href":"https:\/\/api.w.org\/{rel}","templated":true}]}}