{"id":343,"date":"2015-11-24T17:22:06","date_gmt":"2015-11-24T22:22:06","guid":{"rendered":"http:\/\/www.zipwall.eu\/perches-de-61-m\/?lang=fr"},"modified":"2018-07-30T14:28:01","modified_gmt":"2018-07-30T18:28:01","slug":"poles20","status":"publish","type":"page","link":"https:\/\/www.zipwall.eu\/fr\/poles20\/","title":{"rendered":"Perches de 6,1 m"},"content":{"rendered":"<div class=\"term-description prod\">\n<figure id=\"attachment_2633\" aria-describedby=\"caption-attachment-2633\" style=\"width: 180px\" class=\"wp-caption alignnone\"><a href=\"https:\/\/www.zipwall.eu\/fr\/product\/zip20-2-pack\/\"><img loading=\"lazy\" decoding=\"async\" class=\"wp-image-2633 size-thumbnail\" src=\"http:\/\/www.zipwall.eu\/wp-content\/uploads\/KT20_RGB_Product-180x116.jpg\" alt=\"Lot de 2 ZipWall 20\" width=\"180\" height=\"116\" \/><\/a><figcaption id=\"caption-attachment-2633\" class=\"wp-caption-text\"><span style=\"font-weight: normal; text-align: left;\">KT20<\/span> <br \/> <a href=\"https:\/\/www.zipwall.eu\/fr\/product\/zip20-2-pack\/\">Lot de 2 ZipWall\u00ae 20<\/a><\/figcaption><\/figure>\n<p class=\"product woocommerce add_to_cart_inline \" style=\"border:4px solid #ccc; padding: 12px;\">\t<span id=\"woocommerce_loop_add_to_cart_link_describedby_55\" class=\"screen-reader-text\">\n\t\t\t<\/span>\n<\/p>\n<a href=\"https:\/\/www.youtube.com\/embed\/QgqRwGYUVRI?rel=0\" class=\"popup\" data-width=\"600\" data-height=\"400\" data-scrollbars=\"1\" alt=\"popup\"><img decoding=\"async\" src=\"\/wp-content\/uploads\/howdiw-fr-video.png\" \/><\/a>\n<p style=\"margin-top:12px;\">\n<a href=\"https:\/\/www.zipwall.eu\/poles10\/\"><em>Perches de 3m<\/em><\/a>  &nbsp;&nbsp;&nbsp;   <a href=\"https:\/\/www.zipwall.eu\/poles12\/\"><em>Perches de 3.6m<\/em><\/a><\/p>\n<p>Ces perches de 6,1 m sont fabriqu\u00e9es en aluminium anodis\u00e9 de haute qualit\u00e9 et offrent une polyvalence maximale. Elles sont id\u00e9ales pour travailler avec de tr\u00e8s grandes hauteurs de plafond, mais elles peuvent descendre jusqu\u2019\u00e0 1,57 m pour travailler tout aussi bien avec des hauteurs de plafond courantes.<\/p>\n<p><strong>Le lot de 2 ZipWall\u00ae 20<\/strong> contient deux perches \u00e0 ressort en aluminium de 6,1 m avec les pi\u00e8ces accessoires (t\u00eates, contre-plaques et antid\u00e9rapants GripDisk\u2122). La feuille plastique n\u2019est pas incluse.<\/p>\n<ul class=\"specs\">\n<li>Extensible de 1,57 m \u00e0 6,1 m<\/li>\n<li>Chaque perche ne p\u00e8se que 1,47 kg<\/li>\n<li>Fabrication en aluminium robuste<\/li>\n<li>Les antid\u00e9rapants GripDisks\u2122 \u00e9vitent le glissement sur le sol lisse<\/li>\n<li>Utilisables avec pression positive ou n\u00e9gative<\/li>\n<li>Pour travaux r\u00e9sidentiels et commerciaux<\/li>\n<li>Contribue \u00e0 assurer la conformit\u00e9 EPA RRP<\/li>\n<\/ul>\n<\/div>\n","protected":false},"excerpt":{"rendered":"<p>Perches de 3m &nbsp;&nbsp;&nbsp; Perches de 3.6m Ces perches de 6,1 m sont fabriqu\u00e9es en aluminium anodis\u00e9 de haute qualit\u00e9 et offrent une polyvalence maximale. Elles sont id\u00e9ales pour travailler avec de tr\u00e8s grandes hauteurs de plafond, mais elles peuvent descendre jusqu\u2019\u00e0 1,57 m pour travailler tout aussi bien avec des hauteurs de plafond courantes. &hellip; <a href=\"https:\/\/www.zipwall.eu\/fr\/poles20\/\" class=\"more-link\">Continuer la lecture de <span class=\"screen-reader-text\">Perches de 6,1 m<\/span> <span class=\"meta-nav\">&rarr;<\/span><\/a><\/p>\n","protected":false},"author":1,"featured_media":0,"parent":0,"menu_order":0,"comment_status":"closed","ping_status":"closed","template":"","meta":{"footnotes":""},"class_list":["post-343","page","type-page","status-publish","hentry"],"yoast_head":"<!-- This site is optimized with the Yoast SEO plugin v27.4 - https:\/\/yoast.com\/product\/yoast-seo-wordpress\/ -->\n<title>Perches de 6,1 m - ZipWall<\/title>\n<meta name=\"robots\" content=\"index, follow, max-snippet:-1, max-image-preview:large, max-video-preview:-1\" \/>\n<link rel=\"canonical\" href=\"https:\/\/www.zipwall.eu\/fr\/poles20\/\" \/>\n<meta property=\"og:locale\" content=\"fr_FR\" \/>\n<meta property=\"og:type\" content=\"article\" \/>\n<meta property=\"og:title\" content=\"Perches de 6,1 m - ZipWall\" \/>\n<meta property=\"og:description\" content=\"Perches de 3m &nbsp;&nbsp;&nbsp; Perches de 3.6m Ces perches de 6,1 m sont fabriqu\u00e9es en aluminium anodis\u00e9 de haute qualit\u00e9 et offrent une polyvalence maximale. Elles sont id\u00e9ales pour travailler avec de tr\u00e8s grandes hauteurs de plafond, mais elles peuvent descendre jusqu\u2019\u00e0 1,57 m pour travailler tout aussi bien avec des hauteurs de plafond courantes. &hellip; Continuer la lecture de Perches de 6,1 m &rarr;\" \/>\n<meta property=\"og:url\" content=\"https:\/\/www.zipwall.eu\/fr\/poles20\/\" \/>\n<meta property=\"og:site_name\" content=\"ZipWall\" \/>\n<meta property=\"article:publisher\" content=\"https:\/\/www.facebook.com\/ZipWall-121135931283666\/\" \/>\n<meta property=\"article:modified_time\" content=\"2018-07-30T18:28:01+00:00\" \/>\n<meta property=\"og:image\" content=\"http:\/\/www.zipwall.eu\/wp-content\/uploads\/KT20_RGB_Product-180x116.jpg\" \/>\n<meta name=\"twitter:card\" content=\"summary_large_image\" \/>\n<meta name=\"twitter:site\" content=\"@ZipWall\" \/>\n<meta name=\"twitter:label1\" content=\"Dur\u00e9e de lecture estim\u00e9e\" \/>\n\t<meta name=\"twitter:data1\" content=\"1 minute\" \/>\n<script type=\"application\/ld+json\" class=\"yoast-schema-graph\">{\"@context\":\"https:\\\/\\\/schema.org\",\"@graph\":[{\"@type\":\"WebPage\",\"@id\":\"https:\\\/\\\/www.zipwall.eu\\\/fr\\\/poles20\\\/\",\"url\":\"https:\\\/\\\/www.zipwall.eu\\\/fr\\\/poles20\\\/\",\"name\":\"Perches de 6,1 m - ZipWall\",\"isPartOf\":{\"@id\":\"https:\\\/\\\/www.zipwall.eu\\\/#website\"},\"primaryImageOfPage\":{\"@id\":\"https:\\\/\\\/www.zipwall.eu\\\/fr\\\/poles20\\\/#primaryimage\"},\"image\":{\"@id\":\"https:\\\/\\\/www.zipwall.eu\\\/fr\\\/poles20\\\/#primaryimage\"},\"thumbnailUrl\":\"http:\\\/\\\/www.zipwall.eu\\\/wp-content\\\/uploads\\\/KT20_RGB_Product-180x116.jpg\",\"datePublished\":\"2015-11-24T22:22:06+00:00\",\"dateModified\":\"2018-07-30T18:28:01+00:00\",\"breadcrumb\":{\"@id\":\"https:\\\/\\\/www.zipwall.eu\\\/fr\\\/poles20\\\/#breadcrumb\"},\"inLanguage\":\"fr-FR\",\"potentialAction\":[{\"@type\":\"ReadAction\",\"target\":[\"https:\\\/\\\/www.zipwall.eu\\\/fr\\\/poles20\\\/\"]}]},{\"@type\":\"ImageObject\",\"inLanguage\":\"fr-FR\",\"@id\":\"https:\\\/\\\/www.zipwall.eu\\\/fr\\\/poles20\\\/#primaryimage\",\"url\":\"http:\\\/\\\/www.zipwall.eu\\\/wp-content\\\/uploads\\\/KT20_RGB_Product-180x116.jpg\",\"contentUrl\":\"http:\\\/\\\/www.zipwall.eu\\\/wp-content\\\/uploads\\\/KT20_RGB_Product-180x116.jpg\"},{\"@type\":\"BreadcrumbList\",\"@id\":\"https:\\\/\\\/www.zipwall.eu\\\/fr\\\/poles20\\\/#breadcrumb\",\"itemListElement\":[{\"@type\":\"ListItem\",\"position\":1,\"name\":\"Home\",\"item\":\"https:\\\/\\\/www.zipwall.eu\\\/fr\\\/\"},{\"@type\":\"ListItem\",\"position\":2,\"name\":\"Perches de 6,1 m\"}]},{\"@type\":\"WebSite\",\"@id\":\"https:\\\/\\\/www.zipwall.eu\\\/#website\",\"url\":\"https:\\\/\\\/www.zipwall.eu\\\/\",\"name\":\"ZipWall\",\"description\":\"Dust Barrier System\",\"potentialAction\":[{\"@type\":\"SearchAction\",\"target\":{\"@type\":\"EntryPoint\",\"urlTemplate\":\"https:\\\/\\\/www.zipwall.eu\\\/?s={search_term_string}\"},\"query-input\":{\"@type\":\"PropertyValueSpecification\",\"valueRequired\":true,\"valueName\":\"search_term_string\"}}],\"inLanguage\":\"fr-FR\"}]}<\/script>\n<!-- \/ Yoast SEO plugin. -->","yoast_head_json":{"title":"Perches de 6,1 m - ZipWall","robots":{"index":"index","follow":"follow","max-snippet":"max-snippet:-1","max-image-preview":"max-image-preview:large","max-video-preview":"max-video-preview:-1"},"canonical":"https:\/\/www.zipwall.eu\/fr\/poles20\/","og_locale":"fr_FR","og_type":"article","og_title":"Perches de 6,1 m - ZipWall","og_description":"Perches de 3m &nbsp;&nbsp;&nbsp; Perches de 3.6m Ces perches de 6,1 m sont fabriqu\u00e9es en aluminium anodis\u00e9 de haute qualit\u00e9 et offrent une polyvalence maximale. Elles sont id\u00e9ales pour travailler avec de tr\u00e8s grandes hauteurs de plafond, mais elles peuvent descendre jusqu\u2019\u00e0 1,57 m pour travailler tout aussi bien avec des hauteurs de plafond courantes. &hellip; Continuer la lecture de Perches de 6,1 m &rarr;","og_url":"https:\/\/www.zipwall.eu\/fr\/poles20\/","og_site_name":"ZipWall","article_publisher":"https:\/\/www.facebook.com\/ZipWall-121135931283666\/","article_modified_time":"2018-07-30T18:28:01+00:00","og_image":[{"url":"http:\/\/www.zipwall.eu\/wp-content\/uploads\/KT20_RGB_Product-180x116.jpg","type":"","width":"","height":""}],"twitter_card":"summary_large_image","twitter_site":"@ZipWall","twitter_misc":{"Dur\u00e9e de lecture estim\u00e9e":"1 minute"},"schema":{"@context":"https:\/\/schema.org","@graph":[{"@type":"WebPage","@id":"https:\/\/www.zipwall.eu\/fr\/poles20\/","url":"https:\/\/www.zipwall.eu\/fr\/poles20\/","name":"Perches de 6,1 m - ZipWall","isPartOf":{"@id":"https:\/\/www.zipwall.eu\/#website"},"primaryImageOfPage":{"@id":"https:\/\/www.zipwall.eu\/fr\/poles20\/#primaryimage"},"image":{"@id":"https:\/\/www.zipwall.eu\/fr\/poles20\/#primaryimage"},"thumbnailUrl":"http:\/\/www.zipwall.eu\/wp-content\/uploads\/KT20_RGB_Product-180x116.jpg","datePublished":"2015-11-24T22:22:06+00:00","dateModified":"2018-07-30T18:28:01+00:00","breadcrumb":{"@id":"https:\/\/www.zipwall.eu\/fr\/poles20\/#breadcrumb"},"inLanguage":"fr-FR","potentialAction":[{"@type":"ReadAction","target":["https:\/\/www.zipwall.eu\/fr\/poles20\/"]}]},{"@type":"ImageObject","inLanguage":"fr-FR","@id":"https:\/\/www.zipwall.eu\/fr\/poles20\/#primaryimage","url":"http:\/\/www.zipwall.eu\/wp-content\/uploads\/KT20_RGB_Product-180x116.jpg","contentUrl":"http:\/\/www.zipwall.eu\/wp-content\/uploads\/KT20_RGB_Product-180x116.jpg"},{"@type":"BreadcrumbList","@id":"https:\/\/www.zipwall.eu\/fr\/poles20\/#breadcrumb","itemListElement":[{"@type":"ListItem","position":1,"name":"Home","item":"https:\/\/www.zipwall.eu\/fr\/"},{"@type":"ListItem","position":2,"name":"Perches de 6,1 m"}]},{"@type":"WebSite","@id":"https:\/\/www.zipwall.eu\/#website","url":"https:\/\/www.zipwall.eu\/","name":"ZipWall","description":"Dust Barrier System","potentialAction":[{"@type":"SearchAction","target":{"@type":"EntryPoint","urlTemplate":"https:\/\/www.zipwall.eu\/?s={search_term_string}"},"query-input":{"@type":"PropertyValueSpecification","valueRequired":true,"valueName":"search_term_string"}}],"inLanguage":"fr-FR"}]}},"_links":{"self":[{"href":"https:\/\/www.zipwall.eu\/fr\/wp-json\/wp\/v2\/pages\/343","targetHints":{"allow":["GET"]}}],"collection":[{"href":"https:\/\/www.zipwall.eu\/fr\/wp-json\/wp\/v2\/pages"}],"about":[{"href":"https:\/\/www.zipwall.eu\/fr\/wp-json\/wp\/v2\/types\/page"}],"author":[{"embeddable":true,"href":"https:\/\/www.zipwall.eu\/fr\/wp-json\/wp\/v2\/users\/1"}],"replies":[{"embeddable":true,"href":"https:\/\/www.zipwall.eu\/fr\/wp-json\/wp\/v2\/comments?post=343"}],"version-history":[{"count":0,"href":"https:\/\/www.zipwall.eu\/fr\/wp-json\/wp\/v2\/pages\/343\/revisions"}],"wp:attachment":[{"href":"https:\/\/www.zipwall.eu\/fr\/wp-json\/wp\/v2\/media?parent=343"}],"curies":[{"name":"wp","href":"https:\/\/api.w.org\/{rel}","templated":true}]}}