{"id":347,"date":"2015-11-25T09:37:03","date_gmt":"2015-11-25T14:37:03","guid":{"rendered":"http:\/\/www.zipwall.eu\/rails-et-supports-detancheite-sans-ruban-adhesif\/?lang=fr"},"modified":"2016-06-06T16:59:14","modified_gmt":"2016-06-06T20:59:14","slug":"rails-mounts","status":"publish","type":"page","link":"https:\/\/www.zipwall.eu\/fr\/rails-mounts\/","title":{"rendered":"Rails d\u2019\u00e9tanch\u00e9it\u00e9 et supports muraux sans ruban adh\u00e9sif"},"content":{"rendered":"<table>\n<tbody>\n<tr>\n<td>\n<p><figure id=\"attachment_686\" aria-describedby=\"caption-attachment-686\" style=\"width: 180px\" class=\"wp-caption alignnone\"><a href=\"https:\/\/www.zipwall.eu\/fr\/foamrail-seals\/\"><img loading=\"lazy\" decoding=\"async\" class=\"wp-image-686 size-thumbnail\" src=\"\/wp-content\/uploads\/FR2_Product-180x100.jpg\" alt=\"\" width=\"180\" height=\"100\" \/><\/a><figcaption id=\"caption-attachment-686\" class=\"wp-caption-text\">Rails<\/figcaption><\/figure><\/td>\n<td>\n<p><figure id=\"attachment_95\" aria-describedby=\"caption-attachment-95\" style=\"width: 180px\" class=\"wp-caption alignnone\"><a href=\"https:\/\/www.zipwall.eu\/fr\/sideclamp-mounts\/\"><img loading=\"lazy\" decoding=\"async\" class=\"size-thumbnail wp-image-95\" src=\"\/wp-content\/uploads\/SC2-180x135.jpg\" alt=\"SideClamp Wall Mounts\" width=\"180\" height=\"135\" \/><\/a><figcaption id=\"caption-attachment-95\" class=\"wp-caption-text\">Supports muraux<\/figcaption><\/figure><\/td>\n<\/tr>\n<\/tbody>\n<\/table>\n<p>Les accessoires traverse et support mural ZipWall\u00ae FoamRail\u2122 s\u2019utilisent avec les perches ZipWall\u00ae pour \u00e9tancher facilement et rapidement tous les murs, plafonds et planchers sans ruban adh\u00e9sif, sans \u00e9chelle ni d\u00e9g\u00e2t.<\/p>\n","protected":false},"excerpt":{"rendered":"<p>Les accessoires traverse et support mural ZipWall\u00ae FoamRail\u2122 s\u2019utilisent avec les perches ZipWall\u00ae pour \u00e9tancher facilement et rapidement tous les murs, plafonds et planchers sans ruban adh\u00e9sif, sans \u00e9chelle ni d\u00e9g\u00e2t.<\/p>\n","protected":false},"author":1,"featured_media":0,"parent":0,"menu_order":0,"comment_status":"closed","ping_status":"closed","template":"","meta":{"footnotes":""},"class_list":["post-347","page","type-page","status-publish","hentry"],"yoast_head":"<!-- This site is optimized with the Yoast SEO plugin v27.4 - https:\/\/yoast.com\/product\/yoast-seo-wordpress\/ -->\n<title>Rails d\u2019\u00e9tanch\u00e9it\u00e9 et supports muraux sans ruban adh\u00e9sif - ZipWall<\/title>\n<meta name=\"robots\" content=\"index, follow, max-snippet:-1, max-image-preview:large, max-video-preview:-1\" \/>\n<link rel=\"canonical\" href=\"https:\/\/www.zipwall.eu\/fr\/rails-mounts\/\" \/>\n<meta property=\"og:locale\" content=\"fr_FR\" \/>\n<meta property=\"og:type\" content=\"article\" \/>\n<meta property=\"og:title\" content=\"Rails d\u2019\u00e9tanch\u00e9it\u00e9 et supports muraux sans ruban adh\u00e9sif - ZipWall\" \/>\n<meta property=\"og:description\" content=\"Les accessoires traverse et support mural ZipWall\u00ae FoamRail\u2122 s\u2019utilisent avec les perches ZipWall\u00ae pour \u00e9tancher facilement et rapidement tous les murs, plafonds et planchers sans ruban adh\u00e9sif, sans \u00e9chelle ni d\u00e9g\u00e2t.\" \/>\n<meta property=\"og:url\" content=\"https:\/\/www.zipwall.eu\/fr\/rails-mounts\/\" \/>\n<meta property=\"og:site_name\" content=\"ZipWall\" \/>\n<meta property=\"article:publisher\" content=\"https:\/\/www.facebook.com\/ZipWall-121135931283666\/\" \/>\n<meta property=\"article:modified_time\" content=\"2016-06-06T20:59:14+00:00\" \/>\n<meta property=\"og:image\" content=\"https:\/\/www.zipwall.eu\/wp-content\/uploads\/FR2_Product-180x100.jpg\" \/>\n<meta name=\"twitter:card\" content=\"summary_large_image\" \/>\n<meta name=\"twitter:site\" content=\"@ZipWall\" \/>\n<script type=\"application\/ld+json\" class=\"yoast-schema-graph\">{\"@context\":\"https:\\\/\\\/schema.org\",\"@graph\":[{\"@type\":\"WebPage\",\"@id\":\"https:\\\/\\\/www.zipwall.eu\\\/fr\\\/rails-mounts\\\/\",\"url\":\"https:\\\/\\\/www.zipwall.eu\\\/fr\\\/rails-mounts\\\/\",\"name\":\"Rails d\u2019\u00e9tanch\u00e9it\u00e9 et supports muraux sans ruban adh\u00e9sif - ZipWall\",\"isPartOf\":{\"@id\":\"https:\\\/\\\/www.zipwall.eu\\\/#website\"},\"datePublished\":\"2015-11-25T14:37:03+00:00\",\"dateModified\":\"2016-06-06T20:59:14+00:00\",\"breadcrumb\":{\"@id\":\"https:\\\/\\\/www.zipwall.eu\\\/fr\\\/rails-mounts\\\/#breadcrumb\"},\"inLanguage\":\"fr-FR\",\"potentialAction\":[{\"@type\":\"ReadAction\",\"target\":[\"https:\\\/\\\/www.zipwall.eu\\\/fr\\\/rails-mounts\\\/\"]}]},{\"@type\":\"BreadcrumbList\",\"@id\":\"https:\\\/\\\/www.zipwall.eu\\\/fr\\\/rails-mounts\\\/#breadcrumb\",\"itemListElement\":[{\"@type\":\"ListItem\",\"position\":1,\"name\":\"Home\",\"item\":\"https:\\\/\\\/www.zipwall.eu\\\/fr\\\/\"},{\"@type\":\"ListItem\",\"position\":2,\"name\":\"Rails d\u2019\u00e9tanch\u00e9it\u00e9 et supports muraux sans ruban adh\u00e9sif\"}]},{\"@type\":\"WebSite\",\"@id\":\"https:\\\/\\\/www.zipwall.eu\\\/#website\",\"url\":\"https:\\\/\\\/www.zipwall.eu\\\/\",\"name\":\"ZipWall\",\"description\":\"Dust Barrier System\",\"potentialAction\":[{\"@type\":\"SearchAction\",\"target\":{\"@type\":\"EntryPoint\",\"urlTemplate\":\"https:\\\/\\\/www.zipwall.eu\\\/?s={search_term_string}\"},\"query-input\":{\"@type\":\"PropertyValueSpecification\",\"valueRequired\":true,\"valueName\":\"search_term_string\"}}],\"inLanguage\":\"fr-FR\"}]}<\/script>\n<!-- \/ Yoast SEO plugin. -->","yoast_head_json":{"title":"Rails d\u2019\u00e9tanch\u00e9it\u00e9 et supports muraux sans ruban adh\u00e9sif - ZipWall","robots":{"index":"index","follow":"follow","max-snippet":"max-snippet:-1","max-image-preview":"max-image-preview:large","max-video-preview":"max-video-preview:-1"},"canonical":"https:\/\/www.zipwall.eu\/fr\/rails-mounts\/","og_locale":"fr_FR","og_type":"article","og_title":"Rails d\u2019\u00e9tanch\u00e9it\u00e9 et supports muraux sans ruban adh\u00e9sif - ZipWall","og_description":"Les accessoires traverse et support mural ZipWall\u00ae FoamRail\u2122 s\u2019utilisent avec les perches ZipWall\u00ae pour \u00e9tancher facilement et rapidement tous les murs, plafonds et planchers sans ruban adh\u00e9sif, sans \u00e9chelle ni d\u00e9g\u00e2t.","og_url":"https:\/\/www.zipwall.eu\/fr\/rails-mounts\/","og_site_name":"ZipWall","article_publisher":"https:\/\/www.facebook.com\/ZipWall-121135931283666\/","article_modified_time":"2016-06-06T20:59:14+00:00","og_image":[{"url":"https:\/\/www.zipwall.eu\/wp-content\/uploads\/FR2_Product-180x100.jpg","type":"","width":"","height":""}],"twitter_card":"summary_large_image","twitter_site":"@ZipWall","schema":{"@context":"https:\/\/schema.org","@graph":[{"@type":"WebPage","@id":"https:\/\/www.zipwall.eu\/fr\/rails-mounts\/","url":"https:\/\/www.zipwall.eu\/fr\/rails-mounts\/","name":"Rails d\u2019\u00e9tanch\u00e9it\u00e9 et supports muraux sans ruban adh\u00e9sif - ZipWall","isPartOf":{"@id":"https:\/\/www.zipwall.eu\/#website"},"datePublished":"2015-11-25T14:37:03+00:00","dateModified":"2016-06-06T20:59:14+00:00","breadcrumb":{"@id":"https:\/\/www.zipwall.eu\/fr\/rails-mounts\/#breadcrumb"},"inLanguage":"fr-FR","potentialAction":[{"@type":"ReadAction","target":["https:\/\/www.zipwall.eu\/fr\/rails-mounts\/"]}]},{"@type":"BreadcrumbList","@id":"https:\/\/www.zipwall.eu\/fr\/rails-mounts\/#breadcrumb","itemListElement":[{"@type":"ListItem","position":1,"name":"Home","item":"https:\/\/www.zipwall.eu\/fr\/"},{"@type":"ListItem","position":2,"name":"Rails d\u2019\u00e9tanch\u00e9it\u00e9 et supports muraux sans ruban adh\u00e9sif"}]},{"@type":"WebSite","@id":"https:\/\/www.zipwall.eu\/#website","url":"https:\/\/www.zipwall.eu\/","name":"ZipWall","description":"Dust Barrier System","potentialAction":[{"@type":"SearchAction","target":{"@type":"EntryPoint","urlTemplate":"https:\/\/www.zipwall.eu\/?s={search_term_string}"},"query-input":{"@type":"PropertyValueSpecification","valueRequired":true,"valueName":"search_term_string"}}],"inLanguage":"fr-FR"}]}},"_links":{"self":[{"href":"https:\/\/www.zipwall.eu\/fr\/wp-json\/wp\/v2\/pages\/347","targetHints":{"allow":["GET"]}}],"collection":[{"href":"https:\/\/www.zipwall.eu\/fr\/wp-json\/wp\/v2\/pages"}],"about":[{"href":"https:\/\/www.zipwall.eu\/fr\/wp-json\/wp\/v2\/types\/page"}],"author":[{"embeddable":true,"href":"https:\/\/www.zipwall.eu\/fr\/wp-json\/wp\/v2\/users\/1"}],"replies":[{"embeddable":true,"href":"https:\/\/www.zipwall.eu\/fr\/wp-json\/wp\/v2\/comments?post=347"}],"version-history":[{"count":0,"href":"https:\/\/www.zipwall.eu\/fr\/wp-json\/wp\/v2\/pages\/347\/revisions"}],"wp:attachment":[{"href":"https:\/\/www.zipwall.eu\/fr\/wp-json\/wp\/v2\/media?parent=347"}],"curies":[{"name":"wp","href":"https:\/\/api.w.org\/{rel}","templated":true}]}}