{"id":358,"date":"2015-11-25T09:50:17","date_gmt":"2015-11-25T14:50:17","guid":{"rendered":"http:\/\/www.zipwall.eu\/supports-muraux-sideclamp\/?lang=fr"},"modified":"2019-03-20T11:29:15","modified_gmt":"2019-03-20T15:29:15","slug":"sideclamp-mounts","status":"publish","type":"page","link":"https:\/\/www.zipwall.eu\/fr\/sideclamp-mounts\/","title":{"rendered":"Supports muraux"},"content":{"rendered":"<table class=\"prod\">\n<tbody>\n<tr>\n<td width=\"33%\"><a href=\"https:\/\/www.zipwall.eu\/product\/sidebridge-wall-mount-4-pack\/\"><img decoding=\"async\" src=\"https:\/\/www.zipwall.eu\/wp-content\/uploads\/SBR4_rgb_product_fullsize-292x200.jpg\" alt=\"SideBridge\" width=\"200\"><br \/>\nSBR4<br \/>\nSupports muraux sans ruban adh\u00e9sif SideBridge\u2122<br \/>\nLot de 4.<\/a>\n<\/td>\n<td>\n<figure id=\"attachment_440\" aria-describedby=\"caption-attachment-440\" style=\"width: 180px\" class=\"wp-caption alignnone\"><a href=\"https:\/\/www.zipwall.eu\/fr\/product\/sideclamp-wall-mount-2-pack\/\"><img loading=\"lazy\" decoding=\"async\" class=\"wp-image-95 size-thumbnail\" src=\"\/wp-content\/uploads\/SC2-180x135.jpg\" alt=\"Le lot de 2 pince murale lat\u00e9rale d\u2019\u00e9tanch\u00e9it\u00e9 sans adh\u00e9sif SideClamp\u2122\" width=\"180\" height=\"135\"><\/a><figcaption id=\"caption-attachment-440\" class=\"wp-caption-text\">SC2<br \/> <a href=\"https:\/\/www.zipwall.eu\/fr\/product\/sideclamp-wall-mount-2-pack\/\">Le lot de 2 pince murale lat\u00e9rale d\u2019\u00e9tanch\u00e9it\u00e9 sans adh\u00e9sif SideClamp\u2122<\/a><\/figcaption><\/figure>\n<p><p class=\"product woocommerce add_to_cart_inline \" style=\"border:4px solid #ccc; padding: 12px;\">\t<span id=\"woocommerce_loop_add_to_cart_link_describedby_60\" class=\"screen-reader-text\">\n\t\t\t<\/span>\n<\/p><\/td>\n<td>\n<figure id=\"attachment_2862\" aria-describedby=\"caption-attachment-2862\" style=\"width: 150px\" class=\"wp-caption alignnone\"><a href=\"https:\/\/www.zipwall.eu\/fr\/product\/sidepack-wall-mount-kit\/\"><img loading=\"lazy\" decoding=\"async\" class=\"wp-image-2862 size-thumbnail\" src=\"https:\/\/www.zipwall.eu\/wp-content\/uploads\/SDPK_RGB_Product-150x116.jpg\" alt=\"Kit de supports muraux SidePack\" width=\"150\" height=\"116\"><\/a><figcaption id=\"caption-attachment-2862\" class=\"wp-caption-text\">SDPK<br \/> <a href=\"https:\/\/www.zipwall.eu\/fr\/product\/sidepack-wall-mount-kit\/\">Kit de supports muraux SidePack\u2122<\/a><\/figcaption><\/figure>\n<p><p class=\"product woocommerce add_to_cart_inline \" style=\"border:4px solid #ccc; padding: 12px;\">\t<span id=\"woocommerce_loop_add_to_cart_link_describedby_61\" class=\"screen-reader-text\">\n\t\t\t<\/span>\n<\/p><\/td>\n<\/tr>\n<\/tbody>\n<\/table>\n<a href=\"https:\/\/www.youtube.com\/embed\/B8vYRhLfhyc?autoplay=1&#038;rel=0\" class=\"popup\" data-width=\"600\" data-height=\"400\" data-scrollbars=\"1\" alt=\"popup\"><img decoding=\"async\" src=\"\/wp-content\/uploads\/howdiw-fr-video.png\"><\/a>\n<div class=\"term-description\">\n<p>En s&rsquo;appuyant sur la perche ZipWall\u00ae la plus proche du mur, la pince murale lat\u00e9rale d\u2019\u00e9tanch\u00e9it\u00e9 sans adh\u00e9sif SideClamp\u2122 assure une \u00e9tanch\u00e9it\u00e9 parfaite de la barri\u00e8re contre le mur en poussant une rail d\u2019\u00e9tanch\u00e9it\u00e9 sans adh\u00e9sif FoamRail\u2122entre les deux. Les rails d\u2019\u00e9tanch\u00e9it\u00e9 sans adh\u00e9sif FoamRail\u2122 s&rsquo;encliquettent facilement sur les pince murale lat\u00e9rale d\u2019\u00e9tanch\u00e9it\u00e9 sans adh\u00e9sif SideClamp\u2122 \u00c0 utiliser avec de la feuille plastique ou des panneaux de barri\u00e8re r\u00e9utisables ZipFast\u2122.<\/p>\n<p><strong>Le lot de 2 pince murale lat\u00e9rale d\u2019\u00e9tanch\u00e9it\u00e9 sans adh\u00e9sif SideClamp\u2122<\/strong> contient deux pince murale lat\u00e9rale d\u2019\u00e9tanch\u00e9it\u00e9 sans adh\u00e9sif SideClamp\u2122 \u00e0 utiliser avec les rails d\u2019\u00e9tanch\u00e9it\u00e9 sans adh\u00e9sif FoamRail\u2122. <em>N&rsquo;inclut pas les les rails d\u2019\u00e9tanch\u00e9it\u00e9 sans adh\u00e9sif FoamRail\u2122.<\/em><\/p>\n<p><strong>Le kit de supports muraux SidePack\u2122<\/strong> contient six pince murale lat\u00e9rale d\u2019\u00e9tanch\u00e9it\u00e9 sans adh\u00e9sif SideClamp\u2122, six rails d\u2019\u00e9tanch\u00e9it\u00e9 sans adh\u00e9sif FoamRail\u2122 &nbsp;de 0,9&nbsp;m et un sac de transport ZipWall\u00ae. Assure l&rsquo;\u00e9tanch\u00e9it\u00e9 sur les murs des deux c\u00f4t\u00e9s d&rsquo;une barri\u00e8re ZipWall\u00ae. Assure l&rsquo;\u00e9tanch\u00e9it\u00e9 compl\u00e8te de deux murs de 2,74&nbsp;m de haut chacun.<\/p>\n<ul class=\"specs\">\n<li>Forme une barri\u00e8re \u00e9tanche \u00e0 la poussi\u00e8re le long des murs<\/li>\n<li>Id\u00e9al pour les chantiers r\u00e9sidentiels ou commerciaux<\/li>\n<li>Id\u00e9al pour les travaux dans les \u00e9tablissements de sant\u00e9<\/li>\n<li>Plus besoin d&rsquo;\u00e9chelle ni de ruban adh\u00e9sif<\/li>\n<li>Fabrication robuste en polycarbonate<\/li>\n<\/ul>\n<\/div>\n","protected":false},"excerpt":{"rendered":"<p>SBR4 Supports muraux sans ruban adh\u00e9sif SideBridge\u2122 Lot de 4. En s&rsquo;appuyant sur la perche ZipWall\u00ae la plus proche du mur, la pince murale lat\u00e9rale d\u2019\u00e9tanch\u00e9it\u00e9 sans adh\u00e9sif SideClamp\u2122 assure une \u00e9tanch\u00e9it\u00e9 parfaite de la barri\u00e8re contre le mur en poussant une rail d\u2019\u00e9tanch\u00e9it\u00e9 sans adh\u00e9sif FoamRail\u2122entre les deux. Les rails d\u2019\u00e9tanch\u00e9it\u00e9 sans adh\u00e9sif FoamRail\u2122 &hellip; <a href=\"https:\/\/www.zipwall.eu\/fr\/sideclamp-mounts\/\" class=\"more-link\">Continuer la lecture de <span class=\"screen-reader-text\">Supports muraux<\/span> <span class=\"meta-nav\">&rarr;<\/span><\/a><\/p>\n","protected":false},"author":1,"featured_media":0,"parent":0,"menu_order":0,"comment_status":"closed","ping_status":"closed","template":"","meta":{"footnotes":""},"class_list":["post-358","page","type-page","status-publish","hentry"],"yoast_head":"<!-- This site is optimized with the Yoast SEO plugin v27.4 - https:\/\/yoast.com\/product\/yoast-seo-wordpress\/ -->\n<title>Supports muraux - ZipWall<\/title>\n<meta name=\"robots\" content=\"index, follow, max-snippet:-1, max-image-preview:large, max-video-preview:-1\" \/>\n<link rel=\"canonical\" href=\"https:\/\/www.zipwall.eu\/fr\/sideclamp-mounts\/\" \/>\n<meta property=\"og:locale\" content=\"fr_FR\" \/>\n<meta property=\"og:type\" content=\"article\" \/>\n<meta property=\"og:title\" content=\"Supports muraux - ZipWall\" \/>\n<meta property=\"og:description\" content=\"SBR4 Supports muraux sans ruban adh\u00e9sif SideBridge\u2122 Lot de 4. En s&rsquo;appuyant sur la perche ZipWall\u00ae la plus proche du mur, la pince murale lat\u00e9rale d\u2019\u00e9tanch\u00e9it\u00e9 sans adh\u00e9sif SideClamp\u2122 assure une \u00e9tanch\u00e9it\u00e9 parfaite de la barri\u00e8re contre le mur en poussant une rail d\u2019\u00e9tanch\u00e9it\u00e9 sans adh\u00e9sif FoamRail\u2122entre les deux. Les rails d\u2019\u00e9tanch\u00e9it\u00e9 sans adh\u00e9sif FoamRail\u2122 &hellip; Continuer la lecture de Supports muraux &rarr;\" \/>\n<meta property=\"og:url\" content=\"https:\/\/www.zipwall.eu\/fr\/sideclamp-mounts\/\" \/>\n<meta property=\"og:site_name\" content=\"ZipWall\" \/>\n<meta property=\"article:publisher\" content=\"https:\/\/www.facebook.com\/ZipWall-121135931283666\/\" \/>\n<meta property=\"article:modified_time\" content=\"2019-03-20T15:29:15+00:00\" \/>\n<meta property=\"og:image\" content=\"https:\/\/www.zipwall.eu\/wp-content\/uploads\/SBR4_rgb_product_fullsize-292x200.jpg\" \/>\n<meta name=\"twitter:card\" content=\"summary_large_image\" \/>\n<meta name=\"twitter:site\" content=\"@ZipWall\" \/>\n<meta name=\"twitter:label1\" content=\"Dur\u00e9e de lecture estim\u00e9e\" \/>\n\t<meta name=\"twitter:data1\" content=\"2 minutes\" \/>\n<script type=\"application\/ld+json\" class=\"yoast-schema-graph\">{\"@context\":\"https:\\\/\\\/schema.org\",\"@graph\":[{\"@type\":\"WebPage\",\"@id\":\"https:\\\/\\\/www.zipwall.eu\\\/fr\\\/sideclamp-mounts\\\/\",\"url\":\"https:\\\/\\\/www.zipwall.eu\\\/fr\\\/sideclamp-mounts\\\/\",\"name\":\"Supports muraux - ZipWall\",\"isPartOf\":{\"@id\":\"https:\\\/\\\/www.zipwall.eu\\\/#website\"},\"primaryImageOfPage\":{\"@id\":\"https:\\\/\\\/www.zipwall.eu\\\/fr\\\/sideclamp-mounts\\\/#primaryimage\"},\"image\":{\"@id\":\"https:\\\/\\\/www.zipwall.eu\\\/fr\\\/sideclamp-mounts\\\/#primaryimage\"},\"thumbnailUrl\":\"https:\\\/\\\/www.zipwall.eu\\\/wp-content\\\/uploads\\\/SBR4_rgb_product_fullsize-292x200.jpg\",\"datePublished\":\"2015-11-25T14:50:17+00:00\",\"dateModified\":\"2019-03-20T15:29:15+00:00\",\"breadcrumb\":{\"@id\":\"https:\\\/\\\/www.zipwall.eu\\\/fr\\\/sideclamp-mounts\\\/#breadcrumb\"},\"inLanguage\":\"fr-FR\",\"potentialAction\":[{\"@type\":\"ReadAction\",\"target\":[\"https:\\\/\\\/www.zipwall.eu\\\/fr\\\/sideclamp-mounts\\\/\"]}]},{\"@type\":\"ImageObject\",\"inLanguage\":\"fr-FR\",\"@id\":\"https:\\\/\\\/www.zipwall.eu\\\/fr\\\/sideclamp-mounts\\\/#primaryimage\",\"url\":\"https:\\\/\\\/www.zipwall.eu\\\/wp-content\\\/uploads\\\/SBR4_rgb_product_fullsize-292x200.jpg\",\"contentUrl\":\"https:\\\/\\\/www.zipwall.eu\\\/wp-content\\\/uploads\\\/SBR4_rgb_product_fullsize-292x200.jpg\"},{\"@type\":\"BreadcrumbList\",\"@id\":\"https:\\\/\\\/www.zipwall.eu\\\/fr\\\/sideclamp-mounts\\\/#breadcrumb\",\"itemListElement\":[{\"@type\":\"ListItem\",\"position\":1,\"name\":\"Home\",\"item\":\"https:\\\/\\\/www.zipwall.eu\\\/fr\\\/\"},{\"@type\":\"ListItem\",\"position\":2,\"name\":\"Supports muraux\"}]},{\"@type\":\"WebSite\",\"@id\":\"https:\\\/\\\/www.zipwall.eu\\\/#website\",\"url\":\"https:\\\/\\\/www.zipwall.eu\\\/\",\"name\":\"ZipWall\",\"description\":\"Dust Barrier System\",\"potentialAction\":[{\"@type\":\"SearchAction\",\"target\":{\"@type\":\"EntryPoint\",\"urlTemplate\":\"https:\\\/\\\/www.zipwall.eu\\\/?s={search_term_string}\"},\"query-input\":{\"@type\":\"PropertyValueSpecification\",\"valueRequired\":true,\"valueName\":\"search_term_string\"}}],\"inLanguage\":\"fr-FR\"}]}<\/script>\n<!-- \/ Yoast SEO plugin. -->","yoast_head_json":{"title":"Supports muraux - ZipWall","robots":{"index":"index","follow":"follow","max-snippet":"max-snippet:-1","max-image-preview":"max-image-preview:large","max-video-preview":"max-video-preview:-1"},"canonical":"https:\/\/www.zipwall.eu\/fr\/sideclamp-mounts\/","og_locale":"fr_FR","og_type":"article","og_title":"Supports muraux - ZipWall","og_description":"SBR4 Supports muraux sans ruban adh\u00e9sif SideBridge\u2122 Lot de 4. En s&rsquo;appuyant sur la perche ZipWall\u00ae la plus proche du mur, la pince murale lat\u00e9rale d\u2019\u00e9tanch\u00e9it\u00e9 sans adh\u00e9sif SideClamp\u2122 assure une \u00e9tanch\u00e9it\u00e9 parfaite de la barri\u00e8re contre le mur en poussant une rail d\u2019\u00e9tanch\u00e9it\u00e9 sans adh\u00e9sif FoamRail\u2122entre les deux. Les rails d\u2019\u00e9tanch\u00e9it\u00e9 sans adh\u00e9sif FoamRail\u2122 &hellip; Continuer la lecture de Supports muraux &rarr;","og_url":"https:\/\/www.zipwall.eu\/fr\/sideclamp-mounts\/","og_site_name":"ZipWall","article_publisher":"https:\/\/www.facebook.com\/ZipWall-121135931283666\/","article_modified_time":"2019-03-20T15:29:15+00:00","og_image":[{"url":"https:\/\/www.zipwall.eu\/wp-content\/uploads\/SBR4_rgb_product_fullsize-292x200.jpg","type":"","width":"","height":""}],"twitter_card":"summary_large_image","twitter_site":"@ZipWall","twitter_misc":{"Dur\u00e9e de lecture estim\u00e9e":"2 minutes"},"schema":{"@context":"https:\/\/schema.org","@graph":[{"@type":"WebPage","@id":"https:\/\/www.zipwall.eu\/fr\/sideclamp-mounts\/","url":"https:\/\/www.zipwall.eu\/fr\/sideclamp-mounts\/","name":"Supports muraux - ZipWall","isPartOf":{"@id":"https:\/\/www.zipwall.eu\/#website"},"primaryImageOfPage":{"@id":"https:\/\/www.zipwall.eu\/fr\/sideclamp-mounts\/#primaryimage"},"image":{"@id":"https:\/\/www.zipwall.eu\/fr\/sideclamp-mounts\/#primaryimage"},"thumbnailUrl":"https:\/\/www.zipwall.eu\/wp-content\/uploads\/SBR4_rgb_product_fullsize-292x200.jpg","datePublished":"2015-11-25T14:50:17+00:00","dateModified":"2019-03-20T15:29:15+00:00","breadcrumb":{"@id":"https:\/\/www.zipwall.eu\/fr\/sideclamp-mounts\/#breadcrumb"},"inLanguage":"fr-FR","potentialAction":[{"@type":"ReadAction","target":["https:\/\/www.zipwall.eu\/fr\/sideclamp-mounts\/"]}]},{"@type":"ImageObject","inLanguage":"fr-FR","@id":"https:\/\/www.zipwall.eu\/fr\/sideclamp-mounts\/#primaryimage","url":"https:\/\/www.zipwall.eu\/wp-content\/uploads\/SBR4_rgb_product_fullsize-292x200.jpg","contentUrl":"https:\/\/www.zipwall.eu\/wp-content\/uploads\/SBR4_rgb_product_fullsize-292x200.jpg"},{"@type":"BreadcrumbList","@id":"https:\/\/www.zipwall.eu\/fr\/sideclamp-mounts\/#breadcrumb","itemListElement":[{"@type":"ListItem","position":1,"name":"Home","item":"https:\/\/www.zipwall.eu\/fr\/"},{"@type":"ListItem","position":2,"name":"Supports muraux"}]},{"@type":"WebSite","@id":"https:\/\/www.zipwall.eu\/#website","url":"https:\/\/www.zipwall.eu\/","name":"ZipWall","description":"Dust Barrier System","potentialAction":[{"@type":"SearchAction","target":{"@type":"EntryPoint","urlTemplate":"https:\/\/www.zipwall.eu\/?s={search_term_string}"},"query-input":{"@type":"PropertyValueSpecification","valueRequired":true,"valueName":"search_term_string"}}],"inLanguage":"fr-FR"}]}},"_links":{"self":[{"href":"https:\/\/www.zipwall.eu\/fr\/wp-json\/wp\/v2\/pages\/358","targetHints":{"allow":["GET"]}}],"collection":[{"href":"https:\/\/www.zipwall.eu\/fr\/wp-json\/wp\/v2\/pages"}],"about":[{"href":"https:\/\/www.zipwall.eu\/fr\/wp-json\/wp\/v2\/types\/page"}],"author":[{"embeddable":true,"href":"https:\/\/www.zipwall.eu\/fr\/wp-json\/wp\/v2\/users\/1"}],"replies":[{"embeddable":true,"href":"https:\/\/www.zipwall.eu\/fr\/wp-json\/wp\/v2\/comments?post=358"}],"version-history":[{"count":0,"href":"https:\/\/www.zipwall.eu\/fr\/wp-json\/wp\/v2\/pages\/358\/revisions"}],"wp:attachment":[{"href":"https:\/\/www.zipwall.eu\/fr\/wp-json\/wp\/v2\/media?parent=358"}],"curies":[{"name":"wp","href":"https:\/\/api.w.org\/{rel}","templated":true}]}}