{"id":362,"date":"2015-11-25T09:46:59","date_gmt":"2015-11-25T14:46:59","guid":{"rendered":"http:\/\/www.zipwall.eu\/traverses-foamrail\/?lang=fr"},"modified":"2018-07-30T14:29:30","modified_gmt":"2018-07-30T18:29:30","slug":"foamrail-seals","status":"publish","type":"page","link":"https:\/\/www.zipwall.eu\/fr\/foamrail-seals\/","title":{"rendered":"Rails d\u2019\u00e9tanch\u00e9it\u00e9 sans adh\u00e9sif FoamRail\u2122"},"content":{"rendered":"<table class=\"prod\">\n<tbody>\n<tr>\n<td align=\"left\">\n<figure id=\"attachment_1567\" aria-describedby=\"caption-attachment-1567\" style=\"width: 180px\" class=\"wp-caption alignnone\"><a href=\"https:\/\/www.zipwall.eu\/product\/foamrail-span\/\"><img loading=\"lazy\" decoding=\"async\" class=\"wp-image-1567 size-thumbnail\" src=\"\/wp-content\/uploads\/SPN_Span_HalfExtendedrw-180x113.jpg\" alt=\" Barre d\u2019intervalle r\u00e9glable sans adh\u00e9sif FoamRail Span\u2122\" width=\"180\" height=\"113\" \/><\/a><figcaption id=\"caption-attachment-1567\" class=\"wp-caption-text\">SPN<br \/> <a href=\"https:\/\/www.zipwall.eu\/product\/foamrail-span\/\">Barre d\u2019intervalle r\u00e9glable sans adh\u00e9sif FoamRail Span<\/a><\/figcaption><\/figure>\n<p><p class=\"product woocommerce add_to_cart_inline \" style=\"border:4px solid #ccc; padding: 12px;\">\t<span id=\"woocommerce_loop_add_to_cart_link_describedby_1566\" class=\"screen-reader-text\">\n\t\t\t<\/span>\n<\/p><\/td>\n<td align=\"left\">\n<figure id=\"attachment_91\" aria-describedby=\"caption-attachment-91\" style=\"width: 180px\" class=\"wp-caption alignnone\"><a href=\"https:\/\/www.zipwall.eu\/fr\/product\/foamrail-cross-bars-2-pack\/\"><img loading=\"lazy\" decoding=\"async\" class=\"wp-image-91 size-thumbnail\" src=\"\/wp-content\/uploads\/FR2-180x135.jpg\" alt=\"Le lot de 2 rails d\u2019\u00e9tanch\u00e9it\u00e9 sans adh\u00e9sif FoamRail\u2122 \" width=\"180\" height=\"135\" \/><\/a><figcaption id=\"caption-attachment-91\" class=\"wp-caption-text\">FR2<br \/> <a href=\"https:\/\/www.zipwall.eu\/fr\/product\/foamrail-cross-bars-2-pack\/\">Le lot de 2 rails d\u2019\u00e9tanch\u00e9it\u00e9 sans adh\u00e9sif FoamRail\u2122<\/a><\/figcaption><\/figure>\n<p><p class=\"product woocommerce add_to_cart_inline \" style=\"border:4px solid #ccc; padding: 12px;\">\t<span id=\"woocommerce_loop_add_to_cart_link_describedby_57\" class=\"screen-reader-text\">\n\t\t\t<\/span>\n<\/p><\/td>\n<td><\/td>\n<\/tr>\n<\/tbody>\n<\/table>\n<a href=\"https:\/\/www.youtube.com\/embed\/n_1DAF89JdE?rel=0\" class=\"popup\" data-width=\"660\" data-height=\"450\" data-scrollbars=\"1\" alt=\"popup\"><img decoding=\"async\" src=\"\/wp-content\/uploads\/howdiw-fr-video.png\" \/><\/a>\n<div class=\"term-description\">\n<p>Apr\u00e8s la mise en place de votre barri\u00e8re ZipWall\u00ae, utilisez les rails d\u2019\u00e9tanch\u00e9it\u00e9 sans adh\u00e9sif FoamRail\u2122 pour une \u00e9tanch\u00e9it\u00e9 parfaite le long des planchers, plafonds ou parois sans \u00e9chelle ni ruban adh\u00e9sif. Elles s&rsquo;encliquettent facilement sur toutes les perches ZipWall\u00ae et pince murale lat\u00e9rale d\u2019\u00e9ntanch\u00e9it\u00e9 sans adh\u00e9sif SideClamp\u2122. Apr\u00e8s fixation, elles poussent la barri\u00e8re contre le plafond ou le mur pour une \u00e9tanch\u00e9it\u00e9 parfaite.<\/p>\n<p>La barre d&rsquo;intervalle r\u00e9glable sans adh\u00e9sif FoamRail Span\u2122<strong>\u00a0<\/strong>coulisse facilement pour se raccourcir ou s&rsquo;allonger de 1,3\u00a0m \u00e0 2,4\u00a0m, pour \u00e9tancher sur jusqu&rsquo;\u00e0 2,4\u00a0m de bord de barri\u00e8re avec une seule perche.<\/p>\n<p><strong>La barre d&rsquo;intervalle r\u00e9glable sans adh\u00e9sif FoamRail Span\u2122\u00a0<\/strong><em>contient une barre d&rsquo;intervalle r\u00e9glable sans adh\u00e9sif FoamRail Span\u2122. N&rsquo;inclut pas de perche, de pince d&rsquo;\u00e9tanch\u00e9it\u00e9 sans adh\u00e9sif ni d&rsquo;adaptateur de plancher<\/em>.<\/p>\n<p><strong>Le lot de 2 rails d\u2019\u00e9tanch\u00e9it\u00e9 sans adh\u00e9sif FoamRail\u2122<\/strong> <em>contient deux rails d\u2019\u00e9tanch\u00e9it\u00e9 sans adh\u00e9sif FoamRail\u2122 en aluminium de 1,2\u00a0m et deux fixations T-Clip\u2122. N&rsquo;inclut pas les perches ni les supports muraux.<\/em><\/p>\n<ul class=\"specs\">\n<li>Id\u00e9al pour les chantiers r\u00e9sidentiels ou commerciaux<\/li>\n<li>Id\u00e9al pour les travaux dans les \u00e9tablissements de sant\u00e9<\/li>\n<li>S\u2019installe en quelques secondes<\/li>\n<li>Plus besoin d\u2019\u00e9chelle ni de ruban adh\u00e9sif<\/li>\n<\/ul>\n<\/div>\n","protected":false},"excerpt":{"rendered":"<p>Apr\u00e8s la mise en place de votre barri\u00e8re ZipWall\u00ae, utilisez les rails d\u2019\u00e9tanch\u00e9it\u00e9 sans adh\u00e9sif FoamRail\u2122 pour une \u00e9tanch\u00e9it\u00e9 parfaite le long des planchers, plafonds ou parois sans \u00e9chelle ni ruban adh\u00e9sif. Elles s&rsquo;encliquettent facilement sur toutes les perches ZipWall\u00ae et pince murale lat\u00e9rale d\u2019\u00e9ntanch\u00e9it\u00e9 sans adh\u00e9sif SideClamp\u2122. Apr\u00e8s fixation, elles poussent la barri\u00e8re contre &hellip; <a href=\"https:\/\/www.zipwall.eu\/fr\/foamrail-seals\/\" class=\"more-link\">Continuer la lecture de <span class=\"screen-reader-text\">Rails d\u2019\u00e9tanch\u00e9it\u00e9 sans adh\u00e9sif FoamRail\u2122<\/span> <span class=\"meta-nav\">&rarr;<\/span><\/a><\/p>\n","protected":false},"author":1,"featured_media":0,"parent":0,"menu_order":0,"comment_status":"closed","ping_status":"closed","template":"","meta":{"footnotes":""},"class_list":["post-362","page","type-page","status-publish","hentry"],"yoast_head":"<!-- This site is optimized with the Yoast SEO plugin v27.3 - https:\/\/yoast.com\/product\/yoast-seo-wordpress\/ -->\n<title>Rails d\u2019\u00e9tanch\u00e9it\u00e9 sans adh\u00e9sif FoamRail\u2122 - ZipWall<\/title>\n<meta name=\"robots\" content=\"index, follow, max-snippet:-1, max-image-preview:large, max-video-preview:-1\" \/>\n<link rel=\"canonical\" href=\"https:\/\/www.zipwall.eu\/fr\/foamrail-seals\/\" \/>\n<meta property=\"og:locale\" content=\"fr_FR\" \/>\n<meta property=\"og:type\" content=\"article\" \/>\n<meta property=\"og:title\" content=\"Rails d\u2019\u00e9tanch\u00e9it\u00e9 sans adh\u00e9sif FoamRail\u2122 - ZipWall\" \/>\n<meta property=\"og:description\" content=\"Apr\u00e8s la mise en place de votre barri\u00e8re ZipWall\u00ae, utilisez les rails d\u2019\u00e9tanch\u00e9it\u00e9 sans adh\u00e9sif FoamRail\u2122 pour une \u00e9tanch\u00e9it\u00e9 parfaite le long des planchers, plafonds ou parois sans \u00e9chelle ni ruban adh\u00e9sif. Elles s&rsquo;encliquettent facilement sur toutes les perches ZipWall\u00ae et pince murale lat\u00e9rale d\u2019\u00e9ntanch\u00e9it\u00e9 sans adh\u00e9sif SideClamp\u2122. Apr\u00e8s fixation, elles poussent la barri\u00e8re contre &hellip; Continuer la lecture de Rails d\u2019\u00e9tanch\u00e9it\u00e9 sans adh\u00e9sif FoamRail\u2122 &rarr;\" \/>\n<meta property=\"og:url\" content=\"https:\/\/www.zipwall.eu\/fr\/foamrail-seals\/\" \/>\n<meta property=\"og:site_name\" content=\"ZipWall\" \/>\n<meta property=\"article:publisher\" content=\"https:\/\/www.facebook.com\/ZipWall-121135931283666\/\" \/>\n<meta property=\"article:modified_time\" content=\"2018-07-30T18:29:30+00:00\" \/>\n<meta property=\"og:image\" content=\"https:\/\/www.zipwall.eu\/wp-content\/uploads\/SPN_Span_HalfExtendedrw-180x113.jpg\" \/>\n<meta name=\"twitter:card\" content=\"summary_large_image\" \/>\n<meta name=\"twitter:site\" content=\"@ZipWall\" \/>\n<meta name=\"twitter:label1\" content=\"Dur\u00e9e de lecture estim\u00e9e\" \/>\n\t<meta name=\"twitter:data1\" content=\"1 minute\" \/>\n<script type=\"application\/ld+json\" class=\"yoast-schema-graph\">{\"@context\":\"https:\\\/\\\/schema.org\",\"@graph\":[{\"@type\":\"WebPage\",\"@id\":\"https:\\\/\\\/www.zipwall.eu\\\/fr\\\/foamrail-seals\\\/\",\"url\":\"https:\\\/\\\/www.zipwall.eu\\\/fr\\\/foamrail-seals\\\/\",\"name\":\"Rails d\u2019\u00e9tanch\u00e9it\u00e9 sans adh\u00e9sif FoamRail\u2122 - ZipWall\",\"isPartOf\":{\"@id\":\"https:\\\/\\\/www.zipwall.eu\\\/#website\"},\"datePublished\":\"2015-11-25T14:46:59+00:00\",\"dateModified\":\"2018-07-30T18:29:30+00:00\",\"breadcrumb\":{\"@id\":\"https:\\\/\\\/www.zipwall.eu\\\/fr\\\/foamrail-seals\\\/#breadcrumb\"},\"inLanguage\":\"fr-FR\",\"potentialAction\":[{\"@type\":\"ReadAction\",\"target\":[\"https:\\\/\\\/www.zipwall.eu\\\/fr\\\/foamrail-seals\\\/\"]}]},{\"@type\":\"BreadcrumbList\",\"@id\":\"https:\\\/\\\/www.zipwall.eu\\\/fr\\\/foamrail-seals\\\/#breadcrumb\",\"itemListElement\":[{\"@type\":\"ListItem\",\"position\":1,\"name\":\"Home\",\"item\":\"https:\\\/\\\/www.zipwall.eu\\\/fr\\\/\"},{\"@type\":\"ListItem\",\"position\":2,\"name\":\"Rails d\u2019\u00e9tanch\u00e9it\u00e9 sans adh\u00e9sif FoamRail\u2122\"}]},{\"@type\":\"WebSite\",\"@id\":\"https:\\\/\\\/www.zipwall.eu\\\/#website\",\"url\":\"https:\\\/\\\/www.zipwall.eu\\\/\",\"name\":\"ZipWall\",\"description\":\"Dust Barrier System\",\"potentialAction\":[{\"@type\":\"SearchAction\",\"target\":{\"@type\":\"EntryPoint\",\"urlTemplate\":\"https:\\\/\\\/www.zipwall.eu\\\/?s={search_term_string}\"},\"query-input\":{\"@type\":\"PropertyValueSpecification\",\"valueRequired\":true,\"valueName\":\"search_term_string\"}}],\"inLanguage\":\"fr-FR\"}]}<\/script>\n<!-- \/ Yoast SEO plugin. -->","yoast_head_json":{"title":"Rails d\u2019\u00e9tanch\u00e9it\u00e9 sans adh\u00e9sif FoamRail\u2122 - ZipWall","robots":{"index":"index","follow":"follow","max-snippet":"max-snippet:-1","max-image-preview":"max-image-preview:large","max-video-preview":"max-video-preview:-1"},"canonical":"https:\/\/www.zipwall.eu\/fr\/foamrail-seals\/","og_locale":"fr_FR","og_type":"article","og_title":"Rails d\u2019\u00e9tanch\u00e9it\u00e9 sans adh\u00e9sif FoamRail\u2122 - ZipWall","og_description":"Apr\u00e8s la mise en place de votre barri\u00e8re ZipWall\u00ae, utilisez les rails d\u2019\u00e9tanch\u00e9it\u00e9 sans adh\u00e9sif FoamRail\u2122 pour une \u00e9tanch\u00e9it\u00e9 parfaite le long des planchers, plafonds ou parois sans \u00e9chelle ni ruban adh\u00e9sif. Elles s&rsquo;encliquettent facilement sur toutes les perches ZipWall\u00ae et pince murale lat\u00e9rale d\u2019\u00e9ntanch\u00e9it\u00e9 sans adh\u00e9sif SideClamp\u2122. Apr\u00e8s fixation, elles poussent la barri\u00e8re contre &hellip; Continuer la lecture de Rails d\u2019\u00e9tanch\u00e9it\u00e9 sans adh\u00e9sif FoamRail\u2122 &rarr;","og_url":"https:\/\/www.zipwall.eu\/fr\/foamrail-seals\/","og_site_name":"ZipWall","article_publisher":"https:\/\/www.facebook.com\/ZipWall-121135931283666\/","article_modified_time":"2018-07-30T18:29:30+00:00","og_image":[{"url":"https:\/\/www.zipwall.eu\/wp-content\/uploads\/SPN_Span_HalfExtendedrw-180x113.jpg","type":"","width":"","height":""}],"twitter_card":"summary_large_image","twitter_site":"@ZipWall","twitter_misc":{"Dur\u00e9e de lecture estim\u00e9e":"1 minute"},"schema":{"@context":"https:\/\/schema.org","@graph":[{"@type":"WebPage","@id":"https:\/\/www.zipwall.eu\/fr\/foamrail-seals\/","url":"https:\/\/www.zipwall.eu\/fr\/foamrail-seals\/","name":"Rails d\u2019\u00e9tanch\u00e9it\u00e9 sans adh\u00e9sif FoamRail\u2122 - ZipWall","isPartOf":{"@id":"https:\/\/www.zipwall.eu\/#website"},"datePublished":"2015-11-25T14:46:59+00:00","dateModified":"2018-07-30T18:29:30+00:00","breadcrumb":{"@id":"https:\/\/www.zipwall.eu\/fr\/foamrail-seals\/#breadcrumb"},"inLanguage":"fr-FR","potentialAction":[{"@type":"ReadAction","target":["https:\/\/www.zipwall.eu\/fr\/foamrail-seals\/"]}]},{"@type":"BreadcrumbList","@id":"https:\/\/www.zipwall.eu\/fr\/foamrail-seals\/#breadcrumb","itemListElement":[{"@type":"ListItem","position":1,"name":"Home","item":"https:\/\/www.zipwall.eu\/fr\/"},{"@type":"ListItem","position":2,"name":"Rails d\u2019\u00e9tanch\u00e9it\u00e9 sans adh\u00e9sif FoamRail\u2122"}]},{"@type":"WebSite","@id":"https:\/\/www.zipwall.eu\/#website","url":"https:\/\/www.zipwall.eu\/","name":"ZipWall","description":"Dust Barrier System","potentialAction":[{"@type":"SearchAction","target":{"@type":"EntryPoint","urlTemplate":"https:\/\/www.zipwall.eu\/?s={search_term_string}"},"query-input":{"@type":"PropertyValueSpecification","valueRequired":true,"valueName":"search_term_string"}}],"inLanguage":"fr-FR"}]}},"_links":{"self":[{"href":"https:\/\/www.zipwall.eu\/fr\/wp-json\/wp\/v2\/pages\/362","targetHints":{"allow":["GET"]}}],"collection":[{"href":"https:\/\/www.zipwall.eu\/fr\/wp-json\/wp\/v2\/pages"}],"about":[{"href":"https:\/\/www.zipwall.eu\/fr\/wp-json\/wp\/v2\/types\/page"}],"author":[{"embeddable":true,"href":"https:\/\/www.zipwall.eu\/fr\/wp-json\/wp\/v2\/users\/1"}],"replies":[{"embeddable":true,"href":"https:\/\/www.zipwall.eu\/fr\/wp-json\/wp\/v2\/comments?post=362"}],"version-history":[{"count":0,"href":"https:\/\/www.zipwall.eu\/fr\/wp-json\/wp\/v2\/pages\/362\/revisions"}],"wp:attachment":[{"href":"https:\/\/www.zipwall.eu\/fr\/wp-json\/wp\/v2\/media?parent=362"}],"curies":[{"name":"wp","href":"https:\/\/api.w.org\/{rel}","templated":true}]}}