{"id":1810,"date":"2016-03-03T16:19:17","date_gmt":"2016-03-14T18:23:23","guid":{"rendered":"http:\/\/www.zipwall.eu\/fr\/?post_type=product&#038;p=1810"},"modified":"2016-05-31T13:59:34","modified_gmt":"2016-05-31T17:59:34","slug":"barre-dintervalle-reglable-sans-adhesif-foamrail-span","status":"publish","type":"product","link":"https:\/\/www.zipwall.eu\/fr\/product\/barre-dintervalle-reglable-sans-adhesif-foamrail-span\/","title":{"rendered":"Barre d\u2019intervalle r\u00e9glable sans adh\u00e9sif FoamRail Span\u2122"},"content":{"rendered":"<p>Fixez la barre d&rsquo;intervalle r\u00e9glable sans adh\u00e9sif FoamRail Span\u2122 sur n&rsquo;importe quelle perche ZipWall\u00ae pour former un joint \u00e9tanche au plafond ou au plancher. Se fixe en haut des perches pour usage au plafond. Utilisez un adaptateur de plancher au sol. Ou utilisez les pinces d&rsquo;\u00e9tanch\u00e9it\u00e9 sans adh\u00e9sif SideClamp\u2122 pour assurer l&rsquo;\u00e9tanch\u00e9it\u00e9 le long d&rsquo;un mur.\u00a0Coulisse facilement pour se raccourcir ou s&rsquo;allonger de 1,3\u00a0m \u00e0 2,4\u00a0m, pour \u00e9tancher sur jusqu&rsquo;\u00e0 2,4\u00a0m de bord de barri\u00e8re avec une seule perche.<\/p>\n<p>La barre d&rsquo;intervalle r\u00e9glable sans adh\u00e9sif FoamRail Span\u2122<strong>\u00a0<\/strong>contient une barre d&rsquo;intervalle r\u00e9glable sans adh\u00e9sif FoamRail Span\u2122. N&rsquo;inclut pas de perche, de pince d&rsquo;\u00e9tanch\u00e9it\u00e9 sans adh\u00e9sif ni d&rsquo;adaptateur de plancher.<\/p>\n<p>Poids\u00a0: 99\u00a0kg<br \/>\n<span style=\"line-height: 1.5;\">Dimensions\u00a0: 135 cm x 10 cm x 8 cm<\/span><\/p>\n","protected":false},"excerpt":{"rendered":"<p>Fixez la barre d&rsquo;intervalle r\u00e9glable sans adh\u00e9sif FoamRail Span\u2122 sur n&rsquo;importe quelle perche ZipWall\u00ae pour former un joint \u00e9tanche au plafond ou au plancher. Se fixe en haut des perches pour usage au plafond. Utilisez un adaptateur de plancher au sol. Ou utilisez les pinces d&rsquo;\u00e9tanch\u00e9it\u00e9 sans adh\u00e9sif SideClamp\u2122 pour assurer l&rsquo;\u00e9tanch\u00e9it\u00e9 le long d&rsquo;un &hellip; <a href=\"https:\/\/www.zipwall.eu\/fr\/product\/barre-dintervalle-reglable-sans-adhesif-foamrail-span\/\" class=\"more-link\">Continuer la lecture de <span class=\"screen-reader-text\">Barre d\u2019intervalle r\u00e9glable sans adh\u00e9sif FoamRail Span\u2122<\/span> <span class=\"meta-nav\">&rarr;<\/span><\/a><\/p>\n","protected":false},"featured_media":1568,"template":"","meta":[],"product_brand":[],"product_cat":[33,35],"product_tag":[],"class_list":{"0":"post-1810","1":"product","2":"type-product","3":"status-publish","4":"has-post-thumbnail","6":"product_cat-rails-et-supports-detancheite-sans-ruban-adhesif-fr","7":"product_cat-traverses-foamrail-fr","9":"first","10":"instock","11":"taxable","12":"shipping-taxable","13":"purchasable","14":"product-type-simple"},"yoast_head":"<!-- This site is optimized with the Yoast SEO plugin v27.3 - https:\/\/yoast.com\/product\/yoast-seo-wordpress\/ -->\n<title>Barre d\u2019intervalle r\u00e9glable sans adh\u00e9sif FoamRail Span\u2122 - ZipWall<\/title>\n<meta name=\"robots\" content=\"index, follow, max-snippet:-1, max-image-preview:large, max-video-preview:-1\" \/>\n<link rel=\"canonical\" href=\"https:\/\/www.zipwall.eu\/fr\/product\/barre-dintervalle-reglable-sans-adhesif-foamrail-span\/\" \/>\n<meta property=\"og:locale\" content=\"fr_FR\" \/>\n<meta property=\"og:type\" content=\"article\" \/>\n<meta property=\"og:title\" content=\"Barre d\u2019intervalle r\u00e9glable sans adh\u00e9sif FoamRail Span\u2122 - ZipWall\" \/>\n<meta property=\"og:description\" content=\"Fixez la barre d&rsquo;intervalle r\u00e9glable sans adh\u00e9sif FoamRail Span\u2122 sur n&rsquo;importe quelle perche ZipWall\u00ae pour former un joint \u00e9tanche au plafond ou au plancher. Se fixe en haut des perches pour usage au plafond. Utilisez un adaptateur de plancher au sol. Ou utilisez les pinces d&rsquo;\u00e9tanch\u00e9it\u00e9 sans adh\u00e9sif SideClamp\u2122 pour assurer l&rsquo;\u00e9tanch\u00e9it\u00e9 le long d&rsquo;un &hellip; Continuer la lecture de Barre d\u2019intervalle r\u00e9glable sans adh\u00e9sif FoamRail Span\u2122 &rarr;\" \/>\n<meta property=\"og:url\" content=\"https:\/\/www.zipwall.eu\/fr\/product\/barre-dintervalle-reglable-sans-adhesif-foamrail-span\/\" \/>\n<meta property=\"og:site_name\" content=\"ZipWall\" \/>\n<meta property=\"article:publisher\" content=\"https:\/\/www.facebook.com\/ZipWall-121135931283666\/\" \/>\n<meta property=\"article:modified_time\" content=\"2016-05-31T17:59:34+00:00\" \/>\n<meta property=\"og:image\" content=\"https:\/\/www.zipwall.eu\/wp-content\/uploads\/SPN_Span_HalfExtendedrw.jpg\" \/>\n\t<meta property=\"og:image:width\" content=\"2399\" \/>\n\t<meta property=\"og:image:height\" content=\"1500\" \/>\n\t<meta property=\"og:image:type\" content=\"image\/jpeg\" \/>\n<meta name=\"twitter:card\" content=\"summary_large_image\" \/>\n<meta name=\"twitter:site\" content=\"@ZipWall\" \/>\n<meta name=\"twitter:label1\" content=\"Dur\u00e9e de lecture estim\u00e9e\" \/>\n\t<meta name=\"twitter:data1\" content=\"1 minute\" \/>\n<script type=\"application\/ld+json\" class=\"yoast-schema-graph\">{\"@context\":\"https:\\\/\\\/schema.org\",\"@graph\":[{\"@type\":\"WebPage\",\"@id\":\"https:\\\/\\\/www.zipwall.eu\\\/fr\\\/product\\\/barre-dintervalle-reglable-sans-adhesif-foamrail-span\\\/\",\"url\":\"https:\\\/\\\/www.zipwall.eu\\\/fr\\\/product\\\/barre-dintervalle-reglable-sans-adhesif-foamrail-span\\\/\",\"name\":\"Barre d\u2019intervalle r\u00e9glable sans adh\u00e9sif FoamRail Span\u2122 - ZipWall\",\"isPartOf\":{\"@id\":\"https:\\\/\\\/www.zipwall.eu\\\/#website\"},\"primaryImageOfPage\":{\"@id\":\"https:\\\/\\\/www.zipwall.eu\\\/fr\\\/product\\\/barre-dintervalle-reglable-sans-adhesif-foamrail-span\\\/#primaryimage\"},\"image\":{\"@id\":\"https:\\\/\\\/www.zipwall.eu\\\/fr\\\/product\\\/barre-dintervalle-reglable-sans-adhesif-foamrail-span\\\/#primaryimage\"},\"thumbnailUrl\":\"https:\\\/\\\/www.zipwall.eu\\\/wp-content\\\/uploads\\\/SPN_Span_HalfExtendedrw.jpg\",\"datePublished\":\"2016-03-14T18:23:23+00:00\",\"dateModified\":\"2016-05-31T17:59:34+00:00\",\"breadcrumb\":{\"@id\":\"https:\\\/\\\/www.zipwall.eu\\\/fr\\\/product\\\/barre-dintervalle-reglable-sans-adhesif-foamrail-span\\\/#breadcrumb\"},\"inLanguage\":\"fr-FR\",\"potentialAction\":[{\"@type\":\"ReadAction\",\"target\":[\"https:\\\/\\\/www.zipwall.eu\\\/fr\\\/product\\\/barre-dintervalle-reglable-sans-adhesif-foamrail-span\\\/\"]}]},{\"@type\":\"ImageObject\",\"inLanguage\":\"fr-FR\",\"@id\":\"https:\\\/\\\/www.zipwall.eu\\\/fr\\\/product\\\/barre-dintervalle-reglable-sans-adhesif-foamrail-span\\\/#primaryimage\",\"url\":\"https:\\\/\\\/www.zipwall.eu\\\/wp-content\\\/uploads\\\/SPN_Span_HalfExtendedrw.jpg\",\"contentUrl\":\"https:\\\/\\\/www.zipwall.eu\\\/wp-content\\\/uploads\\\/SPN_Span_HalfExtendedrw.jpg\",\"width\":2399,\"height\":1500},{\"@type\":\"BreadcrumbList\",\"@id\":\"https:\\\/\\\/www.zipwall.eu\\\/fr\\\/product\\\/barre-dintervalle-reglable-sans-adhesif-foamrail-span\\\/#breadcrumb\",\"itemListElement\":[{\"@type\":\"ListItem\",\"position\":1,\"name\":\"Home\",\"item\":\"https:\\\/\\\/www.zipwall.eu\\\/fr\\\/\"},{\"@type\":\"ListItem\",\"position\":2,\"name\":\"Achetez en ligne\",\"item\":\"https:\\\/\\\/www.zipwall.eu\\\/fr\\\/shop\\\/\"},{\"@type\":\"ListItem\",\"position\":3,\"name\":\"Barre d\u2019intervalle r\u00e9glable sans adh\u00e9sif FoamRail Span\u2122\"}]},{\"@type\":\"WebSite\",\"@id\":\"https:\\\/\\\/www.zipwall.eu\\\/#website\",\"url\":\"https:\\\/\\\/www.zipwall.eu\\\/\",\"name\":\"ZipWall\",\"description\":\"Dust Barrier System\",\"potentialAction\":[{\"@type\":\"SearchAction\",\"target\":{\"@type\":\"EntryPoint\",\"urlTemplate\":\"https:\\\/\\\/www.zipwall.eu\\\/?s={search_term_string}\"},\"query-input\":{\"@type\":\"PropertyValueSpecification\",\"valueRequired\":true,\"valueName\":\"search_term_string\"}}],\"inLanguage\":\"fr-FR\"}]}<\/script>\n<!-- \/ Yoast SEO plugin. -->","yoast_head_json":{"title":"Barre d\u2019intervalle r\u00e9glable sans adh\u00e9sif FoamRail Span\u2122 - ZipWall","robots":{"index":"index","follow":"follow","max-snippet":"max-snippet:-1","max-image-preview":"max-image-preview:large","max-video-preview":"max-video-preview:-1"},"canonical":"https:\/\/www.zipwall.eu\/fr\/product\/barre-dintervalle-reglable-sans-adhesif-foamrail-span\/","og_locale":"fr_FR","og_type":"article","og_title":"Barre d\u2019intervalle r\u00e9glable sans adh\u00e9sif FoamRail Span\u2122 - ZipWall","og_description":"Fixez la barre d&rsquo;intervalle r\u00e9glable sans adh\u00e9sif FoamRail Span\u2122 sur n&rsquo;importe quelle perche ZipWall\u00ae pour former un joint \u00e9tanche au plafond ou au plancher. Se fixe en haut des perches pour usage au plafond. Utilisez un adaptateur de plancher au sol. Ou utilisez les pinces d&rsquo;\u00e9tanch\u00e9it\u00e9 sans adh\u00e9sif SideClamp\u2122 pour assurer l&rsquo;\u00e9tanch\u00e9it\u00e9 le long d&rsquo;un &hellip; Continuer la lecture de Barre d\u2019intervalle r\u00e9glable sans adh\u00e9sif FoamRail Span\u2122 &rarr;","og_url":"https:\/\/www.zipwall.eu\/fr\/product\/barre-dintervalle-reglable-sans-adhesif-foamrail-span\/","og_site_name":"ZipWall","article_publisher":"https:\/\/www.facebook.com\/ZipWall-121135931283666\/","article_modified_time":"2016-05-31T17:59:34+00:00","og_image":[{"width":2399,"height":1500,"url":"https:\/\/www.zipwall.eu\/wp-content\/uploads\/SPN_Span_HalfExtendedrw.jpg","type":"image\/jpeg"}],"twitter_card":"summary_large_image","twitter_site":"@ZipWall","twitter_misc":{"Dur\u00e9e de lecture estim\u00e9e":"1 minute"},"schema":{"@context":"https:\/\/schema.org","@graph":[{"@type":"WebPage","@id":"https:\/\/www.zipwall.eu\/fr\/product\/barre-dintervalle-reglable-sans-adhesif-foamrail-span\/","url":"https:\/\/www.zipwall.eu\/fr\/product\/barre-dintervalle-reglable-sans-adhesif-foamrail-span\/","name":"Barre d\u2019intervalle r\u00e9glable sans adh\u00e9sif FoamRail Span\u2122 - ZipWall","isPartOf":{"@id":"https:\/\/www.zipwall.eu\/#website"},"primaryImageOfPage":{"@id":"https:\/\/www.zipwall.eu\/fr\/product\/barre-dintervalle-reglable-sans-adhesif-foamrail-span\/#primaryimage"},"image":{"@id":"https:\/\/www.zipwall.eu\/fr\/product\/barre-dintervalle-reglable-sans-adhesif-foamrail-span\/#primaryimage"},"thumbnailUrl":"https:\/\/www.zipwall.eu\/wp-content\/uploads\/SPN_Span_HalfExtendedrw.jpg","datePublished":"2016-03-14T18:23:23+00:00","dateModified":"2016-05-31T17:59:34+00:00","breadcrumb":{"@id":"https:\/\/www.zipwall.eu\/fr\/product\/barre-dintervalle-reglable-sans-adhesif-foamrail-span\/#breadcrumb"},"inLanguage":"fr-FR","potentialAction":[{"@type":"ReadAction","target":["https:\/\/www.zipwall.eu\/fr\/product\/barre-dintervalle-reglable-sans-adhesif-foamrail-span\/"]}]},{"@type":"ImageObject","inLanguage":"fr-FR","@id":"https:\/\/www.zipwall.eu\/fr\/product\/barre-dintervalle-reglable-sans-adhesif-foamrail-span\/#primaryimage","url":"https:\/\/www.zipwall.eu\/wp-content\/uploads\/SPN_Span_HalfExtendedrw.jpg","contentUrl":"https:\/\/www.zipwall.eu\/wp-content\/uploads\/SPN_Span_HalfExtendedrw.jpg","width":2399,"height":1500},{"@type":"BreadcrumbList","@id":"https:\/\/www.zipwall.eu\/fr\/product\/barre-dintervalle-reglable-sans-adhesif-foamrail-span\/#breadcrumb","itemListElement":[{"@type":"ListItem","position":1,"name":"Home","item":"https:\/\/www.zipwall.eu\/fr\/"},{"@type":"ListItem","position":2,"name":"Achetez en ligne","item":"https:\/\/www.zipwall.eu\/fr\/shop\/"},{"@type":"ListItem","position":3,"name":"Barre d\u2019intervalle r\u00e9glable sans adh\u00e9sif FoamRail Span\u2122"}]},{"@type":"WebSite","@id":"https:\/\/www.zipwall.eu\/#website","url":"https:\/\/www.zipwall.eu\/","name":"ZipWall","description":"Dust Barrier System","potentialAction":[{"@type":"SearchAction","target":{"@type":"EntryPoint","urlTemplate":"https:\/\/www.zipwall.eu\/?s={search_term_string}"},"query-input":{"@type":"PropertyValueSpecification","valueRequired":true,"valueName":"search_term_string"}}],"inLanguage":"fr-FR"}]}},"_links":{"self":[{"href":"https:\/\/www.zipwall.eu\/fr\/wp-json\/wp\/v2\/product\/1810","targetHints":{"allow":["GET"]}}],"collection":[{"href":"https:\/\/www.zipwall.eu\/fr\/wp-json\/wp\/v2\/product"}],"about":[{"href":"https:\/\/www.zipwall.eu\/fr\/wp-json\/wp\/v2\/types\/product"}],"wp:featuredmedia":[{"embeddable":true,"href":"https:\/\/www.zipwall.eu\/fr\/wp-json\/wp\/v2\/media\/1568"}],"wp:attachment":[{"href":"https:\/\/www.zipwall.eu\/fr\/wp-json\/wp\/v2\/media?parent=1810"}],"wp:term":[{"taxonomy":"product_brand","embeddable":true,"href":"https:\/\/www.zipwall.eu\/fr\/wp-json\/wp\/v2\/product_brand?post=1810"},{"taxonomy":"product_cat","embeddable":true,"href":"https:\/\/www.zipwall.eu\/fr\/wp-json\/wp\/v2\/product_cat?post=1810"},{"taxonomy":"product_tag","embeddable":true,"href":"https:\/\/www.zipwall.eu\/fr\/wp-json\/wp\/v2\/product_tag?post=1810"}],"curies":[{"name":"wp","href":"https:\/\/api.w.org\/{rel}","templated":true}]}}