{"id":2036,"date":"2016-03-15T16:59:55","date_gmt":"2016-03-17T19:00:14","guid":{"rendered":"http:\/\/www.zipwall.eu\/fr\/?post_type=product&#038;p=2036"},"modified":"2017-01-04T11:16:01","modified_gmt":"2017-01-04T16:16:01","slug":"tete-de-plafond-suspendu-et-plaque-anti-derapante-edge","status":"publish","type":"product","link":"https:\/\/www.zipwall.eu\/fr\/product\/tete-de-plafond-suspendu-et-plaque-anti-derapante-edge\/","title":{"rendered":"T\u00eate et plaque antid\u00e9rapante Edge\u2122"},"content":{"rendered":"<p>Con\u00e7ue sp\u00e9cifiquement pour maintenir une barri\u00e8re \u2014 sans soulever la grille \u2014 \u00e0 la rencontre d&rsquo;un faux plafond avec un mur.<\/p>\n<p>La\u00a0T\u00eate et plaque antid\u00e9rapante Edge\u2122<strong>\u00a0<\/strong>contient une t\u00eate Edge\u2122 et une plaque antid\u00e9rapante \u00e0 utiliser avec toutes les perches \u00e0 ressort ZipWall\u00ae.<\/p>\n<p>Poids\u00a0: 0,16\u00a0kg<br \/>\nDimensions\u00a0: 35 cm x 20 cm x 3 cm<\/p>\n","protected":false},"excerpt":{"rendered":"<p>Con\u00e7ue sp\u00e9cifiquement pour maintenir une barri\u00e8re \u2014 sans soulever la grille \u2014 \u00e0 la rencontre d&rsquo;un faux plafond avec un mur. La\u00a0T\u00eate et plaque antid\u00e9rapante Edge\u2122\u00a0contient une t\u00eate Edge\u2122 et une plaque antid\u00e9rapante \u00e0 utiliser avec toutes les perches \u00e0 ressort ZipWall\u00ae. Poids\u00a0: 0,16\u00a0kg Dimensions\u00a0: 35 cm x 20 cm x 3 cm<\/p>\n","protected":false},"featured_media":3519,"template":"","meta":[],"product_brand":[],"product_cat":[26,46,92],"product_tag":[],"class_list":{"0":"post-2036","1":"product","2":"type-product","3":"status-publish","4":"has-post-thumbnail","6":"product_cat-accessoires-fr","7":"product_cat-detachees","8":"product_cat-specialty-parts-fr","9":"product_shipping_class-detachees","11":"first","12":"instock","13":"taxable","14":"shipping-taxable","15":"purchasable","16":"product-type-simple"},"yoast_head":"<!-- This site is optimized with the Yoast SEO plugin v27.3 - https:\/\/yoast.com\/product\/yoast-seo-wordpress\/ -->\n<title>T\u00eate et plaque antid\u00e9rapante Edge\u2122 - ZipWall<\/title>\n<meta name=\"robots\" content=\"index, follow, max-snippet:-1, max-image-preview:large, max-video-preview:-1\" \/>\n<link rel=\"canonical\" href=\"https:\/\/www.zipwall.eu\/fr\/product\/tete-de-plafond-suspendu-et-plaque-anti-derapante-edge\/\" \/>\n<meta property=\"og:locale\" content=\"fr_FR\" \/>\n<meta property=\"og:type\" content=\"article\" \/>\n<meta property=\"og:title\" content=\"T\u00eate et plaque antid\u00e9rapante Edge\u2122 - ZipWall\" \/>\n<meta property=\"og:description\" content=\"Con\u00e7ue sp\u00e9cifiquement pour maintenir une barri\u00e8re \u2014 sans soulever la grille \u2014 \u00e0 la rencontre d&rsquo;un faux plafond avec un mur. La\u00a0T\u00eate et plaque antid\u00e9rapante Edge\u2122\u00a0contient une t\u00eate Edge\u2122 et une plaque antid\u00e9rapante \u00e0 utiliser avec toutes les perches \u00e0 ressort ZipWall\u00ae. Poids\u00a0: 0,16\u00a0kg Dimensions\u00a0: 35 cm x 20 cm x 3 cm\" \/>\n<meta property=\"og:url\" content=\"https:\/\/www.zipwall.eu\/fr\/product\/tete-de-plafond-suspendu-et-plaque-anti-derapante-edge\/\" \/>\n<meta property=\"og:site_name\" content=\"ZipWall\" \/>\n<meta property=\"article:publisher\" content=\"https:\/\/www.facebook.com\/ZipWall-121135931283666\/\" \/>\n<meta property=\"article:modified_time\" content=\"2017-01-04T16:16:01+00:00\" \/>\n<meta property=\"og:image\" content=\"https:\/\/www.zipwall.eu\/wp-content\/uploads\/EPH1_RGB_Product-1.jpg\" \/>\n\t<meta property=\"og:image:width\" content=\"1200\" \/>\n\t<meta property=\"og:image:height\" content=\"769\" \/>\n\t<meta property=\"og:image:type\" content=\"image\/jpeg\" \/>\n<meta name=\"twitter:card\" content=\"summary_large_image\" \/>\n<meta name=\"twitter:site\" content=\"@ZipWall\" \/>\n<script type=\"application\/ld+json\" class=\"yoast-schema-graph\">{\"@context\":\"https:\\\/\\\/schema.org\",\"@graph\":[{\"@type\":\"WebPage\",\"@id\":\"https:\\\/\\\/www.zipwall.eu\\\/fr\\\/product\\\/tete-de-plafond-suspendu-et-plaque-anti-derapante-edge\\\/\",\"url\":\"https:\\\/\\\/www.zipwall.eu\\\/fr\\\/product\\\/tete-de-plafond-suspendu-et-plaque-anti-derapante-edge\\\/\",\"name\":\"T\u00eate et plaque antid\u00e9rapante Edge\u2122 - ZipWall\",\"isPartOf\":{\"@id\":\"https:\\\/\\\/www.zipwall.eu\\\/#website\"},\"primaryImageOfPage\":{\"@id\":\"https:\\\/\\\/www.zipwall.eu\\\/fr\\\/product\\\/tete-de-plafond-suspendu-et-plaque-anti-derapante-edge\\\/#primaryimage\"},\"image\":{\"@id\":\"https:\\\/\\\/www.zipwall.eu\\\/fr\\\/product\\\/tete-de-plafond-suspendu-et-plaque-anti-derapante-edge\\\/#primaryimage\"},\"thumbnailUrl\":\"https:\\\/\\\/www.zipwall.eu\\\/wp-content\\\/uploads\\\/EPH1_RGB_Product-1.jpg\",\"datePublished\":\"2016-03-17T19:00:14+00:00\",\"dateModified\":\"2017-01-04T16:16:01+00:00\",\"breadcrumb\":{\"@id\":\"https:\\\/\\\/www.zipwall.eu\\\/fr\\\/product\\\/tete-de-plafond-suspendu-et-plaque-anti-derapante-edge\\\/#breadcrumb\"},\"inLanguage\":\"fr-FR\",\"potentialAction\":[{\"@type\":\"ReadAction\",\"target\":[\"https:\\\/\\\/www.zipwall.eu\\\/fr\\\/product\\\/tete-de-plafond-suspendu-et-plaque-anti-derapante-edge\\\/\"]}]},{\"@type\":\"ImageObject\",\"inLanguage\":\"fr-FR\",\"@id\":\"https:\\\/\\\/www.zipwall.eu\\\/fr\\\/product\\\/tete-de-plafond-suspendu-et-plaque-anti-derapante-edge\\\/#primaryimage\",\"url\":\"https:\\\/\\\/www.zipwall.eu\\\/wp-content\\\/uploads\\\/EPH1_RGB_Product-1.jpg\",\"contentUrl\":\"https:\\\/\\\/www.zipwall.eu\\\/wp-content\\\/uploads\\\/EPH1_RGB_Product-1.jpg\",\"width\":1200,\"height\":769},{\"@type\":\"BreadcrumbList\",\"@id\":\"https:\\\/\\\/www.zipwall.eu\\\/fr\\\/product\\\/tete-de-plafond-suspendu-et-plaque-anti-derapante-edge\\\/#breadcrumb\",\"itemListElement\":[{\"@type\":\"ListItem\",\"position\":1,\"name\":\"Home\",\"item\":\"https:\\\/\\\/www.zipwall.eu\\\/fr\\\/\"},{\"@type\":\"ListItem\",\"position\":2,\"name\":\"Achetez en ligne\",\"item\":\"https:\\\/\\\/www.zipwall.eu\\\/fr\\\/shop\\\/\"},{\"@type\":\"ListItem\",\"position\":3,\"name\":\"T\u00eate et plaque antid\u00e9rapante Edge\u2122\"}]},{\"@type\":\"WebSite\",\"@id\":\"https:\\\/\\\/www.zipwall.eu\\\/#website\",\"url\":\"https:\\\/\\\/www.zipwall.eu\\\/\",\"name\":\"ZipWall\",\"description\":\"Dust Barrier System\",\"potentialAction\":[{\"@type\":\"SearchAction\",\"target\":{\"@type\":\"EntryPoint\",\"urlTemplate\":\"https:\\\/\\\/www.zipwall.eu\\\/?s={search_term_string}\"},\"query-input\":{\"@type\":\"PropertyValueSpecification\",\"valueRequired\":true,\"valueName\":\"search_term_string\"}}],\"inLanguage\":\"fr-FR\"}]}<\/script>\n<!-- \/ Yoast SEO plugin. -->","yoast_head_json":{"title":"T\u00eate et plaque antid\u00e9rapante Edge\u2122 - ZipWall","robots":{"index":"index","follow":"follow","max-snippet":"max-snippet:-1","max-image-preview":"max-image-preview:large","max-video-preview":"max-video-preview:-1"},"canonical":"https:\/\/www.zipwall.eu\/fr\/product\/tete-de-plafond-suspendu-et-plaque-anti-derapante-edge\/","og_locale":"fr_FR","og_type":"article","og_title":"T\u00eate et plaque antid\u00e9rapante Edge\u2122 - ZipWall","og_description":"Con\u00e7ue sp\u00e9cifiquement pour maintenir une barri\u00e8re \u2014 sans soulever la grille \u2014 \u00e0 la rencontre d&rsquo;un faux plafond avec un mur. La\u00a0T\u00eate et plaque antid\u00e9rapante Edge\u2122\u00a0contient une t\u00eate Edge\u2122 et une plaque antid\u00e9rapante \u00e0 utiliser avec toutes les perches \u00e0 ressort ZipWall\u00ae. Poids\u00a0: 0,16\u00a0kg Dimensions\u00a0: 35 cm x 20 cm x 3 cm","og_url":"https:\/\/www.zipwall.eu\/fr\/product\/tete-de-plafond-suspendu-et-plaque-anti-derapante-edge\/","og_site_name":"ZipWall","article_publisher":"https:\/\/www.facebook.com\/ZipWall-121135931283666\/","article_modified_time":"2017-01-04T16:16:01+00:00","og_image":[{"width":1200,"height":769,"url":"https:\/\/www.zipwall.eu\/wp-content\/uploads\/EPH1_RGB_Product-1.jpg","type":"image\/jpeg"}],"twitter_card":"summary_large_image","twitter_site":"@ZipWall","schema":{"@context":"https:\/\/schema.org","@graph":[{"@type":"WebPage","@id":"https:\/\/www.zipwall.eu\/fr\/product\/tete-de-plafond-suspendu-et-plaque-anti-derapante-edge\/","url":"https:\/\/www.zipwall.eu\/fr\/product\/tete-de-plafond-suspendu-et-plaque-anti-derapante-edge\/","name":"T\u00eate et plaque antid\u00e9rapante Edge\u2122 - ZipWall","isPartOf":{"@id":"https:\/\/www.zipwall.eu\/#website"},"primaryImageOfPage":{"@id":"https:\/\/www.zipwall.eu\/fr\/product\/tete-de-plafond-suspendu-et-plaque-anti-derapante-edge\/#primaryimage"},"image":{"@id":"https:\/\/www.zipwall.eu\/fr\/product\/tete-de-plafond-suspendu-et-plaque-anti-derapante-edge\/#primaryimage"},"thumbnailUrl":"https:\/\/www.zipwall.eu\/wp-content\/uploads\/EPH1_RGB_Product-1.jpg","datePublished":"2016-03-17T19:00:14+00:00","dateModified":"2017-01-04T16:16:01+00:00","breadcrumb":{"@id":"https:\/\/www.zipwall.eu\/fr\/product\/tete-de-plafond-suspendu-et-plaque-anti-derapante-edge\/#breadcrumb"},"inLanguage":"fr-FR","potentialAction":[{"@type":"ReadAction","target":["https:\/\/www.zipwall.eu\/fr\/product\/tete-de-plafond-suspendu-et-plaque-anti-derapante-edge\/"]}]},{"@type":"ImageObject","inLanguage":"fr-FR","@id":"https:\/\/www.zipwall.eu\/fr\/product\/tete-de-plafond-suspendu-et-plaque-anti-derapante-edge\/#primaryimage","url":"https:\/\/www.zipwall.eu\/wp-content\/uploads\/EPH1_RGB_Product-1.jpg","contentUrl":"https:\/\/www.zipwall.eu\/wp-content\/uploads\/EPH1_RGB_Product-1.jpg","width":1200,"height":769},{"@type":"BreadcrumbList","@id":"https:\/\/www.zipwall.eu\/fr\/product\/tete-de-plafond-suspendu-et-plaque-anti-derapante-edge\/#breadcrumb","itemListElement":[{"@type":"ListItem","position":1,"name":"Home","item":"https:\/\/www.zipwall.eu\/fr\/"},{"@type":"ListItem","position":2,"name":"Achetez en ligne","item":"https:\/\/www.zipwall.eu\/fr\/shop\/"},{"@type":"ListItem","position":3,"name":"T\u00eate et plaque antid\u00e9rapante Edge\u2122"}]},{"@type":"WebSite","@id":"https:\/\/www.zipwall.eu\/#website","url":"https:\/\/www.zipwall.eu\/","name":"ZipWall","description":"Dust Barrier System","potentialAction":[{"@type":"SearchAction","target":{"@type":"EntryPoint","urlTemplate":"https:\/\/www.zipwall.eu\/?s={search_term_string}"},"query-input":{"@type":"PropertyValueSpecification","valueRequired":true,"valueName":"search_term_string"}}],"inLanguage":"fr-FR"}]}},"_links":{"self":[{"href":"https:\/\/www.zipwall.eu\/fr\/wp-json\/wp\/v2\/product\/2036","targetHints":{"allow":["GET"]}}],"collection":[{"href":"https:\/\/www.zipwall.eu\/fr\/wp-json\/wp\/v2\/product"}],"about":[{"href":"https:\/\/www.zipwall.eu\/fr\/wp-json\/wp\/v2\/types\/product"}],"wp:featuredmedia":[{"embeddable":true,"href":"https:\/\/www.zipwall.eu\/fr\/wp-json\/wp\/v2\/media\/3519"}],"wp:attachment":[{"href":"https:\/\/www.zipwall.eu\/fr\/wp-json\/wp\/v2\/media?parent=2036"}],"wp:term":[{"taxonomy":"product_brand","embeddable":true,"href":"https:\/\/www.zipwall.eu\/fr\/wp-json\/wp\/v2\/product_brand?post=2036"},{"taxonomy":"product_cat","embeddable":true,"href":"https:\/\/www.zipwall.eu\/fr\/wp-json\/wp\/v2\/product_cat?post=2036"},{"taxonomy":"product_tag","embeddable":true,"href":"https:\/\/www.zipwall.eu\/fr\/wp-json\/wp\/v2\/product_tag?post=2036"}],"curies":[{"name":"wp","href":"https:\/\/api.w.org\/{rel}","templated":true}]}}