{"id":2040,"date":"2016-03-15T16:51:24","date_gmt":"2016-03-17T19:13:13","guid":{"rendered":"http:\/\/www.zipwall.eu\/fr\/?post_type=product&#038;p=2040"},"modified":"2017-01-04T11:18:20","modified_gmt":"2017-01-04T16:18:20","slug":"adaptateurs-de-plancher-pour-perche-zipwall-20-de-61m-lot-de-2","status":"publish","type":"product","link":"https:\/\/www.zipwall.eu\/fr\/product\/adaptateurs-de-plancher-pour-perche-zipwall-20-de-61m-lot-de-2\/","title":{"rendered":"Adaptateurs de plancher pour perche ZipWall\u00ae 20 de 6,1m, lot de 2"},"content":{"rendered":"<p>Les adaptateurs de plancher ZipWall\u00ae permettent d&rsquo;obtenir facilement une \u00e9tanch\u00e9it\u00e9 parfaite au plancher \u00e0 l&rsquo;aide de la barre d&rsquo;intervalle r\u00e9glable sans adh\u00e9sif FoamRail Span\u2122 ou d&rsquo;une barre d&rsquo;intervalle sans adh\u00e9sif FoamRail\u2122 standard. Il suffit de retirer le pied d&rsquo;une perche \u00e0 ressort ZipWall\u00ae pour le remplacer par l&rsquo;adaptateur de plancher, puis de simplement encliqueter la barre FoamRail\u2122 sur l&rsquo;adaptateur.<\/p>\n<p>Adaptateurs de plancher pour ZipWall\u00ae 20 de 6,1\u00a0m kit de\u00a02\u00a0<em>contient deux adaptateurs de plancher pour perches ZipWall\u00ae de 20&prime;.<\/em><\/p>\n","protected":false},"excerpt":{"rendered":"<p>Les adaptateurs de plancher ZipWall\u00ae permettent d&rsquo;obtenir facilement une \u00e9tanch\u00e9it\u00e9 parfaite au plancher \u00e0 l&rsquo;aide de la barre d&rsquo;intervalle r\u00e9glable sans adh\u00e9sif FoamRail Span\u2122 ou d&rsquo;une barre d&rsquo;intervalle sans adh\u00e9sif FoamRail\u2122 standard. Il suffit de retirer le pied d&rsquo;une perche \u00e0 ressort ZipWall\u00ae pour le remplacer par l&rsquo;adaptateur de plancher, puis de simplement encliqueter la &hellip; <a href=\"https:\/\/www.zipwall.eu\/fr\/product\/adaptateurs-de-plancher-pour-perche-zipwall-20-de-61m-lot-de-2\/\" class=\"more-link\">Continuer la lecture de <span class=\"screen-reader-text\">Adaptateurs de plancher pour perche ZipWall\u00ae 20 de 6,1m, lot de 2<\/span> <span class=\"meta-nav\">&rarr;<\/span><\/a><\/p>\n","protected":false},"featured_media":1930,"template":"","meta":[],"product_brand":[],"product_cat":[46,92],"product_tag":[],"class_list":{"0":"post-2040","1":"product","2":"type-product","3":"status-publish","4":"has-post-thumbnail","6":"product_cat-detachees","7":"product_cat-specialty-parts-fr","8":"product_shipping_class-detachees","10":"first","11":"instock","12":"taxable","13":"shipping-taxable","14":"purchasable","15":"product-type-simple"},"yoast_head":"<!-- This site is optimized with the Yoast SEO plugin v27.3 - https:\/\/yoast.com\/product\/yoast-seo-wordpress\/ -->\n<title>Adaptateurs de plancher pour perche ZipWall\u00ae 20 de 6,1m, lot de 2 - ZipWall<\/title>\n<meta name=\"robots\" content=\"index, follow, max-snippet:-1, max-image-preview:large, max-video-preview:-1\" \/>\n<link rel=\"canonical\" href=\"https:\/\/www.zipwall.eu\/fr\/product\/adaptateurs-de-plancher-pour-perche-zipwall-20-de-61m-lot-de-2\/\" \/>\n<meta property=\"og:locale\" content=\"fr_FR\" \/>\n<meta property=\"og:type\" content=\"article\" \/>\n<meta property=\"og:title\" content=\"Adaptateurs de plancher pour perche ZipWall\u00ae 20 de 6,1m, lot de 2 - ZipWall\" \/>\n<meta property=\"og:description\" content=\"Les adaptateurs de plancher ZipWall\u00ae permettent d&rsquo;obtenir facilement une \u00e9tanch\u00e9it\u00e9 parfaite au plancher \u00e0 l&rsquo;aide de la barre d&rsquo;intervalle r\u00e9glable sans adh\u00e9sif FoamRail Span\u2122 ou d&rsquo;une barre d&rsquo;intervalle sans adh\u00e9sif FoamRail\u2122 standard. Il suffit de retirer le pied d&rsquo;une perche \u00e0 ressort ZipWall\u00ae pour le remplacer par l&rsquo;adaptateur de plancher, puis de simplement encliqueter la &hellip; Continuer la lecture de Adaptateurs de plancher pour perche ZipWall\u00ae 20 de 6,1m, lot de 2 &rarr;\" \/>\n<meta property=\"og:url\" content=\"https:\/\/www.zipwall.eu\/fr\/product\/adaptateurs-de-plancher-pour-perche-zipwall-20-de-61m-lot-de-2\/\" \/>\n<meta property=\"og:site_name\" content=\"ZipWall\" \/>\n<meta property=\"article:publisher\" content=\"https:\/\/www.facebook.com\/ZipWall-121135931283666\/\" \/>\n<meta property=\"article:modified_time\" content=\"2017-01-04T16:18:20+00:00\" \/>\n<meta property=\"og:image\" content=\"https:\/\/www.zipwall.eu\/wp-content\/uploads\/FA20_RGB_Product.jpg\" \/>\n\t<meta property=\"og:image:width\" content=\"1575\" \/>\n\t<meta property=\"og:image:height\" content=\"1800\" \/>\n\t<meta property=\"og:image:type\" content=\"image\/jpeg\" \/>\n<meta name=\"twitter:card\" content=\"summary_large_image\" \/>\n<meta name=\"twitter:site\" content=\"@ZipWall\" \/>\n<script type=\"application\/ld+json\" class=\"yoast-schema-graph\">{\"@context\":\"https:\\\/\\\/schema.org\",\"@graph\":[{\"@type\":\"WebPage\",\"@id\":\"https:\\\/\\\/www.zipwall.eu\\\/fr\\\/product\\\/adaptateurs-de-plancher-pour-perche-zipwall-20-de-61m-lot-de-2\\\/\",\"url\":\"https:\\\/\\\/www.zipwall.eu\\\/fr\\\/product\\\/adaptateurs-de-plancher-pour-perche-zipwall-20-de-61m-lot-de-2\\\/\",\"name\":\"Adaptateurs de plancher pour perche ZipWall\u00ae 20 de 6,1m, lot de 2 - ZipWall\",\"isPartOf\":{\"@id\":\"https:\\\/\\\/www.zipwall.eu\\\/#website\"},\"primaryImageOfPage\":{\"@id\":\"https:\\\/\\\/www.zipwall.eu\\\/fr\\\/product\\\/adaptateurs-de-plancher-pour-perche-zipwall-20-de-61m-lot-de-2\\\/#primaryimage\"},\"image\":{\"@id\":\"https:\\\/\\\/www.zipwall.eu\\\/fr\\\/product\\\/adaptateurs-de-plancher-pour-perche-zipwall-20-de-61m-lot-de-2\\\/#primaryimage\"},\"thumbnailUrl\":\"https:\\\/\\\/www.zipwall.eu\\\/wp-content\\\/uploads\\\/FA20_RGB_Product.jpg\",\"datePublished\":\"2016-03-17T19:13:13+00:00\",\"dateModified\":\"2017-01-04T16:18:20+00:00\",\"breadcrumb\":{\"@id\":\"https:\\\/\\\/www.zipwall.eu\\\/fr\\\/product\\\/adaptateurs-de-plancher-pour-perche-zipwall-20-de-61m-lot-de-2\\\/#breadcrumb\"},\"inLanguage\":\"fr-FR\",\"potentialAction\":[{\"@type\":\"ReadAction\",\"target\":[\"https:\\\/\\\/www.zipwall.eu\\\/fr\\\/product\\\/adaptateurs-de-plancher-pour-perche-zipwall-20-de-61m-lot-de-2\\\/\"]}]},{\"@type\":\"ImageObject\",\"inLanguage\":\"fr-FR\",\"@id\":\"https:\\\/\\\/www.zipwall.eu\\\/fr\\\/product\\\/adaptateurs-de-plancher-pour-perche-zipwall-20-de-61m-lot-de-2\\\/#primaryimage\",\"url\":\"https:\\\/\\\/www.zipwall.eu\\\/wp-content\\\/uploads\\\/FA20_RGB_Product.jpg\",\"contentUrl\":\"https:\\\/\\\/www.zipwall.eu\\\/wp-content\\\/uploads\\\/FA20_RGB_Product.jpg\",\"width\":1575,\"height\":1800},{\"@type\":\"BreadcrumbList\",\"@id\":\"https:\\\/\\\/www.zipwall.eu\\\/fr\\\/product\\\/adaptateurs-de-plancher-pour-perche-zipwall-20-de-61m-lot-de-2\\\/#breadcrumb\",\"itemListElement\":[{\"@type\":\"ListItem\",\"position\":1,\"name\":\"Home\",\"item\":\"https:\\\/\\\/www.zipwall.eu\\\/fr\\\/\"},{\"@type\":\"ListItem\",\"position\":2,\"name\":\"Achetez en ligne\",\"item\":\"https:\\\/\\\/www.zipwall.eu\\\/fr\\\/shop\\\/\"},{\"@type\":\"ListItem\",\"position\":3,\"name\":\"Adaptateurs de plancher pour perche ZipWall\u00ae 20 de 6,1m, lot de 2\"}]},{\"@type\":\"WebSite\",\"@id\":\"https:\\\/\\\/www.zipwall.eu\\\/#website\",\"url\":\"https:\\\/\\\/www.zipwall.eu\\\/\",\"name\":\"ZipWall\",\"description\":\"Dust Barrier System\",\"potentialAction\":[{\"@type\":\"SearchAction\",\"target\":{\"@type\":\"EntryPoint\",\"urlTemplate\":\"https:\\\/\\\/www.zipwall.eu\\\/?s={search_term_string}\"},\"query-input\":{\"@type\":\"PropertyValueSpecification\",\"valueRequired\":true,\"valueName\":\"search_term_string\"}}],\"inLanguage\":\"fr-FR\"}]}<\/script>\n<!-- \/ Yoast SEO plugin. -->","yoast_head_json":{"title":"Adaptateurs de plancher pour perche ZipWall\u00ae 20 de 6,1m, lot de 2 - ZipWall","robots":{"index":"index","follow":"follow","max-snippet":"max-snippet:-1","max-image-preview":"max-image-preview:large","max-video-preview":"max-video-preview:-1"},"canonical":"https:\/\/www.zipwall.eu\/fr\/product\/adaptateurs-de-plancher-pour-perche-zipwall-20-de-61m-lot-de-2\/","og_locale":"fr_FR","og_type":"article","og_title":"Adaptateurs de plancher pour perche ZipWall\u00ae 20 de 6,1m, lot de 2 - ZipWall","og_description":"Les adaptateurs de plancher ZipWall\u00ae permettent d&rsquo;obtenir facilement une \u00e9tanch\u00e9it\u00e9 parfaite au plancher \u00e0 l&rsquo;aide de la barre d&rsquo;intervalle r\u00e9glable sans adh\u00e9sif FoamRail Span\u2122 ou d&rsquo;une barre d&rsquo;intervalle sans adh\u00e9sif FoamRail\u2122 standard. Il suffit de retirer le pied d&rsquo;une perche \u00e0 ressort ZipWall\u00ae pour le remplacer par l&rsquo;adaptateur de plancher, puis de simplement encliqueter la &hellip; Continuer la lecture de Adaptateurs de plancher pour perche ZipWall\u00ae 20 de 6,1m, lot de 2 &rarr;","og_url":"https:\/\/www.zipwall.eu\/fr\/product\/adaptateurs-de-plancher-pour-perche-zipwall-20-de-61m-lot-de-2\/","og_site_name":"ZipWall","article_publisher":"https:\/\/www.facebook.com\/ZipWall-121135931283666\/","article_modified_time":"2017-01-04T16:18:20+00:00","og_image":[{"width":1575,"height":1800,"url":"https:\/\/www.zipwall.eu\/wp-content\/uploads\/FA20_RGB_Product.jpg","type":"image\/jpeg"}],"twitter_card":"summary_large_image","twitter_site":"@ZipWall","schema":{"@context":"https:\/\/schema.org","@graph":[{"@type":"WebPage","@id":"https:\/\/www.zipwall.eu\/fr\/product\/adaptateurs-de-plancher-pour-perche-zipwall-20-de-61m-lot-de-2\/","url":"https:\/\/www.zipwall.eu\/fr\/product\/adaptateurs-de-plancher-pour-perche-zipwall-20-de-61m-lot-de-2\/","name":"Adaptateurs de plancher pour perche ZipWall\u00ae 20 de 6,1m, lot de 2 - ZipWall","isPartOf":{"@id":"https:\/\/www.zipwall.eu\/#website"},"primaryImageOfPage":{"@id":"https:\/\/www.zipwall.eu\/fr\/product\/adaptateurs-de-plancher-pour-perche-zipwall-20-de-61m-lot-de-2\/#primaryimage"},"image":{"@id":"https:\/\/www.zipwall.eu\/fr\/product\/adaptateurs-de-plancher-pour-perche-zipwall-20-de-61m-lot-de-2\/#primaryimage"},"thumbnailUrl":"https:\/\/www.zipwall.eu\/wp-content\/uploads\/FA20_RGB_Product.jpg","datePublished":"2016-03-17T19:13:13+00:00","dateModified":"2017-01-04T16:18:20+00:00","breadcrumb":{"@id":"https:\/\/www.zipwall.eu\/fr\/product\/adaptateurs-de-plancher-pour-perche-zipwall-20-de-61m-lot-de-2\/#breadcrumb"},"inLanguage":"fr-FR","potentialAction":[{"@type":"ReadAction","target":["https:\/\/www.zipwall.eu\/fr\/product\/adaptateurs-de-plancher-pour-perche-zipwall-20-de-61m-lot-de-2\/"]}]},{"@type":"ImageObject","inLanguage":"fr-FR","@id":"https:\/\/www.zipwall.eu\/fr\/product\/adaptateurs-de-plancher-pour-perche-zipwall-20-de-61m-lot-de-2\/#primaryimage","url":"https:\/\/www.zipwall.eu\/wp-content\/uploads\/FA20_RGB_Product.jpg","contentUrl":"https:\/\/www.zipwall.eu\/wp-content\/uploads\/FA20_RGB_Product.jpg","width":1575,"height":1800},{"@type":"BreadcrumbList","@id":"https:\/\/www.zipwall.eu\/fr\/product\/adaptateurs-de-plancher-pour-perche-zipwall-20-de-61m-lot-de-2\/#breadcrumb","itemListElement":[{"@type":"ListItem","position":1,"name":"Home","item":"https:\/\/www.zipwall.eu\/fr\/"},{"@type":"ListItem","position":2,"name":"Achetez en ligne","item":"https:\/\/www.zipwall.eu\/fr\/shop\/"},{"@type":"ListItem","position":3,"name":"Adaptateurs de plancher pour perche ZipWall\u00ae 20 de 6,1m, lot de 2"}]},{"@type":"WebSite","@id":"https:\/\/www.zipwall.eu\/#website","url":"https:\/\/www.zipwall.eu\/","name":"ZipWall","description":"Dust Barrier System","potentialAction":[{"@type":"SearchAction","target":{"@type":"EntryPoint","urlTemplate":"https:\/\/www.zipwall.eu\/?s={search_term_string}"},"query-input":{"@type":"PropertyValueSpecification","valueRequired":true,"valueName":"search_term_string"}}],"inLanguage":"fr-FR"}]}},"_links":{"self":[{"href":"https:\/\/www.zipwall.eu\/fr\/wp-json\/wp\/v2\/product\/2040","targetHints":{"allow":["GET"]}}],"collection":[{"href":"https:\/\/www.zipwall.eu\/fr\/wp-json\/wp\/v2\/product"}],"about":[{"href":"https:\/\/www.zipwall.eu\/fr\/wp-json\/wp\/v2\/types\/product"}],"wp:featuredmedia":[{"embeddable":true,"href":"https:\/\/www.zipwall.eu\/fr\/wp-json\/wp\/v2\/media\/1930"}],"wp:attachment":[{"href":"https:\/\/www.zipwall.eu\/fr\/wp-json\/wp\/v2\/media?parent=2040"}],"wp:term":[{"taxonomy":"product_brand","embeddable":true,"href":"https:\/\/www.zipwall.eu\/fr\/wp-json\/wp\/v2\/product_brand?post=2040"},{"taxonomy":"product_cat","embeddable":true,"href":"https:\/\/www.zipwall.eu\/fr\/wp-json\/wp\/v2\/product_cat?post=2040"},{"taxonomy":"product_tag","embeddable":true,"href":"https:\/\/www.zipwall.eu\/fr\/wp-json\/wp\/v2\/product_tag?post=2040"}],"curies":[{"name":"wp","href":"https:\/\/api.w.org\/{rel}","templated":true}]}}