{"id":4606,"date":"2018-04-06T11:30:02","date_gmt":"2018-04-06T15:30:02","guid":{"rendered":"https:\/\/www.zipwall.eu\/product\/zipwall-mat-starter-kit\/"},"modified":"2019-03-19T13:22:43","modified_gmt":"2019-03-19T17:22:43","slug":"tapis-zipwall-mat","status":"publish","type":"product","link":"https:\/\/www.zipwall.eu\/fr\/product\/tapis-zipwall-mat\/","title":{"rendered":"Tapis ZipWall\u00ae Mat"},"content":{"rendered":"<p>NOUVEAU! Tapis ZipWall\u00ae Mat<\/p>\n<p>\u00c9vitez de transporter la poussi\u00e8re \u00e0 l&rsquo;entr\u00e9e et \u00e0 la sortie du chantier!<\/p>\n<p>Ce syst\u00e8me ing\u00e9nieux maintient une barri\u00e8re \u00e0 la rencontre d\u2019un faux plafond avec un mur \u2013 sans soulever la grille!<\/p>\n<p>Chaque ensemble inclut un socle avec une pile de 30 feuilles (socle: 64 cm \u00d7 94 cm; mat: 61 cm \u00d7 91 cm).<\/p>\n<p>Poids: 2,5 kg<br \/>\nDimensions: 64cm x 95cm x 1cm<\/p>\n","protected":false},"excerpt":{"rendered":"<p>NOUVEAU! Tapis ZipWall\u00ae Mat \u00c9vitez de transporter la poussi\u00e8re \u00e0 l&rsquo;entr\u00e9e et \u00e0 la sortie du chantier! Ce syst\u00e8me ing\u00e9nieux maintient une barri\u00e8re \u00e0 la rencontre d\u2019un faux plafond avec un mur \u2013 sans soulever la grille! Chaque ensemble inclut un socle avec une pile de 30 feuilles (socle: 64 cm \u00d7 94 cm; mat: &hellip; <a href=\"https:\/\/www.zipwall.eu\/fr\/product\/tapis-zipwall-mat\/\" class=\"more-link\">Continuer la lecture de <span class=\"screen-reader-text\">Tapis ZipWall\u00ae Mat<\/span> <span class=\"meta-nav\">&rarr;<\/span><\/a><\/p>\n","protected":false},"featured_media":4215,"template":"","meta":[],"product_brand":[],"product_cat":[89],"product_tag":[],"class_list":{"0":"post-4606","1":"product","2":"type-product","3":"status-publish","4":"has-post-thumbnail","6":"product_cat-zipwall-mat-fr","8":"first","9":"instock","10":"taxable","11":"shipping-taxable","12":"purchasable","13":"product-type-simple"},"yoast_head":"<!-- This site is optimized with the Yoast SEO plugin v27.4 - https:\/\/yoast.com\/product\/yoast-seo-wordpress\/ -->\n<title>Tapis ZipWall\u00ae Mat - ZipWall<\/title>\n<meta name=\"robots\" content=\"index, follow, max-snippet:-1, max-image-preview:large, max-video-preview:-1\" \/>\n<link rel=\"canonical\" href=\"https:\/\/www.zipwall.eu\/fr\/product\/tapis-zipwall-mat\/\" \/>\n<meta property=\"og:locale\" content=\"fr_FR\" \/>\n<meta property=\"og:type\" content=\"article\" \/>\n<meta property=\"og:title\" content=\"Tapis ZipWall\u00ae Mat - ZipWall\" \/>\n<meta property=\"og:description\" content=\"NOUVEAU! Tapis ZipWall\u00ae Mat \u00c9vitez de transporter la poussi\u00e8re \u00e0 l&rsquo;entr\u00e9e et \u00e0 la sortie du chantier! Ce syst\u00e8me ing\u00e9nieux maintient une barri\u00e8re \u00e0 la rencontre d\u2019un faux plafond avec un mur \u2013 sans soulever la grille! Chaque ensemble inclut un socle avec une pile de 30 feuilles (socle: 64 cm \u00d7 94 cm; mat: &hellip; Continuer la lecture de Tapis ZipWall\u00ae Mat &rarr;\" \/>\n<meta property=\"og:url\" content=\"https:\/\/www.zipwall.eu\/fr\/product\/tapis-zipwall-mat\/\" \/>\n<meta property=\"og:site_name\" content=\"ZipWall\" \/>\n<meta property=\"article:publisher\" content=\"https:\/\/www.facebook.com\/ZipWall-121135931283666\/\" \/>\n<meta property=\"article:modified_time\" content=\"2019-03-19T17:22:43+00:00\" \/>\n<meta property=\"og:image\" content=\"https:\/\/www.zipwall.eu\/wp-content\/uploads\/ZWTM_mat_RGB_Product_web.jpg\" \/>\n\t<meta property=\"og:image:width\" content=\"1013\" \/>\n\t<meta property=\"og:image:height\" content=\"1500\" \/>\n\t<meta property=\"og:image:type\" content=\"image\/jpeg\" \/>\n<meta name=\"twitter:card\" content=\"summary_large_image\" \/>\n<meta name=\"twitter:site\" content=\"@ZipWall\" \/>\n<script type=\"application\/ld+json\" class=\"yoast-schema-graph\">{\"@context\":\"https:\\\/\\\/schema.org\",\"@graph\":[{\"@type\":\"WebPage\",\"@id\":\"https:\\\/\\\/www.zipwall.eu\\\/fr\\\/product\\\/tapis-zipwall-mat\\\/\",\"url\":\"https:\\\/\\\/www.zipwall.eu\\\/fr\\\/product\\\/tapis-zipwall-mat\\\/\",\"name\":\"Tapis ZipWall\u00ae Mat - ZipWall\",\"isPartOf\":{\"@id\":\"https:\\\/\\\/www.zipwall.eu\\\/#website\"},\"primaryImageOfPage\":{\"@id\":\"https:\\\/\\\/www.zipwall.eu\\\/fr\\\/product\\\/tapis-zipwall-mat\\\/#primaryimage\"},\"image\":{\"@id\":\"https:\\\/\\\/www.zipwall.eu\\\/fr\\\/product\\\/tapis-zipwall-mat\\\/#primaryimage\"},\"thumbnailUrl\":\"https:\\\/\\\/www.zipwall.eu\\\/wp-content\\\/uploads\\\/ZWTM_mat_RGB_Product_web.jpg\",\"datePublished\":\"2018-04-06T15:30:02+00:00\",\"dateModified\":\"2019-03-19T17:22:43+00:00\",\"breadcrumb\":{\"@id\":\"https:\\\/\\\/www.zipwall.eu\\\/fr\\\/product\\\/tapis-zipwall-mat\\\/#breadcrumb\"},\"inLanguage\":\"fr-FR\",\"potentialAction\":[{\"@type\":\"ReadAction\",\"target\":[\"https:\\\/\\\/www.zipwall.eu\\\/fr\\\/product\\\/tapis-zipwall-mat\\\/\"]}]},{\"@type\":\"ImageObject\",\"inLanguage\":\"fr-FR\",\"@id\":\"https:\\\/\\\/www.zipwall.eu\\\/fr\\\/product\\\/tapis-zipwall-mat\\\/#primaryimage\",\"url\":\"https:\\\/\\\/www.zipwall.eu\\\/wp-content\\\/uploads\\\/ZWTM_mat_RGB_Product_web.jpg\",\"contentUrl\":\"https:\\\/\\\/www.zipwall.eu\\\/wp-content\\\/uploads\\\/ZWTM_mat_RGB_Product_web.jpg\",\"width\":1013,\"height\":1500,\"caption\":\"Zipwall mat\"},{\"@type\":\"BreadcrumbList\",\"@id\":\"https:\\\/\\\/www.zipwall.eu\\\/fr\\\/product\\\/tapis-zipwall-mat\\\/#breadcrumb\",\"itemListElement\":[{\"@type\":\"ListItem\",\"position\":1,\"name\":\"Home\",\"item\":\"https:\\\/\\\/www.zipwall.eu\\\/fr\\\/\"},{\"@type\":\"ListItem\",\"position\":2,\"name\":\"Achetez en ligne\",\"item\":\"https:\\\/\\\/www.zipwall.eu\\\/fr\\\/shop\\\/\"},{\"@type\":\"ListItem\",\"position\":3,\"name\":\"Tapis ZipWall\u00ae Mat\"}]},{\"@type\":\"WebSite\",\"@id\":\"https:\\\/\\\/www.zipwall.eu\\\/#website\",\"url\":\"https:\\\/\\\/www.zipwall.eu\\\/\",\"name\":\"ZipWall\",\"description\":\"Dust Barrier System\",\"potentialAction\":[{\"@type\":\"SearchAction\",\"target\":{\"@type\":\"EntryPoint\",\"urlTemplate\":\"https:\\\/\\\/www.zipwall.eu\\\/?s={search_term_string}\"},\"query-input\":{\"@type\":\"PropertyValueSpecification\",\"valueRequired\":true,\"valueName\":\"search_term_string\"}}],\"inLanguage\":\"fr-FR\"}]}<\/script>\n<!-- \/ Yoast SEO plugin. -->","yoast_head_json":{"title":"Tapis ZipWall\u00ae Mat - ZipWall","robots":{"index":"index","follow":"follow","max-snippet":"max-snippet:-1","max-image-preview":"max-image-preview:large","max-video-preview":"max-video-preview:-1"},"canonical":"https:\/\/www.zipwall.eu\/fr\/product\/tapis-zipwall-mat\/","og_locale":"fr_FR","og_type":"article","og_title":"Tapis ZipWall\u00ae Mat - ZipWall","og_description":"NOUVEAU! Tapis ZipWall\u00ae Mat \u00c9vitez de transporter la poussi\u00e8re \u00e0 l&rsquo;entr\u00e9e et \u00e0 la sortie du chantier! Ce syst\u00e8me ing\u00e9nieux maintient une barri\u00e8re \u00e0 la rencontre d\u2019un faux plafond avec un mur \u2013 sans soulever la grille! Chaque ensemble inclut un socle avec une pile de 30 feuilles (socle: 64 cm \u00d7 94 cm; mat: &hellip; Continuer la lecture de Tapis ZipWall\u00ae Mat &rarr;","og_url":"https:\/\/www.zipwall.eu\/fr\/product\/tapis-zipwall-mat\/","og_site_name":"ZipWall","article_publisher":"https:\/\/www.facebook.com\/ZipWall-121135931283666\/","article_modified_time":"2019-03-19T17:22:43+00:00","og_image":[{"width":1013,"height":1500,"url":"https:\/\/www.zipwall.eu\/wp-content\/uploads\/ZWTM_mat_RGB_Product_web.jpg","type":"image\/jpeg"}],"twitter_card":"summary_large_image","twitter_site":"@ZipWall","schema":{"@context":"https:\/\/schema.org","@graph":[{"@type":"WebPage","@id":"https:\/\/www.zipwall.eu\/fr\/product\/tapis-zipwall-mat\/","url":"https:\/\/www.zipwall.eu\/fr\/product\/tapis-zipwall-mat\/","name":"Tapis ZipWall\u00ae Mat - ZipWall","isPartOf":{"@id":"https:\/\/www.zipwall.eu\/#website"},"primaryImageOfPage":{"@id":"https:\/\/www.zipwall.eu\/fr\/product\/tapis-zipwall-mat\/#primaryimage"},"image":{"@id":"https:\/\/www.zipwall.eu\/fr\/product\/tapis-zipwall-mat\/#primaryimage"},"thumbnailUrl":"https:\/\/www.zipwall.eu\/wp-content\/uploads\/ZWTM_mat_RGB_Product_web.jpg","datePublished":"2018-04-06T15:30:02+00:00","dateModified":"2019-03-19T17:22:43+00:00","breadcrumb":{"@id":"https:\/\/www.zipwall.eu\/fr\/product\/tapis-zipwall-mat\/#breadcrumb"},"inLanguage":"fr-FR","potentialAction":[{"@type":"ReadAction","target":["https:\/\/www.zipwall.eu\/fr\/product\/tapis-zipwall-mat\/"]}]},{"@type":"ImageObject","inLanguage":"fr-FR","@id":"https:\/\/www.zipwall.eu\/fr\/product\/tapis-zipwall-mat\/#primaryimage","url":"https:\/\/www.zipwall.eu\/wp-content\/uploads\/ZWTM_mat_RGB_Product_web.jpg","contentUrl":"https:\/\/www.zipwall.eu\/wp-content\/uploads\/ZWTM_mat_RGB_Product_web.jpg","width":1013,"height":1500,"caption":"Zipwall mat"},{"@type":"BreadcrumbList","@id":"https:\/\/www.zipwall.eu\/fr\/product\/tapis-zipwall-mat\/#breadcrumb","itemListElement":[{"@type":"ListItem","position":1,"name":"Home","item":"https:\/\/www.zipwall.eu\/fr\/"},{"@type":"ListItem","position":2,"name":"Achetez en ligne","item":"https:\/\/www.zipwall.eu\/fr\/shop\/"},{"@type":"ListItem","position":3,"name":"Tapis ZipWall\u00ae Mat"}]},{"@type":"WebSite","@id":"https:\/\/www.zipwall.eu\/#website","url":"https:\/\/www.zipwall.eu\/","name":"ZipWall","description":"Dust Barrier System","potentialAction":[{"@type":"SearchAction","target":{"@type":"EntryPoint","urlTemplate":"https:\/\/www.zipwall.eu\/?s={search_term_string}"},"query-input":{"@type":"PropertyValueSpecification","valueRequired":true,"valueName":"search_term_string"}}],"inLanguage":"fr-FR"}]}},"_links":{"self":[{"href":"https:\/\/www.zipwall.eu\/fr\/wp-json\/wp\/v2\/product\/4606","targetHints":{"allow":["GET"]}}],"collection":[{"href":"https:\/\/www.zipwall.eu\/fr\/wp-json\/wp\/v2\/product"}],"about":[{"href":"https:\/\/www.zipwall.eu\/fr\/wp-json\/wp\/v2\/types\/product"}],"wp:featuredmedia":[{"embeddable":true,"href":"https:\/\/www.zipwall.eu\/fr\/wp-json\/wp\/v2\/media\/4215"}],"wp:attachment":[{"href":"https:\/\/www.zipwall.eu\/fr\/wp-json\/wp\/v2\/media?parent=4606"}],"wp:term":[{"taxonomy":"product_brand","embeddable":true,"href":"https:\/\/www.zipwall.eu\/fr\/wp-json\/wp\/v2\/product_brand?post=4606"},{"taxonomy":"product_cat","embeddable":true,"href":"https:\/\/www.zipwall.eu\/fr\/wp-json\/wp\/v2\/product_cat?post=4606"},{"taxonomy":"product_tag","embeddable":true,"href":"https:\/\/www.zipwall.eu\/fr\/wp-json\/wp\/v2\/product_tag?post=4606"}],"curies":[{"name":"wp","href":"https:\/\/api.w.org\/{rel}","templated":true}]}}