{"id":546,"date":"2015-11-23T14:21:30","date_gmt":"2015-11-23T19:21:30","guid":{"rendered":"http:\/\/www.zipwall.eu\/product\/zipfast10-panel\/?lang=fr"},"modified":"2018-04-05T06:21:35","modified_gmt":"2018-04-05T10:21:35","slug":"zipfast10-panel","status":"publish","type":"product","link":"https:\/\/www.zipwall.eu\/fr\/product\/zipfast10-panel\/","title":{"rendered":"Panneau 10\u2019|3 m ZipFast\u2122"},"content":{"rendered":"<p>Pour compl\u00e9ter votre ensemble de panneaux de barri\u00e8re r\u00e9utilisables ZipFast\u2122.<\/p>\n<p>Le panneau 10\u2019|3 m contient un panneau 3 m x 3,6 m.<\/p>\n<p>Poids : 0,50 kg<br \/>\nDimensions\u00a0: 29 cm x 23 cm x 6 cm<\/p>\n<p><a class=\"redbtn\" href=\"https:\/\/www.zipwall.eu\/fr\/springloaded-poles\/\">Besoin de perches?<\/a><\/p>\n","protected":false},"excerpt":{"rendered":"<p>Pour compl\u00e9ter votre ensemble de panneaux de barri\u00e8re r\u00e9utilisables ZipFast\u2122. Le panneau 10\u2019|3 m contient un panneau 3 m x 3,6 m. Poids : 0,50 kg Dimensions\u00a0: 29 cm x 23 cm x 6 cm Besoin de perches?<\/p>\n","protected":false},"featured_media":2716,"template":"","meta":[],"product_brand":[],"product_cat":[28,30],"product_tag":[],"class_list":{"0":"post-546","1":"product","2":"type-product","3":"status-publish","4":"has-post-thumbnail","6":"product_cat-fermetures-a-glissiere-et-panneaux-fr","7":"product_cat-panneaux-de-barriere-reutilisables-zipfast-fr","9":"first","10":"outofstock","11":"taxable","12":"shipping-taxable","13":"purchasable","14":"product-type-simple"},"yoast_head":"<!-- This site is optimized with the Yoast SEO plugin v27.3 - https:\/\/yoast.com\/product\/yoast-seo-wordpress\/ -->\n<title>Panneau 10\u2019|3 m ZipFast\u2122 - ZipWall<\/title>\n<meta name=\"robots\" content=\"index, follow, max-snippet:-1, max-image-preview:large, max-video-preview:-1\" \/>\n<link rel=\"canonical\" href=\"https:\/\/www.zipwall.eu\/fr\/product\/zipfast10-panel\/\" \/>\n<meta property=\"og:locale\" content=\"fr_FR\" \/>\n<meta property=\"og:type\" content=\"article\" \/>\n<meta property=\"og:title\" content=\"Panneau 10\u2019|3 m ZipFast\u2122 - ZipWall\" \/>\n<meta property=\"og:description\" content=\"Pour compl\u00e9ter votre ensemble de panneaux de barri\u00e8re r\u00e9utilisables ZipFast\u2122. Le panneau 10\u2019|3 m contient un panneau 3 m x 3,6 m. Poids : 0,50 kg Dimensions\u00a0: 29 cm x 23 cm x 6 cm Besoin de perches?\" \/>\n<meta property=\"og:url\" content=\"https:\/\/www.zipwall.eu\/fr\/product\/zipfast10-panel\/\" \/>\n<meta property=\"og:site_name\" content=\"ZipWall\" \/>\n<meta property=\"article:publisher\" content=\"https:\/\/www.facebook.com\/ZipWall-121135931283666\/\" \/>\n<meta property=\"article:modified_time\" content=\"2018-04-05T10:21:35+00:00\" \/>\n<meta property=\"og:image\" content=\"https:\/\/www.zipwall.eu\/wp-content\/uploads\/ZF10_RGB_Product.jpg\" \/>\n\t<meta property=\"og:image:width\" content=\"1389\" \/>\n\t<meta property=\"og:image:height\" content=\"1800\" \/>\n\t<meta property=\"og:image:type\" content=\"image\/jpeg\" \/>\n<meta name=\"twitter:card\" content=\"summary_large_image\" \/>\n<meta name=\"twitter:site\" content=\"@ZipWall\" \/>\n<script type=\"application\/ld+json\" class=\"yoast-schema-graph\">{\"@context\":\"https:\\\/\\\/schema.org\",\"@graph\":[{\"@type\":\"WebPage\",\"@id\":\"https:\\\/\\\/www.zipwall.eu\\\/fr\\\/product\\\/zipfast10-panel\\\/\",\"url\":\"https:\\\/\\\/www.zipwall.eu\\\/fr\\\/product\\\/zipfast10-panel\\\/\",\"name\":\"Panneau 10\u2019|3 m ZipFast\u2122 - ZipWall\",\"isPartOf\":{\"@id\":\"https:\\\/\\\/www.zipwall.eu\\\/#website\"},\"primaryImageOfPage\":{\"@id\":\"https:\\\/\\\/www.zipwall.eu\\\/fr\\\/product\\\/zipfast10-panel\\\/#primaryimage\"},\"image\":{\"@id\":\"https:\\\/\\\/www.zipwall.eu\\\/fr\\\/product\\\/zipfast10-panel\\\/#primaryimage\"},\"thumbnailUrl\":\"https:\\\/\\\/www.zipwall.eu\\\/wp-content\\\/uploads\\\/ZF10_RGB_Product.jpg\",\"datePublished\":\"2015-11-23T19:21:30+00:00\",\"dateModified\":\"2018-04-05T10:21:35+00:00\",\"breadcrumb\":{\"@id\":\"https:\\\/\\\/www.zipwall.eu\\\/fr\\\/product\\\/zipfast10-panel\\\/#breadcrumb\"},\"inLanguage\":\"fr-FR\",\"potentialAction\":[{\"@type\":\"ReadAction\",\"target\":[\"https:\\\/\\\/www.zipwall.eu\\\/fr\\\/product\\\/zipfast10-panel\\\/\"]}]},{\"@type\":\"ImageObject\",\"inLanguage\":\"fr-FR\",\"@id\":\"https:\\\/\\\/www.zipwall.eu\\\/fr\\\/product\\\/zipfast10-panel\\\/#primaryimage\",\"url\":\"https:\\\/\\\/www.zipwall.eu\\\/wp-content\\\/uploads\\\/ZF10_RGB_Product.jpg\",\"contentUrl\":\"https:\\\/\\\/www.zipwall.eu\\\/wp-content\\\/uploads\\\/ZF10_RGB_Product.jpg\",\"width\":1389,\"height\":1800},{\"@type\":\"BreadcrumbList\",\"@id\":\"https:\\\/\\\/www.zipwall.eu\\\/fr\\\/product\\\/zipfast10-panel\\\/#breadcrumb\",\"itemListElement\":[{\"@type\":\"ListItem\",\"position\":1,\"name\":\"Home\",\"item\":\"https:\\\/\\\/www.zipwall.eu\\\/fr\\\/\"},{\"@type\":\"ListItem\",\"position\":2,\"name\":\"Achetez en ligne\",\"item\":\"https:\\\/\\\/www.zipwall.eu\\\/fr\\\/shop\\\/\"},{\"@type\":\"ListItem\",\"position\":3,\"name\":\"Panneau 10\u2019|3 m ZipFast\u2122\"}]},{\"@type\":\"WebSite\",\"@id\":\"https:\\\/\\\/www.zipwall.eu\\\/#website\",\"url\":\"https:\\\/\\\/www.zipwall.eu\\\/\",\"name\":\"ZipWall\",\"description\":\"Dust Barrier System\",\"potentialAction\":[{\"@type\":\"SearchAction\",\"target\":{\"@type\":\"EntryPoint\",\"urlTemplate\":\"https:\\\/\\\/www.zipwall.eu\\\/?s={search_term_string}\"},\"query-input\":{\"@type\":\"PropertyValueSpecification\",\"valueRequired\":true,\"valueName\":\"search_term_string\"}}],\"inLanguage\":\"fr-FR\"}]}<\/script>\n<!-- \/ Yoast SEO plugin. -->","yoast_head_json":{"title":"Panneau 10\u2019|3 m ZipFast\u2122 - ZipWall","robots":{"index":"index","follow":"follow","max-snippet":"max-snippet:-1","max-image-preview":"max-image-preview:large","max-video-preview":"max-video-preview:-1"},"canonical":"https:\/\/www.zipwall.eu\/fr\/product\/zipfast10-panel\/","og_locale":"fr_FR","og_type":"article","og_title":"Panneau 10\u2019|3 m ZipFast\u2122 - ZipWall","og_description":"Pour compl\u00e9ter votre ensemble de panneaux de barri\u00e8re r\u00e9utilisables ZipFast\u2122. Le panneau 10\u2019|3 m contient un panneau 3 m x 3,6 m. Poids : 0,50 kg Dimensions\u00a0: 29 cm x 23 cm x 6 cm Besoin de perches?","og_url":"https:\/\/www.zipwall.eu\/fr\/product\/zipfast10-panel\/","og_site_name":"ZipWall","article_publisher":"https:\/\/www.facebook.com\/ZipWall-121135931283666\/","article_modified_time":"2018-04-05T10:21:35+00:00","og_image":[{"width":1389,"height":1800,"url":"https:\/\/www.zipwall.eu\/wp-content\/uploads\/ZF10_RGB_Product.jpg","type":"image\/jpeg"}],"twitter_card":"summary_large_image","twitter_site":"@ZipWall","schema":{"@context":"https:\/\/schema.org","@graph":[{"@type":"WebPage","@id":"https:\/\/www.zipwall.eu\/fr\/product\/zipfast10-panel\/","url":"https:\/\/www.zipwall.eu\/fr\/product\/zipfast10-panel\/","name":"Panneau 10\u2019|3 m ZipFast\u2122 - ZipWall","isPartOf":{"@id":"https:\/\/www.zipwall.eu\/#website"},"primaryImageOfPage":{"@id":"https:\/\/www.zipwall.eu\/fr\/product\/zipfast10-panel\/#primaryimage"},"image":{"@id":"https:\/\/www.zipwall.eu\/fr\/product\/zipfast10-panel\/#primaryimage"},"thumbnailUrl":"https:\/\/www.zipwall.eu\/wp-content\/uploads\/ZF10_RGB_Product.jpg","datePublished":"2015-11-23T19:21:30+00:00","dateModified":"2018-04-05T10:21:35+00:00","breadcrumb":{"@id":"https:\/\/www.zipwall.eu\/fr\/product\/zipfast10-panel\/#breadcrumb"},"inLanguage":"fr-FR","potentialAction":[{"@type":"ReadAction","target":["https:\/\/www.zipwall.eu\/fr\/product\/zipfast10-panel\/"]}]},{"@type":"ImageObject","inLanguage":"fr-FR","@id":"https:\/\/www.zipwall.eu\/fr\/product\/zipfast10-panel\/#primaryimage","url":"https:\/\/www.zipwall.eu\/wp-content\/uploads\/ZF10_RGB_Product.jpg","contentUrl":"https:\/\/www.zipwall.eu\/wp-content\/uploads\/ZF10_RGB_Product.jpg","width":1389,"height":1800},{"@type":"BreadcrumbList","@id":"https:\/\/www.zipwall.eu\/fr\/product\/zipfast10-panel\/#breadcrumb","itemListElement":[{"@type":"ListItem","position":1,"name":"Home","item":"https:\/\/www.zipwall.eu\/fr\/"},{"@type":"ListItem","position":2,"name":"Achetez en ligne","item":"https:\/\/www.zipwall.eu\/fr\/shop\/"},{"@type":"ListItem","position":3,"name":"Panneau 10\u2019|3 m ZipFast\u2122"}]},{"@type":"WebSite","@id":"https:\/\/www.zipwall.eu\/#website","url":"https:\/\/www.zipwall.eu\/","name":"ZipWall","description":"Dust Barrier System","potentialAction":[{"@type":"SearchAction","target":{"@type":"EntryPoint","urlTemplate":"https:\/\/www.zipwall.eu\/?s={search_term_string}"},"query-input":{"@type":"PropertyValueSpecification","valueRequired":true,"valueName":"search_term_string"}}],"inLanguage":"fr-FR"}]}},"_links":{"self":[{"href":"https:\/\/www.zipwall.eu\/fr\/wp-json\/wp\/v2\/product\/546","targetHints":{"allow":["GET"]}}],"collection":[{"href":"https:\/\/www.zipwall.eu\/fr\/wp-json\/wp\/v2\/product"}],"about":[{"href":"https:\/\/www.zipwall.eu\/fr\/wp-json\/wp\/v2\/types\/product"}],"wp:featuredmedia":[{"embeddable":true,"href":"https:\/\/www.zipwall.eu\/fr\/wp-json\/wp\/v2\/media\/2716"}],"wp:attachment":[{"href":"https:\/\/www.zipwall.eu\/fr\/wp-json\/wp\/v2\/media?parent=546"}],"wp:term":[{"taxonomy":"product_brand","embeddable":true,"href":"https:\/\/www.zipwall.eu\/fr\/wp-json\/wp\/v2\/product_brand?post=546"},{"taxonomy":"product_cat","embeddable":true,"href":"https:\/\/www.zipwall.eu\/fr\/wp-json\/wp\/v2\/product_cat?post=546"},{"taxonomy":"product_tag","embeddable":true,"href":"https:\/\/www.zipwall.eu\/fr\/wp-json\/wp\/v2\/product_tag?post=546"}],"curies":[{"name":"wp","href":"https:\/\/api.w.org\/{rel}","templated":true}]}}