{"id":547,"date":"2015-11-23T14:20:44","date_gmt":"2015-11-23T19:20:44","guid":{"rendered":"http:\/\/www.zipwall.eu\/product\/zipfastmulti-pack\/?lang=fr"},"modified":"2016-09-09T16:08:41","modified_gmt":"2016-09-09T20:08:41","slug":"zipfastmulti-pack","status":"publish","type":"product","link":"https:\/\/www.zipwall.eu\/fr\/product\/zipfastmulti-pack\/","title":{"rendered":"Multi-Pack ZipFast\u2122"},"content":{"rendered":"<p>Permet de cr\u00e9er une barri\u00e8re jusqu\u2019\u00e0 5,33 m de large. Le panneau de 76 cm est id\u00e9al comme porte dans la barri\u00e8re. Le sac de transport facilite le stockage et le transport de vos panneaux. Perches non incluses.<\/p>\n<p>Le Multi-Pack contient trois panneaux de 1,5 m x 3,6 m, un panneau de 76 x 3,6 m cm et un sac de transport ZipFast\u2122.<\/p>\n<p>Poids : 2,22 kg<br \/>\nDimensions\u00a0: 24 cm x 34 cm x 15 cm<\/p>\n<p><a class=\"redbtn\" href=\"https:\/\/www.zipwall.eu\/fr\/springloaded-poles\/\">Besoin de perches?<\/a><\/p>\n","protected":false},"excerpt":{"rendered":"<p>Permet de cr\u00e9er une barri\u00e8re jusqu\u2019\u00e0 5,33 m de large. Le panneau de 76 cm est id\u00e9al comme porte dans la barri\u00e8re. Le sac de transport facilite le stockage et le transport de vos panneaux. Perches non incluses. Le Multi-Pack contient trois panneaux de 1,5 m x 3,6 m, un panneau de 76 x 3,6 &hellip; <a href=\"https:\/\/www.zipwall.eu\/fr\/product\/zipfastmulti-pack\/\" class=\"more-link\">Continuer la lecture de <span class=\"screen-reader-text\">Multi-Pack ZipFast\u2122<\/span> <span class=\"meta-nav\">&rarr;<\/span><\/a><\/p>\n","protected":false},"featured_media":2719,"template":"","meta":[],"product_brand":[],"product_cat":[28,30],"product_tag":[],"class_list":{"0":"post-547","1":"product","2":"type-product","3":"status-publish","4":"has-post-thumbnail","6":"product_cat-fermetures-a-glissiere-et-panneaux-fr","7":"product_cat-panneaux-de-barriere-reutilisables-zipfast-fr","9":"first","10":"instock","11":"taxable","12":"shipping-taxable","13":"purchasable","14":"product-type-simple"},"yoast_head":"<!-- This site is optimized with the Yoast SEO plugin v27.3 - https:\/\/yoast.com\/product\/yoast-seo-wordpress\/ -->\n<title>Multi-Pack ZipFast\u2122 - ZipWall<\/title>\n<meta name=\"robots\" content=\"index, follow, max-snippet:-1, max-image-preview:large, max-video-preview:-1\" \/>\n<link rel=\"canonical\" href=\"https:\/\/www.zipwall.eu\/fr\/product\/zipfastmulti-pack\/\" \/>\n<meta property=\"og:locale\" content=\"fr_FR\" \/>\n<meta property=\"og:type\" content=\"article\" \/>\n<meta property=\"og:title\" content=\"Multi-Pack ZipFast\u2122 - ZipWall\" \/>\n<meta property=\"og:description\" content=\"Permet de cr\u00e9er une barri\u00e8re jusqu\u2019\u00e0 5,33 m de large. Le panneau de 76 cm est id\u00e9al comme porte dans la barri\u00e8re. Le sac de transport facilite le stockage et le transport de vos panneaux. Perches non incluses. Le Multi-Pack contient trois panneaux de 1,5 m x 3,6 m, un panneau de 76 x 3,6 &hellip; Continuer la lecture de Multi-Pack ZipFast\u2122 &rarr;\" \/>\n<meta property=\"og:url\" content=\"https:\/\/www.zipwall.eu\/fr\/product\/zipfastmulti-pack\/\" \/>\n<meta property=\"og:site_name\" content=\"ZipWall\" \/>\n<meta property=\"article:publisher\" content=\"https:\/\/www.facebook.com\/ZipWall-121135931283666\/\" \/>\n<meta property=\"article:modified_time\" content=\"2016-09-09T20:08:41+00:00\" \/>\n<meta property=\"og:image\" content=\"https:\/\/www.zipwall.eu\/wp-content\/uploads\/ZFMP_RGB_Product_3D.jpg\" \/>\n\t<meta property=\"og:image:width\" content=\"2391\" \/>\n\t<meta property=\"og:image:height\" content=\"1800\" \/>\n\t<meta property=\"og:image:type\" content=\"image\/jpeg\" \/>\n<meta name=\"twitter:card\" content=\"summary_large_image\" \/>\n<meta name=\"twitter:site\" content=\"@ZipWall\" \/>\n<script type=\"application\/ld+json\" class=\"yoast-schema-graph\">{\"@context\":\"https:\\\/\\\/schema.org\",\"@graph\":[{\"@type\":\"WebPage\",\"@id\":\"https:\\\/\\\/www.zipwall.eu\\\/fr\\\/product\\\/zipfastmulti-pack\\\/\",\"url\":\"https:\\\/\\\/www.zipwall.eu\\\/fr\\\/product\\\/zipfastmulti-pack\\\/\",\"name\":\"Multi-Pack ZipFast\u2122 - ZipWall\",\"isPartOf\":{\"@id\":\"https:\\\/\\\/www.zipwall.eu\\\/#website\"},\"primaryImageOfPage\":{\"@id\":\"https:\\\/\\\/www.zipwall.eu\\\/fr\\\/product\\\/zipfastmulti-pack\\\/#primaryimage\"},\"image\":{\"@id\":\"https:\\\/\\\/www.zipwall.eu\\\/fr\\\/product\\\/zipfastmulti-pack\\\/#primaryimage\"},\"thumbnailUrl\":\"https:\\\/\\\/www.zipwall.eu\\\/wp-content\\\/uploads\\\/ZFMP_RGB_Product_3D.jpg\",\"datePublished\":\"2015-11-23T19:20:44+00:00\",\"dateModified\":\"2016-09-09T20:08:41+00:00\",\"breadcrumb\":{\"@id\":\"https:\\\/\\\/www.zipwall.eu\\\/fr\\\/product\\\/zipfastmulti-pack\\\/#breadcrumb\"},\"inLanguage\":\"fr-FR\",\"potentialAction\":[{\"@type\":\"ReadAction\",\"target\":[\"https:\\\/\\\/www.zipwall.eu\\\/fr\\\/product\\\/zipfastmulti-pack\\\/\"]}]},{\"@type\":\"ImageObject\",\"inLanguage\":\"fr-FR\",\"@id\":\"https:\\\/\\\/www.zipwall.eu\\\/fr\\\/product\\\/zipfastmulti-pack\\\/#primaryimage\",\"url\":\"https:\\\/\\\/www.zipwall.eu\\\/wp-content\\\/uploads\\\/ZFMP_RGB_Product_3D.jpg\",\"contentUrl\":\"https:\\\/\\\/www.zipwall.eu\\\/wp-content\\\/uploads\\\/ZFMP_RGB_Product_3D.jpg\",\"width\":2391,\"height\":1800,\"caption\":\"dust barrier system, syst\u00e8me de barri\u00e8re anti-poussi\u00e8re, staubschutzsystem, ZipWall ZipFast\"},{\"@type\":\"BreadcrumbList\",\"@id\":\"https:\\\/\\\/www.zipwall.eu\\\/fr\\\/product\\\/zipfastmulti-pack\\\/#breadcrumb\",\"itemListElement\":[{\"@type\":\"ListItem\",\"position\":1,\"name\":\"Home\",\"item\":\"https:\\\/\\\/www.zipwall.eu\\\/fr\\\/\"},{\"@type\":\"ListItem\",\"position\":2,\"name\":\"Achetez en ligne\",\"item\":\"https:\\\/\\\/www.zipwall.eu\\\/fr\\\/shop\\\/\"},{\"@type\":\"ListItem\",\"position\":3,\"name\":\"Multi-Pack ZipFast\u2122\"}]},{\"@type\":\"WebSite\",\"@id\":\"https:\\\/\\\/www.zipwall.eu\\\/#website\",\"url\":\"https:\\\/\\\/www.zipwall.eu\\\/\",\"name\":\"ZipWall\",\"description\":\"Dust Barrier System\",\"potentialAction\":[{\"@type\":\"SearchAction\",\"target\":{\"@type\":\"EntryPoint\",\"urlTemplate\":\"https:\\\/\\\/www.zipwall.eu\\\/?s={search_term_string}\"},\"query-input\":{\"@type\":\"PropertyValueSpecification\",\"valueRequired\":true,\"valueName\":\"search_term_string\"}}],\"inLanguage\":\"fr-FR\"}]}<\/script>\n<!-- \/ Yoast SEO plugin. -->","yoast_head_json":{"title":"Multi-Pack ZipFast\u2122 - ZipWall","robots":{"index":"index","follow":"follow","max-snippet":"max-snippet:-1","max-image-preview":"max-image-preview:large","max-video-preview":"max-video-preview:-1"},"canonical":"https:\/\/www.zipwall.eu\/fr\/product\/zipfastmulti-pack\/","og_locale":"fr_FR","og_type":"article","og_title":"Multi-Pack ZipFast\u2122 - ZipWall","og_description":"Permet de cr\u00e9er une barri\u00e8re jusqu\u2019\u00e0 5,33 m de large. Le panneau de 76 cm est id\u00e9al comme porte dans la barri\u00e8re. Le sac de transport facilite le stockage et le transport de vos panneaux. Perches non incluses. Le Multi-Pack contient trois panneaux de 1,5 m x 3,6 m, un panneau de 76 x 3,6 &hellip; Continuer la lecture de Multi-Pack ZipFast\u2122 &rarr;","og_url":"https:\/\/www.zipwall.eu\/fr\/product\/zipfastmulti-pack\/","og_site_name":"ZipWall","article_publisher":"https:\/\/www.facebook.com\/ZipWall-121135931283666\/","article_modified_time":"2016-09-09T20:08:41+00:00","og_image":[{"width":2391,"height":1800,"url":"https:\/\/www.zipwall.eu\/wp-content\/uploads\/ZFMP_RGB_Product_3D.jpg","type":"image\/jpeg"}],"twitter_card":"summary_large_image","twitter_site":"@ZipWall","schema":{"@context":"https:\/\/schema.org","@graph":[{"@type":"WebPage","@id":"https:\/\/www.zipwall.eu\/fr\/product\/zipfastmulti-pack\/","url":"https:\/\/www.zipwall.eu\/fr\/product\/zipfastmulti-pack\/","name":"Multi-Pack ZipFast\u2122 - ZipWall","isPartOf":{"@id":"https:\/\/www.zipwall.eu\/#website"},"primaryImageOfPage":{"@id":"https:\/\/www.zipwall.eu\/fr\/product\/zipfastmulti-pack\/#primaryimage"},"image":{"@id":"https:\/\/www.zipwall.eu\/fr\/product\/zipfastmulti-pack\/#primaryimage"},"thumbnailUrl":"https:\/\/www.zipwall.eu\/wp-content\/uploads\/ZFMP_RGB_Product_3D.jpg","datePublished":"2015-11-23T19:20:44+00:00","dateModified":"2016-09-09T20:08:41+00:00","breadcrumb":{"@id":"https:\/\/www.zipwall.eu\/fr\/product\/zipfastmulti-pack\/#breadcrumb"},"inLanguage":"fr-FR","potentialAction":[{"@type":"ReadAction","target":["https:\/\/www.zipwall.eu\/fr\/product\/zipfastmulti-pack\/"]}]},{"@type":"ImageObject","inLanguage":"fr-FR","@id":"https:\/\/www.zipwall.eu\/fr\/product\/zipfastmulti-pack\/#primaryimage","url":"https:\/\/www.zipwall.eu\/wp-content\/uploads\/ZFMP_RGB_Product_3D.jpg","contentUrl":"https:\/\/www.zipwall.eu\/wp-content\/uploads\/ZFMP_RGB_Product_3D.jpg","width":2391,"height":1800,"caption":"dust barrier system, syst\u00e8me de barri\u00e8re anti-poussi\u00e8re, staubschutzsystem, ZipWall ZipFast"},{"@type":"BreadcrumbList","@id":"https:\/\/www.zipwall.eu\/fr\/product\/zipfastmulti-pack\/#breadcrumb","itemListElement":[{"@type":"ListItem","position":1,"name":"Home","item":"https:\/\/www.zipwall.eu\/fr\/"},{"@type":"ListItem","position":2,"name":"Achetez en ligne","item":"https:\/\/www.zipwall.eu\/fr\/shop\/"},{"@type":"ListItem","position":3,"name":"Multi-Pack ZipFast\u2122"}]},{"@type":"WebSite","@id":"https:\/\/www.zipwall.eu\/#website","url":"https:\/\/www.zipwall.eu\/","name":"ZipWall","description":"Dust Barrier System","potentialAction":[{"@type":"SearchAction","target":{"@type":"EntryPoint","urlTemplate":"https:\/\/www.zipwall.eu\/?s={search_term_string}"},"query-input":{"@type":"PropertyValueSpecification","valueRequired":true,"valueName":"search_term_string"}}],"inLanguage":"fr-FR"}]}},"_links":{"self":[{"href":"https:\/\/www.zipwall.eu\/fr\/wp-json\/wp\/v2\/product\/547","targetHints":{"allow":["GET"]}}],"collection":[{"href":"https:\/\/www.zipwall.eu\/fr\/wp-json\/wp\/v2\/product"}],"about":[{"href":"https:\/\/www.zipwall.eu\/fr\/wp-json\/wp\/v2\/types\/product"}],"wp:featuredmedia":[{"embeddable":true,"href":"https:\/\/www.zipwall.eu\/fr\/wp-json\/wp\/v2\/media\/2719"}],"wp:attachment":[{"href":"https:\/\/www.zipwall.eu\/fr\/wp-json\/wp\/v2\/media?parent=547"}],"wp:term":[{"taxonomy":"product_brand","embeddable":true,"href":"https:\/\/www.zipwall.eu\/fr\/wp-json\/wp\/v2\/product_brand?post=547"},{"taxonomy":"product_cat","embeddable":true,"href":"https:\/\/www.zipwall.eu\/fr\/wp-json\/wp\/v2\/product_cat?post=547"},{"taxonomy":"product_tag","embeddable":true,"href":"https:\/\/www.zipwall.eu\/fr\/wp-json\/wp\/v2\/product_tag?post=547"}],"curies":[{"name":"wp","href":"https:\/\/api.w.org\/{rel}","templated":true}]}}