{"id":549,"date":"2015-11-23T14:19:49","date_gmt":"2015-11-23T19:19:49","guid":{"rendered":"http:\/\/www.zipwall.eu\/product\/zipdoor-kit\/?lang=fr"},"modified":"2016-05-31T15:47:12","modified_gmt":"2016-05-31T19:47:12","slug":"zipdoor-kit","status":"publish","type":"product","link":"https:\/\/www.zipwall.eu\/fr\/product\/zipdoor-kit\/","title":{"rendered":"Kit porte standard ZipDoor\u00ae"},"content":{"rendered":"<p>Assure l\u2019\u00e9tanch\u00e9it\u00e9 d\u2019un passage de porte standard jusqu\u2019\u00e0 0,9 m x 2,1 m. En plastique de 4 mil (0,10 mm) Inclut deux fermetures \u00e0 glissi\u00e8re pr\u00e9install\u00e9es<\/p>\n<p>Le Kit porte standard ZipDoor\u00ae contient un ZipDoor\u00ae et un rouleau de ruban adh\u00e9sif double face ZipWall\u00ae de 24m x 7,3m.<\/p>\n<p>Poids: 0,54 kg<br \/>\nDimensions\u00a0: 30 cm x 22 cm x 4 cm<\/p>\n","protected":false},"excerpt":{"rendered":"<p>Assure l\u2019\u00e9tanch\u00e9it\u00e9 d\u2019un passage de porte standard jusqu\u2019\u00e0 0,9 m x 2,1 m. En plastique de 4 mil (0,10 mm) Inclut deux fermetures \u00e0 glissi\u00e8re pr\u00e9install\u00e9es Le Kit porte standard ZipDoor\u00ae contient un ZipDoor\u00ae et un rouleau de ruban adh\u00e9sif double face ZipWall\u00ae de 24m x 7,3m. Poids: 0,54 kg Dimensions\u00a0: 30 cm x 22 &hellip; <a href=\"https:\/\/www.zipwall.eu\/fr\/product\/zipdoor-kit\/\" class=\"more-link\">Continuer la lecture de <span class=\"screen-reader-text\">Kit porte standard ZipDoor\u00ae<\/span> <span class=\"meta-nav\">&rarr;<\/span><\/a><\/p>\n","protected":false},"featured_media":2735,"template":"","meta":[],"product_brand":[],"product_cat":[28,31],"product_tag":[],"class_list":{"0":"post-549","1":"product","2":"type-product","3":"status-publish","4":"has-post-thumbnail","6":"product_cat-fermetures-a-glissiere-et-panneaux-fr","7":"product_cat-kits-zipdoor-fr","9":"first","10":"instock","11":"taxable","12":"shipping-taxable","13":"purchasable","14":"product-type-simple"},"yoast_head":"<!-- This site is optimized with the Yoast SEO plugin v27.3 - https:\/\/yoast.com\/product\/yoast-seo-wordpress\/ -->\n<title>Kit porte standard ZipDoor\u00ae - ZipWall<\/title>\n<meta name=\"robots\" content=\"index, follow, max-snippet:-1, max-image-preview:large, max-video-preview:-1\" \/>\n<link rel=\"canonical\" href=\"https:\/\/www.zipwall.eu\/fr\/product\/zipdoor-kit\/\" \/>\n<meta property=\"og:locale\" content=\"fr_FR\" \/>\n<meta property=\"og:type\" content=\"article\" \/>\n<meta property=\"og:title\" content=\"Kit porte standard ZipDoor\u00ae - ZipWall\" \/>\n<meta property=\"og:description\" content=\"Assure l\u2019\u00e9tanch\u00e9it\u00e9 d\u2019un passage de porte standard jusqu\u2019\u00e0 0,9 m x 2,1 m. En plastique de 4 mil (0,10 mm) Inclut deux fermetures \u00e0 glissi\u00e8re pr\u00e9install\u00e9es Le Kit porte standard ZipDoor\u00ae contient un ZipDoor\u00ae et un rouleau de ruban adh\u00e9sif double face ZipWall\u00ae de 24m x 7,3m. Poids: 0,54 kg Dimensions\u00a0: 30 cm x 22 &hellip; Continuer la lecture de Kit porte standard ZipDoor\u00ae &rarr;\" \/>\n<meta property=\"og:url\" content=\"https:\/\/www.zipwall.eu\/fr\/product\/zipdoor-kit\/\" \/>\n<meta property=\"og:site_name\" content=\"ZipWall\" \/>\n<meta property=\"article:publisher\" content=\"https:\/\/www.facebook.com\/ZipWall-121135931283666\/\" \/>\n<meta property=\"article:modified_time\" content=\"2016-05-31T19:47:12+00:00\" \/>\n<meta property=\"og:image\" content=\"https:\/\/www.zipwall.eu\/wp-content\/uploads\/ZDS_RGB_Product_NOreuse.jpg\" \/>\n\t<meta property=\"og:image:width\" content=\"1132\" \/>\n\t<meta property=\"og:image:height\" content=\"1644\" \/>\n\t<meta property=\"og:image:type\" content=\"image\/jpeg\" \/>\n<meta name=\"twitter:card\" content=\"summary_large_image\" \/>\n<meta name=\"twitter:site\" content=\"@ZipWall\" \/>\n<script type=\"application\/ld+json\" class=\"yoast-schema-graph\">{\"@context\":\"https:\\\/\\\/schema.org\",\"@graph\":[{\"@type\":\"WebPage\",\"@id\":\"https:\\\/\\\/www.zipwall.eu\\\/fr\\\/product\\\/zipdoor-kit\\\/\",\"url\":\"https:\\\/\\\/www.zipwall.eu\\\/fr\\\/product\\\/zipdoor-kit\\\/\",\"name\":\"Kit porte standard ZipDoor\u00ae - ZipWall\",\"isPartOf\":{\"@id\":\"https:\\\/\\\/www.zipwall.eu\\\/#website\"},\"primaryImageOfPage\":{\"@id\":\"https:\\\/\\\/www.zipwall.eu\\\/fr\\\/product\\\/zipdoor-kit\\\/#primaryimage\"},\"image\":{\"@id\":\"https:\\\/\\\/www.zipwall.eu\\\/fr\\\/product\\\/zipdoor-kit\\\/#primaryimage\"},\"thumbnailUrl\":\"https:\\\/\\\/www.zipwall.eu\\\/wp-content\\\/uploads\\\/ZDS_RGB_Product_NOreuse.jpg\",\"datePublished\":\"2015-11-23T19:19:49+00:00\",\"dateModified\":\"2016-05-31T19:47:12+00:00\",\"breadcrumb\":{\"@id\":\"https:\\\/\\\/www.zipwall.eu\\\/fr\\\/product\\\/zipdoor-kit\\\/#breadcrumb\"},\"inLanguage\":\"fr-FR\",\"potentialAction\":[{\"@type\":\"ReadAction\",\"target\":[\"https:\\\/\\\/www.zipwall.eu\\\/fr\\\/product\\\/zipdoor-kit\\\/\"]}]},{\"@type\":\"ImageObject\",\"inLanguage\":\"fr-FR\",\"@id\":\"https:\\\/\\\/www.zipwall.eu\\\/fr\\\/product\\\/zipdoor-kit\\\/#primaryimage\",\"url\":\"https:\\\/\\\/www.zipwall.eu\\\/wp-content\\\/uploads\\\/ZDS_RGB_Product_NOreuse.jpg\",\"contentUrl\":\"https:\\\/\\\/www.zipwall.eu\\\/wp-content\\\/uploads\\\/ZDS_RGB_Product_NOreuse.jpg\",\"width\":1132,\"height\":1644},{\"@type\":\"BreadcrumbList\",\"@id\":\"https:\\\/\\\/www.zipwall.eu\\\/fr\\\/product\\\/zipdoor-kit\\\/#breadcrumb\",\"itemListElement\":[{\"@type\":\"ListItem\",\"position\":1,\"name\":\"Home\",\"item\":\"https:\\\/\\\/www.zipwall.eu\\\/fr\\\/\"},{\"@type\":\"ListItem\",\"position\":2,\"name\":\"Achetez en ligne\",\"item\":\"https:\\\/\\\/www.zipwall.eu\\\/fr\\\/shop\\\/\"},{\"@type\":\"ListItem\",\"position\":3,\"name\":\"Kit porte standard ZipDoor\u00ae\"}]},{\"@type\":\"WebSite\",\"@id\":\"https:\\\/\\\/www.zipwall.eu\\\/#website\",\"url\":\"https:\\\/\\\/www.zipwall.eu\\\/\",\"name\":\"ZipWall\",\"description\":\"Dust Barrier System\",\"potentialAction\":[{\"@type\":\"SearchAction\",\"target\":{\"@type\":\"EntryPoint\",\"urlTemplate\":\"https:\\\/\\\/www.zipwall.eu\\\/?s={search_term_string}\"},\"query-input\":{\"@type\":\"PropertyValueSpecification\",\"valueRequired\":true,\"valueName\":\"search_term_string\"}}],\"inLanguage\":\"fr-FR\"}]}<\/script>\n<!-- \/ Yoast SEO plugin. -->","yoast_head_json":{"title":"Kit porte standard ZipDoor\u00ae - ZipWall","robots":{"index":"index","follow":"follow","max-snippet":"max-snippet:-1","max-image-preview":"max-image-preview:large","max-video-preview":"max-video-preview:-1"},"canonical":"https:\/\/www.zipwall.eu\/fr\/product\/zipdoor-kit\/","og_locale":"fr_FR","og_type":"article","og_title":"Kit porte standard ZipDoor\u00ae - ZipWall","og_description":"Assure l\u2019\u00e9tanch\u00e9it\u00e9 d\u2019un passage de porte standard jusqu\u2019\u00e0 0,9 m x 2,1 m. En plastique de 4 mil (0,10 mm) Inclut deux fermetures \u00e0 glissi\u00e8re pr\u00e9install\u00e9es Le Kit porte standard ZipDoor\u00ae contient un ZipDoor\u00ae et un rouleau de ruban adh\u00e9sif double face ZipWall\u00ae de 24m x 7,3m. Poids: 0,54 kg Dimensions\u00a0: 30 cm x 22 &hellip; Continuer la lecture de Kit porte standard ZipDoor\u00ae &rarr;","og_url":"https:\/\/www.zipwall.eu\/fr\/product\/zipdoor-kit\/","og_site_name":"ZipWall","article_publisher":"https:\/\/www.facebook.com\/ZipWall-121135931283666\/","article_modified_time":"2016-05-31T19:47:12+00:00","og_image":[{"width":1132,"height":1644,"url":"https:\/\/www.zipwall.eu\/wp-content\/uploads\/ZDS_RGB_Product_NOreuse.jpg","type":"image\/jpeg"}],"twitter_card":"summary_large_image","twitter_site":"@ZipWall","schema":{"@context":"https:\/\/schema.org","@graph":[{"@type":"WebPage","@id":"https:\/\/www.zipwall.eu\/fr\/product\/zipdoor-kit\/","url":"https:\/\/www.zipwall.eu\/fr\/product\/zipdoor-kit\/","name":"Kit porte standard ZipDoor\u00ae - ZipWall","isPartOf":{"@id":"https:\/\/www.zipwall.eu\/#website"},"primaryImageOfPage":{"@id":"https:\/\/www.zipwall.eu\/fr\/product\/zipdoor-kit\/#primaryimage"},"image":{"@id":"https:\/\/www.zipwall.eu\/fr\/product\/zipdoor-kit\/#primaryimage"},"thumbnailUrl":"https:\/\/www.zipwall.eu\/wp-content\/uploads\/ZDS_RGB_Product_NOreuse.jpg","datePublished":"2015-11-23T19:19:49+00:00","dateModified":"2016-05-31T19:47:12+00:00","breadcrumb":{"@id":"https:\/\/www.zipwall.eu\/fr\/product\/zipdoor-kit\/#breadcrumb"},"inLanguage":"fr-FR","potentialAction":[{"@type":"ReadAction","target":["https:\/\/www.zipwall.eu\/fr\/product\/zipdoor-kit\/"]}]},{"@type":"ImageObject","inLanguage":"fr-FR","@id":"https:\/\/www.zipwall.eu\/fr\/product\/zipdoor-kit\/#primaryimage","url":"https:\/\/www.zipwall.eu\/wp-content\/uploads\/ZDS_RGB_Product_NOreuse.jpg","contentUrl":"https:\/\/www.zipwall.eu\/wp-content\/uploads\/ZDS_RGB_Product_NOreuse.jpg","width":1132,"height":1644},{"@type":"BreadcrumbList","@id":"https:\/\/www.zipwall.eu\/fr\/product\/zipdoor-kit\/#breadcrumb","itemListElement":[{"@type":"ListItem","position":1,"name":"Home","item":"https:\/\/www.zipwall.eu\/fr\/"},{"@type":"ListItem","position":2,"name":"Achetez en ligne","item":"https:\/\/www.zipwall.eu\/fr\/shop\/"},{"@type":"ListItem","position":3,"name":"Kit porte standard ZipDoor\u00ae"}]},{"@type":"WebSite","@id":"https:\/\/www.zipwall.eu\/#website","url":"https:\/\/www.zipwall.eu\/","name":"ZipWall","description":"Dust Barrier System","potentialAction":[{"@type":"SearchAction","target":{"@type":"EntryPoint","urlTemplate":"https:\/\/www.zipwall.eu\/?s={search_term_string}"},"query-input":{"@type":"PropertyValueSpecification","valueRequired":true,"valueName":"search_term_string"}}],"inLanguage":"fr-FR"}]}},"_links":{"self":[{"href":"https:\/\/www.zipwall.eu\/fr\/wp-json\/wp\/v2\/product\/549","targetHints":{"allow":["GET"]}}],"collection":[{"href":"https:\/\/www.zipwall.eu\/fr\/wp-json\/wp\/v2\/product"}],"about":[{"href":"https:\/\/www.zipwall.eu\/fr\/wp-json\/wp\/v2\/types\/product"}],"wp:featuredmedia":[{"embeddable":true,"href":"https:\/\/www.zipwall.eu\/fr\/wp-json\/wp\/v2\/media\/2735"}],"wp:attachment":[{"href":"https:\/\/www.zipwall.eu\/fr\/wp-json\/wp\/v2\/media?parent=549"}],"wp:term":[{"taxonomy":"product_brand","embeddable":true,"href":"https:\/\/www.zipwall.eu\/fr\/wp-json\/wp\/v2\/product_brand?post=549"},{"taxonomy":"product_cat","embeddable":true,"href":"https:\/\/www.zipwall.eu\/fr\/wp-json\/wp\/v2\/product_cat?post=549"},{"taxonomy":"product_tag","embeddable":true,"href":"https:\/\/www.zipwall.eu\/fr\/wp-json\/wp\/v2\/product_tag?post=549"}],"curies":[{"name":"wp","href":"https:\/\/api.w.org\/{rel}","templated":true}]}}