{"id":552,"date":"2015-11-23T14:18:27","date_gmt":"2015-11-23T19:18:27","guid":{"rendered":"http:\/\/www.zipwall.eu\/product\/zipwall-heavy-duty-zipper-2-pack\/?lang=fr"},"modified":"2018-06-03T12:42:25","modified_gmt":"2018-06-03T16:42:25","slug":"zipwall-heavy-duty-zipper-2-pack","status":"publish","type":"product","link":"https:\/\/www.zipwall.eu\/fr\/product\/zipwall-heavy-duty-zipper-2-pack\/","title":{"rendered":"Lot de 2 fermetures \u00e0 glissi\u00e8re robuste ZipWall\u00ae"},"content":{"rendered":"<p>Utilisable \u00e0 des temp\u00e9ratures inf\u00e9rieure \u00e0 12,8\u2070 C, avec une surface collante sup\u00e9rieure \u00e0 la fermeture \u00e0 glissi\u00e8re standard, pour une adh\u00e9sion plus forte. Leur fabrication tout en tissu de 7,62 cm de large assure une durabilit\u00e9 maximale, qui les destine id\u00e9alement aux zones \u00e0 fort trafic. Le cutter de feuille plastique brevet\u00e9 ZipperKnife\u2122 \u00e9vite le coincement des bords de d\u00e9coupe dans les dents de la fermeture.<\/p>\n<p>Le lot de 2 fermetures \u00e0 glissi\u00e8res robuste ZipWall\u00ae contient deux fermetures \u00e0 glissi\u00e8res, deux crochets pour rabat et un cutter ZipperKnife\u2122 pour feuille plastique.<\/p>\n<p>&nbsp;<\/p>\n<p>Poids: 0,31 kg<br \/>\nDimensions\u00a0: 28 cm x 89 cm x 89 cm<\/p>\n","protected":false},"excerpt":{"rendered":"<p>Utilisable \u00e0 des temp\u00e9ratures inf\u00e9rieure \u00e0 12,8\u2070 C, avec une surface collante sup\u00e9rieure \u00e0 la fermeture \u00e0 glissi\u00e8re standard, pour une adh\u00e9sion plus forte. Leur fabrication tout en tissu de 7,62 cm de large assure une durabilit\u00e9 maximale, qui les destine id\u00e9alement aux zones \u00e0 fort trafic. Le cutter de feuille plastique brevet\u00e9 ZipperKnife\u2122 \u00e9vite &hellip; <a href=\"https:\/\/www.zipwall.eu\/fr\/product\/zipwall-heavy-duty-zipper-2-pack\/\" class=\"more-link\">Continuer la lecture de <span class=\"screen-reader-text\">Lot de 2 fermetures \u00e0 glissi\u00e8re robuste ZipWall\u00ae<\/span> <span class=\"meta-nav\">&rarr;<\/span><\/a><\/p>\n","protected":false},"featured_media":2694,"template":"","meta":[],"product_brand":[],"product_cat":[28,32],"product_tag":[],"class_list":{"0":"post-552","1":"product","2":"type-product","3":"status-publish","4":"has-post-thumbnail","6":"product_cat-fermetures-a-glissiere-et-panneaux-fr","7":"product_cat-fermetures-a-glissieres-autocollantes-zipwall-fr","9":"first","10":"instock","11":"taxable","12":"shipping-taxable","13":"purchasable","14":"product-type-simple"},"yoast_head":"<!-- This site is optimized with the Yoast SEO plugin v27.4 - https:\/\/yoast.com\/product\/yoast-seo-wordpress\/ -->\n<title>Lot de 2 fermetures \u00e0 glissi\u00e8re robuste ZipWall\u00ae - ZipWall<\/title>\n<meta name=\"robots\" content=\"index, follow, max-snippet:-1, max-image-preview:large, max-video-preview:-1\" \/>\n<link rel=\"canonical\" href=\"https:\/\/www.zipwall.eu\/fr\/product\/zipwall-heavy-duty-zipper-2-pack\/\" \/>\n<meta property=\"og:locale\" content=\"fr_FR\" \/>\n<meta property=\"og:type\" content=\"article\" \/>\n<meta property=\"og:title\" content=\"Lot de 2 fermetures \u00e0 glissi\u00e8re robuste ZipWall\u00ae - ZipWall\" \/>\n<meta property=\"og:description\" content=\"Utilisable \u00e0 des temp\u00e9ratures inf\u00e9rieure \u00e0 12,8\u2070 C, avec une surface collante sup\u00e9rieure \u00e0 la fermeture \u00e0 glissi\u00e8re standard, pour une adh\u00e9sion plus forte. Leur fabrication tout en tissu de 7,62 cm de large assure une durabilit\u00e9 maximale, qui les destine id\u00e9alement aux zones \u00e0 fort trafic. Le cutter de feuille plastique brevet\u00e9 ZipperKnife\u2122 \u00e9vite &hellip; Continuer la lecture de Lot de 2 fermetures \u00e0 glissi\u00e8re robuste ZipWall\u00ae &rarr;\" \/>\n<meta property=\"og:url\" content=\"https:\/\/www.zipwall.eu\/fr\/product\/zipwall-heavy-duty-zipper-2-pack\/\" \/>\n<meta property=\"og:site_name\" content=\"ZipWall\" \/>\n<meta property=\"article:publisher\" content=\"https:\/\/www.facebook.com\/ZipWall-121135931283666\/\" \/>\n<meta property=\"article:modified_time\" content=\"2018-06-03T16:42:25+00:00\" \/>\n<meta property=\"og:image\" content=\"https:\/\/www.zipwall.eu\/wp-content\/uploads\/HDAZ2_RGB_Product.jpg\" \/>\n\t<meta property=\"og:image:width\" content=\"1716\" \/>\n\t<meta property=\"og:image:height\" content=\"1800\" \/>\n\t<meta property=\"og:image:type\" content=\"image\/jpeg\" \/>\n<meta name=\"twitter:card\" content=\"summary_large_image\" \/>\n<meta name=\"twitter:site\" content=\"@ZipWall\" \/>\n<meta name=\"twitter:label1\" content=\"Dur\u00e9e de lecture estim\u00e9e\" \/>\n\t<meta name=\"twitter:data1\" content=\"1 minute\" \/>\n<script type=\"application\/ld+json\" class=\"yoast-schema-graph\">{\"@context\":\"https:\\\/\\\/schema.org\",\"@graph\":[{\"@type\":\"WebPage\",\"@id\":\"https:\\\/\\\/www.zipwall.eu\\\/fr\\\/product\\\/zipwall-heavy-duty-zipper-2-pack\\\/\",\"url\":\"https:\\\/\\\/www.zipwall.eu\\\/fr\\\/product\\\/zipwall-heavy-duty-zipper-2-pack\\\/\",\"name\":\"Lot de 2 fermetures \u00e0 glissi\u00e8re robuste ZipWall\u00ae - ZipWall\",\"isPartOf\":{\"@id\":\"https:\\\/\\\/www.zipwall.eu\\\/#website\"},\"primaryImageOfPage\":{\"@id\":\"https:\\\/\\\/www.zipwall.eu\\\/fr\\\/product\\\/zipwall-heavy-duty-zipper-2-pack\\\/#primaryimage\"},\"image\":{\"@id\":\"https:\\\/\\\/www.zipwall.eu\\\/fr\\\/product\\\/zipwall-heavy-duty-zipper-2-pack\\\/#primaryimage\"},\"thumbnailUrl\":\"https:\\\/\\\/www.zipwall.eu\\\/wp-content\\\/uploads\\\/HDAZ2_RGB_Product.jpg\",\"datePublished\":\"2015-11-23T19:18:27+00:00\",\"dateModified\":\"2018-06-03T16:42:25+00:00\",\"breadcrumb\":{\"@id\":\"https:\\\/\\\/www.zipwall.eu\\\/fr\\\/product\\\/zipwall-heavy-duty-zipper-2-pack\\\/#breadcrumb\"},\"inLanguage\":\"fr-FR\",\"potentialAction\":[{\"@type\":\"ReadAction\",\"target\":[\"https:\\\/\\\/www.zipwall.eu\\\/fr\\\/product\\\/zipwall-heavy-duty-zipper-2-pack\\\/\"]}]},{\"@type\":\"ImageObject\",\"inLanguage\":\"fr-FR\",\"@id\":\"https:\\\/\\\/www.zipwall.eu\\\/fr\\\/product\\\/zipwall-heavy-duty-zipper-2-pack\\\/#primaryimage\",\"url\":\"https:\\\/\\\/www.zipwall.eu\\\/wp-content\\\/uploads\\\/HDAZ2_RGB_Product.jpg\",\"contentUrl\":\"https:\\\/\\\/www.zipwall.eu\\\/wp-content\\\/uploads\\\/HDAZ2_RGB_Product.jpg\",\"width\":1716,\"height\":1800},{\"@type\":\"BreadcrumbList\",\"@id\":\"https:\\\/\\\/www.zipwall.eu\\\/fr\\\/product\\\/zipwall-heavy-duty-zipper-2-pack\\\/#breadcrumb\",\"itemListElement\":[{\"@type\":\"ListItem\",\"position\":1,\"name\":\"Home\",\"item\":\"https:\\\/\\\/www.zipwall.eu\\\/fr\\\/\"},{\"@type\":\"ListItem\",\"position\":2,\"name\":\"Achetez en ligne\",\"item\":\"https:\\\/\\\/www.zipwall.eu\\\/fr\\\/shop\\\/\"},{\"@type\":\"ListItem\",\"position\":3,\"name\":\"Lot de 2 fermetures \u00e0 glissi\u00e8re robuste ZipWall\u00ae\"}]},{\"@type\":\"WebSite\",\"@id\":\"https:\\\/\\\/www.zipwall.eu\\\/#website\",\"url\":\"https:\\\/\\\/www.zipwall.eu\\\/\",\"name\":\"ZipWall\",\"description\":\"Dust Barrier System\",\"potentialAction\":[{\"@type\":\"SearchAction\",\"target\":{\"@type\":\"EntryPoint\",\"urlTemplate\":\"https:\\\/\\\/www.zipwall.eu\\\/?s={search_term_string}\"},\"query-input\":{\"@type\":\"PropertyValueSpecification\",\"valueRequired\":true,\"valueName\":\"search_term_string\"}}],\"inLanguage\":\"fr-FR\"}]}<\/script>\n<!-- \/ Yoast SEO plugin. -->","yoast_head_json":{"title":"Lot de 2 fermetures \u00e0 glissi\u00e8re robuste ZipWall\u00ae - ZipWall","robots":{"index":"index","follow":"follow","max-snippet":"max-snippet:-1","max-image-preview":"max-image-preview:large","max-video-preview":"max-video-preview:-1"},"canonical":"https:\/\/www.zipwall.eu\/fr\/product\/zipwall-heavy-duty-zipper-2-pack\/","og_locale":"fr_FR","og_type":"article","og_title":"Lot de 2 fermetures \u00e0 glissi\u00e8re robuste ZipWall\u00ae - ZipWall","og_description":"Utilisable \u00e0 des temp\u00e9ratures inf\u00e9rieure \u00e0 12,8\u2070 C, avec une surface collante sup\u00e9rieure \u00e0 la fermeture \u00e0 glissi\u00e8re standard, pour une adh\u00e9sion plus forte. Leur fabrication tout en tissu de 7,62 cm de large assure une durabilit\u00e9 maximale, qui les destine id\u00e9alement aux zones \u00e0 fort trafic. Le cutter de feuille plastique brevet\u00e9 ZipperKnife\u2122 \u00e9vite &hellip; Continuer la lecture de Lot de 2 fermetures \u00e0 glissi\u00e8re robuste ZipWall\u00ae &rarr;","og_url":"https:\/\/www.zipwall.eu\/fr\/product\/zipwall-heavy-duty-zipper-2-pack\/","og_site_name":"ZipWall","article_publisher":"https:\/\/www.facebook.com\/ZipWall-121135931283666\/","article_modified_time":"2018-06-03T16:42:25+00:00","og_image":[{"width":1716,"height":1800,"url":"https:\/\/www.zipwall.eu\/wp-content\/uploads\/HDAZ2_RGB_Product.jpg","type":"image\/jpeg"}],"twitter_card":"summary_large_image","twitter_site":"@ZipWall","twitter_misc":{"Dur\u00e9e de lecture estim\u00e9e":"1 minute"},"schema":{"@context":"https:\/\/schema.org","@graph":[{"@type":"WebPage","@id":"https:\/\/www.zipwall.eu\/fr\/product\/zipwall-heavy-duty-zipper-2-pack\/","url":"https:\/\/www.zipwall.eu\/fr\/product\/zipwall-heavy-duty-zipper-2-pack\/","name":"Lot de 2 fermetures \u00e0 glissi\u00e8re robuste ZipWall\u00ae - ZipWall","isPartOf":{"@id":"https:\/\/www.zipwall.eu\/#website"},"primaryImageOfPage":{"@id":"https:\/\/www.zipwall.eu\/fr\/product\/zipwall-heavy-duty-zipper-2-pack\/#primaryimage"},"image":{"@id":"https:\/\/www.zipwall.eu\/fr\/product\/zipwall-heavy-duty-zipper-2-pack\/#primaryimage"},"thumbnailUrl":"https:\/\/www.zipwall.eu\/wp-content\/uploads\/HDAZ2_RGB_Product.jpg","datePublished":"2015-11-23T19:18:27+00:00","dateModified":"2018-06-03T16:42:25+00:00","breadcrumb":{"@id":"https:\/\/www.zipwall.eu\/fr\/product\/zipwall-heavy-duty-zipper-2-pack\/#breadcrumb"},"inLanguage":"fr-FR","potentialAction":[{"@type":"ReadAction","target":["https:\/\/www.zipwall.eu\/fr\/product\/zipwall-heavy-duty-zipper-2-pack\/"]}]},{"@type":"ImageObject","inLanguage":"fr-FR","@id":"https:\/\/www.zipwall.eu\/fr\/product\/zipwall-heavy-duty-zipper-2-pack\/#primaryimage","url":"https:\/\/www.zipwall.eu\/wp-content\/uploads\/HDAZ2_RGB_Product.jpg","contentUrl":"https:\/\/www.zipwall.eu\/wp-content\/uploads\/HDAZ2_RGB_Product.jpg","width":1716,"height":1800},{"@type":"BreadcrumbList","@id":"https:\/\/www.zipwall.eu\/fr\/product\/zipwall-heavy-duty-zipper-2-pack\/#breadcrumb","itemListElement":[{"@type":"ListItem","position":1,"name":"Home","item":"https:\/\/www.zipwall.eu\/fr\/"},{"@type":"ListItem","position":2,"name":"Achetez en ligne","item":"https:\/\/www.zipwall.eu\/fr\/shop\/"},{"@type":"ListItem","position":3,"name":"Lot de 2 fermetures \u00e0 glissi\u00e8re robuste ZipWall\u00ae"}]},{"@type":"WebSite","@id":"https:\/\/www.zipwall.eu\/#website","url":"https:\/\/www.zipwall.eu\/","name":"ZipWall","description":"Dust Barrier System","potentialAction":[{"@type":"SearchAction","target":{"@type":"EntryPoint","urlTemplate":"https:\/\/www.zipwall.eu\/?s={search_term_string}"},"query-input":{"@type":"PropertyValueSpecification","valueRequired":true,"valueName":"search_term_string"}}],"inLanguage":"fr-FR"}]}},"_links":{"self":[{"href":"https:\/\/www.zipwall.eu\/fr\/wp-json\/wp\/v2\/product\/552","targetHints":{"allow":["GET"]}}],"collection":[{"href":"https:\/\/www.zipwall.eu\/fr\/wp-json\/wp\/v2\/product"}],"about":[{"href":"https:\/\/www.zipwall.eu\/fr\/wp-json\/wp\/v2\/types\/product"}],"wp:featuredmedia":[{"embeddable":true,"href":"https:\/\/www.zipwall.eu\/fr\/wp-json\/wp\/v2\/media\/2694"}],"wp:attachment":[{"href":"https:\/\/www.zipwall.eu\/fr\/wp-json\/wp\/v2\/media?parent=552"}],"wp:term":[{"taxonomy":"product_brand","embeddable":true,"href":"https:\/\/www.zipwall.eu\/fr\/wp-json\/wp\/v2\/product_brand?post=552"},{"taxonomy":"product_cat","embeddable":true,"href":"https:\/\/www.zipwall.eu\/fr\/wp-json\/wp\/v2\/product_cat?post=552"},{"taxonomy":"product_tag","embeddable":true,"href":"https:\/\/www.zipwall.eu\/fr\/wp-json\/wp\/v2\/product_tag?post=552"}],"curies":[{"name":"wp","href":"https:\/\/api.w.org\/{rel}","templated":true}]}}