{"id":553,"date":"2015-11-23T14:17:50","date_gmt":"2015-11-23T19:17:50","guid":{"rendered":"http:\/\/www.zipwall.eu\/product\/sidepack-wall-mount-kit\/?lang=fr"},"modified":"2018-09-25T09:19:06","modified_gmt":"2018-09-25T13:19:06","slug":"sidepack-wall-mount-kit","status":"publish","type":"product","link":"https:\/\/www.zipwall.eu\/fr\/product\/sidepack-wall-mount-kit\/","title":{"rendered":"Kit de supports muraux SidePack\u2122"},"content":{"rendered":"<p>Cet ensemble contient tout ce qu\u2019il vous faut pour assurer l\u2019\u00e9tanch\u00e9it\u00e9 des murs des deux c\u00f4t\u00e9s de votre barri\u00e8re ZipWall\u00ae. Livr\u00e9 avec son propre sac de transport, pour \u00eatre toujours pr\u00eat.<\/p>\n<p>Le kit de supports muraux SidePack\u2122 contient six pince murale lat\u00e9rale d\u2019\u00e9ntach\u00e9it\u00e9 sans adh\u00e9sif SideClamp\u2122, six rails d\u2019\u00e9ntach\u00e9it\u00e9 sans adh\u00e9sif FoamRail\u2122 en aluminum de 0,9m et un sac de transport.<\/p>\n<p>Poids: 3,81 kg<br \/>\nDimensions\u00a0: 96 cm x 23 cm x 15 cm<\/p>\n","protected":false},"excerpt":{"rendered":"<p>Cet ensemble contient tout ce qu\u2019il vous faut pour assurer l\u2019\u00e9tanch\u00e9it\u00e9 des murs des deux c\u00f4t\u00e9s de votre barri\u00e8re ZipWall\u00ae. Livr\u00e9 avec son propre sac de transport, pour \u00eatre toujours pr\u00eat. Le kit de supports muraux SidePack\u2122 contient six pince murale lat\u00e9rale d\u2019\u00e9ntach\u00e9it\u00e9 sans adh\u00e9sif SideClamp\u2122, six rails d\u2019\u00e9ntach\u00e9it\u00e9 sans adh\u00e9sif FoamRail\u2122 en aluminum de &hellip; <a href=\"https:\/\/www.zipwall.eu\/fr\/product\/sidepack-wall-mount-kit\/\" class=\"more-link\">Continuer la lecture de <span class=\"screen-reader-text\">Kit de supports muraux SidePack\u2122<\/span> <span class=\"meta-nav\">&rarr;<\/span><\/a><\/p>\n","protected":false},"featured_media":2862,"template":"","meta":[],"product_brand":[],"product_cat":[33,34],"product_tag":[],"class_list":{"0":"post-553","1":"product","2":"type-product","3":"status-publish","4":"has-post-thumbnail","6":"product_cat-rails-et-supports-detancheite-sans-ruban-adhesif-fr","7":"product_cat-supports-muraux-sideclamp-fr","9":"first","10":"instock","11":"taxable","12":"shipping-taxable","13":"purchasable","14":"product-type-simple"},"yoast_head":"<!-- This site is optimized with the Yoast SEO plugin v27.3 - https:\/\/yoast.com\/product\/yoast-seo-wordpress\/ -->\n<title>Kit de supports muraux SidePack\u2122 - ZipWall<\/title>\n<meta name=\"robots\" content=\"index, follow, max-snippet:-1, max-image-preview:large, max-video-preview:-1\" \/>\n<link rel=\"canonical\" href=\"https:\/\/www.zipwall.eu\/fr\/product\/sidepack-wall-mount-kit\/\" \/>\n<meta property=\"og:locale\" content=\"fr_FR\" \/>\n<meta property=\"og:type\" content=\"article\" \/>\n<meta property=\"og:title\" content=\"Kit de supports muraux SidePack\u2122 - ZipWall\" \/>\n<meta property=\"og:description\" content=\"Cet ensemble contient tout ce qu\u2019il vous faut pour assurer l\u2019\u00e9tanch\u00e9it\u00e9 des murs des deux c\u00f4t\u00e9s de votre barri\u00e8re ZipWall\u00ae. Livr\u00e9 avec son propre sac de transport, pour \u00eatre toujours pr\u00eat. Le kit de supports muraux SidePack\u2122 contient six pince murale lat\u00e9rale d\u2019\u00e9ntach\u00e9it\u00e9 sans adh\u00e9sif SideClamp\u2122, six rails d\u2019\u00e9ntach\u00e9it\u00e9 sans adh\u00e9sif FoamRail\u2122 en aluminum de &hellip; Continuer la lecture de Kit de supports muraux SidePack\u2122 &rarr;\" \/>\n<meta property=\"og:url\" content=\"https:\/\/www.zipwall.eu\/fr\/product\/sidepack-wall-mount-kit\/\" \/>\n<meta property=\"og:site_name\" content=\"ZipWall\" \/>\n<meta property=\"article:publisher\" content=\"https:\/\/www.facebook.com\/ZipWall-121135931283666\/\" \/>\n<meta property=\"article:modified_time\" content=\"2018-09-25T13:19:06+00:00\" \/>\n<meta property=\"og:image\" content=\"https:\/\/www.zipwall.eu\/wp-content\/uploads\/SDPK_RGB_Product.jpg\" \/>\n\t<meta property=\"og:image:width\" content=\"2332\" \/>\n\t<meta property=\"og:image:height\" content=\"1800\" \/>\n\t<meta property=\"og:image:type\" content=\"image\/jpeg\" \/>\n<meta name=\"twitter:card\" content=\"summary_large_image\" \/>\n<meta name=\"twitter:site\" content=\"@ZipWall\" \/>\n<script type=\"application\/ld+json\" class=\"yoast-schema-graph\">{\"@context\":\"https:\\\/\\\/schema.org\",\"@graph\":[{\"@type\":\"WebPage\",\"@id\":\"https:\\\/\\\/www.zipwall.eu\\\/fr\\\/product\\\/sidepack-wall-mount-kit\\\/\",\"url\":\"https:\\\/\\\/www.zipwall.eu\\\/fr\\\/product\\\/sidepack-wall-mount-kit\\\/\",\"name\":\"Kit de supports muraux SidePack\u2122 - ZipWall\",\"isPartOf\":{\"@id\":\"https:\\\/\\\/www.zipwall.eu\\\/#website\"},\"primaryImageOfPage\":{\"@id\":\"https:\\\/\\\/www.zipwall.eu\\\/fr\\\/product\\\/sidepack-wall-mount-kit\\\/#primaryimage\"},\"image\":{\"@id\":\"https:\\\/\\\/www.zipwall.eu\\\/fr\\\/product\\\/sidepack-wall-mount-kit\\\/#primaryimage\"},\"thumbnailUrl\":\"https:\\\/\\\/www.zipwall.eu\\\/wp-content\\\/uploads\\\/SDPK_RGB_Product.jpg\",\"datePublished\":\"2015-11-23T19:17:50+00:00\",\"dateModified\":\"2018-09-25T13:19:06+00:00\",\"breadcrumb\":{\"@id\":\"https:\\\/\\\/www.zipwall.eu\\\/fr\\\/product\\\/sidepack-wall-mount-kit\\\/#breadcrumb\"},\"inLanguage\":\"fr-FR\",\"potentialAction\":[{\"@type\":\"ReadAction\",\"target\":[\"https:\\\/\\\/www.zipwall.eu\\\/fr\\\/product\\\/sidepack-wall-mount-kit\\\/\"]}]},{\"@type\":\"ImageObject\",\"inLanguage\":\"fr-FR\",\"@id\":\"https:\\\/\\\/www.zipwall.eu\\\/fr\\\/product\\\/sidepack-wall-mount-kit\\\/#primaryimage\",\"url\":\"https:\\\/\\\/www.zipwall.eu\\\/wp-content\\\/uploads\\\/SDPK_RGB_Product.jpg\",\"contentUrl\":\"https:\\\/\\\/www.zipwall.eu\\\/wp-content\\\/uploads\\\/SDPK_RGB_Product.jpg\",\"width\":2332,\"height\":1800},{\"@type\":\"BreadcrumbList\",\"@id\":\"https:\\\/\\\/www.zipwall.eu\\\/fr\\\/product\\\/sidepack-wall-mount-kit\\\/#breadcrumb\",\"itemListElement\":[{\"@type\":\"ListItem\",\"position\":1,\"name\":\"Home\",\"item\":\"https:\\\/\\\/www.zipwall.eu\\\/fr\\\/\"},{\"@type\":\"ListItem\",\"position\":2,\"name\":\"Achetez en ligne\",\"item\":\"https:\\\/\\\/www.zipwall.eu\\\/fr\\\/shop\\\/\"},{\"@type\":\"ListItem\",\"position\":3,\"name\":\"Kit de supports muraux SidePack\u2122\"}]},{\"@type\":\"WebSite\",\"@id\":\"https:\\\/\\\/www.zipwall.eu\\\/#website\",\"url\":\"https:\\\/\\\/www.zipwall.eu\\\/\",\"name\":\"ZipWall\",\"description\":\"Dust Barrier System\",\"potentialAction\":[{\"@type\":\"SearchAction\",\"target\":{\"@type\":\"EntryPoint\",\"urlTemplate\":\"https:\\\/\\\/www.zipwall.eu\\\/?s={search_term_string}\"},\"query-input\":{\"@type\":\"PropertyValueSpecification\",\"valueRequired\":true,\"valueName\":\"search_term_string\"}}],\"inLanguage\":\"fr-FR\"}]}<\/script>\n<!-- \/ Yoast SEO plugin. -->","yoast_head_json":{"title":"Kit de supports muraux SidePack\u2122 - ZipWall","robots":{"index":"index","follow":"follow","max-snippet":"max-snippet:-1","max-image-preview":"max-image-preview:large","max-video-preview":"max-video-preview:-1"},"canonical":"https:\/\/www.zipwall.eu\/fr\/product\/sidepack-wall-mount-kit\/","og_locale":"fr_FR","og_type":"article","og_title":"Kit de supports muraux SidePack\u2122 - ZipWall","og_description":"Cet ensemble contient tout ce qu\u2019il vous faut pour assurer l\u2019\u00e9tanch\u00e9it\u00e9 des murs des deux c\u00f4t\u00e9s de votre barri\u00e8re ZipWall\u00ae. Livr\u00e9 avec son propre sac de transport, pour \u00eatre toujours pr\u00eat. Le kit de supports muraux SidePack\u2122 contient six pince murale lat\u00e9rale d\u2019\u00e9ntach\u00e9it\u00e9 sans adh\u00e9sif SideClamp\u2122, six rails d\u2019\u00e9ntach\u00e9it\u00e9 sans adh\u00e9sif FoamRail\u2122 en aluminum de &hellip; Continuer la lecture de Kit de supports muraux SidePack\u2122 &rarr;","og_url":"https:\/\/www.zipwall.eu\/fr\/product\/sidepack-wall-mount-kit\/","og_site_name":"ZipWall","article_publisher":"https:\/\/www.facebook.com\/ZipWall-121135931283666\/","article_modified_time":"2018-09-25T13:19:06+00:00","og_image":[{"width":2332,"height":1800,"url":"https:\/\/www.zipwall.eu\/wp-content\/uploads\/SDPK_RGB_Product.jpg","type":"image\/jpeg"}],"twitter_card":"summary_large_image","twitter_site":"@ZipWall","schema":{"@context":"https:\/\/schema.org","@graph":[{"@type":"WebPage","@id":"https:\/\/www.zipwall.eu\/fr\/product\/sidepack-wall-mount-kit\/","url":"https:\/\/www.zipwall.eu\/fr\/product\/sidepack-wall-mount-kit\/","name":"Kit de supports muraux SidePack\u2122 - ZipWall","isPartOf":{"@id":"https:\/\/www.zipwall.eu\/#website"},"primaryImageOfPage":{"@id":"https:\/\/www.zipwall.eu\/fr\/product\/sidepack-wall-mount-kit\/#primaryimage"},"image":{"@id":"https:\/\/www.zipwall.eu\/fr\/product\/sidepack-wall-mount-kit\/#primaryimage"},"thumbnailUrl":"https:\/\/www.zipwall.eu\/wp-content\/uploads\/SDPK_RGB_Product.jpg","datePublished":"2015-11-23T19:17:50+00:00","dateModified":"2018-09-25T13:19:06+00:00","breadcrumb":{"@id":"https:\/\/www.zipwall.eu\/fr\/product\/sidepack-wall-mount-kit\/#breadcrumb"},"inLanguage":"fr-FR","potentialAction":[{"@type":"ReadAction","target":["https:\/\/www.zipwall.eu\/fr\/product\/sidepack-wall-mount-kit\/"]}]},{"@type":"ImageObject","inLanguage":"fr-FR","@id":"https:\/\/www.zipwall.eu\/fr\/product\/sidepack-wall-mount-kit\/#primaryimage","url":"https:\/\/www.zipwall.eu\/wp-content\/uploads\/SDPK_RGB_Product.jpg","contentUrl":"https:\/\/www.zipwall.eu\/wp-content\/uploads\/SDPK_RGB_Product.jpg","width":2332,"height":1800},{"@type":"BreadcrumbList","@id":"https:\/\/www.zipwall.eu\/fr\/product\/sidepack-wall-mount-kit\/#breadcrumb","itemListElement":[{"@type":"ListItem","position":1,"name":"Home","item":"https:\/\/www.zipwall.eu\/fr\/"},{"@type":"ListItem","position":2,"name":"Achetez en ligne","item":"https:\/\/www.zipwall.eu\/fr\/shop\/"},{"@type":"ListItem","position":3,"name":"Kit de supports muraux SidePack\u2122"}]},{"@type":"WebSite","@id":"https:\/\/www.zipwall.eu\/#website","url":"https:\/\/www.zipwall.eu\/","name":"ZipWall","description":"Dust Barrier System","potentialAction":[{"@type":"SearchAction","target":{"@type":"EntryPoint","urlTemplate":"https:\/\/www.zipwall.eu\/?s={search_term_string}"},"query-input":{"@type":"PropertyValueSpecification","valueRequired":true,"valueName":"search_term_string"}}],"inLanguage":"fr-FR"}]}},"_links":{"self":[{"href":"https:\/\/www.zipwall.eu\/fr\/wp-json\/wp\/v2\/product\/553","targetHints":{"allow":["GET"]}}],"collection":[{"href":"https:\/\/www.zipwall.eu\/fr\/wp-json\/wp\/v2\/product"}],"about":[{"href":"https:\/\/www.zipwall.eu\/fr\/wp-json\/wp\/v2\/types\/product"}],"wp:featuredmedia":[{"embeddable":true,"href":"https:\/\/www.zipwall.eu\/fr\/wp-json\/wp\/v2\/media\/2862"}],"wp:attachment":[{"href":"https:\/\/www.zipwall.eu\/fr\/wp-json\/wp\/v2\/media?parent=553"}],"wp:term":[{"taxonomy":"product_brand","embeddable":true,"href":"https:\/\/www.zipwall.eu\/fr\/wp-json\/wp\/v2\/product_brand?post=553"},{"taxonomy":"product_cat","embeddable":true,"href":"https:\/\/www.zipwall.eu\/fr\/wp-json\/wp\/v2\/product_cat?post=553"},{"taxonomy":"product_tag","embeddable":true,"href":"https:\/\/www.zipwall.eu\/fr\/wp-json\/wp\/v2\/product_tag?post=553"}],"curies":[{"name":"wp","href":"https:\/\/api.w.org\/{rel}","templated":true}]}}