{"id":555,"date":"2015-11-23T14:16:11","date_gmt":"2015-11-23T19:16:11","guid":{"rendered":"http:\/\/www.zipwall.eu\/product\/foamrail-cross-bars-2-pack\/?lang=fr"},"modified":"2016-06-02T15:29:57","modified_gmt":"2016-06-02T19:29:57","slug":"foamrail-cross-bars-2-pack","status":"publish","type":"product","link":"https:\/\/www.zipwall.eu\/fr\/product\/foamrail-cross-bars-2-pack\/","title":{"rendered":"Lot de 2 rails d\u2019\u00e9ntach\u00e9it\u00e9 sans adh\u00e9sif FoamRail\u2122"},"content":{"rendered":"<p>Encliquetez un T-Clip\u2122 sur le FoamRail\u2122 puis encliquetez le FoamRail\u2122 sur toute perche ZipWall\u00ae ou support mural SideClamp\u2122 pour une \u00e9tanch\u00e9it\u00e9 parfaite du plafond ou du plancher.<\/p>\n<p>Le lot de 2 rails d\u2019\u00e9ntach\u00e9it\u00e9 sans adh\u00e9sif FoamRail\u2122 contient deux rails d\u2019\u00e9ntach\u00e9it\u00e9 sans adh\u00e9sif FoamRail\u2122 en aluminium de 1,2 m et deux fixations T-Clip\u2122.<br \/>\n<em>N\u2019inclut pas les perches ni les supports muraux.<\/em><\/p>\n<p>Poids: 0,91 kg.<br \/>\nDimensions\u00a0: 130 cm x 10 cm x 5 cm<\/p>\n","protected":false},"excerpt":{"rendered":"<p>Encliquetez un T-Clip\u2122 sur le FoamRail\u2122 puis encliquetez le FoamRail\u2122 sur toute perche ZipWall\u00ae ou support mural SideClamp\u2122 pour une \u00e9tanch\u00e9it\u00e9 parfaite du plafond ou du plancher. Le lot de 2 rails d\u2019\u00e9ntach\u00e9it\u00e9 sans adh\u00e9sif FoamRail\u2122 contient deux rails d\u2019\u00e9ntach\u00e9it\u00e9 sans adh\u00e9sif FoamRail\u2122 en aluminium de 1,2 m et deux fixations T-Clip\u2122. N\u2019inclut pas les &hellip; <a href=\"https:\/\/www.zipwall.eu\/fr\/product\/foamrail-cross-bars-2-pack\/\" class=\"more-link\">Continuer la lecture de <span class=\"screen-reader-text\">Lot de 2 rails d\u2019\u00e9ntach\u00e9it\u00e9 sans adh\u00e9sif FoamRail\u2122<\/span> <span class=\"meta-nav\">&rarr;<\/span><\/a><\/p>\n","protected":false},"featured_media":428,"template":"","meta":[],"product_brand":[],"product_cat":[33,35],"product_tag":[],"class_list":{"0":"post-555","1":"product","2":"type-product","3":"status-publish","4":"has-post-thumbnail","6":"product_cat-rails-et-supports-detancheite-sans-ruban-adhesif-fr","7":"product_cat-traverses-foamrail-fr","9":"first","10":"outofstock","11":"taxable","12":"shipping-taxable","13":"purchasable","14":"product-type-simple"},"yoast_head":"<!-- This site is optimized with the Yoast SEO plugin v27.4 - https:\/\/yoast.com\/product\/yoast-seo-wordpress\/ -->\n<title>Lot de 2 rails d\u2019\u00e9ntach\u00e9it\u00e9 sans adh\u00e9sif FoamRail\u2122 - ZipWall<\/title>\n<meta name=\"robots\" content=\"index, follow, max-snippet:-1, max-image-preview:large, max-video-preview:-1\" \/>\n<link rel=\"canonical\" href=\"https:\/\/www.zipwall.eu\/fr\/product\/foamrail-cross-bars-2-pack\/\" \/>\n<meta property=\"og:locale\" content=\"fr_FR\" \/>\n<meta property=\"og:type\" content=\"article\" \/>\n<meta property=\"og:title\" content=\"Lot de 2 rails d\u2019\u00e9ntach\u00e9it\u00e9 sans adh\u00e9sif FoamRail\u2122 - ZipWall\" \/>\n<meta property=\"og:description\" content=\"Encliquetez un T-Clip\u2122 sur le FoamRail\u2122 puis encliquetez le FoamRail\u2122 sur toute perche ZipWall\u00ae ou support mural SideClamp\u2122 pour une \u00e9tanch\u00e9it\u00e9 parfaite du plafond ou du plancher. Le lot de 2 rails d\u2019\u00e9ntach\u00e9it\u00e9 sans adh\u00e9sif FoamRail\u2122 contient deux rails d\u2019\u00e9ntach\u00e9it\u00e9 sans adh\u00e9sif FoamRail\u2122 en aluminium de 1,2 m et deux fixations T-Clip\u2122. N\u2019inclut pas les &hellip; Continuer la lecture de Lot de 2 rails d\u2019\u00e9ntach\u00e9it\u00e9 sans adh\u00e9sif FoamRail\u2122 &rarr;\" \/>\n<meta property=\"og:url\" content=\"https:\/\/www.zipwall.eu\/fr\/product\/foamrail-cross-bars-2-pack\/\" \/>\n<meta property=\"og:site_name\" content=\"ZipWall\" \/>\n<meta property=\"article:publisher\" content=\"https:\/\/www.facebook.com\/ZipWall-121135931283666\/\" \/>\n<meta property=\"article:modified_time\" content=\"2016-06-02T19:29:57+00:00\" \/>\n<meta property=\"og:image\" content=\"https:\/\/www.zipwall.eu\/wp-content\/uploads\/FR2.jpg\" \/>\n\t<meta property=\"og:image:width\" content=\"1200\" \/>\n\t<meta property=\"og:image:height\" content=\"900\" \/>\n\t<meta property=\"og:image:type\" content=\"image\/jpeg\" \/>\n<meta name=\"twitter:card\" content=\"summary_large_image\" \/>\n<meta name=\"twitter:site\" content=\"@ZipWall\" \/>\n<script type=\"application\/ld+json\" class=\"yoast-schema-graph\">{\"@context\":\"https:\\\/\\\/schema.org\",\"@graph\":[{\"@type\":\"WebPage\",\"@id\":\"https:\\\/\\\/www.zipwall.eu\\\/fr\\\/product\\\/foamrail-cross-bars-2-pack\\\/\",\"url\":\"https:\\\/\\\/www.zipwall.eu\\\/fr\\\/product\\\/foamrail-cross-bars-2-pack\\\/\",\"name\":\"Lot de 2 rails d\u2019\u00e9ntach\u00e9it\u00e9 sans adh\u00e9sif FoamRail\u2122 - ZipWall\",\"isPartOf\":{\"@id\":\"https:\\\/\\\/www.zipwall.eu\\\/#website\"},\"primaryImageOfPage\":{\"@id\":\"https:\\\/\\\/www.zipwall.eu\\\/fr\\\/product\\\/foamrail-cross-bars-2-pack\\\/#primaryimage\"},\"image\":{\"@id\":\"https:\\\/\\\/www.zipwall.eu\\\/fr\\\/product\\\/foamrail-cross-bars-2-pack\\\/#primaryimage\"},\"thumbnailUrl\":\"https:\\\/\\\/www.zipwall.eu\\\/wp-content\\\/uploads\\\/FR2.jpg\",\"datePublished\":\"2015-11-23T19:16:11+00:00\",\"dateModified\":\"2016-06-02T19:29:57+00:00\",\"breadcrumb\":{\"@id\":\"https:\\\/\\\/www.zipwall.eu\\\/fr\\\/product\\\/foamrail-cross-bars-2-pack\\\/#breadcrumb\"},\"inLanguage\":\"fr-FR\",\"potentialAction\":[{\"@type\":\"ReadAction\",\"target\":[\"https:\\\/\\\/www.zipwall.eu\\\/fr\\\/product\\\/foamrail-cross-bars-2-pack\\\/\"]}]},{\"@type\":\"ImageObject\",\"inLanguage\":\"fr-FR\",\"@id\":\"https:\\\/\\\/www.zipwall.eu\\\/fr\\\/product\\\/foamrail-cross-bars-2-pack\\\/#primaryimage\",\"url\":\"https:\\\/\\\/www.zipwall.eu\\\/wp-content\\\/uploads\\\/FR2.jpg\",\"contentUrl\":\"https:\\\/\\\/www.zipwall.eu\\\/wp-content\\\/uploads\\\/FR2.jpg\",\"width\":1200,\"height\":900,\"caption\":\"Lot de 2 traverses FoamRail\u2122\"},{\"@type\":\"BreadcrumbList\",\"@id\":\"https:\\\/\\\/www.zipwall.eu\\\/fr\\\/product\\\/foamrail-cross-bars-2-pack\\\/#breadcrumb\",\"itemListElement\":[{\"@type\":\"ListItem\",\"position\":1,\"name\":\"Home\",\"item\":\"https:\\\/\\\/www.zipwall.eu\\\/fr\\\/\"},{\"@type\":\"ListItem\",\"position\":2,\"name\":\"Achetez en ligne\",\"item\":\"https:\\\/\\\/www.zipwall.eu\\\/fr\\\/shop\\\/\"},{\"@type\":\"ListItem\",\"position\":3,\"name\":\"Lot de 2 rails d\u2019\u00e9ntach\u00e9it\u00e9 sans adh\u00e9sif FoamRail\u2122\"}]},{\"@type\":\"WebSite\",\"@id\":\"https:\\\/\\\/www.zipwall.eu\\\/#website\",\"url\":\"https:\\\/\\\/www.zipwall.eu\\\/\",\"name\":\"ZipWall\",\"description\":\"Dust Barrier System\",\"potentialAction\":[{\"@type\":\"SearchAction\",\"target\":{\"@type\":\"EntryPoint\",\"urlTemplate\":\"https:\\\/\\\/www.zipwall.eu\\\/?s={search_term_string}\"},\"query-input\":{\"@type\":\"PropertyValueSpecification\",\"valueRequired\":true,\"valueName\":\"search_term_string\"}}],\"inLanguage\":\"fr-FR\"}]}<\/script>\n<!-- \/ Yoast SEO plugin. -->","yoast_head_json":{"title":"Lot de 2 rails d\u2019\u00e9ntach\u00e9it\u00e9 sans adh\u00e9sif FoamRail\u2122 - ZipWall","robots":{"index":"index","follow":"follow","max-snippet":"max-snippet:-1","max-image-preview":"max-image-preview:large","max-video-preview":"max-video-preview:-1"},"canonical":"https:\/\/www.zipwall.eu\/fr\/product\/foamrail-cross-bars-2-pack\/","og_locale":"fr_FR","og_type":"article","og_title":"Lot de 2 rails d\u2019\u00e9ntach\u00e9it\u00e9 sans adh\u00e9sif FoamRail\u2122 - ZipWall","og_description":"Encliquetez un T-Clip\u2122 sur le FoamRail\u2122 puis encliquetez le FoamRail\u2122 sur toute perche ZipWall\u00ae ou support mural SideClamp\u2122 pour une \u00e9tanch\u00e9it\u00e9 parfaite du plafond ou du plancher. Le lot de 2 rails d\u2019\u00e9ntach\u00e9it\u00e9 sans adh\u00e9sif FoamRail\u2122 contient deux rails d\u2019\u00e9ntach\u00e9it\u00e9 sans adh\u00e9sif FoamRail\u2122 en aluminium de 1,2 m et deux fixations T-Clip\u2122. N\u2019inclut pas les &hellip; Continuer la lecture de Lot de 2 rails d\u2019\u00e9ntach\u00e9it\u00e9 sans adh\u00e9sif FoamRail\u2122 &rarr;","og_url":"https:\/\/www.zipwall.eu\/fr\/product\/foamrail-cross-bars-2-pack\/","og_site_name":"ZipWall","article_publisher":"https:\/\/www.facebook.com\/ZipWall-121135931283666\/","article_modified_time":"2016-06-02T19:29:57+00:00","og_image":[{"width":1200,"height":900,"url":"https:\/\/www.zipwall.eu\/wp-content\/uploads\/FR2.jpg","type":"image\/jpeg"}],"twitter_card":"summary_large_image","twitter_site":"@ZipWall","schema":{"@context":"https:\/\/schema.org","@graph":[{"@type":"WebPage","@id":"https:\/\/www.zipwall.eu\/fr\/product\/foamrail-cross-bars-2-pack\/","url":"https:\/\/www.zipwall.eu\/fr\/product\/foamrail-cross-bars-2-pack\/","name":"Lot de 2 rails d\u2019\u00e9ntach\u00e9it\u00e9 sans adh\u00e9sif FoamRail\u2122 - ZipWall","isPartOf":{"@id":"https:\/\/www.zipwall.eu\/#website"},"primaryImageOfPage":{"@id":"https:\/\/www.zipwall.eu\/fr\/product\/foamrail-cross-bars-2-pack\/#primaryimage"},"image":{"@id":"https:\/\/www.zipwall.eu\/fr\/product\/foamrail-cross-bars-2-pack\/#primaryimage"},"thumbnailUrl":"https:\/\/www.zipwall.eu\/wp-content\/uploads\/FR2.jpg","datePublished":"2015-11-23T19:16:11+00:00","dateModified":"2016-06-02T19:29:57+00:00","breadcrumb":{"@id":"https:\/\/www.zipwall.eu\/fr\/product\/foamrail-cross-bars-2-pack\/#breadcrumb"},"inLanguage":"fr-FR","potentialAction":[{"@type":"ReadAction","target":["https:\/\/www.zipwall.eu\/fr\/product\/foamrail-cross-bars-2-pack\/"]}]},{"@type":"ImageObject","inLanguage":"fr-FR","@id":"https:\/\/www.zipwall.eu\/fr\/product\/foamrail-cross-bars-2-pack\/#primaryimage","url":"https:\/\/www.zipwall.eu\/wp-content\/uploads\/FR2.jpg","contentUrl":"https:\/\/www.zipwall.eu\/wp-content\/uploads\/FR2.jpg","width":1200,"height":900,"caption":"Lot de 2 traverses FoamRail\u2122"},{"@type":"BreadcrumbList","@id":"https:\/\/www.zipwall.eu\/fr\/product\/foamrail-cross-bars-2-pack\/#breadcrumb","itemListElement":[{"@type":"ListItem","position":1,"name":"Home","item":"https:\/\/www.zipwall.eu\/fr\/"},{"@type":"ListItem","position":2,"name":"Achetez en ligne","item":"https:\/\/www.zipwall.eu\/fr\/shop\/"},{"@type":"ListItem","position":3,"name":"Lot de 2 rails d\u2019\u00e9ntach\u00e9it\u00e9 sans adh\u00e9sif FoamRail\u2122"}]},{"@type":"WebSite","@id":"https:\/\/www.zipwall.eu\/#website","url":"https:\/\/www.zipwall.eu\/","name":"ZipWall","description":"Dust Barrier System","potentialAction":[{"@type":"SearchAction","target":{"@type":"EntryPoint","urlTemplate":"https:\/\/www.zipwall.eu\/?s={search_term_string}"},"query-input":{"@type":"PropertyValueSpecification","valueRequired":true,"valueName":"search_term_string"}}],"inLanguage":"fr-FR"}]}},"_links":{"self":[{"href":"https:\/\/www.zipwall.eu\/fr\/wp-json\/wp\/v2\/product\/555","targetHints":{"allow":["GET"]}}],"collection":[{"href":"https:\/\/www.zipwall.eu\/fr\/wp-json\/wp\/v2\/product"}],"about":[{"href":"https:\/\/www.zipwall.eu\/fr\/wp-json\/wp\/v2\/types\/product"}],"wp:featuredmedia":[{"embeddable":true,"href":"https:\/\/www.zipwall.eu\/fr\/wp-json\/wp\/v2\/media\/428"}],"wp:attachment":[{"href":"https:\/\/www.zipwall.eu\/fr\/wp-json\/wp\/v2\/media?parent=555"}],"wp:term":[{"taxonomy":"product_brand","embeddable":true,"href":"https:\/\/www.zipwall.eu\/fr\/wp-json\/wp\/v2\/product_brand?post=555"},{"taxonomy":"product_cat","embeddable":true,"href":"https:\/\/www.zipwall.eu\/fr\/wp-json\/wp\/v2\/product_cat?post=555"},{"taxonomy":"product_tag","embeddable":true,"href":"https:\/\/www.zipwall.eu\/fr\/wp-json\/wp\/v2\/product_tag?post=555"}],"curies":[{"name":"wp","href":"https:\/\/api.w.org\/{rel}","templated":true}]}}