{"id":557,"date":"2015-11-23T13:03:05","date_gmt":"2015-11-23T18:03:05","guid":{"rendered":"http:\/\/www.zipwall.eu\/product\/slp-6-pack\/?lang=fr"},"modified":"2016-06-02T15:32:42","modified_gmt":"2016-06-02T19:32:42","slug":"slp-6-pack","status":"publish","type":"product","link":"https:\/\/www.zipwall.eu\/fr\/product\/slp-6-pack\/","title":{"rendered":"Lot de 6 ZipWall\u00ae 12"},"content":{"rendered":"<p>Le lot de 6 peut cr\u00e9er une barri\u00e8re antipoussi\u00e8re de 15,24 m de long au maximum, ou une barri\u00e8re \u00e0 trois c\u00f4t\u00e9s, pour cr\u00e9er une pi\u00e8ce \u00e0 l\u2019int\u00e9rieur d\u2019une autre. Il est id\u00e9al pour d\u00e9marrer avec le syst\u00e8me antipoussi\u00e8re ZipWall\u00ae ou comme compl\u00e9ment de votre syst\u00e8me existant.<\/p>\n<p>Le lot de 6 ZipWall\u00ae 12 contient six perches \u00e0 ressort en aluminium de 3,6 m avec les pi\u00e8ces accessoires (t\u00eates, contre-plaques et antid\u00e9rapants GripDisk\u2122). <em>La feuille plastique n\u2019est pas incluse.<\/em><\/p>\n<p>Poids: 6,21 kg<br \/>\nDimensions\u00a0: 150 cm x 11 cm x 10 cm<\/p>\n","protected":false},"excerpt":{"rendered":"<p>Le lot de 6 peut cr\u00e9er une barri\u00e8re antipoussi\u00e8re de 15,24 m de long au maximum, ou une barri\u00e8re \u00e0 trois c\u00f4t\u00e9s, pour cr\u00e9er une pi\u00e8ce \u00e0 l\u2019int\u00e9rieur d\u2019une autre. Il est id\u00e9al pour d\u00e9marrer avec le syst\u00e8me antipoussi\u00e8re ZipWall\u00ae ou comme compl\u00e9ment de votre syst\u00e8me existant. Le lot de 6 ZipWall\u00ae 12 contient six &hellip; <a href=\"https:\/\/www.zipwall.eu\/fr\/product\/slp-6-pack\/\" class=\"more-link\">Continuer la lecture de <span class=\"screen-reader-text\">Lot de 6 ZipWall\u00ae 12<\/span> <span class=\"meta-nav\">&rarr;<\/span><\/a><\/p>\n","protected":false},"featured_media":2626,"template":"","meta":[],"product_brand":[],"product_cat":[36,38],"product_tag":[],"class_list":{"0":"post-557","1":"product","2":"type-product","3":"status-publish","4":"has-post-thumbnail","6":"product_cat-perches-a-ressort-fr","7":"product_cat-perches-de-36-m-fr","9":"first","10":"instock","11":"taxable","12":"shipping-taxable","13":"purchasable","14":"product-type-simple"},"yoast_head":"<!-- This site is optimized with the Yoast SEO plugin v27.5 - https:\/\/yoast.com\/product\/yoast-seo-wordpress\/ -->\n<title>Lot de 6 ZipWall\u00ae 12 - ZipWall<\/title>\n<meta name=\"robots\" content=\"index, follow, max-snippet:-1, max-image-preview:large, max-video-preview:-1\" \/>\n<link rel=\"canonical\" href=\"https:\/\/www.zipwall.eu\/fr\/product\/slp-6-pack\/\" \/>\n<meta property=\"og:locale\" content=\"fr_FR\" \/>\n<meta property=\"og:type\" content=\"article\" \/>\n<meta property=\"og:title\" content=\"Lot de 6 ZipWall\u00ae 12 - ZipWall\" \/>\n<meta property=\"og:description\" content=\"Le lot de 6 peut cr\u00e9er une barri\u00e8re antipoussi\u00e8re de 15,24 m de long au maximum, ou une barri\u00e8re \u00e0 trois c\u00f4t\u00e9s, pour cr\u00e9er une pi\u00e8ce \u00e0 l\u2019int\u00e9rieur d\u2019une autre. Il est id\u00e9al pour d\u00e9marrer avec le syst\u00e8me antipoussi\u00e8re ZipWall\u00ae ou comme compl\u00e9ment de votre syst\u00e8me existant. Le lot de 6 ZipWall\u00ae 12 contient six &hellip; Continuer la lecture de Lot de 6 ZipWall\u00ae 12 &rarr;\" \/>\n<meta property=\"og:url\" content=\"https:\/\/www.zipwall.eu\/fr\/product\/slp-6-pack\/\" \/>\n<meta property=\"og:site_name\" content=\"ZipWall\" \/>\n<meta property=\"article:publisher\" content=\"https:\/\/www.facebook.com\/ZipWall-121135931283666\/\" \/>\n<meta property=\"article:modified_time\" content=\"2016-06-02T19:32:42+00:00\" \/>\n<meta property=\"og:image\" content=\"https:\/\/www.zipwall.eu\/wp-content\/uploads\/SLP6_RGB_Product.jpg\" \/>\n\t<meta property=\"og:image:width\" content=\"2400\" \/>\n\t<meta property=\"og:image:height\" content=\"1039\" \/>\n\t<meta property=\"og:image:type\" content=\"image\/jpeg\" \/>\n<meta name=\"twitter:card\" content=\"summary_large_image\" \/>\n<meta name=\"twitter:site\" content=\"@ZipWall\" \/>\n<script type=\"application\/ld+json\" class=\"yoast-schema-graph\">{\"@context\":\"https:\\\/\\\/schema.org\",\"@graph\":[{\"@type\":\"WebPage\",\"@id\":\"https:\\\/\\\/www.zipwall.eu\\\/fr\\\/product\\\/slp-6-pack\\\/\",\"url\":\"https:\\\/\\\/www.zipwall.eu\\\/fr\\\/product\\\/slp-6-pack\\\/\",\"name\":\"Lot de 6 ZipWall\u00ae 12 - ZipWall\",\"isPartOf\":{\"@id\":\"https:\\\/\\\/www.zipwall.eu\\\/#website\"},\"primaryImageOfPage\":{\"@id\":\"https:\\\/\\\/www.zipwall.eu\\\/fr\\\/product\\\/slp-6-pack\\\/#primaryimage\"},\"image\":{\"@id\":\"https:\\\/\\\/www.zipwall.eu\\\/fr\\\/product\\\/slp-6-pack\\\/#primaryimage\"},\"thumbnailUrl\":\"https:\\\/\\\/www.zipwall.eu\\\/wp-content\\\/uploads\\\/SLP6_RGB_Product.jpg\",\"datePublished\":\"2015-11-23T18:03:05+00:00\",\"dateModified\":\"2016-06-02T19:32:42+00:00\",\"breadcrumb\":{\"@id\":\"https:\\\/\\\/www.zipwall.eu\\\/fr\\\/product\\\/slp-6-pack\\\/#breadcrumb\"},\"inLanguage\":\"fr-FR\",\"potentialAction\":[{\"@type\":\"ReadAction\",\"target\":[\"https:\\\/\\\/www.zipwall.eu\\\/fr\\\/product\\\/slp-6-pack\\\/\"]}]},{\"@type\":\"ImageObject\",\"inLanguage\":\"fr-FR\",\"@id\":\"https:\\\/\\\/www.zipwall.eu\\\/fr\\\/product\\\/slp-6-pack\\\/#primaryimage\",\"url\":\"https:\\\/\\\/www.zipwall.eu\\\/wp-content\\\/uploads\\\/SLP6_RGB_Product.jpg\",\"contentUrl\":\"https:\\\/\\\/www.zipwall.eu\\\/wp-content\\\/uploads\\\/SLP6_RGB_Product.jpg\",\"width\":2400,\"height\":1039},{\"@type\":\"BreadcrumbList\",\"@id\":\"https:\\\/\\\/www.zipwall.eu\\\/fr\\\/product\\\/slp-6-pack\\\/#breadcrumb\",\"itemListElement\":[{\"@type\":\"ListItem\",\"position\":1,\"name\":\"Home\",\"item\":\"https:\\\/\\\/www.zipwall.eu\\\/fr\\\/\"},{\"@type\":\"ListItem\",\"position\":2,\"name\":\"Achetez en ligne\",\"item\":\"https:\\\/\\\/www.zipwall.eu\\\/fr\\\/shop\\\/\"},{\"@type\":\"ListItem\",\"position\":3,\"name\":\"Lot de 6 ZipWall\u00ae 12\"}]},{\"@type\":\"WebSite\",\"@id\":\"https:\\\/\\\/www.zipwall.eu\\\/#website\",\"url\":\"https:\\\/\\\/www.zipwall.eu\\\/\",\"name\":\"ZipWall\",\"description\":\"Dust Barrier System\",\"potentialAction\":[{\"@type\":\"SearchAction\",\"target\":{\"@type\":\"EntryPoint\",\"urlTemplate\":\"https:\\\/\\\/www.zipwall.eu\\\/?s={search_term_string}\"},\"query-input\":{\"@type\":\"PropertyValueSpecification\",\"valueRequired\":true,\"valueName\":\"search_term_string\"}}],\"inLanguage\":\"fr-FR\"}]}<\/script>\n<!-- \/ Yoast SEO plugin. -->","yoast_head_json":{"title":"Lot de 6 ZipWall\u00ae 12 - ZipWall","robots":{"index":"index","follow":"follow","max-snippet":"max-snippet:-1","max-image-preview":"max-image-preview:large","max-video-preview":"max-video-preview:-1"},"canonical":"https:\/\/www.zipwall.eu\/fr\/product\/slp-6-pack\/","og_locale":"fr_FR","og_type":"article","og_title":"Lot de 6 ZipWall\u00ae 12 - ZipWall","og_description":"Le lot de 6 peut cr\u00e9er une barri\u00e8re antipoussi\u00e8re de 15,24 m de long au maximum, ou une barri\u00e8re \u00e0 trois c\u00f4t\u00e9s, pour cr\u00e9er une pi\u00e8ce \u00e0 l\u2019int\u00e9rieur d\u2019une autre. Il est id\u00e9al pour d\u00e9marrer avec le syst\u00e8me antipoussi\u00e8re ZipWall\u00ae ou comme compl\u00e9ment de votre syst\u00e8me existant. Le lot de 6 ZipWall\u00ae 12 contient six &hellip; Continuer la lecture de Lot de 6 ZipWall\u00ae 12 &rarr;","og_url":"https:\/\/www.zipwall.eu\/fr\/product\/slp-6-pack\/","og_site_name":"ZipWall","article_publisher":"https:\/\/www.facebook.com\/ZipWall-121135931283666\/","article_modified_time":"2016-06-02T19:32:42+00:00","og_image":[{"width":2400,"height":1039,"url":"https:\/\/www.zipwall.eu\/wp-content\/uploads\/SLP6_RGB_Product.jpg","type":"image\/jpeg"}],"twitter_card":"summary_large_image","twitter_site":"@ZipWall","schema":{"@context":"https:\/\/schema.org","@graph":[{"@type":"WebPage","@id":"https:\/\/www.zipwall.eu\/fr\/product\/slp-6-pack\/","url":"https:\/\/www.zipwall.eu\/fr\/product\/slp-6-pack\/","name":"Lot de 6 ZipWall\u00ae 12 - ZipWall","isPartOf":{"@id":"https:\/\/www.zipwall.eu\/#website"},"primaryImageOfPage":{"@id":"https:\/\/www.zipwall.eu\/fr\/product\/slp-6-pack\/#primaryimage"},"image":{"@id":"https:\/\/www.zipwall.eu\/fr\/product\/slp-6-pack\/#primaryimage"},"thumbnailUrl":"https:\/\/www.zipwall.eu\/wp-content\/uploads\/SLP6_RGB_Product.jpg","datePublished":"2015-11-23T18:03:05+00:00","dateModified":"2016-06-02T19:32:42+00:00","breadcrumb":{"@id":"https:\/\/www.zipwall.eu\/fr\/product\/slp-6-pack\/#breadcrumb"},"inLanguage":"fr-FR","potentialAction":[{"@type":"ReadAction","target":["https:\/\/www.zipwall.eu\/fr\/product\/slp-6-pack\/"]}]},{"@type":"ImageObject","inLanguage":"fr-FR","@id":"https:\/\/www.zipwall.eu\/fr\/product\/slp-6-pack\/#primaryimage","url":"https:\/\/www.zipwall.eu\/wp-content\/uploads\/SLP6_RGB_Product.jpg","contentUrl":"https:\/\/www.zipwall.eu\/wp-content\/uploads\/SLP6_RGB_Product.jpg","width":2400,"height":1039},{"@type":"BreadcrumbList","@id":"https:\/\/www.zipwall.eu\/fr\/product\/slp-6-pack\/#breadcrumb","itemListElement":[{"@type":"ListItem","position":1,"name":"Home","item":"https:\/\/www.zipwall.eu\/fr\/"},{"@type":"ListItem","position":2,"name":"Achetez en ligne","item":"https:\/\/www.zipwall.eu\/fr\/shop\/"},{"@type":"ListItem","position":3,"name":"Lot de 6 ZipWall\u00ae 12"}]},{"@type":"WebSite","@id":"https:\/\/www.zipwall.eu\/#website","url":"https:\/\/www.zipwall.eu\/","name":"ZipWall","description":"Dust Barrier System","potentialAction":[{"@type":"SearchAction","target":{"@type":"EntryPoint","urlTemplate":"https:\/\/www.zipwall.eu\/?s={search_term_string}"},"query-input":{"@type":"PropertyValueSpecification","valueRequired":true,"valueName":"search_term_string"}}],"inLanguage":"fr-FR"}]}},"_links":{"self":[{"href":"https:\/\/www.zipwall.eu\/fr\/wp-json\/wp\/v2\/product\/557","targetHints":{"allow":["GET"]}}],"collection":[{"href":"https:\/\/www.zipwall.eu\/fr\/wp-json\/wp\/v2\/product"}],"about":[{"href":"https:\/\/www.zipwall.eu\/fr\/wp-json\/wp\/v2\/types\/product"}],"wp:featuredmedia":[{"embeddable":true,"href":"https:\/\/www.zipwall.eu\/fr\/wp-json\/wp\/v2\/media\/2626"}],"wp:attachment":[{"href":"https:\/\/www.zipwall.eu\/fr\/wp-json\/wp\/v2\/media?parent=557"}],"wp:term":[{"taxonomy":"product_brand","embeddable":true,"href":"https:\/\/www.zipwall.eu\/fr\/wp-json\/wp\/v2\/product_brand?post=557"},{"taxonomy":"product_cat","embeddable":true,"href":"https:\/\/www.zipwall.eu\/fr\/wp-json\/wp\/v2\/product_cat?post=557"},{"taxonomy":"product_tag","embeddable":true,"href":"https:\/\/www.zipwall.eu\/fr\/wp-json\/wp\/v2\/product_tag?post=557"}],"curies":[{"name":"wp","href":"https:\/\/api.w.org\/{rel}","templated":true}]}}