{"id":561,"date":"2015-11-23T12:31:27","date_gmt":"2015-11-23T17:31:27","guid":{"rendered":"http:\/\/www.zipwall.eu\/product\/zippole-2-pack\/?lang=fr"},"modified":"2018-10-04T14:28:47","modified_gmt":"2018-10-04T18:28:47","slug":"zippole-2-pack","status":"publish","type":"product","link":"https:\/\/www.zipwall.eu\/fr\/product\/zippole-2-pack\/","title":{"rendered":"Lot de 2 ZipWall\u00ae 10"},"content":{"rendered":"<p>Le lot de 2 est id\u00e9al pour compl\u00e9ter votre syst\u00e8me de barri\u00e8re antipoussi\u00e8re ZipWall\u00ae. Deux perches peuvent aussi fermer un passage ou une petite pi\u00e8ce de moins de 3,0 m de large.<\/p>\n<p>Le lot de 2 ZipWall\u00ae 10 contient deux perches en acier inoxydable de 3,0 m avec les pi\u00e8ces accessoires (t\u00eates, contre-plaques et antid\u00e9rapants GripDisk\u2122). <em>La feuille plastique n\u2019est pas incluse.<\/em><\/p>\n<p>Poids: 1,8 kg<br \/>\nDimensions\u00a0: 128 cm x 8 cm x 6 cm<\/p>\n","protected":false},"excerpt":{"rendered":"<p>Le lot de 2 est id\u00e9al pour compl\u00e9ter votre syst\u00e8me de barri\u00e8re antipoussi\u00e8re ZipWall\u00ae. Deux perches peuvent aussi fermer un passage ou une petite pi\u00e8ce de moins de 3,0 m de large. Le lot de 2 ZipWall\u00ae 10 contient deux perches en acier inoxydable de 3,0 m avec les pi\u00e8ces accessoires (t\u00eates, contre-plaques et antid\u00e9rapants &hellip; <a href=\"https:\/\/www.zipwall.eu\/fr\/product\/zippole-2-pack\/\" class=\"more-link\">Continuer la lecture de <span class=\"screen-reader-text\">Lot de 2 ZipWall\u00ae 10<\/span> <span class=\"meta-nav\">&rarr;<\/span><\/a><\/p>\n","protected":false},"featured_media":407,"template":"","meta":[],"product_brand":[],"product_cat":[36,39],"product_tag":[],"class_list":{"0":"post-561","1":"product","2":"type-product","3":"status-publish","4":"has-post-thumbnail","6":"product_cat-perches-a-ressort-fr","7":"product_cat-perches-de-30-m-fr","9":"first","10":"instock","11":"taxable","12":"shipping-taxable","13":"purchasable","14":"product-type-simple"},"yoast_head":"<!-- This site is optimized with the Yoast SEO plugin v27.3 - https:\/\/yoast.com\/product\/yoast-seo-wordpress\/ -->\n<title>Lot de 2 ZipWall\u00ae 10 - ZipWall<\/title>\n<meta name=\"robots\" content=\"index, follow, max-snippet:-1, max-image-preview:large, max-video-preview:-1\" \/>\n<link rel=\"canonical\" href=\"https:\/\/www.zipwall.eu\/fr\/product\/zippole-2-pack\/\" \/>\n<meta property=\"og:locale\" content=\"fr_FR\" \/>\n<meta property=\"og:type\" content=\"article\" \/>\n<meta property=\"og:title\" content=\"Lot de 2 ZipWall\u00ae 10 - ZipWall\" \/>\n<meta property=\"og:description\" content=\"Le lot de 2 est id\u00e9al pour compl\u00e9ter votre syst\u00e8me de barri\u00e8re antipoussi\u00e8re ZipWall\u00ae. Deux perches peuvent aussi fermer un passage ou une petite pi\u00e8ce de moins de 3,0 m de large. Le lot de 2 ZipWall\u00ae 10 contient deux perches en acier inoxydable de 3,0 m avec les pi\u00e8ces accessoires (t\u00eates, contre-plaques et antid\u00e9rapants &hellip; Continuer la lecture de Lot de 2 ZipWall\u00ae 10 &rarr;\" \/>\n<meta property=\"og:url\" content=\"https:\/\/www.zipwall.eu\/fr\/product\/zippole-2-pack\/\" \/>\n<meta property=\"og:site_name\" content=\"ZipWall\" \/>\n<meta property=\"article:publisher\" content=\"https:\/\/www.facebook.com\/ZipWall-121135931283666\/\" \/>\n<meta property=\"article:modified_time\" content=\"2018-10-04T18:28:47+00:00\" \/>\n<meta property=\"og:image\" content=\"https:\/\/www.zipwall.eu\/wp-content\/uploads\/ZP2_RGB_Product.jpg\" \/>\n\t<meta property=\"og:image:width\" content=\"2400\" \/>\n\t<meta property=\"og:image:height\" content=\"1339\" \/>\n\t<meta property=\"og:image:type\" content=\"image\/jpeg\" \/>\n<meta name=\"twitter:card\" content=\"summary_large_image\" \/>\n<meta name=\"twitter:site\" content=\"@ZipWall\" \/>\n<script type=\"application\/ld+json\" class=\"yoast-schema-graph\">{\"@context\":\"https:\\\/\\\/schema.org\",\"@graph\":[{\"@type\":\"WebPage\",\"@id\":\"https:\\\/\\\/www.zipwall.eu\\\/fr\\\/product\\\/zippole-2-pack\\\/\",\"url\":\"https:\\\/\\\/www.zipwall.eu\\\/fr\\\/product\\\/zippole-2-pack\\\/\",\"name\":\"Lot de 2 ZipWall\u00ae 10 - ZipWall\",\"isPartOf\":{\"@id\":\"https:\\\/\\\/www.zipwall.eu\\\/#website\"},\"primaryImageOfPage\":{\"@id\":\"https:\\\/\\\/www.zipwall.eu\\\/fr\\\/product\\\/zippole-2-pack\\\/#primaryimage\"},\"image\":{\"@id\":\"https:\\\/\\\/www.zipwall.eu\\\/fr\\\/product\\\/zippole-2-pack\\\/#primaryimage\"},\"thumbnailUrl\":\"https:\\\/\\\/www.zipwall.eu\\\/wp-content\\\/uploads\\\/ZP2_RGB_Product.jpg\",\"datePublished\":\"2015-11-23T17:31:27+00:00\",\"dateModified\":\"2018-10-04T18:28:47+00:00\",\"breadcrumb\":{\"@id\":\"https:\\\/\\\/www.zipwall.eu\\\/fr\\\/product\\\/zippole-2-pack\\\/#breadcrumb\"},\"inLanguage\":\"fr-FR\",\"potentialAction\":[{\"@type\":\"ReadAction\",\"target\":[\"https:\\\/\\\/www.zipwall.eu\\\/fr\\\/product\\\/zippole-2-pack\\\/\"]}]},{\"@type\":\"ImageObject\",\"inLanguage\":\"fr-FR\",\"@id\":\"https:\\\/\\\/www.zipwall.eu\\\/fr\\\/product\\\/zippole-2-pack\\\/#primaryimage\",\"url\":\"https:\\\/\\\/www.zipwall.eu\\\/wp-content\\\/uploads\\\/ZP2_RGB_Product.jpg\",\"contentUrl\":\"https:\\\/\\\/www.zipwall.eu\\\/wp-content\\\/uploads\\\/ZP2_RGB_Product.jpg\",\"width\":2400,\"height\":1339,\"caption\":\"10' Poles\"},{\"@type\":\"BreadcrumbList\",\"@id\":\"https:\\\/\\\/www.zipwall.eu\\\/fr\\\/product\\\/zippole-2-pack\\\/#breadcrumb\",\"itemListElement\":[{\"@type\":\"ListItem\",\"position\":1,\"name\":\"Home\",\"item\":\"https:\\\/\\\/www.zipwall.eu\\\/fr\\\/\"},{\"@type\":\"ListItem\",\"position\":2,\"name\":\"Achetez en ligne\",\"item\":\"https:\\\/\\\/www.zipwall.eu\\\/fr\\\/shop\\\/\"},{\"@type\":\"ListItem\",\"position\":3,\"name\":\"Lot de 2 ZipWall\u00ae 10\"}]},{\"@type\":\"WebSite\",\"@id\":\"https:\\\/\\\/www.zipwall.eu\\\/#website\",\"url\":\"https:\\\/\\\/www.zipwall.eu\\\/\",\"name\":\"ZipWall\",\"description\":\"Dust Barrier System\",\"potentialAction\":[{\"@type\":\"SearchAction\",\"target\":{\"@type\":\"EntryPoint\",\"urlTemplate\":\"https:\\\/\\\/www.zipwall.eu\\\/?s={search_term_string}\"},\"query-input\":{\"@type\":\"PropertyValueSpecification\",\"valueRequired\":true,\"valueName\":\"search_term_string\"}}],\"inLanguage\":\"fr-FR\"}]}<\/script>\n<!-- \/ Yoast SEO plugin. -->","yoast_head_json":{"title":"Lot de 2 ZipWall\u00ae 10 - ZipWall","robots":{"index":"index","follow":"follow","max-snippet":"max-snippet:-1","max-image-preview":"max-image-preview:large","max-video-preview":"max-video-preview:-1"},"canonical":"https:\/\/www.zipwall.eu\/fr\/product\/zippole-2-pack\/","og_locale":"fr_FR","og_type":"article","og_title":"Lot de 2 ZipWall\u00ae 10 - ZipWall","og_description":"Le lot de 2 est id\u00e9al pour compl\u00e9ter votre syst\u00e8me de barri\u00e8re antipoussi\u00e8re ZipWall\u00ae. Deux perches peuvent aussi fermer un passage ou une petite pi\u00e8ce de moins de 3,0 m de large. Le lot de 2 ZipWall\u00ae 10 contient deux perches en acier inoxydable de 3,0 m avec les pi\u00e8ces accessoires (t\u00eates, contre-plaques et antid\u00e9rapants &hellip; Continuer la lecture de Lot de 2 ZipWall\u00ae 10 &rarr;","og_url":"https:\/\/www.zipwall.eu\/fr\/product\/zippole-2-pack\/","og_site_name":"ZipWall","article_publisher":"https:\/\/www.facebook.com\/ZipWall-121135931283666\/","article_modified_time":"2018-10-04T18:28:47+00:00","og_image":[{"width":2400,"height":1339,"url":"https:\/\/www.zipwall.eu\/wp-content\/uploads\/ZP2_RGB_Product.jpg","type":"image\/jpeg"}],"twitter_card":"summary_large_image","twitter_site":"@ZipWall","schema":{"@context":"https:\/\/schema.org","@graph":[{"@type":"WebPage","@id":"https:\/\/www.zipwall.eu\/fr\/product\/zippole-2-pack\/","url":"https:\/\/www.zipwall.eu\/fr\/product\/zippole-2-pack\/","name":"Lot de 2 ZipWall\u00ae 10 - ZipWall","isPartOf":{"@id":"https:\/\/www.zipwall.eu\/#website"},"primaryImageOfPage":{"@id":"https:\/\/www.zipwall.eu\/fr\/product\/zippole-2-pack\/#primaryimage"},"image":{"@id":"https:\/\/www.zipwall.eu\/fr\/product\/zippole-2-pack\/#primaryimage"},"thumbnailUrl":"https:\/\/www.zipwall.eu\/wp-content\/uploads\/ZP2_RGB_Product.jpg","datePublished":"2015-11-23T17:31:27+00:00","dateModified":"2018-10-04T18:28:47+00:00","breadcrumb":{"@id":"https:\/\/www.zipwall.eu\/fr\/product\/zippole-2-pack\/#breadcrumb"},"inLanguage":"fr-FR","potentialAction":[{"@type":"ReadAction","target":["https:\/\/www.zipwall.eu\/fr\/product\/zippole-2-pack\/"]}]},{"@type":"ImageObject","inLanguage":"fr-FR","@id":"https:\/\/www.zipwall.eu\/fr\/product\/zippole-2-pack\/#primaryimage","url":"https:\/\/www.zipwall.eu\/wp-content\/uploads\/ZP2_RGB_Product.jpg","contentUrl":"https:\/\/www.zipwall.eu\/wp-content\/uploads\/ZP2_RGB_Product.jpg","width":2400,"height":1339,"caption":"10' Poles"},{"@type":"BreadcrumbList","@id":"https:\/\/www.zipwall.eu\/fr\/product\/zippole-2-pack\/#breadcrumb","itemListElement":[{"@type":"ListItem","position":1,"name":"Home","item":"https:\/\/www.zipwall.eu\/fr\/"},{"@type":"ListItem","position":2,"name":"Achetez en ligne","item":"https:\/\/www.zipwall.eu\/fr\/shop\/"},{"@type":"ListItem","position":3,"name":"Lot de 2 ZipWall\u00ae 10"}]},{"@type":"WebSite","@id":"https:\/\/www.zipwall.eu\/#website","url":"https:\/\/www.zipwall.eu\/","name":"ZipWall","description":"Dust Barrier System","potentialAction":[{"@type":"SearchAction","target":{"@type":"EntryPoint","urlTemplate":"https:\/\/www.zipwall.eu\/?s={search_term_string}"},"query-input":{"@type":"PropertyValueSpecification","valueRequired":true,"valueName":"search_term_string"}}],"inLanguage":"fr-FR"}]}},"_links":{"self":[{"href":"https:\/\/www.zipwall.eu\/fr\/wp-json\/wp\/v2\/product\/561","targetHints":{"allow":["GET"]}}],"collection":[{"href":"https:\/\/www.zipwall.eu\/fr\/wp-json\/wp\/v2\/product"}],"about":[{"href":"https:\/\/www.zipwall.eu\/fr\/wp-json\/wp\/v2\/types\/product"}],"wp:featuredmedia":[{"embeddable":true,"href":"https:\/\/www.zipwall.eu\/fr\/wp-json\/wp\/v2\/media\/407"}],"wp:attachment":[{"href":"https:\/\/www.zipwall.eu\/fr\/wp-json\/wp\/v2\/media?parent=561"}],"wp:term":[{"taxonomy":"product_brand","embeddable":true,"href":"https:\/\/www.zipwall.eu\/fr\/wp-json\/wp\/v2\/product_brand?post=561"},{"taxonomy":"product_cat","embeddable":true,"href":"https:\/\/www.zipwall.eu\/fr\/wp-json\/wp\/v2\/product_cat?post=561"},{"taxonomy":"product_tag","embeddable":true,"href":"https:\/\/www.zipwall.eu\/fr\/wp-json\/wp\/v2\/product_tag?post=561"}],"curies":[{"name":"wp","href":"https:\/\/api.w.org\/{rel}","templated":true}]}}